{"id":33016,"date":"2026-03-09T10:31:03","date_gmt":"2026-03-09T09:31:03","guid":{"rendered":"https:\/\/www.eveline.hu\/2016\/?post_type=product&#038;p=33016"},"modified":"2026-03-09T10:31:04","modified_gmt":"2026-03-09T09:31:04","slug":"o-my-cherry-hiper-taplalo-kez-es-koromkrem-145ml","status":"publish","type":"product","link":"https:\/\/www.eveline.hu\/2016\/eveline-kozmetikumok-szepsegapolas\/szepsegapolas\/kezapolas\/o-my-cherry-hiper-taplalo-kez-es-koromkrem-145ml\/","title":{"rendered":"O! my cherry hiper t\u00e1pl\u00e1l\u00f3 k\u00e9z- \u00e9s k\u00f6r\u00f6mkr\u00e9m 145ml"},"content":{"rendered":"<p>Ez a kr\u00e9m elengedhetetlen kell\u00e9ke t\u00e1sk\u00e1dnak- ultra hidrat\u00e1l\u00f3 formul\u00e1ja t\u00e1pl\u00e1lja a b\u0151rt \u00e9s er\u0151s\u00edti a k\u00f6rm\u00f6ket, nem is besz\u00e9lve az \u00e9des cseresznye illat\u00e1r\u00f3l.<\/p>\n<p>Egyszerre teszi a b\u0151rt sim\u00e1v\u00e1, rugalmass\u00e1 \u00e9s maxim\u00e1lisan hidrat\u00e1lt\u00e1.<\/p>\n<p>akt\u00edv \u00f6sszetev\u0151i:<\/p>\n<p>-cseresznye kivonat- ragyog\u00f3v\u00e1 tesz \u00e9s \u00e9l\u00e9nk\u00edt,<\/p>\n<p>-shea vaj- nyugtat \u00e9s regener\u00e1l,<\/p>\n<p>&#8211; hialuronsav \u2013turb\u00f3 hidrat\u00e1l\u00e1st biztos\u00edt.<\/p>\n<p>A kr\u00e9m gyorsan felsz\u00edv\u00f3dik, nem ragad.<\/p>\n<p><strong>Alkalmaz\u00e1s<\/strong>: minden k\u00e9zmos\u00e1s ut\u00e1n vigyen fel a k\u00e9zb\u0151rre kis mennyis\u00e9get.<\/p>\n","protected":false},"excerpt":{"rendered":"<p>Ez a kr\u00e9m elengedhetetlen kell\u00e9ke t\u00e1sk\u00e1dnak- ultra hidrat\u00e1l\u00f3 formul\u00e1ja t\u00e1pl\u00e1lja a b\u0151rt \u00e9s er\u0151s\u00edti a k\u00f6rm\u00f6ket, nem is besz\u00e9lve az \u00e9des cseresznye illat\u00e1r\u00f3l. Egyszerre teszi a b\u0151rt sim\u00e1v\u00e1, rugalmass\u00e1 \u00e9s maxim\u00e1lisan hidrat\u00e1lt\u00e1. akt\u00edv \u00f6sszetev\u0151i: -cseresznye kivonat- ragyog\u00f3v\u00e1 tesz \u00e9s \u00e9l\u00e9nk\u00edt, [&hellip;]<\/p>\n","protected":false},"featured_media":33017,"comment_status":"open","ping_status":"closed","template":"","meta":[],"product_cat":[125,128],"product_tag":[],"yoast_head":"<!-- This site is optimized with the Yoast SEO plugin v22.2 - https:\/\/yoast.com\/wordpress\/plugins\/seo\/ -->\n<title>O! my cherry hiper t\u00e1pl\u00e1l\u00f3 k\u00e9z- \u00e9s k\u00f6r\u00f6mkr\u00e9m 145ml - Eveline Cosmetics Magyarorsz\u00e1g<\/title>\n<meta name=\"robots\" content=\"index, follow, max-snippet:-1, max-image-preview:large, max-video-preview:-1\" \/>\n<link rel=\"canonical\" href=\"https:\/\/www.eveline.hu\/2016\/eveline-kozmetikumok-szepsegapolas\/szepsegapolas\/kezapolas\/o-my-cherry-hiper-taplalo-kez-es-koromkrem-145ml\/\" \/>\n<meta property=\"og:locale\" content=\"hu_HU\" \/>\n<meta property=\"og:type\" content=\"article\" \/>\n<meta property=\"og:title\" content=\"O! my cherry hiper t\u00e1pl\u00e1l\u00f3 k\u00e9z- \u00e9s k\u00f6r\u00f6mkr\u00e9m 145ml - Eveline Cosmetics Magyarorsz\u00e1g\" \/>\n<meta property=\"og:description\" content=\"Ez a kr\u00e9m elengedhetetlen kell\u00e9ke t\u00e1sk\u00e1dnak- ultra hidrat\u00e1l\u00f3 formul\u00e1ja t\u00e1pl\u00e1lja a b\u0151rt \u00e9s er\u0151s\u00edti a k\u00f6rm\u00f6ket, nem is besz\u00e9lve az \u00e9des cseresznye illat\u00e1r\u00f3l. Egyszerre teszi a b\u0151rt sim\u00e1v\u00e1, rugalmass\u00e1 \u00e9s maxim\u00e1lisan hidrat\u00e1lt\u00e1. akt\u00edv \u00f6sszetev\u0151i: -cseresznye kivonat- ragyog\u00f3v\u00e1 tesz \u00e9s \u00e9l\u00e9nk\u00edt, [&hellip;]\" \/>\n<meta property=\"og:url\" content=\"https:\/\/www.eveline.hu\/2016\/eveline-kozmetikumok-szepsegapolas\/szepsegapolas\/kezapolas\/o-my-cherry-hiper-taplalo-kez-es-koromkrem-145ml\/\" \/>\n<meta property=\"og:site_name\" content=\"Eveline Cosmetics Magyarorsz\u00e1g\" \/>\n<meta property=\"article:modified_time\" content=\"2026-03-09T09:31:04+00:00\" \/>\n<meta property=\"og:image\" content=\"https:\/\/www.eveline.hu\/2016\/wp-content\/uploads\/2026\/03\/o-my-cherry_145ml_5903416019558-w.png\" \/>\n\t<meta property=\"og:image:width\" content=\"750\" \/>\n\t<meta property=\"og:image:height\" content=\"750\" \/>\n\t<meta property=\"og:image:type\" content=\"image\/png\" \/>\n<meta name=\"twitter:card\" content=\"summary_large_image\" \/>\n<meta name=\"twitter:label1\" content=\"Becs\u00fclt olvas\u00e1si id\u0151\" \/>\n\t<meta name=\"twitter:data1\" content=\"1 perc\" \/>\n<script type=\"application\/ld+json\" class=\"yoast-schema-graph\">{\"@context\":\"https:\/\/schema.org\",\"@graph\":[{\"@type\":\"WebPage\",\"@id\":\"https:\/\/www.eveline.hu\/2016\/eveline-kozmetikumok-szepsegapolas\/szepsegapolas\/kezapolas\/o-my-cherry-hiper-taplalo-kez-es-koromkrem-145ml\/\",\"url\":\"https:\/\/www.eveline.hu\/2016\/eveline-kozmetikumok-szepsegapolas\/szepsegapolas\/kezapolas\/o-my-cherry-hiper-taplalo-kez-es-koromkrem-145ml\/\",\"name\":\"O! my cherry hiper t\u00e1pl\u00e1l\u00f3 k\u00e9z- \u00e9s k\u00f6r\u00f6mkr\u00e9m 145ml - Eveline Cosmetics Magyarorsz\u00e1g\",\"isPartOf\":{\"@id\":\"https:\/\/www.eveline.hu\/2016\/#website\"},\"primaryImageOfPage\":{\"@id\":\"https:\/\/www.eveline.hu\/2016\/eveline-kozmetikumok-szepsegapolas\/szepsegapolas\/kezapolas\/o-my-cherry-hiper-taplalo-kez-es-koromkrem-145ml\/#primaryimage\"},\"image\":{\"@id\":\"https:\/\/www.eveline.hu\/2016\/eveline-kozmetikumok-szepsegapolas\/szepsegapolas\/kezapolas\/o-my-cherry-hiper-taplalo-kez-es-koromkrem-145ml\/#primaryimage\"},\"thumbnailUrl\":\"https:\/\/www.eveline.hu\/2016\/wp-content\/uploads\/2026\/03\/o-my-cherry_145ml_5903416019558-w.png\",\"datePublished\":\"2026-03-09T09:31:03+00:00\",\"dateModified\":\"2026-03-09T09:31:04+00:00\",\"breadcrumb\":{\"@id\":\"https:\/\/www.eveline.hu\/2016\/eveline-kozmetikumok-szepsegapolas\/szepsegapolas\/kezapolas\/o-my-cherry-hiper-taplalo-kez-es-koromkrem-145ml\/#breadcrumb\"},\"inLanguage\":\"hu\",\"potentialAction\":[{\"@type\":\"ReadAction\",\"target\":[\"https:\/\/www.eveline.hu\/2016\/eveline-kozmetikumok-szepsegapolas\/szepsegapolas\/kezapolas\/o-my-cherry-hiper-taplalo-kez-es-koromkrem-145ml\/\"]}]},{\"@type\":\"ImageObject\",\"inLanguage\":\"hu\",\"@id\":\"https:\/\/www.eveline.hu\/2016\/eveline-kozmetikumok-szepsegapolas\/szepsegapolas\/kezapolas\/o-my-cherry-hiper-taplalo-kez-es-koromkrem-145ml\/#primaryimage\",\"url\":\"https:\/\/www.eveline.hu\/2016\/wp-content\/uploads\/2026\/03\/o-my-cherry_145ml_5903416019558-w.png\",\"contentUrl\":\"https:\/\/www.eveline.hu\/2016\/wp-content\/uploads\/2026\/03\/o-my-cherry_145ml_5903416019558-w.png\",\"width\":750,\"height\":750},{\"@type\":\"BreadcrumbList\",\"@id\":\"https:\/\/www.eveline.hu\/2016\/eveline-kozmetikumok-szepsegapolas\/szepsegapolas\/kezapolas\/o-my-cherry-hiper-taplalo-kez-es-koromkrem-145ml\/#breadcrumb\",\"itemListElement\":[{\"@type\":\"ListItem\",\"position\":1,\"name\":\"Home\",\"item\":\"https:\/\/www.eveline.hu\/2016\/\"},{\"@type\":\"ListItem\",\"position\":2,\"name\":\"Term\u00e9kek\",\"item\":\"https:\/\/www.eveline.hu\/2016\/shop\/\"},{\"@type\":\"ListItem\",\"position\":3,\"name\":\"O! my cherry hiper t\u00e1pl\u00e1l\u00f3 k\u00e9z- \u00e9s k\u00f6r\u00f6mkr\u00e9m 145ml\"}]},{\"@type\":\"WebSite\",\"@id\":\"https:\/\/www.eveline.hu\/2016\/#website\",\"url\":\"https:\/\/www.eveline.hu\/2016\/\",\"name\":\"Eveline Cosmetics Magyarorsz\u00e1g\",\"description\":\"Min\u0151s\u00e9gi kozmetikumok Lengyelorsz\u00e1gb\u00f3l\",\"potentialAction\":[{\"@type\":\"SearchAction\",\"target\":{\"@type\":\"EntryPoint\",\"urlTemplate\":\"https:\/\/www.eveline.hu\/2016\/?s={search_term_string}\"},\"query-input\":\"required name=search_term_string\"}],\"inLanguage\":\"hu\"}]}<\/script>\n<!-- \/ Yoast SEO plugin. -->","yoast_head_json":{"title":"O! my cherry hiper t\u00e1pl\u00e1l\u00f3 k\u00e9z- \u00e9s k\u00f6r\u00f6mkr\u00e9m 145ml - Eveline Cosmetics Magyarorsz\u00e1g","robots":{"index":"index","follow":"follow","max-snippet":"max-snippet:-1","max-image-preview":"max-image-preview:large","max-video-preview":"max-video-preview:-1"},"canonical":"https:\/\/www.eveline.hu\/2016\/eveline-kozmetikumok-szepsegapolas\/szepsegapolas\/kezapolas\/o-my-cherry-hiper-taplalo-kez-es-koromkrem-145ml\/","og_locale":"hu_HU","og_type":"article","og_title":"O! my cherry hiper t\u00e1pl\u00e1l\u00f3 k\u00e9z- \u00e9s k\u00f6r\u00f6mkr\u00e9m 145ml - Eveline Cosmetics Magyarorsz\u00e1g","og_description":"Ez a kr\u00e9m elengedhetetlen kell\u00e9ke t\u00e1sk\u00e1dnak- ultra hidrat\u00e1l\u00f3 formul\u00e1ja t\u00e1pl\u00e1lja a b\u0151rt \u00e9s er\u0151s\u00edti a k\u00f6rm\u00f6ket, nem is besz\u00e9lve az \u00e9des cseresznye illat\u00e1r\u00f3l. Egyszerre teszi a b\u0151rt sim\u00e1v\u00e1, rugalmass\u00e1 \u00e9s maxim\u00e1lisan hidrat\u00e1lt\u00e1. akt\u00edv \u00f6sszetev\u0151i: -cseresznye kivonat- ragyog\u00f3v\u00e1 tesz \u00e9s \u00e9l\u00e9nk\u00edt, [&hellip;]","og_url":"https:\/\/www.eveline.hu\/2016\/eveline-kozmetikumok-szepsegapolas\/szepsegapolas\/kezapolas\/o-my-cherry-hiper-taplalo-kez-es-koromkrem-145ml\/","og_site_name":"Eveline Cosmetics Magyarorsz\u00e1g","article_modified_time":"2026-03-09T09:31:04+00:00","og_image":[{"width":750,"height":750,"url":"https:\/\/www.eveline.hu\/2016\/wp-content\/uploads\/2026\/03\/o-my-cherry_145ml_5903416019558-w.png","type":"image\/png"}],"twitter_card":"summary_large_image","twitter_misc":{"Becs\u00fclt olvas\u00e1si id\u0151":"1 perc"},"schema":{"@context":"https:\/\/schema.org","@graph":[{"@type":"WebPage","@id":"https:\/\/www.eveline.hu\/2016\/eveline-kozmetikumok-szepsegapolas\/szepsegapolas\/kezapolas\/o-my-cherry-hiper-taplalo-kez-es-koromkrem-145ml\/","url":"https:\/\/www.eveline.hu\/2016\/eveline-kozmetikumok-szepsegapolas\/szepsegapolas\/kezapolas\/o-my-cherry-hiper-taplalo-kez-es-koromkrem-145ml\/","name":"O! my cherry hiper t\u00e1pl\u00e1l\u00f3 k\u00e9z- \u00e9s k\u00f6r\u00f6mkr\u00e9m 145ml - Eveline Cosmetics Magyarorsz\u00e1g","isPartOf":{"@id":"https:\/\/www.eveline.hu\/2016\/#website"},"primaryImageOfPage":{"@id":"https:\/\/www.eveline.hu\/2016\/eveline-kozmetikumok-szepsegapolas\/szepsegapolas\/kezapolas\/o-my-cherry-hiper-taplalo-kez-es-koromkrem-145ml\/#primaryimage"},"image":{"@id":"https:\/\/www.eveline.hu\/2016\/eveline-kozmetikumok-szepsegapolas\/szepsegapolas\/kezapolas\/o-my-cherry-hiper-taplalo-kez-es-koromkrem-145ml\/#primaryimage"},"thumbnailUrl":"https:\/\/www.eveline.hu\/2016\/wp-content\/uploads\/2026\/03\/o-my-cherry_145ml_5903416019558-w.png","datePublished":"2026-03-09T09:31:03+00:00","dateModified":"2026-03-09T09:31:04+00:00","breadcrumb":{"@id":"https:\/\/www.eveline.hu\/2016\/eveline-kozmetikumok-szepsegapolas\/szepsegapolas\/kezapolas\/o-my-cherry-hiper-taplalo-kez-es-koromkrem-145ml\/#breadcrumb"},"inLanguage":"hu","potentialAction":[{"@type":"ReadAction","target":["https:\/\/www.eveline.hu\/2016\/eveline-kozmetikumok-szepsegapolas\/szepsegapolas\/kezapolas\/o-my-cherry-hiper-taplalo-kez-es-koromkrem-145ml\/"]}]},{"@type":"ImageObject","inLanguage":"hu","@id":"https:\/\/www.eveline.hu\/2016\/eveline-kozmetikumok-szepsegapolas\/szepsegapolas\/kezapolas\/o-my-cherry-hiper-taplalo-kez-es-koromkrem-145ml\/#primaryimage","url":"https:\/\/www.eveline.hu\/2016\/wp-content\/uploads\/2026\/03\/o-my-cherry_145ml_5903416019558-w.png","contentUrl":"https:\/\/www.eveline.hu\/2016\/wp-content\/uploads\/2026\/03\/o-my-cherry_145ml_5903416019558-w.png","width":750,"height":750},{"@type":"BreadcrumbList","@id":"https:\/\/www.eveline.hu\/2016\/eveline-kozmetikumok-szepsegapolas\/szepsegapolas\/kezapolas\/o-my-cherry-hiper-taplalo-kez-es-koromkrem-145ml\/#breadcrumb","itemListElement":[{"@type":"ListItem","position":1,"name":"Home","item":"https:\/\/www.eveline.hu\/2016\/"},{"@type":"ListItem","position":2,"name":"Term\u00e9kek","item":"https:\/\/www.eveline.hu\/2016\/shop\/"},{"@type":"ListItem","position":3,"name":"O! my cherry hiper t\u00e1pl\u00e1l\u00f3 k\u00e9z- \u00e9s k\u00f6r\u00f6mkr\u00e9m 145ml"}]},{"@type":"WebSite","@id":"https:\/\/www.eveline.hu\/2016\/#website","url":"https:\/\/www.eveline.hu\/2016\/","name":"Eveline Cosmetics Magyarorsz\u00e1g","description":"Min\u0151s\u00e9gi kozmetikumok Lengyelorsz\u00e1gb\u00f3l","potentialAction":[{"@type":"SearchAction","target":{"@type":"EntryPoint","urlTemplate":"https:\/\/www.eveline.hu\/2016\/?s={search_term_string}"},"query-input":"required name=search_term_string"}],"inLanguage":"hu"}]}},"_links":{"self":[{"href":"https:\/\/www.eveline.hu\/2016\/wp-json\/wp\/v2\/product\/33016"}],"collection":[{"href":"https:\/\/www.eveline.hu\/2016\/wp-json\/wp\/v2\/product"}],"about":[{"href":"https:\/\/www.eveline.hu\/2016\/wp-json\/wp\/v2\/types\/product"}],"replies":[{"embeddable":true,"href":"https:\/\/www.eveline.hu\/2016\/wp-json\/wp\/v2\/comments?post=33016"}],"wp:featuredmedia":[{"embeddable":true,"href":"https:\/\/www.eveline.hu\/2016\/wp-json\/wp\/v2\/media\/33017"}],"wp:attachment":[{"href":"https:\/\/www.eveline.hu\/2016\/wp-json\/wp\/v2\/media?parent=33016"}],"wp:term":[{"taxonomy":"product_cat","embeddable":true,"href":"https:\/\/www.eveline.hu\/2016\/wp-json\/wp\/v2\/product_cat?post=33016"},{"taxonomy":"product_tag","embeddable":true,"href":"https:\/\/www.eveline.hu\/2016\/wp-json\/wp\/v2\/product_tag?post=33016"}],"curies":[{"name":"wp","href":"https:\/\/api.w.org\/{rel}","templated":true}]}}