{"id":33010,"date":"2026-03-09T07:54:53","date_gmt":"2026-03-09T06:54:53","guid":{"rendered":"https:\/\/www.eveline.hu\/2016\/?post_type=product&#038;p=33010"},"modified":"2026-03-09T07:54:54","modified_gmt":"2026-03-09T06:54:54","slug":"better-than-perfect-hidratalo-sminkalap-30ml","status":"publish","type":"product","link":"https:\/\/www.eveline.hu\/2016\/eveline-kozmetikumok-szepsegapolas\/smink\/arc\/alapozok\/better-than-perfect-hidratalo-sminkalap-30ml\/","title":{"rendered":"BETTER THAN PERFECT Hidrat\u00e1l\u00f3 sminkalap 30ml"},"content":{"rendered":"<p>Az alap meghosszabb\u00edtja a smink tart\u00f3ss\u00e1g\u00e1t, hidrat\u00e1lja \u00e9s regener\u00e1lja a b\u0151rt.<\/p>\n<p>Haszn\u00e1lata ut\u00e1n a b\u0151r kisimul \u00e9s szerkezete kiegyenl\u00edtett\u00e9 v\u00e1lik. T\u00f6k\u00e9letesen g\u00e1tolja a faggy\u00fakiv\u00e1laszt\u00e1st \u00e9s cs\u00f6kkenti a t\u00f6k\u00e9letlens\u00e9gek l\u00e1that\u00f3s\u00e1g\u00e1t. Az \u00e1pol\u00f3 \u00f6sszetev\u0151k, mint a hialuronsav, a C- \u00e9s E-vitamin, a ceramidok \u00e9s a kollag\u00e9n gondoskodnak a megfelel\u0151 hidrat\u00e1l\u00e1sr\u00f3l. A formula regener\u00e1l\u00f3 \u00e9s t\u00e1pl\u00e1l\u00f3 hat\u00e1s\u00fa. Ennek k\u00f6sz\u00f6nhet\u0151en a r\u00e1ncok \u00e9s vonalak kev\u00e9sb\u00e9 lesznek l\u00e1that\u00f3ak.<\/p>\n<p>&nbsp;<\/p>\n","protected":false},"excerpt":{"rendered":"<p>Az alap meghosszabb\u00edtja a smink tart\u00f3ss\u00e1g\u00e1t, hidrat\u00e1lja \u00e9s regener\u00e1lja a b\u0151rt. Haszn\u00e1lata ut\u00e1n a b\u0151r kisimul \u00e9s szerkezete kiegyenl\u00edtett\u00e9 v\u00e1lik. T\u00f6k\u00e9letesen g\u00e1tolja a faggy\u00fakiv\u00e1laszt\u00e1st \u00e9s cs\u00f6kkenti a t\u00f6k\u00e9letlens\u00e9gek l\u00e1that\u00f3s\u00e1g\u00e1t. Az \u00e1pol\u00f3 \u00f6sszetev\u0151k, mint a hialuronsav, a C- \u00e9s E-vitamin, a [&hellip;]<\/p>\n","protected":false},"featured_media":33011,"comment_status":"open","ping_status":"closed","template":"","meta":[],"product_cat":[130,131,140],"product_tag":[],"yoast_head":"<!-- This site is optimized with the Yoast SEO plugin v22.2 - https:\/\/yoast.com\/wordpress\/plugins\/seo\/ -->\n<title>BETTER THAN PERFECT Hidrat\u00e1l\u00f3 sminkalap 30ml - Eveline Cosmetics Magyarorsz\u00e1g<\/title>\n<meta name=\"robots\" content=\"index, follow, max-snippet:-1, max-image-preview:large, max-video-preview:-1\" \/>\n<link rel=\"canonical\" href=\"https:\/\/www.eveline.hu\/2016\/eveline-kozmetikumok-szepsegapolas\/smink\/arc\/alapozok\/better-than-perfect-hidratalo-sminkalap-30ml\/\" \/>\n<meta property=\"og:locale\" content=\"hu_HU\" \/>\n<meta property=\"og:type\" content=\"article\" \/>\n<meta property=\"og:title\" content=\"BETTER THAN PERFECT Hidrat\u00e1l\u00f3 sminkalap 30ml - Eveline Cosmetics Magyarorsz\u00e1g\" \/>\n<meta property=\"og:description\" content=\"Az alap meghosszabb\u00edtja a smink tart\u00f3ss\u00e1g\u00e1t, hidrat\u00e1lja \u00e9s regener\u00e1lja a b\u0151rt. Haszn\u00e1lata ut\u00e1n a b\u0151r kisimul \u00e9s szerkezete kiegyenl\u00edtett\u00e9 v\u00e1lik. T\u00f6k\u00e9letesen g\u00e1tolja a faggy\u00fakiv\u00e1laszt\u00e1st \u00e9s cs\u00f6kkenti a t\u00f6k\u00e9letlens\u00e9gek l\u00e1that\u00f3s\u00e1g\u00e1t. Az \u00e1pol\u00f3 \u00f6sszetev\u0151k, mint a hialuronsav, a C- \u00e9s E-vitamin, a [&hellip;]\" \/>\n<meta property=\"og:url\" content=\"https:\/\/www.eveline.hu\/2016\/eveline-kozmetikumok-szepsegapolas\/smink\/arc\/alapozok\/better-than-perfect-hidratalo-sminkalap-30ml\/\" \/>\n<meta property=\"og:site_name\" content=\"Eveline Cosmetics Magyarorsz\u00e1g\" \/>\n<meta property=\"article:modified_time\" content=\"2026-03-09T06:54:54+00:00\" \/>\n<meta property=\"og:image\" content=\"https:\/\/www.eveline.hu\/2016\/wp-content\/uploads\/2026\/03\/5903416059219_BETTER-THAN-PERFECT-MAKE-UP-PRIMER-w.png\" \/>\n\t<meta property=\"og:image:width\" content=\"750\" \/>\n\t<meta property=\"og:image:height\" content=\"750\" \/>\n\t<meta property=\"og:image:type\" content=\"image\/png\" \/>\n<meta name=\"twitter:card\" content=\"summary_large_image\" \/>\n<meta name=\"twitter:label1\" content=\"Becs\u00fclt olvas\u00e1si id\u0151\" \/>\n\t<meta name=\"twitter:data1\" content=\"1 perc\" \/>\n<script type=\"application\/ld+json\" class=\"yoast-schema-graph\">{\"@context\":\"https:\/\/schema.org\",\"@graph\":[{\"@type\":\"WebPage\",\"@id\":\"https:\/\/www.eveline.hu\/2016\/eveline-kozmetikumok-szepsegapolas\/smink\/arc\/alapozok\/better-than-perfect-hidratalo-sminkalap-30ml\/\",\"url\":\"https:\/\/www.eveline.hu\/2016\/eveline-kozmetikumok-szepsegapolas\/smink\/arc\/alapozok\/better-than-perfect-hidratalo-sminkalap-30ml\/\",\"name\":\"BETTER THAN PERFECT Hidrat\u00e1l\u00f3 sminkalap 30ml - Eveline Cosmetics Magyarorsz\u00e1g\",\"isPartOf\":{\"@id\":\"https:\/\/www.eveline.hu\/2016\/#website\"},\"primaryImageOfPage\":{\"@id\":\"https:\/\/www.eveline.hu\/2016\/eveline-kozmetikumok-szepsegapolas\/smink\/arc\/alapozok\/better-than-perfect-hidratalo-sminkalap-30ml\/#primaryimage\"},\"image\":{\"@id\":\"https:\/\/www.eveline.hu\/2016\/eveline-kozmetikumok-szepsegapolas\/smink\/arc\/alapozok\/better-than-perfect-hidratalo-sminkalap-30ml\/#primaryimage\"},\"thumbnailUrl\":\"https:\/\/www.eveline.hu\/2016\/wp-content\/uploads\/2026\/03\/5903416059219_BETTER-THAN-PERFECT-MAKE-UP-PRIMER-w.png\",\"datePublished\":\"2026-03-09T06:54:53+00:00\",\"dateModified\":\"2026-03-09T06:54:54+00:00\",\"breadcrumb\":{\"@id\":\"https:\/\/www.eveline.hu\/2016\/eveline-kozmetikumok-szepsegapolas\/smink\/arc\/alapozok\/better-than-perfect-hidratalo-sminkalap-30ml\/#breadcrumb\"},\"inLanguage\":\"hu\",\"potentialAction\":[{\"@type\":\"ReadAction\",\"target\":[\"https:\/\/www.eveline.hu\/2016\/eveline-kozmetikumok-szepsegapolas\/smink\/arc\/alapozok\/better-than-perfect-hidratalo-sminkalap-30ml\/\"]}]},{\"@type\":\"ImageObject\",\"inLanguage\":\"hu\",\"@id\":\"https:\/\/www.eveline.hu\/2016\/eveline-kozmetikumok-szepsegapolas\/smink\/arc\/alapozok\/better-than-perfect-hidratalo-sminkalap-30ml\/#primaryimage\",\"url\":\"https:\/\/www.eveline.hu\/2016\/wp-content\/uploads\/2026\/03\/5903416059219_BETTER-THAN-PERFECT-MAKE-UP-PRIMER-w.png\",\"contentUrl\":\"https:\/\/www.eveline.hu\/2016\/wp-content\/uploads\/2026\/03\/5903416059219_BETTER-THAN-PERFECT-MAKE-UP-PRIMER-w.png\",\"width\":750,\"height\":750},{\"@type\":\"BreadcrumbList\",\"@id\":\"https:\/\/www.eveline.hu\/2016\/eveline-kozmetikumok-szepsegapolas\/smink\/arc\/alapozok\/better-than-perfect-hidratalo-sminkalap-30ml\/#breadcrumb\",\"itemListElement\":[{\"@type\":\"ListItem\",\"position\":1,\"name\":\"Home\",\"item\":\"https:\/\/www.eveline.hu\/2016\/\"},{\"@type\":\"ListItem\",\"position\":2,\"name\":\"Term\u00e9kek\",\"item\":\"https:\/\/www.eveline.hu\/2016\/shop\/\"},{\"@type\":\"ListItem\",\"position\":3,\"name\":\"BETTER THAN PERFECT Hidrat\u00e1l\u00f3 sminkalap 30ml\"}]},{\"@type\":\"WebSite\",\"@id\":\"https:\/\/www.eveline.hu\/2016\/#website\",\"url\":\"https:\/\/www.eveline.hu\/2016\/\",\"name\":\"Eveline Cosmetics Magyarorsz\u00e1g\",\"description\":\"Min\u0151s\u00e9gi kozmetikumok Lengyelorsz\u00e1gb\u00f3l\",\"potentialAction\":[{\"@type\":\"SearchAction\",\"target\":{\"@type\":\"EntryPoint\",\"urlTemplate\":\"https:\/\/www.eveline.hu\/2016\/?s={search_term_string}\"},\"query-input\":\"required name=search_term_string\"}],\"inLanguage\":\"hu\"}]}<\/script>\n<!-- \/ Yoast SEO plugin. -->","yoast_head_json":{"title":"BETTER THAN PERFECT Hidrat\u00e1l\u00f3 sminkalap 30ml - Eveline Cosmetics Magyarorsz\u00e1g","robots":{"index":"index","follow":"follow","max-snippet":"max-snippet:-1","max-image-preview":"max-image-preview:large","max-video-preview":"max-video-preview:-1"},"canonical":"https:\/\/www.eveline.hu\/2016\/eveline-kozmetikumok-szepsegapolas\/smink\/arc\/alapozok\/better-than-perfect-hidratalo-sminkalap-30ml\/","og_locale":"hu_HU","og_type":"article","og_title":"BETTER THAN PERFECT Hidrat\u00e1l\u00f3 sminkalap 30ml - Eveline Cosmetics Magyarorsz\u00e1g","og_description":"Az alap meghosszabb\u00edtja a smink tart\u00f3ss\u00e1g\u00e1t, hidrat\u00e1lja \u00e9s regener\u00e1lja a b\u0151rt. Haszn\u00e1lata ut\u00e1n a b\u0151r kisimul \u00e9s szerkezete kiegyenl\u00edtett\u00e9 v\u00e1lik. T\u00f6k\u00e9letesen g\u00e1tolja a faggy\u00fakiv\u00e1laszt\u00e1st \u00e9s cs\u00f6kkenti a t\u00f6k\u00e9letlens\u00e9gek l\u00e1that\u00f3s\u00e1g\u00e1t. Az \u00e1pol\u00f3 \u00f6sszetev\u0151k, mint a hialuronsav, a C- \u00e9s E-vitamin, a [&hellip;]","og_url":"https:\/\/www.eveline.hu\/2016\/eveline-kozmetikumok-szepsegapolas\/smink\/arc\/alapozok\/better-than-perfect-hidratalo-sminkalap-30ml\/","og_site_name":"Eveline Cosmetics Magyarorsz\u00e1g","article_modified_time":"2026-03-09T06:54:54+00:00","og_image":[{"width":750,"height":750,"url":"https:\/\/www.eveline.hu\/2016\/wp-content\/uploads\/2026\/03\/5903416059219_BETTER-THAN-PERFECT-MAKE-UP-PRIMER-w.png","type":"image\/png"}],"twitter_card":"summary_large_image","twitter_misc":{"Becs\u00fclt olvas\u00e1si id\u0151":"1 perc"},"schema":{"@context":"https:\/\/schema.org","@graph":[{"@type":"WebPage","@id":"https:\/\/www.eveline.hu\/2016\/eveline-kozmetikumok-szepsegapolas\/smink\/arc\/alapozok\/better-than-perfect-hidratalo-sminkalap-30ml\/","url":"https:\/\/www.eveline.hu\/2016\/eveline-kozmetikumok-szepsegapolas\/smink\/arc\/alapozok\/better-than-perfect-hidratalo-sminkalap-30ml\/","name":"BETTER THAN PERFECT Hidrat\u00e1l\u00f3 sminkalap 30ml - Eveline Cosmetics Magyarorsz\u00e1g","isPartOf":{"@id":"https:\/\/www.eveline.hu\/2016\/#website"},"primaryImageOfPage":{"@id":"https:\/\/www.eveline.hu\/2016\/eveline-kozmetikumok-szepsegapolas\/smink\/arc\/alapozok\/better-than-perfect-hidratalo-sminkalap-30ml\/#primaryimage"},"image":{"@id":"https:\/\/www.eveline.hu\/2016\/eveline-kozmetikumok-szepsegapolas\/smink\/arc\/alapozok\/better-than-perfect-hidratalo-sminkalap-30ml\/#primaryimage"},"thumbnailUrl":"https:\/\/www.eveline.hu\/2016\/wp-content\/uploads\/2026\/03\/5903416059219_BETTER-THAN-PERFECT-MAKE-UP-PRIMER-w.png","datePublished":"2026-03-09T06:54:53+00:00","dateModified":"2026-03-09T06:54:54+00:00","breadcrumb":{"@id":"https:\/\/www.eveline.hu\/2016\/eveline-kozmetikumok-szepsegapolas\/smink\/arc\/alapozok\/better-than-perfect-hidratalo-sminkalap-30ml\/#breadcrumb"},"inLanguage":"hu","potentialAction":[{"@type":"ReadAction","target":["https:\/\/www.eveline.hu\/2016\/eveline-kozmetikumok-szepsegapolas\/smink\/arc\/alapozok\/better-than-perfect-hidratalo-sminkalap-30ml\/"]}]},{"@type":"ImageObject","inLanguage":"hu","@id":"https:\/\/www.eveline.hu\/2016\/eveline-kozmetikumok-szepsegapolas\/smink\/arc\/alapozok\/better-than-perfect-hidratalo-sminkalap-30ml\/#primaryimage","url":"https:\/\/www.eveline.hu\/2016\/wp-content\/uploads\/2026\/03\/5903416059219_BETTER-THAN-PERFECT-MAKE-UP-PRIMER-w.png","contentUrl":"https:\/\/www.eveline.hu\/2016\/wp-content\/uploads\/2026\/03\/5903416059219_BETTER-THAN-PERFECT-MAKE-UP-PRIMER-w.png","width":750,"height":750},{"@type":"BreadcrumbList","@id":"https:\/\/www.eveline.hu\/2016\/eveline-kozmetikumok-szepsegapolas\/smink\/arc\/alapozok\/better-than-perfect-hidratalo-sminkalap-30ml\/#breadcrumb","itemListElement":[{"@type":"ListItem","position":1,"name":"Home","item":"https:\/\/www.eveline.hu\/2016\/"},{"@type":"ListItem","position":2,"name":"Term\u00e9kek","item":"https:\/\/www.eveline.hu\/2016\/shop\/"},{"@type":"ListItem","position":3,"name":"BETTER THAN PERFECT Hidrat\u00e1l\u00f3 sminkalap 30ml"}]},{"@type":"WebSite","@id":"https:\/\/www.eveline.hu\/2016\/#website","url":"https:\/\/www.eveline.hu\/2016\/","name":"Eveline Cosmetics Magyarorsz\u00e1g","description":"Min\u0151s\u00e9gi kozmetikumok Lengyelorsz\u00e1gb\u00f3l","potentialAction":[{"@type":"SearchAction","target":{"@type":"EntryPoint","urlTemplate":"https:\/\/www.eveline.hu\/2016\/?s={search_term_string}"},"query-input":"required name=search_term_string"}],"inLanguage":"hu"}]}},"_links":{"self":[{"href":"https:\/\/www.eveline.hu\/2016\/wp-json\/wp\/v2\/product\/33010"}],"collection":[{"href":"https:\/\/www.eveline.hu\/2016\/wp-json\/wp\/v2\/product"}],"about":[{"href":"https:\/\/www.eveline.hu\/2016\/wp-json\/wp\/v2\/types\/product"}],"replies":[{"embeddable":true,"href":"https:\/\/www.eveline.hu\/2016\/wp-json\/wp\/v2\/comments?post=33010"}],"wp:featuredmedia":[{"embeddable":true,"href":"https:\/\/www.eveline.hu\/2016\/wp-json\/wp\/v2\/media\/33011"}],"wp:attachment":[{"href":"https:\/\/www.eveline.hu\/2016\/wp-json\/wp\/v2\/media?parent=33010"}],"wp:term":[{"taxonomy":"product_cat","embeddable":true,"href":"https:\/\/www.eveline.hu\/2016\/wp-json\/wp\/v2\/product_cat?post=33010"},{"taxonomy":"product_tag","embeddable":true,"href":"https:\/\/www.eveline.hu\/2016\/wp-json\/wp\/v2\/product_tag?post=33010"}],"curies":[{"name":"wp","href":"https:\/\/api.w.org\/{rel}","templated":true}]}}