{"id":32776,"date":"2026-01-03T20:59:19","date_gmt":"2026-01-03T19:59:19","guid":{"rendered":"https:\/\/www.eveline.hu\/2016\/?post_type=product&#038;p=32776"},"modified":"2026-01-03T20:59:21","modified_gmt":"2026-01-03T19:59:21","slug":"better-than-perfect-alapozo-06-sunny-beige-30ml","status":"publish","type":"product","link":"https:\/\/www.eveline.hu\/2016\/eveline-kozmetikumok-szepsegapolas\/smink\/arc\/alapozok\/better-than-perfect-alapozo-06-sunny-beige-30ml\/","title":{"rendered":"BETTER THAN PERFECT ALAPOZ\u00d3 06 SUNNY BEIGE 30ML"},"content":{"rendered":"<p>A Better Than Perfect alapoz\u00f3 t\u00f6k\u00e9letes hidrat\u00e1l\u00e1st \u00e9s a ragyog\u00f3 b\u0151r term\u00e9szetes hat\u00e1s\u00e1t biztos\u00edtja. Olyan innovat\u00edv hat\u00f3anyagokat tartalmaz, mint a HIALURONSAV, N\u00d6V\u00c9NYI KOLLAG\u00c9N, melyek m\u00e9lyen hidrat\u00e1lj\u00e1k \u00e9s regener\u00e1lj\u00e1k a b\u0151rt, a term\u00e9szetes SZKVAL\u00c1N pedig biztos\u00edtja annak puhas\u00e1g\u00e1t \u00e9s rugalmass\u00e1g\u00e1t.<\/p>\n","protected":false},"excerpt":{"rendered":"<p>A Better Than Perfect alapoz\u00f3 t\u00f6k\u00e9letes hidrat\u00e1l\u00e1st \u00e9s a ragyog\u00f3 b\u0151r term\u00e9szetes hat\u00e1s\u00e1t biztos\u00edtja. Olyan innovat\u00edv hat\u00f3anyagokat tartalmaz, mint a HIALURONSAV, N\u00d6V\u00c9NYI KOLLAG\u00c9N, melyek m\u00e9lyen hidrat\u00e1lj\u00e1k \u00e9s regener\u00e1lj\u00e1k a b\u0151rt, a term\u00e9szetes SZKVAL\u00c1N pedig biztos\u00edtja annak puhas\u00e1g\u00e1t \u00e9s rugalmass\u00e1g\u00e1t.<\/p>\n","protected":false},"featured_media":32777,"comment_status":"open","ping_status":"closed","template":"","meta":[],"product_cat":[130,131,140],"product_tag":[],"yoast_head":"<!-- This site is optimized with the Yoast SEO plugin v22.2 - https:\/\/yoast.com\/wordpress\/plugins\/seo\/ -->\n<title>BETTER THAN PERFECT ALAPOZ\u00d3 06 SUNNY BEIGE 30ML - Eveline Cosmetics Magyarorsz\u00e1g<\/title>\n<meta name=\"robots\" content=\"index, follow, max-snippet:-1, max-image-preview:large, max-video-preview:-1\" \/>\n<link rel=\"canonical\" href=\"https:\/\/www.eveline.hu\/2016\/eveline-kozmetikumok-szepsegapolas\/smink\/arc\/alapozok\/better-than-perfect-alapozo-06-sunny-beige-30ml\/\" \/>\n<meta property=\"og:locale\" content=\"hu_HU\" \/>\n<meta property=\"og:type\" content=\"article\" \/>\n<meta property=\"og:title\" content=\"BETTER THAN PERFECT ALAPOZ\u00d3 06 SUNNY BEIGE 30ML - Eveline Cosmetics Magyarorsz\u00e1g\" \/>\n<meta property=\"og:description\" content=\"A Better Than Perfect alapoz\u00f3 t\u00f6k\u00e9letes hidrat\u00e1l\u00e1st \u00e9s a ragyog\u00f3 b\u0151r term\u00e9szetes hat\u00e1s\u00e1t biztos\u00edtja. Olyan innovat\u00edv hat\u00f3anyagokat tartalmaz, mint a HIALURONSAV, N\u00d6V\u00c9NYI KOLLAG\u00c9N, melyek m\u00e9lyen hidrat\u00e1lj\u00e1k \u00e9s regener\u00e1lj\u00e1k a b\u0151rt, a term\u00e9szetes SZKVAL\u00c1N pedig biztos\u00edtja annak puhas\u00e1g\u00e1t \u00e9s rugalmass\u00e1g\u00e1t.\" \/>\n<meta property=\"og:url\" content=\"https:\/\/www.eveline.hu\/2016\/eveline-kozmetikumok-szepsegapolas\/smink\/arc\/alapozok\/better-than-perfect-alapozo-06-sunny-beige-30ml\/\" \/>\n<meta property=\"og:site_name\" content=\"Eveline Cosmetics Magyarorsz\u00e1g\" \/>\n<meta property=\"article:modified_time\" content=\"2026-01-03T19:59:21+00:00\" \/>\n<meta property=\"og:image\" content=\"https:\/\/www.eveline.hu\/2016\/wp-content\/uploads\/2026\/01\/Better-Than-alapozo-6.png\" \/>\n\t<meta property=\"og:image:width\" content=\"750\" \/>\n\t<meta property=\"og:image:height\" content=\"750\" \/>\n\t<meta property=\"og:image:type\" content=\"image\/png\" \/>\n<meta name=\"twitter:card\" content=\"summary_large_image\" \/>\n<meta name=\"twitter:label1\" content=\"Becs\u00fclt olvas\u00e1si id\u0151\" \/>\n\t<meta name=\"twitter:data1\" content=\"1 perc\" \/>\n<script type=\"application\/ld+json\" class=\"yoast-schema-graph\">{\"@context\":\"https:\/\/schema.org\",\"@graph\":[{\"@type\":\"WebPage\",\"@id\":\"https:\/\/www.eveline.hu\/2016\/eveline-kozmetikumok-szepsegapolas\/smink\/arc\/alapozok\/better-than-perfect-alapozo-06-sunny-beige-30ml\/\",\"url\":\"https:\/\/www.eveline.hu\/2016\/eveline-kozmetikumok-szepsegapolas\/smink\/arc\/alapozok\/better-than-perfect-alapozo-06-sunny-beige-30ml\/\",\"name\":\"BETTER THAN PERFECT ALAPOZ\u00d3 06 SUNNY BEIGE 30ML - Eveline Cosmetics Magyarorsz\u00e1g\",\"isPartOf\":{\"@id\":\"https:\/\/www.eveline.hu\/2016\/#website\"},\"primaryImageOfPage\":{\"@id\":\"https:\/\/www.eveline.hu\/2016\/eveline-kozmetikumok-szepsegapolas\/smink\/arc\/alapozok\/better-than-perfect-alapozo-06-sunny-beige-30ml\/#primaryimage\"},\"image\":{\"@id\":\"https:\/\/www.eveline.hu\/2016\/eveline-kozmetikumok-szepsegapolas\/smink\/arc\/alapozok\/better-than-perfect-alapozo-06-sunny-beige-30ml\/#primaryimage\"},\"thumbnailUrl\":\"https:\/\/www.eveline.hu\/2016\/wp-content\/uploads\/2026\/01\/Better-Than-alapozo-6.png\",\"datePublished\":\"2026-01-03T19:59:19+00:00\",\"dateModified\":\"2026-01-03T19:59:21+00:00\",\"breadcrumb\":{\"@id\":\"https:\/\/www.eveline.hu\/2016\/eveline-kozmetikumok-szepsegapolas\/smink\/arc\/alapozok\/better-than-perfect-alapozo-06-sunny-beige-30ml\/#breadcrumb\"},\"inLanguage\":\"hu\",\"potentialAction\":[{\"@type\":\"ReadAction\",\"target\":[\"https:\/\/www.eveline.hu\/2016\/eveline-kozmetikumok-szepsegapolas\/smink\/arc\/alapozok\/better-than-perfect-alapozo-06-sunny-beige-30ml\/\"]}]},{\"@type\":\"ImageObject\",\"inLanguage\":\"hu\",\"@id\":\"https:\/\/www.eveline.hu\/2016\/eveline-kozmetikumok-szepsegapolas\/smink\/arc\/alapozok\/better-than-perfect-alapozo-06-sunny-beige-30ml\/#primaryimage\",\"url\":\"https:\/\/www.eveline.hu\/2016\/wp-content\/uploads\/2026\/01\/Better-Than-alapozo-6.png\",\"contentUrl\":\"https:\/\/www.eveline.hu\/2016\/wp-content\/uploads\/2026\/01\/Better-Than-alapozo-6.png\",\"width\":750,\"height\":750},{\"@type\":\"BreadcrumbList\",\"@id\":\"https:\/\/www.eveline.hu\/2016\/eveline-kozmetikumok-szepsegapolas\/smink\/arc\/alapozok\/better-than-perfect-alapozo-06-sunny-beige-30ml\/#breadcrumb\",\"itemListElement\":[{\"@type\":\"ListItem\",\"position\":1,\"name\":\"Home\",\"item\":\"https:\/\/www.eveline.hu\/2016\/\"},{\"@type\":\"ListItem\",\"position\":2,\"name\":\"Term\u00e9kek\",\"item\":\"https:\/\/www.eveline.hu\/2016\/shop\/\"},{\"@type\":\"ListItem\",\"position\":3,\"name\":\"BETTER THAN PERFECT ALAPOZ\u00d3 06 SUNNY BEIGE 30ML\"}]},{\"@type\":\"WebSite\",\"@id\":\"https:\/\/www.eveline.hu\/2016\/#website\",\"url\":\"https:\/\/www.eveline.hu\/2016\/\",\"name\":\"Eveline Cosmetics Magyarorsz\u00e1g\",\"description\":\"Min\u0151s\u00e9gi kozmetikumok Lengyelorsz\u00e1gb\u00f3l\",\"potentialAction\":[{\"@type\":\"SearchAction\",\"target\":{\"@type\":\"EntryPoint\",\"urlTemplate\":\"https:\/\/www.eveline.hu\/2016\/?s={search_term_string}\"},\"query-input\":\"required name=search_term_string\"}],\"inLanguage\":\"hu\"}]}<\/script>\n<!-- \/ Yoast SEO plugin. -->","yoast_head_json":{"title":"BETTER THAN PERFECT ALAPOZ\u00d3 06 SUNNY BEIGE 30ML - Eveline Cosmetics Magyarorsz\u00e1g","robots":{"index":"index","follow":"follow","max-snippet":"max-snippet:-1","max-image-preview":"max-image-preview:large","max-video-preview":"max-video-preview:-1"},"canonical":"https:\/\/www.eveline.hu\/2016\/eveline-kozmetikumok-szepsegapolas\/smink\/arc\/alapozok\/better-than-perfect-alapozo-06-sunny-beige-30ml\/","og_locale":"hu_HU","og_type":"article","og_title":"BETTER THAN PERFECT ALAPOZ\u00d3 06 SUNNY BEIGE 30ML - Eveline Cosmetics Magyarorsz\u00e1g","og_description":"A Better Than Perfect alapoz\u00f3 t\u00f6k\u00e9letes hidrat\u00e1l\u00e1st \u00e9s a ragyog\u00f3 b\u0151r term\u00e9szetes hat\u00e1s\u00e1t biztos\u00edtja. Olyan innovat\u00edv hat\u00f3anyagokat tartalmaz, mint a HIALURONSAV, N\u00d6V\u00c9NYI KOLLAG\u00c9N, melyek m\u00e9lyen hidrat\u00e1lj\u00e1k \u00e9s regener\u00e1lj\u00e1k a b\u0151rt, a term\u00e9szetes SZKVAL\u00c1N pedig biztos\u00edtja annak puhas\u00e1g\u00e1t \u00e9s rugalmass\u00e1g\u00e1t.","og_url":"https:\/\/www.eveline.hu\/2016\/eveline-kozmetikumok-szepsegapolas\/smink\/arc\/alapozok\/better-than-perfect-alapozo-06-sunny-beige-30ml\/","og_site_name":"Eveline Cosmetics Magyarorsz\u00e1g","article_modified_time":"2026-01-03T19:59:21+00:00","og_image":[{"width":750,"height":750,"url":"https:\/\/www.eveline.hu\/2016\/wp-content\/uploads\/2026\/01\/Better-Than-alapozo-6.png","type":"image\/png"}],"twitter_card":"summary_large_image","twitter_misc":{"Becs\u00fclt olvas\u00e1si id\u0151":"1 perc"},"schema":{"@context":"https:\/\/schema.org","@graph":[{"@type":"WebPage","@id":"https:\/\/www.eveline.hu\/2016\/eveline-kozmetikumok-szepsegapolas\/smink\/arc\/alapozok\/better-than-perfect-alapozo-06-sunny-beige-30ml\/","url":"https:\/\/www.eveline.hu\/2016\/eveline-kozmetikumok-szepsegapolas\/smink\/arc\/alapozok\/better-than-perfect-alapozo-06-sunny-beige-30ml\/","name":"BETTER THAN PERFECT ALAPOZ\u00d3 06 SUNNY BEIGE 30ML - Eveline Cosmetics Magyarorsz\u00e1g","isPartOf":{"@id":"https:\/\/www.eveline.hu\/2016\/#website"},"primaryImageOfPage":{"@id":"https:\/\/www.eveline.hu\/2016\/eveline-kozmetikumok-szepsegapolas\/smink\/arc\/alapozok\/better-than-perfect-alapozo-06-sunny-beige-30ml\/#primaryimage"},"image":{"@id":"https:\/\/www.eveline.hu\/2016\/eveline-kozmetikumok-szepsegapolas\/smink\/arc\/alapozok\/better-than-perfect-alapozo-06-sunny-beige-30ml\/#primaryimage"},"thumbnailUrl":"https:\/\/www.eveline.hu\/2016\/wp-content\/uploads\/2026\/01\/Better-Than-alapozo-6.png","datePublished":"2026-01-03T19:59:19+00:00","dateModified":"2026-01-03T19:59:21+00:00","breadcrumb":{"@id":"https:\/\/www.eveline.hu\/2016\/eveline-kozmetikumok-szepsegapolas\/smink\/arc\/alapozok\/better-than-perfect-alapozo-06-sunny-beige-30ml\/#breadcrumb"},"inLanguage":"hu","potentialAction":[{"@type":"ReadAction","target":["https:\/\/www.eveline.hu\/2016\/eveline-kozmetikumok-szepsegapolas\/smink\/arc\/alapozok\/better-than-perfect-alapozo-06-sunny-beige-30ml\/"]}]},{"@type":"ImageObject","inLanguage":"hu","@id":"https:\/\/www.eveline.hu\/2016\/eveline-kozmetikumok-szepsegapolas\/smink\/arc\/alapozok\/better-than-perfect-alapozo-06-sunny-beige-30ml\/#primaryimage","url":"https:\/\/www.eveline.hu\/2016\/wp-content\/uploads\/2026\/01\/Better-Than-alapozo-6.png","contentUrl":"https:\/\/www.eveline.hu\/2016\/wp-content\/uploads\/2026\/01\/Better-Than-alapozo-6.png","width":750,"height":750},{"@type":"BreadcrumbList","@id":"https:\/\/www.eveline.hu\/2016\/eveline-kozmetikumok-szepsegapolas\/smink\/arc\/alapozok\/better-than-perfect-alapozo-06-sunny-beige-30ml\/#breadcrumb","itemListElement":[{"@type":"ListItem","position":1,"name":"Home","item":"https:\/\/www.eveline.hu\/2016\/"},{"@type":"ListItem","position":2,"name":"Term\u00e9kek","item":"https:\/\/www.eveline.hu\/2016\/shop\/"},{"@type":"ListItem","position":3,"name":"BETTER THAN PERFECT ALAPOZ\u00d3 06 SUNNY BEIGE 30ML"}]},{"@type":"WebSite","@id":"https:\/\/www.eveline.hu\/2016\/#website","url":"https:\/\/www.eveline.hu\/2016\/","name":"Eveline Cosmetics Magyarorsz\u00e1g","description":"Min\u0151s\u00e9gi kozmetikumok Lengyelorsz\u00e1gb\u00f3l","potentialAction":[{"@type":"SearchAction","target":{"@type":"EntryPoint","urlTemplate":"https:\/\/www.eveline.hu\/2016\/?s={search_term_string}"},"query-input":"required name=search_term_string"}],"inLanguage":"hu"}]}},"_links":{"self":[{"href":"https:\/\/www.eveline.hu\/2016\/wp-json\/wp\/v2\/product\/32776"}],"collection":[{"href":"https:\/\/www.eveline.hu\/2016\/wp-json\/wp\/v2\/product"}],"about":[{"href":"https:\/\/www.eveline.hu\/2016\/wp-json\/wp\/v2\/types\/product"}],"replies":[{"embeddable":true,"href":"https:\/\/www.eveline.hu\/2016\/wp-json\/wp\/v2\/comments?post=32776"}],"wp:featuredmedia":[{"embeddable":true,"href":"https:\/\/www.eveline.hu\/2016\/wp-json\/wp\/v2\/media\/32777"}],"wp:attachment":[{"href":"https:\/\/www.eveline.hu\/2016\/wp-json\/wp\/v2\/media?parent=32776"}],"wp:term":[{"taxonomy":"product_cat","embeddable":true,"href":"https:\/\/www.eveline.hu\/2016\/wp-json\/wp\/v2\/product_cat?post=32776"},{"taxonomy":"product_tag","embeddable":true,"href":"https:\/\/www.eveline.hu\/2016\/wp-json\/wp\/v2\/product_tag?post=32776"}],"curies":[{"name":"wp","href":"https:\/\/api.w.org\/{rel}","templated":true}]}}