{"id":32738,"date":"2026-01-02T18:35:04","date_gmt":"2026-01-02T17:35:04","guid":{"rendered":"https:\/\/www.eveline.hu\/2016\/?post_type=product&#038;p=32738"},"modified":"2026-02-28T11:26:39","modified_gmt":"2026-02-28T10:26:39","slug":"wonder-match-matt-folyekony-ruzs-05-sweet-nude-68ml","status":"publish","type":"product","link":"https:\/\/www.eveline.hu\/2016\/eveline-kozmetikumok-szepsegapolas\/smink\/szaj\/ruzsok\/wonder-match-matt-folyekony-ruzs-05-sweet-nude-68ml\/","title":{"rendered":"WONDER MATCH MATT FOLY\u00c9KONY R\u00daZS 05 SWEET NUDE 6,8ML"},"content":{"rendered":"<p>Hosszan tart\u00f3 foly\u00e9kony r\u00fazs, amely matt hat\u00e1st biztos\u00edt az ajkakon, r\u00e1ad\u00e1sul t\u00e1pl\u00e1lja is azokat.\u00a0T\u00f6bb \u00f3r\u00e1n \u00e1t tart elken\u0151d\u00e9s n\u00e9lk\u00fcl. Er\u0151sen pigment\u00e1lt \u00e9s matt fel\u00fcletet k\u00f6lcs\u00f6n\u00f6z az ajkaknak.\u00a0Cs\u00f3k\u00e1ll\u00f3 formul\u00e1val &#8211; nem t\u00fckr\u00f6z\u0151dik \u00e9s v\u00edz\u00e1ll\u00f3. A formul\u00e1t hialuronsavval, szkval\u00e1nnal \u00e9s kollag\u00e9nnel gazdag\u00edtott\u00e1k, amelyek rendk\u00edv\u00fcli k\u00e9nyelmet \u00e9s hidrat\u00e1lts\u00e1g\u00e9rzetet biztos\u00edtanak az ajkaknak.<\/p>\n","protected":false},"excerpt":{"rendered":"<p>Hosszan tart\u00f3 foly\u00e9kony r\u00fazs, amely matt hat\u00e1st biztos\u00edt az ajkakon, r\u00e1ad\u00e1sul t\u00e1pl\u00e1lja is azokat.\u00a0T\u00f6bb \u00f3r\u00e1n \u00e1t tart elken\u0151d\u00e9s n\u00e9lk\u00fcl. Er\u0151sen pigment\u00e1lt \u00e9s matt fel\u00fcletet k\u00f6lcs\u00f6n\u00f6z az ajkaknak.\u00a0Cs\u00f3k\u00e1ll\u00f3 formul\u00e1val &#8211; nem t\u00fckr\u00f6z\u0151dik \u00e9s v\u00edz\u00e1ll\u00f3. A formul\u00e1t hialuronsavval, szkval\u00e1nnal \u00e9s kollag\u00e9nnel gazdag\u00edtott\u00e1k, [&hellip;]<\/p>\n","protected":false},"featured_media":32739,"comment_status":"open","ping_status":"closed","template":"","meta":[],"product_cat":[130,152,153],"product_tag":[],"yoast_head":"<!-- This site is optimized with the Yoast SEO plugin v22.2 - https:\/\/yoast.com\/wordpress\/plugins\/seo\/ -->\n<title>WONDER MATCH MATT FOLY\u00c9KONY R\u00daZS 05 SWEET NUDE 6,8ML - Eveline Cosmetics Magyarorsz\u00e1g<\/title>\n<meta name=\"robots\" content=\"index, follow, max-snippet:-1, max-image-preview:large, max-video-preview:-1\" \/>\n<link rel=\"canonical\" href=\"https:\/\/www.eveline.hu\/2016\/eveline-kozmetikumok-szepsegapolas\/smink\/szaj\/ruzsok\/wonder-match-matt-folyekony-ruzs-05-sweet-nude-68ml\/\" \/>\n<meta property=\"og:locale\" content=\"hu_HU\" \/>\n<meta property=\"og:type\" content=\"article\" \/>\n<meta property=\"og:title\" content=\"WONDER MATCH MATT FOLY\u00c9KONY R\u00daZS 05 SWEET NUDE 6,8ML - Eveline Cosmetics Magyarorsz\u00e1g\" \/>\n<meta property=\"og:description\" content=\"Hosszan tart\u00f3 foly\u00e9kony r\u00fazs, amely matt hat\u00e1st biztos\u00edt az ajkakon, r\u00e1ad\u00e1sul t\u00e1pl\u00e1lja is azokat.\u00a0T\u00f6bb \u00f3r\u00e1n \u00e1t tart elken\u0151d\u00e9s n\u00e9lk\u00fcl. Er\u0151sen pigment\u00e1lt \u00e9s matt fel\u00fcletet k\u00f6lcs\u00f6n\u00f6z az ajkaknak.\u00a0Cs\u00f3k\u00e1ll\u00f3 formul\u00e1val &#8211; nem t\u00fckr\u00f6z\u0151dik \u00e9s v\u00edz\u00e1ll\u00f3. A formul\u00e1t hialuronsavval, szkval\u00e1nnal \u00e9s kollag\u00e9nnel gazdag\u00edtott\u00e1k, [&hellip;]\" \/>\n<meta property=\"og:url\" content=\"https:\/\/www.eveline.hu\/2016\/eveline-kozmetikumok-szepsegapolas\/smink\/szaj\/ruzsok\/wonder-match-matt-folyekony-ruzs-05-sweet-nude-68ml\/\" \/>\n<meta property=\"og:site_name\" content=\"Eveline Cosmetics Magyarorsz\u00e1g\" \/>\n<meta property=\"article:modified_time\" content=\"2026-02-28T10:26:39+00:00\" \/>\n<meta property=\"og:image\" content=\"https:\/\/www.eveline.hu\/2016\/wp-content\/uploads\/2026\/01\/Wonder-Match-foly-ruzs-05.png\" \/>\n\t<meta property=\"og:image:width\" content=\"750\" \/>\n\t<meta property=\"og:image:height\" content=\"750\" \/>\n\t<meta property=\"og:image:type\" content=\"image\/png\" \/>\n<meta name=\"twitter:card\" content=\"summary_large_image\" \/>\n<meta name=\"twitter:label1\" content=\"Becs\u00fclt olvas\u00e1si id\u0151\" \/>\n\t<meta name=\"twitter:data1\" content=\"1 perc\" \/>\n<script type=\"application\/ld+json\" class=\"yoast-schema-graph\">{\"@context\":\"https:\/\/schema.org\",\"@graph\":[{\"@type\":\"WebPage\",\"@id\":\"https:\/\/www.eveline.hu\/2016\/eveline-kozmetikumok-szepsegapolas\/smink\/szaj\/ruzsok\/wonder-match-matt-folyekony-ruzs-05-sweet-nude-68ml\/\",\"url\":\"https:\/\/www.eveline.hu\/2016\/eveline-kozmetikumok-szepsegapolas\/smink\/szaj\/ruzsok\/wonder-match-matt-folyekony-ruzs-05-sweet-nude-68ml\/\",\"name\":\"WONDER MATCH MATT FOLY\u00c9KONY R\u00daZS 05 SWEET NUDE 6,8ML - Eveline Cosmetics Magyarorsz\u00e1g\",\"isPartOf\":{\"@id\":\"https:\/\/www.eveline.hu\/2016\/#website\"},\"primaryImageOfPage\":{\"@id\":\"https:\/\/www.eveline.hu\/2016\/eveline-kozmetikumok-szepsegapolas\/smink\/szaj\/ruzsok\/wonder-match-matt-folyekony-ruzs-05-sweet-nude-68ml\/#primaryimage\"},\"image\":{\"@id\":\"https:\/\/www.eveline.hu\/2016\/eveline-kozmetikumok-szepsegapolas\/smink\/szaj\/ruzsok\/wonder-match-matt-folyekony-ruzs-05-sweet-nude-68ml\/#primaryimage\"},\"thumbnailUrl\":\"https:\/\/www.eveline.hu\/2016\/wp-content\/uploads\/2026\/01\/Wonder-Match-foly-ruzs-05.png\",\"datePublished\":\"2026-01-02T17:35:04+00:00\",\"dateModified\":\"2026-02-28T10:26:39+00:00\",\"breadcrumb\":{\"@id\":\"https:\/\/www.eveline.hu\/2016\/eveline-kozmetikumok-szepsegapolas\/smink\/szaj\/ruzsok\/wonder-match-matt-folyekony-ruzs-05-sweet-nude-68ml\/#breadcrumb\"},\"inLanguage\":\"hu\",\"potentialAction\":[{\"@type\":\"ReadAction\",\"target\":[\"https:\/\/www.eveline.hu\/2016\/eveline-kozmetikumok-szepsegapolas\/smink\/szaj\/ruzsok\/wonder-match-matt-folyekony-ruzs-05-sweet-nude-68ml\/\"]}]},{\"@type\":\"ImageObject\",\"inLanguage\":\"hu\",\"@id\":\"https:\/\/www.eveline.hu\/2016\/eveline-kozmetikumok-szepsegapolas\/smink\/szaj\/ruzsok\/wonder-match-matt-folyekony-ruzs-05-sweet-nude-68ml\/#primaryimage\",\"url\":\"https:\/\/www.eveline.hu\/2016\/wp-content\/uploads\/2026\/01\/Wonder-Match-foly-ruzs-05.png\",\"contentUrl\":\"https:\/\/www.eveline.hu\/2016\/wp-content\/uploads\/2026\/01\/Wonder-Match-foly-ruzs-05.png\",\"width\":750,\"height\":750},{\"@type\":\"BreadcrumbList\",\"@id\":\"https:\/\/www.eveline.hu\/2016\/eveline-kozmetikumok-szepsegapolas\/smink\/szaj\/ruzsok\/wonder-match-matt-folyekony-ruzs-05-sweet-nude-68ml\/#breadcrumb\",\"itemListElement\":[{\"@type\":\"ListItem\",\"position\":1,\"name\":\"Home\",\"item\":\"https:\/\/www.eveline.hu\/2016\/\"},{\"@type\":\"ListItem\",\"position\":2,\"name\":\"Term\u00e9kek\",\"item\":\"https:\/\/www.eveline.hu\/2016\/shop\/\"},{\"@type\":\"ListItem\",\"position\":3,\"name\":\"WONDER MATCH MATT FOLY\u00c9KONY R\u00daZS 05 SWEET NUDE 6,8ML\"}]},{\"@type\":\"WebSite\",\"@id\":\"https:\/\/www.eveline.hu\/2016\/#website\",\"url\":\"https:\/\/www.eveline.hu\/2016\/\",\"name\":\"Eveline Cosmetics Magyarorsz\u00e1g\",\"description\":\"Min\u0151s\u00e9gi kozmetikumok Lengyelorsz\u00e1gb\u00f3l\",\"potentialAction\":[{\"@type\":\"SearchAction\",\"target\":{\"@type\":\"EntryPoint\",\"urlTemplate\":\"https:\/\/www.eveline.hu\/2016\/?s={search_term_string}\"},\"query-input\":\"required name=search_term_string\"}],\"inLanguage\":\"hu\"}]}<\/script>\n<!-- \/ Yoast SEO plugin. -->","yoast_head_json":{"title":"WONDER MATCH MATT FOLY\u00c9KONY R\u00daZS 05 SWEET NUDE 6,8ML - Eveline Cosmetics Magyarorsz\u00e1g","robots":{"index":"index","follow":"follow","max-snippet":"max-snippet:-1","max-image-preview":"max-image-preview:large","max-video-preview":"max-video-preview:-1"},"canonical":"https:\/\/www.eveline.hu\/2016\/eveline-kozmetikumok-szepsegapolas\/smink\/szaj\/ruzsok\/wonder-match-matt-folyekony-ruzs-05-sweet-nude-68ml\/","og_locale":"hu_HU","og_type":"article","og_title":"WONDER MATCH MATT FOLY\u00c9KONY R\u00daZS 05 SWEET NUDE 6,8ML - Eveline Cosmetics Magyarorsz\u00e1g","og_description":"Hosszan tart\u00f3 foly\u00e9kony r\u00fazs, amely matt hat\u00e1st biztos\u00edt az ajkakon, r\u00e1ad\u00e1sul t\u00e1pl\u00e1lja is azokat.\u00a0T\u00f6bb \u00f3r\u00e1n \u00e1t tart elken\u0151d\u00e9s n\u00e9lk\u00fcl. Er\u0151sen pigment\u00e1lt \u00e9s matt fel\u00fcletet k\u00f6lcs\u00f6n\u00f6z az ajkaknak.\u00a0Cs\u00f3k\u00e1ll\u00f3 formul\u00e1val &#8211; nem t\u00fckr\u00f6z\u0151dik \u00e9s v\u00edz\u00e1ll\u00f3. A formul\u00e1t hialuronsavval, szkval\u00e1nnal \u00e9s kollag\u00e9nnel gazdag\u00edtott\u00e1k, [&hellip;]","og_url":"https:\/\/www.eveline.hu\/2016\/eveline-kozmetikumok-szepsegapolas\/smink\/szaj\/ruzsok\/wonder-match-matt-folyekony-ruzs-05-sweet-nude-68ml\/","og_site_name":"Eveline Cosmetics Magyarorsz\u00e1g","article_modified_time":"2026-02-28T10:26:39+00:00","og_image":[{"width":750,"height":750,"url":"https:\/\/www.eveline.hu\/2016\/wp-content\/uploads\/2026\/01\/Wonder-Match-foly-ruzs-05.png","type":"image\/png"}],"twitter_card":"summary_large_image","twitter_misc":{"Becs\u00fclt olvas\u00e1si id\u0151":"1 perc"},"schema":{"@context":"https:\/\/schema.org","@graph":[{"@type":"WebPage","@id":"https:\/\/www.eveline.hu\/2016\/eveline-kozmetikumok-szepsegapolas\/smink\/szaj\/ruzsok\/wonder-match-matt-folyekony-ruzs-05-sweet-nude-68ml\/","url":"https:\/\/www.eveline.hu\/2016\/eveline-kozmetikumok-szepsegapolas\/smink\/szaj\/ruzsok\/wonder-match-matt-folyekony-ruzs-05-sweet-nude-68ml\/","name":"WONDER MATCH MATT FOLY\u00c9KONY R\u00daZS 05 SWEET NUDE 6,8ML - Eveline Cosmetics Magyarorsz\u00e1g","isPartOf":{"@id":"https:\/\/www.eveline.hu\/2016\/#website"},"primaryImageOfPage":{"@id":"https:\/\/www.eveline.hu\/2016\/eveline-kozmetikumok-szepsegapolas\/smink\/szaj\/ruzsok\/wonder-match-matt-folyekony-ruzs-05-sweet-nude-68ml\/#primaryimage"},"image":{"@id":"https:\/\/www.eveline.hu\/2016\/eveline-kozmetikumok-szepsegapolas\/smink\/szaj\/ruzsok\/wonder-match-matt-folyekony-ruzs-05-sweet-nude-68ml\/#primaryimage"},"thumbnailUrl":"https:\/\/www.eveline.hu\/2016\/wp-content\/uploads\/2026\/01\/Wonder-Match-foly-ruzs-05.png","datePublished":"2026-01-02T17:35:04+00:00","dateModified":"2026-02-28T10:26:39+00:00","breadcrumb":{"@id":"https:\/\/www.eveline.hu\/2016\/eveline-kozmetikumok-szepsegapolas\/smink\/szaj\/ruzsok\/wonder-match-matt-folyekony-ruzs-05-sweet-nude-68ml\/#breadcrumb"},"inLanguage":"hu","potentialAction":[{"@type":"ReadAction","target":["https:\/\/www.eveline.hu\/2016\/eveline-kozmetikumok-szepsegapolas\/smink\/szaj\/ruzsok\/wonder-match-matt-folyekony-ruzs-05-sweet-nude-68ml\/"]}]},{"@type":"ImageObject","inLanguage":"hu","@id":"https:\/\/www.eveline.hu\/2016\/eveline-kozmetikumok-szepsegapolas\/smink\/szaj\/ruzsok\/wonder-match-matt-folyekony-ruzs-05-sweet-nude-68ml\/#primaryimage","url":"https:\/\/www.eveline.hu\/2016\/wp-content\/uploads\/2026\/01\/Wonder-Match-foly-ruzs-05.png","contentUrl":"https:\/\/www.eveline.hu\/2016\/wp-content\/uploads\/2026\/01\/Wonder-Match-foly-ruzs-05.png","width":750,"height":750},{"@type":"BreadcrumbList","@id":"https:\/\/www.eveline.hu\/2016\/eveline-kozmetikumok-szepsegapolas\/smink\/szaj\/ruzsok\/wonder-match-matt-folyekony-ruzs-05-sweet-nude-68ml\/#breadcrumb","itemListElement":[{"@type":"ListItem","position":1,"name":"Home","item":"https:\/\/www.eveline.hu\/2016\/"},{"@type":"ListItem","position":2,"name":"Term\u00e9kek","item":"https:\/\/www.eveline.hu\/2016\/shop\/"},{"@type":"ListItem","position":3,"name":"WONDER MATCH MATT FOLY\u00c9KONY R\u00daZS 05 SWEET NUDE 6,8ML"}]},{"@type":"WebSite","@id":"https:\/\/www.eveline.hu\/2016\/#website","url":"https:\/\/www.eveline.hu\/2016\/","name":"Eveline Cosmetics Magyarorsz\u00e1g","description":"Min\u0151s\u00e9gi kozmetikumok Lengyelorsz\u00e1gb\u00f3l","potentialAction":[{"@type":"SearchAction","target":{"@type":"EntryPoint","urlTemplate":"https:\/\/www.eveline.hu\/2016\/?s={search_term_string}"},"query-input":"required name=search_term_string"}],"inLanguage":"hu"}]}},"_links":{"self":[{"href":"https:\/\/www.eveline.hu\/2016\/wp-json\/wp\/v2\/product\/32738"}],"collection":[{"href":"https:\/\/www.eveline.hu\/2016\/wp-json\/wp\/v2\/product"}],"about":[{"href":"https:\/\/www.eveline.hu\/2016\/wp-json\/wp\/v2\/types\/product"}],"replies":[{"embeddable":true,"href":"https:\/\/www.eveline.hu\/2016\/wp-json\/wp\/v2\/comments?post=32738"}],"wp:featuredmedia":[{"embeddable":true,"href":"https:\/\/www.eveline.hu\/2016\/wp-json\/wp\/v2\/media\/32739"}],"wp:attachment":[{"href":"https:\/\/www.eveline.hu\/2016\/wp-json\/wp\/v2\/media?parent=32738"}],"wp:term":[{"taxonomy":"product_cat","embeddable":true,"href":"https:\/\/www.eveline.hu\/2016\/wp-json\/wp\/v2\/product_cat?post=32738"},{"taxonomy":"product_tag","embeddable":true,"href":"https:\/\/www.eveline.hu\/2016\/wp-json\/wp\/v2\/product_tag?post=32738"}],"curies":[{"name":"wp","href":"https:\/\/api.w.org\/{rel}","templated":true}]}}