{"id":32484,"date":"2025-10-16T10:47:40","date_gmt":"2025-10-16T08:47:40","guid":{"rendered":"https:\/\/www.eveline.hu\/2016\/?post_type=product&#038;p=32484"},"modified":"2025-10-16T10:48:20","modified_gmt":"2025-10-16T08:48:20","slug":"cica-skin-hidratalo-es-taplalo-krem-30ml","status":"publish","type":"product","link":"https:\/\/www.eveline.hu\/2016\/eveline-kozmetikumok-szepsegapolas\/termekcsaladok\/cica-skin\/cica-skin-hidratalo-es-taplalo-krem-30ml\/","title":{"rendered":"CICA Skin Hidrat\u00e1l\u00f3 \u00e9s T\u00e1pl\u00e1l\u00f3 Kr\u00e9m 30ml"},"content":{"rendered":"<p>A CICA a b\u0151r sz\u00e1m\u00e1ra \u00e9rt\u00e9kes \u00f6sszetev\u0151k forr\u00e1sa, amelyek megnyugtatj\u00e1k, t\u00e1pl\u00e1lj\u00e1k \u00e9s helyre\u00e1ll\u00edtj\u00e1k az egyens\u00falyt. A CICA SKIN sorozat 4 f\u00e9le CICA innovat\u00edv kombin\u00e1ci\u00f3j\u00e1n alapul, a centella asiatica n\u00f6v\u00e9nyb\u0151l kivont \u00f6sszetev\u0151k, hat\u00e9kony helyre\u00e1ll\u00edt\u00f3 \u00e9s nyugtat\u00f3 tulajdons\u00e1gokkal: \u00a0<strong>CICA exosomes<\/strong> \u2013 intenz\u00edven t\u00e1pl\u00e1lj\u00e1k \u00e9s el\u0151seg\u00edtik a hat\u00f3anyagok m\u00e9lyen a b\u0151rbe val\u00f3 behatol\u00e1s\u00e1t.<\/p>\n<p><strong>CICA bio ferment<\/strong> &#8211; t\u00e1mogatja a b\u0151r mikrobiomj\u00e1t.<\/p>\n<p><strong>CICA extract<\/strong> &#8211; er\u0151sen \u00e9s tart\u00f3san hidrat\u00e1l.<\/p>\n<p><strong>Madecassoside <\/strong>&#8211; seg\u00edt cs\u00f6kkenteni a b\u0151rp\u00edrt \u00e9s az irrit\u00e1ci\u00f3 t\u00fcneteit.<\/p>\n<p>A kr\u00e9m egy nyugtat\u00f3 elix\u00edr sz\u00e1raz, dehidrat\u00e1lt \u00e9s irrit\u00e1lt b\u0151rre. Megsz\u00fcnteti a kellemetlen \u00e9rz\u00e9st, azonnali megk\u00f6nnyebb\u00fcl\u00e9st hozva. A 4 f\u00e9le CICA kombin\u00e1ci\u00f3j\u00e1nak, az 5 n\u00f6veked\u00e9si faktorral (EGF\/IGF-1\/b-FGF\/VEGF\/aFGF) \u00e9s trehal\u00f3zzal d\u00fas\u00edtott \u00f6sszet\u00e9tel\u00e9nek k\u00f6sz\u00f6nhet\u0151en, intenz\u00edven regener\u00e1l, m\u00e9lyen hidrat\u00e1l \u00e9s csillap\u00edtja a b\u0151rp\u00edrt.<\/p>\n<p><strong>Alkalmaz\u00e1s<\/strong>: Kenjen egy kis mennyis\u00e9get az arcra, majd k\u00f6rk\u00f6r\u00f6s mozdulatokkal massz\u00edrozza be.<\/p>\n","protected":false},"excerpt":{"rendered":"<p>A CICA a b\u0151r sz\u00e1m\u00e1ra \u00e9rt\u00e9kes \u00f6sszetev\u0151k forr\u00e1sa, amelyek megnyugtatj\u00e1k, t\u00e1pl\u00e1lj\u00e1k \u00e9s helyre\u00e1ll\u00edtj\u00e1k az egyens\u00falyt. A CICA SKIN sorozat 4 f\u00e9le CICA innovat\u00edv kombin\u00e1ci\u00f3j\u00e1n alapul, a centella asiatica n\u00f6v\u00e9nyb\u0151l kivont \u00f6sszetev\u0151k, hat\u00e9kony helyre\u00e1ll\u00edt\u00f3 \u00e9s nyugtat\u00f3 tulajdons\u00e1gokkal: \u00a0CICA exosomes \u2013 intenz\u00edven [&hellip;]<\/p>\n","protected":false},"featured_media":32485,"comment_status":"open","ping_status":"closed","template":"","meta":[],"product_cat":[308,80],"product_tag":[],"yoast_head":"<!-- This site is optimized with the Yoast SEO plugin v22.2 - https:\/\/yoast.com\/wordpress\/plugins\/seo\/ -->\n<title>CICA Skin Hidrat\u00e1l\u00f3 \u00e9s T\u00e1pl\u00e1l\u00f3 Kr\u00e9m 30ml - Eveline Cosmetics Magyarorsz\u00e1g<\/title>\n<meta name=\"robots\" content=\"index, follow, max-snippet:-1, max-image-preview:large, max-video-preview:-1\" \/>\n<link rel=\"canonical\" href=\"https:\/\/www.eveline.hu\/2016\/eveline-kozmetikumok-szepsegapolas\/termekcsaladok\/cica-skin\/cica-skin-hidratalo-es-taplalo-krem-30ml\/\" \/>\n<meta property=\"og:locale\" content=\"hu_HU\" \/>\n<meta property=\"og:type\" content=\"article\" \/>\n<meta property=\"og:title\" content=\"CICA Skin Hidrat\u00e1l\u00f3 \u00e9s T\u00e1pl\u00e1l\u00f3 Kr\u00e9m 30ml - Eveline Cosmetics Magyarorsz\u00e1g\" \/>\n<meta property=\"og:description\" content=\"A CICA a b\u0151r sz\u00e1m\u00e1ra \u00e9rt\u00e9kes \u00f6sszetev\u0151k forr\u00e1sa, amelyek megnyugtatj\u00e1k, t\u00e1pl\u00e1lj\u00e1k \u00e9s helyre\u00e1ll\u00edtj\u00e1k az egyens\u00falyt. A CICA SKIN sorozat 4 f\u00e9le CICA innovat\u00edv kombin\u00e1ci\u00f3j\u00e1n alapul, a centella asiatica n\u00f6v\u00e9nyb\u0151l kivont \u00f6sszetev\u0151k, hat\u00e9kony helyre\u00e1ll\u00edt\u00f3 \u00e9s nyugtat\u00f3 tulajdons\u00e1gokkal: \u00a0CICA exosomes \u2013 intenz\u00edven [&hellip;]\" \/>\n<meta property=\"og:url\" content=\"https:\/\/www.eveline.hu\/2016\/eveline-kozmetikumok-szepsegapolas\/termekcsaladok\/cica-skin\/cica-skin-hidratalo-es-taplalo-krem-30ml\/\" \/>\n<meta property=\"og:site_name\" content=\"Eveline Cosmetics Magyarorsz\u00e1g\" \/>\n<meta property=\"article:modified_time\" content=\"2025-10-16T08:48:20+00:00\" \/>\n<meta property=\"og:image\" content=\"https:\/\/www.eveline.hu\/2016\/wp-content\/uploads\/2025\/10\/5903416073833-CICA-SKIN-LIGHT-MOISTURIZING-AND-NOURISHING-CREAM-30ML-w.png\" \/>\n\t<meta property=\"og:image:width\" content=\"750\" \/>\n\t<meta property=\"og:image:height\" content=\"750\" \/>\n\t<meta property=\"og:image:type\" content=\"image\/png\" \/>\n<meta name=\"twitter:card\" content=\"summary_large_image\" \/>\n<meta name=\"twitter:label1\" content=\"Becs\u00fclt olvas\u00e1si id\u0151\" \/>\n\t<meta name=\"twitter:data1\" content=\"1 perc\" \/>\n<script type=\"application\/ld+json\" class=\"yoast-schema-graph\">{\"@context\":\"https:\/\/schema.org\",\"@graph\":[{\"@type\":\"WebPage\",\"@id\":\"https:\/\/www.eveline.hu\/2016\/eveline-kozmetikumok-szepsegapolas\/termekcsaladok\/cica-skin\/cica-skin-hidratalo-es-taplalo-krem-30ml\/\",\"url\":\"https:\/\/www.eveline.hu\/2016\/eveline-kozmetikumok-szepsegapolas\/termekcsaladok\/cica-skin\/cica-skin-hidratalo-es-taplalo-krem-30ml\/\",\"name\":\"CICA Skin Hidrat\u00e1l\u00f3 \u00e9s T\u00e1pl\u00e1l\u00f3 Kr\u00e9m 30ml - Eveline Cosmetics Magyarorsz\u00e1g\",\"isPartOf\":{\"@id\":\"https:\/\/www.eveline.hu\/2016\/#website\"},\"primaryImageOfPage\":{\"@id\":\"https:\/\/www.eveline.hu\/2016\/eveline-kozmetikumok-szepsegapolas\/termekcsaladok\/cica-skin\/cica-skin-hidratalo-es-taplalo-krem-30ml\/#primaryimage\"},\"image\":{\"@id\":\"https:\/\/www.eveline.hu\/2016\/eveline-kozmetikumok-szepsegapolas\/termekcsaladok\/cica-skin\/cica-skin-hidratalo-es-taplalo-krem-30ml\/#primaryimage\"},\"thumbnailUrl\":\"https:\/\/www.eveline.hu\/2016\/wp-content\/uploads\/2025\/10\/5903416073833-CICA-SKIN-LIGHT-MOISTURIZING-AND-NOURISHING-CREAM-30ML-w.png\",\"datePublished\":\"2025-10-16T08:47:40+00:00\",\"dateModified\":\"2025-10-16T08:48:20+00:00\",\"breadcrumb\":{\"@id\":\"https:\/\/www.eveline.hu\/2016\/eveline-kozmetikumok-szepsegapolas\/termekcsaladok\/cica-skin\/cica-skin-hidratalo-es-taplalo-krem-30ml\/#breadcrumb\"},\"inLanguage\":\"hu\",\"potentialAction\":[{\"@type\":\"ReadAction\",\"target\":[\"https:\/\/www.eveline.hu\/2016\/eveline-kozmetikumok-szepsegapolas\/termekcsaladok\/cica-skin\/cica-skin-hidratalo-es-taplalo-krem-30ml\/\"]}]},{\"@type\":\"ImageObject\",\"inLanguage\":\"hu\",\"@id\":\"https:\/\/www.eveline.hu\/2016\/eveline-kozmetikumok-szepsegapolas\/termekcsaladok\/cica-skin\/cica-skin-hidratalo-es-taplalo-krem-30ml\/#primaryimage\",\"url\":\"https:\/\/www.eveline.hu\/2016\/wp-content\/uploads\/2025\/10\/5903416073833-CICA-SKIN-LIGHT-MOISTURIZING-AND-NOURISHING-CREAM-30ML-w.png\",\"contentUrl\":\"https:\/\/www.eveline.hu\/2016\/wp-content\/uploads\/2025\/10\/5903416073833-CICA-SKIN-LIGHT-MOISTURIZING-AND-NOURISHING-CREAM-30ML-w.png\",\"width\":750,\"height\":750},{\"@type\":\"BreadcrumbList\",\"@id\":\"https:\/\/www.eveline.hu\/2016\/eveline-kozmetikumok-szepsegapolas\/termekcsaladok\/cica-skin\/cica-skin-hidratalo-es-taplalo-krem-30ml\/#breadcrumb\",\"itemListElement\":[{\"@type\":\"ListItem\",\"position\":1,\"name\":\"Home\",\"item\":\"https:\/\/www.eveline.hu\/2016\/\"},{\"@type\":\"ListItem\",\"position\":2,\"name\":\"Term\u00e9kek\",\"item\":\"https:\/\/www.eveline.hu\/2016\/shop\/\"},{\"@type\":\"ListItem\",\"position\":3,\"name\":\"CICA Skin Hidrat\u00e1l\u00f3 \u00e9s T\u00e1pl\u00e1l\u00f3 Kr\u00e9m 30ml\"}]},{\"@type\":\"WebSite\",\"@id\":\"https:\/\/www.eveline.hu\/2016\/#website\",\"url\":\"https:\/\/www.eveline.hu\/2016\/\",\"name\":\"Eveline Cosmetics Magyarorsz\u00e1g\",\"description\":\"Min\u0151s\u00e9gi kozmetikumok Lengyelorsz\u00e1gb\u00f3l\",\"potentialAction\":[{\"@type\":\"SearchAction\",\"target\":{\"@type\":\"EntryPoint\",\"urlTemplate\":\"https:\/\/www.eveline.hu\/2016\/?s={search_term_string}\"},\"query-input\":\"required name=search_term_string\"}],\"inLanguage\":\"hu\"}]}<\/script>\n<!-- \/ Yoast SEO plugin. -->","yoast_head_json":{"title":"CICA Skin Hidrat\u00e1l\u00f3 \u00e9s T\u00e1pl\u00e1l\u00f3 Kr\u00e9m 30ml - Eveline Cosmetics Magyarorsz\u00e1g","robots":{"index":"index","follow":"follow","max-snippet":"max-snippet:-1","max-image-preview":"max-image-preview:large","max-video-preview":"max-video-preview:-1"},"canonical":"https:\/\/www.eveline.hu\/2016\/eveline-kozmetikumok-szepsegapolas\/termekcsaladok\/cica-skin\/cica-skin-hidratalo-es-taplalo-krem-30ml\/","og_locale":"hu_HU","og_type":"article","og_title":"CICA Skin Hidrat\u00e1l\u00f3 \u00e9s T\u00e1pl\u00e1l\u00f3 Kr\u00e9m 30ml - Eveline Cosmetics Magyarorsz\u00e1g","og_description":"A CICA a b\u0151r sz\u00e1m\u00e1ra \u00e9rt\u00e9kes \u00f6sszetev\u0151k forr\u00e1sa, amelyek megnyugtatj\u00e1k, t\u00e1pl\u00e1lj\u00e1k \u00e9s helyre\u00e1ll\u00edtj\u00e1k az egyens\u00falyt. A CICA SKIN sorozat 4 f\u00e9le CICA innovat\u00edv kombin\u00e1ci\u00f3j\u00e1n alapul, a centella asiatica n\u00f6v\u00e9nyb\u0151l kivont \u00f6sszetev\u0151k, hat\u00e9kony helyre\u00e1ll\u00edt\u00f3 \u00e9s nyugtat\u00f3 tulajdons\u00e1gokkal: \u00a0CICA exosomes \u2013 intenz\u00edven [&hellip;]","og_url":"https:\/\/www.eveline.hu\/2016\/eveline-kozmetikumok-szepsegapolas\/termekcsaladok\/cica-skin\/cica-skin-hidratalo-es-taplalo-krem-30ml\/","og_site_name":"Eveline Cosmetics Magyarorsz\u00e1g","article_modified_time":"2025-10-16T08:48:20+00:00","og_image":[{"width":750,"height":750,"url":"https:\/\/www.eveline.hu\/2016\/wp-content\/uploads\/2025\/10\/5903416073833-CICA-SKIN-LIGHT-MOISTURIZING-AND-NOURISHING-CREAM-30ML-w.png","type":"image\/png"}],"twitter_card":"summary_large_image","twitter_misc":{"Becs\u00fclt olvas\u00e1si id\u0151":"1 perc"},"schema":{"@context":"https:\/\/schema.org","@graph":[{"@type":"WebPage","@id":"https:\/\/www.eveline.hu\/2016\/eveline-kozmetikumok-szepsegapolas\/termekcsaladok\/cica-skin\/cica-skin-hidratalo-es-taplalo-krem-30ml\/","url":"https:\/\/www.eveline.hu\/2016\/eveline-kozmetikumok-szepsegapolas\/termekcsaladok\/cica-skin\/cica-skin-hidratalo-es-taplalo-krem-30ml\/","name":"CICA Skin Hidrat\u00e1l\u00f3 \u00e9s T\u00e1pl\u00e1l\u00f3 Kr\u00e9m 30ml - Eveline Cosmetics Magyarorsz\u00e1g","isPartOf":{"@id":"https:\/\/www.eveline.hu\/2016\/#website"},"primaryImageOfPage":{"@id":"https:\/\/www.eveline.hu\/2016\/eveline-kozmetikumok-szepsegapolas\/termekcsaladok\/cica-skin\/cica-skin-hidratalo-es-taplalo-krem-30ml\/#primaryimage"},"image":{"@id":"https:\/\/www.eveline.hu\/2016\/eveline-kozmetikumok-szepsegapolas\/termekcsaladok\/cica-skin\/cica-skin-hidratalo-es-taplalo-krem-30ml\/#primaryimage"},"thumbnailUrl":"https:\/\/www.eveline.hu\/2016\/wp-content\/uploads\/2025\/10\/5903416073833-CICA-SKIN-LIGHT-MOISTURIZING-AND-NOURISHING-CREAM-30ML-w.png","datePublished":"2025-10-16T08:47:40+00:00","dateModified":"2025-10-16T08:48:20+00:00","breadcrumb":{"@id":"https:\/\/www.eveline.hu\/2016\/eveline-kozmetikumok-szepsegapolas\/termekcsaladok\/cica-skin\/cica-skin-hidratalo-es-taplalo-krem-30ml\/#breadcrumb"},"inLanguage":"hu","potentialAction":[{"@type":"ReadAction","target":["https:\/\/www.eveline.hu\/2016\/eveline-kozmetikumok-szepsegapolas\/termekcsaladok\/cica-skin\/cica-skin-hidratalo-es-taplalo-krem-30ml\/"]}]},{"@type":"ImageObject","inLanguage":"hu","@id":"https:\/\/www.eveline.hu\/2016\/eveline-kozmetikumok-szepsegapolas\/termekcsaladok\/cica-skin\/cica-skin-hidratalo-es-taplalo-krem-30ml\/#primaryimage","url":"https:\/\/www.eveline.hu\/2016\/wp-content\/uploads\/2025\/10\/5903416073833-CICA-SKIN-LIGHT-MOISTURIZING-AND-NOURISHING-CREAM-30ML-w.png","contentUrl":"https:\/\/www.eveline.hu\/2016\/wp-content\/uploads\/2025\/10\/5903416073833-CICA-SKIN-LIGHT-MOISTURIZING-AND-NOURISHING-CREAM-30ML-w.png","width":750,"height":750},{"@type":"BreadcrumbList","@id":"https:\/\/www.eveline.hu\/2016\/eveline-kozmetikumok-szepsegapolas\/termekcsaladok\/cica-skin\/cica-skin-hidratalo-es-taplalo-krem-30ml\/#breadcrumb","itemListElement":[{"@type":"ListItem","position":1,"name":"Home","item":"https:\/\/www.eveline.hu\/2016\/"},{"@type":"ListItem","position":2,"name":"Term\u00e9kek","item":"https:\/\/www.eveline.hu\/2016\/shop\/"},{"@type":"ListItem","position":3,"name":"CICA Skin Hidrat\u00e1l\u00f3 \u00e9s T\u00e1pl\u00e1l\u00f3 Kr\u00e9m 30ml"}]},{"@type":"WebSite","@id":"https:\/\/www.eveline.hu\/2016\/#website","url":"https:\/\/www.eveline.hu\/2016\/","name":"Eveline Cosmetics Magyarorsz\u00e1g","description":"Min\u0151s\u00e9gi kozmetikumok Lengyelorsz\u00e1gb\u00f3l","potentialAction":[{"@type":"SearchAction","target":{"@type":"EntryPoint","urlTemplate":"https:\/\/www.eveline.hu\/2016\/?s={search_term_string}"},"query-input":"required name=search_term_string"}],"inLanguage":"hu"}]}},"_links":{"self":[{"href":"https:\/\/www.eveline.hu\/2016\/wp-json\/wp\/v2\/product\/32484"}],"collection":[{"href":"https:\/\/www.eveline.hu\/2016\/wp-json\/wp\/v2\/product"}],"about":[{"href":"https:\/\/www.eveline.hu\/2016\/wp-json\/wp\/v2\/types\/product"}],"replies":[{"embeddable":true,"href":"https:\/\/www.eveline.hu\/2016\/wp-json\/wp\/v2\/comments?post=32484"}],"wp:featuredmedia":[{"embeddable":true,"href":"https:\/\/www.eveline.hu\/2016\/wp-json\/wp\/v2\/media\/32485"}],"wp:attachment":[{"href":"https:\/\/www.eveline.hu\/2016\/wp-json\/wp\/v2\/media?parent=32484"}],"wp:term":[{"taxonomy":"product_cat","embeddable":true,"href":"https:\/\/www.eveline.hu\/2016\/wp-json\/wp\/v2\/product_cat?post=32484"},{"taxonomy":"product_tag","embeddable":true,"href":"https:\/\/www.eveline.hu\/2016\/wp-json\/wp\/v2\/product_tag?post=32484"}],"curies":[{"name":"wp","href":"https:\/\/api.w.org\/{rel}","templated":true}]}}