{"id":32290,"date":"2025-08-19T16:26:11","date_gmt":"2025-08-19T14:26:11","guid":{"rendered":"https:\/\/www.eveline.hu\/2016\/?post_type=product&#038;p=32290"},"modified":"2026-04-14T13:53:41","modified_gmt":"2026-04-14T11:53:41","slug":"caffeine-s-u-p-e-r-needles-30-szem-mezo-szerum-15ml","status":"publish","type":"product","link":"https:\/\/www.eveline.hu\/2016\/eveline-kozmetikumok-szepsegapolas\/termekcsaladok\/super_needles\/caffeine-s-u-p-e-r-needles-30-szem-mezo-szerum-15ml\/","title":{"rendered":"CAFFEINE S U P E R NEEDLES 30 SZEM MEZO-SZ\u00c9RUM 15ml"},"content":{"rendered":"<p>R\u00e1nc \u00e9s f\u00e1radts\u00e1g jeleinek reduktora.<\/p>\n<p>A SUPER NEEDLES sorozat a b\u0151r\u00e1pol\u00e1s forradalma, amelyet olyan professzion\u00e1lis mikrot\u0171s kezel\u00e9sek ihlettek, mint p\u00e9ld\u00e1ul a mikrot\u0171s mezoter\u00e1pia \u00a0A mikroszkopikus spongilla t\u0171knek k\u00f6sz\u00f6nhet\u0151en a term\u00e9kek gyeng\u00e9den aktiv\u00e1lj\u00e1k az epidermiszt \u00e9s fokozz\u00e1k a hat\u00f3anyagok felsz\u00edv\u00f3d\u00e1s\u00e1t. A term\u00e9k minden egyes alkalmaz\u00e1sa olyan, mint egy mikro-regenerat\u00edv kezel\u00e9s, amely biztos\u00edtja a l\u00e1that\u00f3 b\u0151rfiatal\u00edt\u00f3 hat\u00e1st.<\/p>\n<p>22 000 spongilla t\u0171t, koffeint, C-vitamint, szkval\u00e1nt \u00e9s arginint tartalmaz. Ez a fejlett \u00f6sszet\u00e9tel gyeng\u00e9d mikroh\u00e1mlaszt\u00f3k\u00e9nt m\u0171k\u00f6dik, serkentve a b\u0151r regener\u00e1l\u00f3d\u00e1s\u00e1t.<\/p>\n<p>A koffein hat\u00e9konyan cs\u00f6kkenti a szem alatti s\u00f6t\u00e9t karik\u00e1kat, a C-vitamin ragyog\u00f3v\u00e1 teszi \u00e9s kiegyenl\u00edti a b\u0151r t\u00f3nus\u00e1t, m\u00edg a szkval\u00e1n \u00e9s az arginin m\u00e9lyen hidrat\u00e1lja \u00e9s er\u0151s\u00edti a b\u0151r v\u00e9d\u0151g\u00e1tj\u00e1t. A szem k\u00f6r\u00fcli b\u0151r sim\u00e1bb\u00e1, frissebb\u00e9 \u00e9s ragyog\u00f3bb\u00e1 v\u00e1lik.<\/p>\n<p><strong>Alkalmaz\u00e1s<\/strong>: Haszn\u00e1lja reggel \u00e9s este a megtiszt\u00edtott b\u0151r\u00f6n. Vigye fel a sz\u00e9rumot a szem al\u00e1 \u00e9s a fels\u0151 szemh\u00e9jra, majd massz\u00edrozza be az applik\u00e1torral.<\/p>\n<p><strong>FIGYELEM!!!<\/strong> Az alkalmaz\u00e1s sor\u00e1n jelentkez\u0151 \u00e1tmeneti, enyhe bizserget\u0151 \u00e9rz\u00e9s teljesen norm\u00e1lis, amely a hat\u00f3anyagok hat\u00e1s\u00e1t jelzi<\/p>\n","protected":false},"excerpt":{"rendered":"<p>R\u00e1nc \u00e9s f\u00e1radts\u00e1g jeleinek reduktora. A SUPER NEEDLES sorozat a b\u0151r\u00e1pol\u00e1s forradalma, amelyet olyan professzion\u00e1lis mikrot\u0171s kezel\u00e9sek ihlettek, mint p\u00e9ld\u00e1ul a mikrot\u0171s mezoter\u00e1pia \u00a0A mikroszkopikus spongilla t\u0171knek k\u00f6sz\u00f6nhet\u0151en a term\u00e9kek gyeng\u00e9den aktiv\u00e1lj\u00e1k az epidermiszt \u00e9s fokozz\u00e1k a hat\u00f3anyagok felsz\u00edv\u00f3d\u00e1s\u00e1t. A [&hellip;]<\/p>\n","protected":false},"featured_media":32288,"comment_status":"open","ping_status":"closed","template":"","meta":[],"product_cat":[216,80],"product_tag":[],"yoast_head":"<!-- This site is optimized with the Yoast SEO plugin v22.2 - https:\/\/yoast.com\/wordpress\/plugins\/seo\/ -->\n<title>CAFFEINE S U P E R NEEDLES 30 SZEM MEZO-SZ\u00c9RUM 15ml - Eveline Cosmetics Magyarorsz\u00e1g<\/title>\n<meta name=\"robots\" content=\"index, follow, max-snippet:-1, max-image-preview:large, max-video-preview:-1\" \/>\n<link rel=\"canonical\" href=\"https:\/\/www.eveline.hu\/2016\/eveline-kozmetikumok-szepsegapolas\/termekcsaladok\/super_needles\/caffeine-s-u-p-e-r-needles-30-szem-mezo-szerum-15ml\/\" \/>\n<meta property=\"og:locale\" content=\"hu_HU\" \/>\n<meta property=\"og:type\" content=\"article\" \/>\n<meta property=\"og:title\" content=\"CAFFEINE S U P E R NEEDLES 30 SZEM MEZO-SZ\u00c9RUM 15ml - Eveline Cosmetics Magyarorsz\u00e1g\" \/>\n<meta property=\"og:description\" content=\"R\u00e1nc \u00e9s f\u00e1radts\u00e1g jeleinek reduktora. A SUPER NEEDLES sorozat a b\u0151r\u00e1pol\u00e1s forradalma, amelyet olyan professzion\u00e1lis mikrot\u0171s kezel\u00e9sek ihlettek, mint p\u00e9ld\u00e1ul a mikrot\u0171s mezoter\u00e1pia \u00a0A mikroszkopikus spongilla t\u0171knek k\u00f6sz\u00f6nhet\u0151en a term\u00e9kek gyeng\u00e9den aktiv\u00e1lj\u00e1k az epidermiszt \u00e9s fokozz\u00e1k a hat\u00f3anyagok felsz\u00edv\u00f3d\u00e1s\u00e1t. A [&hellip;]\" \/>\n<meta property=\"og:url\" content=\"https:\/\/www.eveline.hu\/2016\/eveline-kozmetikumok-szepsegapolas\/termekcsaladok\/super_needles\/caffeine-s-u-p-e-r-needles-30-szem-mezo-szerum-15ml\/\" \/>\n<meta property=\"og:site_name\" content=\"Eveline Cosmetics Magyarorsz\u00e1g\" \/>\n<meta property=\"article:modified_time\" content=\"2026-04-14T11:53:41+00:00\" \/>\n<meta property=\"og:image\" content=\"https:\/\/www.eveline.hu\/2016\/wp-content\/uploads\/2025\/08\/COFFEINE-SUPER-NEEDLES-30-EYE-MESO-SERUM-WRINKLE-15ML-5903416084419-w.png\" \/>\n\t<meta property=\"og:image:width\" content=\"750\" \/>\n\t<meta property=\"og:image:height\" content=\"750\" \/>\n\t<meta property=\"og:image:type\" content=\"image\/png\" \/>\n<meta name=\"twitter:card\" content=\"summary_large_image\" \/>\n<meta name=\"twitter:label1\" content=\"Becs\u00fclt olvas\u00e1si id\u0151\" \/>\n\t<meta name=\"twitter:data1\" content=\"2 perc\" \/>\n<script type=\"application\/ld+json\" class=\"yoast-schema-graph\">{\"@context\":\"https:\/\/schema.org\",\"@graph\":[{\"@type\":\"WebPage\",\"@id\":\"https:\/\/www.eveline.hu\/2016\/eveline-kozmetikumok-szepsegapolas\/termekcsaladok\/super_needles\/caffeine-s-u-p-e-r-needles-30-szem-mezo-szerum-15ml\/\",\"url\":\"https:\/\/www.eveline.hu\/2016\/eveline-kozmetikumok-szepsegapolas\/termekcsaladok\/super_needles\/caffeine-s-u-p-e-r-needles-30-szem-mezo-szerum-15ml\/\",\"name\":\"CAFFEINE S U P E R NEEDLES 30 SZEM MEZO-SZ\u00c9RUM 15ml - Eveline Cosmetics Magyarorsz\u00e1g\",\"isPartOf\":{\"@id\":\"https:\/\/www.eveline.hu\/2016\/#website\"},\"primaryImageOfPage\":{\"@id\":\"https:\/\/www.eveline.hu\/2016\/eveline-kozmetikumok-szepsegapolas\/termekcsaladok\/super_needles\/caffeine-s-u-p-e-r-needles-30-szem-mezo-szerum-15ml\/#primaryimage\"},\"image\":{\"@id\":\"https:\/\/www.eveline.hu\/2016\/eveline-kozmetikumok-szepsegapolas\/termekcsaladok\/super_needles\/caffeine-s-u-p-e-r-needles-30-szem-mezo-szerum-15ml\/#primaryimage\"},\"thumbnailUrl\":\"https:\/\/www.eveline.hu\/2016\/wp-content\/uploads\/2025\/08\/COFFEINE-SUPER-NEEDLES-30-EYE-MESO-SERUM-WRINKLE-15ML-5903416084419-w.png\",\"datePublished\":\"2025-08-19T14:26:11+00:00\",\"dateModified\":\"2026-04-14T11:53:41+00:00\",\"breadcrumb\":{\"@id\":\"https:\/\/www.eveline.hu\/2016\/eveline-kozmetikumok-szepsegapolas\/termekcsaladok\/super_needles\/caffeine-s-u-p-e-r-needles-30-szem-mezo-szerum-15ml\/#breadcrumb\"},\"inLanguage\":\"hu\",\"potentialAction\":[{\"@type\":\"ReadAction\",\"target\":[\"https:\/\/www.eveline.hu\/2016\/eveline-kozmetikumok-szepsegapolas\/termekcsaladok\/super_needles\/caffeine-s-u-p-e-r-needles-30-szem-mezo-szerum-15ml\/\"]}]},{\"@type\":\"ImageObject\",\"inLanguage\":\"hu\",\"@id\":\"https:\/\/www.eveline.hu\/2016\/eveline-kozmetikumok-szepsegapolas\/termekcsaladok\/super_needles\/caffeine-s-u-p-e-r-needles-30-szem-mezo-szerum-15ml\/#primaryimage\",\"url\":\"https:\/\/www.eveline.hu\/2016\/wp-content\/uploads\/2025\/08\/COFFEINE-SUPER-NEEDLES-30-EYE-MESO-SERUM-WRINKLE-15ML-5903416084419-w.png\",\"contentUrl\":\"https:\/\/www.eveline.hu\/2016\/wp-content\/uploads\/2025\/08\/COFFEINE-SUPER-NEEDLES-30-EYE-MESO-SERUM-WRINKLE-15ML-5903416084419-w.png\",\"width\":750,\"height\":750},{\"@type\":\"BreadcrumbList\",\"@id\":\"https:\/\/www.eveline.hu\/2016\/eveline-kozmetikumok-szepsegapolas\/termekcsaladok\/super_needles\/caffeine-s-u-p-e-r-needles-30-szem-mezo-szerum-15ml\/#breadcrumb\",\"itemListElement\":[{\"@type\":\"ListItem\",\"position\":1,\"name\":\"Home\",\"item\":\"https:\/\/www.eveline.hu\/2016\/\"},{\"@type\":\"ListItem\",\"position\":2,\"name\":\"Term\u00e9kek\",\"item\":\"https:\/\/www.eveline.hu\/2016\/shop\/\"},{\"@type\":\"ListItem\",\"position\":3,\"name\":\"CAFFEINE S U P E R NEEDLES 30 SZEM MEZO-SZ\u00c9RUM 15ml\"}]},{\"@type\":\"WebSite\",\"@id\":\"https:\/\/www.eveline.hu\/2016\/#website\",\"url\":\"https:\/\/www.eveline.hu\/2016\/\",\"name\":\"Eveline Cosmetics Magyarorsz\u00e1g\",\"description\":\"Min\u0151s\u00e9gi kozmetikumok Lengyelorsz\u00e1gb\u00f3l\",\"potentialAction\":[{\"@type\":\"SearchAction\",\"target\":{\"@type\":\"EntryPoint\",\"urlTemplate\":\"https:\/\/www.eveline.hu\/2016\/?s={search_term_string}\"},\"query-input\":\"required name=search_term_string\"}],\"inLanguage\":\"hu\"}]}<\/script>\n<!-- \/ Yoast SEO plugin. -->","yoast_head_json":{"title":"CAFFEINE S U P E R NEEDLES 30 SZEM MEZO-SZ\u00c9RUM 15ml - Eveline Cosmetics Magyarorsz\u00e1g","robots":{"index":"index","follow":"follow","max-snippet":"max-snippet:-1","max-image-preview":"max-image-preview:large","max-video-preview":"max-video-preview:-1"},"canonical":"https:\/\/www.eveline.hu\/2016\/eveline-kozmetikumok-szepsegapolas\/termekcsaladok\/super_needles\/caffeine-s-u-p-e-r-needles-30-szem-mezo-szerum-15ml\/","og_locale":"hu_HU","og_type":"article","og_title":"CAFFEINE S U P E R NEEDLES 30 SZEM MEZO-SZ\u00c9RUM 15ml - Eveline Cosmetics Magyarorsz\u00e1g","og_description":"R\u00e1nc \u00e9s f\u00e1radts\u00e1g jeleinek reduktora. A SUPER NEEDLES sorozat a b\u0151r\u00e1pol\u00e1s forradalma, amelyet olyan professzion\u00e1lis mikrot\u0171s kezel\u00e9sek ihlettek, mint p\u00e9ld\u00e1ul a mikrot\u0171s mezoter\u00e1pia \u00a0A mikroszkopikus spongilla t\u0171knek k\u00f6sz\u00f6nhet\u0151en a term\u00e9kek gyeng\u00e9den aktiv\u00e1lj\u00e1k az epidermiszt \u00e9s fokozz\u00e1k a hat\u00f3anyagok felsz\u00edv\u00f3d\u00e1s\u00e1t. A [&hellip;]","og_url":"https:\/\/www.eveline.hu\/2016\/eveline-kozmetikumok-szepsegapolas\/termekcsaladok\/super_needles\/caffeine-s-u-p-e-r-needles-30-szem-mezo-szerum-15ml\/","og_site_name":"Eveline Cosmetics Magyarorsz\u00e1g","article_modified_time":"2026-04-14T11:53:41+00:00","og_image":[{"width":750,"height":750,"url":"https:\/\/www.eveline.hu\/2016\/wp-content\/uploads\/2025\/08\/COFFEINE-SUPER-NEEDLES-30-EYE-MESO-SERUM-WRINKLE-15ML-5903416084419-w.png","type":"image\/png"}],"twitter_card":"summary_large_image","twitter_misc":{"Becs\u00fclt olvas\u00e1si id\u0151":"2 perc"},"schema":{"@context":"https:\/\/schema.org","@graph":[{"@type":"WebPage","@id":"https:\/\/www.eveline.hu\/2016\/eveline-kozmetikumok-szepsegapolas\/termekcsaladok\/super_needles\/caffeine-s-u-p-e-r-needles-30-szem-mezo-szerum-15ml\/","url":"https:\/\/www.eveline.hu\/2016\/eveline-kozmetikumok-szepsegapolas\/termekcsaladok\/super_needles\/caffeine-s-u-p-e-r-needles-30-szem-mezo-szerum-15ml\/","name":"CAFFEINE S U P E R NEEDLES 30 SZEM MEZO-SZ\u00c9RUM 15ml - Eveline Cosmetics Magyarorsz\u00e1g","isPartOf":{"@id":"https:\/\/www.eveline.hu\/2016\/#website"},"primaryImageOfPage":{"@id":"https:\/\/www.eveline.hu\/2016\/eveline-kozmetikumok-szepsegapolas\/termekcsaladok\/super_needles\/caffeine-s-u-p-e-r-needles-30-szem-mezo-szerum-15ml\/#primaryimage"},"image":{"@id":"https:\/\/www.eveline.hu\/2016\/eveline-kozmetikumok-szepsegapolas\/termekcsaladok\/super_needles\/caffeine-s-u-p-e-r-needles-30-szem-mezo-szerum-15ml\/#primaryimage"},"thumbnailUrl":"https:\/\/www.eveline.hu\/2016\/wp-content\/uploads\/2025\/08\/COFFEINE-SUPER-NEEDLES-30-EYE-MESO-SERUM-WRINKLE-15ML-5903416084419-w.png","datePublished":"2025-08-19T14:26:11+00:00","dateModified":"2026-04-14T11:53:41+00:00","breadcrumb":{"@id":"https:\/\/www.eveline.hu\/2016\/eveline-kozmetikumok-szepsegapolas\/termekcsaladok\/super_needles\/caffeine-s-u-p-e-r-needles-30-szem-mezo-szerum-15ml\/#breadcrumb"},"inLanguage":"hu","potentialAction":[{"@type":"ReadAction","target":["https:\/\/www.eveline.hu\/2016\/eveline-kozmetikumok-szepsegapolas\/termekcsaladok\/super_needles\/caffeine-s-u-p-e-r-needles-30-szem-mezo-szerum-15ml\/"]}]},{"@type":"ImageObject","inLanguage":"hu","@id":"https:\/\/www.eveline.hu\/2016\/eveline-kozmetikumok-szepsegapolas\/termekcsaladok\/super_needles\/caffeine-s-u-p-e-r-needles-30-szem-mezo-szerum-15ml\/#primaryimage","url":"https:\/\/www.eveline.hu\/2016\/wp-content\/uploads\/2025\/08\/COFFEINE-SUPER-NEEDLES-30-EYE-MESO-SERUM-WRINKLE-15ML-5903416084419-w.png","contentUrl":"https:\/\/www.eveline.hu\/2016\/wp-content\/uploads\/2025\/08\/COFFEINE-SUPER-NEEDLES-30-EYE-MESO-SERUM-WRINKLE-15ML-5903416084419-w.png","width":750,"height":750},{"@type":"BreadcrumbList","@id":"https:\/\/www.eveline.hu\/2016\/eveline-kozmetikumok-szepsegapolas\/termekcsaladok\/super_needles\/caffeine-s-u-p-e-r-needles-30-szem-mezo-szerum-15ml\/#breadcrumb","itemListElement":[{"@type":"ListItem","position":1,"name":"Home","item":"https:\/\/www.eveline.hu\/2016\/"},{"@type":"ListItem","position":2,"name":"Term\u00e9kek","item":"https:\/\/www.eveline.hu\/2016\/shop\/"},{"@type":"ListItem","position":3,"name":"CAFFEINE S U P E R NEEDLES 30 SZEM MEZO-SZ\u00c9RUM 15ml"}]},{"@type":"WebSite","@id":"https:\/\/www.eveline.hu\/2016\/#website","url":"https:\/\/www.eveline.hu\/2016\/","name":"Eveline Cosmetics Magyarorsz\u00e1g","description":"Min\u0151s\u00e9gi kozmetikumok Lengyelorsz\u00e1gb\u00f3l","potentialAction":[{"@type":"SearchAction","target":{"@type":"EntryPoint","urlTemplate":"https:\/\/www.eveline.hu\/2016\/?s={search_term_string}"},"query-input":"required name=search_term_string"}],"inLanguage":"hu"}]}},"_links":{"self":[{"href":"https:\/\/www.eveline.hu\/2016\/wp-json\/wp\/v2\/product\/32290"}],"collection":[{"href":"https:\/\/www.eveline.hu\/2016\/wp-json\/wp\/v2\/product"}],"about":[{"href":"https:\/\/www.eveline.hu\/2016\/wp-json\/wp\/v2\/types\/product"}],"replies":[{"embeddable":true,"href":"https:\/\/www.eveline.hu\/2016\/wp-json\/wp\/v2\/comments?post=32290"}],"wp:featuredmedia":[{"embeddable":true,"href":"https:\/\/www.eveline.hu\/2016\/wp-json\/wp\/v2\/media\/32288"}],"wp:attachment":[{"href":"https:\/\/www.eveline.hu\/2016\/wp-json\/wp\/v2\/media?parent=32290"}],"wp:term":[{"taxonomy":"product_cat","embeddable":true,"href":"https:\/\/www.eveline.hu\/2016\/wp-json\/wp\/v2\/product_cat?post=32290"},{"taxonomy":"product_tag","embeddable":true,"href":"https:\/\/www.eveline.hu\/2016\/wp-json\/wp\/v2\/product_tag?post=32290"}],"curies":[{"name":"wp","href":"https:\/\/api.w.org\/{rel}","templated":true}]}}