{"id":32282,"date":"2025-08-19T16:06:36","date_gmt":"2025-08-19T14:06:36","guid":{"rendered":"https:\/\/www.eveline.hu\/2016\/?post_type=product&#038;p=32282"},"modified":"2025-08-19T16:06:37","modified_gmt":"2025-08-19T14:06:37","slug":"vitamin-s-u-p-e-r-needles-200-mezo-elixir-borujito-aktivator-30ml","status":"publish","type":"product","link":"https:\/\/www.eveline.hu\/2016\/eveline-kozmetikumok-szepsegapolas\/termekcsaladok\/super_needles\/vitamin-s-u-p-e-r-needles-200-mezo-elixir-borujito-aktivator-30ml\/","title":{"rendered":"VITAMIN S U P E R NEEDLES 200 MEZO-ELIX\u00cdR B\u0150R\u00daJ\u00cdT\u00d3 AKTIV\u00c1TOR 30ml"},"content":{"rendered":"<p>A SUPER NEEDLES sorozat a b\u0151r\u00e1pol\u00e1s forradalma, amelyet olyan professzion\u00e1lis mikrot\u0171s kezel\u00e9sek ihlettek, mint p\u00e9ld\u00e1ul a mikrot\u0171s mezoter\u00e1pia. A mikroszkopikus spongilla t\u0171knek k\u00f6sz\u00f6nhet\u0151en a term\u00e9kek gyeng\u00e9den aktiv\u00e1lj\u00e1k a felh\u00e1mot \u00e9s fokozz\u00e1k a hat\u00f3anyagok felsz\u00edv\u00f3d\u00e1s\u00e1t. A term\u00e9k minden egyes alkalmaz\u00e1sa olyan, mint egy mikro-regenerat\u00edv kezel\u00e9s, amely biztos\u00edtja a l\u00e1that\u00f3 b\u0151rfiatal\u00edt\u00f3 hat\u00e1st.<\/p>\n<p>176 000 spongilla t\u0171t, PGA savat, n\u00f6veked\u00e9si faktort \u00e9s vitaminokat tartalmaz liposz\u00f3m\u00e1kban. Ez az egyed\u00fcl\u00e1ll\u00f3 \u00f6sszet\u00e9tel term\u00e9szetes mikroh\u00e1mlaszt\u00f3k\u00e9nt hat, aktiv\u00e1lva a b\u0151r regener\u00e1l\u00f3d\u00e1s\u00e1t. Ide\u00e1lis azok sz\u00e1m\u00e1ra, akik intenz\u00edv t\u00e1pl\u00e1l\u00e1sra \u00e9s helyre\u00e1ll\u00edt\u00e1sra v\u00e1gynak.<\/p>\n<p><strong>Alkalmaz\u00e1s<\/strong>: Haszn\u00e1lja reggel \u00e9s este a megtiszt\u00edtott arc, nyak \u00e9s dekolt\u00e1zs b\u0151r\u00e9n. Gyeng\u00e9den paskolja be ujjhegyeivel, majd vigye fel a Super Needles sorozat kr\u00e9mj\u00e9t.<\/p>\n<p><strong>FIGYELEM!!!<\/strong> Az alkalmaz\u00e1s sor\u00e1n jelentkez\u0151 \u00e1tmeneti, enyhe bizserget\u0151 \u00e9rz\u00e9s teljesen norm\u00e1lis, a hat\u00f3anyagok hat\u00e1s\u00e1t jelzi.<\/p>\n<p><strong>FIGYELMEZTET\u00c9S!!!<\/strong> A-vitamint tartalmaz. Haszn\u00e1lat el\u0151tt vegye figyelembe a napi bevitelt<\/p>\n","protected":false},"excerpt":{"rendered":"<p>A SUPER NEEDLES sorozat a b\u0151r\u00e1pol\u00e1s forradalma, amelyet olyan professzion\u00e1lis mikrot\u0171s kezel\u00e9sek ihlettek, mint p\u00e9ld\u00e1ul a mikrot\u0171s mezoter\u00e1pia. A mikroszkopikus spongilla t\u0171knek k\u00f6sz\u00f6nhet\u0151en a term\u00e9kek gyeng\u00e9den aktiv\u00e1lj\u00e1k a felh\u00e1mot \u00e9s fokozz\u00e1k a hat\u00f3anyagok felsz\u00edv\u00f3d\u00e1s\u00e1t. A term\u00e9k minden egyes alkalmaz\u00e1sa olyan, [&hellip;]<\/p>\n","protected":false},"featured_media":32284,"comment_status":"open","ping_status":"closed","template":"","meta":[],"product_cat":[216,80],"product_tag":[],"yoast_head":"<!-- This site is optimized with the Yoast SEO plugin v22.2 - https:\/\/yoast.com\/wordpress\/plugins\/seo\/ -->\n<title>VITAMIN S U P E R NEEDLES 200 MEZO-ELIX\u00cdR B\u0150R\u00daJ\u00cdT\u00d3 AKTIV\u00c1TOR 30ml - Eveline Cosmetics Magyarorsz\u00e1g<\/title>\n<meta name=\"robots\" content=\"index, follow, max-snippet:-1, max-image-preview:large, max-video-preview:-1\" \/>\n<link rel=\"canonical\" href=\"https:\/\/www.eveline.hu\/2016\/eveline-kozmetikumok-szepsegapolas\/termekcsaladok\/super_needles\/vitamin-s-u-p-e-r-needles-200-mezo-elixir-borujito-aktivator-30ml\/\" \/>\n<meta property=\"og:locale\" content=\"hu_HU\" \/>\n<meta property=\"og:type\" content=\"article\" \/>\n<meta property=\"og:title\" content=\"VITAMIN S U P E R NEEDLES 200 MEZO-ELIX\u00cdR B\u0150R\u00daJ\u00cdT\u00d3 AKTIV\u00c1TOR 30ml - Eveline Cosmetics Magyarorsz\u00e1g\" \/>\n<meta property=\"og:description\" content=\"A SUPER NEEDLES sorozat a b\u0151r\u00e1pol\u00e1s forradalma, amelyet olyan professzion\u00e1lis mikrot\u0171s kezel\u00e9sek ihlettek, mint p\u00e9ld\u00e1ul a mikrot\u0171s mezoter\u00e1pia. A mikroszkopikus spongilla t\u0171knek k\u00f6sz\u00f6nhet\u0151en a term\u00e9kek gyeng\u00e9den aktiv\u00e1lj\u00e1k a felh\u00e1mot \u00e9s fokozz\u00e1k a hat\u00f3anyagok felsz\u00edv\u00f3d\u00e1s\u00e1t. A term\u00e9k minden egyes alkalmaz\u00e1sa olyan, [&hellip;]\" \/>\n<meta property=\"og:url\" content=\"https:\/\/www.eveline.hu\/2016\/eveline-kozmetikumok-szepsegapolas\/termekcsaladok\/super_needles\/vitamin-s-u-p-e-r-needles-200-mezo-elixir-borujito-aktivator-30ml\/\" \/>\n<meta property=\"og:site_name\" content=\"Eveline Cosmetics Magyarorsz\u00e1g\" \/>\n<meta property=\"article:modified_time\" content=\"2025-08-19T14:06:37+00:00\" \/>\n<meta property=\"og:image\" content=\"https:\/\/www.eveline.hu\/2016\/wp-content\/uploads\/2025\/08\/VITAMIN-SUPER-NEEDLES-200-MESO-ELIXIR-SKIN-RENEWAL-ACTIVATOR-30ML-5903416084372-w.png\" \/>\n\t<meta property=\"og:image:width\" content=\"750\" \/>\n\t<meta property=\"og:image:height\" content=\"750\" \/>\n\t<meta property=\"og:image:type\" content=\"image\/png\" \/>\n<meta name=\"twitter:card\" content=\"summary_large_image\" \/>\n<meta name=\"twitter:label1\" content=\"Becs\u00fclt olvas\u00e1si id\u0151\" \/>\n\t<meta name=\"twitter:data1\" content=\"1 perc\" \/>\n<script type=\"application\/ld+json\" class=\"yoast-schema-graph\">{\"@context\":\"https:\/\/schema.org\",\"@graph\":[{\"@type\":\"WebPage\",\"@id\":\"https:\/\/www.eveline.hu\/2016\/eveline-kozmetikumok-szepsegapolas\/termekcsaladok\/super_needles\/vitamin-s-u-p-e-r-needles-200-mezo-elixir-borujito-aktivator-30ml\/\",\"url\":\"https:\/\/www.eveline.hu\/2016\/eveline-kozmetikumok-szepsegapolas\/termekcsaladok\/super_needles\/vitamin-s-u-p-e-r-needles-200-mezo-elixir-borujito-aktivator-30ml\/\",\"name\":\"VITAMIN S U P E R NEEDLES 200 MEZO-ELIX\u00cdR B\u0150R\u00daJ\u00cdT\u00d3 AKTIV\u00c1TOR 30ml - Eveline Cosmetics Magyarorsz\u00e1g\",\"isPartOf\":{\"@id\":\"https:\/\/www.eveline.hu\/2016\/#website\"},\"primaryImageOfPage\":{\"@id\":\"https:\/\/www.eveline.hu\/2016\/eveline-kozmetikumok-szepsegapolas\/termekcsaladok\/super_needles\/vitamin-s-u-p-e-r-needles-200-mezo-elixir-borujito-aktivator-30ml\/#primaryimage\"},\"image\":{\"@id\":\"https:\/\/www.eveline.hu\/2016\/eveline-kozmetikumok-szepsegapolas\/termekcsaladok\/super_needles\/vitamin-s-u-p-e-r-needles-200-mezo-elixir-borujito-aktivator-30ml\/#primaryimage\"},\"thumbnailUrl\":\"https:\/\/www.eveline.hu\/2016\/wp-content\/uploads\/2025\/08\/VITAMIN-SUPER-NEEDLES-200-MESO-ELIXIR-SKIN-RENEWAL-ACTIVATOR-30ML-5903416084372-w.png\",\"datePublished\":\"2025-08-19T14:06:36+00:00\",\"dateModified\":\"2025-08-19T14:06:37+00:00\",\"breadcrumb\":{\"@id\":\"https:\/\/www.eveline.hu\/2016\/eveline-kozmetikumok-szepsegapolas\/termekcsaladok\/super_needles\/vitamin-s-u-p-e-r-needles-200-mezo-elixir-borujito-aktivator-30ml\/#breadcrumb\"},\"inLanguage\":\"hu\",\"potentialAction\":[{\"@type\":\"ReadAction\",\"target\":[\"https:\/\/www.eveline.hu\/2016\/eveline-kozmetikumok-szepsegapolas\/termekcsaladok\/super_needles\/vitamin-s-u-p-e-r-needles-200-mezo-elixir-borujito-aktivator-30ml\/\"]}]},{\"@type\":\"ImageObject\",\"inLanguage\":\"hu\",\"@id\":\"https:\/\/www.eveline.hu\/2016\/eveline-kozmetikumok-szepsegapolas\/termekcsaladok\/super_needles\/vitamin-s-u-p-e-r-needles-200-mezo-elixir-borujito-aktivator-30ml\/#primaryimage\",\"url\":\"https:\/\/www.eveline.hu\/2016\/wp-content\/uploads\/2025\/08\/VITAMIN-SUPER-NEEDLES-200-MESO-ELIXIR-SKIN-RENEWAL-ACTIVATOR-30ML-5903416084372-w.png\",\"contentUrl\":\"https:\/\/www.eveline.hu\/2016\/wp-content\/uploads\/2025\/08\/VITAMIN-SUPER-NEEDLES-200-MESO-ELIXIR-SKIN-RENEWAL-ACTIVATOR-30ML-5903416084372-w.png\",\"width\":750,\"height\":750},{\"@type\":\"BreadcrumbList\",\"@id\":\"https:\/\/www.eveline.hu\/2016\/eveline-kozmetikumok-szepsegapolas\/termekcsaladok\/super_needles\/vitamin-s-u-p-e-r-needles-200-mezo-elixir-borujito-aktivator-30ml\/#breadcrumb\",\"itemListElement\":[{\"@type\":\"ListItem\",\"position\":1,\"name\":\"Home\",\"item\":\"https:\/\/www.eveline.hu\/2016\/\"},{\"@type\":\"ListItem\",\"position\":2,\"name\":\"Term\u00e9kek\",\"item\":\"https:\/\/www.eveline.hu\/2016\/shop\/\"},{\"@type\":\"ListItem\",\"position\":3,\"name\":\"VITAMIN S U P E R NEEDLES 200 MEZO-ELIX\u00cdR B\u0150R\u00daJ\u00cdT\u00d3 AKTIV\u00c1TOR 30ml\"}]},{\"@type\":\"WebSite\",\"@id\":\"https:\/\/www.eveline.hu\/2016\/#website\",\"url\":\"https:\/\/www.eveline.hu\/2016\/\",\"name\":\"Eveline Cosmetics Magyarorsz\u00e1g\",\"description\":\"Min\u0151s\u00e9gi kozmetikumok Lengyelorsz\u00e1gb\u00f3l\",\"potentialAction\":[{\"@type\":\"SearchAction\",\"target\":{\"@type\":\"EntryPoint\",\"urlTemplate\":\"https:\/\/www.eveline.hu\/2016\/?s={search_term_string}\"},\"query-input\":\"required name=search_term_string\"}],\"inLanguage\":\"hu\"}]}<\/script>\n<!-- \/ Yoast SEO plugin. -->","yoast_head_json":{"title":"VITAMIN S U P E R NEEDLES 200 MEZO-ELIX\u00cdR B\u0150R\u00daJ\u00cdT\u00d3 AKTIV\u00c1TOR 30ml - Eveline Cosmetics Magyarorsz\u00e1g","robots":{"index":"index","follow":"follow","max-snippet":"max-snippet:-1","max-image-preview":"max-image-preview:large","max-video-preview":"max-video-preview:-1"},"canonical":"https:\/\/www.eveline.hu\/2016\/eveline-kozmetikumok-szepsegapolas\/termekcsaladok\/super_needles\/vitamin-s-u-p-e-r-needles-200-mezo-elixir-borujito-aktivator-30ml\/","og_locale":"hu_HU","og_type":"article","og_title":"VITAMIN S U P E R NEEDLES 200 MEZO-ELIX\u00cdR B\u0150R\u00daJ\u00cdT\u00d3 AKTIV\u00c1TOR 30ml - Eveline Cosmetics Magyarorsz\u00e1g","og_description":"A SUPER NEEDLES sorozat a b\u0151r\u00e1pol\u00e1s forradalma, amelyet olyan professzion\u00e1lis mikrot\u0171s kezel\u00e9sek ihlettek, mint p\u00e9ld\u00e1ul a mikrot\u0171s mezoter\u00e1pia. A mikroszkopikus spongilla t\u0171knek k\u00f6sz\u00f6nhet\u0151en a term\u00e9kek gyeng\u00e9den aktiv\u00e1lj\u00e1k a felh\u00e1mot \u00e9s fokozz\u00e1k a hat\u00f3anyagok felsz\u00edv\u00f3d\u00e1s\u00e1t. A term\u00e9k minden egyes alkalmaz\u00e1sa olyan, [&hellip;]","og_url":"https:\/\/www.eveline.hu\/2016\/eveline-kozmetikumok-szepsegapolas\/termekcsaladok\/super_needles\/vitamin-s-u-p-e-r-needles-200-mezo-elixir-borujito-aktivator-30ml\/","og_site_name":"Eveline Cosmetics Magyarorsz\u00e1g","article_modified_time":"2025-08-19T14:06:37+00:00","og_image":[{"width":750,"height":750,"url":"https:\/\/www.eveline.hu\/2016\/wp-content\/uploads\/2025\/08\/VITAMIN-SUPER-NEEDLES-200-MESO-ELIXIR-SKIN-RENEWAL-ACTIVATOR-30ML-5903416084372-w.png","type":"image\/png"}],"twitter_card":"summary_large_image","twitter_misc":{"Becs\u00fclt olvas\u00e1si id\u0151":"1 perc"},"schema":{"@context":"https:\/\/schema.org","@graph":[{"@type":"WebPage","@id":"https:\/\/www.eveline.hu\/2016\/eveline-kozmetikumok-szepsegapolas\/termekcsaladok\/super_needles\/vitamin-s-u-p-e-r-needles-200-mezo-elixir-borujito-aktivator-30ml\/","url":"https:\/\/www.eveline.hu\/2016\/eveline-kozmetikumok-szepsegapolas\/termekcsaladok\/super_needles\/vitamin-s-u-p-e-r-needles-200-mezo-elixir-borujito-aktivator-30ml\/","name":"VITAMIN S U P E R NEEDLES 200 MEZO-ELIX\u00cdR B\u0150R\u00daJ\u00cdT\u00d3 AKTIV\u00c1TOR 30ml - Eveline Cosmetics Magyarorsz\u00e1g","isPartOf":{"@id":"https:\/\/www.eveline.hu\/2016\/#website"},"primaryImageOfPage":{"@id":"https:\/\/www.eveline.hu\/2016\/eveline-kozmetikumok-szepsegapolas\/termekcsaladok\/super_needles\/vitamin-s-u-p-e-r-needles-200-mezo-elixir-borujito-aktivator-30ml\/#primaryimage"},"image":{"@id":"https:\/\/www.eveline.hu\/2016\/eveline-kozmetikumok-szepsegapolas\/termekcsaladok\/super_needles\/vitamin-s-u-p-e-r-needles-200-mezo-elixir-borujito-aktivator-30ml\/#primaryimage"},"thumbnailUrl":"https:\/\/www.eveline.hu\/2016\/wp-content\/uploads\/2025\/08\/VITAMIN-SUPER-NEEDLES-200-MESO-ELIXIR-SKIN-RENEWAL-ACTIVATOR-30ML-5903416084372-w.png","datePublished":"2025-08-19T14:06:36+00:00","dateModified":"2025-08-19T14:06:37+00:00","breadcrumb":{"@id":"https:\/\/www.eveline.hu\/2016\/eveline-kozmetikumok-szepsegapolas\/termekcsaladok\/super_needles\/vitamin-s-u-p-e-r-needles-200-mezo-elixir-borujito-aktivator-30ml\/#breadcrumb"},"inLanguage":"hu","potentialAction":[{"@type":"ReadAction","target":["https:\/\/www.eveline.hu\/2016\/eveline-kozmetikumok-szepsegapolas\/termekcsaladok\/super_needles\/vitamin-s-u-p-e-r-needles-200-mezo-elixir-borujito-aktivator-30ml\/"]}]},{"@type":"ImageObject","inLanguage":"hu","@id":"https:\/\/www.eveline.hu\/2016\/eveline-kozmetikumok-szepsegapolas\/termekcsaladok\/super_needles\/vitamin-s-u-p-e-r-needles-200-mezo-elixir-borujito-aktivator-30ml\/#primaryimage","url":"https:\/\/www.eveline.hu\/2016\/wp-content\/uploads\/2025\/08\/VITAMIN-SUPER-NEEDLES-200-MESO-ELIXIR-SKIN-RENEWAL-ACTIVATOR-30ML-5903416084372-w.png","contentUrl":"https:\/\/www.eveline.hu\/2016\/wp-content\/uploads\/2025\/08\/VITAMIN-SUPER-NEEDLES-200-MESO-ELIXIR-SKIN-RENEWAL-ACTIVATOR-30ML-5903416084372-w.png","width":750,"height":750},{"@type":"BreadcrumbList","@id":"https:\/\/www.eveline.hu\/2016\/eveline-kozmetikumok-szepsegapolas\/termekcsaladok\/super_needles\/vitamin-s-u-p-e-r-needles-200-mezo-elixir-borujito-aktivator-30ml\/#breadcrumb","itemListElement":[{"@type":"ListItem","position":1,"name":"Home","item":"https:\/\/www.eveline.hu\/2016\/"},{"@type":"ListItem","position":2,"name":"Term\u00e9kek","item":"https:\/\/www.eveline.hu\/2016\/shop\/"},{"@type":"ListItem","position":3,"name":"VITAMIN S U P E R NEEDLES 200 MEZO-ELIX\u00cdR B\u0150R\u00daJ\u00cdT\u00d3 AKTIV\u00c1TOR 30ml"}]},{"@type":"WebSite","@id":"https:\/\/www.eveline.hu\/2016\/#website","url":"https:\/\/www.eveline.hu\/2016\/","name":"Eveline Cosmetics Magyarorsz\u00e1g","description":"Min\u0151s\u00e9gi kozmetikumok Lengyelorsz\u00e1gb\u00f3l","potentialAction":[{"@type":"SearchAction","target":{"@type":"EntryPoint","urlTemplate":"https:\/\/www.eveline.hu\/2016\/?s={search_term_string}"},"query-input":"required name=search_term_string"}],"inLanguage":"hu"}]}},"_links":{"self":[{"href":"https:\/\/www.eveline.hu\/2016\/wp-json\/wp\/v2\/product\/32282"}],"collection":[{"href":"https:\/\/www.eveline.hu\/2016\/wp-json\/wp\/v2\/product"}],"about":[{"href":"https:\/\/www.eveline.hu\/2016\/wp-json\/wp\/v2\/types\/product"}],"replies":[{"embeddable":true,"href":"https:\/\/www.eveline.hu\/2016\/wp-json\/wp\/v2\/comments?post=32282"}],"wp:featuredmedia":[{"embeddable":true,"href":"https:\/\/www.eveline.hu\/2016\/wp-json\/wp\/v2\/media\/32284"}],"wp:attachment":[{"href":"https:\/\/www.eveline.hu\/2016\/wp-json\/wp\/v2\/media?parent=32282"}],"wp:term":[{"taxonomy":"product_cat","embeddable":true,"href":"https:\/\/www.eveline.hu\/2016\/wp-json\/wp\/v2\/product_cat?post=32282"},{"taxonomy":"product_tag","embeddable":true,"href":"https:\/\/www.eveline.hu\/2016\/wp-json\/wp\/v2\/product_tag?post=32282"}],"curies":[{"name":"wp","href":"https:\/\/api.w.org\/{rel}","templated":true}]}}