{"id":32252,"date":"2025-08-13T16:16:20","date_gmt":"2025-08-13T14:16:20","guid":{"rendered":"https:\/\/www.eveline.hu\/2016\/?post_type=product&#038;p=32252"},"modified":"2025-08-19T16:37:21","modified_gmt":"2025-08-19T14:37:21","slug":"karcsusito-olajos-szerum-testmasszazshoz-150ml","status":"publish","type":"product","link":"https:\/\/www.eveline.hu\/2016\/eveline-kozmetikumok-szepsegapolas\/termekcsaladok\/slim-extreme\/karcsusito-olajos-szerum-testmasszazshoz-150ml\/","title":{"rendered":"Karcs\u00fas\u00edt\u00f3 olajos sz\u00e9rum testmassz\u00e1zshoz 150ml"},"content":{"rendered":"<p>Az olajos sz\u00e9rum megfelel a narancsb\u0151r probl\u00e9m\u00e1val k\u00fczd\u0151 n\u0151k ig\u00e9nyeinek. T\u00e1mogatja a narancsb\u0151r cs\u00f6kkent\u00e9s\u00e9t, a k\u00f6rm\u00e9ret cs\u00f6kken\u00e9s\u00e9t \u00e9s a testform\u00e1z\u00e1st.<\/p>\n<p>A speci\u00e1lis formula, amelyben a LIPO- \u03b2 TRANSFORM TECHNOLOGY i BeeLIFT COMPLEX regener\u00e1l\u00f3 \u00e9s t\u00e1pl\u00e1l\u00f3 hat\u00e1st biztos\u00edt, m\u00e9lyen hidrat\u00e1l \u00e9s intenz\u00edven kisim\u00edt. Az olajkomplexum seg\u00edt fenntartani a feszess\u00e9get, t\u00e1mogatja a karcs\u00fas\u00edt\u00e1st \u00e9s megg\u00e1tolja a stri\u00e1k kialakul\u00e1s\u00e1t.<\/p>\n<p><strong>Alkalmaz\u00e1s: <\/strong>vigyen fel egy kis mennyis\u00e9get az olajos sz\u00e9rumb\u00f3l a tenyer\u00e9re, \u00e9s er\u0151teljesen d\u00f6rzs\u00f6lje sz\u00e9t. A felmeleg\u00edtett olajat a kez\u00fcnkkel vigy\u00fck fel a b\u0151rre, \u00e9s d\u00f6rzs\u00f6lj\u00fck be a testbe.<\/p>\n","protected":false},"excerpt":{"rendered":"<p>1ml (23,32Ft)<\/p>\n","protected":false},"featured_media":32253,"comment_status":"open","ping_status":"closed","template":"","meta":[],"product_cat":[286,80,104],"product_tag":[],"yoast_head":"<!-- This site is optimized with the Yoast SEO plugin v22.2 - https:\/\/yoast.com\/wordpress\/plugins\/seo\/ -->\n<title>Karcs\u00fas\u00edt\u00f3 olajos sz\u00e9rum testmassz\u00e1zshoz 150ml - Eveline Cosmetics Magyarorsz\u00e1g<\/title>\n<meta name=\"robots\" content=\"index, follow, max-snippet:-1, max-image-preview:large, max-video-preview:-1\" \/>\n<link rel=\"canonical\" href=\"https:\/\/www.eveline.hu\/2016\/eveline-kozmetikumok-szepsegapolas\/termekcsaladok\/slim-extreme\/karcsusito-olajos-szerum-testmasszazshoz-150ml\/\" \/>\n<meta property=\"og:locale\" content=\"hu_HU\" \/>\n<meta property=\"og:type\" content=\"article\" \/>\n<meta property=\"og:title\" content=\"Karcs\u00fas\u00edt\u00f3 olajos sz\u00e9rum testmassz\u00e1zshoz 150ml - Eveline Cosmetics Magyarorsz\u00e1g\" \/>\n<meta property=\"og:description\" content=\"1ml (23,32Ft)\" \/>\n<meta property=\"og:url\" content=\"https:\/\/www.eveline.hu\/2016\/eveline-kozmetikumok-szepsegapolas\/termekcsaladok\/slim-extreme\/karcsusito-olajos-szerum-testmasszazshoz-150ml\/\" \/>\n<meta property=\"og:site_name\" content=\"Eveline Cosmetics Magyarorsz\u00e1g\" \/>\n<meta property=\"article:modified_time\" content=\"2025-08-19T14:37:21+00:00\" \/>\n<meta property=\"og:image\" content=\"https:\/\/www.eveline.hu\/2016\/wp-content\/uploads\/2025\/08\/5903416079873-SLIM-EXTREME-4D-OIL-SLIMMING-SERUM-150-ML-NEW-w.png\" \/>\n\t<meta property=\"og:image:width\" content=\"750\" \/>\n\t<meta property=\"og:image:height\" content=\"750\" \/>\n\t<meta property=\"og:image:type\" content=\"image\/png\" \/>\n<meta name=\"twitter:card\" content=\"summary_large_image\" \/>\n<meta name=\"twitter:label1\" content=\"Becs\u00fclt olvas\u00e1si id\u0151\" \/>\n\t<meta name=\"twitter:data1\" content=\"1 perc\" \/>\n<script type=\"application\/ld+json\" class=\"yoast-schema-graph\">{\"@context\":\"https:\/\/schema.org\",\"@graph\":[{\"@type\":\"WebPage\",\"@id\":\"https:\/\/www.eveline.hu\/2016\/eveline-kozmetikumok-szepsegapolas\/termekcsaladok\/slim-extreme\/karcsusito-olajos-szerum-testmasszazshoz-150ml\/\",\"url\":\"https:\/\/www.eveline.hu\/2016\/eveline-kozmetikumok-szepsegapolas\/termekcsaladok\/slim-extreme\/karcsusito-olajos-szerum-testmasszazshoz-150ml\/\",\"name\":\"Karcs\u00fas\u00edt\u00f3 olajos sz\u00e9rum testmassz\u00e1zshoz 150ml - Eveline Cosmetics Magyarorsz\u00e1g\",\"isPartOf\":{\"@id\":\"https:\/\/www.eveline.hu\/2016\/#website\"},\"primaryImageOfPage\":{\"@id\":\"https:\/\/www.eveline.hu\/2016\/eveline-kozmetikumok-szepsegapolas\/termekcsaladok\/slim-extreme\/karcsusito-olajos-szerum-testmasszazshoz-150ml\/#primaryimage\"},\"image\":{\"@id\":\"https:\/\/www.eveline.hu\/2016\/eveline-kozmetikumok-szepsegapolas\/termekcsaladok\/slim-extreme\/karcsusito-olajos-szerum-testmasszazshoz-150ml\/#primaryimage\"},\"thumbnailUrl\":\"https:\/\/www.eveline.hu\/2016\/wp-content\/uploads\/2025\/08\/5903416079873-SLIM-EXTREME-4D-OIL-SLIMMING-SERUM-150-ML-NEW-w.png\",\"datePublished\":\"2025-08-13T14:16:20+00:00\",\"dateModified\":\"2025-08-19T14:37:21+00:00\",\"breadcrumb\":{\"@id\":\"https:\/\/www.eveline.hu\/2016\/eveline-kozmetikumok-szepsegapolas\/termekcsaladok\/slim-extreme\/karcsusito-olajos-szerum-testmasszazshoz-150ml\/#breadcrumb\"},\"inLanguage\":\"hu\",\"potentialAction\":[{\"@type\":\"ReadAction\",\"target\":[\"https:\/\/www.eveline.hu\/2016\/eveline-kozmetikumok-szepsegapolas\/termekcsaladok\/slim-extreme\/karcsusito-olajos-szerum-testmasszazshoz-150ml\/\"]}]},{\"@type\":\"ImageObject\",\"inLanguage\":\"hu\",\"@id\":\"https:\/\/www.eveline.hu\/2016\/eveline-kozmetikumok-szepsegapolas\/termekcsaladok\/slim-extreme\/karcsusito-olajos-szerum-testmasszazshoz-150ml\/#primaryimage\",\"url\":\"https:\/\/www.eveline.hu\/2016\/wp-content\/uploads\/2025\/08\/5903416079873-SLIM-EXTREME-4D-OIL-SLIMMING-SERUM-150-ML-NEW-w.png\",\"contentUrl\":\"https:\/\/www.eveline.hu\/2016\/wp-content\/uploads\/2025\/08\/5903416079873-SLIM-EXTREME-4D-OIL-SLIMMING-SERUM-150-ML-NEW-w.png\",\"width\":750,\"height\":750},{\"@type\":\"BreadcrumbList\",\"@id\":\"https:\/\/www.eveline.hu\/2016\/eveline-kozmetikumok-szepsegapolas\/termekcsaladok\/slim-extreme\/karcsusito-olajos-szerum-testmasszazshoz-150ml\/#breadcrumb\",\"itemListElement\":[{\"@type\":\"ListItem\",\"position\":1,\"name\":\"Home\",\"item\":\"https:\/\/www.eveline.hu\/2016\/\"},{\"@type\":\"ListItem\",\"position\":2,\"name\":\"Term\u00e9kek\",\"item\":\"https:\/\/www.eveline.hu\/2016\/shop\/\"},{\"@type\":\"ListItem\",\"position\":3,\"name\":\"Karcs\u00fas\u00edt\u00f3 olajos sz\u00e9rum testmassz\u00e1zshoz 150ml\"}]},{\"@type\":\"WebSite\",\"@id\":\"https:\/\/www.eveline.hu\/2016\/#website\",\"url\":\"https:\/\/www.eveline.hu\/2016\/\",\"name\":\"Eveline Cosmetics Magyarorsz\u00e1g\",\"description\":\"Min\u0151s\u00e9gi kozmetikumok Lengyelorsz\u00e1gb\u00f3l\",\"potentialAction\":[{\"@type\":\"SearchAction\",\"target\":{\"@type\":\"EntryPoint\",\"urlTemplate\":\"https:\/\/www.eveline.hu\/2016\/?s={search_term_string}\"},\"query-input\":\"required name=search_term_string\"}],\"inLanguage\":\"hu\"}]}<\/script>\n<!-- \/ Yoast SEO plugin. -->","yoast_head_json":{"title":"Karcs\u00fas\u00edt\u00f3 olajos sz\u00e9rum testmassz\u00e1zshoz 150ml - Eveline Cosmetics Magyarorsz\u00e1g","robots":{"index":"index","follow":"follow","max-snippet":"max-snippet:-1","max-image-preview":"max-image-preview:large","max-video-preview":"max-video-preview:-1"},"canonical":"https:\/\/www.eveline.hu\/2016\/eveline-kozmetikumok-szepsegapolas\/termekcsaladok\/slim-extreme\/karcsusito-olajos-szerum-testmasszazshoz-150ml\/","og_locale":"hu_HU","og_type":"article","og_title":"Karcs\u00fas\u00edt\u00f3 olajos sz\u00e9rum testmassz\u00e1zshoz 150ml - Eveline Cosmetics Magyarorsz\u00e1g","og_description":"1ml (23,32Ft)","og_url":"https:\/\/www.eveline.hu\/2016\/eveline-kozmetikumok-szepsegapolas\/termekcsaladok\/slim-extreme\/karcsusito-olajos-szerum-testmasszazshoz-150ml\/","og_site_name":"Eveline Cosmetics Magyarorsz\u00e1g","article_modified_time":"2025-08-19T14:37:21+00:00","og_image":[{"width":750,"height":750,"url":"https:\/\/www.eveline.hu\/2016\/wp-content\/uploads\/2025\/08\/5903416079873-SLIM-EXTREME-4D-OIL-SLIMMING-SERUM-150-ML-NEW-w.png","type":"image\/png"}],"twitter_card":"summary_large_image","twitter_misc":{"Becs\u00fclt olvas\u00e1si id\u0151":"1 perc"},"schema":{"@context":"https:\/\/schema.org","@graph":[{"@type":"WebPage","@id":"https:\/\/www.eveline.hu\/2016\/eveline-kozmetikumok-szepsegapolas\/termekcsaladok\/slim-extreme\/karcsusito-olajos-szerum-testmasszazshoz-150ml\/","url":"https:\/\/www.eveline.hu\/2016\/eveline-kozmetikumok-szepsegapolas\/termekcsaladok\/slim-extreme\/karcsusito-olajos-szerum-testmasszazshoz-150ml\/","name":"Karcs\u00fas\u00edt\u00f3 olajos sz\u00e9rum testmassz\u00e1zshoz 150ml - Eveline Cosmetics Magyarorsz\u00e1g","isPartOf":{"@id":"https:\/\/www.eveline.hu\/2016\/#website"},"primaryImageOfPage":{"@id":"https:\/\/www.eveline.hu\/2016\/eveline-kozmetikumok-szepsegapolas\/termekcsaladok\/slim-extreme\/karcsusito-olajos-szerum-testmasszazshoz-150ml\/#primaryimage"},"image":{"@id":"https:\/\/www.eveline.hu\/2016\/eveline-kozmetikumok-szepsegapolas\/termekcsaladok\/slim-extreme\/karcsusito-olajos-szerum-testmasszazshoz-150ml\/#primaryimage"},"thumbnailUrl":"https:\/\/www.eveline.hu\/2016\/wp-content\/uploads\/2025\/08\/5903416079873-SLIM-EXTREME-4D-OIL-SLIMMING-SERUM-150-ML-NEW-w.png","datePublished":"2025-08-13T14:16:20+00:00","dateModified":"2025-08-19T14:37:21+00:00","breadcrumb":{"@id":"https:\/\/www.eveline.hu\/2016\/eveline-kozmetikumok-szepsegapolas\/termekcsaladok\/slim-extreme\/karcsusito-olajos-szerum-testmasszazshoz-150ml\/#breadcrumb"},"inLanguage":"hu","potentialAction":[{"@type":"ReadAction","target":["https:\/\/www.eveline.hu\/2016\/eveline-kozmetikumok-szepsegapolas\/termekcsaladok\/slim-extreme\/karcsusito-olajos-szerum-testmasszazshoz-150ml\/"]}]},{"@type":"ImageObject","inLanguage":"hu","@id":"https:\/\/www.eveline.hu\/2016\/eveline-kozmetikumok-szepsegapolas\/termekcsaladok\/slim-extreme\/karcsusito-olajos-szerum-testmasszazshoz-150ml\/#primaryimage","url":"https:\/\/www.eveline.hu\/2016\/wp-content\/uploads\/2025\/08\/5903416079873-SLIM-EXTREME-4D-OIL-SLIMMING-SERUM-150-ML-NEW-w.png","contentUrl":"https:\/\/www.eveline.hu\/2016\/wp-content\/uploads\/2025\/08\/5903416079873-SLIM-EXTREME-4D-OIL-SLIMMING-SERUM-150-ML-NEW-w.png","width":750,"height":750},{"@type":"BreadcrumbList","@id":"https:\/\/www.eveline.hu\/2016\/eveline-kozmetikumok-szepsegapolas\/termekcsaladok\/slim-extreme\/karcsusito-olajos-szerum-testmasszazshoz-150ml\/#breadcrumb","itemListElement":[{"@type":"ListItem","position":1,"name":"Home","item":"https:\/\/www.eveline.hu\/2016\/"},{"@type":"ListItem","position":2,"name":"Term\u00e9kek","item":"https:\/\/www.eveline.hu\/2016\/shop\/"},{"@type":"ListItem","position":3,"name":"Karcs\u00fas\u00edt\u00f3 olajos sz\u00e9rum testmassz\u00e1zshoz 150ml"}]},{"@type":"WebSite","@id":"https:\/\/www.eveline.hu\/2016\/#website","url":"https:\/\/www.eveline.hu\/2016\/","name":"Eveline Cosmetics Magyarorsz\u00e1g","description":"Min\u0151s\u00e9gi kozmetikumok Lengyelorsz\u00e1gb\u00f3l","potentialAction":[{"@type":"SearchAction","target":{"@type":"EntryPoint","urlTemplate":"https:\/\/www.eveline.hu\/2016\/?s={search_term_string}"},"query-input":"required name=search_term_string"}],"inLanguage":"hu"}]}},"_links":{"self":[{"href":"https:\/\/www.eveline.hu\/2016\/wp-json\/wp\/v2\/product\/32252"}],"collection":[{"href":"https:\/\/www.eveline.hu\/2016\/wp-json\/wp\/v2\/product"}],"about":[{"href":"https:\/\/www.eveline.hu\/2016\/wp-json\/wp\/v2\/types\/product"}],"replies":[{"embeddable":true,"href":"https:\/\/www.eveline.hu\/2016\/wp-json\/wp\/v2\/comments?post=32252"}],"wp:featuredmedia":[{"embeddable":true,"href":"https:\/\/www.eveline.hu\/2016\/wp-json\/wp\/v2\/media\/32253"}],"wp:attachment":[{"href":"https:\/\/www.eveline.hu\/2016\/wp-json\/wp\/v2\/media?parent=32252"}],"wp:term":[{"taxonomy":"product_cat","embeddable":true,"href":"https:\/\/www.eveline.hu\/2016\/wp-json\/wp\/v2\/product_cat?post=32252"},{"taxonomy":"product_tag","embeddable":true,"href":"https:\/\/www.eveline.hu\/2016\/wp-json\/wp\/v2\/product_tag?post=32252"}],"curies":[{"name":"wp","href":"https:\/\/api.w.org\/{rel}","templated":true}]}}