{"id":32196,"date":"2025-07-30T14:34:07","date_gmt":"2025-07-30T12:34:07","guid":{"rendered":"https:\/\/www.eveline.hu\/2016\/?post_type=product&#038;p=32196"},"modified":"2025-07-30T14:34:08","modified_gmt":"2025-07-30T12:34:08","slug":"lab-formula-fejlett-szerum-tokeletlensegekre-30ml","status":"publish","type":"product","link":"https:\/\/www.eveline.hu\/2016\/eveline-kozmetikumok-szepsegapolas\/termekcsaladok\/lab_formula\/lab-formula-fejlett-szerum-tokeletlensegekre-30ml\/","title":{"rendered":"LAB FORMULA  FEJLETT SZ\u00c9RUM t\u00f6k\u00e9letlens\u00e9gekre 30ml"},"content":{"rendered":"<p>18%-OS OLDAT<\/p>\n<p>-Niacinamid<\/p>\n<p>-Cink pca<\/p>\n<p>-Szf\u00e9rikus szalacilsav<\/p>\n<p>-Madecassoside<\/p>\n<p>-Ny\u00edrfa kivonat<\/p>\n<p>A sorozat egy innovat\u00edv sejt\u00e1tmenetes technol\u00f3gi\u00e1n alapul, a leg\u00fajabb gener\u00e1ci\u00f3s viv\u0151 anyagok haszn\u00e1lat\u00e1val, az \u00fan: CICA Exosome Delivery System\u2122 \u00e9lvonalbeli megold\u00e1s, amely mikroszkopikus strukt\u00far\u00e1kat &#8211; exosz\u00f3m\u00e1kat &#8211; haszn\u00e1l a hat\u00f3anyagok prec\u00edz, m\u00e9lyen a b\u0151rbe t\u00f6rt\u00e9n\u0151 sz\u00e1ll\u00edt\u00e1s\u00e1ra, optim\u00e1lis hat\u00e1st biztos\u00edtva.<\/p>\n<p>Az exosz\u00f3m\u00e1kban tal\u00e1lhat\u00f3 Centella asiatica kivonat t\u00e1mogatja a b\u0151r regener\u00e1ci\u00f3j\u00e1t.<\/p>\n<p>Az ADVANCED ANTI BLEMISH SERUM 18%-os komplexen alapul, amely hat\u00e9konyan cs\u00f6kkenti a pattan\u00e1sokat \u00e9s mitesszereket, cs\u00f6kkenti a p\u00f3rusok l\u00e1that\u00f3s\u00e1g\u00e1t \u00e9s kiegyenl\u00edti a b\u0151r t\u00f3nus\u00e1t.<\/p>\n<p><strong>3 alkalmaz\u00e1si m\u00f3d<\/strong>: Vigyen fel egy kis mennyis\u00e9get a sz\u00e9rumb\u00f3l a megtiszt\u00edtott arcra 1. \u00f6nmag\u00e1ban 2. kr\u00e9m al\u00e1 vagy 3. kr\u00e9mhez adva.<\/p>\n","protected":false},"excerpt":{"rendered":"<p>18%-OS OLDAT -Niacinamid -Cink pca -Szf\u00e9rikus szalacilsav -Madecassoside -Ny\u00edrfa kivonat A sorozat egy innovat\u00edv sejt\u00e1tmenetes technol\u00f3gi\u00e1n alapul, a leg\u00fajabb gener\u00e1ci\u00f3s viv\u0151 anyagok haszn\u00e1lat\u00e1val, az \u00fan: CICA Exosome Delivery System\u2122 \u00e9lvonalbeli megold\u00e1s, amely mikroszkopikus strukt\u00far\u00e1kat &#8211; exosz\u00f3m\u00e1kat &#8211; haszn\u00e1l a hat\u00f3anyagok [&hellip;]<\/p>\n","protected":false},"featured_media":32197,"comment_status":"open","ping_status":"closed","template":"","meta":[],"product_cat":[307,80],"product_tag":[],"yoast_head":"<!-- This site is optimized with the Yoast SEO plugin v22.2 - https:\/\/yoast.com\/wordpress\/plugins\/seo\/ -->\n<title>LAB FORMULA FEJLETT SZ\u00c9RUM t\u00f6k\u00e9letlens\u00e9gekre 30ml - Eveline Cosmetics Magyarorsz\u00e1g<\/title>\n<meta name=\"robots\" content=\"index, follow, max-snippet:-1, max-image-preview:large, max-video-preview:-1\" \/>\n<link rel=\"canonical\" href=\"https:\/\/www.eveline.hu\/2016\/eveline-kozmetikumok-szepsegapolas\/termekcsaladok\/lab_formula\/lab-formula-fejlett-szerum-tokeletlensegekre-30ml\/\" \/>\n<meta property=\"og:locale\" content=\"hu_HU\" \/>\n<meta property=\"og:type\" content=\"article\" \/>\n<meta property=\"og:title\" content=\"LAB FORMULA FEJLETT SZ\u00c9RUM t\u00f6k\u00e9letlens\u00e9gekre 30ml - Eveline Cosmetics Magyarorsz\u00e1g\" \/>\n<meta property=\"og:description\" content=\"18%-OS OLDAT -Niacinamid -Cink pca -Szf\u00e9rikus szalacilsav -Madecassoside -Ny\u00edrfa kivonat A sorozat egy innovat\u00edv sejt\u00e1tmenetes technol\u00f3gi\u00e1n alapul, a leg\u00fajabb gener\u00e1ci\u00f3s viv\u0151 anyagok haszn\u00e1lat\u00e1val, az \u00fan: CICA Exosome Delivery System\u2122 \u00e9lvonalbeli megold\u00e1s, amely mikroszkopikus strukt\u00far\u00e1kat &#8211; exosz\u00f3m\u00e1kat &#8211; haszn\u00e1l a hat\u00f3anyagok [&hellip;]\" \/>\n<meta property=\"og:url\" content=\"https:\/\/www.eveline.hu\/2016\/eveline-kozmetikumok-szepsegapolas\/termekcsaladok\/lab_formula\/lab-formula-fejlett-szerum-tokeletlensegekre-30ml\/\" \/>\n<meta property=\"og:site_name\" content=\"Eveline Cosmetics Magyarorsz\u00e1g\" \/>\n<meta property=\"article:modified_time\" content=\"2025-07-30T12:34:08+00:00\" \/>\n<meta property=\"og:image\" content=\"https:\/\/www.eveline.hu\/2016\/wp-content\/uploads\/2025\/07\/LAB-FORMULA-ADVANCED-SERUM-FOR-IMPERFECTIONS-30ML_5903416079422-w.png\" \/>\n\t<meta property=\"og:image:width\" content=\"750\" \/>\n\t<meta property=\"og:image:height\" content=\"750\" \/>\n\t<meta property=\"og:image:type\" content=\"image\/png\" \/>\n<meta name=\"twitter:card\" content=\"summary_large_image\" \/>\n<meta name=\"twitter:label1\" content=\"Becs\u00fclt olvas\u00e1si id\u0151\" \/>\n\t<meta name=\"twitter:data1\" content=\"1 perc\" \/>\n<script type=\"application\/ld+json\" class=\"yoast-schema-graph\">{\"@context\":\"https:\/\/schema.org\",\"@graph\":[{\"@type\":\"WebPage\",\"@id\":\"https:\/\/www.eveline.hu\/2016\/eveline-kozmetikumok-szepsegapolas\/termekcsaladok\/lab_formula\/lab-formula-fejlett-szerum-tokeletlensegekre-30ml\/\",\"url\":\"https:\/\/www.eveline.hu\/2016\/eveline-kozmetikumok-szepsegapolas\/termekcsaladok\/lab_formula\/lab-formula-fejlett-szerum-tokeletlensegekre-30ml\/\",\"name\":\"LAB FORMULA FEJLETT SZ\u00c9RUM t\u00f6k\u00e9letlens\u00e9gekre 30ml - Eveline Cosmetics Magyarorsz\u00e1g\",\"isPartOf\":{\"@id\":\"https:\/\/www.eveline.hu\/2016\/#website\"},\"primaryImageOfPage\":{\"@id\":\"https:\/\/www.eveline.hu\/2016\/eveline-kozmetikumok-szepsegapolas\/termekcsaladok\/lab_formula\/lab-formula-fejlett-szerum-tokeletlensegekre-30ml\/#primaryimage\"},\"image\":{\"@id\":\"https:\/\/www.eveline.hu\/2016\/eveline-kozmetikumok-szepsegapolas\/termekcsaladok\/lab_formula\/lab-formula-fejlett-szerum-tokeletlensegekre-30ml\/#primaryimage\"},\"thumbnailUrl\":\"https:\/\/www.eveline.hu\/2016\/wp-content\/uploads\/2025\/07\/LAB-FORMULA-ADVANCED-SERUM-FOR-IMPERFECTIONS-30ML_5903416079422-w.png\",\"datePublished\":\"2025-07-30T12:34:07+00:00\",\"dateModified\":\"2025-07-30T12:34:08+00:00\",\"breadcrumb\":{\"@id\":\"https:\/\/www.eveline.hu\/2016\/eveline-kozmetikumok-szepsegapolas\/termekcsaladok\/lab_formula\/lab-formula-fejlett-szerum-tokeletlensegekre-30ml\/#breadcrumb\"},\"inLanguage\":\"hu\",\"potentialAction\":[{\"@type\":\"ReadAction\",\"target\":[\"https:\/\/www.eveline.hu\/2016\/eveline-kozmetikumok-szepsegapolas\/termekcsaladok\/lab_formula\/lab-formula-fejlett-szerum-tokeletlensegekre-30ml\/\"]}]},{\"@type\":\"ImageObject\",\"inLanguage\":\"hu\",\"@id\":\"https:\/\/www.eveline.hu\/2016\/eveline-kozmetikumok-szepsegapolas\/termekcsaladok\/lab_formula\/lab-formula-fejlett-szerum-tokeletlensegekre-30ml\/#primaryimage\",\"url\":\"https:\/\/www.eveline.hu\/2016\/wp-content\/uploads\/2025\/07\/LAB-FORMULA-ADVANCED-SERUM-FOR-IMPERFECTIONS-30ML_5903416079422-w.png\",\"contentUrl\":\"https:\/\/www.eveline.hu\/2016\/wp-content\/uploads\/2025\/07\/LAB-FORMULA-ADVANCED-SERUM-FOR-IMPERFECTIONS-30ML_5903416079422-w.png\",\"width\":750,\"height\":750},{\"@type\":\"BreadcrumbList\",\"@id\":\"https:\/\/www.eveline.hu\/2016\/eveline-kozmetikumok-szepsegapolas\/termekcsaladok\/lab_formula\/lab-formula-fejlett-szerum-tokeletlensegekre-30ml\/#breadcrumb\",\"itemListElement\":[{\"@type\":\"ListItem\",\"position\":1,\"name\":\"Home\",\"item\":\"https:\/\/www.eveline.hu\/2016\/\"},{\"@type\":\"ListItem\",\"position\":2,\"name\":\"Term\u00e9kek\",\"item\":\"https:\/\/www.eveline.hu\/2016\/shop\/\"},{\"@type\":\"ListItem\",\"position\":3,\"name\":\"LAB FORMULA FEJLETT SZ\u00c9RUM t\u00f6k\u00e9letlens\u00e9gekre 30ml\"}]},{\"@type\":\"WebSite\",\"@id\":\"https:\/\/www.eveline.hu\/2016\/#website\",\"url\":\"https:\/\/www.eveline.hu\/2016\/\",\"name\":\"Eveline Cosmetics Magyarorsz\u00e1g\",\"description\":\"Min\u0151s\u00e9gi kozmetikumok Lengyelorsz\u00e1gb\u00f3l\",\"potentialAction\":[{\"@type\":\"SearchAction\",\"target\":{\"@type\":\"EntryPoint\",\"urlTemplate\":\"https:\/\/www.eveline.hu\/2016\/?s={search_term_string}\"},\"query-input\":\"required name=search_term_string\"}],\"inLanguage\":\"hu\"}]}<\/script>\n<!-- \/ Yoast SEO plugin. -->","yoast_head_json":{"title":"LAB FORMULA FEJLETT SZ\u00c9RUM t\u00f6k\u00e9letlens\u00e9gekre 30ml - Eveline Cosmetics Magyarorsz\u00e1g","robots":{"index":"index","follow":"follow","max-snippet":"max-snippet:-1","max-image-preview":"max-image-preview:large","max-video-preview":"max-video-preview:-1"},"canonical":"https:\/\/www.eveline.hu\/2016\/eveline-kozmetikumok-szepsegapolas\/termekcsaladok\/lab_formula\/lab-formula-fejlett-szerum-tokeletlensegekre-30ml\/","og_locale":"hu_HU","og_type":"article","og_title":"LAB FORMULA FEJLETT SZ\u00c9RUM t\u00f6k\u00e9letlens\u00e9gekre 30ml - Eveline Cosmetics Magyarorsz\u00e1g","og_description":"18%-OS OLDAT -Niacinamid -Cink pca -Szf\u00e9rikus szalacilsav -Madecassoside -Ny\u00edrfa kivonat A sorozat egy innovat\u00edv sejt\u00e1tmenetes technol\u00f3gi\u00e1n alapul, a leg\u00fajabb gener\u00e1ci\u00f3s viv\u0151 anyagok haszn\u00e1lat\u00e1val, az \u00fan: CICA Exosome Delivery System\u2122 \u00e9lvonalbeli megold\u00e1s, amely mikroszkopikus strukt\u00far\u00e1kat &#8211; exosz\u00f3m\u00e1kat &#8211; haszn\u00e1l a hat\u00f3anyagok [&hellip;]","og_url":"https:\/\/www.eveline.hu\/2016\/eveline-kozmetikumok-szepsegapolas\/termekcsaladok\/lab_formula\/lab-formula-fejlett-szerum-tokeletlensegekre-30ml\/","og_site_name":"Eveline Cosmetics Magyarorsz\u00e1g","article_modified_time":"2025-07-30T12:34:08+00:00","og_image":[{"width":750,"height":750,"url":"https:\/\/www.eveline.hu\/2016\/wp-content\/uploads\/2025\/07\/LAB-FORMULA-ADVANCED-SERUM-FOR-IMPERFECTIONS-30ML_5903416079422-w.png","type":"image\/png"}],"twitter_card":"summary_large_image","twitter_misc":{"Becs\u00fclt olvas\u00e1si id\u0151":"1 perc"},"schema":{"@context":"https:\/\/schema.org","@graph":[{"@type":"WebPage","@id":"https:\/\/www.eveline.hu\/2016\/eveline-kozmetikumok-szepsegapolas\/termekcsaladok\/lab_formula\/lab-formula-fejlett-szerum-tokeletlensegekre-30ml\/","url":"https:\/\/www.eveline.hu\/2016\/eveline-kozmetikumok-szepsegapolas\/termekcsaladok\/lab_formula\/lab-formula-fejlett-szerum-tokeletlensegekre-30ml\/","name":"LAB FORMULA FEJLETT SZ\u00c9RUM t\u00f6k\u00e9letlens\u00e9gekre 30ml - Eveline Cosmetics Magyarorsz\u00e1g","isPartOf":{"@id":"https:\/\/www.eveline.hu\/2016\/#website"},"primaryImageOfPage":{"@id":"https:\/\/www.eveline.hu\/2016\/eveline-kozmetikumok-szepsegapolas\/termekcsaladok\/lab_formula\/lab-formula-fejlett-szerum-tokeletlensegekre-30ml\/#primaryimage"},"image":{"@id":"https:\/\/www.eveline.hu\/2016\/eveline-kozmetikumok-szepsegapolas\/termekcsaladok\/lab_formula\/lab-formula-fejlett-szerum-tokeletlensegekre-30ml\/#primaryimage"},"thumbnailUrl":"https:\/\/www.eveline.hu\/2016\/wp-content\/uploads\/2025\/07\/LAB-FORMULA-ADVANCED-SERUM-FOR-IMPERFECTIONS-30ML_5903416079422-w.png","datePublished":"2025-07-30T12:34:07+00:00","dateModified":"2025-07-30T12:34:08+00:00","breadcrumb":{"@id":"https:\/\/www.eveline.hu\/2016\/eveline-kozmetikumok-szepsegapolas\/termekcsaladok\/lab_formula\/lab-formula-fejlett-szerum-tokeletlensegekre-30ml\/#breadcrumb"},"inLanguage":"hu","potentialAction":[{"@type":"ReadAction","target":["https:\/\/www.eveline.hu\/2016\/eveline-kozmetikumok-szepsegapolas\/termekcsaladok\/lab_formula\/lab-formula-fejlett-szerum-tokeletlensegekre-30ml\/"]}]},{"@type":"ImageObject","inLanguage":"hu","@id":"https:\/\/www.eveline.hu\/2016\/eveline-kozmetikumok-szepsegapolas\/termekcsaladok\/lab_formula\/lab-formula-fejlett-szerum-tokeletlensegekre-30ml\/#primaryimage","url":"https:\/\/www.eveline.hu\/2016\/wp-content\/uploads\/2025\/07\/LAB-FORMULA-ADVANCED-SERUM-FOR-IMPERFECTIONS-30ML_5903416079422-w.png","contentUrl":"https:\/\/www.eveline.hu\/2016\/wp-content\/uploads\/2025\/07\/LAB-FORMULA-ADVANCED-SERUM-FOR-IMPERFECTIONS-30ML_5903416079422-w.png","width":750,"height":750},{"@type":"BreadcrumbList","@id":"https:\/\/www.eveline.hu\/2016\/eveline-kozmetikumok-szepsegapolas\/termekcsaladok\/lab_formula\/lab-formula-fejlett-szerum-tokeletlensegekre-30ml\/#breadcrumb","itemListElement":[{"@type":"ListItem","position":1,"name":"Home","item":"https:\/\/www.eveline.hu\/2016\/"},{"@type":"ListItem","position":2,"name":"Term\u00e9kek","item":"https:\/\/www.eveline.hu\/2016\/shop\/"},{"@type":"ListItem","position":3,"name":"LAB FORMULA FEJLETT SZ\u00c9RUM t\u00f6k\u00e9letlens\u00e9gekre 30ml"}]},{"@type":"WebSite","@id":"https:\/\/www.eveline.hu\/2016\/#website","url":"https:\/\/www.eveline.hu\/2016\/","name":"Eveline Cosmetics Magyarorsz\u00e1g","description":"Min\u0151s\u00e9gi kozmetikumok Lengyelorsz\u00e1gb\u00f3l","potentialAction":[{"@type":"SearchAction","target":{"@type":"EntryPoint","urlTemplate":"https:\/\/www.eveline.hu\/2016\/?s={search_term_string}"},"query-input":"required name=search_term_string"}],"inLanguage":"hu"}]}},"_links":{"self":[{"href":"https:\/\/www.eveline.hu\/2016\/wp-json\/wp\/v2\/product\/32196"}],"collection":[{"href":"https:\/\/www.eveline.hu\/2016\/wp-json\/wp\/v2\/product"}],"about":[{"href":"https:\/\/www.eveline.hu\/2016\/wp-json\/wp\/v2\/types\/product"}],"replies":[{"embeddable":true,"href":"https:\/\/www.eveline.hu\/2016\/wp-json\/wp\/v2\/comments?post=32196"}],"wp:featuredmedia":[{"embeddable":true,"href":"https:\/\/www.eveline.hu\/2016\/wp-json\/wp\/v2\/media\/32197"}],"wp:attachment":[{"href":"https:\/\/www.eveline.hu\/2016\/wp-json\/wp\/v2\/media?parent=32196"}],"wp:term":[{"taxonomy":"product_cat","embeddable":true,"href":"https:\/\/www.eveline.hu\/2016\/wp-json\/wp\/v2\/product_cat?post=32196"},{"taxonomy":"product_tag","embeddable":true,"href":"https:\/\/www.eveline.hu\/2016\/wp-json\/wp\/v2\/product_tag?post=32196"}],"curies":[{"name":"wp","href":"https:\/\/api.w.org\/{rel}","templated":true}]}}