{"id":32192,"date":"2025-07-30T14:17:04","date_gmt":"2025-07-30T12:17:04","guid":{"rendered":"https:\/\/www.eveline.hu\/2016\/?post_type=product&#038;p=32192"},"modified":"2025-09-04T16:37:37","modified_gmt":"2025-09-04T14:37:37","slug":"lab-formula-fejlett-szerum-sotet-foltok-ellen-30-ml","status":"publish","type":"product","link":"https:\/\/www.eveline.hu\/2016\/eveline-kozmetikumok-szepsegapolas\/termekcsaladok\/lab_formula\/lab-formula-fejlett-szerum-sotet-foltok-ellen-30-ml\/","title":{"rendered":"LAB formula FEJLETT SZ\u00c9RUM S\u00d6T\u00c9T FOLTOK ELLEN 30 ml"},"content":{"rendered":"<p>20%-OS OLDAT:<\/p>\n<p>&#8211; TRANEXAMINSAV<\/p>\n<p>&#8211; GLIKOLSAV<\/p>\n<p>&#8211; SPHERIK\u00c1LIS<\/p>\n<p>&#8211; C-VITAMIN<\/p>\n<p>&#8211; ARBUTIN<\/p>\n<p>&#8211; \u00c9DESGY\u00d6K\u00c9R KIVONAT<\/p>\n<p>LAB FORMULA Koncentr\u00e1lt formula, intenz\u00edv m\u0171k\u00f6d\u00e9ss, gyors hat\u00e1s&#8230;<\/p>\n<p>Ismerje meg a LAB FORMULA-t!<\/p>\n<p>A sorozat egy innovat\u00edv sejt\u00e1tviteli technol\u00f3gi\u00e1n alapul, a leg\u00fajabb gener\u00e1ci\u00f3s hordoz\u00f3k haszn\u00e1lat\u00e1val : CICA Exosome Delivery System\u2122 \u00c9lvonalbeli megold\u00e1s, amely mikroszkopikus strukt\u00far\u00e1kat &#8211; exosz\u00f3m\u00e1kat &#8211; haszn\u00e1l a hat\u00f3anyagok prec\u00edz, m\u00e9lyen a b\u0151rbe t\u00f6rt\u00e9n\u0151 sz\u00e1ll\u00edt\u00e1s\u00e1ra, optim\u00e1lis hat\u00e1st biztos\u00edtva. Az exosz\u00f3m\u00e1kban tal\u00e1lhat\u00f3 Centella asiatica kivonat t\u00e1mogatja a b\u0151r regener\u00e1ci\u00f3j\u00e1t.<\/p>\n<p>20%-os komplexen alapul, amely megsz\u00fcnteti a s\u00f6t\u00e9t foltokat \u00e9s az elsz\u00ednez\u0151d\u00e9seket, kiegyenl\u00edti a b\u0151r t\u00f3nus\u00e1t.<\/p>\n<p><strong>3 alkalmaz\u00e1si m\u00f3d<\/strong>: Vigyen fel egy kis mennyis\u00e9get a sz\u00e9rumb\u00f3l a megtiszt\u00edtott arcra 1. mag\u00e1ban 2. kr\u00e9m al\u00e1 vagy 3. kr\u00e9mhez adva.<\/p>\n","protected":false},"excerpt":{"rendered":"<p>20%-OS OLDAT: &#8211; TRANEXAMINSAV &#8211; GLIKOLSAV &#8211; SPHERIK\u00c1LIS &#8211; C-VITAMIN &#8211; ARBUTIN &#8211; \u00c9DESGY\u00d6K\u00c9R KIVONAT LAB FORMULA Koncentr\u00e1lt formula, intenz\u00edv m\u0171k\u00f6d\u00e9ss, gyors hat\u00e1s&#8230; Ismerje meg a LAB FORMULA-t! A sorozat egy innovat\u00edv sejt\u00e1tviteli technol\u00f3gi\u00e1n alapul, a leg\u00fajabb gener\u00e1ci\u00f3s hordoz\u00f3k haszn\u00e1lat\u00e1val [&hellip;]<\/p>\n","protected":false},"featured_media":32193,"comment_status":"open","ping_status":"closed","template":"","meta":[],"product_cat":[286,307,80],"product_tag":[],"yoast_head":"<!-- This site is optimized with the Yoast SEO plugin v22.2 - https:\/\/yoast.com\/wordpress\/plugins\/seo\/ -->\n<title>LAB formula FEJLETT SZ\u00c9RUM S\u00d6T\u00c9T FOLTOK ELLEN 30 ml - Eveline Cosmetics Magyarorsz\u00e1g<\/title>\n<meta name=\"robots\" content=\"index, follow, max-snippet:-1, max-image-preview:large, max-video-preview:-1\" \/>\n<link rel=\"canonical\" href=\"https:\/\/www.eveline.hu\/2016\/eveline-kozmetikumok-szepsegapolas\/termekcsaladok\/lab_formula\/lab-formula-fejlett-szerum-sotet-foltok-ellen-30-ml\/\" \/>\n<meta property=\"og:locale\" content=\"hu_HU\" \/>\n<meta property=\"og:type\" content=\"article\" \/>\n<meta property=\"og:title\" content=\"LAB formula FEJLETT SZ\u00c9RUM S\u00d6T\u00c9T FOLTOK ELLEN 30 ml - Eveline Cosmetics Magyarorsz\u00e1g\" \/>\n<meta property=\"og:description\" content=\"20%-OS OLDAT: &#8211; TRANEXAMINSAV &#8211; GLIKOLSAV &#8211; SPHERIK\u00c1LIS &#8211; C-VITAMIN &#8211; ARBUTIN &#8211; \u00c9DESGY\u00d6K\u00c9R KIVONAT LAB FORMULA Koncentr\u00e1lt formula, intenz\u00edv m\u0171k\u00f6d\u00e9ss, gyors hat\u00e1s&#8230; Ismerje meg a LAB FORMULA-t! A sorozat egy innovat\u00edv sejt\u00e1tviteli technol\u00f3gi\u00e1n alapul, a leg\u00fajabb gener\u00e1ci\u00f3s hordoz\u00f3k haszn\u00e1lat\u00e1val [&hellip;]\" \/>\n<meta property=\"og:url\" content=\"https:\/\/www.eveline.hu\/2016\/eveline-kozmetikumok-szepsegapolas\/termekcsaladok\/lab_formula\/lab-formula-fejlett-szerum-sotet-foltok-ellen-30-ml\/\" \/>\n<meta property=\"og:site_name\" content=\"Eveline Cosmetics Magyarorsz\u00e1g\" \/>\n<meta property=\"article:modified_time\" content=\"2025-09-04T14:37:37+00:00\" \/>\n<meta property=\"og:image\" content=\"https:\/\/www.eveline.hu\/2016\/wp-content\/uploads\/2025\/07\/LAB-FORMULA-ADVANCED-DISCOLORATION-SERUM-30ML_5903416079439-w.png\" \/>\n\t<meta property=\"og:image:width\" content=\"750\" \/>\n\t<meta property=\"og:image:height\" content=\"750\" \/>\n\t<meta property=\"og:image:type\" content=\"image\/png\" \/>\n<meta name=\"twitter:card\" content=\"summary_large_image\" \/>\n<meta name=\"twitter:label1\" content=\"Becs\u00fclt olvas\u00e1si id\u0151\" \/>\n\t<meta name=\"twitter:data1\" content=\"1 perc\" \/>\n<script type=\"application\/ld+json\" class=\"yoast-schema-graph\">{\"@context\":\"https:\/\/schema.org\",\"@graph\":[{\"@type\":\"WebPage\",\"@id\":\"https:\/\/www.eveline.hu\/2016\/eveline-kozmetikumok-szepsegapolas\/termekcsaladok\/lab_formula\/lab-formula-fejlett-szerum-sotet-foltok-ellen-30-ml\/\",\"url\":\"https:\/\/www.eveline.hu\/2016\/eveline-kozmetikumok-szepsegapolas\/termekcsaladok\/lab_formula\/lab-formula-fejlett-szerum-sotet-foltok-ellen-30-ml\/\",\"name\":\"LAB formula FEJLETT SZ\u00c9RUM S\u00d6T\u00c9T FOLTOK ELLEN 30 ml - Eveline Cosmetics Magyarorsz\u00e1g\",\"isPartOf\":{\"@id\":\"https:\/\/www.eveline.hu\/2016\/#website\"},\"primaryImageOfPage\":{\"@id\":\"https:\/\/www.eveline.hu\/2016\/eveline-kozmetikumok-szepsegapolas\/termekcsaladok\/lab_formula\/lab-formula-fejlett-szerum-sotet-foltok-ellen-30-ml\/#primaryimage\"},\"image\":{\"@id\":\"https:\/\/www.eveline.hu\/2016\/eveline-kozmetikumok-szepsegapolas\/termekcsaladok\/lab_formula\/lab-formula-fejlett-szerum-sotet-foltok-ellen-30-ml\/#primaryimage\"},\"thumbnailUrl\":\"https:\/\/www.eveline.hu\/2016\/wp-content\/uploads\/2025\/07\/LAB-FORMULA-ADVANCED-DISCOLORATION-SERUM-30ML_5903416079439-w.png\",\"datePublished\":\"2025-07-30T12:17:04+00:00\",\"dateModified\":\"2025-09-04T14:37:37+00:00\",\"breadcrumb\":{\"@id\":\"https:\/\/www.eveline.hu\/2016\/eveline-kozmetikumok-szepsegapolas\/termekcsaladok\/lab_formula\/lab-formula-fejlett-szerum-sotet-foltok-ellen-30-ml\/#breadcrumb\"},\"inLanguage\":\"hu\",\"potentialAction\":[{\"@type\":\"ReadAction\",\"target\":[\"https:\/\/www.eveline.hu\/2016\/eveline-kozmetikumok-szepsegapolas\/termekcsaladok\/lab_formula\/lab-formula-fejlett-szerum-sotet-foltok-ellen-30-ml\/\"]}]},{\"@type\":\"ImageObject\",\"inLanguage\":\"hu\",\"@id\":\"https:\/\/www.eveline.hu\/2016\/eveline-kozmetikumok-szepsegapolas\/termekcsaladok\/lab_formula\/lab-formula-fejlett-szerum-sotet-foltok-ellen-30-ml\/#primaryimage\",\"url\":\"https:\/\/www.eveline.hu\/2016\/wp-content\/uploads\/2025\/07\/LAB-FORMULA-ADVANCED-DISCOLORATION-SERUM-30ML_5903416079439-w.png\",\"contentUrl\":\"https:\/\/www.eveline.hu\/2016\/wp-content\/uploads\/2025\/07\/LAB-FORMULA-ADVANCED-DISCOLORATION-SERUM-30ML_5903416079439-w.png\",\"width\":750,\"height\":750},{\"@type\":\"BreadcrumbList\",\"@id\":\"https:\/\/www.eveline.hu\/2016\/eveline-kozmetikumok-szepsegapolas\/termekcsaladok\/lab_formula\/lab-formula-fejlett-szerum-sotet-foltok-ellen-30-ml\/#breadcrumb\",\"itemListElement\":[{\"@type\":\"ListItem\",\"position\":1,\"name\":\"Home\",\"item\":\"https:\/\/www.eveline.hu\/2016\/\"},{\"@type\":\"ListItem\",\"position\":2,\"name\":\"Term\u00e9kek\",\"item\":\"https:\/\/www.eveline.hu\/2016\/shop\/\"},{\"@type\":\"ListItem\",\"position\":3,\"name\":\"LAB formula FEJLETT SZ\u00c9RUM S\u00d6T\u00c9T FOLTOK ELLEN 30 ml\"}]},{\"@type\":\"WebSite\",\"@id\":\"https:\/\/www.eveline.hu\/2016\/#website\",\"url\":\"https:\/\/www.eveline.hu\/2016\/\",\"name\":\"Eveline Cosmetics Magyarorsz\u00e1g\",\"description\":\"Min\u0151s\u00e9gi kozmetikumok Lengyelorsz\u00e1gb\u00f3l\",\"potentialAction\":[{\"@type\":\"SearchAction\",\"target\":{\"@type\":\"EntryPoint\",\"urlTemplate\":\"https:\/\/www.eveline.hu\/2016\/?s={search_term_string}\"},\"query-input\":\"required name=search_term_string\"}],\"inLanguage\":\"hu\"}]}<\/script>\n<!-- \/ Yoast SEO plugin. -->","yoast_head_json":{"title":"LAB formula FEJLETT SZ\u00c9RUM S\u00d6T\u00c9T FOLTOK ELLEN 30 ml - Eveline Cosmetics Magyarorsz\u00e1g","robots":{"index":"index","follow":"follow","max-snippet":"max-snippet:-1","max-image-preview":"max-image-preview:large","max-video-preview":"max-video-preview:-1"},"canonical":"https:\/\/www.eveline.hu\/2016\/eveline-kozmetikumok-szepsegapolas\/termekcsaladok\/lab_formula\/lab-formula-fejlett-szerum-sotet-foltok-ellen-30-ml\/","og_locale":"hu_HU","og_type":"article","og_title":"LAB formula FEJLETT SZ\u00c9RUM S\u00d6T\u00c9T FOLTOK ELLEN 30 ml - Eveline Cosmetics Magyarorsz\u00e1g","og_description":"20%-OS OLDAT: &#8211; TRANEXAMINSAV &#8211; GLIKOLSAV &#8211; SPHERIK\u00c1LIS &#8211; C-VITAMIN &#8211; ARBUTIN &#8211; \u00c9DESGY\u00d6K\u00c9R KIVONAT LAB FORMULA Koncentr\u00e1lt formula, intenz\u00edv m\u0171k\u00f6d\u00e9ss, gyors hat\u00e1s&#8230; Ismerje meg a LAB FORMULA-t! A sorozat egy innovat\u00edv sejt\u00e1tviteli technol\u00f3gi\u00e1n alapul, a leg\u00fajabb gener\u00e1ci\u00f3s hordoz\u00f3k haszn\u00e1lat\u00e1val [&hellip;]","og_url":"https:\/\/www.eveline.hu\/2016\/eveline-kozmetikumok-szepsegapolas\/termekcsaladok\/lab_formula\/lab-formula-fejlett-szerum-sotet-foltok-ellen-30-ml\/","og_site_name":"Eveline Cosmetics Magyarorsz\u00e1g","article_modified_time":"2025-09-04T14:37:37+00:00","og_image":[{"width":750,"height":750,"url":"https:\/\/www.eveline.hu\/2016\/wp-content\/uploads\/2025\/07\/LAB-FORMULA-ADVANCED-DISCOLORATION-SERUM-30ML_5903416079439-w.png","type":"image\/png"}],"twitter_card":"summary_large_image","twitter_misc":{"Becs\u00fclt olvas\u00e1si id\u0151":"1 perc"},"schema":{"@context":"https:\/\/schema.org","@graph":[{"@type":"WebPage","@id":"https:\/\/www.eveline.hu\/2016\/eveline-kozmetikumok-szepsegapolas\/termekcsaladok\/lab_formula\/lab-formula-fejlett-szerum-sotet-foltok-ellen-30-ml\/","url":"https:\/\/www.eveline.hu\/2016\/eveline-kozmetikumok-szepsegapolas\/termekcsaladok\/lab_formula\/lab-formula-fejlett-szerum-sotet-foltok-ellen-30-ml\/","name":"LAB formula FEJLETT SZ\u00c9RUM S\u00d6T\u00c9T FOLTOK ELLEN 30 ml - Eveline Cosmetics Magyarorsz\u00e1g","isPartOf":{"@id":"https:\/\/www.eveline.hu\/2016\/#website"},"primaryImageOfPage":{"@id":"https:\/\/www.eveline.hu\/2016\/eveline-kozmetikumok-szepsegapolas\/termekcsaladok\/lab_formula\/lab-formula-fejlett-szerum-sotet-foltok-ellen-30-ml\/#primaryimage"},"image":{"@id":"https:\/\/www.eveline.hu\/2016\/eveline-kozmetikumok-szepsegapolas\/termekcsaladok\/lab_formula\/lab-formula-fejlett-szerum-sotet-foltok-ellen-30-ml\/#primaryimage"},"thumbnailUrl":"https:\/\/www.eveline.hu\/2016\/wp-content\/uploads\/2025\/07\/LAB-FORMULA-ADVANCED-DISCOLORATION-SERUM-30ML_5903416079439-w.png","datePublished":"2025-07-30T12:17:04+00:00","dateModified":"2025-09-04T14:37:37+00:00","breadcrumb":{"@id":"https:\/\/www.eveline.hu\/2016\/eveline-kozmetikumok-szepsegapolas\/termekcsaladok\/lab_formula\/lab-formula-fejlett-szerum-sotet-foltok-ellen-30-ml\/#breadcrumb"},"inLanguage":"hu","potentialAction":[{"@type":"ReadAction","target":["https:\/\/www.eveline.hu\/2016\/eveline-kozmetikumok-szepsegapolas\/termekcsaladok\/lab_formula\/lab-formula-fejlett-szerum-sotet-foltok-ellen-30-ml\/"]}]},{"@type":"ImageObject","inLanguage":"hu","@id":"https:\/\/www.eveline.hu\/2016\/eveline-kozmetikumok-szepsegapolas\/termekcsaladok\/lab_formula\/lab-formula-fejlett-szerum-sotet-foltok-ellen-30-ml\/#primaryimage","url":"https:\/\/www.eveline.hu\/2016\/wp-content\/uploads\/2025\/07\/LAB-FORMULA-ADVANCED-DISCOLORATION-SERUM-30ML_5903416079439-w.png","contentUrl":"https:\/\/www.eveline.hu\/2016\/wp-content\/uploads\/2025\/07\/LAB-FORMULA-ADVANCED-DISCOLORATION-SERUM-30ML_5903416079439-w.png","width":750,"height":750},{"@type":"BreadcrumbList","@id":"https:\/\/www.eveline.hu\/2016\/eveline-kozmetikumok-szepsegapolas\/termekcsaladok\/lab_formula\/lab-formula-fejlett-szerum-sotet-foltok-ellen-30-ml\/#breadcrumb","itemListElement":[{"@type":"ListItem","position":1,"name":"Home","item":"https:\/\/www.eveline.hu\/2016\/"},{"@type":"ListItem","position":2,"name":"Term\u00e9kek","item":"https:\/\/www.eveline.hu\/2016\/shop\/"},{"@type":"ListItem","position":3,"name":"LAB formula FEJLETT SZ\u00c9RUM S\u00d6T\u00c9T FOLTOK ELLEN 30 ml"}]},{"@type":"WebSite","@id":"https:\/\/www.eveline.hu\/2016\/#website","url":"https:\/\/www.eveline.hu\/2016\/","name":"Eveline Cosmetics Magyarorsz\u00e1g","description":"Min\u0151s\u00e9gi kozmetikumok Lengyelorsz\u00e1gb\u00f3l","potentialAction":[{"@type":"SearchAction","target":{"@type":"EntryPoint","urlTemplate":"https:\/\/www.eveline.hu\/2016\/?s={search_term_string}"},"query-input":"required name=search_term_string"}],"inLanguage":"hu"}]}},"_links":{"self":[{"href":"https:\/\/www.eveline.hu\/2016\/wp-json\/wp\/v2\/product\/32192"}],"collection":[{"href":"https:\/\/www.eveline.hu\/2016\/wp-json\/wp\/v2\/product"}],"about":[{"href":"https:\/\/www.eveline.hu\/2016\/wp-json\/wp\/v2\/types\/product"}],"replies":[{"embeddable":true,"href":"https:\/\/www.eveline.hu\/2016\/wp-json\/wp\/v2\/comments?post=32192"}],"wp:featuredmedia":[{"embeddable":true,"href":"https:\/\/www.eveline.hu\/2016\/wp-json\/wp\/v2\/media\/32193"}],"wp:attachment":[{"href":"https:\/\/www.eveline.hu\/2016\/wp-json\/wp\/v2\/media?parent=32192"}],"wp:term":[{"taxonomy":"product_cat","embeddable":true,"href":"https:\/\/www.eveline.hu\/2016\/wp-json\/wp\/v2\/product_cat?post=32192"},{"taxonomy":"product_tag","embeddable":true,"href":"https:\/\/www.eveline.hu\/2016\/wp-json\/wp\/v2\/product_tag?post=32192"}],"curies":[{"name":"wp","href":"https:\/\/api.w.org\/{rel}","templated":true}]}}