{"id":32142,"date":"2025-07-22T14:49:47","date_gmt":"2025-07-22T12:49:47","guid":{"rendered":"https:\/\/www.eveline.hu\/2016\/?post_type=product&#038;p=32142"},"modified":"2025-08-13T16:24:06","modified_gmt":"2025-08-13T14:24:06","slug":"revitalum-sos-intenziv-labapolo-krem-75ml","status":"publish","type":"product","link":"https:\/\/www.eveline.hu\/2016\/eveline-kozmetikumok-szepsegapolas\/szepsegapolas\/labapolas\/revitalum-sos-intenziv-labapolo-krem-75ml\/","title":{"rendered":"REVITALUM SOS Intenz\u00edv l\u00e1b\u00e1pol\u00f3 Kr\u00e9m 75ml"},"content":{"rendered":"<p>Kifejezetten a l\u00e1b speci\u00e1lis ig\u00e9nyeihez lett kifejlesztve, ide\u00e1lis a nagyobb, kem\u00e9ny b\u0151rfel\u00fcleteken, mint p\u00e9ld\u00e1ul \u00a0sarokra vagy\u00a0 l\u00e1bk\u00f6z\u00e9pre, t\u00f6rt\u00e9n\u0151 haszn\u00e1latra.<\/p>\n<p>A paraffin \u00e9s karbamid alap\u00fa, lipidekkel d\u00fas\u00edtott 35%-os komplex seg\u00edt elt\u00e1vol\u00edtani m\u00e9g a legmakacsabb b\u0151rkem\u00e9nyed\u00e9st mutat\u00f3 ter\u00fcleteken is, puh\u00e1v\u00e1 \u00e9s sim\u00e1v\u00e1 var\u00e1zsolva a b\u0151rt.<\/p>\n<p>Alkalmaz\u00e1s: Vigyen fel v\u00e9kony r\u00e9tegben a kr\u00e9mb\u0151l a l\u00e1b b\u0151rkem\u00e9nyed\u00e9snek kitett ter\u00fcletekre, majd d\u00f6rzs\u00f6lje be. Az optim\u00e1lis eredm\u00e9ny \u00e9rdek\u00e9ben hagyja rajta egy \u00e9jszak\u00e1n \u00e1t.<\/p>\n","protected":false},"excerpt":{"rendered":"<p>Kifejezetten a l\u00e1b speci\u00e1lis ig\u00e9nyeihez lett kifejlesztve, ide\u00e1lis a nagyobb, kem\u00e9ny b\u0151rfel\u00fcleteken, mint p\u00e9ld\u00e1ul \u00a0sarokra vagy\u00a0 l\u00e1bk\u00f6z\u00e9pre, t\u00f6rt\u00e9n\u0151 haszn\u00e1latra. A paraffin \u00e9s karbamid alap\u00fa, lipidekkel d\u00fas\u00edtott 35%-os komplex seg\u00edt elt\u00e1vol\u00edtani m\u00e9g a legmakacsabb b\u0151rkem\u00e9nyed\u00e9st mutat\u00f3 ter\u00fcleteken is, puh\u00e1v\u00e1 \u00e9s sim\u00e1v\u00e1 [&hellip;]<\/p>\n","protected":false},"featured_media":32143,"comment_status":"open","ping_status":"closed","template":"","meta":[],"product_cat":[125,137,80,111],"product_tag":[],"yoast_head":"<!-- This site is optimized with the Yoast SEO plugin v22.2 - https:\/\/yoast.com\/wordpress\/plugins\/seo\/ -->\n<title>REVITALUM SOS Intenz\u00edv l\u00e1b\u00e1pol\u00f3 Kr\u00e9m 75ml - Eveline Cosmetics Magyarorsz\u00e1g<\/title>\n<meta name=\"robots\" content=\"index, follow, max-snippet:-1, max-image-preview:large, max-video-preview:-1\" \/>\n<link rel=\"canonical\" href=\"https:\/\/www.eveline.hu\/2016\/eveline-kozmetikumok-szepsegapolas\/szepsegapolas\/labapolas\/revitalum-sos-intenziv-labapolo-krem-75ml\/\" \/>\n<meta property=\"og:locale\" content=\"hu_HU\" \/>\n<meta property=\"og:type\" content=\"article\" \/>\n<meta property=\"og:title\" content=\"REVITALUM SOS Intenz\u00edv l\u00e1b\u00e1pol\u00f3 Kr\u00e9m 75ml - Eveline Cosmetics Magyarorsz\u00e1g\" \/>\n<meta property=\"og:description\" content=\"Kifejezetten a l\u00e1b speci\u00e1lis ig\u00e9nyeihez lett kifejlesztve, ide\u00e1lis a nagyobb, kem\u00e9ny b\u0151rfel\u00fcleteken, mint p\u00e9ld\u00e1ul \u00a0sarokra vagy\u00a0 l\u00e1bk\u00f6z\u00e9pre, t\u00f6rt\u00e9n\u0151 haszn\u00e1latra. A paraffin \u00e9s karbamid alap\u00fa, lipidekkel d\u00fas\u00edtott 35%-os komplex seg\u00edt elt\u00e1vol\u00edtani m\u00e9g a legmakacsabb b\u0151rkem\u00e9nyed\u00e9st mutat\u00f3 ter\u00fcleteken is, puh\u00e1v\u00e1 \u00e9s sim\u00e1v\u00e1 [&hellip;]\" \/>\n<meta property=\"og:url\" content=\"https:\/\/www.eveline.hu\/2016\/eveline-kozmetikumok-szepsegapolas\/szepsegapolas\/labapolas\/revitalum-sos-intenziv-labapolo-krem-75ml\/\" \/>\n<meta property=\"og:site_name\" content=\"Eveline Cosmetics Magyarorsz\u00e1g\" \/>\n<meta property=\"article:modified_time\" content=\"2025-08-13T14:24:06+00:00\" \/>\n<meta property=\"og:image\" content=\"https:\/\/www.eveline.hu\/2016\/wp-content\/uploads\/2025\/07\/5903416066224-REVITALUM-SOS-INTENSELY-MOISTURIZING-CREAM-35_-UREA-PARAFFIN-75-ML-w.png\" \/>\n\t<meta property=\"og:image:width\" content=\"750\" \/>\n\t<meta property=\"og:image:height\" content=\"750\" \/>\n\t<meta property=\"og:image:type\" content=\"image\/png\" \/>\n<meta name=\"twitter:card\" content=\"summary_large_image\" \/>\n<meta name=\"twitter:label1\" content=\"Becs\u00fclt olvas\u00e1si id\u0151\" \/>\n\t<meta name=\"twitter:data1\" content=\"1 perc\" \/>\n<script type=\"application\/ld+json\" class=\"yoast-schema-graph\">{\"@context\":\"https:\/\/schema.org\",\"@graph\":[{\"@type\":\"WebPage\",\"@id\":\"https:\/\/www.eveline.hu\/2016\/eveline-kozmetikumok-szepsegapolas\/szepsegapolas\/labapolas\/revitalum-sos-intenziv-labapolo-krem-75ml\/\",\"url\":\"https:\/\/www.eveline.hu\/2016\/eveline-kozmetikumok-szepsegapolas\/szepsegapolas\/labapolas\/revitalum-sos-intenziv-labapolo-krem-75ml\/\",\"name\":\"REVITALUM SOS Intenz\u00edv l\u00e1b\u00e1pol\u00f3 Kr\u00e9m 75ml - Eveline Cosmetics Magyarorsz\u00e1g\",\"isPartOf\":{\"@id\":\"https:\/\/www.eveline.hu\/2016\/#website\"},\"primaryImageOfPage\":{\"@id\":\"https:\/\/www.eveline.hu\/2016\/eveline-kozmetikumok-szepsegapolas\/szepsegapolas\/labapolas\/revitalum-sos-intenziv-labapolo-krem-75ml\/#primaryimage\"},\"image\":{\"@id\":\"https:\/\/www.eveline.hu\/2016\/eveline-kozmetikumok-szepsegapolas\/szepsegapolas\/labapolas\/revitalum-sos-intenziv-labapolo-krem-75ml\/#primaryimage\"},\"thumbnailUrl\":\"https:\/\/www.eveline.hu\/2016\/wp-content\/uploads\/2025\/07\/5903416066224-REVITALUM-SOS-INTENSELY-MOISTURIZING-CREAM-35_-UREA-PARAFFIN-75-ML-w.png\",\"datePublished\":\"2025-07-22T12:49:47+00:00\",\"dateModified\":\"2025-08-13T14:24:06+00:00\",\"breadcrumb\":{\"@id\":\"https:\/\/www.eveline.hu\/2016\/eveline-kozmetikumok-szepsegapolas\/szepsegapolas\/labapolas\/revitalum-sos-intenziv-labapolo-krem-75ml\/#breadcrumb\"},\"inLanguage\":\"hu\",\"potentialAction\":[{\"@type\":\"ReadAction\",\"target\":[\"https:\/\/www.eveline.hu\/2016\/eveline-kozmetikumok-szepsegapolas\/szepsegapolas\/labapolas\/revitalum-sos-intenziv-labapolo-krem-75ml\/\"]}]},{\"@type\":\"ImageObject\",\"inLanguage\":\"hu\",\"@id\":\"https:\/\/www.eveline.hu\/2016\/eveline-kozmetikumok-szepsegapolas\/szepsegapolas\/labapolas\/revitalum-sos-intenziv-labapolo-krem-75ml\/#primaryimage\",\"url\":\"https:\/\/www.eveline.hu\/2016\/wp-content\/uploads\/2025\/07\/5903416066224-REVITALUM-SOS-INTENSELY-MOISTURIZING-CREAM-35_-UREA-PARAFFIN-75-ML-w.png\",\"contentUrl\":\"https:\/\/www.eveline.hu\/2016\/wp-content\/uploads\/2025\/07\/5903416066224-REVITALUM-SOS-INTENSELY-MOISTURIZING-CREAM-35_-UREA-PARAFFIN-75-ML-w.png\",\"width\":750,\"height\":750},{\"@type\":\"BreadcrumbList\",\"@id\":\"https:\/\/www.eveline.hu\/2016\/eveline-kozmetikumok-szepsegapolas\/szepsegapolas\/labapolas\/revitalum-sos-intenziv-labapolo-krem-75ml\/#breadcrumb\",\"itemListElement\":[{\"@type\":\"ListItem\",\"position\":1,\"name\":\"Home\",\"item\":\"https:\/\/www.eveline.hu\/2016\/\"},{\"@type\":\"ListItem\",\"position\":2,\"name\":\"Term\u00e9kek\",\"item\":\"https:\/\/www.eveline.hu\/2016\/shop\/\"},{\"@type\":\"ListItem\",\"position\":3,\"name\":\"REVITALUM SOS Intenz\u00edv l\u00e1b\u00e1pol\u00f3 Kr\u00e9m 75ml\"}]},{\"@type\":\"WebSite\",\"@id\":\"https:\/\/www.eveline.hu\/2016\/#website\",\"url\":\"https:\/\/www.eveline.hu\/2016\/\",\"name\":\"Eveline Cosmetics Magyarorsz\u00e1g\",\"description\":\"Min\u0151s\u00e9gi kozmetikumok Lengyelorsz\u00e1gb\u00f3l\",\"potentialAction\":[{\"@type\":\"SearchAction\",\"target\":{\"@type\":\"EntryPoint\",\"urlTemplate\":\"https:\/\/www.eveline.hu\/2016\/?s={search_term_string}\"},\"query-input\":\"required name=search_term_string\"}],\"inLanguage\":\"hu\"}]}<\/script>\n<!-- \/ Yoast SEO plugin. -->","yoast_head_json":{"title":"REVITALUM SOS Intenz\u00edv l\u00e1b\u00e1pol\u00f3 Kr\u00e9m 75ml - Eveline Cosmetics Magyarorsz\u00e1g","robots":{"index":"index","follow":"follow","max-snippet":"max-snippet:-1","max-image-preview":"max-image-preview:large","max-video-preview":"max-video-preview:-1"},"canonical":"https:\/\/www.eveline.hu\/2016\/eveline-kozmetikumok-szepsegapolas\/szepsegapolas\/labapolas\/revitalum-sos-intenziv-labapolo-krem-75ml\/","og_locale":"hu_HU","og_type":"article","og_title":"REVITALUM SOS Intenz\u00edv l\u00e1b\u00e1pol\u00f3 Kr\u00e9m 75ml - Eveline Cosmetics Magyarorsz\u00e1g","og_description":"Kifejezetten a l\u00e1b speci\u00e1lis ig\u00e9nyeihez lett kifejlesztve, ide\u00e1lis a nagyobb, kem\u00e9ny b\u0151rfel\u00fcleteken, mint p\u00e9ld\u00e1ul \u00a0sarokra vagy\u00a0 l\u00e1bk\u00f6z\u00e9pre, t\u00f6rt\u00e9n\u0151 haszn\u00e1latra. A paraffin \u00e9s karbamid alap\u00fa, lipidekkel d\u00fas\u00edtott 35%-os komplex seg\u00edt elt\u00e1vol\u00edtani m\u00e9g a legmakacsabb b\u0151rkem\u00e9nyed\u00e9st mutat\u00f3 ter\u00fcleteken is, puh\u00e1v\u00e1 \u00e9s sim\u00e1v\u00e1 [&hellip;]","og_url":"https:\/\/www.eveline.hu\/2016\/eveline-kozmetikumok-szepsegapolas\/szepsegapolas\/labapolas\/revitalum-sos-intenziv-labapolo-krem-75ml\/","og_site_name":"Eveline Cosmetics Magyarorsz\u00e1g","article_modified_time":"2025-08-13T14:24:06+00:00","og_image":[{"width":750,"height":750,"url":"https:\/\/www.eveline.hu\/2016\/wp-content\/uploads\/2025\/07\/5903416066224-REVITALUM-SOS-INTENSELY-MOISTURIZING-CREAM-35_-UREA-PARAFFIN-75-ML-w.png","type":"image\/png"}],"twitter_card":"summary_large_image","twitter_misc":{"Becs\u00fclt olvas\u00e1si id\u0151":"1 perc"},"schema":{"@context":"https:\/\/schema.org","@graph":[{"@type":"WebPage","@id":"https:\/\/www.eveline.hu\/2016\/eveline-kozmetikumok-szepsegapolas\/szepsegapolas\/labapolas\/revitalum-sos-intenziv-labapolo-krem-75ml\/","url":"https:\/\/www.eveline.hu\/2016\/eveline-kozmetikumok-szepsegapolas\/szepsegapolas\/labapolas\/revitalum-sos-intenziv-labapolo-krem-75ml\/","name":"REVITALUM SOS Intenz\u00edv l\u00e1b\u00e1pol\u00f3 Kr\u00e9m 75ml - Eveline Cosmetics Magyarorsz\u00e1g","isPartOf":{"@id":"https:\/\/www.eveline.hu\/2016\/#website"},"primaryImageOfPage":{"@id":"https:\/\/www.eveline.hu\/2016\/eveline-kozmetikumok-szepsegapolas\/szepsegapolas\/labapolas\/revitalum-sos-intenziv-labapolo-krem-75ml\/#primaryimage"},"image":{"@id":"https:\/\/www.eveline.hu\/2016\/eveline-kozmetikumok-szepsegapolas\/szepsegapolas\/labapolas\/revitalum-sos-intenziv-labapolo-krem-75ml\/#primaryimage"},"thumbnailUrl":"https:\/\/www.eveline.hu\/2016\/wp-content\/uploads\/2025\/07\/5903416066224-REVITALUM-SOS-INTENSELY-MOISTURIZING-CREAM-35_-UREA-PARAFFIN-75-ML-w.png","datePublished":"2025-07-22T12:49:47+00:00","dateModified":"2025-08-13T14:24:06+00:00","breadcrumb":{"@id":"https:\/\/www.eveline.hu\/2016\/eveline-kozmetikumok-szepsegapolas\/szepsegapolas\/labapolas\/revitalum-sos-intenziv-labapolo-krem-75ml\/#breadcrumb"},"inLanguage":"hu","potentialAction":[{"@type":"ReadAction","target":["https:\/\/www.eveline.hu\/2016\/eveline-kozmetikumok-szepsegapolas\/szepsegapolas\/labapolas\/revitalum-sos-intenziv-labapolo-krem-75ml\/"]}]},{"@type":"ImageObject","inLanguage":"hu","@id":"https:\/\/www.eveline.hu\/2016\/eveline-kozmetikumok-szepsegapolas\/szepsegapolas\/labapolas\/revitalum-sos-intenziv-labapolo-krem-75ml\/#primaryimage","url":"https:\/\/www.eveline.hu\/2016\/wp-content\/uploads\/2025\/07\/5903416066224-REVITALUM-SOS-INTENSELY-MOISTURIZING-CREAM-35_-UREA-PARAFFIN-75-ML-w.png","contentUrl":"https:\/\/www.eveline.hu\/2016\/wp-content\/uploads\/2025\/07\/5903416066224-REVITALUM-SOS-INTENSELY-MOISTURIZING-CREAM-35_-UREA-PARAFFIN-75-ML-w.png","width":750,"height":750},{"@type":"BreadcrumbList","@id":"https:\/\/www.eveline.hu\/2016\/eveline-kozmetikumok-szepsegapolas\/szepsegapolas\/labapolas\/revitalum-sos-intenziv-labapolo-krem-75ml\/#breadcrumb","itemListElement":[{"@type":"ListItem","position":1,"name":"Home","item":"https:\/\/www.eveline.hu\/2016\/"},{"@type":"ListItem","position":2,"name":"Term\u00e9kek","item":"https:\/\/www.eveline.hu\/2016\/shop\/"},{"@type":"ListItem","position":3,"name":"REVITALUM SOS Intenz\u00edv l\u00e1b\u00e1pol\u00f3 Kr\u00e9m 75ml"}]},{"@type":"WebSite","@id":"https:\/\/www.eveline.hu\/2016\/#website","url":"https:\/\/www.eveline.hu\/2016\/","name":"Eveline Cosmetics Magyarorsz\u00e1g","description":"Min\u0151s\u00e9gi kozmetikumok Lengyelorsz\u00e1gb\u00f3l","potentialAction":[{"@type":"SearchAction","target":{"@type":"EntryPoint","urlTemplate":"https:\/\/www.eveline.hu\/2016\/?s={search_term_string}"},"query-input":"required name=search_term_string"}],"inLanguage":"hu"}]}},"_links":{"self":[{"href":"https:\/\/www.eveline.hu\/2016\/wp-json\/wp\/v2\/product\/32142"}],"collection":[{"href":"https:\/\/www.eveline.hu\/2016\/wp-json\/wp\/v2\/product"}],"about":[{"href":"https:\/\/www.eveline.hu\/2016\/wp-json\/wp\/v2\/types\/product"}],"replies":[{"embeddable":true,"href":"https:\/\/www.eveline.hu\/2016\/wp-json\/wp\/v2\/comments?post=32142"}],"wp:featuredmedia":[{"embeddable":true,"href":"https:\/\/www.eveline.hu\/2016\/wp-json\/wp\/v2\/media\/32143"}],"wp:attachment":[{"href":"https:\/\/www.eveline.hu\/2016\/wp-json\/wp\/v2\/media?parent=32142"}],"wp:term":[{"taxonomy":"product_cat","embeddable":true,"href":"https:\/\/www.eveline.hu\/2016\/wp-json\/wp\/v2\/product_cat?post=32142"},{"taxonomy":"product_tag","embeddable":true,"href":"https:\/\/www.eveline.hu\/2016\/wp-json\/wp\/v2\/product_tag?post=32142"}],"curies":[{"name":"wp","href":"https:\/\/api.w.org\/{rel}","templated":true}]}}