{"id":31979,"date":"2025-06-22T19:22:47","date_gmt":"2025-06-22T17:22:47","guid":{"rendered":"https:\/\/www.eveline.hu\/2016\/?post_type=product&#038;p=31979"},"modified":"2025-09-23T11:08:46","modified_gmt":"2025-09-23T09:08:46","slug":"vitamin-mezo-serum-borfiatalitast-aktivalo","status":"publish","type":"product","link":"https:\/\/www.eveline.hu\/2016\/eveline-kozmetikumok-szepsegapolas\/termekcsaladok\/eveline-daury\/vitamin-mezo-serum-borfiatalitast-aktivalo\/","title":{"rendered":"EVELINE D&#8217;AURY VITAMIN MEZO-SERUM B\u0150RFIATAL\u00cdT\u00c1ST AKTIV\u00c1L\u00d3 30ML"},"content":{"rendered":"<p>A MIKROT\u0170K SPICULES NEEDLES\u2122 FIATAL\u00cdT\u00d3 EREJE<\/p>\n<p>T\u00e1pl\u00e1lja \u00e9s regener\u00e1lja a b\u0151rt.<\/p>\n<p>Az innovat\u00edv mikrot\u0171s mezoter\u00e1pi\u00e1s technol\u00f3gia kihaszn\u00e1lja a Spongilla Spicule \u00e9desv\u00edzi szivacsb\u00f3l sz\u00e1rmaz\u00f3 BIO-MIKROT\u0170K potenci\u00e1lj\u00e1t, l\u00e1tv\u00e1nyos fiatalod\u00e1si folyamatokat ind\u00edtva el. Egy sz\u00e9rumban ak\u00e1r 176 500 mikro SPICULES NEEDLES\u2122-nek k\u00f6sz\u00f6nhet\u0151en \u00a0anti-aging hat\u00e1st biztos\u00edt. A prec\u00edz mikrosz\u00far\u00e1soknak k\u00f6sz\u00f6nhet\u0151en a hat\u00f3anyagok m\u00e9lyen behatolnak a b\u0151rbe, t\u00e1mogatva a term\u00e9szetes regener\u00e1ci\u00f3s mechanizmusokat.<\/p>\n<p>A 176 500 mikrot\u0171 SPICULES NEEDLES\u2122 (egy sz\u00e9rumban) biztos\u00edtja a hat\u00e9kony \u00f6reged\u00e9sg\u00e1tl\u00f3 hat\u00e1st. A spilantolon \u00e9s vitaminon alapul\u00f3 fejlett 10%-os komplex, fiatal\u00edt\u00f3 elix\u00edrk\u00e9nt hat, amely revitaliz\u00e1lja a b\u0151rt.<\/p>\n<p><strong>Alkalmaz\u00e1s<\/strong>: Haszn\u00e1lja reggel \u00e9s este a megtiszt\u00edtott arc, nyak \u00e9s dekolt\u00e1zs b\u0151r\u00e9n. Finoman paskolja be ujjbegyeivel, majd vigye fel a RemodeLift Therapy sorozat kr\u00e9mj\u00e9t.<\/p>\n<p>FIGYELEM! Az alkalmaz\u00e1s sor\u00e1n jelentkez\u0151 \u00e1tmeneti, enyhe bizserget\u0151 \u00e9rz\u00e9s teljesen norm\u00e1lis, ami a hat\u00f3anyagok hat\u00e1s\u00e1t jelzi. &#8211; FIGYELMEZTET\u00c9S!!! A-vitamint tartalmaz. Haszn\u00e1lat el\u0151tt vegye figyelembe a napi bevitel\u00e9t.<\/p>\n","protected":false},"excerpt":{"rendered":"<p>A MIKROT\u0170K SPICULES NEEDLES\u2122 FIATAL\u00cdT\u00d3 EREJE T\u00e1pl\u00e1lja \u00e9s regener\u00e1lja a b\u0151rt. Az innovat\u00edv mikrot\u0171s mezoter\u00e1pi\u00e1s technol\u00f3gia kihaszn\u00e1lja a Spongilla Spicule \u00e9desv\u00edzi szivacsb\u00f3l sz\u00e1rmaz\u00f3 BIO-MIKROT\u0170K potenci\u00e1lj\u00e1t, l\u00e1tv\u00e1nyos fiatalod\u00e1si folyamatokat ind\u00edtva el. Egy sz\u00e9rumban ak\u00e1r 176 500 mikro SPICULES NEEDLES\u2122-nek k\u00f6sz\u00f6nhet\u0151en \u00a0anti-aging [&hellip;]<\/p>\n","protected":false},"featured_media":31980,"comment_status":"open","ping_status":"closed","template":"","meta":[],"product_cat":[305,80],"product_tag":[],"yoast_head":"<!-- This site is optimized with the Yoast SEO plugin v22.2 - https:\/\/yoast.com\/wordpress\/plugins\/seo\/ -->\n<title>EVELINE D&#039;AURY VITAMIN MEZO-SERUM B\u0150RFIATAL\u00cdT\u00c1ST AKTIV\u00c1L\u00d3 30ML - Eveline Cosmetics Magyarorsz\u00e1g<\/title>\n<meta name=\"robots\" content=\"index, follow, max-snippet:-1, max-image-preview:large, max-video-preview:-1\" \/>\n<link rel=\"canonical\" href=\"https:\/\/www.eveline.hu\/2016\/eveline-kozmetikumok-szepsegapolas\/termekcsaladok\/eveline-daury\/vitamin-mezo-serum-borfiatalitast-aktivalo\/\" \/>\n<meta property=\"og:locale\" content=\"hu_HU\" \/>\n<meta property=\"og:type\" content=\"article\" \/>\n<meta property=\"og:title\" content=\"EVELINE D&#039;AURY VITAMIN MEZO-SERUM B\u0150RFIATAL\u00cdT\u00c1ST AKTIV\u00c1L\u00d3 30ML - Eveline Cosmetics Magyarorsz\u00e1g\" \/>\n<meta property=\"og:description\" content=\"A MIKROT\u0170K SPICULES NEEDLES\u2122 FIATAL\u00cdT\u00d3 EREJE T\u00e1pl\u00e1lja \u00e9s regener\u00e1lja a b\u0151rt. Az innovat\u00edv mikrot\u0171s mezoter\u00e1pi\u00e1s technol\u00f3gia kihaszn\u00e1lja a Spongilla Spicule \u00e9desv\u00edzi szivacsb\u00f3l sz\u00e1rmaz\u00f3 BIO-MIKROT\u0170K potenci\u00e1lj\u00e1t, l\u00e1tv\u00e1nyos fiatalod\u00e1si folyamatokat ind\u00edtva el. Egy sz\u00e9rumban ak\u00e1r 176 500 mikro SPICULES NEEDLES\u2122-nek k\u00f6sz\u00f6nhet\u0151en \u00a0anti-aging [&hellip;]\" \/>\n<meta property=\"og:url\" content=\"https:\/\/www.eveline.hu\/2016\/eveline-kozmetikumok-szepsegapolas\/termekcsaladok\/eveline-daury\/vitamin-mezo-serum-borfiatalitast-aktivalo\/\" \/>\n<meta property=\"og:site_name\" content=\"Eveline Cosmetics Magyarorsz\u00e1g\" \/>\n<meta property=\"article:modified_time\" content=\"2025-09-23T09:08:46+00:00\" \/>\n<meta property=\"og:image\" content=\"https:\/\/www.eveline.hu\/2016\/wp-content\/uploads\/2025\/06\/5903416073697-EVELINE-D-AURY-THERAPY-VITAMIN-MESO-SERUM-30ML-w.png\" \/>\n\t<meta property=\"og:image:width\" content=\"750\" \/>\n\t<meta property=\"og:image:height\" content=\"750\" \/>\n\t<meta property=\"og:image:type\" content=\"image\/png\" \/>\n<meta name=\"twitter:card\" content=\"summary_large_image\" \/>\n<meta name=\"twitter:label1\" content=\"Becs\u00fclt olvas\u00e1si id\u0151\" \/>\n\t<meta name=\"twitter:data1\" content=\"1 perc\" \/>\n<script type=\"application\/ld+json\" class=\"yoast-schema-graph\">{\"@context\":\"https:\/\/schema.org\",\"@graph\":[{\"@type\":\"WebPage\",\"@id\":\"https:\/\/www.eveline.hu\/2016\/eveline-kozmetikumok-szepsegapolas\/termekcsaladok\/eveline-daury\/vitamin-mezo-serum-borfiatalitast-aktivalo\/\",\"url\":\"https:\/\/www.eveline.hu\/2016\/eveline-kozmetikumok-szepsegapolas\/termekcsaladok\/eveline-daury\/vitamin-mezo-serum-borfiatalitast-aktivalo\/\",\"name\":\"EVELINE D'AURY VITAMIN MEZO-SERUM B\u0150RFIATAL\u00cdT\u00c1ST AKTIV\u00c1L\u00d3 30ML - Eveline Cosmetics Magyarorsz\u00e1g\",\"isPartOf\":{\"@id\":\"https:\/\/www.eveline.hu\/2016\/#website\"},\"primaryImageOfPage\":{\"@id\":\"https:\/\/www.eveline.hu\/2016\/eveline-kozmetikumok-szepsegapolas\/termekcsaladok\/eveline-daury\/vitamin-mezo-serum-borfiatalitast-aktivalo\/#primaryimage\"},\"image\":{\"@id\":\"https:\/\/www.eveline.hu\/2016\/eveline-kozmetikumok-szepsegapolas\/termekcsaladok\/eveline-daury\/vitamin-mezo-serum-borfiatalitast-aktivalo\/#primaryimage\"},\"thumbnailUrl\":\"https:\/\/www.eveline.hu\/2016\/wp-content\/uploads\/2025\/06\/5903416073697-EVELINE-D-AURY-THERAPY-VITAMIN-MESO-SERUM-30ML-w.png\",\"datePublished\":\"2025-06-22T17:22:47+00:00\",\"dateModified\":\"2025-09-23T09:08:46+00:00\",\"breadcrumb\":{\"@id\":\"https:\/\/www.eveline.hu\/2016\/eveline-kozmetikumok-szepsegapolas\/termekcsaladok\/eveline-daury\/vitamin-mezo-serum-borfiatalitast-aktivalo\/#breadcrumb\"},\"inLanguage\":\"hu\",\"potentialAction\":[{\"@type\":\"ReadAction\",\"target\":[\"https:\/\/www.eveline.hu\/2016\/eveline-kozmetikumok-szepsegapolas\/termekcsaladok\/eveline-daury\/vitamin-mezo-serum-borfiatalitast-aktivalo\/\"]}]},{\"@type\":\"ImageObject\",\"inLanguage\":\"hu\",\"@id\":\"https:\/\/www.eveline.hu\/2016\/eveline-kozmetikumok-szepsegapolas\/termekcsaladok\/eveline-daury\/vitamin-mezo-serum-borfiatalitast-aktivalo\/#primaryimage\",\"url\":\"https:\/\/www.eveline.hu\/2016\/wp-content\/uploads\/2025\/06\/5903416073697-EVELINE-D-AURY-THERAPY-VITAMIN-MESO-SERUM-30ML-w.png\",\"contentUrl\":\"https:\/\/www.eveline.hu\/2016\/wp-content\/uploads\/2025\/06\/5903416073697-EVELINE-D-AURY-THERAPY-VITAMIN-MESO-SERUM-30ML-w.png\",\"width\":750,\"height\":750},{\"@type\":\"BreadcrumbList\",\"@id\":\"https:\/\/www.eveline.hu\/2016\/eveline-kozmetikumok-szepsegapolas\/termekcsaladok\/eveline-daury\/vitamin-mezo-serum-borfiatalitast-aktivalo\/#breadcrumb\",\"itemListElement\":[{\"@type\":\"ListItem\",\"position\":1,\"name\":\"Home\",\"item\":\"https:\/\/www.eveline.hu\/2016\/\"},{\"@type\":\"ListItem\",\"position\":2,\"name\":\"Term\u00e9kek\",\"item\":\"https:\/\/www.eveline.hu\/2016\/shop\/\"},{\"@type\":\"ListItem\",\"position\":3,\"name\":\"EVELINE D&#8217;AURY VITAMIN MEZO-SERUM B\u0150RFIATAL\u00cdT\u00c1ST AKTIV\u00c1L\u00d3 30ML\"}]},{\"@type\":\"WebSite\",\"@id\":\"https:\/\/www.eveline.hu\/2016\/#website\",\"url\":\"https:\/\/www.eveline.hu\/2016\/\",\"name\":\"Eveline Cosmetics Magyarorsz\u00e1g\",\"description\":\"Min\u0151s\u00e9gi kozmetikumok Lengyelorsz\u00e1gb\u00f3l\",\"potentialAction\":[{\"@type\":\"SearchAction\",\"target\":{\"@type\":\"EntryPoint\",\"urlTemplate\":\"https:\/\/www.eveline.hu\/2016\/?s={search_term_string}\"},\"query-input\":\"required name=search_term_string\"}],\"inLanguage\":\"hu\"}]}<\/script>\n<!-- \/ Yoast SEO plugin. -->","yoast_head_json":{"title":"EVELINE D'AURY VITAMIN MEZO-SERUM B\u0150RFIATAL\u00cdT\u00c1ST AKTIV\u00c1L\u00d3 30ML - Eveline Cosmetics Magyarorsz\u00e1g","robots":{"index":"index","follow":"follow","max-snippet":"max-snippet:-1","max-image-preview":"max-image-preview:large","max-video-preview":"max-video-preview:-1"},"canonical":"https:\/\/www.eveline.hu\/2016\/eveline-kozmetikumok-szepsegapolas\/termekcsaladok\/eveline-daury\/vitamin-mezo-serum-borfiatalitast-aktivalo\/","og_locale":"hu_HU","og_type":"article","og_title":"EVELINE D'AURY VITAMIN MEZO-SERUM B\u0150RFIATAL\u00cdT\u00c1ST AKTIV\u00c1L\u00d3 30ML - Eveline Cosmetics Magyarorsz\u00e1g","og_description":"A MIKROT\u0170K SPICULES NEEDLES\u2122 FIATAL\u00cdT\u00d3 EREJE T\u00e1pl\u00e1lja \u00e9s regener\u00e1lja a b\u0151rt. Az innovat\u00edv mikrot\u0171s mezoter\u00e1pi\u00e1s technol\u00f3gia kihaszn\u00e1lja a Spongilla Spicule \u00e9desv\u00edzi szivacsb\u00f3l sz\u00e1rmaz\u00f3 BIO-MIKROT\u0170K potenci\u00e1lj\u00e1t, l\u00e1tv\u00e1nyos fiatalod\u00e1si folyamatokat ind\u00edtva el. Egy sz\u00e9rumban ak\u00e1r 176 500 mikro SPICULES NEEDLES\u2122-nek k\u00f6sz\u00f6nhet\u0151en \u00a0anti-aging [&hellip;]","og_url":"https:\/\/www.eveline.hu\/2016\/eveline-kozmetikumok-szepsegapolas\/termekcsaladok\/eveline-daury\/vitamin-mezo-serum-borfiatalitast-aktivalo\/","og_site_name":"Eveline Cosmetics Magyarorsz\u00e1g","article_modified_time":"2025-09-23T09:08:46+00:00","og_image":[{"width":750,"height":750,"url":"https:\/\/www.eveline.hu\/2016\/wp-content\/uploads\/2025\/06\/5903416073697-EVELINE-D-AURY-THERAPY-VITAMIN-MESO-SERUM-30ML-w.png","type":"image\/png"}],"twitter_card":"summary_large_image","twitter_misc":{"Becs\u00fclt olvas\u00e1si id\u0151":"1 perc"},"schema":{"@context":"https:\/\/schema.org","@graph":[{"@type":"WebPage","@id":"https:\/\/www.eveline.hu\/2016\/eveline-kozmetikumok-szepsegapolas\/termekcsaladok\/eveline-daury\/vitamin-mezo-serum-borfiatalitast-aktivalo\/","url":"https:\/\/www.eveline.hu\/2016\/eveline-kozmetikumok-szepsegapolas\/termekcsaladok\/eveline-daury\/vitamin-mezo-serum-borfiatalitast-aktivalo\/","name":"EVELINE D'AURY VITAMIN MEZO-SERUM B\u0150RFIATAL\u00cdT\u00c1ST AKTIV\u00c1L\u00d3 30ML - Eveline Cosmetics Magyarorsz\u00e1g","isPartOf":{"@id":"https:\/\/www.eveline.hu\/2016\/#website"},"primaryImageOfPage":{"@id":"https:\/\/www.eveline.hu\/2016\/eveline-kozmetikumok-szepsegapolas\/termekcsaladok\/eveline-daury\/vitamin-mezo-serum-borfiatalitast-aktivalo\/#primaryimage"},"image":{"@id":"https:\/\/www.eveline.hu\/2016\/eveline-kozmetikumok-szepsegapolas\/termekcsaladok\/eveline-daury\/vitamin-mezo-serum-borfiatalitast-aktivalo\/#primaryimage"},"thumbnailUrl":"https:\/\/www.eveline.hu\/2016\/wp-content\/uploads\/2025\/06\/5903416073697-EVELINE-D-AURY-THERAPY-VITAMIN-MESO-SERUM-30ML-w.png","datePublished":"2025-06-22T17:22:47+00:00","dateModified":"2025-09-23T09:08:46+00:00","breadcrumb":{"@id":"https:\/\/www.eveline.hu\/2016\/eveline-kozmetikumok-szepsegapolas\/termekcsaladok\/eveline-daury\/vitamin-mezo-serum-borfiatalitast-aktivalo\/#breadcrumb"},"inLanguage":"hu","potentialAction":[{"@type":"ReadAction","target":["https:\/\/www.eveline.hu\/2016\/eveline-kozmetikumok-szepsegapolas\/termekcsaladok\/eveline-daury\/vitamin-mezo-serum-borfiatalitast-aktivalo\/"]}]},{"@type":"ImageObject","inLanguage":"hu","@id":"https:\/\/www.eveline.hu\/2016\/eveline-kozmetikumok-szepsegapolas\/termekcsaladok\/eveline-daury\/vitamin-mezo-serum-borfiatalitast-aktivalo\/#primaryimage","url":"https:\/\/www.eveline.hu\/2016\/wp-content\/uploads\/2025\/06\/5903416073697-EVELINE-D-AURY-THERAPY-VITAMIN-MESO-SERUM-30ML-w.png","contentUrl":"https:\/\/www.eveline.hu\/2016\/wp-content\/uploads\/2025\/06\/5903416073697-EVELINE-D-AURY-THERAPY-VITAMIN-MESO-SERUM-30ML-w.png","width":750,"height":750},{"@type":"BreadcrumbList","@id":"https:\/\/www.eveline.hu\/2016\/eveline-kozmetikumok-szepsegapolas\/termekcsaladok\/eveline-daury\/vitamin-mezo-serum-borfiatalitast-aktivalo\/#breadcrumb","itemListElement":[{"@type":"ListItem","position":1,"name":"Home","item":"https:\/\/www.eveline.hu\/2016\/"},{"@type":"ListItem","position":2,"name":"Term\u00e9kek","item":"https:\/\/www.eveline.hu\/2016\/shop\/"},{"@type":"ListItem","position":3,"name":"EVELINE D&#8217;AURY VITAMIN MEZO-SERUM B\u0150RFIATAL\u00cdT\u00c1ST AKTIV\u00c1L\u00d3 30ML"}]},{"@type":"WebSite","@id":"https:\/\/www.eveline.hu\/2016\/#website","url":"https:\/\/www.eveline.hu\/2016\/","name":"Eveline Cosmetics Magyarorsz\u00e1g","description":"Min\u0151s\u00e9gi kozmetikumok Lengyelorsz\u00e1gb\u00f3l","potentialAction":[{"@type":"SearchAction","target":{"@type":"EntryPoint","urlTemplate":"https:\/\/www.eveline.hu\/2016\/?s={search_term_string}"},"query-input":"required name=search_term_string"}],"inLanguage":"hu"}]}},"_links":{"self":[{"href":"https:\/\/www.eveline.hu\/2016\/wp-json\/wp\/v2\/product\/31979"}],"collection":[{"href":"https:\/\/www.eveline.hu\/2016\/wp-json\/wp\/v2\/product"}],"about":[{"href":"https:\/\/www.eveline.hu\/2016\/wp-json\/wp\/v2\/types\/product"}],"replies":[{"embeddable":true,"href":"https:\/\/www.eveline.hu\/2016\/wp-json\/wp\/v2\/comments?post=31979"}],"wp:featuredmedia":[{"embeddable":true,"href":"https:\/\/www.eveline.hu\/2016\/wp-json\/wp\/v2\/media\/31980"}],"wp:attachment":[{"href":"https:\/\/www.eveline.hu\/2016\/wp-json\/wp\/v2\/media?parent=31979"}],"wp:term":[{"taxonomy":"product_cat","embeddable":true,"href":"https:\/\/www.eveline.hu\/2016\/wp-json\/wp\/v2\/product_cat?post=31979"},{"taxonomy":"product_tag","embeddable":true,"href":"https:\/\/www.eveline.hu\/2016\/wp-json\/wp\/v2\/product_tag?post=31979"}],"curies":[{"name":"wp","href":"https:\/\/api.w.org\/{rel}","templated":true}]}}