{"id":31824,"date":"2025-05-19T14:07:31","date_gmt":"2025-05-19T12:07:31","guid":{"rendered":"https:\/\/www.eveline.hu\/2016\/?post_type=product&#038;p=31824"},"modified":"2025-10-02T13:14:59","modified_gmt":"2025-10-02T11:14:59","slug":"6in1-care-colour-golden-glow","status":"publish","type":"product","link":"https:\/\/www.eveline.hu\/2016\/eveline-kozmetikumok-szepsegapolas\/smink\/korom\/koromerositok\/6in1-care-colour-golden-glow\/","title":{"rendered":"6in1 CARE &#038; COLOUR &#8211; GOLDEN GLOW"},"content":{"rendered":"<p>Forradalmi \u00e9s egyed\u00fcl\u00e1ll\u00f3 formula a Colour &amp; Double Strong\u2122 akt\u00edv komplexszel behatol a k\u00f6r\u00f6mlemez szerkezet\u00e9be, \u00edgy biztos\u00edtva a k\u00f6r\u00f6m hosszantart\u00f3 hat\u00e1s\u00e1t (1). Szil\u00edcium-dioxid, masztixfa gyanta \u00e9s gy\u00e9m\u00e1ntpor tartalma v\u00e9di, er\u0151s\u00edti \u00e9s rugalmasabb\u00e1 teszi a gyenge k\u00f6rm\u00f6ket (2). Intenz\u00edv, f\u00e9nyes csillog\u00e1st ad (3) \u00e9s hat\u00e9konyan v\u00e9d a mechanikai s\u00e9r\u00fcl\u00e9sek, a kop\u00e1s \u00e9s a let\u00f6redez\u00e9s ellen (4). Gyorsan sz\u00e1rad\u00f3 formul\u00e1j\u00e1nak k\u00f6sz\u00f6nhet\u0151en a manik\u0171r n\u00e9h\u00e1ny perc alatt elk\u00e9sz\u00fcl (5). A finoman fed\u0151 GOLDEN GLOW \u00e1rnyalat arany szemcs\u00e9kkel biztos\u00edtja a rendezett megjelen\u00e9st \u00e9s a term\u00e9szetes sz\u00e9p\u00edt\u0151 hat\u00e1st (6). Optim\u00e1lis t\u0171r\u0151k\u00e9pess\u00e9g &#8211; a formula a rendk\u00edv\u00fcl s\u00e9r\u00fclt \u00e9s \u00e9rz\u00e9keny k\u00f6rm\u00f6kre is alkalmas.<\/p>\n<p>Alkalmaz\u00e1s: fesse be a k\u00f6rm\u00f6ket az \u00e1pol\u00f3val \u00e9s v\u00e1rjon a sz\u00e1rad\u00e1sig, majd vigye fel a k\u00e9sz\u00edtm\u00e9ny m\u00e1sodik r\u00e9teg\u00e9t. Hetente k\u00e9tszer alkalmazza.<\/p>\n","protected":false},"excerpt":{"rendered":"<p>Forradalmi \u00e9s egyed\u00fcl\u00e1ll\u00f3 formula a Colour &amp; Double Strong\u2122 akt\u00edv komplexszel behatol a k\u00f6r\u00f6mlemez szerkezet\u00e9be, \u00edgy biztos\u00edtva a k\u00f6r\u00f6m hosszantart\u00f3 hat\u00e1s\u00e1t (1). Szil\u00edcium-dioxid, masztixfa gyanta \u00e9s gy\u00e9m\u00e1ntpor tartalma v\u00e9di, er\u0151s\u00edti \u00e9s rugalmasabb\u00e1 teszi a gyenge k\u00f6rm\u00f6ket (2). Intenz\u00edv, f\u00e9nyes csillog\u00e1st [&hellip;]<\/p>\n","protected":false},"featured_media":31825,"comment_status":"open","ping_status":"closed","template":"","meta":[],"product_cat":[156,158,125,129],"product_tag":[],"yoast_head":"<!-- This site is optimized with the Yoast SEO plugin v22.2 - https:\/\/yoast.com\/wordpress\/plugins\/seo\/ -->\n<title>6in1 CARE &amp; COLOUR - GOLDEN GLOW - Eveline Cosmetics Magyarorsz\u00e1g<\/title>\n<meta name=\"robots\" content=\"index, follow, max-snippet:-1, max-image-preview:large, max-video-preview:-1\" \/>\n<link rel=\"canonical\" href=\"https:\/\/www.eveline.hu\/2016\/eveline-kozmetikumok-szepsegapolas\/smink\/korom\/koromerositok\/6in1-care-colour-golden-glow\/\" \/>\n<meta property=\"og:locale\" content=\"hu_HU\" \/>\n<meta property=\"og:type\" content=\"article\" \/>\n<meta property=\"og:title\" content=\"6in1 CARE &amp; COLOUR - GOLDEN GLOW - Eveline Cosmetics Magyarorsz\u00e1g\" \/>\n<meta property=\"og:description\" content=\"Forradalmi \u00e9s egyed\u00fcl\u00e1ll\u00f3 formula a Colour &amp; Double Strong\u2122 akt\u00edv komplexszel behatol a k\u00f6r\u00f6mlemez szerkezet\u00e9be, \u00edgy biztos\u00edtva a k\u00f6r\u00f6m hosszantart\u00f3 hat\u00e1s\u00e1t (1). Szil\u00edcium-dioxid, masztixfa gyanta \u00e9s gy\u00e9m\u00e1ntpor tartalma v\u00e9di, er\u0151s\u00edti \u00e9s rugalmasabb\u00e1 teszi a gyenge k\u00f6rm\u00f6ket (2). Intenz\u00edv, f\u00e9nyes csillog\u00e1st [&hellip;]\" \/>\n<meta property=\"og:url\" content=\"https:\/\/www.eveline.hu\/2016\/eveline-kozmetikumok-szepsegapolas\/smink\/korom\/koromerositok\/6in1-care-colour-golden-glow\/\" \/>\n<meta property=\"og:site_name\" content=\"Eveline Cosmetics Magyarorsz\u00e1g\" \/>\n<meta property=\"article:modified_time\" content=\"2025-10-02T11:14:59+00:00\" \/>\n<meta property=\"og:image\" content=\"https:\/\/www.eveline.hu\/2016\/wp-content\/uploads\/2025\/05\/JLL5N6W1GG-5903416061083-NAIL-THERAPY-PROFESSIONAL-6IN1-CARE-COLOUR-GOLDEN-GLOW-5ML.png\" \/>\n\t<meta property=\"og:image:width\" content=\"1000\" \/>\n\t<meta property=\"og:image:height\" content=\"1000\" \/>\n\t<meta property=\"og:image:type\" content=\"image\/png\" \/>\n<meta name=\"twitter:card\" content=\"summary_large_image\" \/>\n<meta name=\"twitter:label1\" content=\"Becs\u00fclt olvas\u00e1si id\u0151\" \/>\n\t<meta name=\"twitter:data1\" content=\"1 perc\" \/>\n<script type=\"application\/ld+json\" class=\"yoast-schema-graph\">{\"@context\":\"https:\/\/schema.org\",\"@graph\":[{\"@type\":\"WebPage\",\"@id\":\"https:\/\/www.eveline.hu\/2016\/eveline-kozmetikumok-szepsegapolas\/smink\/korom\/koromerositok\/6in1-care-colour-golden-glow\/\",\"url\":\"https:\/\/www.eveline.hu\/2016\/eveline-kozmetikumok-szepsegapolas\/smink\/korom\/koromerositok\/6in1-care-colour-golden-glow\/\",\"name\":\"6in1 CARE & COLOUR - GOLDEN GLOW - Eveline Cosmetics Magyarorsz\u00e1g\",\"isPartOf\":{\"@id\":\"https:\/\/www.eveline.hu\/2016\/#website\"},\"primaryImageOfPage\":{\"@id\":\"https:\/\/www.eveline.hu\/2016\/eveline-kozmetikumok-szepsegapolas\/smink\/korom\/koromerositok\/6in1-care-colour-golden-glow\/#primaryimage\"},\"image\":{\"@id\":\"https:\/\/www.eveline.hu\/2016\/eveline-kozmetikumok-szepsegapolas\/smink\/korom\/koromerositok\/6in1-care-colour-golden-glow\/#primaryimage\"},\"thumbnailUrl\":\"https:\/\/www.eveline.hu\/2016\/wp-content\/uploads\/2025\/05\/JLL5N6W1GG-5903416061083-NAIL-THERAPY-PROFESSIONAL-6IN1-CARE-COLOUR-GOLDEN-GLOW-5ML.png\",\"datePublished\":\"2025-05-19T12:07:31+00:00\",\"dateModified\":\"2025-10-02T11:14:59+00:00\",\"breadcrumb\":{\"@id\":\"https:\/\/www.eveline.hu\/2016\/eveline-kozmetikumok-szepsegapolas\/smink\/korom\/koromerositok\/6in1-care-colour-golden-glow\/#breadcrumb\"},\"inLanguage\":\"hu\",\"potentialAction\":[{\"@type\":\"ReadAction\",\"target\":[\"https:\/\/www.eveline.hu\/2016\/eveline-kozmetikumok-szepsegapolas\/smink\/korom\/koromerositok\/6in1-care-colour-golden-glow\/\"]}]},{\"@type\":\"ImageObject\",\"inLanguage\":\"hu\",\"@id\":\"https:\/\/www.eveline.hu\/2016\/eveline-kozmetikumok-szepsegapolas\/smink\/korom\/koromerositok\/6in1-care-colour-golden-glow\/#primaryimage\",\"url\":\"https:\/\/www.eveline.hu\/2016\/wp-content\/uploads\/2025\/05\/JLL5N6W1GG-5903416061083-NAIL-THERAPY-PROFESSIONAL-6IN1-CARE-COLOUR-GOLDEN-GLOW-5ML.png\",\"contentUrl\":\"https:\/\/www.eveline.hu\/2016\/wp-content\/uploads\/2025\/05\/JLL5N6W1GG-5903416061083-NAIL-THERAPY-PROFESSIONAL-6IN1-CARE-COLOUR-GOLDEN-GLOW-5ML.png\",\"width\":1000,\"height\":1000},{\"@type\":\"BreadcrumbList\",\"@id\":\"https:\/\/www.eveline.hu\/2016\/eveline-kozmetikumok-szepsegapolas\/smink\/korom\/koromerositok\/6in1-care-colour-golden-glow\/#breadcrumb\",\"itemListElement\":[{\"@type\":\"ListItem\",\"position\":1,\"name\":\"Home\",\"item\":\"https:\/\/www.eveline.hu\/2016\/\"},{\"@type\":\"ListItem\",\"position\":2,\"name\":\"Term\u00e9kek\",\"item\":\"https:\/\/www.eveline.hu\/2016\/shop\/\"},{\"@type\":\"ListItem\",\"position\":3,\"name\":\"6in1 CARE &#038; COLOUR &#8211; GOLDEN GLOW\"}]},{\"@type\":\"WebSite\",\"@id\":\"https:\/\/www.eveline.hu\/2016\/#website\",\"url\":\"https:\/\/www.eveline.hu\/2016\/\",\"name\":\"Eveline Cosmetics Magyarorsz\u00e1g\",\"description\":\"Min\u0151s\u00e9gi kozmetikumok Lengyelorsz\u00e1gb\u00f3l\",\"potentialAction\":[{\"@type\":\"SearchAction\",\"target\":{\"@type\":\"EntryPoint\",\"urlTemplate\":\"https:\/\/www.eveline.hu\/2016\/?s={search_term_string}\"},\"query-input\":\"required name=search_term_string\"}],\"inLanguage\":\"hu\"}]}<\/script>\n<!-- \/ Yoast SEO plugin. -->","yoast_head_json":{"title":"6in1 CARE & COLOUR - GOLDEN GLOW - Eveline Cosmetics Magyarorsz\u00e1g","robots":{"index":"index","follow":"follow","max-snippet":"max-snippet:-1","max-image-preview":"max-image-preview:large","max-video-preview":"max-video-preview:-1"},"canonical":"https:\/\/www.eveline.hu\/2016\/eveline-kozmetikumok-szepsegapolas\/smink\/korom\/koromerositok\/6in1-care-colour-golden-glow\/","og_locale":"hu_HU","og_type":"article","og_title":"6in1 CARE & COLOUR - GOLDEN GLOW - Eveline Cosmetics Magyarorsz\u00e1g","og_description":"Forradalmi \u00e9s egyed\u00fcl\u00e1ll\u00f3 formula a Colour &amp; Double Strong\u2122 akt\u00edv komplexszel behatol a k\u00f6r\u00f6mlemez szerkezet\u00e9be, \u00edgy biztos\u00edtva a k\u00f6r\u00f6m hosszantart\u00f3 hat\u00e1s\u00e1t (1). Szil\u00edcium-dioxid, masztixfa gyanta \u00e9s gy\u00e9m\u00e1ntpor tartalma v\u00e9di, er\u0151s\u00edti \u00e9s rugalmasabb\u00e1 teszi a gyenge k\u00f6rm\u00f6ket (2). Intenz\u00edv, f\u00e9nyes csillog\u00e1st [&hellip;]","og_url":"https:\/\/www.eveline.hu\/2016\/eveline-kozmetikumok-szepsegapolas\/smink\/korom\/koromerositok\/6in1-care-colour-golden-glow\/","og_site_name":"Eveline Cosmetics Magyarorsz\u00e1g","article_modified_time":"2025-10-02T11:14:59+00:00","og_image":[{"width":1000,"height":1000,"url":"https:\/\/www.eveline.hu\/2016\/wp-content\/uploads\/2025\/05\/JLL5N6W1GG-5903416061083-NAIL-THERAPY-PROFESSIONAL-6IN1-CARE-COLOUR-GOLDEN-GLOW-5ML.png","type":"image\/png"}],"twitter_card":"summary_large_image","twitter_misc":{"Becs\u00fclt olvas\u00e1si id\u0151":"1 perc"},"schema":{"@context":"https:\/\/schema.org","@graph":[{"@type":"WebPage","@id":"https:\/\/www.eveline.hu\/2016\/eveline-kozmetikumok-szepsegapolas\/smink\/korom\/koromerositok\/6in1-care-colour-golden-glow\/","url":"https:\/\/www.eveline.hu\/2016\/eveline-kozmetikumok-szepsegapolas\/smink\/korom\/koromerositok\/6in1-care-colour-golden-glow\/","name":"6in1 CARE & COLOUR - GOLDEN GLOW - Eveline Cosmetics Magyarorsz\u00e1g","isPartOf":{"@id":"https:\/\/www.eveline.hu\/2016\/#website"},"primaryImageOfPage":{"@id":"https:\/\/www.eveline.hu\/2016\/eveline-kozmetikumok-szepsegapolas\/smink\/korom\/koromerositok\/6in1-care-colour-golden-glow\/#primaryimage"},"image":{"@id":"https:\/\/www.eveline.hu\/2016\/eveline-kozmetikumok-szepsegapolas\/smink\/korom\/koromerositok\/6in1-care-colour-golden-glow\/#primaryimage"},"thumbnailUrl":"https:\/\/www.eveline.hu\/2016\/wp-content\/uploads\/2025\/05\/JLL5N6W1GG-5903416061083-NAIL-THERAPY-PROFESSIONAL-6IN1-CARE-COLOUR-GOLDEN-GLOW-5ML.png","datePublished":"2025-05-19T12:07:31+00:00","dateModified":"2025-10-02T11:14:59+00:00","breadcrumb":{"@id":"https:\/\/www.eveline.hu\/2016\/eveline-kozmetikumok-szepsegapolas\/smink\/korom\/koromerositok\/6in1-care-colour-golden-glow\/#breadcrumb"},"inLanguage":"hu","potentialAction":[{"@type":"ReadAction","target":["https:\/\/www.eveline.hu\/2016\/eveline-kozmetikumok-szepsegapolas\/smink\/korom\/koromerositok\/6in1-care-colour-golden-glow\/"]}]},{"@type":"ImageObject","inLanguage":"hu","@id":"https:\/\/www.eveline.hu\/2016\/eveline-kozmetikumok-szepsegapolas\/smink\/korom\/koromerositok\/6in1-care-colour-golden-glow\/#primaryimage","url":"https:\/\/www.eveline.hu\/2016\/wp-content\/uploads\/2025\/05\/JLL5N6W1GG-5903416061083-NAIL-THERAPY-PROFESSIONAL-6IN1-CARE-COLOUR-GOLDEN-GLOW-5ML.png","contentUrl":"https:\/\/www.eveline.hu\/2016\/wp-content\/uploads\/2025\/05\/JLL5N6W1GG-5903416061083-NAIL-THERAPY-PROFESSIONAL-6IN1-CARE-COLOUR-GOLDEN-GLOW-5ML.png","width":1000,"height":1000},{"@type":"BreadcrumbList","@id":"https:\/\/www.eveline.hu\/2016\/eveline-kozmetikumok-szepsegapolas\/smink\/korom\/koromerositok\/6in1-care-colour-golden-glow\/#breadcrumb","itemListElement":[{"@type":"ListItem","position":1,"name":"Home","item":"https:\/\/www.eveline.hu\/2016\/"},{"@type":"ListItem","position":2,"name":"Term\u00e9kek","item":"https:\/\/www.eveline.hu\/2016\/shop\/"},{"@type":"ListItem","position":3,"name":"6in1 CARE &#038; COLOUR &#8211; GOLDEN GLOW"}]},{"@type":"WebSite","@id":"https:\/\/www.eveline.hu\/2016\/#website","url":"https:\/\/www.eveline.hu\/2016\/","name":"Eveline Cosmetics Magyarorsz\u00e1g","description":"Min\u0151s\u00e9gi kozmetikumok Lengyelorsz\u00e1gb\u00f3l","potentialAction":[{"@type":"SearchAction","target":{"@type":"EntryPoint","urlTemplate":"https:\/\/www.eveline.hu\/2016\/?s={search_term_string}"},"query-input":"required name=search_term_string"}],"inLanguage":"hu"}]}},"_links":{"self":[{"href":"https:\/\/www.eveline.hu\/2016\/wp-json\/wp\/v2\/product\/31824"}],"collection":[{"href":"https:\/\/www.eveline.hu\/2016\/wp-json\/wp\/v2\/product"}],"about":[{"href":"https:\/\/www.eveline.hu\/2016\/wp-json\/wp\/v2\/types\/product"}],"replies":[{"embeddable":true,"href":"https:\/\/www.eveline.hu\/2016\/wp-json\/wp\/v2\/comments?post=31824"}],"wp:featuredmedia":[{"embeddable":true,"href":"https:\/\/www.eveline.hu\/2016\/wp-json\/wp\/v2\/media\/31825"}],"wp:attachment":[{"href":"https:\/\/www.eveline.hu\/2016\/wp-json\/wp\/v2\/media?parent=31824"}],"wp:term":[{"taxonomy":"product_cat","embeddable":true,"href":"https:\/\/www.eveline.hu\/2016\/wp-json\/wp\/v2\/product_cat?post=31824"},{"taxonomy":"product_tag","embeddable":true,"href":"https:\/\/www.eveline.hu\/2016\/wp-json\/wp\/v2\/product_tag?post=31824"}],"curies":[{"name":"wp","href":"https:\/\/api.w.org\/{rel}","templated":true}]}}