{"id":31761,"date":"2025-04-29T09:17:02","date_gmt":"2025-04-29T07:17:02","guid":{"rendered":"https:\/\/www.eveline.hu\/2016\/?post_type=product&#038;p=31761"},"modified":"2025-09-15T13:57:19","modified_gmt":"2025-09-15T11:57:19","slug":"koncentralt-formula-konnyu-apolo-krem-spf-50-magas-vedelem-zsiros-kombinalt-borre-30ml","status":"publish","type":"product","link":"https:\/\/www.eveline.hu\/2016\/eveline-kozmetikumok-szepsegapolas\/szepsegapolas\/napvedelem\/koncentralt-formula-konnyu-apolo-krem-spf-50-magas-vedelem-zsiros-kombinalt-borre-30ml\/","title":{"rendered":"KONCENTR\u00c1LT FORMULA K\u00d6NNY\u0170 \u00c1POL\u00d3 KR\u00c9M SPF 50  MAGAS V\u00c9DELEM  zs\u00edros, kombin\u00e1lt b\u0151rre 30ml"},"content":{"rendered":"<p>UVA \/UVB SZ\u0170R\u0150KKEL<\/p>\n<p>Matt\u00edtja, kisim\u00edtja a b\u0151rt, v\u00e9d az \u00f6reged\u00e9s ellen.<\/p>\n<p>NIACINAMIDE: sz\u00e9lesk\u00f6r\u0171 fiatal\u00edt\u00f3, valamint b\u0151rm\u0171k\u00f6d\u00e9st \u00e9s \u00e1llapotot jav\u00edt\u00f3 tulajdons\u00e1gokkal rendelkez\u0151 antioxid\u00e1ns.<\/p>\n<p>FOTOSTABIL SZ\u0170R\u0150K: \u00e1tfog\u00f3 v\u00e9delmet biztos\u00edtanak az UVA \u00e9s UVB sug\u00e1rz\u00e1s \u00e9s az \u00e1ltala okozott f\u00e9ny\u00f6reged\u00e9s ellen.<\/p>\n<p>ALKALMAZ\u00c1S: Minden reggel vigye fel az arc, a nyak \u00e9s a dekolt\u00e1zs megtiszt\u00edtott b\u0151r\u00e9re.<\/p>\n<p>Tervezett napoz\u00e1s eset\u00e9n kb. 20 perccel el\u0151tte vigyen fel a kr\u00e9mb\u0151l, \u00e9s kb. 2 \u00f3r\u00e1nk\u00e9nt, valamint minden f\u00fcrd\u00e9s ut\u00e1n egy r\u00e9teg kr\u00e9met.<\/p>\n","protected":false},"excerpt":{"rendered":"<p>UVA \/UVB SZ\u0170R\u0150KKEL Matt\u00edtja, kisim\u00edtja a b\u0151rt, v\u00e9d az \u00f6reged\u00e9s ellen. NIACINAMIDE: sz\u00e9lesk\u00f6r\u0171 fiatal\u00edt\u00f3, valamint b\u0151rm\u0171k\u00f6d\u00e9st \u00e9s \u00e1llapotot jav\u00edt\u00f3 tulajdons\u00e1gokkal rendelkez\u0151 antioxid\u00e1ns. FOTOSTABIL SZ\u0170R\u0150K: \u00e1tfog\u00f3 v\u00e9delmet biztos\u00edtanak az UVA \u00e9s UVB sug\u00e1rz\u00e1s \u00e9s az \u00e1ltala okozott f\u00e9ny\u00f6reged\u00e9s ellen. ALKALMAZ\u00c1S: Minden [&hellip;]<\/p>\n","protected":false},"featured_media":31762,"comment_status":"open","ping_status":"closed","template":"","meta":[],"product_cat":[125,138,80,106],"product_tag":[],"yoast_head":"<!-- This site is optimized with the Yoast SEO plugin v22.2 - https:\/\/yoast.com\/wordpress\/plugins\/seo\/ -->\n<title>KONCENTR\u00c1LT FORMULA K\u00d6NNY\u0170 \u00c1POL\u00d3 KR\u00c9M SPF 50 MAGAS V\u00c9DELEM zs\u00edros, kombin\u00e1lt b\u0151rre 30ml - Eveline Cosmetics Magyarorsz\u00e1g<\/title>\n<meta name=\"robots\" content=\"index, follow, max-snippet:-1, max-image-preview:large, max-video-preview:-1\" \/>\n<link rel=\"canonical\" href=\"https:\/\/www.eveline.hu\/2016\/eveline-kozmetikumok-szepsegapolas\/szepsegapolas\/napvedelem\/koncentralt-formula-konnyu-apolo-krem-spf-50-magas-vedelem-zsiros-kombinalt-borre-30ml\/\" \/>\n<meta property=\"og:locale\" content=\"hu_HU\" \/>\n<meta property=\"og:type\" content=\"article\" \/>\n<meta property=\"og:title\" content=\"KONCENTR\u00c1LT FORMULA K\u00d6NNY\u0170 \u00c1POL\u00d3 KR\u00c9M SPF 50 MAGAS V\u00c9DELEM zs\u00edros, kombin\u00e1lt b\u0151rre 30ml - Eveline Cosmetics Magyarorsz\u00e1g\" \/>\n<meta property=\"og:description\" content=\"UVA \/UVB SZ\u0170R\u0150KKEL Matt\u00edtja, kisim\u00edtja a b\u0151rt, v\u00e9d az \u00f6reged\u00e9s ellen. NIACINAMIDE: sz\u00e9lesk\u00f6r\u0171 fiatal\u00edt\u00f3, valamint b\u0151rm\u0171k\u00f6d\u00e9st \u00e9s \u00e1llapotot jav\u00edt\u00f3 tulajdons\u00e1gokkal rendelkez\u0151 antioxid\u00e1ns. FOTOSTABIL SZ\u0170R\u0150K: \u00e1tfog\u00f3 v\u00e9delmet biztos\u00edtanak az UVA \u00e9s UVB sug\u00e1rz\u00e1s \u00e9s az \u00e1ltala okozott f\u00e9ny\u00f6reged\u00e9s ellen. ALKALMAZ\u00c1S: Minden [&hellip;]\" \/>\n<meta property=\"og:url\" content=\"https:\/\/www.eveline.hu\/2016\/eveline-kozmetikumok-szepsegapolas\/szepsegapolas\/napvedelem\/koncentralt-formula-konnyu-apolo-krem-spf-50-magas-vedelem-zsiros-kombinalt-borre-30ml\/\" \/>\n<meta property=\"og:site_name\" content=\"Eveline Cosmetics Magyarorsz\u00e1g\" \/>\n<meta property=\"article:modified_time\" content=\"2025-09-15T11:57:19+00:00\" \/>\n<meta property=\"og:image\" content=\"https:\/\/www.eveline.hu\/2016\/wp-content\/uploads\/2025\/04\/5903416070573-LIGHT-CARING-CREAM-SPF-50-30ML-w.png\" \/>\n\t<meta property=\"og:image:width\" content=\"750\" \/>\n\t<meta property=\"og:image:height\" content=\"750\" \/>\n\t<meta property=\"og:image:type\" content=\"image\/png\" \/>\n<meta name=\"twitter:card\" content=\"summary_large_image\" \/>\n<meta name=\"twitter:label1\" content=\"Becs\u00fclt olvas\u00e1si id\u0151\" \/>\n\t<meta name=\"twitter:data1\" content=\"1 perc\" \/>\n<script type=\"application\/ld+json\" class=\"yoast-schema-graph\">{\"@context\":\"https:\/\/schema.org\",\"@graph\":[{\"@type\":\"WebPage\",\"@id\":\"https:\/\/www.eveline.hu\/2016\/eveline-kozmetikumok-szepsegapolas\/szepsegapolas\/napvedelem\/koncentralt-formula-konnyu-apolo-krem-spf-50-magas-vedelem-zsiros-kombinalt-borre-30ml\/\",\"url\":\"https:\/\/www.eveline.hu\/2016\/eveline-kozmetikumok-szepsegapolas\/szepsegapolas\/napvedelem\/koncentralt-formula-konnyu-apolo-krem-spf-50-magas-vedelem-zsiros-kombinalt-borre-30ml\/\",\"name\":\"KONCENTR\u00c1LT FORMULA K\u00d6NNY\u0170 \u00c1POL\u00d3 KR\u00c9M SPF 50 MAGAS V\u00c9DELEM zs\u00edros, kombin\u00e1lt b\u0151rre 30ml - Eveline Cosmetics Magyarorsz\u00e1g\",\"isPartOf\":{\"@id\":\"https:\/\/www.eveline.hu\/2016\/#website\"},\"primaryImageOfPage\":{\"@id\":\"https:\/\/www.eveline.hu\/2016\/eveline-kozmetikumok-szepsegapolas\/szepsegapolas\/napvedelem\/koncentralt-formula-konnyu-apolo-krem-spf-50-magas-vedelem-zsiros-kombinalt-borre-30ml\/#primaryimage\"},\"image\":{\"@id\":\"https:\/\/www.eveline.hu\/2016\/eveline-kozmetikumok-szepsegapolas\/szepsegapolas\/napvedelem\/koncentralt-formula-konnyu-apolo-krem-spf-50-magas-vedelem-zsiros-kombinalt-borre-30ml\/#primaryimage\"},\"thumbnailUrl\":\"https:\/\/www.eveline.hu\/2016\/wp-content\/uploads\/2025\/04\/5903416070573-LIGHT-CARING-CREAM-SPF-50-30ML-w.png\",\"datePublished\":\"2025-04-29T07:17:02+00:00\",\"dateModified\":\"2025-09-15T11:57:19+00:00\",\"breadcrumb\":{\"@id\":\"https:\/\/www.eveline.hu\/2016\/eveline-kozmetikumok-szepsegapolas\/szepsegapolas\/napvedelem\/koncentralt-formula-konnyu-apolo-krem-spf-50-magas-vedelem-zsiros-kombinalt-borre-30ml\/#breadcrumb\"},\"inLanguage\":\"hu\",\"potentialAction\":[{\"@type\":\"ReadAction\",\"target\":[\"https:\/\/www.eveline.hu\/2016\/eveline-kozmetikumok-szepsegapolas\/szepsegapolas\/napvedelem\/koncentralt-formula-konnyu-apolo-krem-spf-50-magas-vedelem-zsiros-kombinalt-borre-30ml\/\"]}]},{\"@type\":\"ImageObject\",\"inLanguage\":\"hu\",\"@id\":\"https:\/\/www.eveline.hu\/2016\/eveline-kozmetikumok-szepsegapolas\/szepsegapolas\/napvedelem\/koncentralt-formula-konnyu-apolo-krem-spf-50-magas-vedelem-zsiros-kombinalt-borre-30ml\/#primaryimage\",\"url\":\"https:\/\/www.eveline.hu\/2016\/wp-content\/uploads\/2025\/04\/5903416070573-LIGHT-CARING-CREAM-SPF-50-30ML-w.png\",\"contentUrl\":\"https:\/\/www.eveline.hu\/2016\/wp-content\/uploads\/2025\/04\/5903416070573-LIGHT-CARING-CREAM-SPF-50-30ML-w.png\",\"width\":750,\"height\":750},{\"@type\":\"BreadcrumbList\",\"@id\":\"https:\/\/www.eveline.hu\/2016\/eveline-kozmetikumok-szepsegapolas\/szepsegapolas\/napvedelem\/koncentralt-formula-konnyu-apolo-krem-spf-50-magas-vedelem-zsiros-kombinalt-borre-30ml\/#breadcrumb\",\"itemListElement\":[{\"@type\":\"ListItem\",\"position\":1,\"name\":\"Home\",\"item\":\"https:\/\/www.eveline.hu\/2016\/\"},{\"@type\":\"ListItem\",\"position\":2,\"name\":\"Term\u00e9kek\",\"item\":\"https:\/\/www.eveline.hu\/2016\/shop\/\"},{\"@type\":\"ListItem\",\"position\":3,\"name\":\"KONCENTR\u00c1LT FORMULA K\u00d6NNY\u0170 \u00c1POL\u00d3 KR\u00c9M SPF 50 MAGAS V\u00c9DELEM zs\u00edros, kombin\u00e1lt b\u0151rre 30ml\"}]},{\"@type\":\"WebSite\",\"@id\":\"https:\/\/www.eveline.hu\/2016\/#website\",\"url\":\"https:\/\/www.eveline.hu\/2016\/\",\"name\":\"Eveline Cosmetics Magyarorsz\u00e1g\",\"description\":\"Min\u0151s\u00e9gi kozmetikumok Lengyelorsz\u00e1gb\u00f3l\",\"potentialAction\":[{\"@type\":\"SearchAction\",\"target\":{\"@type\":\"EntryPoint\",\"urlTemplate\":\"https:\/\/www.eveline.hu\/2016\/?s={search_term_string}\"},\"query-input\":\"required name=search_term_string\"}],\"inLanguage\":\"hu\"}]}<\/script>\n<!-- \/ Yoast SEO plugin. -->","yoast_head_json":{"title":"KONCENTR\u00c1LT FORMULA K\u00d6NNY\u0170 \u00c1POL\u00d3 KR\u00c9M SPF 50 MAGAS V\u00c9DELEM zs\u00edros, kombin\u00e1lt b\u0151rre 30ml - Eveline Cosmetics Magyarorsz\u00e1g","robots":{"index":"index","follow":"follow","max-snippet":"max-snippet:-1","max-image-preview":"max-image-preview:large","max-video-preview":"max-video-preview:-1"},"canonical":"https:\/\/www.eveline.hu\/2016\/eveline-kozmetikumok-szepsegapolas\/szepsegapolas\/napvedelem\/koncentralt-formula-konnyu-apolo-krem-spf-50-magas-vedelem-zsiros-kombinalt-borre-30ml\/","og_locale":"hu_HU","og_type":"article","og_title":"KONCENTR\u00c1LT FORMULA K\u00d6NNY\u0170 \u00c1POL\u00d3 KR\u00c9M SPF 50 MAGAS V\u00c9DELEM zs\u00edros, kombin\u00e1lt b\u0151rre 30ml - Eveline Cosmetics Magyarorsz\u00e1g","og_description":"UVA \/UVB SZ\u0170R\u0150KKEL Matt\u00edtja, kisim\u00edtja a b\u0151rt, v\u00e9d az \u00f6reged\u00e9s ellen. NIACINAMIDE: sz\u00e9lesk\u00f6r\u0171 fiatal\u00edt\u00f3, valamint b\u0151rm\u0171k\u00f6d\u00e9st \u00e9s \u00e1llapotot jav\u00edt\u00f3 tulajdons\u00e1gokkal rendelkez\u0151 antioxid\u00e1ns. FOTOSTABIL SZ\u0170R\u0150K: \u00e1tfog\u00f3 v\u00e9delmet biztos\u00edtanak az UVA \u00e9s UVB sug\u00e1rz\u00e1s \u00e9s az \u00e1ltala okozott f\u00e9ny\u00f6reged\u00e9s ellen. ALKALMAZ\u00c1S: Minden [&hellip;]","og_url":"https:\/\/www.eveline.hu\/2016\/eveline-kozmetikumok-szepsegapolas\/szepsegapolas\/napvedelem\/koncentralt-formula-konnyu-apolo-krem-spf-50-magas-vedelem-zsiros-kombinalt-borre-30ml\/","og_site_name":"Eveline Cosmetics Magyarorsz\u00e1g","article_modified_time":"2025-09-15T11:57:19+00:00","og_image":[{"width":750,"height":750,"url":"https:\/\/www.eveline.hu\/2016\/wp-content\/uploads\/2025\/04\/5903416070573-LIGHT-CARING-CREAM-SPF-50-30ML-w.png","type":"image\/png"}],"twitter_card":"summary_large_image","twitter_misc":{"Becs\u00fclt olvas\u00e1si id\u0151":"1 perc"},"schema":{"@context":"https:\/\/schema.org","@graph":[{"@type":"WebPage","@id":"https:\/\/www.eveline.hu\/2016\/eveline-kozmetikumok-szepsegapolas\/szepsegapolas\/napvedelem\/koncentralt-formula-konnyu-apolo-krem-spf-50-magas-vedelem-zsiros-kombinalt-borre-30ml\/","url":"https:\/\/www.eveline.hu\/2016\/eveline-kozmetikumok-szepsegapolas\/szepsegapolas\/napvedelem\/koncentralt-formula-konnyu-apolo-krem-spf-50-magas-vedelem-zsiros-kombinalt-borre-30ml\/","name":"KONCENTR\u00c1LT FORMULA K\u00d6NNY\u0170 \u00c1POL\u00d3 KR\u00c9M SPF 50 MAGAS V\u00c9DELEM zs\u00edros, kombin\u00e1lt b\u0151rre 30ml - Eveline Cosmetics Magyarorsz\u00e1g","isPartOf":{"@id":"https:\/\/www.eveline.hu\/2016\/#website"},"primaryImageOfPage":{"@id":"https:\/\/www.eveline.hu\/2016\/eveline-kozmetikumok-szepsegapolas\/szepsegapolas\/napvedelem\/koncentralt-formula-konnyu-apolo-krem-spf-50-magas-vedelem-zsiros-kombinalt-borre-30ml\/#primaryimage"},"image":{"@id":"https:\/\/www.eveline.hu\/2016\/eveline-kozmetikumok-szepsegapolas\/szepsegapolas\/napvedelem\/koncentralt-formula-konnyu-apolo-krem-spf-50-magas-vedelem-zsiros-kombinalt-borre-30ml\/#primaryimage"},"thumbnailUrl":"https:\/\/www.eveline.hu\/2016\/wp-content\/uploads\/2025\/04\/5903416070573-LIGHT-CARING-CREAM-SPF-50-30ML-w.png","datePublished":"2025-04-29T07:17:02+00:00","dateModified":"2025-09-15T11:57:19+00:00","breadcrumb":{"@id":"https:\/\/www.eveline.hu\/2016\/eveline-kozmetikumok-szepsegapolas\/szepsegapolas\/napvedelem\/koncentralt-formula-konnyu-apolo-krem-spf-50-magas-vedelem-zsiros-kombinalt-borre-30ml\/#breadcrumb"},"inLanguage":"hu","potentialAction":[{"@type":"ReadAction","target":["https:\/\/www.eveline.hu\/2016\/eveline-kozmetikumok-szepsegapolas\/szepsegapolas\/napvedelem\/koncentralt-formula-konnyu-apolo-krem-spf-50-magas-vedelem-zsiros-kombinalt-borre-30ml\/"]}]},{"@type":"ImageObject","inLanguage":"hu","@id":"https:\/\/www.eveline.hu\/2016\/eveline-kozmetikumok-szepsegapolas\/szepsegapolas\/napvedelem\/koncentralt-formula-konnyu-apolo-krem-spf-50-magas-vedelem-zsiros-kombinalt-borre-30ml\/#primaryimage","url":"https:\/\/www.eveline.hu\/2016\/wp-content\/uploads\/2025\/04\/5903416070573-LIGHT-CARING-CREAM-SPF-50-30ML-w.png","contentUrl":"https:\/\/www.eveline.hu\/2016\/wp-content\/uploads\/2025\/04\/5903416070573-LIGHT-CARING-CREAM-SPF-50-30ML-w.png","width":750,"height":750},{"@type":"BreadcrumbList","@id":"https:\/\/www.eveline.hu\/2016\/eveline-kozmetikumok-szepsegapolas\/szepsegapolas\/napvedelem\/koncentralt-formula-konnyu-apolo-krem-spf-50-magas-vedelem-zsiros-kombinalt-borre-30ml\/#breadcrumb","itemListElement":[{"@type":"ListItem","position":1,"name":"Home","item":"https:\/\/www.eveline.hu\/2016\/"},{"@type":"ListItem","position":2,"name":"Term\u00e9kek","item":"https:\/\/www.eveline.hu\/2016\/shop\/"},{"@type":"ListItem","position":3,"name":"KONCENTR\u00c1LT FORMULA K\u00d6NNY\u0170 \u00c1POL\u00d3 KR\u00c9M SPF 50 MAGAS V\u00c9DELEM zs\u00edros, kombin\u00e1lt b\u0151rre 30ml"}]},{"@type":"WebSite","@id":"https:\/\/www.eveline.hu\/2016\/#website","url":"https:\/\/www.eveline.hu\/2016\/","name":"Eveline Cosmetics Magyarorsz\u00e1g","description":"Min\u0151s\u00e9gi kozmetikumok Lengyelorsz\u00e1gb\u00f3l","potentialAction":[{"@type":"SearchAction","target":{"@type":"EntryPoint","urlTemplate":"https:\/\/www.eveline.hu\/2016\/?s={search_term_string}"},"query-input":"required name=search_term_string"}],"inLanguage":"hu"}]}},"_links":{"self":[{"href":"https:\/\/www.eveline.hu\/2016\/wp-json\/wp\/v2\/product\/31761"}],"collection":[{"href":"https:\/\/www.eveline.hu\/2016\/wp-json\/wp\/v2\/product"}],"about":[{"href":"https:\/\/www.eveline.hu\/2016\/wp-json\/wp\/v2\/types\/product"}],"replies":[{"embeddable":true,"href":"https:\/\/www.eveline.hu\/2016\/wp-json\/wp\/v2\/comments?post=31761"}],"wp:featuredmedia":[{"embeddable":true,"href":"https:\/\/www.eveline.hu\/2016\/wp-json\/wp\/v2\/media\/31762"}],"wp:attachment":[{"href":"https:\/\/www.eveline.hu\/2016\/wp-json\/wp\/v2\/media?parent=31761"}],"wp:term":[{"taxonomy":"product_cat","embeddable":true,"href":"https:\/\/www.eveline.hu\/2016\/wp-json\/wp\/v2\/product_cat?post=31761"},{"taxonomy":"product_tag","embeddable":true,"href":"https:\/\/www.eveline.hu\/2016\/wp-json\/wp\/v2\/product_tag?post=31761"}],"curies":[{"name":"wp","href":"https:\/\/api.w.org\/{rel}","templated":true}]}}