{"id":31536,"date":"2025-02-20T15:02:33","date_gmt":"2025-02-20T14:02:33","guid":{"rendered":"https:\/\/www.eveline.hu\/2016\/?post_type=product&#038;p=31536"},"modified":"2025-09-15T13:57:34","modified_gmt":"2025-09-15T11:57:34","slug":"face-therapy-niacinamid-ampulla-maszk-8ml","status":"publish","type":"product","link":"https:\/\/www.eveline.hu\/2016\/eveline-kozmetikumok-szepsegapolas\/termekcsaladok\/arcmaszkok\/face-therapy-niacinamid-ampulla-maszk-8ml\/","title":{"rendered":"FACE THERAPY Niacinamid ampulla maszk 8ml"},"content":{"rendered":"<p>Professzion\u00e1lis, kr\u00e9mes maszk a zs\u00edros, kombin\u00e1lt b\u0151r \u00e1pol\u00e1s\u00e1ra.<\/p>\n<p>Hat\u00e9konyan cs\u00f6kkenti a pattan\u00e1sos elv\u00e1ltoz\u00e1sokat, kiegyenl\u00edti a t\u00f6k\u00e9letlens\u00e9geket \u00e9s a b\u0151r t\u00f3nus\u00e1t.<\/p>\n<p>H\u00e1romszoros hat\u00e9konys\u00e1g 15% niacinamid komplex &#8211; ZINC &#8211; Szalicilsav<\/p>\n<p>hat\u00f3anyag-komplexum nagy hat\u00e9konys\u00e1got biztos\u00edt a mitesszerek, papul\u00e1k, pattan\u00e1sok elleni k\u00fczdelemben.<\/p>\n<p>Szab\u00e1lyozza a faggy\u00fakiv\u00e1laszt\u00e1st, \u00f6sszeh\u00fazza a p\u00f3rusokat \u00e9s cs\u00f6kkenti a hiperpigment\u00e1ci\u00f3t.<\/p>\n<p><strong>Alkalmaz\u00e1s<\/strong>: vigye fel v\u00e9kony r\u00e9tegben a maszkot a megtiszt\u00edtott \u00e9s toniz\u00e1lt arcb\u0151rre.<\/p>\n<p>15 perc m\u00falva mossa le langyos v\u00edzzel.<\/p>\n","protected":false},"excerpt":{"rendered":"<p>Professzion\u00e1lis, kr\u00e9mes maszk a zs\u00edros, kombin\u00e1lt b\u0151r \u00e1pol\u00e1s\u00e1ra. Hat\u00e9konyan cs\u00f6kkenti a pattan\u00e1sos elv\u00e1ltoz\u00e1sokat, kiegyenl\u00edti a t\u00f6k\u00e9letlens\u00e9geket \u00e9s a b\u0151r t\u00f3nus\u00e1t. H\u00e1romszoros hat\u00e9konys\u00e1g 15% niacinamid komplex &#8211; ZINC &#8211; Szalicilsav hat\u00f3anyag-komplexum nagy hat\u00e9konys\u00e1got biztos\u00edt a mitesszerek, papul\u00e1k, pattan\u00e1sok elleni k\u00fczdelemben. Szab\u00e1lyozza [&hellip;]<\/p>\n","protected":false},"featured_media":31537,"comment_status":"open","ping_status":"closed","template":"","meta":[],"product_cat":[80,87],"product_tag":[],"yoast_head":"<!-- This site is optimized with the Yoast SEO plugin v22.2 - https:\/\/yoast.com\/wordpress\/plugins\/seo\/ -->\n<title>FACE THERAPY Niacinamid ampulla maszk 8ml - Eveline Cosmetics Magyarorsz\u00e1g<\/title>\n<meta name=\"robots\" content=\"index, follow, max-snippet:-1, max-image-preview:large, max-video-preview:-1\" \/>\n<link rel=\"canonical\" href=\"https:\/\/www.eveline.hu\/2016\/eveline-kozmetikumok-szepsegapolas\/termekcsaladok\/arcmaszkok\/face-therapy-niacinamid-ampulla-maszk-8ml\/\" \/>\n<meta property=\"og:locale\" content=\"hu_HU\" \/>\n<meta property=\"og:type\" content=\"article\" \/>\n<meta property=\"og:title\" content=\"FACE THERAPY Niacinamid ampulla maszk 8ml - Eveline Cosmetics Magyarorsz\u00e1g\" \/>\n<meta property=\"og:description\" content=\"Professzion\u00e1lis, kr\u00e9mes maszk a zs\u00edros, kombin\u00e1lt b\u0151r \u00e1pol\u00e1s\u00e1ra. Hat\u00e9konyan cs\u00f6kkenti a pattan\u00e1sos elv\u00e1ltoz\u00e1sokat, kiegyenl\u00edti a t\u00f6k\u00e9letlens\u00e9geket \u00e9s a b\u0151r t\u00f3nus\u00e1t. H\u00e1romszoros hat\u00e9konys\u00e1g 15% niacinamid komplex &#8211; ZINC &#8211; Szalicilsav hat\u00f3anyag-komplexum nagy hat\u00e9konys\u00e1got biztos\u00edt a mitesszerek, papul\u00e1k, pattan\u00e1sok elleni k\u00fczdelemben. Szab\u00e1lyozza [&hellip;]\" \/>\n<meta property=\"og:url\" content=\"https:\/\/www.eveline.hu\/2016\/eveline-kozmetikumok-szepsegapolas\/termekcsaladok\/arcmaszkok\/face-therapy-niacinamid-ampulla-maszk-8ml\/\" \/>\n<meta property=\"og:site_name\" content=\"Eveline Cosmetics Magyarorsz\u00e1g\" \/>\n<meta property=\"article:modified_time\" content=\"2025-09-15T11:57:34+00:00\" \/>\n<meta property=\"og:image\" content=\"https:\/\/www.eveline.hu\/2016\/wp-content\/uploads\/2025\/02\/5903416058540-FACE-THERAPY-AMPOULE-MASK-NIACINAMIDE-8ML-w.png\" \/>\n\t<meta property=\"og:image:width\" content=\"750\" \/>\n\t<meta property=\"og:image:height\" content=\"750\" \/>\n\t<meta property=\"og:image:type\" content=\"image\/png\" \/>\n<meta name=\"twitter:card\" content=\"summary_large_image\" \/>\n<meta name=\"twitter:label1\" content=\"Becs\u00fclt olvas\u00e1si id\u0151\" \/>\n\t<meta name=\"twitter:data1\" content=\"1 perc\" \/>\n<script type=\"application\/ld+json\" class=\"yoast-schema-graph\">{\"@context\":\"https:\/\/schema.org\",\"@graph\":[{\"@type\":\"WebPage\",\"@id\":\"https:\/\/www.eveline.hu\/2016\/eveline-kozmetikumok-szepsegapolas\/termekcsaladok\/arcmaszkok\/face-therapy-niacinamid-ampulla-maszk-8ml\/\",\"url\":\"https:\/\/www.eveline.hu\/2016\/eveline-kozmetikumok-szepsegapolas\/termekcsaladok\/arcmaszkok\/face-therapy-niacinamid-ampulla-maszk-8ml\/\",\"name\":\"FACE THERAPY Niacinamid ampulla maszk 8ml - Eveline Cosmetics Magyarorsz\u00e1g\",\"isPartOf\":{\"@id\":\"https:\/\/www.eveline.hu\/2016\/#website\"},\"primaryImageOfPage\":{\"@id\":\"https:\/\/www.eveline.hu\/2016\/eveline-kozmetikumok-szepsegapolas\/termekcsaladok\/arcmaszkok\/face-therapy-niacinamid-ampulla-maszk-8ml\/#primaryimage\"},\"image\":{\"@id\":\"https:\/\/www.eveline.hu\/2016\/eveline-kozmetikumok-szepsegapolas\/termekcsaladok\/arcmaszkok\/face-therapy-niacinamid-ampulla-maszk-8ml\/#primaryimage\"},\"thumbnailUrl\":\"https:\/\/www.eveline.hu\/2016\/wp-content\/uploads\/2025\/02\/5903416058540-FACE-THERAPY-AMPOULE-MASK-NIACINAMIDE-8ML-w.png\",\"datePublished\":\"2025-02-20T14:02:33+00:00\",\"dateModified\":\"2025-09-15T11:57:34+00:00\",\"breadcrumb\":{\"@id\":\"https:\/\/www.eveline.hu\/2016\/eveline-kozmetikumok-szepsegapolas\/termekcsaladok\/arcmaszkok\/face-therapy-niacinamid-ampulla-maszk-8ml\/#breadcrumb\"},\"inLanguage\":\"hu\",\"potentialAction\":[{\"@type\":\"ReadAction\",\"target\":[\"https:\/\/www.eveline.hu\/2016\/eveline-kozmetikumok-szepsegapolas\/termekcsaladok\/arcmaszkok\/face-therapy-niacinamid-ampulla-maszk-8ml\/\"]}]},{\"@type\":\"ImageObject\",\"inLanguage\":\"hu\",\"@id\":\"https:\/\/www.eveline.hu\/2016\/eveline-kozmetikumok-szepsegapolas\/termekcsaladok\/arcmaszkok\/face-therapy-niacinamid-ampulla-maszk-8ml\/#primaryimage\",\"url\":\"https:\/\/www.eveline.hu\/2016\/wp-content\/uploads\/2025\/02\/5903416058540-FACE-THERAPY-AMPOULE-MASK-NIACINAMIDE-8ML-w.png\",\"contentUrl\":\"https:\/\/www.eveline.hu\/2016\/wp-content\/uploads\/2025\/02\/5903416058540-FACE-THERAPY-AMPOULE-MASK-NIACINAMIDE-8ML-w.png\",\"width\":750,\"height\":750},{\"@type\":\"BreadcrumbList\",\"@id\":\"https:\/\/www.eveline.hu\/2016\/eveline-kozmetikumok-szepsegapolas\/termekcsaladok\/arcmaszkok\/face-therapy-niacinamid-ampulla-maszk-8ml\/#breadcrumb\",\"itemListElement\":[{\"@type\":\"ListItem\",\"position\":1,\"name\":\"Home\",\"item\":\"https:\/\/www.eveline.hu\/2016\/\"},{\"@type\":\"ListItem\",\"position\":2,\"name\":\"Term\u00e9kek\",\"item\":\"https:\/\/www.eveline.hu\/2016\/shop\/\"},{\"@type\":\"ListItem\",\"position\":3,\"name\":\"FACE THERAPY Niacinamid ampulla maszk 8ml\"}]},{\"@type\":\"WebSite\",\"@id\":\"https:\/\/www.eveline.hu\/2016\/#website\",\"url\":\"https:\/\/www.eveline.hu\/2016\/\",\"name\":\"Eveline Cosmetics Magyarorsz\u00e1g\",\"description\":\"Min\u0151s\u00e9gi kozmetikumok Lengyelorsz\u00e1gb\u00f3l\",\"potentialAction\":[{\"@type\":\"SearchAction\",\"target\":{\"@type\":\"EntryPoint\",\"urlTemplate\":\"https:\/\/www.eveline.hu\/2016\/?s={search_term_string}\"},\"query-input\":\"required name=search_term_string\"}],\"inLanguage\":\"hu\"}]}<\/script>\n<!-- \/ Yoast SEO plugin. -->","yoast_head_json":{"title":"FACE THERAPY Niacinamid ampulla maszk 8ml - Eveline Cosmetics Magyarorsz\u00e1g","robots":{"index":"index","follow":"follow","max-snippet":"max-snippet:-1","max-image-preview":"max-image-preview:large","max-video-preview":"max-video-preview:-1"},"canonical":"https:\/\/www.eveline.hu\/2016\/eveline-kozmetikumok-szepsegapolas\/termekcsaladok\/arcmaszkok\/face-therapy-niacinamid-ampulla-maszk-8ml\/","og_locale":"hu_HU","og_type":"article","og_title":"FACE THERAPY Niacinamid ampulla maszk 8ml - Eveline Cosmetics Magyarorsz\u00e1g","og_description":"Professzion\u00e1lis, kr\u00e9mes maszk a zs\u00edros, kombin\u00e1lt b\u0151r \u00e1pol\u00e1s\u00e1ra. Hat\u00e9konyan cs\u00f6kkenti a pattan\u00e1sos elv\u00e1ltoz\u00e1sokat, kiegyenl\u00edti a t\u00f6k\u00e9letlens\u00e9geket \u00e9s a b\u0151r t\u00f3nus\u00e1t. H\u00e1romszoros hat\u00e9konys\u00e1g 15% niacinamid komplex &#8211; ZINC &#8211; Szalicilsav hat\u00f3anyag-komplexum nagy hat\u00e9konys\u00e1got biztos\u00edt a mitesszerek, papul\u00e1k, pattan\u00e1sok elleni k\u00fczdelemben. Szab\u00e1lyozza [&hellip;]","og_url":"https:\/\/www.eveline.hu\/2016\/eveline-kozmetikumok-szepsegapolas\/termekcsaladok\/arcmaszkok\/face-therapy-niacinamid-ampulla-maszk-8ml\/","og_site_name":"Eveline Cosmetics Magyarorsz\u00e1g","article_modified_time":"2025-09-15T11:57:34+00:00","og_image":[{"width":750,"height":750,"url":"https:\/\/www.eveline.hu\/2016\/wp-content\/uploads\/2025\/02\/5903416058540-FACE-THERAPY-AMPOULE-MASK-NIACINAMIDE-8ML-w.png","type":"image\/png"}],"twitter_card":"summary_large_image","twitter_misc":{"Becs\u00fclt olvas\u00e1si id\u0151":"1 perc"},"schema":{"@context":"https:\/\/schema.org","@graph":[{"@type":"WebPage","@id":"https:\/\/www.eveline.hu\/2016\/eveline-kozmetikumok-szepsegapolas\/termekcsaladok\/arcmaszkok\/face-therapy-niacinamid-ampulla-maszk-8ml\/","url":"https:\/\/www.eveline.hu\/2016\/eveline-kozmetikumok-szepsegapolas\/termekcsaladok\/arcmaszkok\/face-therapy-niacinamid-ampulla-maszk-8ml\/","name":"FACE THERAPY Niacinamid ampulla maszk 8ml - Eveline Cosmetics Magyarorsz\u00e1g","isPartOf":{"@id":"https:\/\/www.eveline.hu\/2016\/#website"},"primaryImageOfPage":{"@id":"https:\/\/www.eveline.hu\/2016\/eveline-kozmetikumok-szepsegapolas\/termekcsaladok\/arcmaszkok\/face-therapy-niacinamid-ampulla-maszk-8ml\/#primaryimage"},"image":{"@id":"https:\/\/www.eveline.hu\/2016\/eveline-kozmetikumok-szepsegapolas\/termekcsaladok\/arcmaszkok\/face-therapy-niacinamid-ampulla-maszk-8ml\/#primaryimage"},"thumbnailUrl":"https:\/\/www.eveline.hu\/2016\/wp-content\/uploads\/2025\/02\/5903416058540-FACE-THERAPY-AMPOULE-MASK-NIACINAMIDE-8ML-w.png","datePublished":"2025-02-20T14:02:33+00:00","dateModified":"2025-09-15T11:57:34+00:00","breadcrumb":{"@id":"https:\/\/www.eveline.hu\/2016\/eveline-kozmetikumok-szepsegapolas\/termekcsaladok\/arcmaszkok\/face-therapy-niacinamid-ampulla-maszk-8ml\/#breadcrumb"},"inLanguage":"hu","potentialAction":[{"@type":"ReadAction","target":["https:\/\/www.eveline.hu\/2016\/eveline-kozmetikumok-szepsegapolas\/termekcsaladok\/arcmaszkok\/face-therapy-niacinamid-ampulla-maszk-8ml\/"]}]},{"@type":"ImageObject","inLanguage":"hu","@id":"https:\/\/www.eveline.hu\/2016\/eveline-kozmetikumok-szepsegapolas\/termekcsaladok\/arcmaszkok\/face-therapy-niacinamid-ampulla-maszk-8ml\/#primaryimage","url":"https:\/\/www.eveline.hu\/2016\/wp-content\/uploads\/2025\/02\/5903416058540-FACE-THERAPY-AMPOULE-MASK-NIACINAMIDE-8ML-w.png","contentUrl":"https:\/\/www.eveline.hu\/2016\/wp-content\/uploads\/2025\/02\/5903416058540-FACE-THERAPY-AMPOULE-MASK-NIACINAMIDE-8ML-w.png","width":750,"height":750},{"@type":"BreadcrumbList","@id":"https:\/\/www.eveline.hu\/2016\/eveline-kozmetikumok-szepsegapolas\/termekcsaladok\/arcmaszkok\/face-therapy-niacinamid-ampulla-maszk-8ml\/#breadcrumb","itemListElement":[{"@type":"ListItem","position":1,"name":"Home","item":"https:\/\/www.eveline.hu\/2016\/"},{"@type":"ListItem","position":2,"name":"Term\u00e9kek","item":"https:\/\/www.eveline.hu\/2016\/shop\/"},{"@type":"ListItem","position":3,"name":"FACE THERAPY Niacinamid ampulla maszk 8ml"}]},{"@type":"WebSite","@id":"https:\/\/www.eveline.hu\/2016\/#website","url":"https:\/\/www.eveline.hu\/2016\/","name":"Eveline Cosmetics Magyarorsz\u00e1g","description":"Min\u0151s\u00e9gi kozmetikumok Lengyelorsz\u00e1gb\u00f3l","potentialAction":[{"@type":"SearchAction","target":{"@type":"EntryPoint","urlTemplate":"https:\/\/www.eveline.hu\/2016\/?s={search_term_string}"},"query-input":"required name=search_term_string"}],"inLanguage":"hu"}]}},"_links":{"self":[{"href":"https:\/\/www.eveline.hu\/2016\/wp-json\/wp\/v2\/product\/31536"}],"collection":[{"href":"https:\/\/www.eveline.hu\/2016\/wp-json\/wp\/v2\/product"}],"about":[{"href":"https:\/\/www.eveline.hu\/2016\/wp-json\/wp\/v2\/types\/product"}],"replies":[{"embeddable":true,"href":"https:\/\/www.eveline.hu\/2016\/wp-json\/wp\/v2\/comments?post=31536"}],"wp:featuredmedia":[{"embeddable":true,"href":"https:\/\/www.eveline.hu\/2016\/wp-json\/wp\/v2\/media\/31537"}],"wp:attachment":[{"href":"https:\/\/www.eveline.hu\/2016\/wp-json\/wp\/v2\/media?parent=31536"}],"wp:term":[{"taxonomy":"product_cat","embeddable":true,"href":"https:\/\/www.eveline.hu\/2016\/wp-json\/wp\/v2\/product_cat?post=31536"},{"taxonomy":"product_tag","embeddable":true,"href":"https:\/\/www.eveline.hu\/2016\/wp-json\/wp\/v2\/product_tag?post=31536"}],"curies":[{"name":"wp","href":"https:\/\/api.w.org\/{rel}","templated":true}]}}