{"id":31129,"date":"2024-09-30T11:15:49","date_gmt":"2024-09-30T09:15:49","guid":{"rendered":"https:\/\/www.eveline.hu\/2016\/?post_type=product&#038;p=31129"},"modified":"2024-10-20T15:21:50","modified_gmt":"2024-10-20T13:21:50","slug":"face-therapy-ceramidok-ampulla-maszk","status":"publish","type":"product","link":"https:\/\/www.eveline.hu\/2016\/eveline-kozmetikumok-szepsegapolas\/termekcsaladok\/arcmaszkok\/face-therapy-ceramidok-ampulla-maszk\/","title":{"rendered":"FACE THERAPY Ceramidok ampulla maszk 8 ml"},"content":{"rendered":"<p>Professzion\u00e1lis, kr\u00e9mes maszk az irrit\u00e1ci\u00f3 \u00e9s a s\u00e9r\u00fclt hidrolipid g\u00e1t t\u00fcneteit mutat\u00f3, nagyon sz\u00e1raz b\u0151r \u00e1pol\u00e1s\u00e1ra. Biztos\u00edtja a hat\u00f3anyagok nagym\u00e9rt\u00e9k\u0171 felsz\u00edv\u00f3d\u00e1s\u00e1t a b\u0151r\u00f6n kereszt\u00fcl, valamint az azonnali hat\u00e1sokat: m\u00e9ly \u00e9s hosszan tart\u00f3 hidrat\u00e1l\u00e1s, regener\u00e1l\u00e1s \u00e9s nyugtat\u00e1s.<\/p>\n<p>H\u00c1RMAS HAT\u00c9KONYS\u00c1G: \u00a06 CERAMID , PROBIOTIKUMOK, OMEGA SAVAK -3, -6, -9<\/p>\n<p>A t\u00e1pl\u00e1l\u00f3 \u00f6sszetev\u0151k komplexe v\u00e9d\u0151-t\u00e1pl\u00e1l\u00f3 r\u00e9teget alkot a b\u0151r\u00f6n, amely jav\u00edtja a b\u0151r rugalmass\u00e1g\u00e1t \u00e9s hidrat\u00e1l, megsz\u00fcnteti a diszkomfortot, az \u00e9g\u0151 \u00e9s b\u0151rfesz\u00edt\u0151 \u00e9rz\u00e9st.<\/p>\n<p><strong>Alkalmaz\u00e1s<\/strong>: vigye fel v\u00e9kony r\u00e9tegben a maszkot a megtiszt\u00edtott \u00e9s toniz\u00e1lt arcb\u0151rre. 15 perc m\u00falva mossa le langyos v\u00edzzel.<\/p>\n","protected":false},"excerpt":{"rendered":"<p>Professzion\u00e1lis, kr\u00e9mes maszk az irrit\u00e1ci\u00f3 \u00e9s a s\u00e9r\u00fclt hidrolipid g\u00e1t t\u00fcneteit mutat\u00f3, nagyon sz\u00e1raz b\u0151r \u00e1pol\u00e1s\u00e1ra. Biztos\u00edtja a hat\u00f3anyagok nagym\u00e9rt\u00e9k\u0171 felsz\u00edv\u00f3d\u00e1s\u00e1t a b\u0151r\u00f6n kereszt\u00fcl, valamint az azonnali hat\u00e1sokat: m\u00e9ly \u00e9s hosszan tart\u00f3 hidrat\u00e1l\u00e1s, regener\u00e1l\u00e1s \u00e9s nyugtat\u00e1s. H\u00c1RMAS HAT\u00c9KONYS\u00c1G: \u00a06 CERAMID [&hellip;]<\/p>\n","protected":false},"featured_media":31130,"comment_status":"open","ping_status":"closed","template":"","meta":[],"product_cat":[80,87],"product_tag":[],"yoast_head":"<!-- This site is optimized with the Yoast SEO plugin v22.2 - https:\/\/yoast.com\/wordpress\/plugins\/seo\/ -->\n<title>FACE THERAPY Ceramidok ampulla maszk 8 ml - Eveline Cosmetics Magyarorsz\u00e1g<\/title>\n<meta name=\"robots\" content=\"index, follow, max-snippet:-1, max-image-preview:large, max-video-preview:-1\" \/>\n<link rel=\"canonical\" href=\"https:\/\/www.eveline.hu\/2016\/eveline-kozmetikumok-szepsegapolas\/termekcsaladok\/arcmaszkok\/face-therapy-ceramidok-ampulla-maszk\/\" \/>\n<meta property=\"og:locale\" content=\"hu_HU\" \/>\n<meta property=\"og:type\" content=\"article\" \/>\n<meta property=\"og:title\" content=\"FACE THERAPY Ceramidok ampulla maszk 8 ml - Eveline Cosmetics Magyarorsz\u00e1g\" \/>\n<meta property=\"og:description\" content=\"Professzion\u00e1lis, kr\u00e9mes maszk az irrit\u00e1ci\u00f3 \u00e9s a s\u00e9r\u00fclt hidrolipid g\u00e1t t\u00fcneteit mutat\u00f3, nagyon sz\u00e1raz b\u0151r \u00e1pol\u00e1s\u00e1ra. Biztos\u00edtja a hat\u00f3anyagok nagym\u00e9rt\u00e9k\u0171 felsz\u00edv\u00f3d\u00e1s\u00e1t a b\u0151r\u00f6n kereszt\u00fcl, valamint az azonnali hat\u00e1sokat: m\u00e9ly \u00e9s hosszan tart\u00f3 hidrat\u00e1l\u00e1s, regener\u00e1l\u00e1s \u00e9s nyugtat\u00e1s. H\u00c1RMAS HAT\u00c9KONYS\u00c1G: \u00a06 CERAMID [&hellip;]\" \/>\n<meta property=\"og:url\" content=\"https:\/\/www.eveline.hu\/2016\/eveline-kozmetikumok-szepsegapolas\/termekcsaladok\/arcmaszkok\/face-therapy-ceramidok-ampulla-maszk\/\" \/>\n<meta property=\"og:site_name\" content=\"Eveline Cosmetics Magyarorsz\u00e1g\" \/>\n<meta property=\"article:modified_time\" content=\"2024-10-20T13:21:50+00:00\" \/>\n<meta property=\"og:image\" content=\"https:\/\/www.eveline.hu\/2016\/wp-content\/uploads\/2024\/09\/5903416058533-FACE-THERAPY-AMPOULE-MASK-CERAMIDE-8ML-w.png\" \/>\n\t<meta property=\"og:image:width\" content=\"750\" \/>\n\t<meta property=\"og:image:height\" content=\"750\" \/>\n\t<meta property=\"og:image:type\" content=\"image\/png\" \/>\n<meta name=\"twitter:card\" content=\"summary_large_image\" \/>\n<meta name=\"twitter:label1\" content=\"Becs\u00fclt olvas\u00e1si id\u0151\" \/>\n\t<meta name=\"twitter:data1\" content=\"1 perc\" \/>\n<script type=\"application\/ld+json\" class=\"yoast-schema-graph\">{\"@context\":\"https:\/\/schema.org\",\"@graph\":[{\"@type\":\"WebPage\",\"@id\":\"https:\/\/www.eveline.hu\/2016\/eveline-kozmetikumok-szepsegapolas\/termekcsaladok\/arcmaszkok\/face-therapy-ceramidok-ampulla-maszk\/\",\"url\":\"https:\/\/www.eveline.hu\/2016\/eveline-kozmetikumok-szepsegapolas\/termekcsaladok\/arcmaszkok\/face-therapy-ceramidok-ampulla-maszk\/\",\"name\":\"FACE THERAPY Ceramidok ampulla maszk 8 ml - Eveline Cosmetics Magyarorsz\u00e1g\",\"isPartOf\":{\"@id\":\"https:\/\/www.eveline.hu\/2016\/#website\"},\"primaryImageOfPage\":{\"@id\":\"https:\/\/www.eveline.hu\/2016\/eveline-kozmetikumok-szepsegapolas\/termekcsaladok\/arcmaszkok\/face-therapy-ceramidok-ampulla-maszk\/#primaryimage\"},\"image\":{\"@id\":\"https:\/\/www.eveline.hu\/2016\/eveline-kozmetikumok-szepsegapolas\/termekcsaladok\/arcmaszkok\/face-therapy-ceramidok-ampulla-maszk\/#primaryimage\"},\"thumbnailUrl\":\"https:\/\/www.eveline.hu\/2016\/wp-content\/uploads\/2024\/09\/5903416058533-FACE-THERAPY-AMPOULE-MASK-CERAMIDE-8ML-w.png\",\"datePublished\":\"2024-09-30T09:15:49+00:00\",\"dateModified\":\"2024-10-20T13:21:50+00:00\",\"breadcrumb\":{\"@id\":\"https:\/\/www.eveline.hu\/2016\/eveline-kozmetikumok-szepsegapolas\/termekcsaladok\/arcmaszkok\/face-therapy-ceramidok-ampulla-maszk\/#breadcrumb\"},\"inLanguage\":\"hu\",\"potentialAction\":[{\"@type\":\"ReadAction\",\"target\":[\"https:\/\/www.eveline.hu\/2016\/eveline-kozmetikumok-szepsegapolas\/termekcsaladok\/arcmaszkok\/face-therapy-ceramidok-ampulla-maszk\/\"]}]},{\"@type\":\"ImageObject\",\"inLanguage\":\"hu\",\"@id\":\"https:\/\/www.eveline.hu\/2016\/eveline-kozmetikumok-szepsegapolas\/termekcsaladok\/arcmaszkok\/face-therapy-ceramidok-ampulla-maszk\/#primaryimage\",\"url\":\"https:\/\/www.eveline.hu\/2016\/wp-content\/uploads\/2024\/09\/5903416058533-FACE-THERAPY-AMPOULE-MASK-CERAMIDE-8ML-w.png\",\"contentUrl\":\"https:\/\/www.eveline.hu\/2016\/wp-content\/uploads\/2024\/09\/5903416058533-FACE-THERAPY-AMPOULE-MASK-CERAMIDE-8ML-w.png\",\"width\":750,\"height\":750},{\"@type\":\"BreadcrumbList\",\"@id\":\"https:\/\/www.eveline.hu\/2016\/eveline-kozmetikumok-szepsegapolas\/termekcsaladok\/arcmaszkok\/face-therapy-ceramidok-ampulla-maszk\/#breadcrumb\",\"itemListElement\":[{\"@type\":\"ListItem\",\"position\":1,\"name\":\"Home\",\"item\":\"https:\/\/www.eveline.hu\/2016\/\"},{\"@type\":\"ListItem\",\"position\":2,\"name\":\"Term\u00e9kek\",\"item\":\"https:\/\/www.eveline.hu\/2016\/shop\/\"},{\"@type\":\"ListItem\",\"position\":3,\"name\":\"FACE THERAPY Ceramidok ampulla maszk 8 ml\"}]},{\"@type\":\"WebSite\",\"@id\":\"https:\/\/www.eveline.hu\/2016\/#website\",\"url\":\"https:\/\/www.eveline.hu\/2016\/\",\"name\":\"Eveline Cosmetics Magyarorsz\u00e1g\",\"description\":\"Min\u0151s\u00e9gi kozmetikumok Lengyelorsz\u00e1gb\u00f3l\",\"potentialAction\":[{\"@type\":\"SearchAction\",\"target\":{\"@type\":\"EntryPoint\",\"urlTemplate\":\"https:\/\/www.eveline.hu\/2016\/?s={search_term_string}\"},\"query-input\":\"required name=search_term_string\"}],\"inLanguage\":\"hu\"}]}<\/script>\n<!-- \/ Yoast SEO plugin. -->","yoast_head_json":{"title":"FACE THERAPY Ceramidok ampulla maszk 8 ml - Eveline Cosmetics Magyarorsz\u00e1g","robots":{"index":"index","follow":"follow","max-snippet":"max-snippet:-1","max-image-preview":"max-image-preview:large","max-video-preview":"max-video-preview:-1"},"canonical":"https:\/\/www.eveline.hu\/2016\/eveline-kozmetikumok-szepsegapolas\/termekcsaladok\/arcmaszkok\/face-therapy-ceramidok-ampulla-maszk\/","og_locale":"hu_HU","og_type":"article","og_title":"FACE THERAPY Ceramidok ampulla maszk 8 ml - Eveline Cosmetics Magyarorsz\u00e1g","og_description":"Professzion\u00e1lis, kr\u00e9mes maszk az irrit\u00e1ci\u00f3 \u00e9s a s\u00e9r\u00fclt hidrolipid g\u00e1t t\u00fcneteit mutat\u00f3, nagyon sz\u00e1raz b\u0151r \u00e1pol\u00e1s\u00e1ra. Biztos\u00edtja a hat\u00f3anyagok nagym\u00e9rt\u00e9k\u0171 felsz\u00edv\u00f3d\u00e1s\u00e1t a b\u0151r\u00f6n kereszt\u00fcl, valamint az azonnali hat\u00e1sokat: m\u00e9ly \u00e9s hosszan tart\u00f3 hidrat\u00e1l\u00e1s, regener\u00e1l\u00e1s \u00e9s nyugtat\u00e1s. H\u00c1RMAS HAT\u00c9KONYS\u00c1G: \u00a06 CERAMID [&hellip;]","og_url":"https:\/\/www.eveline.hu\/2016\/eveline-kozmetikumok-szepsegapolas\/termekcsaladok\/arcmaszkok\/face-therapy-ceramidok-ampulla-maszk\/","og_site_name":"Eveline Cosmetics Magyarorsz\u00e1g","article_modified_time":"2024-10-20T13:21:50+00:00","og_image":[{"width":750,"height":750,"url":"https:\/\/www.eveline.hu\/2016\/wp-content\/uploads\/2024\/09\/5903416058533-FACE-THERAPY-AMPOULE-MASK-CERAMIDE-8ML-w.png","type":"image\/png"}],"twitter_card":"summary_large_image","twitter_misc":{"Becs\u00fclt olvas\u00e1si id\u0151":"1 perc"},"schema":{"@context":"https:\/\/schema.org","@graph":[{"@type":"WebPage","@id":"https:\/\/www.eveline.hu\/2016\/eveline-kozmetikumok-szepsegapolas\/termekcsaladok\/arcmaszkok\/face-therapy-ceramidok-ampulla-maszk\/","url":"https:\/\/www.eveline.hu\/2016\/eveline-kozmetikumok-szepsegapolas\/termekcsaladok\/arcmaszkok\/face-therapy-ceramidok-ampulla-maszk\/","name":"FACE THERAPY Ceramidok ampulla maszk 8 ml - Eveline Cosmetics Magyarorsz\u00e1g","isPartOf":{"@id":"https:\/\/www.eveline.hu\/2016\/#website"},"primaryImageOfPage":{"@id":"https:\/\/www.eveline.hu\/2016\/eveline-kozmetikumok-szepsegapolas\/termekcsaladok\/arcmaszkok\/face-therapy-ceramidok-ampulla-maszk\/#primaryimage"},"image":{"@id":"https:\/\/www.eveline.hu\/2016\/eveline-kozmetikumok-szepsegapolas\/termekcsaladok\/arcmaszkok\/face-therapy-ceramidok-ampulla-maszk\/#primaryimage"},"thumbnailUrl":"https:\/\/www.eveline.hu\/2016\/wp-content\/uploads\/2024\/09\/5903416058533-FACE-THERAPY-AMPOULE-MASK-CERAMIDE-8ML-w.png","datePublished":"2024-09-30T09:15:49+00:00","dateModified":"2024-10-20T13:21:50+00:00","breadcrumb":{"@id":"https:\/\/www.eveline.hu\/2016\/eveline-kozmetikumok-szepsegapolas\/termekcsaladok\/arcmaszkok\/face-therapy-ceramidok-ampulla-maszk\/#breadcrumb"},"inLanguage":"hu","potentialAction":[{"@type":"ReadAction","target":["https:\/\/www.eveline.hu\/2016\/eveline-kozmetikumok-szepsegapolas\/termekcsaladok\/arcmaszkok\/face-therapy-ceramidok-ampulla-maszk\/"]}]},{"@type":"ImageObject","inLanguage":"hu","@id":"https:\/\/www.eveline.hu\/2016\/eveline-kozmetikumok-szepsegapolas\/termekcsaladok\/arcmaszkok\/face-therapy-ceramidok-ampulla-maszk\/#primaryimage","url":"https:\/\/www.eveline.hu\/2016\/wp-content\/uploads\/2024\/09\/5903416058533-FACE-THERAPY-AMPOULE-MASK-CERAMIDE-8ML-w.png","contentUrl":"https:\/\/www.eveline.hu\/2016\/wp-content\/uploads\/2024\/09\/5903416058533-FACE-THERAPY-AMPOULE-MASK-CERAMIDE-8ML-w.png","width":750,"height":750},{"@type":"BreadcrumbList","@id":"https:\/\/www.eveline.hu\/2016\/eveline-kozmetikumok-szepsegapolas\/termekcsaladok\/arcmaszkok\/face-therapy-ceramidok-ampulla-maszk\/#breadcrumb","itemListElement":[{"@type":"ListItem","position":1,"name":"Home","item":"https:\/\/www.eveline.hu\/2016\/"},{"@type":"ListItem","position":2,"name":"Term\u00e9kek","item":"https:\/\/www.eveline.hu\/2016\/shop\/"},{"@type":"ListItem","position":3,"name":"FACE THERAPY Ceramidok ampulla maszk 8 ml"}]},{"@type":"WebSite","@id":"https:\/\/www.eveline.hu\/2016\/#website","url":"https:\/\/www.eveline.hu\/2016\/","name":"Eveline Cosmetics Magyarorsz\u00e1g","description":"Min\u0151s\u00e9gi kozmetikumok Lengyelorsz\u00e1gb\u00f3l","potentialAction":[{"@type":"SearchAction","target":{"@type":"EntryPoint","urlTemplate":"https:\/\/www.eveline.hu\/2016\/?s={search_term_string}"},"query-input":"required name=search_term_string"}],"inLanguage":"hu"}]}},"_links":{"self":[{"href":"https:\/\/www.eveline.hu\/2016\/wp-json\/wp\/v2\/product\/31129"}],"collection":[{"href":"https:\/\/www.eveline.hu\/2016\/wp-json\/wp\/v2\/product"}],"about":[{"href":"https:\/\/www.eveline.hu\/2016\/wp-json\/wp\/v2\/types\/product"}],"replies":[{"embeddable":true,"href":"https:\/\/www.eveline.hu\/2016\/wp-json\/wp\/v2\/comments?post=31129"}],"wp:featuredmedia":[{"embeddable":true,"href":"https:\/\/www.eveline.hu\/2016\/wp-json\/wp\/v2\/media\/31130"}],"wp:attachment":[{"href":"https:\/\/www.eveline.hu\/2016\/wp-json\/wp\/v2\/media?parent=31129"}],"wp:term":[{"taxonomy":"product_cat","embeddable":true,"href":"https:\/\/www.eveline.hu\/2016\/wp-json\/wp\/v2\/product_cat?post=31129"},{"taxonomy":"product_tag","embeddable":true,"href":"https:\/\/www.eveline.hu\/2016\/wp-json\/wp\/v2\/product_tag?post=31129"}],"curies":[{"name":"wp","href":"https:\/\/api.w.org\/{rel}","templated":true}]}}