{"id":30976,"date":"2024-07-30T13:36:39","date_gmt":"2024-07-30T11:36:39","guid":{"rendered":"https:\/\/www.eveline.hu\/2016\/?post_type=product&#038;p=30976"},"modified":"2025-09-15T14:00:45","modified_gmt":"2025-09-15T12:00:45","slug":"wonder-match-ajakapolo-olaj-5ml-03","status":"publish","type":"product","link":"https:\/\/www.eveline.hu\/2016\/eveline-kozmetikumok-szepsegapolas\/smink\/szaj\/szajfenyek\/wonder-match-ajakapolo-olaj-5ml-03\/","title":{"rendered":"WONDER MATCH AJAK\u00c1POL\u00d3 OLAJ 5ml 03"},"content":{"rendered":"<p>V\u00e9di, sz\u00e9p\u00edti \u00e9s gy\u00f6ny\u00f6r\u0171 sz\u00ednt ad ajkaidnak.\u00a0 A sz\u00ednezett v\u00e1ltozatok hialuronsavval, E-vitaminnal, jojobaolajjal \u00e9s \u00e9desgy\u00f6k\u00e9rkivonattal m\u00e9ly t\u00e1pl\u00e1l\u00e1st biztos\u00edtanak. Az olaj nem zs\u00edros, nem ragad\u00f3s text\u00far\u00e1ja gy\u00f6ny\u00f6r\u0171, csillog\u00f3 f\u00e9nyt ad, \u00e9s kisim\u00edt\u00f3 r\u00e9teget k\u00e9pez, amely kont\u00farozza az ajkakat. A puha applik\u00e1tornak k\u00f6sz\u00f6nhet\u0151en a term\u00e9k felvitele k\u00f6nny\u0171 \u00e9s prec\u00edz.<\/p>\n<p>A k\u00e9p \u00e9s a term\u00e9k sz\u00edne k\u00f6z\u00f6tt \u00e1rnyalatnyi elt\u00e9r\u00e9s lehet!! A term\u00e9k vil\u00e1gosabb.<\/p>\n<p>\u00d6sszetev\u0151k:Shades 03-05. Ingredients: Aqua (Water), Diisostearyl Malate, Octyldodecanol, Bis-Diglyceryl Polyacyladipate-2, Oleyl Erucate, Glycerin, Hydrogenated Polyisobutene, Cetyl PEG\/PPG-10\/1 Dimethicone, Hydroxyethyl Acrylate\/Sodium Acryloyldimethyl Taurate Copolymer, Polyisobutene, PEG-7 Trimethylolpropane Coconut Ether, Simmondsia Chinensis Seed Oil, Pentaerythrityl Tetra-di-t-butyl Hydroxyhydrocinnamate, Tocopheryl Acetate, Phenoxyethanol, Menthyl Lactate, Menthol, Dipotassium Glycyrrhizate, Tocopherol, Helianthus Annuus Seed Oil, Sodium Hyaluronate, Glycyrrhiza Glabra Root Extract, Parfum, Sorbitan Isostearate, Ethylhexylglycerin, Propylene Glycol, Disodium EDTA. (+\/-): CI 77891, CI 17200, CI 15985, CI 45410, CI 42090, CI 77499<\/p>\n","protected":false},"excerpt":{"rendered":"<p>V\u00e9di, sz\u00e9p\u00edti \u00e9s gy\u00f6ny\u00f6r\u0171 sz\u00ednt ad ajkaidnak.\u00a0 A sz\u00ednezett v\u00e1ltozatok hialuronsavval, E-vitaminnal, jojobaolajjal \u00e9s \u00e9desgy\u00f6k\u00e9rkivonattal m\u00e9ly t\u00e1pl\u00e1l\u00e1st biztos\u00edtanak. Az olaj nem zs\u00edros, nem ragad\u00f3s text\u00far\u00e1ja gy\u00f6ny\u00f6r\u0171, csillog\u00f3 f\u00e9nyt ad, \u00e9s kisim\u00edt\u00f3 r\u00e9teget k\u00e9pez, amely kont\u00farozza az ajkakat. A puha applik\u00e1tornak [&hellip;]<\/p>\n","protected":false},"featured_media":30978,"comment_status":"open","ping_status":"closed","template":"","meta":[],"product_cat":[130,152,154],"product_tag":[],"yoast_head":"<!-- This site is optimized with the Yoast SEO plugin v22.2 - https:\/\/yoast.com\/wordpress\/plugins\/seo\/ -->\n<title>WONDER MATCH AJAK\u00c1POL\u00d3 OLAJ 5ml 03 - Eveline Cosmetics Magyarorsz\u00e1g<\/title>\n<meta name=\"robots\" content=\"index, follow, max-snippet:-1, max-image-preview:large, max-video-preview:-1\" \/>\n<link rel=\"canonical\" href=\"https:\/\/www.eveline.hu\/2016\/eveline-kozmetikumok-szepsegapolas\/smink\/szaj\/szajfenyek\/wonder-match-ajakapolo-olaj-5ml-03\/\" \/>\n<meta property=\"og:locale\" content=\"hu_HU\" \/>\n<meta property=\"og:type\" content=\"article\" \/>\n<meta property=\"og:title\" content=\"WONDER MATCH AJAK\u00c1POL\u00d3 OLAJ 5ml 03 - Eveline Cosmetics Magyarorsz\u00e1g\" \/>\n<meta property=\"og:description\" content=\"V\u00e9di, sz\u00e9p\u00edti \u00e9s gy\u00f6ny\u00f6r\u0171 sz\u00ednt ad ajkaidnak.\u00a0 A sz\u00ednezett v\u00e1ltozatok hialuronsavval, E-vitaminnal, jojobaolajjal \u00e9s \u00e9desgy\u00f6k\u00e9rkivonattal m\u00e9ly t\u00e1pl\u00e1l\u00e1st biztos\u00edtanak. Az olaj nem zs\u00edros, nem ragad\u00f3s text\u00far\u00e1ja gy\u00f6ny\u00f6r\u0171, csillog\u00f3 f\u00e9nyt ad, \u00e9s kisim\u00edt\u00f3 r\u00e9teget k\u00e9pez, amely kont\u00farozza az ajkakat. A puha applik\u00e1tornak [&hellip;]\" \/>\n<meta property=\"og:url\" content=\"https:\/\/www.eveline.hu\/2016\/eveline-kozmetikumok-szepsegapolas\/smink\/szaj\/szajfenyek\/wonder-match-ajakapolo-olaj-5ml-03\/\" \/>\n<meta property=\"og:site_name\" content=\"Eveline Cosmetics Magyarorsz\u00e1g\" \/>\n<meta property=\"article:modified_time\" content=\"2025-09-15T12:00:45+00:00\" \/>\n<meta property=\"og:image\" content=\"https:\/\/www.eveline.hu\/2016\/wp-content\/uploads\/2024\/07\/5903416071945-3-w.png\" \/>\n\t<meta property=\"og:image:width\" content=\"750\" \/>\n\t<meta property=\"og:image:height\" content=\"750\" \/>\n\t<meta property=\"og:image:type\" content=\"image\/png\" \/>\n<meta name=\"twitter:card\" content=\"summary_large_image\" \/>\n<meta name=\"twitter:label1\" content=\"Becs\u00fclt olvas\u00e1si id\u0151\" \/>\n\t<meta name=\"twitter:data1\" content=\"1 perc\" \/>\n<script type=\"application\/ld+json\" class=\"yoast-schema-graph\">{\"@context\":\"https:\/\/schema.org\",\"@graph\":[{\"@type\":\"WebPage\",\"@id\":\"https:\/\/www.eveline.hu\/2016\/eveline-kozmetikumok-szepsegapolas\/smink\/szaj\/szajfenyek\/wonder-match-ajakapolo-olaj-5ml-03\/\",\"url\":\"https:\/\/www.eveline.hu\/2016\/eveline-kozmetikumok-szepsegapolas\/smink\/szaj\/szajfenyek\/wonder-match-ajakapolo-olaj-5ml-03\/\",\"name\":\"WONDER MATCH AJAK\u00c1POL\u00d3 OLAJ 5ml 03 - Eveline Cosmetics Magyarorsz\u00e1g\",\"isPartOf\":{\"@id\":\"https:\/\/www.eveline.hu\/2016\/#website\"},\"primaryImageOfPage\":{\"@id\":\"https:\/\/www.eveline.hu\/2016\/eveline-kozmetikumok-szepsegapolas\/smink\/szaj\/szajfenyek\/wonder-match-ajakapolo-olaj-5ml-03\/#primaryimage\"},\"image\":{\"@id\":\"https:\/\/www.eveline.hu\/2016\/eveline-kozmetikumok-szepsegapolas\/smink\/szaj\/szajfenyek\/wonder-match-ajakapolo-olaj-5ml-03\/#primaryimage\"},\"thumbnailUrl\":\"https:\/\/www.eveline.hu\/2016\/wp-content\/uploads\/2024\/07\/5903416071945-3-w.png\",\"datePublished\":\"2024-07-30T11:36:39+00:00\",\"dateModified\":\"2025-09-15T12:00:45+00:00\",\"breadcrumb\":{\"@id\":\"https:\/\/www.eveline.hu\/2016\/eveline-kozmetikumok-szepsegapolas\/smink\/szaj\/szajfenyek\/wonder-match-ajakapolo-olaj-5ml-03\/#breadcrumb\"},\"inLanguage\":\"hu\",\"potentialAction\":[{\"@type\":\"ReadAction\",\"target\":[\"https:\/\/www.eveline.hu\/2016\/eveline-kozmetikumok-szepsegapolas\/smink\/szaj\/szajfenyek\/wonder-match-ajakapolo-olaj-5ml-03\/\"]}]},{\"@type\":\"ImageObject\",\"inLanguage\":\"hu\",\"@id\":\"https:\/\/www.eveline.hu\/2016\/eveline-kozmetikumok-szepsegapolas\/smink\/szaj\/szajfenyek\/wonder-match-ajakapolo-olaj-5ml-03\/#primaryimage\",\"url\":\"https:\/\/www.eveline.hu\/2016\/wp-content\/uploads\/2024\/07\/5903416071945-3-w.png\",\"contentUrl\":\"https:\/\/www.eveline.hu\/2016\/wp-content\/uploads\/2024\/07\/5903416071945-3-w.png\",\"width\":750,\"height\":750},{\"@type\":\"BreadcrumbList\",\"@id\":\"https:\/\/www.eveline.hu\/2016\/eveline-kozmetikumok-szepsegapolas\/smink\/szaj\/szajfenyek\/wonder-match-ajakapolo-olaj-5ml-03\/#breadcrumb\",\"itemListElement\":[{\"@type\":\"ListItem\",\"position\":1,\"name\":\"Home\",\"item\":\"https:\/\/www.eveline.hu\/2016\/\"},{\"@type\":\"ListItem\",\"position\":2,\"name\":\"Term\u00e9kek\",\"item\":\"https:\/\/www.eveline.hu\/2016\/shop\/\"},{\"@type\":\"ListItem\",\"position\":3,\"name\":\"WONDER MATCH AJAK\u00c1POL\u00d3 OLAJ 5ml 03\"}]},{\"@type\":\"WebSite\",\"@id\":\"https:\/\/www.eveline.hu\/2016\/#website\",\"url\":\"https:\/\/www.eveline.hu\/2016\/\",\"name\":\"Eveline Cosmetics Magyarorsz\u00e1g\",\"description\":\"Min\u0151s\u00e9gi kozmetikumok Lengyelorsz\u00e1gb\u00f3l\",\"potentialAction\":[{\"@type\":\"SearchAction\",\"target\":{\"@type\":\"EntryPoint\",\"urlTemplate\":\"https:\/\/www.eveline.hu\/2016\/?s={search_term_string}\"},\"query-input\":\"required name=search_term_string\"}],\"inLanguage\":\"hu\"}]}<\/script>\n<!-- \/ Yoast SEO plugin. -->","yoast_head_json":{"title":"WONDER MATCH AJAK\u00c1POL\u00d3 OLAJ 5ml 03 - Eveline Cosmetics Magyarorsz\u00e1g","robots":{"index":"index","follow":"follow","max-snippet":"max-snippet:-1","max-image-preview":"max-image-preview:large","max-video-preview":"max-video-preview:-1"},"canonical":"https:\/\/www.eveline.hu\/2016\/eveline-kozmetikumok-szepsegapolas\/smink\/szaj\/szajfenyek\/wonder-match-ajakapolo-olaj-5ml-03\/","og_locale":"hu_HU","og_type":"article","og_title":"WONDER MATCH AJAK\u00c1POL\u00d3 OLAJ 5ml 03 - Eveline Cosmetics Magyarorsz\u00e1g","og_description":"V\u00e9di, sz\u00e9p\u00edti \u00e9s gy\u00f6ny\u00f6r\u0171 sz\u00ednt ad ajkaidnak.\u00a0 A sz\u00ednezett v\u00e1ltozatok hialuronsavval, E-vitaminnal, jojobaolajjal \u00e9s \u00e9desgy\u00f6k\u00e9rkivonattal m\u00e9ly t\u00e1pl\u00e1l\u00e1st biztos\u00edtanak. Az olaj nem zs\u00edros, nem ragad\u00f3s text\u00far\u00e1ja gy\u00f6ny\u00f6r\u0171, csillog\u00f3 f\u00e9nyt ad, \u00e9s kisim\u00edt\u00f3 r\u00e9teget k\u00e9pez, amely kont\u00farozza az ajkakat. A puha applik\u00e1tornak [&hellip;]","og_url":"https:\/\/www.eveline.hu\/2016\/eveline-kozmetikumok-szepsegapolas\/smink\/szaj\/szajfenyek\/wonder-match-ajakapolo-olaj-5ml-03\/","og_site_name":"Eveline Cosmetics Magyarorsz\u00e1g","article_modified_time":"2025-09-15T12:00:45+00:00","og_image":[{"width":750,"height":750,"url":"https:\/\/www.eveline.hu\/2016\/wp-content\/uploads\/2024\/07\/5903416071945-3-w.png","type":"image\/png"}],"twitter_card":"summary_large_image","twitter_misc":{"Becs\u00fclt olvas\u00e1si id\u0151":"1 perc"},"schema":{"@context":"https:\/\/schema.org","@graph":[{"@type":"WebPage","@id":"https:\/\/www.eveline.hu\/2016\/eveline-kozmetikumok-szepsegapolas\/smink\/szaj\/szajfenyek\/wonder-match-ajakapolo-olaj-5ml-03\/","url":"https:\/\/www.eveline.hu\/2016\/eveline-kozmetikumok-szepsegapolas\/smink\/szaj\/szajfenyek\/wonder-match-ajakapolo-olaj-5ml-03\/","name":"WONDER MATCH AJAK\u00c1POL\u00d3 OLAJ 5ml 03 - Eveline Cosmetics Magyarorsz\u00e1g","isPartOf":{"@id":"https:\/\/www.eveline.hu\/2016\/#website"},"primaryImageOfPage":{"@id":"https:\/\/www.eveline.hu\/2016\/eveline-kozmetikumok-szepsegapolas\/smink\/szaj\/szajfenyek\/wonder-match-ajakapolo-olaj-5ml-03\/#primaryimage"},"image":{"@id":"https:\/\/www.eveline.hu\/2016\/eveline-kozmetikumok-szepsegapolas\/smink\/szaj\/szajfenyek\/wonder-match-ajakapolo-olaj-5ml-03\/#primaryimage"},"thumbnailUrl":"https:\/\/www.eveline.hu\/2016\/wp-content\/uploads\/2024\/07\/5903416071945-3-w.png","datePublished":"2024-07-30T11:36:39+00:00","dateModified":"2025-09-15T12:00:45+00:00","breadcrumb":{"@id":"https:\/\/www.eveline.hu\/2016\/eveline-kozmetikumok-szepsegapolas\/smink\/szaj\/szajfenyek\/wonder-match-ajakapolo-olaj-5ml-03\/#breadcrumb"},"inLanguage":"hu","potentialAction":[{"@type":"ReadAction","target":["https:\/\/www.eveline.hu\/2016\/eveline-kozmetikumok-szepsegapolas\/smink\/szaj\/szajfenyek\/wonder-match-ajakapolo-olaj-5ml-03\/"]}]},{"@type":"ImageObject","inLanguage":"hu","@id":"https:\/\/www.eveline.hu\/2016\/eveline-kozmetikumok-szepsegapolas\/smink\/szaj\/szajfenyek\/wonder-match-ajakapolo-olaj-5ml-03\/#primaryimage","url":"https:\/\/www.eveline.hu\/2016\/wp-content\/uploads\/2024\/07\/5903416071945-3-w.png","contentUrl":"https:\/\/www.eveline.hu\/2016\/wp-content\/uploads\/2024\/07\/5903416071945-3-w.png","width":750,"height":750},{"@type":"BreadcrumbList","@id":"https:\/\/www.eveline.hu\/2016\/eveline-kozmetikumok-szepsegapolas\/smink\/szaj\/szajfenyek\/wonder-match-ajakapolo-olaj-5ml-03\/#breadcrumb","itemListElement":[{"@type":"ListItem","position":1,"name":"Home","item":"https:\/\/www.eveline.hu\/2016\/"},{"@type":"ListItem","position":2,"name":"Term\u00e9kek","item":"https:\/\/www.eveline.hu\/2016\/shop\/"},{"@type":"ListItem","position":3,"name":"WONDER MATCH AJAK\u00c1POL\u00d3 OLAJ 5ml 03"}]},{"@type":"WebSite","@id":"https:\/\/www.eveline.hu\/2016\/#website","url":"https:\/\/www.eveline.hu\/2016\/","name":"Eveline Cosmetics Magyarorsz\u00e1g","description":"Min\u0151s\u00e9gi kozmetikumok Lengyelorsz\u00e1gb\u00f3l","potentialAction":[{"@type":"SearchAction","target":{"@type":"EntryPoint","urlTemplate":"https:\/\/www.eveline.hu\/2016\/?s={search_term_string}"},"query-input":"required name=search_term_string"}],"inLanguage":"hu"}]}},"_links":{"self":[{"href":"https:\/\/www.eveline.hu\/2016\/wp-json\/wp\/v2\/product\/30976"}],"collection":[{"href":"https:\/\/www.eveline.hu\/2016\/wp-json\/wp\/v2\/product"}],"about":[{"href":"https:\/\/www.eveline.hu\/2016\/wp-json\/wp\/v2\/types\/product"}],"replies":[{"embeddable":true,"href":"https:\/\/www.eveline.hu\/2016\/wp-json\/wp\/v2\/comments?post=30976"}],"wp:featuredmedia":[{"embeddable":true,"href":"https:\/\/www.eveline.hu\/2016\/wp-json\/wp\/v2\/media\/30978"}],"wp:attachment":[{"href":"https:\/\/www.eveline.hu\/2016\/wp-json\/wp\/v2\/media?parent=30976"}],"wp:term":[{"taxonomy":"product_cat","embeddable":true,"href":"https:\/\/www.eveline.hu\/2016\/wp-json\/wp\/v2\/product_cat?post=30976"},{"taxonomy":"product_tag","embeddable":true,"href":"https:\/\/www.eveline.hu\/2016\/wp-json\/wp\/v2\/product_tag?post=30976"}],"curies":[{"name":"wp","href":"https:\/\/api.w.org\/{rel}","templated":true}]}}