{"id":30972,"date":"2024-07-30T13:24:00","date_gmt":"2024-07-30T11:24:00","guid":{"rendered":"https:\/\/www.eveline.hu\/2016\/?post_type=product&#038;p=30972"},"modified":"2024-12-14T14:01:47","modified_gmt":"2024-12-14T13:01:47","slug":"wonder-match-ajakapolo-olaj-5ml-01","status":"publish","type":"product","link":"https:\/\/www.eveline.hu\/2016\/eveline-kozmetikumok-szepsegapolas\/smink\/szaj\/szajfenyek\/wonder-match-ajakapolo-olaj-5ml-01\/","title":{"rendered":"WONDER MATCH AJAK\u00c1POL\u00d3 OLAJ 5ml 01"},"content":{"rendered":"<p>V\u00e9di, sz\u00e9p\u00edti \u00e9s gy\u00f6ny\u00f6r\u0171 sz\u00ednt ad ajkaidnak.<\/p>\n<p>A sz\u00ednezett v\u00e1ltozatok hialuronsavval, E-vitaminnal, jojobaolajjal \u00e9s \u00e9desgy\u00f6k\u00e9rkivonattal m\u00e9ly t\u00e1pl\u00e1l\u00e1st biztos\u00edtanak.<\/p>\n<p>Az olaj nem zs\u00edros, nem ragad\u00f3s text\u00far\u00e1ja gy\u00f6ny\u00f6r\u0171, csillog\u00f3 f\u00e9nyt ad, \u00e9s kisim\u00edt\u00f3 r\u00e9teget k\u00e9pez, amely kont\u00farozza az ajkakat.<\/p>\n<p>A puha applik\u00e1tornak k\u00f6sz\u00f6nhet\u0151en a term\u00e9k felvitele k\u00f6nny\u0171 \u00e9s prec\u00edz.<\/p>\n<p>\u00d6sszetev\u0151k:<\/p>\n<p>Shade 01. Ingredients: Polybutene, Paraffinum Liquidum, Diisostearyl Malate, Isononyl Isononanoate, Hydrogenated Polyisobutene, Silica Dimethyl Silylate, Simmondsia Chinensis Seed Oil, Tocopheryl Acetate, Macadamia Ternifolia Seed Oil, Ethylhexyl Palmitate, PEG-8 Caprylic\/Capric Glycerides, Olus Oil, Tribehenin, Octyldodeceth-25, Sorbitan Isostearate, Palmitoyl Tripeptide-1, Hydrolyzed Vegetable Protein, Sodium Hyaluronate, Leuconostoc\/Radish Root Ferment Filtrate, Parfum (Fragrance), Phenoxyethanol, Tocopherol, Aqua (Water), Propylene Glycol, Decylene Glycol.<\/p>\n<p>&nbsp;<\/p>\n","protected":false},"excerpt":{"rendered":"<p>V\u00e9di, sz\u00e9p\u00edti \u00e9s gy\u00f6ny\u00f6r\u0171 sz\u00ednt ad ajkaidnak. A sz\u00ednezett v\u00e1ltozatok hialuronsavval, E-vitaminnal, jojobaolajjal \u00e9s \u00e9desgy\u00f6k\u00e9rkivonattal m\u00e9ly t\u00e1pl\u00e1l\u00e1st biztos\u00edtanak. Az olaj nem zs\u00edros, nem ragad\u00f3s text\u00far\u00e1ja gy\u00f6ny\u00f6r\u0171, csillog\u00f3 f\u00e9nyt ad, \u00e9s kisim\u00edt\u00f3 r\u00e9teget k\u00e9pez, amely kont\u00farozza az ajkakat. A puha applik\u00e1tornak [&hellip;]<\/p>\n","protected":false},"featured_media":30973,"comment_status":"open","ping_status":"closed","template":"","meta":[],"product_cat":[130,152,154],"product_tag":[],"yoast_head":"<!-- This site is optimized with the Yoast SEO plugin v22.2 - https:\/\/yoast.com\/wordpress\/plugins\/seo\/ -->\n<title>WONDER MATCH AJAK\u00c1POL\u00d3 OLAJ 5ml 01 - Eveline Cosmetics Magyarorsz\u00e1g<\/title>\n<meta name=\"robots\" content=\"index, follow, max-snippet:-1, max-image-preview:large, max-video-preview:-1\" \/>\n<link rel=\"canonical\" href=\"https:\/\/www.eveline.hu\/2016\/eveline-kozmetikumok-szepsegapolas\/smink\/szaj\/szajfenyek\/wonder-match-ajakapolo-olaj-5ml-01\/\" \/>\n<meta property=\"og:locale\" content=\"hu_HU\" \/>\n<meta property=\"og:type\" content=\"article\" \/>\n<meta property=\"og:title\" content=\"WONDER MATCH AJAK\u00c1POL\u00d3 OLAJ 5ml 01 - Eveline Cosmetics Magyarorsz\u00e1g\" \/>\n<meta property=\"og:description\" content=\"V\u00e9di, sz\u00e9p\u00edti \u00e9s gy\u00f6ny\u00f6r\u0171 sz\u00ednt ad ajkaidnak. A sz\u00ednezett v\u00e1ltozatok hialuronsavval, E-vitaminnal, jojobaolajjal \u00e9s \u00e9desgy\u00f6k\u00e9rkivonattal m\u00e9ly t\u00e1pl\u00e1l\u00e1st biztos\u00edtanak. Az olaj nem zs\u00edros, nem ragad\u00f3s text\u00far\u00e1ja gy\u00f6ny\u00f6r\u0171, csillog\u00f3 f\u00e9nyt ad, \u00e9s kisim\u00edt\u00f3 r\u00e9teget k\u00e9pez, amely kont\u00farozza az ajkakat. A puha applik\u00e1tornak [&hellip;]\" \/>\n<meta property=\"og:url\" content=\"https:\/\/www.eveline.hu\/2016\/eveline-kozmetikumok-szepsegapolas\/smink\/szaj\/szajfenyek\/wonder-match-ajakapolo-olaj-5ml-01\/\" \/>\n<meta property=\"og:site_name\" content=\"Eveline Cosmetics Magyarorsz\u00e1g\" \/>\n<meta property=\"article:modified_time\" content=\"2024-12-14T13:01:47+00:00\" \/>\n<meta property=\"og:image\" content=\"https:\/\/www.eveline.hu\/2016\/wp-content\/uploads\/2024\/07\/5903416071921_1-1-w.png\" \/>\n\t<meta property=\"og:image:width\" content=\"750\" \/>\n\t<meta property=\"og:image:height\" content=\"750\" \/>\n\t<meta property=\"og:image:type\" content=\"image\/png\" \/>\n<meta name=\"twitter:card\" content=\"summary_large_image\" \/>\n<meta name=\"twitter:label1\" content=\"Becs\u00fclt olvas\u00e1si id\u0151\" \/>\n\t<meta name=\"twitter:data1\" content=\"1 perc\" \/>\n<script type=\"application\/ld+json\" class=\"yoast-schema-graph\">{\"@context\":\"https:\/\/schema.org\",\"@graph\":[{\"@type\":\"WebPage\",\"@id\":\"https:\/\/www.eveline.hu\/2016\/eveline-kozmetikumok-szepsegapolas\/smink\/szaj\/szajfenyek\/wonder-match-ajakapolo-olaj-5ml-01\/\",\"url\":\"https:\/\/www.eveline.hu\/2016\/eveline-kozmetikumok-szepsegapolas\/smink\/szaj\/szajfenyek\/wonder-match-ajakapolo-olaj-5ml-01\/\",\"name\":\"WONDER MATCH AJAK\u00c1POL\u00d3 OLAJ 5ml 01 - Eveline Cosmetics Magyarorsz\u00e1g\",\"isPartOf\":{\"@id\":\"https:\/\/www.eveline.hu\/2016\/#website\"},\"primaryImageOfPage\":{\"@id\":\"https:\/\/www.eveline.hu\/2016\/eveline-kozmetikumok-szepsegapolas\/smink\/szaj\/szajfenyek\/wonder-match-ajakapolo-olaj-5ml-01\/#primaryimage\"},\"image\":{\"@id\":\"https:\/\/www.eveline.hu\/2016\/eveline-kozmetikumok-szepsegapolas\/smink\/szaj\/szajfenyek\/wonder-match-ajakapolo-olaj-5ml-01\/#primaryimage\"},\"thumbnailUrl\":\"https:\/\/www.eveline.hu\/2016\/wp-content\/uploads\/2024\/07\/5903416071921_1-1-w.png\",\"datePublished\":\"2024-07-30T11:24:00+00:00\",\"dateModified\":\"2024-12-14T13:01:47+00:00\",\"breadcrumb\":{\"@id\":\"https:\/\/www.eveline.hu\/2016\/eveline-kozmetikumok-szepsegapolas\/smink\/szaj\/szajfenyek\/wonder-match-ajakapolo-olaj-5ml-01\/#breadcrumb\"},\"inLanguage\":\"hu\",\"potentialAction\":[{\"@type\":\"ReadAction\",\"target\":[\"https:\/\/www.eveline.hu\/2016\/eveline-kozmetikumok-szepsegapolas\/smink\/szaj\/szajfenyek\/wonder-match-ajakapolo-olaj-5ml-01\/\"]}]},{\"@type\":\"ImageObject\",\"inLanguage\":\"hu\",\"@id\":\"https:\/\/www.eveline.hu\/2016\/eveline-kozmetikumok-szepsegapolas\/smink\/szaj\/szajfenyek\/wonder-match-ajakapolo-olaj-5ml-01\/#primaryimage\",\"url\":\"https:\/\/www.eveline.hu\/2016\/wp-content\/uploads\/2024\/07\/5903416071921_1-1-w.png\",\"contentUrl\":\"https:\/\/www.eveline.hu\/2016\/wp-content\/uploads\/2024\/07\/5903416071921_1-1-w.png\",\"width\":750,\"height\":750},{\"@type\":\"BreadcrumbList\",\"@id\":\"https:\/\/www.eveline.hu\/2016\/eveline-kozmetikumok-szepsegapolas\/smink\/szaj\/szajfenyek\/wonder-match-ajakapolo-olaj-5ml-01\/#breadcrumb\",\"itemListElement\":[{\"@type\":\"ListItem\",\"position\":1,\"name\":\"Home\",\"item\":\"https:\/\/www.eveline.hu\/2016\/\"},{\"@type\":\"ListItem\",\"position\":2,\"name\":\"Term\u00e9kek\",\"item\":\"https:\/\/www.eveline.hu\/2016\/shop\/\"},{\"@type\":\"ListItem\",\"position\":3,\"name\":\"WONDER MATCH AJAK\u00c1POL\u00d3 OLAJ 5ml 01\"}]},{\"@type\":\"WebSite\",\"@id\":\"https:\/\/www.eveline.hu\/2016\/#website\",\"url\":\"https:\/\/www.eveline.hu\/2016\/\",\"name\":\"Eveline Cosmetics Magyarorsz\u00e1g\",\"description\":\"Min\u0151s\u00e9gi kozmetikumok Lengyelorsz\u00e1gb\u00f3l\",\"potentialAction\":[{\"@type\":\"SearchAction\",\"target\":{\"@type\":\"EntryPoint\",\"urlTemplate\":\"https:\/\/www.eveline.hu\/2016\/?s={search_term_string}\"},\"query-input\":\"required name=search_term_string\"}],\"inLanguage\":\"hu\"}]}<\/script>\n<!-- \/ Yoast SEO plugin. -->","yoast_head_json":{"title":"WONDER MATCH AJAK\u00c1POL\u00d3 OLAJ 5ml 01 - Eveline Cosmetics Magyarorsz\u00e1g","robots":{"index":"index","follow":"follow","max-snippet":"max-snippet:-1","max-image-preview":"max-image-preview:large","max-video-preview":"max-video-preview:-1"},"canonical":"https:\/\/www.eveline.hu\/2016\/eveline-kozmetikumok-szepsegapolas\/smink\/szaj\/szajfenyek\/wonder-match-ajakapolo-olaj-5ml-01\/","og_locale":"hu_HU","og_type":"article","og_title":"WONDER MATCH AJAK\u00c1POL\u00d3 OLAJ 5ml 01 - Eveline Cosmetics Magyarorsz\u00e1g","og_description":"V\u00e9di, sz\u00e9p\u00edti \u00e9s gy\u00f6ny\u00f6r\u0171 sz\u00ednt ad ajkaidnak. A sz\u00ednezett v\u00e1ltozatok hialuronsavval, E-vitaminnal, jojobaolajjal \u00e9s \u00e9desgy\u00f6k\u00e9rkivonattal m\u00e9ly t\u00e1pl\u00e1l\u00e1st biztos\u00edtanak. Az olaj nem zs\u00edros, nem ragad\u00f3s text\u00far\u00e1ja gy\u00f6ny\u00f6r\u0171, csillog\u00f3 f\u00e9nyt ad, \u00e9s kisim\u00edt\u00f3 r\u00e9teget k\u00e9pez, amely kont\u00farozza az ajkakat. A puha applik\u00e1tornak [&hellip;]","og_url":"https:\/\/www.eveline.hu\/2016\/eveline-kozmetikumok-szepsegapolas\/smink\/szaj\/szajfenyek\/wonder-match-ajakapolo-olaj-5ml-01\/","og_site_name":"Eveline Cosmetics Magyarorsz\u00e1g","article_modified_time":"2024-12-14T13:01:47+00:00","og_image":[{"width":750,"height":750,"url":"https:\/\/www.eveline.hu\/2016\/wp-content\/uploads\/2024\/07\/5903416071921_1-1-w.png","type":"image\/png"}],"twitter_card":"summary_large_image","twitter_misc":{"Becs\u00fclt olvas\u00e1si id\u0151":"1 perc"},"schema":{"@context":"https:\/\/schema.org","@graph":[{"@type":"WebPage","@id":"https:\/\/www.eveline.hu\/2016\/eveline-kozmetikumok-szepsegapolas\/smink\/szaj\/szajfenyek\/wonder-match-ajakapolo-olaj-5ml-01\/","url":"https:\/\/www.eveline.hu\/2016\/eveline-kozmetikumok-szepsegapolas\/smink\/szaj\/szajfenyek\/wonder-match-ajakapolo-olaj-5ml-01\/","name":"WONDER MATCH AJAK\u00c1POL\u00d3 OLAJ 5ml 01 - Eveline Cosmetics Magyarorsz\u00e1g","isPartOf":{"@id":"https:\/\/www.eveline.hu\/2016\/#website"},"primaryImageOfPage":{"@id":"https:\/\/www.eveline.hu\/2016\/eveline-kozmetikumok-szepsegapolas\/smink\/szaj\/szajfenyek\/wonder-match-ajakapolo-olaj-5ml-01\/#primaryimage"},"image":{"@id":"https:\/\/www.eveline.hu\/2016\/eveline-kozmetikumok-szepsegapolas\/smink\/szaj\/szajfenyek\/wonder-match-ajakapolo-olaj-5ml-01\/#primaryimage"},"thumbnailUrl":"https:\/\/www.eveline.hu\/2016\/wp-content\/uploads\/2024\/07\/5903416071921_1-1-w.png","datePublished":"2024-07-30T11:24:00+00:00","dateModified":"2024-12-14T13:01:47+00:00","breadcrumb":{"@id":"https:\/\/www.eveline.hu\/2016\/eveline-kozmetikumok-szepsegapolas\/smink\/szaj\/szajfenyek\/wonder-match-ajakapolo-olaj-5ml-01\/#breadcrumb"},"inLanguage":"hu","potentialAction":[{"@type":"ReadAction","target":["https:\/\/www.eveline.hu\/2016\/eveline-kozmetikumok-szepsegapolas\/smink\/szaj\/szajfenyek\/wonder-match-ajakapolo-olaj-5ml-01\/"]}]},{"@type":"ImageObject","inLanguage":"hu","@id":"https:\/\/www.eveline.hu\/2016\/eveline-kozmetikumok-szepsegapolas\/smink\/szaj\/szajfenyek\/wonder-match-ajakapolo-olaj-5ml-01\/#primaryimage","url":"https:\/\/www.eveline.hu\/2016\/wp-content\/uploads\/2024\/07\/5903416071921_1-1-w.png","contentUrl":"https:\/\/www.eveline.hu\/2016\/wp-content\/uploads\/2024\/07\/5903416071921_1-1-w.png","width":750,"height":750},{"@type":"BreadcrumbList","@id":"https:\/\/www.eveline.hu\/2016\/eveline-kozmetikumok-szepsegapolas\/smink\/szaj\/szajfenyek\/wonder-match-ajakapolo-olaj-5ml-01\/#breadcrumb","itemListElement":[{"@type":"ListItem","position":1,"name":"Home","item":"https:\/\/www.eveline.hu\/2016\/"},{"@type":"ListItem","position":2,"name":"Term\u00e9kek","item":"https:\/\/www.eveline.hu\/2016\/shop\/"},{"@type":"ListItem","position":3,"name":"WONDER MATCH AJAK\u00c1POL\u00d3 OLAJ 5ml 01"}]},{"@type":"WebSite","@id":"https:\/\/www.eveline.hu\/2016\/#website","url":"https:\/\/www.eveline.hu\/2016\/","name":"Eveline Cosmetics Magyarorsz\u00e1g","description":"Min\u0151s\u00e9gi kozmetikumok Lengyelorsz\u00e1gb\u00f3l","potentialAction":[{"@type":"SearchAction","target":{"@type":"EntryPoint","urlTemplate":"https:\/\/www.eveline.hu\/2016\/?s={search_term_string}"},"query-input":"required name=search_term_string"}],"inLanguage":"hu"}]}},"_links":{"self":[{"href":"https:\/\/www.eveline.hu\/2016\/wp-json\/wp\/v2\/product\/30972"}],"collection":[{"href":"https:\/\/www.eveline.hu\/2016\/wp-json\/wp\/v2\/product"}],"about":[{"href":"https:\/\/www.eveline.hu\/2016\/wp-json\/wp\/v2\/types\/product"}],"replies":[{"embeddable":true,"href":"https:\/\/www.eveline.hu\/2016\/wp-json\/wp\/v2\/comments?post=30972"}],"wp:featuredmedia":[{"embeddable":true,"href":"https:\/\/www.eveline.hu\/2016\/wp-json\/wp\/v2\/media\/30973"}],"wp:attachment":[{"href":"https:\/\/www.eveline.hu\/2016\/wp-json\/wp\/v2\/media?parent=30972"}],"wp:term":[{"taxonomy":"product_cat","embeddable":true,"href":"https:\/\/www.eveline.hu\/2016\/wp-json\/wp\/v2\/product_cat?post=30972"},{"taxonomy":"product_tag","embeddable":true,"href":"https:\/\/www.eveline.hu\/2016\/wp-json\/wp\/v2\/product_tag?post=30972"}],"curies":[{"name":"wp","href":"https:\/\/api.w.org\/{rel}","templated":true}]}}