{"id":30833,"date":"2024-06-06T14:37:50","date_gmt":"2024-06-06T12:37:50","guid":{"rendered":"https:\/\/www.eveline.hu\/2016\/?post_type=product&#038;p=30833"},"modified":"2024-12-02T11:26:08","modified_gmt":"2024-12-02T10:26:08","slug":"vilagosito-szerum-15-c-vitamin-es-ferulinsav-komplex-18ml","status":"publish","type":"product","link":"https:\/\/www.eveline.hu\/2016\/eveline-kozmetikumok-szepsegapolas\/termekcsaladok\/serum-shots\/vilagosito-szerum-15-c-vitamin-es-ferulinsav-komplex-18ml\/","title":{"rendered":"VIL\u00c1GOS\u00cdT\u00d3 SZ\u00c9RUM 15% C VITAMIN \u00e9s FERULINSAV KOMPLEX 18ml"},"content":{"rendered":"<p>ARC-NYAK-DEKOLT\u00c1ZS<\/p>\n<p>Halv\u00e1ny\u00edtja a foltokat \u00e9s elsz\u00ednez\u0151d\u00e9seket. Vil\u00e1gos\u00edtja a b\u0151rt.<\/p>\n<p>Kiegyenl\u00edti a b\u0151rt\u00f3nust.<\/p>\n<p>Legjobb a b\u0151rnek:<\/p>\n<p>Sz\u00e1raz \u00e9s norm\u00e1l. Fak\u00f3. L\u00e1that\u00f3 elsz\u00ednez\u0151d\u00e9sekkel. Egyenetlen t\u00f3nus\u00fa.<\/p>\n<p>C VITAMIN: Halv\u00e1ny\u00edtja az elsz\u00ednez\u0151d\u00e9seket \u00e9s pigmentfoltokat, valamint kiegyenl\u00edti a b\u0151rt\u00f3nust. Ragyog\u00e1st ny\u00fajt az arcb\u0151rnek \u00e9s antioxid\u00e1ns hat\u00e1s\u00fa.<\/p>\n<p>FERULINSAV: N\u00f6veli a C vitamin hat\u00e9konys\u00e1g\u00e1t, k\u00e9sleltetve a b\u0151r \u00f6reged\u00e9s\u00e9t.<\/p>\n<p><strong>ALKALMAZ\u00c1S:<\/strong><\/p>\n<p>1.Vigyen fel kis mennyis\u00e9g\u0171 sz\u00e9rumot a megtiszt\u00edtott b\u0151rre az arcon, nyakon \u00e9s dekolt\u00e1zson. 2. A sz\u00e9rum nagyon t\u00f6m\u00e9ny, \u00edgy 2-3 csepp el\u00e9g.<\/p>\n<ol start=\"3\">\n<li>V\u00e1rjon egy kicsit, am\u00edg a sz\u00e9rum felsz\u00edv\u00f3dik. 4. Vigye fel a kedvenc b\u0151r\u00e1pol\u00f3 kr\u00e9met.<\/li>\n<\/ol>\n<p>FIGYELEM! Magas C-vitamin tartalma miatt aj\u00e1nljuk a sz\u00e9rum szobah\u0151m\u00e9rs\u00e9kleten val\u00f3 t\u00e1rol\u00e1s\u00e1t f\u00e9nyt\u0151l v\u00e9dett helyen. A sz\u00e9rum<\/p>\n<p>nem megfelel\u0151 k\u00f6r\u00fclm\u00e9nyek k\u00f6z\u00f6tt t\u00e1rolva megv\u00e1ltoztathatja a sz\u00edn\u00e9t.<\/p>\n<p>A kozmetikum illatmentes, jellegzetes illata a C-vitamin term\u00e9szetes tulajdons\u00e1gaib\u00f3l ad\u00f3dik.<\/p>\n","protected":false},"excerpt":{"rendered":"<p>ARC-NYAK-DEKOLT\u00c1ZS Halv\u00e1ny\u00edtja a foltokat \u00e9s elsz\u00ednez\u0151d\u00e9seket. Vil\u00e1gos\u00edtja a b\u0151rt. Kiegyenl\u00edti a b\u0151rt\u00f3nust. Legjobb a b\u0151rnek: Sz\u00e1raz \u00e9s norm\u00e1l. Fak\u00f3. L\u00e1that\u00f3 elsz\u00ednez\u0151d\u00e9sekkel. Egyenetlen t\u00f3nus\u00fa. C VITAMIN: Halv\u00e1ny\u00edtja az elsz\u00ednez\u0151d\u00e9seket \u00e9s pigmentfoltokat, valamint kiegyenl\u00edti a b\u0151rt\u00f3nust. Ragyog\u00e1st ny\u00fajt az arcb\u0151rnek \u00e9s antioxid\u00e1ns [&hellip;]<\/p>\n","protected":false},"featured_media":30834,"comment_status":"open","ping_status":"closed","template":"","meta":[],"product_cat":[301,80],"product_tag":[],"yoast_head":"<!-- This site is optimized with the Yoast SEO plugin v22.2 - https:\/\/yoast.com\/wordpress\/plugins\/seo\/ -->\n<title>VIL\u00c1GOS\u00cdT\u00d3 SZ\u00c9RUM 15% C VITAMIN \u00e9s FERULINSAV KOMPLEX 18ml - Eveline Cosmetics Magyarorsz\u00e1g<\/title>\n<meta name=\"robots\" content=\"index, follow, max-snippet:-1, max-image-preview:large, max-video-preview:-1\" \/>\n<link rel=\"canonical\" href=\"https:\/\/www.eveline.hu\/2016\/eveline-kozmetikumok-szepsegapolas\/termekcsaladok\/serum-shots\/vilagosito-szerum-15-c-vitamin-es-ferulinsav-komplex-18ml\/\" \/>\n<meta property=\"og:locale\" content=\"hu_HU\" \/>\n<meta property=\"og:type\" content=\"article\" \/>\n<meta property=\"og:title\" content=\"VIL\u00c1GOS\u00cdT\u00d3 SZ\u00c9RUM 15% C VITAMIN \u00e9s FERULINSAV KOMPLEX 18ml - Eveline Cosmetics Magyarorsz\u00e1g\" \/>\n<meta property=\"og:description\" content=\"ARC-NYAK-DEKOLT\u00c1ZS Halv\u00e1ny\u00edtja a foltokat \u00e9s elsz\u00ednez\u0151d\u00e9seket. Vil\u00e1gos\u00edtja a b\u0151rt. Kiegyenl\u00edti a b\u0151rt\u00f3nust. Legjobb a b\u0151rnek: Sz\u00e1raz \u00e9s norm\u00e1l. Fak\u00f3. L\u00e1that\u00f3 elsz\u00ednez\u0151d\u00e9sekkel. Egyenetlen t\u00f3nus\u00fa. C VITAMIN: Halv\u00e1ny\u00edtja az elsz\u00ednez\u0151d\u00e9seket \u00e9s pigmentfoltokat, valamint kiegyenl\u00edti a b\u0151rt\u00f3nust. Ragyog\u00e1st ny\u00fajt az arcb\u0151rnek \u00e9s antioxid\u00e1ns [&hellip;]\" \/>\n<meta property=\"og:url\" content=\"https:\/\/www.eveline.hu\/2016\/eveline-kozmetikumok-szepsegapolas\/termekcsaladok\/serum-shots\/vilagosito-szerum-15-c-vitamin-es-ferulinsav-komplex-18ml\/\" \/>\n<meta property=\"og:site_name\" content=\"Eveline Cosmetics Magyarorsz\u00e1g\" \/>\n<meta property=\"article:modified_time\" content=\"2024-12-02T10:26:08+00:00\" \/>\n<meta property=\"og:image\" content=\"https:\/\/www.eveline.hu\/2016\/wp-content\/uploads\/2024\/06\/5903416061199-CONCENTRATED-FORMULA-ILLUMINATING-SERUM-18-MLw.png\" \/>\n\t<meta property=\"og:image:width\" content=\"750\" \/>\n\t<meta property=\"og:image:height\" content=\"750\" \/>\n\t<meta property=\"og:image:type\" content=\"image\/png\" \/>\n<meta name=\"twitter:card\" content=\"summary_large_image\" \/>\n<meta name=\"twitter:label1\" content=\"Becs\u00fclt olvas\u00e1si id\u0151\" \/>\n\t<meta name=\"twitter:data1\" content=\"1 perc\" \/>\n<script type=\"application\/ld+json\" class=\"yoast-schema-graph\">{\"@context\":\"https:\/\/schema.org\",\"@graph\":[{\"@type\":\"WebPage\",\"@id\":\"https:\/\/www.eveline.hu\/2016\/eveline-kozmetikumok-szepsegapolas\/termekcsaladok\/serum-shots\/vilagosito-szerum-15-c-vitamin-es-ferulinsav-komplex-18ml\/\",\"url\":\"https:\/\/www.eveline.hu\/2016\/eveline-kozmetikumok-szepsegapolas\/termekcsaladok\/serum-shots\/vilagosito-szerum-15-c-vitamin-es-ferulinsav-komplex-18ml\/\",\"name\":\"VIL\u00c1GOS\u00cdT\u00d3 SZ\u00c9RUM 15% C VITAMIN \u00e9s FERULINSAV KOMPLEX 18ml - Eveline Cosmetics Magyarorsz\u00e1g\",\"isPartOf\":{\"@id\":\"https:\/\/www.eveline.hu\/2016\/#website\"},\"primaryImageOfPage\":{\"@id\":\"https:\/\/www.eveline.hu\/2016\/eveline-kozmetikumok-szepsegapolas\/termekcsaladok\/serum-shots\/vilagosito-szerum-15-c-vitamin-es-ferulinsav-komplex-18ml\/#primaryimage\"},\"image\":{\"@id\":\"https:\/\/www.eveline.hu\/2016\/eveline-kozmetikumok-szepsegapolas\/termekcsaladok\/serum-shots\/vilagosito-szerum-15-c-vitamin-es-ferulinsav-komplex-18ml\/#primaryimage\"},\"thumbnailUrl\":\"https:\/\/www.eveline.hu\/2016\/wp-content\/uploads\/2024\/06\/5903416061199-CONCENTRATED-FORMULA-ILLUMINATING-SERUM-18-MLw.png\",\"datePublished\":\"2024-06-06T12:37:50+00:00\",\"dateModified\":\"2024-12-02T10:26:08+00:00\",\"breadcrumb\":{\"@id\":\"https:\/\/www.eveline.hu\/2016\/eveline-kozmetikumok-szepsegapolas\/termekcsaladok\/serum-shots\/vilagosito-szerum-15-c-vitamin-es-ferulinsav-komplex-18ml\/#breadcrumb\"},\"inLanguage\":\"hu\",\"potentialAction\":[{\"@type\":\"ReadAction\",\"target\":[\"https:\/\/www.eveline.hu\/2016\/eveline-kozmetikumok-szepsegapolas\/termekcsaladok\/serum-shots\/vilagosito-szerum-15-c-vitamin-es-ferulinsav-komplex-18ml\/\"]}]},{\"@type\":\"ImageObject\",\"inLanguage\":\"hu\",\"@id\":\"https:\/\/www.eveline.hu\/2016\/eveline-kozmetikumok-szepsegapolas\/termekcsaladok\/serum-shots\/vilagosito-szerum-15-c-vitamin-es-ferulinsav-komplex-18ml\/#primaryimage\",\"url\":\"https:\/\/www.eveline.hu\/2016\/wp-content\/uploads\/2024\/06\/5903416061199-CONCENTRATED-FORMULA-ILLUMINATING-SERUM-18-MLw.png\",\"contentUrl\":\"https:\/\/www.eveline.hu\/2016\/wp-content\/uploads\/2024\/06\/5903416061199-CONCENTRATED-FORMULA-ILLUMINATING-SERUM-18-MLw.png\",\"width\":750,\"height\":750},{\"@type\":\"BreadcrumbList\",\"@id\":\"https:\/\/www.eveline.hu\/2016\/eveline-kozmetikumok-szepsegapolas\/termekcsaladok\/serum-shots\/vilagosito-szerum-15-c-vitamin-es-ferulinsav-komplex-18ml\/#breadcrumb\",\"itemListElement\":[{\"@type\":\"ListItem\",\"position\":1,\"name\":\"Home\",\"item\":\"https:\/\/www.eveline.hu\/2016\/\"},{\"@type\":\"ListItem\",\"position\":2,\"name\":\"Term\u00e9kek\",\"item\":\"https:\/\/www.eveline.hu\/2016\/shop\/\"},{\"@type\":\"ListItem\",\"position\":3,\"name\":\"VIL\u00c1GOS\u00cdT\u00d3 SZ\u00c9RUM 15% C VITAMIN \u00e9s FERULINSAV KOMPLEX 18ml\"}]},{\"@type\":\"WebSite\",\"@id\":\"https:\/\/www.eveline.hu\/2016\/#website\",\"url\":\"https:\/\/www.eveline.hu\/2016\/\",\"name\":\"Eveline Cosmetics Magyarorsz\u00e1g\",\"description\":\"Min\u0151s\u00e9gi kozmetikumok Lengyelorsz\u00e1gb\u00f3l\",\"potentialAction\":[{\"@type\":\"SearchAction\",\"target\":{\"@type\":\"EntryPoint\",\"urlTemplate\":\"https:\/\/www.eveline.hu\/2016\/?s={search_term_string}\"},\"query-input\":\"required name=search_term_string\"}],\"inLanguage\":\"hu\"}]}<\/script>\n<!-- \/ Yoast SEO plugin. -->","yoast_head_json":{"title":"VIL\u00c1GOS\u00cdT\u00d3 SZ\u00c9RUM 15% C VITAMIN \u00e9s FERULINSAV KOMPLEX 18ml - Eveline Cosmetics Magyarorsz\u00e1g","robots":{"index":"index","follow":"follow","max-snippet":"max-snippet:-1","max-image-preview":"max-image-preview:large","max-video-preview":"max-video-preview:-1"},"canonical":"https:\/\/www.eveline.hu\/2016\/eveline-kozmetikumok-szepsegapolas\/termekcsaladok\/serum-shots\/vilagosito-szerum-15-c-vitamin-es-ferulinsav-komplex-18ml\/","og_locale":"hu_HU","og_type":"article","og_title":"VIL\u00c1GOS\u00cdT\u00d3 SZ\u00c9RUM 15% C VITAMIN \u00e9s FERULINSAV KOMPLEX 18ml - Eveline Cosmetics Magyarorsz\u00e1g","og_description":"ARC-NYAK-DEKOLT\u00c1ZS Halv\u00e1ny\u00edtja a foltokat \u00e9s elsz\u00ednez\u0151d\u00e9seket. Vil\u00e1gos\u00edtja a b\u0151rt. Kiegyenl\u00edti a b\u0151rt\u00f3nust. Legjobb a b\u0151rnek: Sz\u00e1raz \u00e9s norm\u00e1l. Fak\u00f3. L\u00e1that\u00f3 elsz\u00ednez\u0151d\u00e9sekkel. Egyenetlen t\u00f3nus\u00fa. C VITAMIN: Halv\u00e1ny\u00edtja az elsz\u00ednez\u0151d\u00e9seket \u00e9s pigmentfoltokat, valamint kiegyenl\u00edti a b\u0151rt\u00f3nust. Ragyog\u00e1st ny\u00fajt az arcb\u0151rnek \u00e9s antioxid\u00e1ns [&hellip;]","og_url":"https:\/\/www.eveline.hu\/2016\/eveline-kozmetikumok-szepsegapolas\/termekcsaladok\/serum-shots\/vilagosito-szerum-15-c-vitamin-es-ferulinsav-komplex-18ml\/","og_site_name":"Eveline Cosmetics Magyarorsz\u00e1g","article_modified_time":"2024-12-02T10:26:08+00:00","og_image":[{"width":750,"height":750,"url":"https:\/\/www.eveline.hu\/2016\/wp-content\/uploads\/2024\/06\/5903416061199-CONCENTRATED-FORMULA-ILLUMINATING-SERUM-18-MLw.png","type":"image\/png"}],"twitter_card":"summary_large_image","twitter_misc":{"Becs\u00fclt olvas\u00e1si id\u0151":"1 perc"},"schema":{"@context":"https:\/\/schema.org","@graph":[{"@type":"WebPage","@id":"https:\/\/www.eveline.hu\/2016\/eveline-kozmetikumok-szepsegapolas\/termekcsaladok\/serum-shots\/vilagosito-szerum-15-c-vitamin-es-ferulinsav-komplex-18ml\/","url":"https:\/\/www.eveline.hu\/2016\/eveline-kozmetikumok-szepsegapolas\/termekcsaladok\/serum-shots\/vilagosito-szerum-15-c-vitamin-es-ferulinsav-komplex-18ml\/","name":"VIL\u00c1GOS\u00cdT\u00d3 SZ\u00c9RUM 15% C VITAMIN \u00e9s FERULINSAV KOMPLEX 18ml - Eveline Cosmetics Magyarorsz\u00e1g","isPartOf":{"@id":"https:\/\/www.eveline.hu\/2016\/#website"},"primaryImageOfPage":{"@id":"https:\/\/www.eveline.hu\/2016\/eveline-kozmetikumok-szepsegapolas\/termekcsaladok\/serum-shots\/vilagosito-szerum-15-c-vitamin-es-ferulinsav-komplex-18ml\/#primaryimage"},"image":{"@id":"https:\/\/www.eveline.hu\/2016\/eveline-kozmetikumok-szepsegapolas\/termekcsaladok\/serum-shots\/vilagosito-szerum-15-c-vitamin-es-ferulinsav-komplex-18ml\/#primaryimage"},"thumbnailUrl":"https:\/\/www.eveline.hu\/2016\/wp-content\/uploads\/2024\/06\/5903416061199-CONCENTRATED-FORMULA-ILLUMINATING-SERUM-18-MLw.png","datePublished":"2024-06-06T12:37:50+00:00","dateModified":"2024-12-02T10:26:08+00:00","breadcrumb":{"@id":"https:\/\/www.eveline.hu\/2016\/eveline-kozmetikumok-szepsegapolas\/termekcsaladok\/serum-shots\/vilagosito-szerum-15-c-vitamin-es-ferulinsav-komplex-18ml\/#breadcrumb"},"inLanguage":"hu","potentialAction":[{"@type":"ReadAction","target":["https:\/\/www.eveline.hu\/2016\/eveline-kozmetikumok-szepsegapolas\/termekcsaladok\/serum-shots\/vilagosito-szerum-15-c-vitamin-es-ferulinsav-komplex-18ml\/"]}]},{"@type":"ImageObject","inLanguage":"hu","@id":"https:\/\/www.eveline.hu\/2016\/eveline-kozmetikumok-szepsegapolas\/termekcsaladok\/serum-shots\/vilagosito-szerum-15-c-vitamin-es-ferulinsav-komplex-18ml\/#primaryimage","url":"https:\/\/www.eveline.hu\/2016\/wp-content\/uploads\/2024\/06\/5903416061199-CONCENTRATED-FORMULA-ILLUMINATING-SERUM-18-MLw.png","contentUrl":"https:\/\/www.eveline.hu\/2016\/wp-content\/uploads\/2024\/06\/5903416061199-CONCENTRATED-FORMULA-ILLUMINATING-SERUM-18-MLw.png","width":750,"height":750},{"@type":"BreadcrumbList","@id":"https:\/\/www.eveline.hu\/2016\/eveline-kozmetikumok-szepsegapolas\/termekcsaladok\/serum-shots\/vilagosito-szerum-15-c-vitamin-es-ferulinsav-komplex-18ml\/#breadcrumb","itemListElement":[{"@type":"ListItem","position":1,"name":"Home","item":"https:\/\/www.eveline.hu\/2016\/"},{"@type":"ListItem","position":2,"name":"Term\u00e9kek","item":"https:\/\/www.eveline.hu\/2016\/shop\/"},{"@type":"ListItem","position":3,"name":"VIL\u00c1GOS\u00cdT\u00d3 SZ\u00c9RUM 15% C VITAMIN \u00e9s FERULINSAV KOMPLEX 18ml"}]},{"@type":"WebSite","@id":"https:\/\/www.eveline.hu\/2016\/#website","url":"https:\/\/www.eveline.hu\/2016\/","name":"Eveline Cosmetics Magyarorsz\u00e1g","description":"Min\u0151s\u00e9gi kozmetikumok Lengyelorsz\u00e1gb\u00f3l","potentialAction":[{"@type":"SearchAction","target":{"@type":"EntryPoint","urlTemplate":"https:\/\/www.eveline.hu\/2016\/?s={search_term_string}"},"query-input":"required name=search_term_string"}],"inLanguage":"hu"}]}},"_links":{"self":[{"href":"https:\/\/www.eveline.hu\/2016\/wp-json\/wp\/v2\/product\/30833"}],"collection":[{"href":"https:\/\/www.eveline.hu\/2016\/wp-json\/wp\/v2\/product"}],"about":[{"href":"https:\/\/www.eveline.hu\/2016\/wp-json\/wp\/v2\/types\/product"}],"replies":[{"embeddable":true,"href":"https:\/\/www.eveline.hu\/2016\/wp-json\/wp\/v2\/comments?post=30833"}],"wp:featuredmedia":[{"embeddable":true,"href":"https:\/\/www.eveline.hu\/2016\/wp-json\/wp\/v2\/media\/30834"}],"wp:attachment":[{"href":"https:\/\/www.eveline.hu\/2016\/wp-json\/wp\/v2\/media?parent=30833"}],"wp:term":[{"taxonomy":"product_cat","embeddable":true,"href":"https:\/\/www.eveline.hu\/2016\/wp-json\/wp\/v2\/product_cat?post=30833"},{"taxonomy":"product_tag","embeddable":true,"href":"https:\/\/www.eveline.hu\/2016\/wp-json\/wp\/v2\/product_tag?post=30833"}],"curies":[{"name":"wp","href":"https:\/\/api.w.org\/{rel}","templated":true}]}}