{"id":30731,"date":"2025-02-10T10:27:00","date_gmt":"2025-02-10T09:27:00","guid":{"rendered":"https:\/\/www.eveline.hu\/2016\/?post_type=product&#038;p=30731"},"modified":"2025-06-13T06:30:03","modified_gmt":"2025-06-13T04:30:03","slug":"wonder-match-szempillaspiral-7-ml","status":"publish","type":"product","link":"https:\/\/www.eveline.hu\/2016\/eveline-kozmetikumok-szepsegapolas\/smink\/szem\/szempillaspiralok\/wonder-match-szempillaspiral-7-ml\/","title":{"rendered":"WONDER MATCH Szempillaspir\u00e1l 7 ml"},"content":{"rendered":"<p>\u2713 Az els\u0151 VEG\u00c1N FORMULA szempillaspir\u00e1l az Eveline Cosmetics portf\u00f3li\u00f3j\u00e1ban.<br \/>\n\u2713 Biztos\u00edtja az azonnali vastag\u00edt\u00f3 \u00e9s hosszabb\u00edt\u00f3 hat\u00e1st m\u00e1r egy r\u00e9teg felvitele ut\u00e1n. A l\u00e1tv\u00e1nyosabb hat\u00e1s el\u00e9r\u00e9se \u00e9rdek\u00e9ben \u00e9p\u00edthet\u0151.<br \/>\n\u2713 Kiv\u00e1l\u00f3, innovat\u00edv formula, intenz\u00edv fekete sz\u00ednnel \u00e9s \u00e1pol\u00f3 formul\u00e1val, nem pereg le, nem maszatol\u00f3dik el eg\u00e9sz nap.<br \/>\n\u2713 A szilikon, rugalmas torony alak\u00fa kefe megemeli \u00e9s sz\u00e9tv\u00e1lasztja a szempill\u00e1kat. Megfelel\u0151 kem\u00e9nys\u00e9ge lehet\u0151v\u00e9 teszi a k\u00e9nyelmes fed\u00e9st.<\/p>\n<p>&nbsp;<\/p>\n","protected":false},"excerpt":{"rendered":"<p>\u2713 Az els\u0151 VEG\u00c1N FORMULA szempillaspir\u00e1l az Eveline Cosmetics portf\u00f3li\u00f3j\u00e1ban. \u2713 Biztos\u00edtja az azonnali vastag\u00edt\u00f3 \u00e9s hosszabb\u00edt\u00f3 hat\u00e1st m\u00e1r egy r\u00e9teg felvitele ut\u00e1n. A l\u00e1tv\u00e1nyosabb hat\u00e1s el\u00e9r\u00e9se \u00e9rdek\u00e9ben \u00e9p\u00edthet\u0151. \u2713 Kiv\u00e1l\u00f3, innovat\u00edv formula, intenz\u00edv fekete sz\u00ednnel \u00e9s \u00e1pol\u00f3 formul\u00e1val, nem [&hellip;]<\/p>\n","protected":false},"featured_media":30732,"comment_status":"open","ping_status":"closed","template":"","meta":[],"product_cat":[302,130,132,149,80],"product_tag":[],"yoast_head":"<!-- This site is optimized with the Yoast SEO plugin v22.2 - https:\/\/yoast.com\/wordpress\/plugins\/seo\/ -->\n<title>WONDER MATCH Szempillaspir\u00e1l 7 ml - Eveline Cosmetics Magyarorsz\u00e1g<\/title>\n<meta name=\"robots\" content=\"index, follow, max-snippet:-1, max-image-preview:large, max-video-preview:-1\" \/>\n<link rel=\"canonical\" href=\"https:\/\/www.eveline.hu\/2016\/eveline-kozmetikumok-szepsegapolas\/smink\/szem\/szempillaspiralok\/wonder-match-szempillaspiral-7-ml\/\" \/>\n<meta property=\"og:locale\" content=\"hu_HU\" \/>\n<meta property=\"og:type\" content=\"article\" \/>\n<meta property=\"og:title\" content=\"WONDER MATCH Szempillaspir\u00e1l 7 ml - Eveline Cosmetics Magyarorsz\u00e1g\" \/>\n<meta property=\"og:description\" content=\"\u2713 Az els\u0151 VEG\u00c1N FORMULA szempillaspir\u00e1l az Eveline Cosmetics portf\u00f3li\u00f3j\u00e1ban. \u2713 Biztos\u00edtja az azonnali vastag\u00edt\u00f3 \u00e9s hosszabb\u00edt\u00f3 hat\u00e1st m\u00e1r egy r\u00e9teg felvitele ut\u00e1n. A l\u00e1tv\u00e1nyosabb hat\u00e1s el\u00e9r\u00e9se \u00e9rdek\u00e9ben \u00e9p\u00edthet\u0151. \u2713 Kiv\u00e1l\u00f3, innovat\u00edv formula, intenz\u00edv fekete sz\u00ednnel \u00e9s \u00e1pol\u00f3 formul\u00e1val, nem [&hellip;]\" \/>\n<meta property=\"og:url\" content=\"https:\/\/www.eveline.hu\/2016\/eveline-kozmetikumok-szepsegapolas\/smink\/szem\/szempillaspiralok\/wonder-match-szempillaspiral-7-ml\/\" \/>\n<meta property=\"og:site_name\" content=\"Eveline Cosmetics Magyarorsz\u00e1g\" \/>\n<meta property=\"article:modified_time\" content=\"2025-06-13T04:30:03+00:00\" \/>\n<meta property=\"og:image\" content=\"https:\/\/www.eveline.hu\/2016\/wp-content\/uploads\/2024\/05\/Wonder-MATCH-spiral-NEW.png\" \/>\n\t<meta property=\"og:image:width\" content=\"750\" \/>\n\t<meta property=\"og:image:height\" content=\"750\" \/>\n\t<meta property=\"og:image:type\" content=\"image\/png\" \/>\n<meta name=\"twitter:card\" content=\"summary_large_image\" \/>\n<meta name=\"twitter:label1\" content=\"Becs\u00fclt olvas\u00e1si id\u0151\" \/>\n\t<meta name=\"twitter:data1\" content=\"1 perc\" \/>\n<script type=\"application\/ld+json\" class=\"yoast-schema-graph\">{\"@context\":\"https:\/\/schema.org\",\"@graph\":[{\"@type\":\"WebPage\",\"@id\":\"https:\/\/www.eveline.hu\/2016\/eveline-kozmetikumok-szepsegapolas\/smink\/szem\/szempillaspiralok\/wonder-match-szempillaspiral-7-ml\/\",\"url\":\"https:\/\/www.eveline.hu\/2016\/eveline-kozmetikumok-szepsegapolas\/smink\/szem\/szempillaspiralok\/wonder-match-szempillaspiral-7-ml\/\",\"name\":\"WONDER MATCH Szempillaspir\u00e1l 7 ml - Eveline Cosmetics Magyarorsz\u00e1g\",\"isPartOf\":{\"@id\":\"https:\/\/www.eveline.hu\/2016\/#website\"},\"primaryImageOfPage\":{\"@id\":\"https:\/\/www.eveline.hu\/2016\/eveline-kozmetikumok-szepsegapolas\/smink\/szem\/szempillaspiralok\/wonder-match-szempillaspiral-7-ml\/#primaryimage\"},\"image\":{\"@id\":\"https:\/\/www.eveline.hu\/2016\/eveline-kozmetikumok-szepsegapolas\/smink\/szem\/szempillaspiralok\/wonder-match-szempillaspiral-7-ml\/#primaryimage\"},\"thumbnailUrl\":\"https:\/\/www.eveline.hu\/2016\/wp-content\/uploads\/2024\/05\/Wonder-MATCH-spiral-NEW.png\",\"datePublished\":\"2025-02-10T09:27:00+00:00\",\"dateModified\":\"2025-06-13T04:30:03+00:00\",\"breadcrumb\":{\"@id\":\"https:\/\/www.eveline.hu\/2016\/eveline-kozmetikumok-szepsegapolas\/smink\/szem\/szempillaspiralok\/wonder-match-szempillaspiral-7-ml\/#breadcrumb\"},\"inLanguage\":\"hu\",\"potentialAction\":[{\"@type\":\"ReadAction\",\"target\":[\"https:\/\/www.eveline.hu\/2016\/eveline-kozmetikumok-szepsegapolas\/smink\/szem\/szempillaspiralok\/wonder-match-szempillaspiral-7-ml\/\"]}]},{\"@type\":\"ImageObject\",\"inLanguage\":\"hu\",\"@id\":\"https:\/\/www.eveline.hu\/2016\/eveline-kozmetikumok-szepsegapolas\/smink\/szem\/szempillaspiralok\/wonder-match-szempillaspiral-7-ml\/#primaryimage\",\"url\":\"https:\/\/www.eveline.hu\/2016\/wp-content\/uploads\/2024\/05\/Wonder-MATCH-spiral-NEW.png\",\"contentUrl\":\"https:\/\/www.eveline.hu\/2016\/wp-content\/uploads\/2024\/05\/Wonder-MATCH-spiral-NEW.png\",\"width\":750,\"height\":750},{\"@type\":\"BreadcrumbList\",\"@id\":\"https:\/\/www.eveline.hu\/2016\/eveline-kozmetikumok-szepsegapolas\/smink\/szem\/szempillaspiralok\/wonder-match-szempillaspiral-7-ml\/#breadcrumb\",\"itemListElement\":[{\"@type\":\"ListItem\",\"position\":1,\"name\":\"Home\",\"item\":\"https:\/\/www.eveline.hu\/2016\/\"},{\"@type\":\"ListItem\",\"position\":2,\"name\":\"Term\u00e9kek\",\"item\":\"https:\/\/www.eveline.hu\/2016\/shop\/\"},{\"@type\":\"ListItem\",\"position\":3,\"name\":\"WONDER MATCH Szempillaspir\u00e1l 7 ml\"}]},{\"@type\":\"WebSite\",\"@id\":\"https:\/\/www.eveline.hu\/2016\/#website\",\"url\":\"https:\/\/www.eveline.hu\/2016\/\",\"name\":\"Eveline Cosmetics Magyarorsz\u00e1g\",\"description\":\"Min\u0151s\u00e9gi kozmetikumok Lengyelorsz\u00e1gb\u00f3l\",\"potentialAction\":[{\"@type\":\"SearchAction\",\"target\":{\"@type\":\"EntryPoint\",\"urlTemplate\":\"https:\/\/www.eveline.hu\/2016\/?s={search_term_string}\"},\"query-input\":\"required name=search_term_string\"}],\"inLanguage\":\"hu\"}]}<\/script>\n<!-- \/ Yoast SEO plugin. -->","yoast_head_json":{"title":"WONDER MATCH Szempillaspir\u00e1l 7 ml - Eveline Cosmetics Magyarorsz\u00e1g","robots":{"index":"index","follow":"follow","max-snippet":"max-snippet:-1","max-image-preview":"max-image-preview:large","max-video-preview":"max-video-preview:-1"},"canonical":"https:\/\/www.eveline.hu\/2016\/eveline-kozmetikumok-szepsegapolas\/smink\/szem\/szempillaspiralok\/wonder-match-szempillaspiral-7-ml\/","og_locale":"hu_HU","og_type":"article","og_title":"WONDER MATCH Szempillaspir\u00e1l 7 ml - Eveline Cosmetics Magyarorsz\u00e1g","og_description":"\u2713 Az els\u0151 VEG\u00c1N FORMULA szempillaspir\u00e1l az Eveline Cosmetics portf\u00f3li\u00f3j\u00e1ban. \u2713 Biztos\u00edtja az azonnali vastag\u00edt\u00f3 \u00e9s hosszabb\u00edt\u00f3 hat\u00e1st m\u00e1r egy r\u00e9teg felvitele ut\u00e1n. A l\u00e1tv\u00e1nyosabb hat\u00e1s el\u00e9r\u00e9se \u00e9rdek\u00e9ben \u00e9p\u00edthet\u0151. \u2713 Kiv\u00e1l\u00f3, innovat\u00edv formula, intenz\u00edv fekete sz\u00ednnel \u00e9s \u00e1pol\u00f3 formul\u00e1val, nem [&hellip;]","og_url":"https:\/\/www.eveline.hu\/2016\/eveline-kozmetikumok-szepsegapolas\/smink\/szem\/szempillaspiralok\/wonder-match-szempillaspiral-7-ml\/","og_site_name":"Eveline Cosmetics Magyarorsz\u00e1g","article_modified_time":"2025-06-13T04:30:03+00:00","og_image":[{"width":750,"height":750,"url":"https:\/\/www.eveline.hu\/2016\/wp-content\/uploads\/2024\/05\/Wonder-MATCH-spiral-NEW.png","type":"image\/png"}],"twitter_card":"summary_large_image","twitter_misc":{"Becs\u00fclt olvas\u00e1si id\u0151":"1 perc"},"schema":{"@context":"https:\/\/schema.org","@graph":[{"@type":"WebPage","@id":"https:\/\/www.eveline.hu\/2016\/eveline-kozmetikumok-szepsegapolas\/smink\/szem\/szempillaspiralok\/wonder-match-szempillaspiral-7-ml\/","url":"https:\/\/www.eveline.hu\/2016\/eveline-kozmetikumok-szepsegapolas\/smink\/szem\/szempillaspiralok\/wonder-match-szempillaspiral-7-ml\/","name":"WONDER MATCH Szempillaspir\u00e1l 7 ml - Eveline Cosmetics Magyarorsz\u00e1g","isPartOf":{"@id":"https:\/\/www.eveline.hu\/2016\/#website"},"primaryImageOfPage":{"@id":"https:\/\/www.eveline.hu\/2016\/eveline-kozmetikumok-szepsegapolas\/smink\/szem\/szempillaspiralok\/wonder-match-szempillaspiral-7-ml\/#primaryimage"},"image":{"@id":"https:\/\/www.eveline.hu\/2016\/eveline-kozmetikumok-szepsegapolas\/smink\/szem\/szempillaspiralok\/wonder-match-szempillaspiral-7-ml\/#primaryimage"},"thumbnailUrl":"https:\/\/www.eveline.hu\/2016\/wp-content\/uploads\/2024\/05\/Wonder-MATCH-spiral-NEW.png","datePublished":"2025-02-10T09:27:00+00:00","dateModified":"2025-06-13T04:30:03+00:00","breadcrumb":{"@id":"https:\/\/www.eveline.hu\/2016\/eveline-kozmetikumok-szepsegapolas\/smink\/szem\/szempillaspiralok\/wonder-match-szempillaspiral-7-ml\/#breadcrumb"},"inLanguage":"hu","potentialAction":[{"@type":"ReadAction","target":["https:\/\/www.eveline.hu\/2016\/eveline-kozmetikumok-szepsegapolas\/smink\/szem\/szempillaspiralok\/wonder-match-szempillaspiral-7-ml\/"]}]},{"@type":"ImageObject","inLanguage":"hu","@id":"https:\/\/www.eveline.hu\/2016\/eveline-kozmetikumok-szepsegapolas\/smink\/szem\/szempillaspiralok\/wonder-match-szempillaspiral-7-ml\/#primaryimage","url":"https:\/\/www.eveline.hu\/2016\/wp-content\/uploads\/2024\/05\/Wonder-MATCH-spiral-NEW.png","contentUrl":"https:\/\/www.eveline.hu\/2016\/wp-content\/uploads\/2024\/05\/Wonder-MATCH-spiral-NEW.png","width":750,"height":750},{"@type":"BreadcrumbList","@id":"https:\/\/www.eveline.hu\/2016\/eveline-kozmetikumok-szepsegapolas\/smink\/szem\/szempillaspiralok\/wonder-match-szempillaspiral-7-ml\/#breadcrumb","itemListElement":[{"@type":"ListItem","position":1,"name":"Home","item":"https:\/\/www.eveline.hu\/2016\/"},{"@type":"ListItem","position":2,"name":"Term\u00e9kek","item":"https:\/\/www.eveline.hu\/2016\/shop\/"},{"@type":"ListItem","position":3,"name":"WONDER MATCH Szempillaspir\u00e1l 7 ml"}]},{"@type":"WebSite","@id":"https:\/\/www.eveline.hu\/2016\/#website","url":"https:\/\/www.eveline.hu\/2016\/","name":"Eveline Cosmetics Magyarorsz\u00e1g","description":"Min\u0151s\u00e9gi kozmetikumok Lengyelorsz\u00e1gb\u00f3l","potentialAction":[{"@type":"SearchAction","target":{"@type":"EntryPoint","urlTemplate":"https:\/\/www.eveline.hu\/2016\/?s={search_term_string}"},"query-input":"required name=search_term_string"}],"inLanguage":"hu"}]}},"_links":{"self":[{"href":"https:\/\/www.eveline.hu\/2016\/wp-json\/wp\/v2\/product\/30731"}],"collection":[{"href":"https:\/\/www.eveline.hu\/2016\/wp-json\/wp\/v2\/product"}],"about":[{"href":"https:\/\/www.eveline.hu\/2016\/wp-json\/wp\/v2\/types\/product"}],"replies":[{"embeddable":true,"href":"https:\/\/www.eveline.hu\/2016\/wp-json\/wp\/v2\/comments?post=30731"}],"wp:featuredmedia":[{"embeddable":true,"href":"https:\/\/www.eveline.hu\/2016\/wp-json\/wp\/v2\/media\/30732"}],"wp:attachment":[{"href":"https:\/\/www.eveline.hu\/2016\/wp-json\/wp\/v2\/media?parent=30731"}],"wp:term":[{"taxonomy":"product_cat","embeddable":true,"href":"https:\/\/www.eveline.hu\/2016\/wp-json\/wp\/v2\/product_cat?post=30731"},{"taxonomy":"product_tag","embeddable":true,"href":"https:\/\/www.eveline.hu\/2016\/wp-json\/wp\/v2\/product_tag?post=30731"}],"curies":[{"name":"wp","href":"https:\/\/api.w.org\/{rel}","templated":true}]}}