{"id":30727,"date":"2024-05-10T09:50:03","date_gmt":"2024-05-10T07:50:03","guid":{"rendered":"https:\/\/www.eveline.hu\/2016\/?post_type=product&#038;p=30727"},"modified":"2025-08-12T09:14:15","modified_gmt":"2025-08-12T07:14:15","slug":"extra-soft-vilagosito-hidratalo-krem-5-c-vitaminnal-200ml","status":"publish","type":"product","link":"https:\/\/www.eveline.hu\/2016\/eveline-kozmetikumok-szepsegapolas\/termekcsaladok\/extra-soft\/extra-soft-vilagosito-hidratalo-krem-5-c-vitaminnal-200ml\/","title":{"rendered":"EXTRA SOFT vil\u00e1gos\u00edt\u00f3 hidrat\u00e1l\u00f3 kr\u00e9m 5% C vitaminnal 200ml"},"content":{"rendered":"<p>Sz\u00e1raz, f\u00e9nytelen b\u0151r \u00e1pol\u00e1s\u00e1ra<\/p>\n<p>Extra vil\u00e1gos\u00edt\u00f3 hidrat\u00e1l\u00f3 kr\u00e9m az elsz\u00ednez\u0151d\u00f6tt \u00e9s egyenetlen t\u00f3nus\u00fa b\u0151r mindennapi \u00e1pol\u00e1s\u00e1ra.<\/p>\n<p>Az 5% C-vitamint \u00e9s niacinamid komplexet tartalmaz\u00f3 koncentr\u00e1lt formul\u00e1t a term\u00e9szetes, eg\u00e9szs\u00e9ges ragyog\u00e1s vissza\u00e1ll\u00edt\u00e1s\u00e1ra, valamint a b\u0151r feszess\u00e9g\u00e9nek \u00e9s rugalmass\u00e1g\u00e1nak fokoz\u00e1s\u00e1ra fejlesztett\u00e9k ki.<\/p>\n<p>Az \u00f6sszetev\u0151k innovat\u00edv kombin\u00e1ci\u00f3ja intenz\u00edven hidrat\u00e1lja a b\u0151rt \u00e9s bel\u00fclr\u0151l t\u00f6lti fel az apr\u00f3 r\u00e1ncokat, t\u00e1mogatja a h\u00e1msejtek term\u00e9szetes meg\u00fajul\u00e1si folyamatait \u00e9s serkenti a regener\u00e1ci\u00f3t.<\/p>\n<p>Alkalmaz\u00e1s: haszn\u00e1lja naponta a megtiszt\u00edtott b\u0151r\u00f6n, az arcon \u00e9s az eg\u00e9sz testen.<\/p>\n","protected":false},"excerpt":{"rendered":"<p>200ml (7245 Ft\/L)<\/p>\n","protected":false},"featured_media":30728,"comment_status":"open","ping_status":"closed","template":"","meta":[],"product_cat":[80,99],"product_tag":[],"yoast_head":"<!-- This site is optimized with the Yoast SEO plugin v22.2 - https:\/\/yoast.com\/wordpress\/plugins\/seo\/ -->\n<title>EXTRA SOFT vil\u00e1gos\u00edt\u00f3 hidrat\u00e1l\u00f3 kr\u00e9m 5% C vitaminnal 200ml - Eveline Cosmetics Magyarorsz\u00e1g<\/title>\n<meta name=\"robots\" content=\"index, follow, max-snippet:-1, max-image-preview:large, max-video-preview:-1\" \/>\n<link rel=\"canonical\" href=\"https:\/\/www.eveline.hu\/2016\/eveline-kozmetikumok-szepsegapolas\/termekcsaladok\/extra-soft\/extra-soft-vilagosito-hidratalo-krem-5-c-vitaminnal-200ml\/\" \/>\n<meta property=\"og:locale\" content=\"hu_HU\" \/>\n<meta property=\"og:type\" content=\"article\" \/>\n<meta property=\"og:title\" content=\"EXTRA SOFT vil\u00e1gos\u00edt\u00f3 hidrat\u00e1l\u00f3 kr\u00e9m 5% C vitaminnal 200ml - Eveline Cosmetics Magyarorsz\u00e1g\" \/>\n<meta property=\"og:description\" content=\"200ml (7245 Ft\/L)\" \/>\n<meta property=\"og:url\" content=\"https:\/\/www.eveline.hu\/2016\/eveline-kozmetikumok-szepsegapolas\/termekcsaladok\/extra-soft\/extra-soft-vilagosito-hidratalo-krem-5-c-vitaminnal-200ml\/\" \/>\n<meta property=\"og:site_name\" content=\"Eveline Cosmetics Magyarorsz\u00e1g\" \/>\n<meta property=\"article:modified_time\" content=\"2025-08-12T07:14:15+00:00\" \/>\n<meta property=\"og:image\" content=\"https:\/\/www.eveline.hu\/2016\/wp-content\/uploads\/2024\/05\/P_piel_extrasoft-krem_vitamin-c_200ml_N_5903416061540-w.png\" \/>\n\t<meta property=\"og:image:width\" content=\"750\" \/>\n\t<meta property=\"og:image:height\" content=\"750\" \/>\n\t<meta property=\"og:image:type\" content=\"image\/png\" \/>\n<meta name=\"twitter:card\" content=\"summary_large_image\" \/>\n<meta name=\"twitter:label1\" content=\"Becs\u00fclt olvas\u00e1si id\u0151\" \/>\n\t<meta name=\"twitter:data1\" content=\"1 perc\" \/>\n<script type=\"application\/ld+json\" class=\"yoast-schema-graph\">{\"@context\":\"https:\/\/schema.org\",\"@graph\":[{\"@type\":\"WebPage\",\"@id\":\"https:\/\/www.eveline.hu\/2016\/eveline-kozmetikumok-szepsegapolas\/termekcsaladok\/extra-soft\/extra-soft-vilagosito-hidratalo-krem-5-c-vitaminnal-200ml\/\",\"url\":\"https:\/\/www.eveline.hu\/2016\/eveline-kozmetikumok-szepsegapolas\/termekcsaladok\/extra-soft\/extra-soft-vilagosito-hidratalo-krem-5-c-vitaminnal-200ml\/\",\"name\":\"EXTRA SOFT vil\u00e1gos\u00edt\u00f3 hidrat\u00e1l\u00f3 kr\u00e9m 5% C vitaminnal 200ml - Eveline Cosmetics Magyarorsz\u00e1g\",\"isPartOf\":{\"@id\":\"https:\/\/www.eveline.hu\/2016\/#website\"},\"primaryImageOfPage\":{\"@id\":\"https:\/\/www.eveline.hu\/2016\/eveline-kozmetikumok-szepsegapolas\/termekcsaladok\/extra-soft\/extra-soft-vilagosito-hidratalo-krem-5-c-vitaminnal-200ml\/#primaryimage\"},\"image\":{\"@id\":\"https:\/\/www.eveline.hu\/2016\/eveline-kozmetikumok-szepsegapolas\/termekcsaladok\/extra-soft\/extra-soft-vilagosito-hidratalo-krem-5-c-vitaminnal-200ml\/#primaryimage\"},\"thumbnailUrl\":\"https:\/\/www.eveline.hu\/2016\/wp-content\/uploads\/2024\/05\/P_piel_extrasoft-krem_vitamin-c_200ml_N_5903416061540-w.png\",\"datePublished\":\"2024-05-10T07:50:03+00:00\",\"dateModified\":\"2025-08-12T07:14:15+00:00\",\"breadcrumb\":{\"@id\":\"https:\/\/www.eveline.hu\/2016\/eveline-kozmetikumok-szepsegapolas\/termekcsaladok\/extra-soft\/extra-soft-vilagosito-hidratalo-krem-5-c-vitaminnal-200ml\/#breadcrumb\"},\"inLanguage\":\"hu\",\"potentialAction\":[{\"@type\":\"ReadAction\",\"target\":[\"https:\/\/www.eveline.hu\/2016\/eveline-kozmetikumok-szepsegapolas\/termekcsaladok\/extra-soft\/extra-soft-vilagosito-hidratalo-krem-5-c-vitaminnal-200ml\/\"]}]},{\"@type\":\"ImageObject\",\"inLanguage\":\"hu\",\"@id\":\"https:\/\/www.eveline.hu\/2016\/eveline-kozmetikumok-szepsegapolas\/termekcsaladok\/extra-soft\/extra-soft-vilagosito-hidratalo-krem-5-c-vitaminnal-200ml\/#primaryimage\",\"url\":\"https:\/\/www.eveline.hu\/2016\/wp-content\/uploads\/2024\/05\/P_piel_extrasoft-krem_vitamin-c_200ml_N_5903416061540-w.png\",\"contentUrl\":\"https:\/\/www.eveline.hu\/2016\/wp-content\/uploads\/2024\/05\/P_piel_extrasoft-krem_vitamin-c_200ml_N_5903416061540-w.png\",\"width\":750,\"height\":750},{\"@type\":\"BreadcrumbList\",\"@id\":\"https:\/\/www.eveline.hu\/2016\/eveline-kozmetikumok-szepsegapolas\/termekcsaladok\/extra-soft\/extra-soft-vilagosito-hidratalo-krem-5-c-vitaminnal-200ml\/#breadcrumb\",\"itemListElement\":[{\"@type\":\"ListItem\",\"position\":1,\"name\":\"Home\",\"item\":\"https:\/\/www.eveline.hu\/2016\/\"},{\"@type\":\"ListItem\",\"position\":2,\"name\":\"Term\u00e9kek\",\"item\":\"https:\/\/www.eveline.hu\/2016\/shop\/\"},{\"@type\":\"ListItem\",\"position\":3,\"name\":\"EXTRA SOFT vil\u00e1gos\u00edt\u00f3 hidrat\u00e1l\u00f3 kr\u00e9m 5% C vitaminnal 200ml\"}]},{\"@type\":\"WebSite\",\"@id\":\"https:\/\/www.eveline.hu\/2016\/#website\",\"url\":\"https:\/\/www.eveline.hu\/2016\/\",\"name\":\"Eveline Cosmetics Magyarorsz\u00e1g\",\"description\":\"Min\u0151s\u00e9gi kozmetikumok Lengyelorsz\u00e1gb\u00f3l\",\"potentialAction\":[{\"@type\":\"SearchAction\",\"target\":{\"@type\":\"EntryPoint\",\"urlTemplate\":\"https:\/\/www.eveline.hu\/2016\/?s={search_term_string}\"},\"query-input\":\"required name=search_term_string\"}],\"inLanguage\":\"hu\"}]}<\/script>\n<!-- \/ Yoast SEO plugin. -->","yoast_head_json":{"title":"EXTRA SOFT vil\u00e1gos\u00edt\u00f3 hidrat\u00e1l\u00f3 kr\u00e9m 5% C vitaminnal 200ml - Eveline Cosmetics Magyarorsz\u00e1g","robots":{"index":"index","follow":"follow","max-snippet":"max-snippet:-1","max-image-preview":"max-image-preview:large","max-video-preview":"max-video-preview:-1"},"canonical":"https:\/\/www.eveline.hu\/2016\/eveline-kozmetikumok-szepsegapolas\/termekcsaladok\/extra-soft\/extra-soft-vilagosito-hidratalo-krem-5-c-vitaminnal-200ml\/","og_locale":"hu_HU","og_type":"article","og_title":"EXTRA SOFT vil\u00e1gos\u00edt\u00f3 hidrat\u00e1l\u00f3 kr\u00e9m 5% C vitaminnal 200ml - Eveline Cosmetics Magyarorsz\u00e1g","og_description":"200ml (7245 Ft\/L)","og_url":"https:\/\/www.eveline.hu\/2016\/eveline-kozmetikumok-szepsegapolas\/termekcsaladok\/extra-soft\/extra-soft-vilagosito-hidratalo-krem-5-c-vitaminnal-200ml\/","og_site_name":"Eveline Cosmetics Magyarorsz\u00e1g","article_modified_time":"2025-08-12T07:14:15+00:00","og_image":[{"width":750,"height":750,"url":"https:\/\/www.eveline.hu\/2016\/wp-content\/uploads\/2024\/05\/P_piel_extrasoft-krem_vitamin-c_200ml_N_5903416061540-w.png","type":"image\/png"}],"twitter_card":"summary_large_image","twitter_misc":{"Becs\u00fclt olvas\u00e1si id\u0151":"1 perc"},"schema":{"@context":"https:\/\/schema.org","@graph":[{"@type":"WebPage","@id":"https:\/\/www.eveline.hu\/2016\/eveline-kozmetikumok-szepsegapolas\/termekcsaladok\/extra-soft\/extra-soft-vilagosito-hidratalo-krem-5-c-vitaminnal-200ml\/","url":"https:\/\/www.eveline.hu\/2016\/eveline-kozmetikumok-szepsegapolas\/termekcsaladok\/extra-soft\/extra-soft-vilagosito-hidratalo-krem-5-c-vitaminnal-200ml\/","name":"EXTRA SOFT vil\u00e1gos\u00edt\u00f3 hidrat\u00e1l\u00f3 kr\u00e9m 5% C vitaminnal 200ml - Eveline Cosmetics Magyarorsz\u00e1g","isPartOf":{"@id":"https:\/\/www.eveline.hu\/2016\/#website"},"primaryImageOfPage":{"@id":"https:\/\/www.eveline.hu\/2016\/eveline-kozmetikumok-szepsegapolas\/termekcsaladok\/extra-soft\/extra-soft-vilagosito-hidratalo-krem-5-c-vitaminnal-200ml\/#primaryimage"},"image":{"@id":"https:\/\/www.eveline.hu\/2016\/eveline-kozmetikumok-szepsegapolas\/termekcsaladok\/extra-soft\/extra-soft-vilagosito-hidratalo-krem-5-c-vitaminnal-200ml\/#primaryimage"},"thumbnailUrl":"https:\/\/www.eveline.hu\/2016\/wp-content\/uploads\/2024\/05\/P_piel_extrasoft-krem_vitamin-c_200ml_N_5903416061540-w.png","datePublished":"2024-05-10T07:50:03+00:00","dateModified":"2025-08-12T07:14:15+00:00","breadcrumb":{"@id":"https:\/\/www.eveline.hu\/2016\/eveline-kozmetikumok-szepsegapolas\/termekcsaladok\/extra-soft\/extra-soft-vilagosito-hidratalo-krem-5-c-vitaminnal-200ml\/#breadcrumb"},"inLanguage":"hu","potentialAction":[{"@type":"ReadAction","target":["https:\/\/www.eveline.hu\/2016\/eveline-kozmetikumok-szepsegapolas\/termekcsaladok\/extra-soft\/extra-soft-vilagosito-hidratalo-krem-5-c-vitaminnal-200ml\/"]}]},{"@type":"ImageObject","inLanguage":"hu","@id":"https:\/\/www.eveline.hu\/2016\/eveline-kozmetikumok-szepsegapolas\/termekcsaladok\/extra-soft\/extra-soft-vilagosito-hidratalo-krem-5-c-vitaminnal-200ml\/#primaryimage","url":"https:\/\/www.eveline.hu\/2016\/wp-content\/uploads\/2024\/05\/P_piel_extrasoft-krem_vitamin-c_200ml_N_5903416061540-w.png","contentUrl":"https:\/\/www.eveline.hu\/2016\/wp-content\/uploads\/2024\/05\/P_piel_extrasoft-krem_vitamin-c_200ml_N_5903416061540-w.png","width":750,"height":750},{"@type":"BreadcrumbList","@id":"https:\/\/www.eveline.hu\/2016\/eveline-kozmetikumok-szepsegapolas\/termekcsaladok\/extra-soft\/extra-soft-vilagosito-hidratalo-krem-5-c-vitaminnal-200ml\/#breadcrumb","itemListElement":[{"@type":"ListItem","position":1,"name":"Home","item":"https:\/\/www.eveline.hu\/2016\/"},{"@type":"ListItem","position":2,"name":"Term\u00e9kek","item":"https:\/\/www.eveline.hu\/2016\/shop\/"},{"@type":"ListItem","position":3,"name":"EXTRA SOFT vil\u00e1gos\u00edt\u00f3 hidrat\u00e1l\u00f3 kr\u00e9m 5% C vitaminnal 200ml"}]},{"@type":"WebSite","@id":"https:\/\/www.eveline.hu\/2016\/#website","url":"https:\/\/www.eveline.hu\/2016\/","name":"Eveline Cosmetics Magyarorsz\u00e1g","description":"Min\u0151s\u00e9gi kozmetikumok Lengyelorsz\u00e1gb\u00f3l","potentialAction":[{"@type":"SearchAction","target":{"@type":"EntryPoint","urlTemplate":"https:\/\/www.eveline.hu\/2016\/?s={search_term_string}"},"query-input":"required name=search_term_string"}],"inLanguage":"hu"}]}},"_links":{"self":[{"href":"https:\/\/www.eveline.hu\/2016\/wp-json\/wp\/v2\/product\/30727"}],"collection":[{"href":"https:\/\/www.eveline.hu\/2016\/wp-json\/wp\/v2\/product"}],"about":[{"href":"https:\/\/www.eveline.hu\/2016\/wp-json\/wp\/v2\/types\/product"}],"replies":[{"embeddable":true,"href":"https:\/\/www.eveline.hu\/2016\/wp-json\/wp\/v2\/comments?post=30727"}],"wp:featuredmedia":[{"embeddable":true,"href":"https:\/\/www.eveline.hu\/2016\/wp-json\/wp\/v2\/media\/30728"}],"wp:attachment":[{"href":"https:\/\/www.eveline.hu\/2016\/wp-json\/wp\/v2\/media?parent=30727"}],"wp:term":[{"taxonomy":"product_cat","embeddable":true,"href":"https:\/\/www.eveline.hu\/2016\/wp-json\/wp\/v2\/product_cat?post=30727"},{"taxonomy":"product_tag","embeddable":true,"href":"https:\/\/www.eveline.hu\/2016\/wp-json\/wp\/v2\/product_tag?post=30727"}],"curies":[{"name":"wp","href":"https:\/\/api.w.org\/{rel}","templated":true}]}}