{"id":30726,"date":"2024-05-10T09:37:35","date_gmt":"2024-05-10T07:37:35","guid":{"rendered":"https:\/\/www.eveline.hu\/2016\/?post_type=product&#038;p=30726"},"modified":"2024-05-10T09:37:36","modified_gmt":"2024-05-10T07:37:36","slug":"royal-snail-60-helyreallito-nappali-es-ejszakai-krem-50ml","status":"publish","type":"product","link":"https:\/\/www.eveline.hu\/2016\/eveline-kozmetikumok-szepsegapolas\/termekcsaladok\/royal-snail\/royal-snail-60-helyreallito-nappali-es-ejszakai-krem-50ml\/","title":{"rendered":"Royal Snail 60+ Helyre\u00e1ll\u00edt\u00f3 Nappali \u00e9s \u00c9jszakai kr\u00e9m 50ml"},"content":{"rendered":"<p>Nappali \u00e9s \u00c9jszakai. \u00c9rett b\u0151rre, \u00e9rz\u00e9kenyre is.<\/p>\n<p><strong>INTENZ\u00cdV HELYRE\u00c1LL\u00cdT\u00d3 AMPULLA<\/strong><\/p>\n<p><strong>A Royal Snail<\/strong> exkluz\u00edv sorozat \u00f6tv\u00f6zi a <strong>csigany\u00e1lka sz\u0171rlet <\/strong>kiv\u00e9teles regener\u00e1l\u00f3 potenci\u00e1lj\u00e1t \u00e9s a\u00a0<strong>PEP-7REPAIR\u2122 <\/strong>a leg\u00fajabb gener\u00e1ci\u00f3s heptapeptidet. Stimul\u00e1lja a b\u0151rregener\u00e1ci\u00f3 \u00e9lettani folyamatait, biztos\u00edtva a nagyfok\u00fa b\u0151rfeszess\u00e9get \u00e9s rugalmass\u00e1got, valamint a teljes meg\u00faj\u00edt\u00f3 hat\u00e1st.<\/p>\n<p><strong>A KONCENTR\u00c1LT ULTRA HELYRE\u00c1LL\u00cdT\u00d3 KR\u00c9M 60+<\/strong> jelent\u0151sen n\u00f6veli a b\u0151r regener\u00e1l\u00f3d\u00e1si k\u00e9pess\u00e9g\u00e9t, <strong>TELJES MEG\u00daJ\u00cdT\u00c1S SERKENT\u0150:<\/strong><\/p>\n<ol>\n<li><strong> Cs\u00f6kkenti a r\u00e1ncokat \u00e9s form\u00e1lja az arcform\u00e1t<\/strong>:<\/li>\n<\/ol>\n<p>A<strong> Csigany\u00e1lka sz\u0171rlet <\/strong>\u00e9s a<strong> Matrixyl\u00aeSynthe\u20196\u2122 <\/strong>biomimetikus peptid, amely \u00fagy m\u0171k\u00f6dik ment egy injekci\u00f3 mentes r\u00e1ncfelt\u00f6lt\u0151, valamint form\u00e1lja az arcform\u00e1t.<\/p>\n<ol start=\"2\">\n<li><strong> Kiegyenl\u00edti a b\u0151r t\u00f3nus\u00e1t \u00e9s optikailag fiatal\u00edt:<\/strong><\/li>\n<\/ol>\n<p>A<strong> PRODIZIA\u2122 <\/strong>\u00e9s a vil\u00e1gos\u00edt\u00f3<strong> Niacynamide <\/strong>cs\u00f6kkenti a foto-\u00f6reged\u00e9s hat\u00e1st, helyre\u00e1ll\u00edtva\u00a0a sug\u00e1rz\u00f3, fiatalos b\u0151rsz\u00ednt.<\/p>\n<ol start=\"3\">\n<li><strong> Intenz\u00edven \u00fajj\u00e1\u00e9p\u00edt \u00e9s feszes\u00edt:<\/strong><\/li>\n<\/ol>\n<p>A <strong>PEP-7REPAIR\u2122 <\/strong>innovat\u00edv heptapeptid a megfelel\u0151 regener\u00e1ci\u00f3s folyamatokat stimul\u00e1lja, \u00edgy a b\u0151r feszesebb\u00e9, t\u00e1pl\u00e1ltabb\u00e1 \u00e9s sim\u00e1bb\u00e1 v\u00e1lik.<\/p>\n<p>\u00f6sszetev\u0151k: Aqua (Water), Glycerin, Snail Secretion Filtrate, Isopropyl Myristate, Ceteareth-20, Cetearyl Alcohol, Dimethicone, Butyrospermum Parkii Butter, Prunus Amygdalus Dulcis Oil, Betaine, Heptapeptide-7, Palmitoyl Tripeptide-38, Tocopheryl Acetate, Lecithin, Niacinamide, Laureth-7, Phenethyl Alcohol, Olus Oil, Triticum Vulgare Germ Oil, Albizia Julibrissin Bark Extract, Undaria Pinnatifida Extract, Carnosine, Hydroxypropyl Cyclodextrin, C13-14 Isoparaffin, Acrylates\/C10-30 Alkyl Acrylate Crosspolymer, Caprylyl Glycol, Citric Acid, Propanediol, Triethanolamine, Ethylhexylglycerin, Xanthan Gum, Phenoxyethanol, Hydroxyacetophenone, Sodium Benzoate, Potassium Sorbate, Polyacrylamide, Sodium Polyacrylate, Parfum (Fragrance), Hexyl Cinnamal, Linalool.<\/p>\n","protected":false},"excerpt":{"rendered":"<p>Nappali \u00e9s \u00c9jszakai. \u00c9rett b\u0151rre, \u00e9rz\u00e9kenyre is. INTENZ\u00cdV HELYRE\u00c1LL\u00cdT\u00d3 AMPULLA A Royal Snail exkluz\u00edv sorozat \u00f6tv\u00f6zi a csigany\u00e1lka sz\u0171rlet kiv\u00e9teles regener\u00e1l\u00f3 potenci\u00e1lj\u00e1t \u00e9s a\u00a0PEP-7REPAIR\u2122 a leg\u00fajabb gener\u00e1ci\u00f3s heptapeptidet. Stimul\u00e1lja a b\u0151rregener\u00e1ci\u00f3 \u00e9lettani folyamatait, biztos\u00edtva a nagyfok\u00fa b\u0151rfeszess\u00e9get \u00e9s rugalmass\u00e1got, valamint [&hellip;]<\/p>\n","protected":false},"featured_media":23631,"comment_status":"open","ping_status":"closed","template":"","meta":[],"product_cat":[224,80],"product_tag":[],"yoast_head":"<!-- This site is optimized with the Yoast SEO plugin v22.2 - https:\/\/yoast.com\/wordpress\/plugins\/seo\/ -->\n<title>Royal Snail 60+ Helyre\u00e1ll\u00edt\u00f3 Nappali \u00e9s \u00c9jszakai kr\u00e9m 50ml - Eveline Cosmetics Magyarorsz\u00e1g<\/title>\n<meta name=\"robots\" content=\"index, follow, max-snippet:-1, max-image-preview:large, max-video-preview:-1\" \/>\n<link rel=\"canonical\" href=\"https:\/\/www.eveline.hu\/2016\/eveline-kozmetikumok-szepsegapolas\/termekcsaladok\/royal-snail\/royal-snail-60-helyreallito-nappali-es-ejszakai-krem-50ml\/\" \/>\n<meta property=\"og:locale\" content=\"hu_HU\" \/>\n<meta property=\"og:type\" content=\"article\" \/>\n<meta property=\"og:title\" content=\"Royal Snail 60+ Helyre\u00e1ll\u00edt\u00f3 Nappali \u00e9s \u00c9jszakai kr\u00e9m 50ml - Eveline Cosmetics Magyarorsz\u00e1g\" \/>\n<meta property=\"og:description\" content=\"Nappali \u00e9s \u00c9jszakai. \u00c9rett b\u0151rre, \u00e9rz\u00e9kenyre is. INTENZ\u00cdV HELYRE\u00c1LL\u00cdT\u00d3 AMPULLA A Royal Snail exkluz\u00edv sorozat \u00f6tv\u00f6zi a csigany\u00e1lka sz\u0171rlet kiv\u00e9teles regener\u00e1l\u00f3 potenci\u00e1lj\u00e1t \u00e9s a\u00a0PEP-7REPAIR\u2122 a leg\u00fajabb gener\u00e1ci\u00f3s heptapeptidet. Stimul\u00e1lja a b\u0151rregener\u00e1ci\u00f3 \u00e9lettani folyamatait, biztos\u00edtva a nagyfok\u00fa b\u0151rfeszess\u00e9get \u00e9s rugalmass\u00e1got, valamint [&hellip;]\" \/>\n<meta property=\"og:url\" content=\"https:\/\/www.eveline.hu\/2016\/eveline-kozmetikumok-szepsegapolas\/termekcsaladok\/royal-snail\/royal-snail-60-helyreallito-nappali-es-ejszakai-krem-50ml\/\" \/>\n<meta property=\"og:site_name\" content=\"Eveline Cosmetics Magyarorsz\u00e1g\" \/>\n<meta property=\"article:modified_time\" content=\"2024-05-10T07:37:36+00:00\" \/>\n<meta property=\"og:image\" content=\"https:\/\/www.eveline.hu\/2016\/wp-content\/uploads\/2019\/01\/Royal-Snail-kr\u00e9m-60.png\" \/>\n\t<meta property=\"og:image:width\" content=\"750\" \/>\n\t<meta property=\"og:image:height\" content=\"750\" \/>\n\t<meta property=\"og:image:type\" content=\"image\/png\" \/>\n<meta name=\"twitter:card\" content=\"summary_large_image\" \/>\n<meta name=\"twitter:label1\" content=\"Becs\u00fclt olvas\u00e1si id\u0151\" \/>\n\t<meta name=\"twitter:data1\" content=\"2 perc\" \/>\n<script type=\"application\/ld+json\" class=\"yoast-schema-graph\">{\"@context\":\"https:\/\/schema.org\",\"@graph\":[{\"@type\":\"WebPage\",\"@id\":\"https:\/\/www.eveline.hu\/2016\/eveline-kozmetikumok-szepsegapolas\/termekcsaladok\/royal-snail\/royal-snail-60-helyreallito-nappali-es-ejszakai-krem-50ml\/\",\"url\":\"https:\/\/www.eveline.hu\/2016\/eveline-kozmetikumok-szepsegapolas\/termekcsaladok\/royal-snail\/royal-snail-60-helyreallito-nappali-es-ejszakai-krem-50ml\/\",\"name\":\"Royal Snail 60+ Helyre\u00e1ll\u00edt\u00f3 Nappali \u00e9s \u00c9jszakai kr\u00e9m 50ml - Eveline Cosmetics Magyarorsz\u00e1g\",\"isPartOf\":{\"@id\":\"https:\/\/www.eveline.hu\/2016\/#website\"},\"primaryImageOfPage\":{\"@id\":\"https:\/\/www.eveline.hu\/2016\/eveline-kozmetikumok-szepsegapolas\/termekcsaladok\/royal-snail\/royal-snail-60-helyreallito-nappali-es-ejszakai-krem-50ml\/#primaryimage\"},\"image\":{\"@id\":\"https:\/\/www.eveline.hu\/2016\/eveline-kozmetikumok-szepsegapolas\/termekcsaladok\/royal-snail\/royal-snail-60-helyreallito-nappali-es-ejszakai-krem-50ml\/#primaryimage\"},\"thumbnailUrl\":\"https:\/\/www.eveline.hu\/2016\/wp-content\/uploads\/2019\/01\/Royal-Snail-kr\u00e9m-60.png\",\"datePublished\":\"2024-05-10T07:37:35+00:00\",\"dateModified\":\"2024-05-10T07:37:36+00:00\",\"breadcrumb\":{\"@id\":\"https:\/\/www.eveline.hu\/2016\/eveline-kozmetikumok-szepsegapolas\/termekcsaladok\/royal-snail\/royal-snail-60-helyreallito-nappali-es-ejszakai-krem-50ml\/#breadcrumb\"},\"inLanguage\":\"hu\",\"potentialAction\":[{\"@type\":\"ReadAction\",\"target\":[\"https:\/\/www.eveline.hu\/2016\/eveline-kozmetikumok-szepsegapolas\/termekcsaladok\/royal-snail\/royal-snail-60-helyreallito-nappali-es-ejszakai-krem-50ml\/\"]}]},{\"@type\":\"ImageObject\",\"inLanguage\":\"hu\",\"@id\":\"https:\/\/www.eveline.hu\/2016\/eveline-kozmetikumok-szepsegapolas\/termekcsaladok\/royal-snail\/royal-snail-60-helyreallito-nappali-es-ejszakai-krem-50ml\/#primaryimage\",\"url\":\"https:\/\/www.eveline.hu\/2016\/wp-content\/uploads\/2019\/01\/Royal-Snail-kr\u00e9m-60.png\",\"contentUrl\":\"https:\/\/www.eveline.hu\/2016\/wp-content\/uploads\/2019\/01\/Royal-Snail-kr\u00e9m-60.png\",\"width\":750,\"height\":750},{\"@type\":\"BreadcrumbList\",\"@id\":\"https:\/\/www.eveline.hu\/2016\/eveline-kozmetikumok-szepsegapolas\/termekcsaladok\/royal-snail\/royal-snail-60-helyreallito-nappali-es-ejszakai-krem-50ml\/#breadcrumb\",\"itemListElement\":[{\"@type\":\"ListItem\",\"position\":1,\"name\":\"Home\",\"item\":\"https:\/\/www.eveline.hu\/2016\/\"},{\"@type\":\"ListItem\",\"position\":2,\"name\":\"Term\u00e9kek\",\"item\":\"https:\/\/www.eveline.hu\/2016\/shop\/\"},{\"@type\":\"ListItem\",\"position\":3,\"name\":\"Royal Snail 60+ Helyre\u00e1ll\u00edt\u00f3 Nappali \u00e9s \u00c9jszakai kr\u00e9m 50ml\"}]},{\"@type\":\"WebSite\",\"@id\":\"https:\/\/www.eveline.hu\/2016\/#website\",\"url\":\"https:\/\/www.eveline.hu\/2016\/\",\"name\":\"Eveline Cosmetics Magyarorsz\u00e1g\",\"description\":\"Min\u0151s\u00e9gi kozmetikumok Lengyelorsz\u00e1gb\u00f3l\",\"potentialAction\":[{\"@type\":\"SearchAction\",\"target\":{\"@type\":\"EntryPoint\",\"urlTemplate\":\"https:\/\/www.eveline.hu\/2016\/?s={search_term_string}\"},\"query-input\":\"required name=search_term_string\"}],\"inLanguage\":\"hu\"}]}<\/script>\n<!-- \/ Yoast SEO plugin. -->","yoast_head_json":{"title":"Royal Snail 60+ Helyre\u00e1ll\u00edt\u00f3 Nappali \u00e9s \u00c9jszakai kr\u00e9m 50ml - Eveline Cosmetics Magyarorsz\u00e1g","robots":{"index":"index","follow":"follow","max-snippet":"max-snippet:-1","max-image-preview":"max-image-preview:large","max-video-preview":"max-video-preview:-1"},"canonical":"https:\/\/www.eveline.hu\/2016\/eveline-kozmetikumok-szepsegapolas\/termekcsaladok\/royal-snail\/royal-snail-60-helyreallito-nappali-es-ejszakai-krem-50ml\/","og_locale":"hu_HU","og_type":"article","og_title":"Royal Snail 60+ Helyre\u00e1ll\u00edt\u00f3 Nappali \u00e9s \u00c9jszakai kr\u00e9m 50ml - Eveline Cosmetics Magyarorsz\u00e1g","og_description":"Nappali \u00e9s \u00c9jszakai. \u00c9rett b\u0151rre, \u00e9rz\u00e9kenyre is. INTENZ\u00cdV HELYRE\u00c1LL\u00cdT\u00d3 AMPULLA A Royal Snail exkluz\u00edv sorozat \u00f6tv\u00f6zi a csigany\u00e1lka sz\u0171rlet kiv\u00e9teles regener\u00e1l\u00f3 potenci\u00e1lj\u00e1t \u00e9s a\u00a0PEP-7REPAIR\u2122 a leg\u00fajabb gener\u00e1ci\u00f3s heptapeptidet. Stimul\u00e1lja a b\u0151rregener\u00e1ci\u00f3 \u00e9lettani folyamatait, biztos\u00edtva a nagyfok\u00fa b\u0151rfeszess\u00e9get \u00e9s rugalmass\u00e1got, valamint [&hellip;]","og_url":"https:\/\/www.eveline.hu\/2016\/eveline-kozmetikumok-szepsegapolas\/termekcsaladok\/royal-snail\/royal-snail-60-helyreallito-nappali-es-ejszakai-krem-50ml\/","og_site_name":"Eveline Cosmetics Magyarorsz\u00e1g","article_modified_time":"2024-05-10T07:37:36+00:00","og_image":[{"width":750,"height":750,"url":"https:\/\/www.eveline.hu\/2016\/wp-content\/uploads\/2019\/01\/Royal-Snail-kr\u00e9m-60.png","type":"image\/png"}],"twitter_card":"summary_large_image","twitter_misc":{"Becs\u00fclt olvas\u00e1si id\u0151":"2 perc"},"schema":{"@context":"https:\/\/schema.org","@graph":[{"@type":"WebPage","@id":"https:\/\/www.eveline.hu\/2016\/eveline-kozmetikumok-szepsegapolas\/termekcsaladok\/royal-snail\/royal-snail-60-helyreallito-nappali-es-ejszakai-krem-50ml\/","url":"https:\/\/www.eveline.hu\/2016\/eveline-kozmetikumok-szepsegapolas\/termekcsaladok\/royal-snail\/royal-snail-60-helyreallito-nappali-es-ejszakai-krem-50ml\/","name":"Royal Snail 60+ Helyre\u00e1ll\u00edt\u00f3 Nappali \u00e9s \u00c9jszakai kr\u00e9m 50ml - Eveline Cosmetics Magyarorsz\u00e1g","isPartOf":{"@id":"https:\/\/www.eveline.hu\/2016\/#website"},"primaryImageOfPage":{"@id":"https:\/\/www.eveline.hu\/2016\/eveline-kozmetikumok-szepsegapolas\/termekcsaladok\/royal-snail\/royal-snail-60-helyreallito-nappali-es-ejszakai-krem-50ml\/#primaryimage"},"image":{"@id":"https:\/\/www.eveline.hu\/2016\/eveline-kozmetikumok-szepsegapolas\/termekcsaladok\/royal-snail\/royal-snail-60-helyreallito-nappali-es-ejszakai-krem-50ml\/#primaryimage"},"thumbnailUrl":"https:\/\/www.eveline.hu\/2016\/wp-content\/uploads\/2019\/01\/Royal-Snail-kr\u00e9m-60.png","datePublished":"2024-05-10T07:37:35+00:00","dateModified":"2024-05-10T07:37:36+00:00","breadcrumb":{"@id":"https:\/\/www.eveline.hu\/2016\/eveline-kozmetikumok-szepsegapolas\/termekcsaladok\/royal-snail\/royal-snail-60-helyreallito-nappali-es-ejszakai-krem-50ml\/#breadcrumb"},"inLanguage":"hu","potentialAction":[{"@type":"ReadAction","target":["https:\/\/www.eveline.hu\/2016\/eveline-kozmetikumok-szepsegapolas\/termekcsaladok\/royal-snail\/royal-snail-60-helyreallito-nappali-es-ejszakai-krem-50ml\/"]}]},{"@type":"ImageObject","inLanguage":"hu","@id":"https:\/\/www.eveline.hu\/2016\/eveline-kozmetikumok-szepsegapolas\/termekcsaladok\/royal-snail\/royal-snail-60-helyreallito-nappali-es-ejszakai-krem-50ml\/#primaryimage","url":"https:\/\/www.eveline.hu\/2016\/wp-content\/uploads\/2019\/01\/Royal-Snail-kr\u00e9m-60.png","contentUrl":"https:\/\/www.eveline.hu\/2016\/wp-content\/uploads\/2019\/01\/Royal-Snail-kr\u00e9m-60.png","width":750,"height":750},{"@type":"BreadcrumbList","@id":"https:\/\/www.eveline.hu\/2016\/eveline-kozmetikumok-szepsegapolas\/termekcsaladok\/royal-snail\/royal-snail-60-helyreallito-nappali-es-ejszakai-krem-50ml\/#breadcrumb","itemListElement":[{"@type":"ListItem","position":1,"name":"Home","item":"https:\/\/www.eveline.hu\/2016\/"},{"@type":"ListItem","position":2,"name":"Term\u00e9kek","item":"https:\/\/www.eveline.hu\/2016\/shop\/"},{"@type":"ListItem","position":3,"name":"Royal Snail 60+ Helyre\u00e1ll\u00edt\u00f3 Nappali \u00e9s \u00c9jszakai kr\u00e9m 50ml"}]},{"@type":"WebSite","@id":"https:\/\/www.eveline.hu\/2016\/#website","url":"https:\/\/www.eveline.hu\/2016\/","name":"Eveline Cosmetics Magyarorsz\u00e1g","description":"Min\u0151s\u00e9gi kozmetikumok Lengyelorsz\u00e1gb\u00f3l","potentialAction":[{"@type":"SearchAction","target":{"@type":"EntryPoint","urlTemplate":"https:\/\/www.eveline.hu\/2016\/?s={search_term_string}"},"query-input":"required name=search_term_string"}],"inLanguage":"hu"}]}},"_links":{"self":[{"href":"https:\/\/www.eveline.hu\/2016\/wp-json\/wp\/v2\/product\/30726"}],"collection":[{"href":"https:\/\/www.eveline.hu\/2016\/wp-json\/wp\/v2\/product"}],"about":[{"href":"https:\/\/www.eveline.hu\/2016\/wp-json\/wp\/v2\/types\/product"}],"replies":[{"embeddable":true,"href":"https:\/\/www.eveline.hu\/2016\/wp-json\/wp\/v2\/comments?post=30726"}],"wp:featuredmedia":[{"embeddable":true,"href":"https:\/\/www.eveline.hu\/2016\/wp-json\/wp\/v2\/media\/23631"}],"wp:attachment":[{"href":"https:\/\/www.eveline.hu\/2016\/wp-json\/wp\/v2\/media?parent=30726"}],"wp:term":[{"taxonomy":"product_cat","embeddable":true,"href":"https:\/\/www.eveline.hu\/2016\/wp-json\/wp\/v2\/product_cat?post=30726"},{"taxonomy":"product_tag","embeddable":true,"href":"https:\/\/www.eveline.hu\/2016\/wp-json\/wp\/v2\/product_tag?post=30726"}],"curies":[{"name":"wp","href":"https:\/\/api.w.org\/{rel}","templated":true}]}}