{"id":30672,"date":"2024-04-19T13:35:57","date_gmt":"2024-04-19T11:35:57","guid":{"rendered":"https:\/\/www.eveline.hu\/2016\/?post_type=product&#038;p=30672"},"modified":"2024-10-03T15:01:26","modified_gmt":"2024-10-03T13:01:26","slug":"super-lifting-4d-15-komplex-c-vitamin-es-niacinamid-szerum-30ml","status":"publish","type":"product","link":"https:\/\/www.eveline.hu\/2016\/eveline-kozmetikumok-szepsegapolas\/termekcsaladok\/serum-shots\/super-lifting-4d-15-komplex-c-vitamin-es-niacinamid-szerum-30ml\/","title":{"rendered":"SUPER LIFTING 4D 15% KOMPLEX C-VITAMIN \u00c9S NIACINAMID SZ\u00c9RUM 30ml"},"content":{"rendered":"<p>Innovat\u00edv r\u00e1nctalan\u00edt\u00f3 program lifting-form\u00e1z\u00f3 hat\u00e1ssal \u00e9rett b\u0151rre.<\/p>\n<p>A kozmetikum formul\u00e1it az \u00c1TT\u00d6R\u0150 MODERN LIFT 4D\u2122 TECHNOL\u00d3GIA alapj\u00e1n fejlesztett\u00e9k ki, amely m\u00e1trixk\u00e9nt m\u0171k\u00f6dik a b\u0151r \u00fajj\u00e1\u00e9p\u00edt\u00e9s\u00e9ben, azonnali hidrat\u00e1l\u00e1st, t\u00e1pl\u00e1l\u00e1st \u00e9s fiatal\u00edt\u00e1st eredm\u00e9nyezve hosszabb t\u00e1von.<\/p>\n<p>VIL\u00c1GOS\u00cdT\u00d3 SZ\u00c9RUM KONCENTR\u00c1TUM \u2013\u00a0 amely \u00f6tv\u00f6zi az elsz\u00ednez\u0151d\u00e9sek elleni hat\u00e9konys\u00e1got az \u00f6reged\u00e9sg\u00e1tl\u00f3 hat\u00e1ssal. Biztos\u00edtja a b\u0151rsz\u00edn kiegyenl\u00edt\u00e9s\u00e9t, vil\u00e1gos\u00edt\u00e1s\u00e1t \u00e9s t\u00e1pl\u00e1l\u00e1s\u00e1t, valamint fiatalos ragyog\u00e1s\u00e1t. A hat\u00e1s m\u00e1r az els\u0151 alkalmaz\u00e1s ut\u00e1n l\u00e1that\u00f3.<\/p>\n<p>Akt\u00edv \u00f6sszetev\u0151k:<\/p>\n<p>A 15% C-VITAMIN \u00c9S NIACINAMID KOMPLEX hat\u00e9konyan megsz\u00fcnteti az egyenetlen, \u201efak\u00f3\u201d b\u0151rt\u00f3nus \u00e9s a f\u00e1radtnak t\u0171n\u0151 b\u0151r probl\u00e9m\u00e1j\u00e1t, j\u00f3t\u00e9kony hat\u00e1ssal van az \u00e9letkorral megjelen\u0151 b\u0151rp\u00edr \u00e9s elsz\u00ednez\u0151d\u00e9sek cs\u00f6kkent\u00e9s\u00e9re.<\/p>\n<p><strong>ALKALMAZ\u00c1S<\/strong>: Reggel \u00e9s\/vagy este vigyen fel n\u00e9h\u00e1ny csepp sz\u00e9rumot a b\u0151rre. Vigye fel kedvenc kr\u00e9mj\u00e9t.<\/p>\n","protected":false},"excerpt":{"rendered":"<p>Innovat\u00edv r\u00e1nctalan\u00edt\u00f3 program lifting-form\u00e1z\u00f3 hat\u00e1ssal \u00e9rett b\u0151rre. A kozmetikum formul\u00e1it az \u00c1TT\u00d6R\u0150 MODERN LIFT 4D\u2122 TECHNOL\u00d3GIA alapj\u00e1n fejlesztett\u00e9k ki, amely m\u00e1trixk\u00e9nt m\u0171k\u00f6dik a b\u0151r \u00fajj\u00e1\u00e9p\u00edt\u00e9s\u00e9ben, azonnali hidrat\u00e1l\u00e1st, t\u00e1pl\u00e1l\u00e1st \u00e9s fiatal\u00edt\u00e1st eredm\u00e9nyezve hosszabb t\u00e1von. VIL\u00c1GOS\u00cdT\u00d3 SZ\u00c9RUM KONCENTR\u00c1TUM \u2013\u00a0 amely \u00f6tv\u00f6zi az [&hellip;]<\/p>\n","protected":false},"featured_media":30673,"comment_status":"open","ping_status":"closed","template":"","meta":[],"product_cat":[301],"product_tag":[],"yoast_head":"<!-- This site is optimized with the Yoast SEO plugin v22.2 - https:\/\/yoast.com\/wordpress\/plugins\/seo\/ -->\n<title>SUPER LIFTING 4D 15% KOMPLEX C-VITAMIN \u00c9S NIACINAMID SZ\u00c9RUM 30ml - Eveline Cosmetics Magyarorsz\u00e1g<\/title>\n<meta name=\"robots\" content=\"index, follow, max-snippet:-1, max-image-preview:large, max-video-preview:-1\" \/>\n<link rel=\"canonical\" href=\"https:\/\/www.eveline.hu\/2016\/eveline-kozmetikumok-szepsegapolas\/termekcsaladok\/serum-shots\/super-lifting-4d-15-komplex-c-vitamin-es-niacinamid-szerum-30ml\/\" \/>\n<meta property=\"og:locale\" content=\"hu_HU\" \/>\n<meta property=\"og:type\" content=\"article\" \/>\n<meta property=\"og:title\" content=\"SUPER LIFTING 4D 15% KOMPLEX C-VITAMIN \u00c9S NIACINAMID SZ\u00c9RUM 30ml - Eveline Cosmetics Magyarorsz\u00e1g\" \/>\n<meta property=\"og:description\" content=\"Innovat\u00edv r\u00e1nctalan\u00edt\u00f3 program lifting-form\u00e1z\u00f3 hat\u00e1ssal \u00e9rett b\u0151rre. A kozmetikum formul\u00e1it az \u00c1TT\u00d6R\u0150 MODERN LIFT 4D\u2122 TECHNOL\u00d3GIA alapj\u00e1n fejlesztett\u00e9k ki, amely m\u00e1trixk\u00e9nt m\u0171k\u00f6dik a b\u0151r \u00fajj\u00e1\u00e9p\u00edt\u00e9s\u00e9ben, azonnali hidrat\u00e1l\u00e1st, t\u00e1pl\u00e1l\u00e1st \u00e9s fiatal\u00edt\u00e1st eredm\u00e9nyezve hosszabb t\u00e1von. VIL\u00c1GOS\u00cdT\u00d3 SZ\u00c9RUM KONCENTR\u00c1TUM \u2013\u00a0 amely \u00f6tv\u00f6zi az [&hellip;]\" \/>\n<meta property=\"og:url\" content=\"https:\/\/www.eveline.hu\/2016\/eveline-kozmetikumok-szepsegapolas\/termekcsaladok\/serum-shots\/super-lifting-4d-15-komplex-c-vitamin-es-niacinamid-szerum-30ml\/\" \/>\n<meta property=\"og:site_name\" content=\"Eveline Cosmetics Magyarorsz\u00e1g\" \/>\n<meta property=\"article:modified_time\" content=\"2024-10-03T13:01:26+00:00\" \/>\n<meta property=\"og:image\" content=\"https:\/\/www.eveline.hu\/2016\/wp-content\/uploads\/2024\/04\/5903416066293-SUPER-LIFTING-4D-SERUM-ILLUMINATION-30ML-w.png\" \/>\n\t<meta property=\"og:image:width\" content=\"750\" \/>\n\t<meta property=\"og:image:height\" content=\"750\" \/>\n\t<meta property=\"og:image:type\" content=\"image\/png\" \/>\n<meta name=\"twitter:card\" content=\"summary_large_image\" \/>\n<meta name=\"twitter:label1\" content=\"Becs\u00fclt olvas\u00e1si id\u0151\" \/>\n\t<meta name=\"twitter:data1\" content=\"1 perc\" \/>\n<script type=\"application\/ld+json\" class=\"yoast-schema-graph\">{\"@context\":\"https:\/\/schema.org\",\"@graph\":[{\"@type\":\"WebPage\",\"@id\":\"https:\/\/www.eveline.hu\/2016\/eveline-kozmetikumok-szepsegapolas\/termekcsaladok\/serum-shots\/super-lifting-4d-15-komplex-c-vitamin-es-niacinamid-szerum-30ml\/\",\"url\":\"https:\/\/www.eveline.hu\/2016\/eveline-kozmetikumok-szepsegapolas\/termekcsaladok\/serum-shots\/super-lifting-4d-15-komplex-c-vitamin-es-niacinamid-szerum-30ml\/\",\"name\":\"SUPER LIFTING 4D 15% KOMPLEX C-VITAMIN \u00c9S NIACINAMID SZ\u00c9RUM 30ml - Eveline Cosmetics Magyarorsz\u00e1g\",\"isPartOf\":{\"@id\":\"https:\/\/www.eveline.hu\/2016\/#website\"},\"primaryImageOfPage\":{\"@id\":\"https:\/\/www.eveline.hu\/2016\/eveline-kozmetikumok-szepsegapolas\/termekcsaladok\/serum-shots\/super-lifting-4d-15-komplex-c-vitamin-es-niacinamid-szerum-30ml\/#primaryimage\"},\"image\":{\"@id\":\"https:\/\/www.eveline.hu\/2016\/eveline-kozmetikumok-szepsegapolas\/termekcsaladok\/serum-shots\/super-lifting-4d-15-komplex-c-vitamin-es-niacinamid-szerum-30ml\/#primaryimage\"},\"thumbnailUrl\":\"https:\/\/www.eveline.hu\/2016\/wp-content\/uploads\/2024\/04\/5903416066293-SUPER-LIFTING-4D-SERUM-ILLUMINATION-30ML-w.png\",\"datePublished\":\"2024-04-19T11:35:57+00:00\",\"dateModified\":\"2024-10-03T13:01:26+00:00\",\"breadcrumb\":{\"@id\":\"https:\/\/www.eveline.hu\/2016\/eveline-kozmetikumok-szepsegapolas\/termekcsaladok\/serum-shots\/super-lifting-4d-15-komplex-c-vitamin-es-niacinamid-szerum-30ml\/#breadcrumb\"},\"inLanguage\":\"hu\",\"potentialAction\":[{\"@type\":\"ReadAction\",\"target\":[\"https:\/\/www.eveline.hu\/2016\/eveline-kozmetikumok-szepsegapolas\/termekcsaladok\/serum-shots\/super-lifting-4d-15-komplex-c-vitamin-es-niacinamid-szerum-30ml\/\"]}]},{\"@type\":\"ImageObject\",\"inLanguage\":\"hu\",\"@id\":\"https:\/\/www.eveline.hu\/2016\/eveline-kozmetikumok-szepsegapolas\/termekcsaladok\/serum-shots\/super-lifting-4d-15-komplex-c-vitamin-es-niacinamid-szerum-30ml\/#primaryimage\",\"url\":\"https:\/\/www.eveline.hu\/2016\/wp-content\/uploads\/2024\/04\/5903416066293-SUPER-LIFTING-4D-SERUM-ILLUMINATION-30ML-w.png\",\"contentUrl\":\"https:\/\/www.eveline.hu\/2016\/wp-content\/uploads\/2024\/04\/5903416066293-SUPER-LIFTING-4D-SERUM-ILLUMINATION-30ML-w.png\",\"width\":750,\"height\":750},{\"@type\":\"BreadcrumbList\",\"@id\":\"https:\/\/www.eveline.hu\/2016\/eveline-kozmetikumok-szepsegapolas\/termekcsaladok\/serum-shots\/super-lifting-4d-15-komplex-c-vitamin-es-niacinamid-szerum-30ml\/#breadcrumb\",\"itemListElement\":[{\"@type\":\"ListItem\",\"position\":1,\"name\":\"Home\",\"item\":\"https:\/\/www.eveline.hu\/2016\/\"},{\"@type\":\"ListItem\",\"position\":2,\"name\":\"Term\u00e9kek\",\"item\":\"https:\/\/www.eveline.hu\/2016\/shop\/\"},{\"@type\":\"ListItem\",\"position\":3,\"name\":\"SUPER LIFTING 4D 15% KOMPLEX C-VITAMIN \u00c9S NIACINAMID SZ\u00c9RUM 30ml\"}]},{\"@type\":\"WebSite\",\"@id\":\"https:\/\/www.eveline.hu\/2016\/#website\",\"url\":\"https:\/\/www.eveline.hu\/2016\/\",\"name\":\"Eveline Cosmetics Magyarorsz\u00e1g\",\"description\":\"Min\u0151s\u00e9gi kozmetikumok Lengyelorsz\u00e1gb\u00f3l\",\"potentialAction\":[{\"@type\":\"SearchAction\",\"target\":{\"@type\":\"EntryPoint\",\"urlTemplate\":\"https:\/\/www.eveline.hu\/2016\/?s={search_term_string}\"},\"query-input\":\"required name=search_term_string\"}],\"inLanguage\":\"hu\"}]}<\/script>\n<!-- \/ Yoast SEO plugin. -->","yoast_head_json":{"title":"SUPER LIFTING 4D 15% KOMPLEX C-VITAMIN \u00c9S NIACINAMID SZ\u00c9RUM 30ml - Eveline Cosmetics Magyarorsz\u00e1g","robots":{"index":"index","follow":"follow","max-snippet":"max-snippet:-1","max-image-preview":"max-image-preview:large","max-video-preview":"max-video-preview:-1"},"canonical":"https:\/\/www.eveline.hu\/2016\/eveline-kozmetikumok-szepsegapolas\/termekcsaladok\/serum-shots\/super-lifting-4d-15-komplex-c-vitamin-es-niacinamid-szerum-30ml\/","og_locale":"hu_HU","og_type":"article","og_title":"SUPER LIFTING 4D 15% KOMPLEX C-VITAMIN \u00c9S NIACINAMID SZ\u00c9RUM 30ml - Eveline Cosmetics Magyarorsz\u00e1g","og_description":"Innovat\u00edv r\u00e1nctalan\u00edt\u00f3 program lifting-form\u00e1z\u00f3 hat\u00e1ssal \u00e9rett b\u0151rre. A kozmetikum formul\u00e1it az \u00c1TT\u00d6R\u0150 MODERN LIFT 4D\u2122 TECHNOL\u00d3GIA alapj\u00e1n fejlesztett\u00e9k ki, amely m\u00e1trixk\u00e9nt m\u0171k\u00f6dik a b\u0151r \u00fajj\u00e1\u00e9p\u00edt\u00e9s\u00e9ben, azonnali hidrat\u00e1l\u00e1st, t\u00e1pl\u00e1l\u00e1st \u00e9s fiatal\u00edt\u00e1st eredm\u00e9nyezve hosszabb t\u00e1von. VIL\u00c1GOS\u00cdT\u00d3 SZ\u00c9RUM KONCENTR\u00c1TUM \u2013\u00a0 amely \u00f6tv\u00f6zi az [&hellip;]","og_url":"https:\/\/www.eveline.hu\/2016\/eveline-kozmetikumok-szepsegapolas\/termekcsaladok\/serum-shots\/super-lifting-4d-15-komplex-c-vitamin-es-niacinamid-szerum-30ml\/","og_site_name":"Eveline Cosmetics Magyarorsz\u00e1g","article_modified_time":"2024-10-03T13:01:26+00:00","og_image":[{"width":750,"height":750,"url":"https:\/\/www.eveline.hu\/2016\/wp-content\/uploads\/2024\/04\/5903416066293-SUPER-LIFTING-4D-SERUM-ILLUMINATION-30ML-w.png","type":"image\/png"}],"twitter_card":"summary_large_image","twitter_misc":{"Becs\u00fclt olvas\u00e1si id\u0151":"1 perc"},"schema":{"@context":"https:\/\/schema.org","@graph":[{"@type":"WebPage","@id":"https:\/\/www.eveline.hu\/2016\/eveline-kozmetikumok-szepsegapolas\/termekcsaladok\/serum-shots\/super-lifting-4d-15-komplex-c-vitamin-es-niacinamid-szerum-30ml\/","url":"https:\/\/www.eveline.hu\/2016\/eveline-kozmetikumok-szepsegapolas\/termekcsaladok\/serum-shots\/super-lifting-4d-15-komplex-c-vitamin-es-niacinamid-szerum-30ml\/","name":"SUPER LIFTING 4D 15% KOMPLEX C-VITAMIN \u00c9S NIACINAMID SZ\u00c9RUM 30ml - Eveline Cosmetics Magyarorsz\u00e1g","isPartOf":{"@id":"https:\/\/www.eveline.hu\/2016\/#website"},"primaryImageOfPage":{"@id":"https:\/\/www.eveline.hu\/2016\/eveline-kozmetikumok-szepsegapolas\/termekcsaladok\/serum-shots\/super-lifting-4d-15-komplex-c-vitamin-es-niacinamid-szerum-30ml\/#primaryimage"},"image":{"@id":"https:\/\/www.eveline.hu\/2016\/eveline-kozmetikumok-szepsegapolas\/termekcsaladok\/serum-shots\/super-lifting-4d-15-komplex-c-vitamin-es-niacinamid-szerum-30ml\/#primaryimage"},"thumbnailUrl":"https:\/\/www.eveline.hu\/2016\/wp-content\/uploads\/2024\/04\/5903416066293-SUPER-LIFTING-4D-SERUM-ILLUMINATION-30ML-w.png","datePublished":"2024-04-19T11:35:57+00:00","dateModified":"2024-10-03T13:01:26+00:00","breadcrumb":{"@id":"https:\/\/www.eveline.hu\/2016\/eveline-kozmetikumok-szepsegapolas\/termekcsaladok\/serum-shots\/super-lifting-4d-15-komplex-c-vitamin-es-niacinamid-szerum-30ml\/#breadcrumb"},"inLanguage":"hu","potentialAction":[{"@type":"ReadAction","target":["https:\/\/www.eveline.hu\/2016\/eveline-kozmetikumok-szepsegapolas\/termekcsaladok\/serum-shots\/super-lifting-4d-15-komplex-c-vitamin-es-niacinamid-szerum-30ml\/"]}]},{"@type":"ImageObject","inLanguage":"hu","@id":"https:\/\/www.eveline.hu\/2016\/eveline-kozmetikumok-szepsegapolas\/termekcsaladok\/serum-shots\/super-lifting-4d-15-komplex-c-vitamin-es-niacinamid-szerum-30ml\/#primaryimage","url":"https:\/\/www.eveline.hu\/2016\/wp-content\/uploads\/2024\/04\/5903416066293-SUPER-LIFTING-4D-SERUM-ILLUMINATION-30ML-w.png","contentUrl":"https:\/\/www.eveline.hu\/2016\/wp-content\/uploads\/2024\/04\/5903416066293-SUPER-LIFTING-4D-SERUM-ILLUMINATION-30ML-w.png","width":750,"height":750},{"@type":"BreadcrumbList","@id":"https:\/\/www.eveline.hu\/2016\/eveline-kozmetikumok-szepsegapolas\/termekcsaladok\/serum-shots\/super-lifting-4d-15-komplex-c-vitamin-es-niacinamid-szerum-30ml\/#breadcrumb","itemListElement":[{"@type":"ListItem","position":1,"name":"Home","item":"https:\/\/www.eveline.hu\/2016\/"},{"@type":"ListItem","position":2,"name":"Term\u00e9kek","item":"https:\/\/www.eveline.hu\/2016\/shop\/"},{"@type":"ListItem","position":3,"name":"SUPER LIFTING 4D 15% KOMPLEX C-VITAMIN \u00c9S NIACINAMID SZ\u00c9RUM 30ml"}]},{"@type":"WebSite","@id":"https:\/\/www.eveline.hu\/2016\/#website","url":"https:\/\/www.eveline.hu\/2016\/","name":"Eveline Cosmetics Magyarorsz\u00e1g","description":"Min\u0151s\u00e9gi kozmetikumok Lengyelorsz\u00e1gb\u00f3l","potentialAction":[{"@type":"SearchAction","target":{"@type":"EntryPoint","urlTemplate":"https:\/\/www.eveline.hu\/2016\/?s={search_term_string}"},"query-input":"required name=search_term_string"}],"inLanguage":"hu"}]}},"_links":{"self":[{"href":"https:\/\/www.eveline.hu\/2016\/wp-json\/wp\/v2\/product\/30672"}],"collection":[{"href":"https:\/\/www.eveline.hu\/2016\/wp-json\/wp\/v2\/product"}],"about":[{"href":"https:\/\/www.eveline.hu\/2016\/wp-json\/wp\/v2\/types\/product"}],"replies":[{"embeddable":true,"href":"https:\/\/www.eveline.hu\/2016\/wp-json\/wp\/v2\/comments?post=30672"}],"wp:featuredmedia":[{"embeddable":true,"href":"https:\/\/www.eveline.hu\/2016\/wp-json\/wp\/v2\/media\/30673"}],"wp:attachment":[{"href":"https:\/\/www.eveline.hu\/2016\/wp-json\/wp\/v2\/media?parent=30672"}],"wp:term":[{"taxonomy":"product_cat","embeddable":true,"href":"https:\/\/www.eveline.hu\/2016\/wp-json\/wp\/v2\/product_cat?post=30672"},{"taxonomy":"product_tag","embeddable":true,"href":"https:\/\/www.eveline.hu\/2016\/wp-json\/wp\/v2\/product_tag?post=30672"}],"curies":[{"name":"wp","href":"https:\/\/api.w.org\/{rel}","templated":true}]}}