{"id":30205,"date":"2023-11-22T18:30:17","date_gmt":"2023-11-22T17:30:17","guid":{"rendered":"https:\/\/www.eveline.hu\/2016\/?post_type=product&#038;p=30205"},"modified":"2024-08-22T16:48:32","modified_gmt":"2024-08-22T14:48:32","slug":"choco-glamour-vinyl-folyekony-ruzs-01-45ml","status":"publish","type":"product","link":"https:\/\/www.eveline.hu\/2016\/eveline-kozmetikumok-szepsegapolas\/smink\/szaj\/ruzsok\/choco-glamour-vinyl-folyekony-ruzs-01-45ml\/","title":{"rendered":"CHOCO GLAMOUR VINYL FOLY\u00c9KONY R\u00daZS 01 4,5ml"},"content":{"rendered":"<p>A Choco Glamour sorozat r\u00fazs\u00e1val folyamatosan \u00e9lvezheted ajkaid vinyl f\u00e9ny\u00e9t!<\/p>\n<p>Csod\u00e1latos formul\u00e1ja nemcsak gy\u00f6ny\u00f6r\u0171 sminket biztos\u00edt, hanem finom b\u0151r\u00e1pol\u00e1st is.<\/p>\n<p>A selymes konzisztencia \u00e9lvezett\u00e9 teszi a kozmetikum felvitel\u00e9t!<\/p>\n<p>Egyenletesen eloszlik, \u00e9s megakad\u00e1lyozza a ragacsos \u00e9rz\u00e9st az ajkakon. A pigment\u00e1lt, veg\u00e1n formula fantasztikus, m\u00e9ly sz\u00ednnel vonja be ajkait, a csokol\u00e1d\u00e9 gy\u00f6ny\u00f6r\u0171 illata pedig tov\u00e1bbi \u00e9lvezetet ny\u00fajt.<\/p>\n<p>A kozmetikum E-vitamint, jojobaolajat \u00e9s shea vajat tartalmaz, amely biztos\u00edtja az ajkak megfelel\u0151 t\u00e1pl\u00e1l\u00e1s\u00e1t \u00e9s hidrat\u00e1l\u00e1s\u00e1t.<\/p>\n","protected":false},"excerpt":{"rendered":"<p>A Choco Glamour sorozat r\u00fazs\u00e1val folyamatosan \u00e9lvezheted ajkaid vinyl f\u00e9ny\u00e9t! Csod\u00e1latos formul\u00e1ja nemcsak gy\u00f6ny\u00f6r\u0171 sminket biztos\u00edt, hanem finom b\u0151r\u00e1pol\u00e1st is. A selymes konzisztencia \u00e9lvezett\u00e9 teszi a kozmetikum felvitel\u00e9t! Egyenletesen eloszlik, \u00e9s megakad\u00e1lyozza a ragacsos \u00e9rz\u00e9st az ajkakon. A pigment\u00e1lt, veg\u00e1n [&hellip;]<\/p>\n","protected":false},"featured_media":30206,"comment_status":"open","ping_status":"closed","template":"","meta":[],"product_cat":[302,152,153,154,80],"product_tag":[],"yoast_head":"<!-- This site is optimized with the Yoast SEO plugin v22.2 - https:\/\/yoast.com\/wordpress\/plugins\/seo\/ -->\n<title>CHOCO GLAMOUR VINYL FOLY\u00c9KONY R\u00daZS 01 4,5ml - Eveline Cosmetics Magyarorsz\u00e1g<\/title>\n<meta name=\"robots\" content=\"index, follow, max-snippet:-1, max-image-preview:large, max-video-preview:-1\" \/>\n<link rel=\"canonical\" href=\"https:\/\/www.eveline.hu\/2016\/eveline-kozmetikumok-szepsegapolas\/smink\/szaj\/ruzsok\/choco-glamour-vinyl-folyekony-ruzs-01-45ml\/\" \/>\n<meta property=\"og:locale\" content=\"hu_HU\" \/>\n<meta property=\"og:type\" content=\"article\" \/>\n<meta property=\"og:title\" content=\"CHOCO GLAMOUR VINYL FOLY\u00c9KONY R\u00daZS 01 4,5ml - Eveline Cosmetics Magyarorsz\u00e1g\" \/>\n<meta property=\"og:description\" content=\"A Choco Glamour sorozat r\u00fazs\u00e1val folyamatosan \u00e9lvezheted ajkaid vinyl f\u00e9ny\u00e9t! Csod\u00e1latos formul\u00e1ja nemcsak gy\u00f6ny\u00f6r\u0171 sminket biztos\u00edt, hanem finom b\u0151r\u00e1pol\u00e1st is. A selymes konzisztencia \u00e9lvezett\u00e9 teszi a kozmetikum felvitel\u00e9t! Egyenletesen eloszlik, \u00e9s megakad\u00e1lyozza a ragacsos \u00e9rz\u00e9st az ajkakon. A pigment\u00e1lt, veg\u00e1n [&hellip;]\" \/>\n<meta property=\"og:url\" content=\"https:\/\/www.eveline.hu\/2016\/eveline-kozmetikumok-szepsegapolas\/smink\/szaj\/ruzsok\/choco-glamour-vinyl-folyekony-ruzs-01-45ml\/\" \/>\n<meta property=\"og:site_name\" content=\"Eveline Cosmetics Magyarorsz\u00e1g\" \/>\n<meta property=\"article:modified_time\" content=\"2024-08-22T14:48:32+00:00\" \/>\n<meta property=\"og:image\" content=\"https:\/\/www.eveline.hu\/2016\/wp-content\/uploads\/2023\/11\/5903416058885_CHOCO-GLAMOUR-VINYL-LIP-LIQUID-01-ww.png\" \/>\n\t<meta property=\"og:image:width\" content=\"750\" \/>\n\t<meta property=\"og:image:height\" content=\"750\" \/>\n\t<meta property=\"og:image:type\" content=\"image\/png\" \/>\n<meta name=\"twitter:card\" content=\"summary_large_image\" \/>\n<meta name=\"twitter:label1\" content=\"Becs\u00fclt olvas\u00e1si id\u0151\" \/>\n\t<meta name=\"twitter:data1\" content=\"1 perc\" \/>\n<script type=\"application\/ld+json\" class=\"yoast-schema-graph\">{\"@context\":\"https:\/\/schema.org\",\"@graph\":[{\"@type\":\"WebPage\",\"@id\":\"https:\/\/www.eveline.hu\/2016\/eveline-kozmetikumok-szepsegapolas\/smink\/szaj\/ruzsok\/choco-glamour-vinyl-folyekony-ruzs-01-45ml\/\",\"url\":\"https:\/\/www.eveline.hu\/2016\/eveline-kozmetikumok-szepsegapolas\/smink\/szaj\/ruzsok\/choco-glamour-vinyl-folyekony-ruzs-01-45ml\/\",\"name\":\"CHOCO GLAMOUR VINYL FOLY\u00c9KONY R\u00daZS 01 4,5ml - Eveline Cosmetics Magyarorsz\u00e1g\",\"isPartOf\":{\"@id\":\"https:\/\/www.eveline.hu\/2016\/#website\"},\"primaryImageOfPage\":{\"@id\":\"https:\/\/www.eveline.hu\/2016\/eveline-kozmetikumok-szepsegapolas\/smink\/szaj\/ruzsok\/choco-glamour-vinyl-folyekony-ruzs-01-45ml\/#primaryimage\"},\"image\":{\"@id\":\"https:\/\/www.eveline.hu\/2016\/eveline-kozmetikumok-szepsegapolas\/smink\/szaj\/ruzsok\/choco-glamour-vinyl-folyekony-ruzs-01-45ml\/#primaryimage\"},\"thumbnailUrl\":\"https:\/\/www.eveline.hu\/2016\/wp-content\/uploads\/2023\/11\/5903416058885_CHOCO-GLAMOUR-VINYL-LIP-LIQUID-01-ww.png\",\"datePublished\":\"2023-11-22T17:30:17+00:00\",\"dateModified\":\"2024-08-22T14:48:32+00:00\",\"breadcrumb\":{\"@id\":\"https:\/\/www.eveline.hu\/2016\/eveline-kozmetikumok-szepsegapolas\/smink\/szaj\/ruzsok\/choco-glamour-vinyl-folyekony-ruzs-01-45ml\/#breadcrumb\"},\"inLanguage\":\"hu\",\"potentialAction\":[{\"@type\":\"ReadAction\",\"target\":[\"https:\/\/www.eveline.hu\/2016\/eveline-kozmetikumok-szepsegapolas\/smink\/szaj\/ruzsok\/choco-glamour-vinyl-folyekony-ruzs-01-45ml\/\"]}]},{\"@type\":\"ImageObject\",\"inLanguage\":\"hu\",\"@id\":\"https:\/\/www.eveline.hu\/2016\/eveline-kozmetikumok-szepsegapolas\/smink\/szaj\/ruzsok\/choco-glamour-vinyl-folyekony-ruzs-01-45ml\/#primaryimage\",\"url\":\"https:\/\/www.eveline.hu\/2016\/wp-content\/uploads\/2023\/11\/5903416058885_CHOCO-GLAMOUR-VINYL-LIP-LIQUID-01-ww.png\",\"contentUrl\":\"https:\/\/www.eveline.hu\/2016\/wp-content\/uploads\/2023\/11\/5903416058885_CHOCO-GLAMOUR-VINYL-LIP-LIQUID-01-ww.png\",\"width\":750,\"height\":750},{\"@type\":\"BreadcrumbList\",\"@id\":\"https:\/\/www.eveline.hu\/2016\/eveline-kozmetikumok-szepsegapolas\/smink\/szaj\/ruzsok\/choco-glamour-vinyl-folyekony-ruzs-01-45ml\/#breadcrumb\",\"itemListElement\":[{\"@type\":\"ListItem\",\"position\":1,\"name\":\"Home\",\"item\":\"https:\/\/www.eveline.hu\/2016\/\"},{\"@type\":\"ListItem\",\"position\":2,\"name\":\"Term\u00e9kek\",\"item\":\"https:\/\/www.eveline.hu\/2016\/shop\/\"},{\"@type\":\"ListItem\",\"position\":3,\"name\":\"CHOCO GLAMOUR VINYL FOLY\u00c9KONY R\u00daZS 01 4,5ml\"}]},{\"@type\":\"WebSite\",\"@id\":\"https:\/\/www.eveline.hu\/2016\/#website\",\"url\":\"https:\/\/www.eveline.hu\/2016\/\",\"name\":\"Eveline Cosmetics Magyarorsz\u00e1g\",\"description\":\"Min\u0151s\u00e9gi kozmetikumok Lengyelorsz\u00e1gb\u00f3l\",\"potentialAction\":[{\"@type\":\"SearchAction\",\"target\":{\"@type\":\"EntryPoint\",\"urlTemplate\":\"https:\/\/www.eveline.hu\/2016\/?s={search_term_string}\"},\"query-input\":\"required name=search_term_string\"}],\"inLanguage\":\"hu\"}]}<\/script>\n<!-- \/ Yoast SEO plugin. -->","yoast_head_json":{"title":"CHOCO GLAMOUR VINYL FOLY\u00c9KONY R\u00daZS 01 4,5ml - Eveline Cosmetics Magyarorsz\u00e1g","robots":{"index":"index","follow":"follow","max-snippet":"max-snippet:-1","max-image-preview":"max-image-preview:large","max-video-preview":"max-video-preview:-1"},"canonical":"https:\/\/www.eveline.hu\/2016\/eveline-kozmetikumok-szepsegapolas\/smink\/szaj\/ruzsok\/choco-glamour-vinyl-folyekony-ruzs-01-45ml\/","og_locale":"hu_HU","og_type":"article","og_title":"CHOCO GLAMOUR VINYL FOLY\u00c9KONY R\u00daZS 01 4,5ml - Eveline Cosmetics Magyarorsz\u00e1g","og_description":"A Choco Glamour sorozat r\u00fazs\u00e1val folyamatosan \u00e9lvezheted ajkaid vinyl f\u00e9ny\u00e9t! Csod\u00e1latos formul\u00e1ja nemcsak gy\u00f6ny\u00f6r\u0171 sminket biztos\u00edt, hanem finom b\u0151r\u00e1pol\u00e1st is. A selymes konzisztencia \u00e9lvezett\u00e9 teszi a kozmetikum felvitel\u00e9t! Egyenletesen eloszlik, \u00e9s megakad\u00e1lyozza a ragacsos \u00e9rz\u00e9st az ajkakon. A pigment\u00e1lt, veg\u00e1n [&hellip;]","og_url":"https:\/\/www.eveline.hu\/2016\/eveline-kozmetikumok-szepsegapolas\/smink\/szaj\/ruzsok\/choco-glamour-vinyl-folyekony-ruzs-01-45ml\/","og_site_name":"Eveline Cosmetics Magyarorsz\u00e1g","article_modified_time":"2024-08-22T14:48:32+00:00","og_image":[{"width":750,"height":750,"url":"https:\/\/www.eveline.hu\/2016\/wp-content\/uploads\/2023\/11\/5903416058885_CHOCO-GLAMOUR-VINYL-LIP-LIQUID-01-ww.png","type":"image\/png"}],"twitter_card":"summary_large_image","twitter_misc":{"Becs\u00fclt olvas\u00e1si id\u0151":"1 perc"},"schema":{"@context":"https:\/\/schema.org","@graph":[{"@type":"WebPage","@id":"https:\/\/www.eveline.hu\/2016\/eveline-kozmetikumok-szepsegapolas\/smink\/szaj\/ruzsok\/choco-glamour-vinyl-folyekony-ruzs-01-45ml\/","url":"https:\/\/www.eveline.hu\/2016\/eveline-kozmetikumok-szepsegapolas\/smink\/szaj\/ruzsok\/choco-glamour-vinyl-folyekony-ruzs-01-45ml\/","name":"CHOCO GLAMOUR VINYL FOLY\u00c9KONY R\u00daZS 01 4,5ml - Eveline Cosmetics Magyarorsz\u00e1g","isPartOf":{"@id":"https:\/\/www.eveline.hu\/2016\/#website"},"primaryImageOfPage":{"@id":"https:\/\/www.eveline.hu\/2016\/eveline-kozmetikumok-szepsegapolas\/smink\/szaj\/ruzsok\/choco-glamour-vinyl-folyekony-ruzs-01-45ml\/#primaryimage"},"image":{"@id":"https:\/\/www.eveline.hu\/2016\/eveline-kozmetikumok-szepsegapolas\/smink\/szaj\/ruzsok\/choco-glamour-vinyl-folyekony-ruzs-01-45ml\/#primaryimage"},"thumbnailUrl":"https:\/\/www.eveline.hu\/2016\/wp-content\/uploads\/2023\/11\/5903416058885_CHOCO-GLAMOUR-VINYL-LIP-LIQUID-01-ww.png","datePublished":"2023-11-22T17:30:17+00:00","dateModified":"2024-08-22T14:48:32+00:00","breadcrumb":{"@id":"https:\/\/www.eveline.hu\/2016\/eveline-kozmetikumok-szepsegapolas\/smink\/szaj\/ruzsok\/choco-glamour-vinyl-folyekony-ruzs-01-45ml\/#breadcrumb"},"inLanguage":"hu","potentialAction":[{"@type":"ReadAction","target":["https:\/\/www.eveline.hu\/2016\/eveline-kozmetikumok-szepsegapolas\/smink\/szaj\/ruzsok\/choco-glamour-vinyl-folyekony-ruzs-01-45ml\/"]}]},{"@type":"ImageObject","inLanguage":"hu","@id":"https:\/\/www.eveline.hu\/2016\/eveline-kozmetikumok-szepsegapolas\/smink\/szaj\/ruzsok\/choco-glamour-vinyl-folyekony-ruzs-01-45ml\/#primaryimage","url":"https:\/\/www.eveline.hu\/2016\/wp-content\/uploads\/2023\/11\/5903416058885_CHOCO-GLAMOUR-VINYL-LIP-LIQUID-01-ww.png","contentUrl":"https:\/\/www.eveline.hu\/2016\/wp-content\/uploads\/2023\/11\/5903416058885_CHOCO-GLAMOUR-VINYL-LIP-LIQUID-01-ww.png","width":750,"height":750},{"@type":"BreadcrumbList","@id":"https:\/\/www.eveline.hu\/2016\/eveline-kozmetikumok-szepsegapolas\/smink\/szaj\/ruzsok\/choco-glamour-vinyl-folyekony-ruzs-01-45ml\/#breadcrumb","itemListElement":[{"@type":"ListItem","position":1,"name":"Home","item":"https:\/\/www.eveline.hu\/2016\/"},{"@type":"ListItem","position":2,"name":"Term\u00e9kek","item":"https:\/\/www.eveline.hu\/2016\/shop\/"},{"@type":"ListItem","position":3,"name":"CHOCO GLAMOUR VINYL FOLY\u00c9KONY R\u00daZS 01 4,5ml"}]},{"@type":"WebSite","@id":"https:\/\/www.eveline.hu\/2016\/#website","url":"https:\/\/www.eveline.hu\/2016\/","name":"Eveline Cosmetics Magyarorsz\u00e1g","description":"Min\u0151s\u00e9gi kozmetikumok Lengyelorsz\u00e1gb\u00f3l","potentialAction":[{"@type":"SearchAction","target":{"@type":"EntryPoint","urlTemplate":"https:\/\/www.eveline.hu\/2016\/?s={search_term_string}"},"query-input":"required name=search_term_string"}],"inLanguage":"hu"}]}},"_links":{"self":[{"href":"https:\/\/www.eveline.hu\/2016\/wp-json\/wp\/v2\/product\/30205"}],"collection":[{"href":"https:\/\/www.eveline.hu\/2016\/wp-json\/wp\/v2\/product"}],"about":[{"href":"https:\/\/www.eveline.hu\/2016\/wp-json\/wp\/v2\/types\/product"}],"replies":[{"embeddable":true,"href":"https:\/\/www.eveline.hu\/2016\/wp-json\/wp\/v2\/comments?post=30205"}],"wp:featuredmedia":[{"embeddable":true,"href":"https:\/\/www.eveline.hu\/2016\/wp-json\/wp\/v2\/media\/30206"}],"wp:attachment":[{"href":"https:\/\/www.eveline.hu\/2016\/wp-json\/wp\/v2\/media?parent=30205"}],"wp:term":[{"taxonomy":"product_cat","embeddable":true,"href":"https:\/\/www.eveline.hu\/2016\/wp-json\/wp\/v2\/product_cat?post=30205"},{"taxonomy":"product_tag","embeddable":true,"href":"https:\/\/www.eveline.hu\/2016\/wp-json\/wp\/v2\/product_tag?post=30205"}],"curies":[{"name":"wp","href":"https:\/\/api.w.org\/{rel}","templated":true}]}}