{"id":30203,"date":"2023-11-22T18:10:28","date_gmt":"2023-11-22T17:10:28","guid":{"rendered":"https:\/\/www.eveline.hu\/2016\/?post_type=product&#038;p=30203"},"modified":"2024-03-07T20:22:19","modified_gmt":"2024-03-07T19:22:19","slug":"choco-glamour-szemhejfestek-mono-3-gr","status":"publish","type":"product","link":"https:\/\/www.eveline.hu\/2016\/eveline-kozmetikumok-szepsegapolas\/smink\/szem\/szemhej-festekek\/choco-glamour-szemhejfestek-mono-3-gr\/","title":{"rendered":"CHOCO GLAMOUR  SZEMH\u00c9JFEST\u00c9K Mono 3 gr"},"content":{"rendered":"<p>A szemh\u00e9jfest\u00e9k topper f\u00f6ld\u00f6nt\u00fali ragyog\u00e1st k\u00f6lcs\u00f6n\u00f6z neked!<\/p>\n<p>Luxus formul\u00e1ja ragyog\u00e1st ny\u00fajt, m\u00e9g gyenge f\u00e9nyviszonyok eset\u00e9n is.<\/p>\n<p>Hosszan tart\u00f3, f\u00e9ny\u0171z\u0151 formul\u00e1ja t\u00f6k\u00e9letes \u00f6n\u00e1ll\u00f3 szemh\u00e9jfest\u00e9knek vagy toppernek. A topper alkalmas szemh\u00e9jfest\u00e9kekre t\u00f6rt\u00e9n\u0151 felvitelre, sz\u00edn\u00fck elm\u00e9ly\u00edt\u00e9s\u00e9re. Tetszet\u0151s nedves szemh\u00e9j hat\u00e1s\u00e1t kelti. Ennek k\u00f6sz\u00f6nhet\u0151en a smink eg\u00e9szen m\u00e1s, frissebb dimenzi\u00f3t kap.<\/p>\n<p>A szemh\u00e9jfest\u00e9k a holdf\u00e9ny kozmikus f\u00f6ldj\u00e9re visz. A csod\u00e1latos r\u00e9szecsk\u00e9k felkeltik a figyelmet, eleganci\u00e1t \u00e9s egy kis \u0151r\u00fcletet k\u00f6lcs\u00f6n\u00f6znek karakter\u00e9nek.<\/p>\n<p>Nedves \u00e9s sz\u00e1raz felhord\u00e1sra alkalmas.<\/p>\n","protected":false},"excerpt":{"rendered":"<p>A szemh\u00e9jfest\u00e9k topper f\u00f6ld\u00f6nt\u00fali ragyog\u00e1st k\u00f6lcs\u00f6n\u00f6z neked! Luxus formul\u00e1ja ragyog\u00e1st ny\u00fajt, m\u00e9g gyenge f\u00e9nyviszonyok eset\u00e9n is. Hosszan tart\u00f3, f\u00e9ny\u0171z\u0151 formul\u00e1ja t\u00f6k\u00e9letes \u00f6n\u00e1ll\u00f3 szemh\u00e9jfest\u00e9knek vagy toppernek. A topper alkalmas szemh\u00e9jfest\u00e9kekre t\u00f6rt\u00e9n\u0151 felvitelre, sz\u00edn\u00fck elm\u00e9ly\u00edt\u00e9s\u00e9re. Tetszet\u0151s nedves szemh\u00e9j hat\u00e1s\u00e1t kelti. Ennek k\u00f6sz\u00f6nhet\u0151en [&hellip;]<\/p>\n","protected":false},"featured_media":30204,"comment_status":"open","ping_status":"closed","template":"","meta":[],"product_cat":[132,151],"product_tag":[],"yoast_head":"<!-- This site is optimized with the Yoast SEO plugin v22.2 - https:\/\/yoast.com\/wordpress\/plugins\/seo\/ -->\n<title>CHOCO GLAMOUR SZEMH\u00c9JFEST\u00c9K Mono 3 gr - Eveline Cosmetics Magyarorsz\u00e1g<\/title>\n<meta name=\"robots\" content=\"index, follow, max-snippet:-1, max-image-preview:large, max-video-preview:-1\" \/>\n<link rel=\"canonical\" href=\"https:\/\/www.eveline.hu\/2016\/eveline-kozmetikumok-szepsegapolas\/smink\/szem\/szemhej-festekek\/choco-glamour-szemhejfestek-mono-3-gr\/\" \/>\n<meta property=\"og:locale\" content=\"hu_HU\" \/>\n<meta property=\"og:type\" content=\"article\" \/>\n<meta property=\"og:title\" content=\"CHOCO GLAMOUR SZEMH\u00c9JFEST\u00c9K Mono 3 gr - Eveline Cosmetics Magyarorsz\u00e1g\" \/>\n<meta property=\"og:description\" content=\"A szemh\u00e9jfest\u00e9k topper f\u00f6ld\u00f6nt\u00fali ragyog\u00e1st k\u00f6lcs\u00f6n\u00f6z neked! Luxus formul\u00e1ja ragyog\u00e1st ny\u00fajt, m\u00e9g gyenge f\u00e9nyviszonyok eset\u00e9n is. Hosszan tart\u00f3, f\u00e9ny\u0171z\u0151 formul\u00e1ja t\u00f6k\u00e9letes \u00f6n\u00e1ll\u00f3 szemh\u00e9jfest\u00e9knek vagy toppernek. A topper alkalmas szemh\u00e9jfest\u00e9kekre t\u00f6rt\u00e9n\u0151 felvitelre, sz\u00edn\u00fck elm\u00e9ly\u00edt\u00e9s\u00e9re. Tetszet\u0151s nedves szemh\u00e9j hat\u00e1s\u00e1t kelti. Ennek k\u00f6sz\u00f6nhet\u0151en [&hellip;]\" \/>\n<meta property=\"og:url\" content=\"https:\/\/www.eveline.hu\/2016\/eveline-kozmetikumok-szepsegapolas\/smink\/szem\/szemhej-festekek\/choco-glamour-szemhejfestek-mono-3-gr\/\" \/>\n<meta property=\"og:site_name\" content=\"Eveline Cosmetics Magyarorsz\u00e1g\" \/>\n<meta property=\"article:modified_time\" content=\"2024-03-07T19:22:19+00:00\" \/>\n<meta property=\"og:image\" content=\"https:\/\/www.eveline.hu\/2016\/wp-content\/uploads\/2023\/11\/5903416059189_CHOCO-GLAMOUR-MONO-EYESHADOW-w.png\" \/>\n\t<meta property=\"og:image:width\" content=\"750\" \/>\n\t<meta property=\"og:image:height\" content=\"750\" \/>\n\t<meta property=\"og:image:type\" content=\"image\/png\" \/>\n<meta name=\"twitter:card\" content=\"summary_large_image\" \/>\n<meta name=\"twitter:label1\" content=\"Becs\u00fclt olvas\u00e1si id\u0151\" \/>\n\t<meta name=\"twitter:data1\" content=\"1 perc\" \/>\n<script type=\"application\/ld+json\" class=\"yoast-schema-graph\">{\"@context\":\"https:\/\/schema.org\",\"@graph\":[{\"@type\":\"WebPage\",\"@id\":\"https:\/\/www.eveline.hu\/2016\/eveline-kozmetikumok-szepsegapolas\/smink\/szem\/szemhej-festekek\/choco-glamour-szemhejfestek-mono-3-gr\/\",\"url\":\"https:\/\/www.eveline.hu\/2016\/eveline-kozmetikumok-szepsegapolas\/smink\/szem\/szemhej-festekek\/choco-glamour-szemhejfestek-mono-3-gr\/\",\"name\":\"CHOCO GLAMOUR SZEMH\u00c9JFEST\u00c9K Mono 3 gr - Eveline Cosmetics Magyarorsz\u00e1g\",\"isPartOf\":{\"@id\":\"https:\/\/www.eveline.hu\/2016\/#website\"},\"primaryImageOfPage\":{\"@id\":\"https:\/\/www.eveline.hu\/2016\/eveline-kozmetikumok-szepsegapolas\/smink\/szem\/szemhej-festekek\/choco-glamour-szemhejfestek-mono-3-gr\/#primaryimage\"},\"image\":{\"@id\":\"https:\/\/www.eveline.hu\/2016\/eveline-kozmetikumok-szepsegapolas\/smink\/szem\/szemhej-festekek\/choco-glamour-szemhejfestek-mono-3-gr\/#primaryimage\"},\"thumbnailUrl\":\"https:\/\/www.eveline.hu\/2016\/wp-content\/uploads\/2023\/11\/5903416059189_CHOCO-GLAMOUR-MONO-EYESHADOW-w.png\",\"datePublished\":\"2023-11-22T17:10:28+00:00\",\"dateModified\":\"2024-03-07T19:22:19+00:00\",\"breadcrumb\":{\"@id\":\"https:\/\/www.eveline.hu\/2016\/eveline-kozmetikumok-szepsegapolas\/smink\/szem\/szemhej-festekek\/choco-glamour-szemhejfestek-mono-3-gr\/#breadcrumb\"},\"inLanguage\":\"hu\",\"potentialAction\":[{\"@type\":\"ReadAction\",\"target\":[\"https:\/\/www.eveline.hu\/2016\/eveline-kozmetikumok-szepsegapolas\/smink\/szem\/szemhej-festekek\/choco-glamour-szemhejfestek-mono-3-gr\/\"]}]},{\"@type\":\"ImageObject\",\"inLanguage\":\"hu\",\"@id\":\"https:\/\/www.eveline.hu\/2016\/eveline-kozmetikumok-szepsegapolas\/smink\/szem\/szemhej-festekek\/choco-glamour-szemhejfestek-mono-3-gr\/#primaryimage\",\"url\":\"https:\/\/www.eveline.hu\/2016\/wp-content\/uploads\/2023\/11\/5903416059189_CHOCO-GLAMOUR-MONO-EYESHADOW-w.png\",\"contentUrl\":\"https:\/\/www.eveline.hu\/2016\/wp-content\/uploads\/2023\/11\/5903416059189_CHOCO-GLAMOUR-MONO-EYESHADOW-w.png\",\"width\":750,\"height\":750},{\"@type\":\"BreadcrumbList\",\"@id\":\"https:\/\/www.eveline.hu\/2016\/eveline-kozmetikumok-szepsegapolas\/smink\/szem\/szemhej-festekek\/choco-glamour-szemhejfestek-mono-3-gr\/#breadcrumb\",\"itemListElement\":[{\"@type\":\"ListItem\",\"position\":1,\"name\":\"Home\",\"item\":\"https:\/\/www.eveline.hu\/2016\/\"},{\"@type\":\"ListItem\",\"position\":2,\"name\":\"Term\u00e9kek\",\"item\":\"https:\/\/www.eveline.hu\/2016\/shop\/\"},{\"@type\":\"ListItem\",\"position\":3,\"name\":\"CHOCO GLAMOUR SZEMH\u00c9JFEST\u00c9K Mono 3 gr\"}]},{\"@type\":\"WebSite\",\"@id\":\"https:\/\/www.eveline.hu\/2016\/#website\",\"url\":\"https:\/\/www.eveline.hu\/2016\/\",\"name\":\"Eveline Cosmetics Magyarorsz\u00e1g\",\"description\":\"Min\u0151s\u00e9gi kozmetikumok Lengyelorsz\u00e1gb\u00f3l\",\"potentialAction\":[{\"@type\":\"SearchAction\",\"target\":{\"@type\":\"EntryPoint\",\"urlTemplate\":\"https:\/\/www.eveline.hu\/2016\/?s={search_term_string}\"},\"query-input\":\"required name=search_term_string\"}],\"inLanguage\":\"hu\"}]}<\/script>\n<!-- \/ Yoast SEO plugin. -->","yoast_head_json":{"title":"CHOCO GLAMOUR SZEMH\u00c9JFEST\u00c9K Mono 3 gr - Eveline Cosmetics Magyarorsz\u00e1g","robots":{"index":"index","follow":"follow","max-snippet":"max-snippet:-1","max-image-preview":"max-image-preview:large","max-video-preview":"max-video-preview:-1"},"canonical":"https:\/\/www.eveline.hu\/2016\/eveline-kozmetikumok-szepsegapolas\/smink\/szem\/szemhej-festekek\/choco-glamour-szemhejfestek-mono-3-gr\/","og_locale":"hu_HU","og_type":"article","og_title":"CHOCO GLAMOUR SZEMH\u00c9JFEST\u00c9K Mono 3 gr - Eveline Cosmetics Magyarorsz\u00e1g","og_description":"A szemh\u00e9jfest\u00e9k topper f\u00f6ld\u00f6nt\u00fali ragyog\u00e1st k\u00f6lcs\u00f6n\u00f6z neked! Luxus formul\u00e1ja ragyog\u00e1st ny\u00fajt, m\u00e9g gyenge f\u00e9nyviszonyok eset\u00e9n is. Hosszan tart\u00f3, f\u00e9ny\u0171z\u0151 formul\u00e1ja t\u00f6k\u00e9letes \u00f6n\u00e1ll\u00f3 szemh\u00e9jfest\u00e9knek vagy toppernek. A topper alkalmas szemh\u00e9jfest\u00e9kekre t\u00f6rt\u00e9n\u0151 felvitelre, sz\u00edn\u00fck elm\u00e9ly\u00edt\u00e9s\u00e9re. Tetszet\u0151s nedves szemh\u00e9j hat\u00e1s\u00e1t kelti. Ennek k\u00f6sz\u00f6nhet\u0151en [&hellip;]","og_url":"https:\/\/www.eveline.hu\/2016\/eveline-kozmetikumok-szepsegapolas\/smink\/szem\/szemhej-festekek\/choco-glamour-szemhejfestek-mono-3-gr\/","og_site_name":"Eveline Cosmetics Magyarorsz\u00e1g","article_modified_time":"2024-03-07T19:22:19+00:00","og_image":[{"width":750,"height":750,"url":"https:\/\/www.eveline.hu\/2016\/wp-content\/uploads\/2023\/11\/5903416059189_CHOCO-GLAMOUR-MONO-EYESHADOW-w.png","type":"image\/png"}],"twitter_card":"summary_large_image","twitter_misc":{"Becs\u00fclt olvas\u00e1si id\u0151":"1 perc"},"schema":{"@context":"https:\/\/schema.org","@graph":[{"@type":"WebPage","@id":"https:\/\/www.eveline.hu\/2016\/eveline-kozmetikumok-szepsegapolas\/smink\/szem\/szemhej-festekek\/choco-glamour-szemhejfestek-mono-3-gr\/","url":"https:\/\/www.eveline.hu\/2016\/eveline-kozmetikumok-szepsegapolas\/smink\/szem\/szemhej-festekek\/choco-glamour-szemhejfestek-mono-3-gr\/","name":"CHOCO GLAMOUR SZEMH\u00c9JFEST\u00c9K Mono 3 gr - Eveline Cosmetics Magyarorsz\u00e1g","isPartOf":{"@id":"https:\/\/www.eveline.hu\/2016\/#website"},"primaryImageOfPage":{"@id":"https:\/\/www.eveline.hu\/2016\/eveline-kozmetikumok-szepsegapolas\/smink\/szem\/szemhej-festekek\/choco-glamour-szemhejfestek-mono-3-gr\/#primaryimage"},"image":{"@id":"https:\/\/www.eveline.hu\/2016\/eveline-kozmetikumok-szepsegapolas\/smink\/szem\/szemhej-festekek\/choco-glamour-szemhejfestek-mono-3-gr\/#primaryimage"},"thumbnailUrl":"https:\/\/www.eveline.hu\/2016\/wp-content\/uploads\/2023\/11\/5903416059189_CHOCO-GLAMOUR-MONO-EYESHADOW-w.png","datePublished":"2023-11-22T17:10:28+00:00","dateModified":"2024-03-07T19:22:19+00:00","breadcrumb":{"@id":"https:\/\/www.eveline.hu\/2016\/eveline-kozmetikumok-szepsegapolas\/smink\/szem\/szemhej-festekek\/choco-glamour-szemhejfestek-mono-3-gr\/#breadcrumb"},"inLanguage":"hu","potentialAction":[{"@type":"ReadAction","target":["https:\/\/www.eveline.hu\/2016\/eveline-kozmetikumok-szepsegapolas\/smink\/szem\/szemhej-festekek\/choco-glamour-szemhejfestek-mono-3-gr\/"]}]},{"@type":"ImageObject","inLanguage":"hu","@id":"https:\/\/www.eveline.hu\/2016\/eveline-kozmetikumok-szepsegapolas\/smink\/szem\/szemhej-festekek\/choco-glamour-szemhejfestek-mono-3-gr\/#primaryimage","url":"https:\/\/www.eveline.hu\/2016\/wp-content\/uploads\/2023\/11\/5903416059189_CHOCO-GLAMOUR-MONO-EYESHADOW-w.png","contentUrl":"https:\/\/www.eveline.hu\/2016\/wp-content\/uploads\/2023\/11\/5903416059189_CHOCO-GLAMOUR-MONO-EYESHADOW-w.png","width":750,"height":750},{"@type":"BreadcrumbList","@id":"https:\/\/www.eveline.hu\/2016\/eveline-kozmetikumok-szepsegapolas\/smink\/szem\/szemhej-festekek\/choco-glamour-szemhejfestek-mono-3-gr\/#breadcrumb","itemListElement":[{"@type":"ListItem","position":1,"name":"Home","item":"https:\/\/www.eveline.hu\/2016\/"},{"@type":"ListItem","position":2,"name":"Term\u00e9kek","item":"https:\/\/www.eveline.hu\/2016\/shop\/"},{"@type":"ListItem","position":3,"name":"CHOCO GLAMOUR SZEMH\u00c9JFEST\u00c9K Mono 3 gr"}]},{"@type":"WebSite","@id":"https:\/\/www.eveline.hu\/2016\/#website","url":"https:\/\/www.eveline.hu\/2016\/","name":"Eveline Cosmetics Magyarorsz\u00e1g","description":"Min\u0151s\u00e9gi kozmetikumok Lengyelorsz\u00e1gb\u00f3l","potentialAction":[{"@type":"SearchAction","target":{"@type":"EntryPoint","urlTemplate":"https:\/\/www.eveline.hu\/2016\/?s={search_term_string}"},"query-input":"required name=search_term_string"}],"inLanguage":"hu"}]}},"_links":{"self":[{"href":"https:\/\/www.eveline.hu\/2016\/wp-json\/wp\/v2\/product\/30203"}],"collection":[{"href":"https:\/\/www.eveline.hu\/2016\/wp-json\/wp\/v2\/product"}],"about":[{"href":"https:\/\/www.eveline.hu\/2016\/wp-json\/wp\/v2\/types\/product"}],"replies":[{"embeddable":true,"href":"https:\/\/www.eveline.hu\/2016\/wp-json\/wp\/v2\/comments?post=30203"}],"wp:featuredmedia":[{"embeddable":true,"href":"https:\/\/www.eveline.hu\/2016\/wp-json\/wp\/v2\/media\/30204"}],"wp:attachment":[{"href":"https:\/\/www.eveline.hu\/2016\/wp-json\/wp\/v2\/media?parent=30203"}],"wp:term":[{"taxonomy":"product_cat","embeddable":true,"href":"https:\/\/www.eveline.hu\/2016\/wp-json\/wp\/v2\/product_cat?post=30203"},{"taxonomy":"product_tag","embeddable":true,"href":"https:\/\/www.eveline.hu\/2016\/wp-json\/wp\/v2\/product_tag?post=30203"}],"curies":[{"name":"wp","href":"https:\/\/api.w.org\/{rel}","templated":true}]}}