{"id":30201,"date":"2023-11-22T18:02:56","date_gmt":"2023-11-22T17:02:56","guid":{"rendered":"https:\/\/www.eveline.hu\/2016\/?post_type=product&#038;p=30201"},"modified":"2024-12-04T18:50:32","modified_gmt":"2024-12-04T17:50:32","slug":"choco-glamour-csillogo-folyekony-szemhejfestek-65ml-06","status":"publish","type":"product","link":"https:\/\/www.eveline.hu\/2016\/eveline-kozmetikumok-szepsegapolas\/smink\/szem\/szemhej-festekek\/choco-glamour-csillogo-folyekony-szemhejfestek-65ml-06\/","title":{"rendered":"CHOCO GLAMOUR CSILLOG\u00d3 FOLY\u00c9KONY SZEMH\u00c9JFEST\u00c9K 6,5ml 06"},"content":{"rendered":"<p>A k\u00e9tf\u00e9le \u2013 matt \u00e9s f\u00e9nyes \u2013 kivitelben el\u00e9rhet\u0151 szemh\u00e9jfest\u00e9kek gy\u00f6ny\u00f6r\u0171 sminket biztos\u00edtanak.<\/p>\n<p>H\u00e1rom \u00e1rnyalatban kaphat\u00f3.<\/p>\n<p>A f\u00e9nyes v\u00e1ltozatai egyedi f\u00e9nyt k\u00f6lcs\u00f6n\u00f6znek a szemnek, m\u00edg a matt v\u00e1ltozat nem csak \u00f6n\u00e1ll\u00f3 szemh\u00e9jfest\u00e9kk\u00e9nt, hanem v\u00edz\u00e1ll\u00f3 formul\u00e1j\u00e1nak k\u00f6sz\u00f6nhet\u0151en &#8211; szemh\u00e9jfest\u00e9k alapk\u00e9nt is m\u0171k\u00f6dik.<\/p>\n<p>A term\u00e9k kaka\u00f3 kivonatot tartalmaz, amely \u00e1polja a szemh\u00e9jak finom b\u0151r\u00e9t.<\/p>\n<p>A kozmetikum piszkos r\u00f3zsasz\u00edn \u00e9s csokol\u00e1d\u00e9barna sz\u00ednben kaphat\u00f3.<\/p>\n<p>\u00d6sszetev\u0151k:Aqua,Calcium Aluminum Borosilicate,Glycerin,Propanediol,Ammonium Acryloyldimethyltaurate\/VP Copolymer,Synthetic Fluorphlogopite,1,2-Hexanediol,Mica,Silica,Acrylates Copolymer,Theobroma Cacao Extract,Citric Acid,Phenoxyethanol,Ethylhexylglycerin,Potassium Sorbate,Sorbic Acid,Tin Oxide +\/- CI 77891,CI 77491,CI 77492,CI 77499,CI 15850,CI 77000.<\/p>\n","protected":false},"excerpt":{"rendered":"<p>A k\u00e9tf\u00e9le \u2013 matt \u00e9s f\u00e9nyes \u2013 kivitelben el\u00e9rhet\u0151 szemh\u00e9jfest\u00e9kek gy\u00f6ny\u00f6r\u0171 sminket biztos\u00edtanak. H\u00e1rom \u00e1rnyalatban kaphat\u00f3. A f\u00e9nyes v\u00e1ltozatai egyedi f\u00e9nyt k\u00f6lcs\u00f6n\u00f6znek a szemnek, m\u00edg a matt v\u00e1ltozat nem csak \u00f6n\u00e1ll\u00f3 szemh\u00e9jfest\u00e9kk\u00e9nt, hanem v\u00edz\u00e1ll\u00f3 formul\u00e1j\u00e1nak k\u00f6sz\u00f6nhet\u0151en &#8211; szemh\u00e9jfest\u00e9k alapk\u00e9nt is [&hellip;]<\/p>\n","protected":false},"featured_media":30202,"comment_status":"open","ping_status":"closed","template":"","meta":[],"product_cat":[302,132,151,80],"product_tag":[],"yoast_head":"<!-- This site is optimized with the Yoast SEO plugin v22.2 - https:\/\/yoast.com\/wordpress\/plugins\/seo\/ -->\n<title>CHOCO GLAMOUR CSILLOG\u00d3 FOLY\u00c9KONY SZEMH\u00c9JFEST\u00c9K 6,5ml 06 - Eveline Cosmetics Magyarorsz\u00e1g<\/title>\n<meta name=\"robots\" content=\"index, follow, max-snippet:-1, max-image-preview:large, max-video-preview:-1\" \/>\n<link rel=\"canonical\" href=\"https:\/\/www.eveline.hu\/2016\/eveline-kozmetikumok-szepsegapolas\/smink\/szem\/szemhej-festekek\/choco-glamour-csillogo-folyekony-szemhejfestek-65ml-06\/\" \/>\n<meta property=\"og:locale\" content=\"hu_HU\" \/>\n<meta property=\"og:type\" content=\"article\" \/>\n<meta property=\"og:title\" content=\"CHOCO GLAMOUR CSILLOG\u00d3 FOLY\u00c9KONY SZEMH\u00c9JFEST\u00c9K 6,5ml 06 - Eveline Cosmetics Magyarorsz\u00e1g\" \/>\n<meta property=\"og:description\" content=\"A k\u00e9tf\u00e9le \u2013 matt \u00e9s f\u00e9nyes \u2013 kivitelben el\u00e9rhet\u0151 szemh\u00e9jfest\u00e9kek gy\u00f6ny\u00f6r\u0171 sminket biztos\u00edtanak. H\u00e1rom \u00e1rnyalatban kaphat\u00f3. A f\u00e9nyes v\u00e1ltozatai egyedi f\u00e9nyt k\u00f6lcs\u00f6n\u00f6znek a szemnek, m\u00edg a matt v\u00e1ltozat nem csak \u00f6n\u00e1ll\u00f3 szemh\u00e9jfest\u00e9kk\u00e9nt, hanem v\u00edz\u00e1ll\u00f3 formul\u00e1j\u00e1nak k\u00f6sz\u00f6nhet\u0151en &#8211; szemh\u00e9jfest\u00e9k alapk\u00e9nt is [&hellip;]\" \/>\n<meta property=\"og:url\" content=\"https:\/\/www.eveline.hu\/2016\/eveline-kozmetikumok-szepsegapolas\/smink\/szem\/szemhej-festekek\/choco-glamour-csillogo-folyekony-szemhejfestek-65ml-06\/\" \/>\n<meta property=\"og:site_name\" content=\"Eveline Cosmetics Magyarorsz\u00e1g\" \/>\n<meta property=\"article:modified_time\" content=\"2024-12-04T17:50:32+00:00\" \/>\n<meta property=\"og:image\" content=\"https:\/\/www.eveline.hu\/2016\/wp-content\/uploads\/2023\/11\/5903416059004_CHOCO-GLAMOUR-LIQUID-EYESHADOW-06-w.png\" \/>\n\t<meta property=\"og:image:width\" content=\"750\" \/>\n\t<meta property=\"og:image:height\" content=\"750\" \/>\n\t<meta property=\"og:image:type\" content=\"image\/png\" \/>\n<meta name=\"twitter:card\" content=\"summary_large_image\" \/>\n<meta name=\"twitter:label1\" content=\"Becs\u00fclt olvas\u00e1si id\u0151\" \/>\n\t<meta name=\"twitter:data1\" content=\"1 perc\" \/>\n<script type=\"application\/ld+json\" class=\"yoast-schema-graph\">{\"@context\":\"https:\/\/schema.org\",\"@graph\":[{\"@type\":\"WebPage\",\"@id\":\"https:\/\/www.eveline.hu\/2016\/eveline-kozmetikumok-szepsegapolas\/smink\/szem\/szemhej-festekek\/choco-glamour-csillogo-folyekony-szemhejfestek-65ml-06\/\",\"url\":\"https:\/\/www.eveline.hu\/2016\/eveline-kozmetikumok-szepsegapolas\/smink\/szem\/szemhej-festekek\/choco-glamour-csillogo-folyekony-szemhejfestek-65ml-06\/\",\"name\":\"CHOCO GLAMOUR CSILLOG\u00d3 FOLY\u00c9KONY SZEMH\u00c9JFEST\u00c9K 6,5ml 06 - Eveline Cosmetics Magyarorsz\u00e1g\",\"isPartOf\":{\"@id\":\"https:\/\/www.eveline.hu\/2016\/#website\"},\"primaryImageOfPage\":{\"@id\":\"https:\/\/www.eveline.hu\/2016\/eveline-kozmetikumok-szepsegapolas\/smink\/szem\/szemhej-festekek\/choco-glamour-csillogo-folyekony-szemhejfestek-65ml-06\/#primaryimage\"},\"image\":{\"@id\":\"https:\/\/www.eveline.hu\/2016\/eveline-kozmetikumok-szepsegapolas\/smink\/szem\/szemhej-festekek\/choco-glamour-csillogo-folyekony-szemhejfestek-65ml-06\/#primaryimage\"},\"thumbnailUrl\":\"https:\/\/www.eveline.hu\/2016\/wp-content\/uploads\/2023\/11\/5903416059004_CHOCO-GLAMOUR-LIQUID-EYESHADOW-06-w.png\",\"datePublished\":\"2023-11-22T17:02:56+00:00\",\"dateModified\":\"2024-12-04T17:50:32+00:00\",\"breadcrumb\":{\"@id\":\"https:\/\/www.eveline.hu\/2016\/eveline-kozmetikumok-szepsegapolas\/smink\/szem\/szemhej-festekek\/choco-glamour-csillogo-folyekony-szemhejfestek-65ml-06\/#breadcrumb\"},\"inLanguage\":\"hu\",\"potentialAction\":[{\"@type\":\"ReadAction\",\"target\":[\"https:\/\/www.eveline.hu\/2016\/eveline-kozmetikumok-szepsegapolas\/smink\/szem\/szemhej-festekek\/choco-glamour-csillogo-folyekony-szemhejfestek-65ml-06\/\"]}]},{\"@type\":\"ImageObject\",\"inLanguage\":\"hu\",\"@id\":\"https:\/\/www.eveline.hu\/2016\/eveline-kozmetikumok-szepsegapolas\/smink\/szem\/szemhej-festekek\/choco-glamour-csillogo-folyekony-szemhejfestek-65ml-06\/#primaryimage\",\"url\":\"https:\/\/www.eveline.hu\/2016\/wp-content\/uploads\/2023\/11\/5903416059004_CHOCO-GLAMOUR-LIQUID-EYESHADOW-06-w.png\",\"contentUrl\":\"https:\/\/www.eveline.hu\/2016\/wp-content\/uploads\/2023\/11\/5903416059004_CHOCO-GLAMOUR-LIQUID-EYESHADOW-06-w.png\",\"width\":750,\"height\":750},{\"@type\":\"BreadcrumbList\",\"@id\":\"https:\/\/www.eveline.hu\/2016\/eveline-kozmetikumok-szepsegapolas\/smink\/szem\/szemhej-festekek\/choco-glamour-csillogo-folyekony-szemhejfestek-65ml-06\/#breadcrumb\",\"itemListElement\":[{\"@type\":\"ListItem\",\"position\":1,\"name\":\"Home\",\"item\":\"https:\/\/www.eveline.hu\/2016\/\"},{\"@type\":\"ListItem\",\"position\":2,\"name\":\"Term\u00e9kek\",\"item\":\"https:\/\/www.eveline.hu\/2016\/shop\/\"},{\"@type\":\"ListItem\",\"position\":3,\"name\":\"CHOCO GLAMOUR CSILLOG\u00d3 FOLY\u00c9KONY SZEMH\u00c9JFEST\u00c9K 6,5ml 06\"}]},{\"@type\":\"WebSite\",\"@id\":\"https:\/\/www.eveline.hu\/2016\/#website\",\"url\":\"https:\/\/www.eveline.hu\/2016\/\",\"name\":\"Eveline Cosmetics Magyarorsz\u00e1g\",\"description\":\"Min\u0151s\u00e9gi kozmetikumok Lengyelorsz\u00e1gb\u00f3l\",\"potentialAction\":[{\"@type\":\"SearchAction\",\"target\":{\"@type\":\"EntryPoint\",\"urlTemplate\":\"https:\/\/www.eveline.hu\/2016\/?s={search_term_string}\"},\"query-input\":\"required name=search_term_string\"}],\"inLanguage\":\"hu\"}]}<\/script>\n<!-- \/ Yoast SEO plugin. -->","yoast_head_json":{"title":"CHOCO GLAMOUR CSILLOG\u00d3 FOLY\u00c9KONY SZEMH\u00c9JFEST\u00c9K 6,5ml 06 - Eveline Cosmetics Magyarorsz\u00e1g","robots":{"index":"index","follow":"follow","max-snippet":"max-snippet:-1","max-image-preview":"max-image-preview:large","max-video-preview":"max-video-preview:-1"},"canonical":"https:\/\/www.eveline.hu\/2016\/eveline-kozmetikumok-szepsegapolas\/smink\/szem\/szemhej-festekek\/choco-glamour-csillogo-folyekony-szemhejfestek-65ml-06\/","og_locale":"hu_HU","og_type":"article","og_title":"CHOCO GLAMOUR CSILLOG\u00d3 FOLY\u00c9KONY SZEMH\u00c9JFEST\u00c9K 6,5ml 06 - Eveline Cosmetics Magyarorsz\u00e1g","og_description":"A k\u00e9tf\u00e9le \u2013 matt \u00e9s f\u00e9nyes \u2013 kivitelben el\u00e9rhet\u0151 szemh\u00e9jfest\u00e9kek gy\u00f6ny\u00f6r\u0171 sminket biztos\u00edtanak. H\u00e1rom \u00e1rnyalatban kaphat\u00f3. A f\u00e9nyes v\u00e1ltozatai egyedi f\u00e9nyt k\u00f6lcs\u00f6n\u00f6znek a szemnek, m\u00edg a matt v\u00e1ltozat nem csak \u00f6n\u00e1ll\u00f3 szemh\u00e9jfest\u00e9kk\u00e9nt, hanem v\u00edz\u00e1ll\u00f3 formul\u00e1j\u00e1nak k\u00f6sz\u00f6nhet\u0151en &#8211; szemh\u00e9jfest\u00e9k alapk\u00e9nt is [&hellip;]","og_url":"https:\/\/www.eveline.hu\/2016\/eveline-kozmetikumok-szepsegapolas\/smink\/szem\/szemhej-festekek\/choco-glamour-csillogo-folyekony-szemhejfestek-65ml-06\/","og_site_name":"Eveline Cosmetics Magyarorsz\u00e1g","article_modified_time":"2024-12-04T17:50:32+00:00","og_image":[{"width":750,"height":750,"url":"https:\/\/www.eveline.hu\/2016\/wp-content\/uploads\/2023\/11\/5903416059004_CHOCO-GLAMOUR-LIQUID-EYESHADOW-06-w.png","type":"image\/png"}],"twitter_card":"summary_large_image","twitter_misc":{"Becs\u00fclt olvas\u00e1si id\u0151":"1 perc"},"schema":{"@context":"https:\/\/schema.org","@graph":[{"@type":"WebPage","@id":"https:\/\/www.eveline.hu\/2016\/eveline-kozmetikumok-szepsegapolas\/smink\/szem\/szemhej-festekek\/choco-glamour-csillogo-folyekony-szemhejfestek-65ml-06\/","url":"https:\/\/www.eveline.hu\/2016\/eveline-kozmetikumok-szepsegapolas\/smink\/szem\/szemhej-festekek\/choco-glamour-csillogo-folyekony-szemhejfestek-65ml-06\/","name":"CHOCO GLAMOUR CSILLOG\u00d3 FOLY\u00c9KONY SZEMH\u00c9JFEST\u00c9K 6,5ml 06 - Eveline Cosmetics Magyarorsz\u00e1g","isPartOf":{"@id":"https:\/\/www.eveline.hu\/2016\/#website"},"primaryImageOfPage":{"@id":"https:\/\/www.eveline.hu\/2016\/eveline-kozmetikumok-szepsegapolas\/smink\/szem\/szemhej-festekek\/choco-glamour-csillogo-folyekony-szemhejfestek-65ml-06\/#primaryimage"},"image":{"@id":"https:\/\/www.eveline.hu\/2016\/eveline-kozmetikumok-szepsegapolas\/smink\/szem\/szemhej-festekek\/choco-glamour-csillogo-folyekony-szemhejfestek-65ml-06\/#primaryimage"},"thumbnailUrl":"https:\/\/www.eveline.hu\/2016\/wp-content\/uploads\/2023\/11\/5903416059004_CHOCO-GLAMOUR-LIQUID-EYESHADOW-06-w.png","datePublished":"2023-11-22T17:02:56+00:00","dateModified":"2024-12-04T17:50:32+00:00","breadcrumb":{"@id":"https:\/\/www.eveline.hu\/2016\/eveline-kozmetikumok-szepsegapolas\/smink\/szem\/szemhej-festekek\/choco-glamour-csillogo-folyekony-szemhejfestek-65ml-06\/#breadcrumb"},"inLanguage":"hu","potentialAction":[{"@type":"ReadAction","target":["https:\/\/www.eveline.hu\/2016\/eveline-kozmetikumok-szepsegapolas\/smink\/szem\/szemhej-festekek\/choco-glamour-csillogo-folyekony-szemhejfestek-65ml-06\/"]}]},{"@type":"ImageObject","inLanguage":"hu","@id":"https:\/\/www.eveline.hu\/2016\/eveline-kozmetikumok-szepsegapolas\/smink\/szem\/szemhej-festekek\/choco-glamour-csillogo-folyekony-szemhejfestek-65ml-06\/#primaryimage","url":"https:\/\/www.eveline.hu\/2016\/wp-content\/uploads\/2023\/11\/5903416059004_CHOCO-GLAMOUR-LIQUID-EYESHADOW-06-w.png","contentUrl":"https:\/\/www.eveline.hu\/2016\/wp-content\/uploads\/2023\/11\/5903416059004_CHOCO-GLAMOUR-LIQUID-EYESHADOW-06-w.png","width":750,"height":750},{"@type":"BreadcrumbList","@id":"https:\/\/www.eveline.hu\/2016\/eveline-kozmetikumok-szepsegapolas\/smink\/szem\/szemhej-festekek\/choco-glamour-csillogo-folyekony-szemhejfestek-65ml-06\/#breadcrumb","itemListElement":[{"@type":"ListItem","position":1,"name":"Home","item":"https:\/\/www.eveline.hu\/2016\/"},{"@type":"ListItem","position":2,"name":"Term\u00e9kek","item":"https:\/\/www.eveline.hu\/2016\/shop\/"},{"@type":"ListItem","position":3,"name":"CHOCO GLAMOUR CSILLOG\u00d3 FOLY\u00c9KONY SZEMH\u00c9JFEST\u00c9K 6,5ml 06"}]},{"@type":"WebSite","@id":"https:\/\/www.eveline.hu\/2016\/#website","url":"https:\/\/www.eveline.hu\/2016\/","name":"Eveline Cosmetics Magyarorsz\u00e1g","description":"Min\u0151s\u00e9gi kozmetikumok Lengyelorsz\u00e1gb\u00f3l","potentialAction":[{"@type":"SearchAction","target":{"@type":"EntryPoint","urlTemplate":"https:\/\/www.eveline.hu\/2016\/?s={search_term_string}"},"query-input":"required name=search_term_string"}],"inLanguage":"hu"}]}},"_links":{"self":[{"href":"https:\/\/www.eveline.hu\/2016\/wp-json\/wp\/v2\/product\/30201"}],"collection":[{"href":"https:\/\/www.eveline.hu\/2016\/wp-json\/wp\/v2\/product"}],"about":[{"href":"https:\/\/www.eveline.hu\/2016\/wp-json\/wp\/v2\/types\/product"}],"replies":[{"embeddable":true,"href":"https:\/\/www.eveline.hu\/2016\/wp-json\/wp\/v2\/comments?post=30201"}],"wp:featuredmedia":[{"embeddable":true,"href":"https:\/\/www.eveline.hu\/2016\/wp-json\/wp\/v2\/media\/30202"}],"wp:attachment":[{"href":"https:\/\/www.eveline.hu\/2016\/wp-json\/wp\/v2\/media?parent=30201"}],"wp:term":[{"taxonomy":"product_cat","embeddable":true,"href":"https:\/\/www.eveline.hu\/2016\/wp-json\/wp\/v2\/product_cat?post=30201"},{"taxonomy":"product_tag","embeddable":true,"href":"https:\/\/www.eveline.hu\/2016\/wp-json\/wp\/v2\/product_tag?post=30201"}],"curies":[{"name":"wp","href":"https:\/\/api.w.org\/{rel}","templated":true}]}}