{"id":30191,"date":"2023-11-22T17:27:55","date_gmt":"2023-11-22T16:27:55","guid":{"rendered":"https:\/\/www.eveline.hu\/2016\/?post_type=product&#038;p=30191"},"modified":"2024-12-14T14:05:12","modified_gmt":"2024-12-14T13:05:12","slug":"choco-glamour-ajakapolo-ejszakai-regeneralo-12ml","status":"publish","type":"product","link":"https:\/\/www.eveline.hu\/2016\/eveline-kozmetikumok-szepsegapolas\/szepsegapolas\/ajakapolas\/choco-glamour-ajakapolo-ejszakai-regeneralo-12ml\/","title":{"rendered":"CHOCO GLAMOUR AJAK\u00c1POL\u00d3 \u00c9JSZAKAI REGENER\u00c1L\u00d3 12ml"},"content":{"rendered":"<p>Egy rendk\u00edv\u00fcl t\u00e1pl\u00e1l\u00f3, \u00e9jszakai haszn\u00e1latra sz\u00e1nt ajak\u00e1pol\u00f3 regener\u00e1lja \u00e9s hidrat\u00e1lja az ajkakat. Az akt\u00edv \u00f6sszetev\u0151k sokas\u00e1ga lehet\u0151v\u00e9 teszi, hogy m\u00e1r reggelt\u0151l gy\u00f6ny\u00f6r\u0171 ajkakat \u00e9lvezhess!<\/p>\n<p>A rendk\u00edv\u00fcl t\u00e1pl\u00e1l\u00f3 maszk a repedezett ajkakat kiv\u00e9telesen b\u00e1rsonyos ajkakk\u00e1 var\u00e1zsolja! Az akt\u00edv \u00f6sszetev\u0151k gazdags\u00e1ga t\u00e1pl\u00e1lja a nagyon finom h\u00e1mr\u00e9teget. A veg\u00e1n formula szkval\u00e1nnal \u00e9s shea vajjal regener\u00e1lja az irrit\u00e1ci\u00f3t, kisim\u00edtja \u00e9s m\u00e9lyen hidrat\u00e1l. A karnaubaviasz \u00e9s a kandelillaviasz puh\u00edtja \u00e9s t\u00f6k\u00e9letesen hidrat\u00e1lja a b\u0151rt. A jojobaolaj, az ol\u00edvaolaj \u00e9s a napraforg\u00f3olaj l\u00e1that\u00f3an feszes, nyugtat\u00f3, nyugtat\u00f3 \u00e9s gyullad\u00e1scs\u00f6kkent\u0151 tulajdons\u00e1gokkal rendelkezik. A kaka\u00f3vaj m\u00e9ly hidrat\u00e1l\u00e1st \u00e9s intenz\u00edv regener\u00e1ci\u00f3t biztos\u00edt. Az E-vitamin antioxid\u00e1ns \u00e9s t\u00e1pl\u00e1l\u00f3 tulajdons\u00e1gokkal rendelkezik. Haszn\u00e1lja ezt az \u00f6sszetev\u0151k t\u00f6k\u00e9letes kever\u00e9k\u00e9t csokol\u00e1d\u00e9 illattal este, hogy reggel sima ajkakat \u00e9lvezhessen.<\/p>\n<p>&nbsp;<\/p>\n<p>HASZON<\/p>\n<p>Er\u0151sen t\u00e1pl\u00e1l<\/p>\n<p>M\u00e9lyen regener\u00e1l<\/p>\n<p>Hidrat\u00e1lja az ajkakat<\/p>\n<p>Kisim\u00edtja \u00e9s t\u00e1pl\u00e1lja<\/p>\n<p>Keni az ajkakat<\/p>\n<p>Gy\u00f6ny\u00f6r\u0171 illat<\/p>\n<p>Veg\u00e1n formula<\/p>\n<p>\u00d6sszetev\u0151k:Polybutene,Helianthus Annuus Seed Oil,Diisostearyl Malate,Bis-Diglyceryl Polyacyladipate-2,Caprylic\/Capri Triglyceride,Pentaerythrityl Tetraisostearate,Isononyl Isononanoate,Soybean Glycerides,Euphorbia Cerifera Cera,Cera Microcristallina,Glyceryl Behenate,Synthetic Wax,Butyrospermum Parkii Butter Unsaponifiables,Sorbitan Olivate,Copernicia Cerifera Cera,Ricinus Communis Seed Oil,Silica Dimethyl Silylate,Tocopheryl Acetate,Simmondsia Chinensis Seed Oil,Squalane,Theobroma Cacao Seed Butter,Olea Europaea Fruit Oil,Ascorbic Acid,Ascorbyl Palmitate,Citric Acid,PEG-8,Tocopherol,Pentaerythrityl Tetra-di-t-butyl Hydroxyhydrocinnamate,Aroma,Benzyl Alcohol,CI 77491,CI 77492,CI 77499,CI 77891,CI 19140.<\/p>\n","protected":false},"excerpt":{"rendered":"<p>Egy rendk\u00edv\u00fcl t\u00e1pl\u00e1l\u00f3, \u00e9jszakai haszn\u00e1latra sz\u00e1nt ajak\u00e1pol\u00f3 regener\u00e1lja \u00e9s hidrat\u00e1lja az ajkakat. Az akt\u00edv \u00f6sszetev\u0151k sokas\u00e1ga lehet\u0151v\u00e9 teszi, hogy m\u00e1r reggelt\u0151l gy\u00f6ny\u00f6r\u0171 ajkakat \u00e9lvezhess! A rendk\u00edv\u00fcl t\u00e1pl\u00e1l\u00f3 maszk a repedezett ajkakat kiv\u00e9telesen b\u00e1rsonyos ajkakk\u00e1 var\u00e1zsolja! Az akt\u00edv \u00f6sszetev\u0151k gazdags\u00e1ga t\u00e1pl\u00e1lja [&hellip;]<\/p>\n","protected":false},"featured_media":30192,"comment_status":"open","ping_status":"closed","template":"","meta":[],"product_cat":[302,125,134,80,114],"product_tag":[],"yoast_head":"<!-- This site is optimized with the Yoast SEO plugin v22.2 - https:\/\/yoast.com\/wordpress\/plugins\/seo\/ -->\n<title>CHOCO GLAMOUR AJAK\u00c1POL\u00d3 \u00c9JSZAKAI REGENER\u00c1L\u00d3 12ml - Eveline Cosmetics Magyarorsz\u00e1g<\/title>\n<meta name=\"robots\" content=\"index, follow, max-snippet:-1, max-image-preview:large, max-video-preview:-1\" \/>\n<link rel=\"canonical\" href=\"https:\/\/www.eveline.hu\/2016\/eveline-kozmetikumok-szepsegapolas\/szepsegapolas\/ajakapolas\/choco-glamour-ajakapolo-ejszakai-regeneralo-12ml\/\" \/>\n<meta property=\"og:locale\" content=\"hu_HU\" \/>\n<meta property=\"og:type\" content=\"article\" \/>\n<meta property=\"og:title\" content=\"CHOCO GLAMOUR AJAK\u00c1POL\u00d3 \u00c9JSZAKAI REGENER\u00c1L\u00d3 12ml - Eveline Cosmetics Magyarorsz\u00e1g\" \/>\n<meta property=\"og:description\" content=\"Egy rendk\u00edv\u00fcl t\u00e1pl\u00e1l\u00f3, \u00e9jszakai haszn\u00e1latra sz\u00e1nt ajak\u00e1pol\u00f3 regener\u00e1lja \u00e9s hidrat\u00e1lja az ajkakat. Az akt\u00edv \u00f6sszetev\u0151k sokas\u00e1ga lehet\u0151v\u00e9 teszi, hogy m\u00e1r reggelt\u0151l gy\u00f6ny\u00f6r\u0171 ajkakat \u00e9lvezhess! A rendk\u00edv\u00fcl t\u00e1pl\u00e1l\u00f3 maszk a repedezett ajkakat kiv\u00e9telesen b\u00e1rsonyos ajkakk\u00e1 var\u00e1zsolja! Az akt\u00edv \u00f6sszetev\u0151k gazdags\u00e1ga t\u00e1pl\u00e1lja [&hellip;]\" \/>\n<meta property=\"og:url\" content=\"https:\/\/www.eveline.hu\/2016\/eveline-kozmetikumok-szepsegapolas\/szepsegapolas\/ajakapolas\/choco-glamour-ajakapolo-ejszakai-regeneralo-12ml\/\" \/>\n<meta property=\"og:site_name\" content=\"Eveline Cosmetics Magyarorsz\u00e1g\" \/>\n<meta property=\"article:modified_time\" content=\"2024-12-14T13:05:12+00:00\" \/>\n<meta property=\"og:image\" content=\"https:\/\/www.eveline.hu\/2016\/wp-content\/uploads\/2023\/11\/5903416059196-CHOCO-GLAMOUR-LIP-MASK-w.png\" \/>\n\t<meta property=\"og:image:width\" content=\"750\" \/>\n\t<meta property=\"og:image:height\" content=\"750\" \/>\n\t<meta property=\"og:image:type\" content=\"image\/png\" \/>\n<meta name=\"twitter:card\" content=\"summary_large_image\" \/>\n<meta name=\"twitter:label1\" content=\"Becs\u00fclt olvas\u00e1si id\u0151\" \/>\n\t<meta name=\"twitter:data1\" content=\"2 perc\" \/>\n<script type=\"application\/ld+json\" class=\"yoast-schema-graph\">{\"@context\":\"https:\/\/schema.org\",\"@graph\":[{\"@type\":\"WebPage\",\"@id\":\"https:\/\/www.eveline.hu\/2016\/eveline-kozmetikumok-szepsegapolas\/szepsegapolas\/ajakapolas\/choco-glamour-ajakapolo-ejszakai-regeneralo-12ml\/\",\"url\":\"https:\/\/www.eveline.hu\/2016\/eveline-kozmetikumok-szepsegapolas\/szepsegapolas\/ajakapolas\/choco-glamour-ajakapolo-ejszakai-regeneralo-12ml\/\",\"name\":\"CHOCO GLAMOUR AJAK\u00c1POL\u00d3 \u00c9JSZAKAI REGENER\u00c1L\u00d3 12ml - Eveline Cosmetics Magyarorsz\u00e1g\",\"isPartOf\":{\"@id\":\"https:\/\/www.eveline.hu\/2016\/#website\"},\"primaryImageOfPage\":{\"@id\":\"https:\/\/www.eveline.hu\/2016\/eveline-kozmetikumok-szepsegapolas\/szepsegapolas\/ajakapolas\/choco-glamour-ajakapolo-ejszakai-regeneralo-12ml\/#primaryimage\"},\"image\":{\"@id\":\"https:\/\/www.eveline.hu\/2016\/eveline-kozmetikumok-szepsegapolas\/szepsegapolas\/ajakapolas\/choco-glamour-ajakapolo-ejszakai-regeneralo-12ml\/#primaryimage\"},\"thumbnailUrl\":\"https:\/\/www.eveline.hu\/2016\/wp-content\/uploads\/2023\/11\/5903416059196-CHOCO-GLAMOUR-LIP-MASK-w.png\",\"datePublished\":\"2023-11-22T16:27:55+00:00\",\"dateModified\":\"2024-12-14T13:05:12+00:00\",\"breadcrumb\":{\"@id\":\"https:\/\/www.eveline.hu\/2016\/eveline-kozmetikumok-szepsegapolas\/szepsegapolas\/ajakapolas\/choco-glamour-ajakapolo-ejszakai-regeneralo-12ml\/#breadcrumb\"},\"inLanguage\":\"hu\",\"potentialAction\":[{\"@type\":\"ReadAction\",\"target\":[\"https:\/\/www.eveline.hu\/2016\/eveline-kozmetikumok-szepsegapolas\/szepsegapolas\/ajakapolas\/choco-glamour-ajakapolo-ejszakai-regeneralo-12ml\/\"]}]},{\"@type\":\"ImageObject\",\"inLanguage\":\"hu\",\"@id\":\"https:\/\/www.eveline.hu\/2016\/eveline-kozmetikumok-szepsegapolas\/szepsegapolas\/ajakapolas\/choco-glamour-ajakapolo-ejszakai-regeneralo-12ml\/#primaryimage\",\"url\":\"https:\/\/www.eveline.hu\/2016\/wp-content\/uploads\/2023\/11\/5903416059196-CHOCO-GLAMOUR-LIP-MASK-w.png\",\"contentUrl\":\"https:\/\/www.eveline.hu\/2016\/wp-content\/uploads\/2023\/11\/5903416059196-CHOCO-GLAMOUR-LIP-MASK-w.png\",\"width\":750,\"height\":750},{\"@type\":\"BreadcrumbList\",\"@id\":\"https:\/\/www.eveline.hu\/2016\/eveline-kozmetikumok-szepsegapolas\/szepsegapolas\/ajakapolas\/choco-glamour-ajakapolo-ejszakai-regeneralo-12ml\/#breadcrumb\",\"itemListElement\":[{\"@type\":\"ListItem\",\"position\":1,\"name\":\"Home\",\"item\":\"https:\/\/www.eveline.hu\/2016\/\"},{\"@type\":\"ListItem\",\"position\":2,\"name\":\"Term\u00e9kek\",\"item\":\"https:\/\/www.eveline.hu\/2016\/shop\/\"},{\"@type\":\"ListItem\",\"position\":3,\"name\":\"CHOCO GLAMOUR AJAK\u00c1POL\u00d3 \u00c9JSZAKAI REGENER\u00c1L\u00d3 12ml\"}]},{\"@type\":\"WebSite\",\"@id\":\"https:\/\/www.eveline.hu\/2016\/#website\",\"url\":\"https:\/\/www.eveline.hu\/2016\/\",\"name\":\"Eveline Cosmetics Magyarorsz\u00e1g\",\"description\":\"Min\u0151s\u00e9gi kozmetikumok Lengyelorsz\u00e1gb\u00f3l\",\"potentialAction\":[{\"@type\":\"SearchAction\",\"target\":{\"@type\":\"EntryPoint\",\"urlTemplate\":\"https:\/\/www.eveline.hu\/2016\/?s={search_term_string}\"},\"query-input\":\"required name=search_term_string\"}],\"inLanguage\":\"hu\"}]}<\/script>\n<!-- \/ Yoast SEO plugin. -->","yoast_head_json":{"title":"CHOCO GLAMOUR AJAK\u00c1POL\u00d3 \u00c9JSZAKAI REGENER\u00c1L\u00d3 12ml - Eveline Cosmetics Magyarorsz\u00e1g","robots":{"index":"index","follow":"follow","max-snippet":"max-snippet:-1","max-image-preview":"max-image-preview:large","max-video-preview":"max-video-preview:-1"},"canonical":"https:\/\/www.eveline.hu\/2016\/eveline-kozmetikumok-szepsegapolas\/szepsegapolas\/ajakapolas\/choco-glamour-ajakapolo-ejszakai-regeneralo-12ml\/","og_locale":"hu_HU","og_type":"article","og_title":"CHOCO GLAMOUR AJAK\u00c1POL\u00d3 \u00c9JSZAKAI REGENER\u00c1L\u00d3 12ml - Eveline Cosmetics Magyarorsz\u00e1g","og_description":"Egy rendk\u00edv\u00fcl t\u00e1pl\u00e1l\u00f3, \u00e9jszakai haszn\u00e1latra sz\u00e1nt ajak\u00e1pol\u00f3 regener\u00e1lja \u00e9s hidrat\u00e1lja az ajkakat. Az akt\u00edv \u00f6sszetev\u0151k sokas\u00e1ga lehet\u0151v\u00e9 teszi, hogy m\u00e1r reggelt\u0151l gy\u00f6ny\u00f6r\u0171 ajkakat \u00e9lvezhess! A rendk\u00edv\u00fcl t\u00e1pl\u00e1l\u00f3 maszk a repedezett ajkakat kiv\u00e9telesen b\u00e1rsonyos ajkakk\u00e1 var\u00e1zsolja! Az akt\u00edv \u00f6sszetev\u0151k gazdags\u00e1ga t\u00e1pl\u00e1lja [&hellip;]","og_url":"https:\/\/www.eveline.hu\/2016\/eveline-kozmetikumok-szepsegapolas\/szepsegapolas\/ajakapolas\/choco-glamour-ajakapolo-ejszakai-regeneralo-12ml\/","og_site_name":"Eveline Cosmetics Magyarorsz\u00e1g","article_modified_time":"2024-12-14T13:05:12+00:00","og_image":[{"width":750,"height":750,"url":"https:\/\/www.eveline.hu\/2016\/wp-content\/uploads\/2023\/11\/5903416059196-CHOCO-GLAMOUR-LIP-MASK-w.png","type":"image\/png"}],"twitter_card":"summary_large_image","twitter_misc":{"Becs\u00fclt olvas\u00e1si id\u0151":"2 perc"},"schema":{"@context":"https:\/\/schema.org","@graph":[{"@type":"WebPage","@id":"https:\/\/www.eveline.hu\/2016\/eveline-kozmetikumok-szepsegapolas\/szepsegapolas\/ajakapolas\/choco-glamour-ajakapolo-ejszakai-regeneralo-12ml\/","url":"https:\/\/www.eveline.hu\/2016\/eveline-kozmetikumok-szepsegapolas\/szepsegapolas\/ajakapolas\/choco-glamour-ajakapolo-ejszakai-regeneralo-12ml\/","name":"CHOCO GLAMOUR AJAK\u00c1POL\u00d3 \u00c9JSZAKAI REGENER\u00c1L\u00d3 12ml - Eveline Cosmetics Magyarorsz\u00e1g","isPartOf":{"@id":"https:\/\/www.eveline.hu\/2016\/#website"},"primaryImageOfPage":{"@id":"https:\/\/www.eveline.hu\/2016\/eveline-kozmetikumok-szepsegapolas\/szepsegapolas\/ajakapolas\/choco-glamour-ajakapolo-ejszakai-regeneralo-12ml\/#primaryimage"},"image":{"@id":"https:\/\/www.eveline.hu\/2016\/eveline-kozmetikumok-szepsegapolas\/szepsegapolas\/ajakapolas\/choco-glamour-ajakapolo-ejszakai-regeneralo-12ml\/#primaryimage"},"thumbnailUrl":"https:\/\/www.eveline.hu\/2016\/wp-content\/uploads\/2023\/11\/5903416059196-CHOCO-GLAMOUR-LIP-MASK-w.png","datePublished":"2023-11-22T16:27:55+00:00","dateModified":"2024-12-14T13:05:12+00:00","breadcrumb":{"@id":"https:\/\/www.eveline.hu\/2016\/eveline-kozmetikumok-szepsegapolas\/szepsegapolas\/ajakapolas\/choco-glamour-ajakapolo-ejszakai-regeneralo-12ml\/#breadcrumb"},"inLanguage":"hu","potentialAction":[{"@type":"ReadAction","target":["https:\/\/www.eveline.hu\/2016\/eveline-kozmetikumok-szepsegapolas\/szepsegapolas\/ajakapolas\/choco-glamour-ajakapolo-ejszakai-regeneralo-12ml\/"]}]},{"@type":"ImageObject","inLanguage":"hu","@id":"https:\/\/www.eveline.hu\/2016\/eveline-kozmetikumok-szepsegapolas\/szepsegapolas\/ajakapolas\/choco-glamour-ajakapolo-ejszakai-regeneralo-12ml\/#primaryimage","url":"https:\/\/www.eveline.hu\/2016\/wp-content\/uploads\/2023\/11\/5903416059196-CHOCO-GLAMOUR-LIP-MASK-w.png","contentUrl":"https:\/\/www.eveline.hu\/2016\/wp-content\/uploads\/2023\/11\/5903416059196-CHOCO-GLAMOUR-LIP-MASK-w.png","width":750,"height":750},{"@type":"BreadcrumbList","@id":"https:\/\/www.eveline.hu\/2016\/eveline-kozmetikumok-szepsegapolas\/szepsegapolas\/ajakapolas\/choco-glamour-ajakapolo-ejszakai-regeneralo-12ml\/#breadcrumb","itemListElement":[{"@type":"ListItem","position":1,"name":"Home","item":"https:\/\/www.eveline.hu\/2016\/"},{"@type":"ListItem","position":2,"name":"Term\u00e9kek","item":"https:\/\/www.eveline.hu\/2016\/shop\/"},{"@type":"ListItem","position":3,"name":"CHOCO GLAMOUR AJAK\u00c1POL\u00d3 \u00c9JSZAKAI REGENER\u00c1L\u00d3 12ml"}]},{"@type":"WebSite","@id":"https:\/\/www.eveline.hu\/2016\/#website","url":"https:\/\/www.eveline.hu\/2016\/","name":"Eveline Cosmetics Magyarorsz\u00e1g","description":"Min\u0151s\u00e9gi kozmetikumok Lengyelorsz\u00e1gb\u00f3l","potentialAction":[{"@type":"SearchAction","target":{"@type":"EntryPoint","urlTemplate":"https:\/\/www.eveline.hu\/2016\/?s={search_term_string}"},"query-input":"required name=search_term_string"}],"inLanguage":"hu"}]}},"_links":{"self":[{"href":"https:\/\/www.eveline.hu\/2016\/wp-json\/wp\/v2\/product\/30191"}],"collection":[{"href":"https:\/\/www.eveline.hu\/2016\/wp-json\/wp\/v2\/product"}],"about":[{"href":"https:\/\/www.eveline.hu\/2016\/wp-json\/wp\/v2\/types\/product"}],"replies":[{"embeddable":true,"href":"https:\/\/www.eveline.hu\/2016\/wp-json\/wp\/v2\/comments?post=30191"}],"wp:featuredmedia":[{"embeddable":true,"href":"https:\/\/www.eveline.hu\/2016\/wp-json\/wp\/v2\/media\/30192"}],"wp:attachment":[{"href":"https:\/\/www.eveline.hu\/2016\/wp-json\/wp\/v2\/media?parent=30191"}],"wp:term":[{"taxonomy":"product_cat","embeddable":true,"href":"https:\/\/www.eveline.hu\/2016\/wp-json\/wp\/v2\/product_cat?post=30191"},{"taxonomy":"product_tag","embeddable":true,"href":"https:\/\/www.eveline.hu\/2016\/wp-json\/wp\/v2\/product_tag?post=30191"}],"curies":[{"name":"wp","href":"https:\/\/api.w.org\/{rel}","templated":true}]}}