{"id":30175,"date":"2023-11-21T11:10:33","date_gmt":"2023-11-21T10:10:33","guid":{"rendered":"https:\/\/www.eveline.hu\/2016\/?post_type=product&#038;p=30175"},"modified":"2026-04-14T13:03:25","modified_gmt":"2026-04-14T11:03:25","slug":"lift-booster-collagen-aktiv-javito-krem-rancfeltolto-70-50ml","status":"publish","type":"product","link":"https:\/\/www.eveline.hu\/2016\/eveline-kozmetikumok-szepsegapolas\/termekcsaladok\/lift_booster_collagen\/lift-booster-collagen-aktiv-javito-krem-rancfeltolto-70-50ml\/","title":{"rendered":"LIFT BOOSTER COLLAGEN AKT\u00cdV JAV\u00cdT\u00d3 KR\u00c9M-R\u00c1NCFELT\u00d6LT\u0150 70+ 50ml"},"content":{"rendered":"<p>nappali \u00e9s \u00e9jszakai<\/p>\n<p>A kollag\u00e9n h\u00e1rmas ereje a b\u0151r meg\u00faj\u00edt\u00e1s\u00e1\u00e9rt.<\/p>\n<p>A fiatals\u00e1g innovat\u00edv, kozmetikai ter\u00e1pi\u00e1ja, amelyet non-invaz\u00edv eszt\u00e9tikai gy\u00f3gy\u00e1szati kezel\u00e9sek inspir\u00e1ltak. Az \u00f6reged\u00e9si t\u00fcneteket korrig\u00e1l\u00f3 injekci\u00f3k prec\u00edzen hat\u00f3 alternat\u00edv\u00e1ja.<\/p>\n<p>L\u00e1that\u00f3an cs\u00f6kkenti a kollag\u00e9nveszt\u00e9s jeleit a b\u0151rben, \u00edgy napr\u00f3l napra modellezett, regener\u00e1lt \u00e9s feszesebb lesz. Innovat\u00edv, kollag\u00e9n formula, C-vitaminnal, szign\u00e1l peptidekkel \u00e9s ceramidokkal gazdag\u00edtva.<\/p>\n<p><strong>Alkalmaz\u00e1s:<\/strong> Minden reggel \u00e9s este gyeng\u00e9den massz\u00edrozza be a kr\u00e9met a megtiszt\u00edtott b\u0151rbe az arcon, nyakon \u00e9s dekolt\u00e1zson.<\/p>\n<p>\u00d6sszetev\u0151k:Aqua (Water), Isononyl Isononanoate, Glycerin, Cetearyl Alcohol, Propanediol, Dimethicone, Glyceryl Stearate, PEG-100 Stearate, Mauritia Flexuosa Fruit Oil, Cichorium Intybus Leaf Extract, Collagen, Collagen Amino Acids, Vegetable Collagen, Leuconostoc\/Radish Root Ferment Filtrate, Hydrolyzed Elastin, Ascorbyl Glucoside, Palmitoyl Tripeptide-1, Palmitoyl Tetrapeptide-7, Ceramide NP, Ceramide AP, Ceramide EOP, Tocopheryl Acetate, Sodium Lactate, Phytosphingosine, Cholesterol, Phenoxyethanol, Hydroxyacetophenone, Ethylhexylglycerin, Potassium Sorbate, Caprylyl Glycol, Hydroxyethyl Acrylate\/Sodium Acryloyldimethyl Taurate Copolymer, Cetearyl Glucoside, Parfum (Fragrance), Tapioca Starch, Sodium Polyacrylate, Caprylic\/Capric Triglyceride, Polysorbate 60, Sorbitan Isostearate, Xanthan Gum, Sodium Lauroyl Lactylate, Hexylene Glycol, Carbomer, Disodium EDTA.<\/p>\n<p>&nbsp;<\/p>\n<p><strong>A term\u00e9ket a <a href=\"http:\/\/www.kozmetikummania.hu\" target=\"_blank\" rel=\"noopener noreferrer\">www.kozmetikummania.hu<\/a> web\u00e1ruh\u00e1zban is megtal\u00e1lod, nagyobb term\u00e9kk\u00edn\u00e1lattal!<\/strong><\/p>\n","protected":false},"excerpt":{"rendered":"<p>nappali \u00e9s \u00e9jszakai A kollag\u00e9n h\u00e1rmas ereje a b\u0151r meg\u00faj\u00edt\u00e1s\u00e1\u00e9rt. A fiatals\u00e1g innovat\u00edv, kozmetikai ter\u00e1pi\u00e1ja, amelyet non-invaz\u00edv eszt\u00e9tikai gy\u00f3gy\u00e1szati kezel\u00e9sek inspir\u00e1ltak. Az \u00f6reged\u00e9si t\u00fcneteket korrig\u00e1l\u00f3 injekci\u00f3k prec\u00edzen hat\u00f3 alternat\u00edv\u00e1ja. L\u00e1that\u00f3an cs\u00f6kkenti a kollag\u00e9nveszt\u00e9s jeleit a b\u0151rben, \u00edgy napr\u00f3l napra modellezett, [&hellip;]<\/p>\n","protected":false},"featured_media":30177,"comment_status":"open","ping_status":"closed","template":"","meta":[],"product_cat":[297,80],"product_tag":[],"yoast_head":"<!-- This site is optimized with the Yoast SEO plugin v22.2 - https:\/\/yoast.com\/wordpress\/plugins\/seo\/ -->\n<title>LIFT BOOSTER COLLAGEN AKT\u00cdV JAV\u00cdT\u00d3 KR\u00c9M-R\u00c1NCFELT\u00d6LT\u0150 70+ 50ml - Eveline Cosmetics Magyarorsz\u00e1g<\/title>\n<meta name=\"robots\" content=\"index, follow, max-snippet:-1, max-image-preview:large, max-video-preview:-1\" \/>\n<link rel=\"canonical\" href=\"https:\/\/www.eveline.hu\/2016\/eveline-kozmetikumok-szepsegapolas\/termekcsaladok\/lift_booster_collagen\/lift-booster-collagen-aktiv-javito-krem-rancfeltolto-70-50ml\/\" \/>\n<meta property=\"og:locale\" content=\"hu_HU\" \/>\n<meta property=\"og:type\" content=\"article\" \/>\n<meta property=\"og:title\" content=\"LIFT BOOSTER COLLAGEN AKT\u00cdV JAV\u00cdT\u00d3 KR\u00c9M-R\u00c1NCFELT\u00d6LT\u0150 70+ 50ml - Eveline Cosmetics Magyarorsz\u00e1g\" \/>\n<meta property=\"og:description\" content=\"nappali \u00e9s \u00e9jszakai A kollag\u00e9n h\u00e1rmas ereje a b\u0151r meg\u00faj\u00edt\u00e1s\u00e1\u00e9rt. A fiatals\u00e1g innovat\u00edv, kozmetikai ter\u00e1pi\u00e1ja, amelyet non-invaz\u00edv eszt\u00e9tikai gy\u00f3gy\u00e1szati kezel\u00e9sek inspir\u00e1ltak. Az \u00f6reged\u00e9si t\u00fcneteket korrig\u00e1l\u00f3 injekci\u00f3k prec\u00edzen hat\u00f3 alternat\u00edv\u00e1ja. L\u00e1that\u00f3an cs\u00f6kkenti a kollag\u00e9nveszt\u00e9s jeleit a b\u0151rben, \u00edgy napr\u00f3l napra modellezett, [&hellip;]\" \/>\n<meta property=\"og:url\" content=\"https:\/\/www.eveline.hu\/2016\/eveline-kozmetikumok-szepsegapolas\/termekcsaladok\/lift_booster_collagen\/lift-booster-collagen-aktiv-javito-krem-rancfeltolto-70-50ml\/\" \/>\n<meta property=\"og:site_name\" content=\"Eveline Cosmetics Magyarorsz\u00e1g\" \/>\n<meta property=\"article:modified_time\" content=\"2026-04-14T11:03:25+00:00\" \/>\n<meta property=\"og:image\" content=\"https:\/\/www.eveline.hu\/2016\/wp-content\/uploads\/2023\/11\/5903416058618-LIFT-BOOSTER-COLLAGEN-REPAIR-70-w.png\" \/>\n\t<meta property=\"og:image:width\" content=\"750\" \/>\n\t<meta property=\"og:image:height\" content=\"750\" \/>\n\t<meta property=\"og:image:type\" content=\"image\/png\" \/>\n<meta name=\"twitter:card\" content=\"summary_large_image\" \/>\n<meta name=\"twitter:label1\" content=\"Becs\u00fclt olvas\u00e1si id\u0151\" \/>\n\t<meta name=\"twitter:data1\" content=\"1 perc\" \/>\n<script type=\"application\/ld+json\" class=\"yoast-schema-graph\">{\"@context\":\"https:\/\/schema.org\",\"@graph\":[{\"@type\":\"WebPage\",\"@id\":\"https:\/\/www.eveline.hu\/2016\/eveline-kozmetikumok-szepsegapolas\/termekcsaladok\/lift_booster_collagen\/lift-booster-collagen-aktiv-javito-krem-rancfeltolto-70-50ml\/\",\"url\":\"https:\/\/www.eveline.hu\/2016\/eveline-kozmetikumok-szepsegapolas\/termekcsaladok\/lift_booster_collagen\/lift-booster-collagen-aktiv-javito-krem-rancfeltolto-70-50ml\/\",\"name\":\"LIFT BOOSTER COLLAGEN AKT\u00cdV JAV\u00cdT\u00d3 KR\u00c9M-R\u00c1NCFELT\u00d6LT\u0150 70+ 50ml - Eveline Cosmetics Magyarorsz\u00e1g\",\"isPartOf\":{\"@id\":\"https:\/\/www.eveline.hu\/2016\/#website\"},\"primaryImageOfPage\":{\"@id\":\"https:\/\/www.eveline.hu\/2016\/eveline-kozmetikumok-szepsegapolas\/termekcsaladok\/lift_booster_collagen\/lift-booster-collagen-aktiv-javito-krem-rancfeltolto-70-50ml\/#primaryimage\"},\"image\":{\"@id\":\"https:\/\/www.eveline.hu\/2016\/eveline-kozmetikumok-szepsegapolas\/termekcsaladok\/lift_booster_collagen\/lift-booster-collagen-aktiv-javito-krem-rancfeltolto-70-50ml\/#primaryimage\"},\"thumbnailUrl\":\"https:\/\/www.eveline.hu\/2016\/wp-content\/uploads\/2023\/11\/5903416058618-LIFT-BOOSTER-COLLAGEN-REPAIR-70-w.png\",\"datePublished\":\"2023-11-21T10:10:33+00:00\",\"dateModified\":\"2026-04-14T11:03:25+00:00\",\"breadcrumb\":{\"@id\":\"https:\/\/www.eveline.hu\/2016\/eveline-kozmetikumok-szepsegapolas\/termekcsaladok\/lift_booster_collagen\/lift-booster-collagen-aktiv-javito-krem-rancfeltolto-70-50ml\/#breadcrumb\"},\"inLanguage\":\"hu\",\"potentialAction\":[{\"@type\":\"ReadAction\",\"target\":[\"https:\/\/www.eveline.hu\/2016\/eveline-kozmetikumok-szepsegapolas\/termekcsaladok\/lift_booster_collagen\/lift-booster-collagen-aktiv-javito-krem-rancfeltolto-70-50ml\/\"]}]},{\"@type\":\"ImageObject\",\"inLanguage\":\"hu\",\"@id\":\"https:\/\/www.eveline.hu\/2016\/eveline-kozmetikumok-szepsegapolas\/termekcsaladok\/lift_booster_collagen\/lift-booster-collagen-aktiv-javito-krem-rancfeltolto-70-50ml\/#primaryimage\",\"url\":\"https:\/\/www.eveline.hu\/2016\/wp-content\/uploads\/2023\/11\/5903416058618-LIFT-BOOSTER-COLLAGEN-REPAIR-70-w.png\",\"contentUrl\":\"https:\/\/www.eveline.hu\/2016\/wp-content\/uploads\/2023\/11\/5903416058618-LIFT-BOOSTER-COLLAGEN-REPAIR-70-w.png\",\"width\":750,\"height\":750},{\"@type\":\"BreadcrumbList\",\"@id\":\"https:\/\/www.eveline.hu\/2016\/eveline-kozmetikumok-szepsegapolas\/termekcsaladok\/lift_booster_collagen\/lift-booster-collagen-aktiv-javito-krem-rancfeltolto-70-50ml\/#breadcrumb\",\"itemListElement\":[{\"@type\":\"ListItem\",\"position\":1,\"name\":\"Home\",\"item\":\"https:\/\/www.eveline.hu\/2016\/\"},{\"@type\":\"ListItem\",\"position\":2,\"name\":\"Term\u00e9kek\",\"item\":\"https:\/\/www.eveline.hu\/2016\/shop\/\"},{\"@type\":\"ListItem\",\"position\":3,\"name\":\"LIFT BOOSTER COLLAGEN AKT\u00cdV JAV\u00cdT\u00d3 KR\u00c9M-R\u00c1NCFELT\u00d6LT\u0150 70+ 50ml\"}]},{\"@type\":\"WebSite\",\"@id\":\"https:\/\/www.eveline.hu\/2016\/#website\",\"url\":\"https:\/\/www.eveline.hu\/2016\/\",\"name\":\"Eveline Cosmetics Magyarorsz\u00e1g\",\"description\":\"Min\u0151s\u00e9gi kozmetikumok Lengyelorsz\u00e1gb\u00f3l\",\"potentialAction\":[{\"@type\":\"SearchAction\",\"target\":{\"@type\":\"EntryPoint\",\"urlTemplate\":\"https:\/\/www.eveline.hu\/2016\/?s={search_term_string}\"},\"query-input\":\"required name=search_term_string\"}],\"inLanguage\":\"hu\"}]}<\/script>\n<!-- \/ Yoast SEO plugin. -->","yoast_head_json":{"title":"LIFT BOOSTER COLLAGEN AKT\u00cdV JAV\u00cdT\u00d3 KR\u00c9M-R\u00c1NCFELT\u00d6LT\u0150 70+ 50ml - Eveline Cosmetics Magyarorsz\u00e1g","robots":{"index":"index","follow":"follow","max-snippet":"max-snippet:-1","max-image-preview":"max-image-preview:large","max-video-preview":"max-video-preview:-1"},"canonical":"https:\/\/www.eveline.hu\/2016\/eveline-kozmetikumok-szepsegapolas\/termekcsaladok\/lift_booster_collagen\/lift-booster-collagen-aktiv-javito-krem-rancfeltolto-70-50ml\/","og_locale":"hu_HU","og_type":"article","og_title":"LIFT BOOSTER COLLAGEN AKT\u00cdV JAV\u00cdT\u00d3 KR\u00c9M-R\u00c1NCFELT\u00d6LT\u0150 70+ 50ml - Eveline Cosmetics Magyarorsz\u00e1g","og_description":"nappali \u00e9s \u00e9jszakai A kollag\u00e9n h\u00e1rmas ereje a b\u0151r meg\u00faj\u00edt\u00e1s\u00e1\u00e9rt. A fiatals\u00e1g innovat\u00edv, kozmetikai ter\u00e1pi\u00e1ja, amelyet non-invaz\u00edv eszt\u00e9tikai gy\u00f3gy\u00e1szati kezel\u00e9sek inspir\u00e1ltak. Az \u00f6reged\u00e9si t\u00fcneteket korrig\u00e1l\u00f3 injekci\u00f3k prec\u00edzen hat\u00f3 alternat\u00edv\u00e1ja. L\u00e1that\u00f3an cs\u00f6kkenti a kollag\u00e9nveszt\u00e9s jeleit a b\u0151rben, \u00edgy napr\u00f3l napra modellezett, [&hellip;]","og_url":"https:\/\/www.eveline.hu\/2016\/eveline-kozmetikumok-szepsegapolas\/termekcsaladok\/lift_booster_collagen\/lift-booster-collagen-aktiv-javito-krem-rancfeltolto-70-50ml\/","og_site_name":"Eveline Cosmetics Magyarorsz\u00e1g","article_modified_time":"2026-04-14T11:03:25+00:00","og_image":[{"width":750,"height":750,"url":"https:\/\/www.eveline.hu\/2016\/wp-content\/uploads\/2023\/11\/5903416058618-LIFT-BOOSTER-COLLAGEN-REPAIR-70-w.png","type":"image\/png"}],"twitter_card":"summary_large_image","twitter_misc":{"Becs\u00fclt olvas\u00e1si id\u0151":"1 perc"},"schema":{"@context":"https:\/\/schema.org","@graph":[{"@type":"WebPage","@id":"https:\/\/www.eveline.hu\/2016\/eveline-kozmetikumok-szepsegapolas\/termekcsaladok\/lift_booster_collagen\/lift-booster-collagen-aktiv-javito-krem-rancfeltolto-70-50ml\/","url":"https:\/\/www.eveline.hu\/2016\/eveline-kozmetikumok-szepsegapolas\/termekcsaladok\/lift_booster_collagen\/lift-booster-collagen-aktiv-javito-krem-rancfeltolto-70-50ml\/","name":"LIFT BOOSTER COLLAGEN AKT\u00cdV JAV\u00cdT\u00d3 KR\u00c9M-R\u00c1NCFELT\u00d6LT\u0150 70+ 50ml - Eveline Cosmetics Magyarorsz\u00e1g","isPartOf":{"@id":"https:\/\/www.eveline.hu\/2016\/#website"},"primaryImageOfPage":{"@id":"https:\/\/www.eveline.hu\/2016\/eveline-kozmetikumok-szepsegapolas\/termekcsaladok\/lift_booster_collagen\/lift-booster-collagen-aktiv-javito-krem-rancfeltolto-70-50ml\/#primaryimage"},"image":{"@id":"https:\/\/www.eveline.hu\/2016\/eveline-kozmetikumok-szepsegapolas\/termekcsaladok\/lift_booster_collagen\/lift-booster-collagen-aktiv-javito-krem-rancfeltolto-70-50ml\/#primaryimage"},"thumbnailUrl":"https:\/\/www.eveline.hu\/2016\/wp-content\/uploads\/2023\/11\/5903416058618-LIFT-BOOSTER-COLLAGEN-REPAIR-70-w.png","datePublished":"2023-11-21T10:10:33+00:00","dateModified":"2026-04-14T11:03:25+00:00","breadcrumb":{"@id":"https:\/\/www.eveline.hu\/2016\/eveline-kozmetikumok-szepsegapolas\/termekcsaladok\/lift_booster_collagen\/lift-booster-collagen-aktiv-javito-krem-rancfeltolto-70-50ml\/#breadcrumb"},"inLanguage":"hu","potentialAction":[{"@type":"ReadAction","target":["https:\/\/www.eveline.hu\/2016\/eveline-kozmetikumok-szepsegapolas\/termekcsaladok\/lift_booster_collagen\/lift-booster-collagen-aktiv-javito-krem-rancfeltolto-70-50ml\/"]}]},{"@type":"ImageObject","inLanguage":"hu","@id":"https:\/\/www.eveline.hu\/2016\/eveline-kozmetikumok-szepsegapolas\/termekcsaladok\/lift_booster_collagen\/lift-booster-collagen-aktiv-javito-krem-rancfeltolto-70-50ml\/#primaryimage","url":"https:\/\/www.eveline.hu\/2016\/wp-content\/uploads\/2023\/11\/5903416058618-LIFT-BOOSTER-COLLAGEN-REPAIR-70-w.png","contentUrl":"https:\/\/www.eveline.hu\/2016\/wp-content\/uploads\/2023\/11\/5903416058618-LIFT-BOOSTER-COLLAGEN-REPAIR-70-w.png","width":750,"height":750},{"@type":"BreadcrumbList","@id":"https:\/\/www.eveline.hu\/2016\/eveline-kozmetikumok-szepsegapolas\/termekcsaladok\/lift_booster_collagen\/lift-booster-collagen-aktiv-javito-krem-rancfeltolto-70-50ml\/#breadcrumb","itemListElement":[{"@type":"ListItem","position":1,"name":"Home","item":"https:\/\/www.eveline.hu\/2016\/"},{"@type":"ListItem","position":2,"name":"Term\u00e9kek","item":"https:\/\/www.eveline.hu\/2016\/shop\/"},{"@type":"ListItem","position":3,"name":"LIFT BOOSTER COLLAGEN AKT\u00cdV JAV\u00cdT\u00d3 KR\u00c9M-R\u00c1NCFELT\u00d6LT\u0150 70+ 50ml"}]},{"@type":"WebSite","@id":"https:\/\/www.eveline.hu\/2016\/#website","url":"https:\/\/www.eveline.hu\/2016\/","name":"Eveline Cosmetics Magyarorsz\u00e1g","description":"Min\u0151s\u00e9gi kozmetikumok Lengyelorsz\u00e1gb\u00f3l","potentialAction":[{"@type":"SearchAction","target":{"@type":"EntryPoint","urlTemplate":"https:\/\/www.eveline.hu\/2016\/?s={search_term_string}"},"query-input":"required name=search_term_string"}],"inLanguage":"hu"}]}},"_links":{"self":[{"href":"https:\/\/www.eveline.hu\/2016\/wp-json\/wp\/v2\/product\/30175"}],"collection":[{"href":"https:\/\/www.eveline.hu\/2016\/wp-json\/wp\/v2\/product"}],"about":[{"href":"https:\/\/www.eveline.hu\/2016\/wp-json\/wp\/v2\/types\/product"}],"replies":[{"embeddable":true,"href":"https:\/\/www.eveline.hu\/2016\/wp-json\/wp\/v2\/comments?post=30175"}],"wp:featuredmedia":[{"embeddable":true,"href":"https:\/\/www.eveline.hu\/2016\/wp-json\/wp\/v2\/media\/30177"}],"wp:attachment":[{"href":"https:\/\/www.eveline.hu\/2016\/wp-json\/wp\/v2\/media?parent=30175"}],"wp:term":[{"taxonomy":"product_cat","embeddable":true,"href":"https:\/\/www.eveline.hu\/2016\/wp-json\/wp\/v2\/product_cat?post=30175"},{"taxonomy":"product_tag","embeddable":true,"href":"https:\/\/www.eveline.hu\/2016\/wp-json\/wp\/v2\/product_tag?post=30175"}],"curies":[{"name":"wp","href":"https:\/\/api.w.org\/{rel}","templated":true}]}}