{"id":30150,"date":"2023-11-19T09:52:33","date_gmt":"2023-11-19T08:52:33","guid":{"rendered":"https:\/\/www.eveline.hu\/2016\/?post_type=product&#038;p=30150"},"modified":"2023-11-22T12:00:21","modified_gmt":"2023-11-22T11:00:21","slug":"gold-peptides-fiatalito-lifting-krem-60-50ml","status":"publish","type":"product","link":"https:\/\/www.eveline.hu\/2016\/eveline-kozmetikumok-szepsegapolas\/termekcsaladok\/gold_peptides\/gold-peptides-fiatalito-lifting-krem-60-50ml\/","title":{"rendered":"GOLD PEPTIDES Fiatal\u00edt\u00f3 Lifting-kr\u00e9m 60+ 50ml"},"content":{"rendered":"<p>arany peptiddel \u00e9s ceramidokkal<\/p>\n<p>nappali \u00e9s \u00e9jszakai<\/p>\n<p>Az Eveline laborat\u00f3riumaiban kifejlesztett luxus Gold Peptides sorozat az <strong>AgeBack Elixir<\/strong> alapj\u00e1n j\u00f6tt l\u00e9tre \u2013 20 \u00e9rt\u00e9kes n\u00f6v\u00e9nyi kivonatot, 7 t\u00e1pl\u00e1l\u00f3 olajat \u00e9s peptidkomplexet tartalmaz\u00f3 azonnali hat\u00e1s\u00fa fejlett kombin\u00e1ci\u00f3ja. A formul\u00e1ban tal\u00e1lhat\u00f3 <strong>EpiGold Peptide<\/strong> fiatals\u00e1g aranypeptidje, mely fokozza az \u00f6reged\u00e9sg\u00e1tl\u00f3 hat\u00e1st, biztos\u00edtva a r\u00e1ncok sz\u00e1m\u00e1nak, hossz\u00e1nak \u00e9s fel\u00fclet\u00e9nek l\u00e1tv\u00e1nyos cs\u00f6kkent\u00e9s\u00e9t, valamint a l\u00e1that\u00f3 liftinget.<\/p>\n<p>A gazdag formula jav\u00edtja a b\u0151r min\u0151s\u00e9g\u00e9t, cs\u00f6kkenti az \u00f6reged\u00e9s l\u00e1that\u00f3 jeleit. A ceramidokkal \u00e9s PhytoCellTec\u2122 \u0151ssejtekkel d\u00fas\u00edtott kr\u00e9m er\u0151s jav\u00edt\u00f3 hat\u00e1s\u00fa, l\u00e1that\u00f3an kisim\u00edtja a b\u0151r szerkezet\u00e9t.<\/p>\n<p><strong>Alkalmaz\u00e1s<\/strong>: minden reggel \u00e9s este gyeng\u00e9den d\u00f6rzs\u00f6lje be a kr\u00e9met a megtiszt\u00edtott arc, nyak \u00e9s dekolt\u00e1zs b\u0151r\u00e9be. T\u00f6k\u00e9letes sminkalap.<\/p>\n<p>\u00d6sszetev\u0151k:Aqua (Water), Propanediol, Glycerin, Behenyl Alcohol, Isononyl Isononanoate, Glyceryl Stearates, Triisostearin, Butylene Glycol, Octyldodecanol, Hydroxyethyl Acrylate\/Sodium Acryloyldimethyl Taurate Copolymer, Caprylic\/Capric Triglyceride, Lauryl Glucoside, Polyglyceryl-2 Dipolyhydroxystearate, Squalane, Aleurites Moluccanus Seed Oil, Argania Spinosa Kernel Oil, Camellia Japonica Seed Oil, Cocos Nucifera Oil, Macadamia Ternifolia Seed Oil, Sclerocarya Birrea Seed Oil, Simmondsia Chinensis Seed Oil, Rosa Damascena Flower Oil, Tocopheryl Acetate, Ceramide NP, Lecithin, Ceramide AP, Phytosphingosine, Cholesterol, Tetrapeptide-4, Acetyl Hexapeptide-8, N-Prolyl Palmitoyl Tripeptide-56 Acetate, Tripeptide-1, Copper Tripeptide-1, Ceramide EOP, Palmitoyl Pentapeptide-4, Colloidal Gold, Dipeptide Diaminobutyroyl Benzylamide Diacetate, Salvia Officinalis Leaf Extract, Rosa Canina Fruit Extract, Rosa Gallica Flower Extract, Calendula Officinalis Flower Extract, Malus Domestica Fruit Celi Culture Extract, Arctium Lappa Root Extract, Citrus Limon Fruit Extract, Humulus Lupulus Extract, Hypericum Perforatum Flower\/Leaf\/Stem Extract, Salvia Officinalis Leaf Extract, Saponaria Officinalis Root Extract, Centaurea Cyanus Flower Extract, Chamomilla Recutita Flower Extract, Chelidonium Majus Extract, Echinacea Purpurea Flower\/Leaf\/Stem Extract, Equisetum Arvense Leaf Extract, Hamamelis Virginiana Leaf Extract, Hippophae Rhamnoides Fruit Extract, Lavandula Angustifolia Flower Extract, Panax Ginseng Root Extract, Plantago Lanceolata Leaf Extract, Tussilago Farfara Flower\/Leaf Extract, Vanilla Planifolia Fruit Extract, Hydrolyzed Soy Protein, Hydrolyzed Wheat Protein, Phenoxyethanol, Hydroxyacetophenone, Ethylhexylglycerin, Potassium Sorbate, Pentylene Glycol, Caprylyl Glycol, 1,2-Hexanediol, Sodium Benzoate, Propylene Glycol, Polysorbate 60, Sorbitan Isostearate, Disodium EDTA, Citric Acid, Sodium Lauroyl Lactylate, Xanthan Gum, Sorbic Acid, Carbomer, Sodium Citrate, Parfum (Fragrance), Citral, Limonene.<\/p>\n<p><strong>A term\u00e9ket a <a href=\"http:\/\/www.kozmetikummania.hu\" target=\"_blank\" rel=\"noopener noreferrer\">www.kozmetikummania.hu<\/a> web\u00e1ruh\u00e1zban is megtal\u00e1lod, nagyobb term\u00e9kk\u00edn\u00e1lattal!<\/strong><\/p>\n","protected":false},"excerpt":{"rendered":"<p>arany peptiddel \u00e9s ceramidokkal nappali \u00e9s \u00e9jszakai Az Eveline laborat\u00f3riumaiban kifejlesztett luxus Gold Peptides sorozat az AgeBack Elixir alapj\u00e1n j\u00f6tt l\u00e9tre \u2013 20 \u00e9rt\u00e9kes n\u00f6v\u00e9nyi kivonatot, 7 t\u00e1pl\u00e1l\u00f3 olajat \u00e9s peptidkomplexet tartalmaz\u00f3 azonnali hat\u00e1s\u00fa fejlett kombin\u00e1ci\u00f3ja. A formul\u00e1ban tal\u00e1lhat\u00f3 EpiGold [&hellip;]<\/p>\n","protected":false},"featured_media":30151,"comment_status":"open","ping_status":"closed","template":"","meta":[],"product_cat":[304,80],"product_tag":[],"yoast_head":"<!-- This site is optimized with the Yoast SEO plugin v22.2 - https:\/\/yoast.com\/wordpress\/plugins\/seo\/ -->\n<title>GOLD PEPTIDES Fiatal\u00edt\u00f3 Lifting-kr\u00e9m 60+ 50ml - Eveline Cosmetics Magyarorsz\u00e1g<\/title>\n<meta name=\"robots\" content=\"index, follow, max-snippet:-1, max-image-preview:large, max-video-preview:-1\" \/>\n<link rel=\"canonical\" href=\"https:\/\/www.eveline.hu\/2016\/eveline-kozmetikumok-szepsegapolas\/termekcsaladok\/gold_peptides\/gold-peptides-fiatalito-lifting-krem-60-50ml\/\" \/>\n<meta property=\"og:locale\" content=\"hu_HU\" \/>\n<meta property=\"og:type\" content=\"article\" \/>\n<meta property=\"og:title\" content=\"GOLD PEPTIDES Fiatal\u00edt\u00f3 Lifting-kr\u00e9m 60+ 50ml - Eveline Cosmetics Magyarorsz\u00e1g\" \/>\n<meta property=\"og:description\" content=\"arany peptiddel \u00e9s ceramidokkal nappali \u00e9s \u00e9jszakai Az Eveline laborat\u00f3riumaiban kifejlesztett luxus Gold Peptides sorozat az AgeBack Elixir alapj\u00e1n j\u00f6tt l\u00e9tre \u2013 20 \u00e9rt\u00e9kes n\u00f6v\u00e9nyi kivonatot, 7 t\u00e1pl\u00e1l\u00f3 olajat \u00e9s peptidkomplexet tartalmaz\u00f3 azonnali hat\u00e1s\u00fa fejlett kombin\u00e1ci\u00f3ja. A formul\u00e1ban tal\u00e1lhat\u00f3 EpiGold [&hellip;]\" \/>\n<meta property=\"og:url\" content=\"https:\/\/www.eveline.hu\/2016\/eveline-kozmetikumok-szepsegapolas\/termekcsaladok\/gold_peptides\/gold-peptides-fiatalito-lifting-krem-60-50ml\/\" \/>\n<meta property=\"og:site_name\" content=\"Eveline Cosmetics Magyarorsz\u00e1g\" \/>\n<meta property=\"article:modified_time\" content=\"2023-11-22T11:00:21+00:00\" \/>\n<meta property=\"og:image\" content=\"https:\/\/www.eveline.hu\/2016\/wp-content\/uploads\/2023\/11\/5903416053057-GOLD-PEPTIDES-CREAM-LIFTING-60-50ML-w.png\" \/>\n\t<meta property=\"og:image:width\" content=\"750\" \/>\n\t<meta property=\"og:image:height\" content=\"750\" \/>\n\t<meta property=\"og:image:type\" content=\"image\/png\" \/>\n<meta name=\"twitter:card\" content=\"summary_large_image\" \/>\n<meta name=\"twitter:label1\" content=\"Becs\u00fclt olvas\u00e1si id\u0151\" \/>\n\t<meta name=\"twitter:data1\" content=\"2 perc\" \/>\n<script type=\"application\/ld+json\" class=\"yoast-schema-graph\">{\"@context\":\"https:\/\/schema.org\",\"@graph\":[{\"@type\":\"WebPage\",\"@id\":\"https:\/\/www.eveline.hu\/2016\/eveline-kozmetikumok-szepsegapolas\/termekcsaladok\/gold_peptides\/gold-peptides-fiatalito-lifting-krem-60-50ml\/\",\"url\":\"https:\/\/www.eveline.hu\/2016\/eveline-kozmetikumok-szepsegapolas\/termekcsaladok\/gold_peptides\/gold-peptides-fiatalito-lifting-krem-60-50ml\/\",\"name\":\"GOLD PEPTIDES Fiatal\u00edt\u00f3 Lifting-kr\u00e9m 60+ 50ml - Eveline Cosmetics Magyarorsz\u00e1g\",\"isPartOf\":{\"@id\":\"https:\/\/www.eveline.hu\/2016\/#website\"},\"primaryImageOfPage\":{\"@id\":\"https:\/\/www.eveline.hu\/2016\/eveline-kozmetikumok-szepsegapolas\/termekcsaladok\/gold_peptides\/gold-peptides-fiatalito-lifting-krem-60-50ml\/#primaryimage\"},\"image\":{\"@id\":\"https:\/\/www.eveline.hu\/2016\/eveline-kozmetikumok-szepsegapolas\/termekcsaladok\/gold_peptides\/gold-peptides-fiatalito-lifting-krem-60-50ml\/#primaryimage\"},\"thumbnailUrl\":\"https:\/\/www.eveline.hu\/2016\/wp-content\/uploads\/2023\/11\/5903416053057-GOLD-PEPTIDES-CREAM-LIFTING-60-50ML-w.png\",\"datePublished\":\"2023-11-19T08:52:33+00:00\",\"dateModified\":\"2023-11-22T11:00:21+00:00\",\"breadcrumb\":{\"@id\":\"https:\/\/www.eveline.hu\/2016\/eveline-kozmetikumok-szepsegapolas\/termekcsaladok\/gold_peptides\/gold-peptides-fiatalito-lifting-krem-60-50ml\/#breadcrumb\"},\"inLanguage\":\"hu\",\"potentialAction\":[{\"@type\":\"ReadAction\",\"target\":[\"https:\/\/www.eveline.hu\/2016\/eveline-kozmetikumok-szepsegapolas\/termekcsaladok\/gold_peptides\/gold-peptides-fiatalito-lifting-krem-60-50ml\/\"]}]},{\"@type\":\"ImageObject\",\"inLanguage\":\"hu\",\"@id\":\"https:\/\/www.eveline.hu\/2016\/eveline-kozmetikumok-szepsegapolas\/termekcsaladok\/gold_peptides\/gold-peptides-fiatalito-lifting-krem-60-50ml\/#primaryimage\",\"url\":\"https:\/\/www.eveline.hu\/2016\/wp-content\/uploads\/2023\/11\/5903416053057-GOLD-PEPTIDES-CREAM-LIFTING-60-50ML-w.png\",\"contentUrl\":\"https:\/\/www.eveline.hu\/2016\/wp-content\/uploads\/2023\/11\/5903416053057-GOLD-PEPTIDES-CREAM-LIFTING-60-50ML-w.png\",\"width\":750,\"height\":750},{\"@type\":\"BreadcrumbList\",\"@id\":\"https:\/\/www.eveline.hu\/2016\/eveline-kozmetikumok-szepsegapolas\/termekcsaladok\/gold_peptides\/gold-peptides-fiatalito-lifting-krem-60-50ml\/#breadcrumb\",\"itemListElement\":[{\"@type\":\"ListItem\",\"position\":1,\"name\":\"Home\",\"item\":\"https:\/\/www.eveline.hu\/2016\/\"},{\"@type\":\"ListItem\",\"position\":2,\"name\":\"Term\u00e9kek\",\"item\":\"https:\/\/www.eveline.hu\/2016\/shop\/\"},{\"@type\":\"ListItem\",\"position\":3,\"name\":\"GOLD PEPTIDES Fiatal\u00edt\u00f3 Lifting-kr\u00e9m 60+ 50ml\"}]},{\"@type\":\"WebSite\",\"@id\":\"https:\/\/www.eveline.hu\/2016\/#website\",\"url\":\"https:\/\/www.eveline.hu\/2016\/\",\"name\":\"Eveline Cosmetics Magyarorsz\u00e1g\",\"description\":\"Min\u0151s\u00e9gi kozmetikumok Lengyelorsz\u00e1gb\u00f3l\",\"potentialAction\":[{\"@type\":\"SearchAction\",\"target\":{\"@type\":\"EntryPoint\",\"urlTemplate\":\"https:\/\/www.eveline.hu\/2016\/?s={search_term_string}\"},\"query-input\":\"required name=search_term_string\"}],\"inLanguage\":\"hu\"}]}<\/script>\n<!-- \/ Yoast SEO plugin. -->","yoast_head_json":{"title":"GOLD PEPTIDES Fiatal\u00edt\u00f3 Lifting-kr\u00e9m 60+ 50ml - Eveline Cosmetics Magyarorsz\u00e1g","robots":{"index":"index","follow":"follow","max-snippet":"max-snippet:-1","max-image-preview":"max-image-preview:large","max-video-preview":"max-video-preview:-1"},"canonical":"https:\/\/www.eveline.hu\/2016\/eveline-kozmetikumok-szepsegapolas\/termekcsaladok\/gold_peptides\/gold-peptides-fiatalito-lifting-krem-60-50ml\/","og_locale":"hu_HU","og_type":"article","og_title":"GOLD PEPTIDES Fiatal\u00edt\u00f3 Lifting-kr\u00e9m 60+ 50ml - Eveline Cosmetics Magyarorsz\u00e1g","og_description":"arany peptiddel \u00e9s ceramidokkal nappali \u00e9s \u00e9jszakai Az Eveline laborat\u00f3riumaiban kifejlesztett luxus Gold Peptides sorozat az AgeBack Elixir alapj\u00e1n j\u00f6tt l\u00e9tre \u2013 20 \u00e9rt\u00e9kes n\u00f6v\u00e9nyi kivonatot, 7 t\u00e1pl\u00e1l\u00f3 olajat \u00e9s peptidkomplexet tartalmaz\u00f3 azonnali hat\u00e1s\u00fa fejlett kombin\u00e1ci\u00f3ja. A formul\u00e1ban tal\u00e1lhat\u00f3 EpiGold [&hellip;]","og_url":"https:\/\/www.eveline.hu\/2016\/eveline-kozmetikumok-szepsegapolas\/termekcsaladok\/gold_peptides\/gold-peptides-fiatalito-lifting-krem-60-50ml\/","og_site_name":"Eveline Cosmetics Magyarorsz\u00e1g","article_modified_time":"2023-11-22T11:00:21+00:00","og_image":[{"width":750,"height":750,"url":"https:\/\/www.eveline.hu\/2016\/wp-content\/uploads\/2023\/11\/5903416053057-GOLD-PEPTIDES-CREAM-LIFTING-60-50ML-w.png","type":"image\/png"}],"twitter_card":"summary_large_image","twitter_misc":{"Becs\u00fclt olvas\u00e1si id\u0151":"2 perc"},"schema":{"@context":"https:\/\/schema.org","@graph":[{"@type":"WebPage","@id":"https:\/\/www.eveline.hu\/2016\/eveline-kozmetikumok-szepsegapolas\/termekcsaladok\/gold_peptides\/gold-peptides-fiatalito-lifting-krem-60-50ml\/","url":"https:\/\/www.eveline.hu\/2016\/eveline-kozmetikumok-szepsegapolas\/termekcsaladok\/gold_peptides\/gold-peptides-fiatalito-lifting-krem-60-50ml\/","name":"GOLD PEPTIDES Fiatal\u00edt\u00f3 Lifting-kr\u00e9m 60+ 50ml - Eveline Cosmetics Magyarorsz\u00e1g","isPartOf":{"@id":"https:\/\/www.eveline.hu\/2016\/#website"},"primaryImageOfPage":{"@id":"https:\/\/www.eveline.hu\/2016\/eveline-kozmetikumok-szepsegapolas\/termekcsaladok\/gold_peptides\/gold-peptides-fiatalito-lifting-krem-60-50ml\/#primaryimage"},"image":{"@id":"https:\/\/www.eveline.hu\/2016\/eveline-kozmetikumok-szepsegapolas\/termekcsaladok\/gold_peptides\/gold-peptides-fiatalito-lifting-krem-60-50ml\/#primaryimage"},"thumbnailUrl":"https:\/\/www.eveline.hu\/2016\/wp-content\/uploads\/2023\/11\/5903416053057-GOLD-PEPTIDES-CREAM-LIFTING-60-50ML-w.png","datePublished":"2023-11-19T08:52:33+00:00","dateModified":"2023-11-22T11:00:21+00:00","breadcrumb":{"@id":"https:\/\/www.eveline.hu\/2016\/eveline-kozmetikumok-szepsegapolas\/termekcsaladok\/gold_peptides\/gold-peptides-fiatalito-lifting-krem-60-50ml\/#breadcrumb"},"inLanguage":"hu","potentialAction":[{"@type":"ReadAction","target":["https:\/\/www.eveline.hu\/2016\/eveline-kozmetikumok-szepsegapolas\/termekcsaladok\/gold_peptides\/gold-peptides-fiatalito-lifting-krem-60-50ml\/"]}]},{"@type":"ImageObject","inLanguage":"hu","@id":"https:\/\/www.eveline.hu\/2016\/eveline-kozmetikumok-szepsegapolas\/termekcsaladok\/gold_peptides\/gold-peptides-fiatalito-lifting-krem-60-50ml\/#primaryimage","url":"https:\/\/www.eveline.hu\/2016\/wp-content\/uploads\/2023\/11\/5903416053057-GOLD-PEPTIDES-CREAM-LIFTING-60-50ML-w.png","contentUrl":"https:\/\/www.eveline.hu\/2016\/wp-content\/uploads\/2023\/11\/5903416053057-GOLD-PEPTIDES-CREAM-LIFTING-60-50ML-w.png","width":750,"height":750},{"@type":"BreadcrumbList","@id":"https:\/\/www.eveline.hu\/2016\/eveline-kozmetikumok-szepsegapolas\/termekcsaladok\/gold_peptides\/gold-peptides-fiatalito-lifting-krem-60-50ml\/#breadcrumb","itemListElement":[{"@type":"ListItem","position":1,"name":"Home","item":"https:\/\/www.eveline.hu\/2016\/"},{"@type":"ListItem","position":2,"name":"Term\u00e9kek","item":"https:\/\/www.eveline.hu\/2016\/shop\/"},{"@type":"ListItem","position":3,"name":"GOLD PEPTIDES Fiatal\u00edt\u00f3 Lifting-kr\u00e9m 60+ 50ml"}]},{"@type":"WebSite","@id":"https:\/\/www.eveline.hu\/2016\/#website","url":"https:\/\/www.eveline.hu\/2016\/","name":"Eveline Cosmetics Magyarorsz\u00e1g","description":"Min\u0151s\u00e9gi kozmetikumok Lengyelorsz\u00e1gb\u00f3l","potentialAction":[{"@type":"SearchAction","target":{"@type":"EntryPoint","urlTemplate":"https:\/\/www.eveline.hu\/2016\/?s={search_term_string}"},"query-input":"required name=search_term_string"}],"inLanguage":"hu"}]}},"_links":{"self":[{"href":"https:\/\/www.eveline.hu\/2016\/wp-json\/wp\/v2\/product\/30150"}],"collection":[{"href":"https:\/\/www.eveline.hu\/2016\/wp-json\/wp\/v2\/product"}],"about":[{"href":"https:\/\/www.eveline.hu\/2016\/wp-json\/wp\/v2\/types\/product"}],"replies":[{"embeddable":true,"href":"https:\/\/www.eveline.hu\/2016\/wp-json\/wp\/v2\/comments?post=30150"}],"wp:featuredmedia":[{"embeddable":true,"href":"https:\/\/www.eveline.hu\/2016\/wp-json\/wp\/v2\/media\/30151"}],"wp:attachment":[{"href":"https:\/\/www.eveline.hu\/2016\/wp-json\/wp\/v2\/media?parent=30150"}],"wp:term":[{"taxonomy":"product_cat","embeddable":true,"href":"https:\/\/www.eveline.hu\/2016\/wp-json\/wp\/v2\/product_cat?post=30150"},{"taxonomy":"product_tag","embeddable":true,"href":"https:\/\/www.eveline.hu\/2016\/wp-json\/wp\/v2\/product_tag?post=30150"}],"curies":[{"name":"wp","href":"https:\/\/api.w.org\/{rel}","templated":true}]}}