{"id":30141,"date":"2023-11-17T12:28:21","date_gmt":"2023-11-17T11:28:21","guid":{"rendered":"https:\/\/www.eveline.hu\/2016\/?post_type=product&#038;p=30141"},"modified":"2025-10-08T17:31:30","modified_gmt":"2025-10-08T15:31:30","slug":"vitamin-c-vilagosito-es-husito-szemkornyekszerum-roll-on-15ml","status":"publish","type":"product","link":"https:\/\/www.eveline.hu\/2016\/eveline-kozmetikumok-szepsegapolas\/termekcsaladok\/vitamin_c_3xaction\/vitamin-c-vilagosito-es-husito-szemkornyekszerum-roll-on-15ml\/","title":{"rendered":"VITAMIN C Vil\u00e1gos\u00edt\u00f3 \u00e9s h\u0171s\u00edt\u0151 szemk\u00f6rny\u00e9ksz\u00e9rum Roll-on 15ml"},"content":{"rendered":"<p><strong>nappali \u00e9s \u00e9jszakai<\/strong><\/p>\n<p>A C-VITAMIN 3 STABIL FORM\u00c1JA<\/p>\n<p>Fedezze fel a C-vitamin h\u00e1rmas erej\u00e9t, \u00e9s \u00e9bressze fel b\u0151re term\u00e9szetes ragyog\u00e1s\u00e1t!<\/p>\n<p>A term\u00e9kcsal\u00e1d tov\u00e1bbfejlesztett formul\u00e1ja a C-vitamin legstabilabb form\u00e1it \u00f6tv\u00f6zi az \u00f6sszetev\u0151kkel,<\/p>\n<p>amelyek feler\u0151s\u00edtik vil\u00e1gos\u00edt\u00f3 \u00e9s revitaliz\u00e1l\u00f3 hat\u00e1sukat, \u00edgy hihetetlen\u00fcl r\u00f6vid id\u0151 alatt l\u00e1tv\u00e1nyos eredm\u00e9nyeket \u00e9rhet el.<\/p>\n<p>Gyorsan cs\u00f6kkenti a s\u00f6t\u00e9t karik\u00e1kat \u00e9s a szem alatti duzzanatot, hidrat\u00e1l \u00e9s vil\u00e1gos\u00edt. Regener\u00e1l\u00f3 hat\u00e1s\u00e1t savakkal<\/p>\n<p>fokozz\u00e1k &#8211; tranex\u00e1m- hialuron-, valamint Tri-peptid komplexumok- amelyek azonnal cs\u00f6kkentik a f\u00e1radts\u00e1g t\u00fcneteit \u00e9s az \u00f6reged\u00e9s els\u0151 jeleit, mint p\u00e9ld\u00e1ul a finom vonalak \u00e9s lel\u00f3g\u00f3 szemh\u00e9jb\u0151r.<\/p>\n<p><strong>ALKALMAZ\u00c1S<\/strong>: reggel \u00e9s\/vagy este gyeng\u00e9den massz\u00edrozza a sz\u00e9rumot az applik\u00e1torral a szem k\u00f6r\u00fcli b\u0151rre, bele\u00e9rtve a fels\u0151 szemh\u00e9jat \u00e9s a szem\u00f6ld\u00f6k\u00edvet.<\/p>\n<p>\u00d6sszetev\u0151k:Aqua (Water), Glycerin, PEG-40 Hydrogenated Castor Oil, Caffeine, Menthyl Lactate, Ascorbyl Tetraisopalmitate, Ascorbyl Glucoside, Ascorbyl Palmitate, Tranexamic Acid, Palmitoyl Tripeptide-38, Palmitoyl Tripeptide-1, Palmitoyl Totrapeptide-7, Sodium Hyaluronate, Pullulan, Hydroxypropyl Cyclodextrin, Sodium Lactate, Acrylates\/C-10-30 Alkyl Acrylate Crosspolymer, PPG-26-Buteth-26, Coco-Glucoside, Carbomer, Ethylhexylglycerin, Phenoxyethanol, Butylene Glycol, Triethanolamine.<\/p>\n","protected":false},"excerpt":{"rendered":"<p>nappali \u00e9s \u00e9jszakai A C-VITAMIN 3 STABIL FORM\u00c1JA Fedezze fel a C-vitamin h\u00e1rmas erej\u00e9t, \u00e9s \u00e9bressze fel b\u0151re term\u00e9szetes ragyog\u00e1s\u00e1t! A term\u00e9kcsal\u00e1d tov\u00e1bbfejlesztett formul\u00e1ja a C-vitamin legstabilabb form\u00e1it \u00f6tv\u00f6zi az \u00f6sszetev\u0151kkel, amelyek feler\u0151s\u00edtik vil\u00e1gos\u00edt\u00f3 \u00e9s revitaliz\u00e1l\u00f3 hat\u00e1sukat, \u00edgy hihetetlen\u00fcl r\u00f6vid [&hellip;]<\/p>\n","protected":false},"featured_media":30142,"comment_status":"open","ping_status":"closed","template":"","meta":[],"product_cat":[296,214,80],"product_tag":[],"yoast_head":"<!-- This site is optimized with the Yoast SEO plugin v22.2 - https:\/\/yoast.com\/wordpress\/plugins\/seo\/ -->\n<title>VITAMIN C Vil\u00e1gos\u00edt\u00f3 \u00e9s h\u0171s\u00edt\u0151 szemk\u00f6rny\u00e9ksz\u00e9rum Roll-on 15ml - Eveline Cosmetics Magyarorsz\u00e1g<\/title>\n<meta name=\"robots\" content=\"index, follow, max-snippet:-1, max-image-preview:large, max-video-preview:-1\" \/>\n<link rel=\"canonical\" href=\"https:\/\/www.eveline.hu\/2016\/eveline-kozmetikumok-szepsegapolas\/termekcsaladok\/vitamin_c_3xaction\/vitamin-c-vilagosito-es-husito-szemkornyekszerum-roll-on-15ml\/\" \/>\n<meta property=\"og:locale\" content=\"hu_HU\" \/>\n<meta property=\"og:type\" content=\"article\" \/>\n<meta property=\"og:title\" content=\"VITAMIN C Vil\u00e1gos\u00edt\u00f3 \u00e9s h\u0171s\u00edt\u0151 szemk\u00f6rny\u00e9ksz\u00e9rum Roll-on 15ml - Eveline Cosmetics Magyarorsz\u00e1g\" \/>\n<meta property=\"og:description\" content=\"nappali \u00e9s \u00e9jszakai A C-VITAMIN 3 STABIL FORM\u00c1JA Fedezze fel a C-vitamin h\u00e1rmas erej\u00e9t, \u00e9s \u00e9bressze fel b\u0151re term\u00e9szetes ragyog\u00e1s\u00e1t! A term\u00e9kcsal\u00e1d tov\u00e1bbfejlesztett formul\u00e1ja a C-vitamin legstabilabb form\u00e1it \u00f6tv\u00f6zi az \u00f6sszetev\u0151kkel, amelyek feler\u0151s\u00edtik vil\u00e1gos\u00edt\u00f3 \u00e9s revitaliz\u00e1l\u00f3 hat\u00e1sukat, \u00edgy hihetetlen\u00fcl r\u00f6vid [&hellip;]\" \/>\n<meta property=\"og:url\" content=\"https:\/\/www.eveline.hu\/2016\/eveline-kozmetikumok-szepsegapolas\/termekcsaladok\/vitamin_c_3xaction\/vitamin-c-vilagosito-es-husito-szemkornyekszerum-roll-on-15ml\/\" \/>\n<meta property=\"og:site_name\" content=\"Eveline Cosmetics Magyarorsz\u00e1g\" \/>\n<meta property=\"article:modified_time\" content=\"2025-10-08T15:31:30+00:00\" \/>\n<meta property=\"og:image\" content=\"https:\/\/www.eveline.hu\/2016\/wp-content\/uploads\/2023\/11\/5903416053392-VITAMIN-C-3XACTION-ROLL-ON-EYE-SERUM-15ML-w.png\" \/>\n\t<meta property=\"og:image:width\" content=\"750\" \/>\n\t<meta property=\"og:image:height\" content=\"750\" \/>\n\t<meta property=\"og:image:type\" content=\"image\/png\" \/>\n<meta name=\"twitter:card\" content=\"summary_large_image\" \/>\n<meta name=\"twitter:label1\" content=\"Becs\u00fclt olvas\u00e1si id\u0151\" \/>\n\t<meta name=\"twitter:data1\" content=\"1 perc\" \/>\n<script type=\"application\/ld+json\" class=\"yoast-schema-graph\">{\"@context\":\"https:\/\/schema.org\",\"@graph\":[{\"@type\":\"WebPage\",\"@id\":\"https:\/\/www.eveline.hu\/2016\/eveline-kozmetikumok-szepsegapolas\/termekcsaladok\/vitamin_c_3xaction\/vitamin-c-vilagosito-es-husito-szemkornyekszerum-roll-on-15ml\/\",\"url\":\"https:\/\/www.eveline.hu\/2016\/eveline-kozmetikumok-szepsegapolas\/termekcsaladok\/vitamin_c_3xaction\/vitamin-c-vilagosito-es-husito-szemkornyekszerum-roll-on-15ml\/\",\"name\":\"VITAMIN C Vil\u00e1gos\u00edt\u00f3 \u00e9s h\u0171s\u00edt\u0151 szemk\u00f6rny\u00e9ksz\u00e9rum Roll-on 15ml - Eveline Cosmetics Magyarorsz\u00e1g\",\"isPartOf\":{\"@id\":\"https:\/\/www.eveline.hu\/2016\/#website\"},\"primaryImageOfPage\":{\"@id\":\"https:\/\/www.eveline.hu\/2016\/eveline-kozmetikumok-szepsegapolas\/termekcsaladok\/vitamin_c_3xaction\/vitamin-c-vilagosito-es-husito-szemkornyekszerum-roll-on-15ml\/#primaryimage\"},\"image\":{\"@id\":\"https:\/\/www.eveline.hu\/2016\/eveline-kozmetikumok-szepsegapolas\/termekcsaladok\/vitamin_c_3xaction\/vitamin-c-vilagosito-es-husito-szemkornyekszerum-roll-on-15ml\/#primaryimage\"},\"thumbnailUrl\":\"https:\/\/www.eveline.hu\/2016\/wp-content\/uploads\/2023\/11\/5903416053392-VITAMIN-C-3XACTION-ROLL-ON-EYE-SERUM-15ML-w.png\",\"datePublished\":\"2023-11-17T11:28:21+00:00\",\"dateModified\":\"2025-10-08T15:31:30+00:00\",\"breadcrumb\":{\"@id\":\"https:\/\/www.eveline.hu\/2016\/eveline-kozmetikumok-szepsegapolas\/termekcsaladok\/vitamin_c_3xaction\/vitamin-c-vilagosito-es-husito-szemkornyekszerum-roll-on-15ml\/#breadcrumb\"},\"inLanguage\":\"hu\",\"potentialAction\":[{\"@type\":\"ReadAction\",\"target\":[\"https:\/\/www.eveline.hu\/2016\/eveline-kozmetikumok-szepsegapolas\/termekcsaladok\/vitamin_c_3xaction\/vitamin-c-vilagosito-es-husito-szemkornyekszerum-roll-on-15ml\/\"]}]},{\"@type\":\"ImageObject\",\"inLanguage\":\"hu\",\"@id\":\"https:\/\/www.eveline.hu\/2016\/eveline-kozmetikumok-szepsegapolas\/termekcsaladok\/vitamin_c_3xaction\/vitamin-c-vilagosito-es-husito-szemkornyekszerum-roll-on-15ml\/#primaryimage\",\"url\":\"https:\/\/www.eveline.hu\/2016\/wp-content\/uploads\/2023\/11\/5903416053392-VITAMIN-C-3XACTION-ROLL-ON-EYE-SERUM-15ML-w.png\",\"contentUrl\":\"https:\/\/www.eveline.hu\/2016\/wp-content\/uploads\/2023\/11\/5903416053392-VITAMIN-C-3XACTION-ROLL-ON-EYE-SERUM-15ML-w.png\",\"width\":750,\"height\":750},{\"@type\":\"BreadcrumbList\",\"@id\":\"https:\/\/www.eveline.hu\/2016\/eveline-kozmetikumok-szepsegapolas\/termekcsaladok\/vitamin_c_3xaction\/vitamin-c-vilagosito-es-husito-szemkornyekszerum-roll-on-15ml\/#breadcrumb\",\"itemListElement\":[{\"@type\":\"ListItem\",\"position\":1,\"name\":\"Home\",\"item\":\"https:\/\/www.eveline.hu\/2016\/\"},{\"@type\":\"ListItem\",\"position\":2,\"name\":\"Term\u00e9kek\",\"item\":\"https:\/\/www.eveline.hu\/2016\/shop\/\"},{\"@type\":\"ListItem\",\"position\":3,\"name\":\"VITAMIN C Vil\u00e1gos\u00edt\u00f3 \u00e9s h\u0171s\u00edt\u0151 szemk\u00f6rny\u00e9ksz\u00e9rum Roll-on 15ml\"}]},{\"@type\":\"WebSite\",\"@id\":\"https:\/\/www.eveline.hu\/2016\/#website\",\"url\":\"https:\/\/www.eveline.hu\/2016\/\",\"name\":\"Eveline Cosmetics Magyarorsz\u00e1g\",\"description\":\"Min\u0151s\u00e9gi kozmetikumok Lengyelorsz\u00e1gb\u00f3l\",\"potentialAction\":[{\"@type\":\"SearchAction\",\"target\":{\"@type\":\"EntryPoint\",\"urlTemplate\":\"https:\/\/www.eveline.hu\/2016\/?s={search_term_string}\"},\"query-input\":\"required name=search_term_string\"}],\"inLanguage\":\"hu\"}]}<\/script>\n<!-- \/ Yoast SEO plugin. -->","yoast_head_json":{"title":"VITAMIN C Vil\u00e1gos\u00edt\u00f3 \u00e9s h\u0171s\u00edt\u0151 szemk\u00f6rny\u00e9ksz\u00e9rum Roll-on 15ml - Eveline Cosmetics Magyarorsz\u00e1g","robots":{"index":"index","follow":"follow","max-snippet":"max-snippet:-1","max-image-preview":"max-image-preview:large","max-video-preview":"max-video-preview:-1"},"canonical":"https:\/\/www.eveline.hu\/2016\/eveline-kozmetikumok-szepsegapolas\/termekcsaladok\/vitamin_c_3xaction\/vitamin-c-vilagosito-es-husito-szemkornyekszerum-roll-on-15ml\/","og_locale":"hu_HU","og_type":"article","og_title":"VITAMIN C Vil\u00e1gos\u00edt\u00f3 \u00e9s h\u0171s\u00edt\u0151 szemk\u00f6rny\u00e9ksz\u00e9rum Roll-on 15ml - Eveline Cosmetics Magyarorsz\u00e1g","og_description":"nappali \u00e9s \u00e9jszakai A C-VITAMIN 3 STABIL FORM\u00c1JA Fedezze fel a C-vitamin h\u00e1rmas erej\u00e9t, \u00e9s \u00e9bressze fel b\u0151re term\u00e9szetes ragyog\u00e1s\u00e1t! A term\u00e9kcsal\u00e1d tov\u00e1bbfejlesztett formul\u00e1ja a C-vitamin legstabilabb form\u00e1it \u00f6tv\u00f6zi az \u00f6sszetev\u0151kkel, amelyek feler\u0151s\u00edtik vil\u00e1gos\u00edt\u00f3 \u00e9s revitaliz\u00e1l\u00f3 hat\u00e1sukat, \u00edgy hihetetlen\u00fcl r\u00f6vid [&hellip;]","og_url":"https:\/\/www.eveline.hu\/2016\/eveline-kozmetikumok-szepsegapolas\/termekcsaladok\/vitamin_c_3xaction\/vitamin-c-vilagosito-es-husito-szemkornyekszerum-roll-on-15ml\/","og_site_name":"Eveline Cosmetics Magyarorsz\u00e1g","article_modified_time":"2025-10-08T15:31:30+00:00","og_image":[{"width":750,"height":750,"url":"https:\/\/www.eveline.hu\/2016\/wp-content\/uploads\/2023\/11\/5903416053392-VITAMIN-C-3XACTION-ROLL-ON-EYE-SERUM-15ML-w.png","type":"image\/png"}],"twitter_card":"summary_large_image","twitter_misc":{"Becs\u00fclt olvas\u00e1si id\u0151":"1 perc"},"schema":{"@context":"https:\/\/schema.org","@graph":[{"@type":"WebPage","@id":"https:\/\/www.eveline.hu\/2016\/eveline-kozmetikumok-szepsegapolas\/termekcsaladok\/vitamin_c_3xaction\/vitamin-c-vilagosito-es-husito-szemkornyekszerum-roll-on-15ml\/","url":"https:\/\/www.eveline.hu\/2016\/eveline-kozmetikumok-szepsegapolas\/termekcsaladok\/vitamin_c_3xaction\/vitamin-c-vilagosito-es-husito-szemkornyekszerum-roll-on-15ml\/","name":"VITAMIN C Vil\u00e1gos\u00edt\u00f3 \u00e9s h\u0171s\u00edt\u0151 szemk\u00f6rny\u00e9ksz\u00e9rum Roll-on 15ml - Eveline Cosmetics Magyarorsz\u00e1g","isPartOf":{"@id":"https:\/\/www.eveline.hu\/2016\/#website"},"primaryImageOfPage":{"@id":"https:\/\/www.eveline.hu\/2016\/eveline-kozmetikumok-szepsegapolas\/termekcsaladok\/vitamin_c_3xaction\/vitamin-c-vilagosito-es-husito-szemkornyekszerum-roll-on-15ml\/#primaryimage"},"image":{"@id":"https:\/\/www.eveline.hu\/2016\/eveline-kozmetikumok-szepsegapolas\/termekcsaladok\/vitamin_c_3xaction\/vitamin-c-vilagosito-es-husito-szemkornyekszerum-roll-on-15ml\/#primaryimage"},"thumbnailUrl":"https:\/\/www.eveline.hu\/2016\/wp-content\/uploads\/2023\/11\/5903416053392-VITAMIN-C-3XACTION-ROLL-ON-EYE-SERUM-15ML-w.png","datePublished":"2023-11-17T11:28:21+00:00","dateModified":"2025-10-08T15:31:30+00:00","breadcrumb":{"@id":"https:\/\/www.eveline.hu\/2016\/eveline-kozmetikumok-szepsegapolas\/termekcsaladok\/vitamin_c_3xaction\/vitamin-c-vilagosito-es-husito-szemkornyekszerum-roll-on-15ml\/#breadcrumb"},"inLanguage":"hu","potentialAction":[{"@type":"ReadAction","target":["https:\/\/www.eveline.hu\/2016\/eveline-kozmetikumok-szepsegapolas\/termekcsaladok\/vitamin_c_3xaction\/vitamin-c-vilagosito-es-husito-szemkornyekszerum-roll-on-15ml\/"]}]},{"@type":"ImageObject","inLanguage":"hu","@id":"https:\/\/www.eveline.hu\/2016\/eveline-kozmetikumok-szepsegapolas\/termekcsaladok\/vitamin_c_3xaction\/vitamin-c-vilagosito-es-husito-szemkornyekszerum-roll-on-15ml\/#primaryimage","url":"https:\/\/www.eveline.hu\/2016\/wp-content\/uploads\/2023\/11\/5903416053392-VITAMIN-C-3XACTION-ROLL-ON-EYE-SERUM-15ML-w.png","contentUrl":"https:\/\/www.eveline.hu\/2016\/wp-content\/uploads\/2023\/11\/5903416053392-VITAMIN-C-3XACTION-ROLL-ON-EYE-SERUM-15ML-w.png","width":750,"height":750},{"@type":"BreadcrumbList","@id":"https:\/\/www.eveline.hu\/2016\/eveline-kozmetikumok-szepsegapolas\/termekcsaladok\/vitamin_c_3xaction\/vitamin-c-vilagosito-es-husito-szemkornyekszerum-roll-on-15ml\/#breadcrumb","itemListElement":[{"@type":"ListItem","position":1,"name":"Home","item":"https:\/\/www.eveline.hu\/2016\/"},{"@type":"ListItem","position":2,"name":"Term\u00e9kek","item":"https:\/\/www.eveline.hu\/2016\/shop\/"},{"@type":"ListItem","position":3,"name":"VITAMIN C Vil\u00e1gos\u00edt\u00f3 \u00e9s h\u0171s\u00edt\u0151 szemk\u00f6rny\u00e9ksz\u00e9rum Roll-on 15ml"}]},{"@type":"WebSite","@id":"https:\/\/www.eveline.hu\/2016\/#website","url":"https:\/\/www.eveline.hu\/2016\/","name":"Eveline Cosmetics Magyarorsz\u00e1g","description":"Min\u0151s\u00e9gi kozmetikumok Lengyelorsz\u00e1gb\u00f3l","potentialAction":[{"@type":"SearchAction","target":{"@type":"EntryPoint","urlTemplate":"https:\/\/www.eveline.hu\/2016\/?s={search_term_string}"},"query-input":"required name=search_term_string"}],"inLanguage":"hu"}]}},"_links":{"self":[{"href":"https:\/\/www.eveline.hu\/2016\/wp-json\/wp\/v2\/product\/30141"}],"collection":[{"href":"https:\/\/www.eveline.hu\/2016\/wp-json\/wp\/v2\/product"}],"about":[{"href":"https:\/\/www.eveline.hu\/2016\/wp-json\/wp\/v2\/types\/product"}],"replies":[{"embeddable":true,"href":"https:\/\/www.eveline.hu\/2016\/wp-json\/wp\/v2\/comments?post=30141"}],"wp:featuredmedia":[{"embeddable":true,"href":"https:\/\/www.eveline.hu\/2016\/wp-json\/wp\/v2\/media\/30142"}],"wp:attachment":[{"href":"https:\/\/www.eveline.hu\/2016\/wp-json\/wp\/v2\/media?parent=30141"}],"wp:term":[{"taxonomy":"product_cat","embeddable":true,"href":"https:\/\/www.eveline.hu\/2016\/wp-json\/wp\/v2\/product_cat?post=30141"},{"taxonomy":"product_tag","embeddable":true,"href":"https:\/\/www.eveline.hu\/2016\/wp-json\/wp\/v2\/product_tag?post=30141"}],"curies":[{"name":"wp","href":"https:\/\/api.w.org\/{rel}","templated":true}]}}