{"id":30139,"date":"2023-11-17T12:14:43","date_gmt":"2023-11-17T11:14:43","guid":{"rendered":"https:\/\/www.eveline.hu\/2016\/?post_type=product&#038;p=30139"},"modified":"2025-06-19T15:50:13","modified_gmt":"2025-06-19T13:50:13","slug":"vitamin-c-hidratalo-es-vedo-arckrem-spf-50-30ml","status":"publish","type":"product","link":"https:\/\/www.eveline.hu\/2016\/eveline-kozmetikumok-szepsegapolas\/termekcsaladok\/vitamin_c_3xaction\/vitamin-c-hidratalo-es-vedo-arckrem-spf-50-30ml\/","title":{"rendered":"VITAMIN C HIDRAT\u00c1L\u00d3 \u00c9S V\u00c9D\u0150 ARCKR\u00c9M SPF 50  30ml"},"content":{"rendered":"<p>nappali<\/p>\n<p>A C-VITAMIN 3 STABIL FORM\u00c1JA<\/p>\n<p>Fedezze fel a C-vitamin h\u00e1rmas erej\u00e9t, \u00e9s \u00e9bressze fel b\u0151re term\u00e9szetes ragyog\u00e1s\u00e1t!<\/p>\n<p>A term\u00e9kcsal\u00e1d tov\u00e1bbfejlesztett formul\u00e1ja a C-vitamin legstabilabb form\u00e1it \u00f6tv\u00f6zi az \u00f6sszetev\u0151kkel, amelyek feler\u0151s\u00edtik vil\u00e1gos\u00edt\u00f3 \u00e9s revitaliz\u00e1l\u00f3 hat\u00e1sukat, \u00edgy hihetetlen\u00fcl r\u00f6vid id\u0151 alatt l\u00e1tv\u00e1nyos eredm\u00e9nyeket \u00e9rhet el.<\/p>\n<p>Egy ultrak\u00f6nny\u0171, nem feh\u00e9r\u00edt\u0151 formula, amely hat\u00e9konyan akad\u00e1lyozza meg az elsz\u00ednez\u0151d\u00e9seket \u00e9s az id\u0151 el\u0151tti r\u00e1ncokat. A kiv\u00e1l\u00f3 min\u0151s\u00e9g\u0171 UVA \u00e9s UVB sz\u0171r\u0151kre \u00e9p\u00fcl\u0151 v\u00e9d\u0151hat\u00e1s\u00e1t tranex\u00e1msavval \u00e9s kollag\u00e9nnel er\u0151s\u00edtett\u00e9k, hogy \u00e9rezhet\u0151en t\u00e1pl\u00e1lj\u00e1k a b\u0151rt.<\/p>\n<p><strong>ALKALMAZ\u00c1S<\/strong>: vigye fel a kr\u00e9met minden reggel az arc, a nyak \u00e9s a dekolt\u00e1zs megtiszt\u00edtott b\u0151r\u00e9re, valamint tervezett napnak val\u00f3 kitetts\u00e9g el\u0151tt 20 perccel \u00e9s ism\u00e9telje meg 2 \u00f3r\u00e1nk\u00e9nt illetve minden f\u00fcrd\u00e9s ut\u00e1n.<\/p>\n<p><strong>A term\u00e9ket a <a href=\"http:\/\/www.kozmetikummania.hu\" target=\"_blank\" rel=\"noopener noreferrer\">www.kozmetikummania.hu<\/a> web\u00e1ruh\u00e1zban is megtal\u00e1lod, nagyobb term\u00e9kk\u00edn\u00e1lattal!<\/strong><\/p>\n","protected":false},"excerpt":{"rendered":"<p>nappali A C-VITAMIN 3 STABIL FORM\u00c1JA Fedezze fel a C-vitamin h\u00e1rmas erej\u00e9t, \u00e9s \u00e9bressze fel b\u0151re term\u00e9szetes ragyog\u00e1s\u00e1t! A term\u00e9kcsal\u00e1d tov\u00e1bbfejlesztett formul\u00e1ja a C-vitamin legstabilabb form\u00e1it \u00f6tv\u00f6zi az \u00f6sszetev\u0151kkel, amelyek feler\u0151s\u00edtik vil\u00e1gos\u00edt\u00f3 \u00e9s revitaliz\u00e1l\u00f3 hat\u00e1sukat, \u00edgy hihetetlen\u00fcl r\u00f6vid id\u0151 alatt [&hellip;]<\/p>\n","protected":false},"featured_media":30140,"comment_status":"open","ping_status":"closed","template":"","meta":[],"product_cat":[296,214,80],"product_tag":[],"yoast_head":"<!-- This site is optimized with the Yoast SEO plugin v22.2 - https:\/\/yoast.com\/wordpress\/plugins\/seo\/ -->\n<title>VITAMIN C HIDRAT\u00c1L\u00d3 \u00c9S V\u00c9D\u0150 ARCKR\u00c9M SPF 50 30ml - Eveline Cosmetics Magyarorsz\u00e1g<\/title>\n<meta name=\"robots\" content=\"index, follow, max-snippet:-1, max-image-preview:large, max-video-preview:-1\" \/>\n<link rel=\"canonical\" href=\"https:\/\/www.eveline.hu\/2016\/eveline-kozmetikumok-szepsegapolas\/termekcsaladok\/vitamin_c_3xaction\/vitamin-c-hidratalo-es-vedo-arckrem-spf-50-30ml\/\" \/>\n<meta property=\"og:locale\" content=\"hu_HU\" \/>\n<meta property=\"og:type\" content=\"article\" \/>\n<meta property=\"og:title\" content=\"VITAMIN C HIDRAT\u00c1L\u00d3 \u00c9S V\u00c9D\u0150 ARCKR\u00c9M SPF 50 30ml - Eveline Cosmetics Magyarorsz\u00e1g\" \/>\n<meta property=\"og:description\" content=\"nappali A C-VITAMIN 3 STABIL FORM\u00c1JA Fedezze fel a C-vitamin h\u00e1rmas erej\u00e9t, \u00e9s \u00e9bressze fel b\u0151re term\u00e9szetes ragyog\u00e1s\u00e1t! A term\u00e9kcsal\u00e1d tov\u00e1bbfejlesztett formul\u00e1ja a C-vitamin legstabilabb form\u00e1it \u00f6tv\u00f6zi az \u00f6sszetev\u0151kkel, amelyek feler\u0151s\u00edtik vil\u00e1gos\u00edt\u00f3 \u00e9s revitaliz\u00e1l\u00f3 hat\u00e1sukat, \u00edgy hihetetlen\u00fcl r\u00f6vid id\u0151 alatt [&hellip;]\" \/>\n<meta property=\"og:url\" content=\"https:\/\/www.eveline.hu\/2016\/eveline-kozmetikumok-szepsegapolas\/termekcsaladok\/vitamin_c_3xaction\/vitamin-c-hidratalo-es-vedo-arckrem-spf-50-30ml\/\" \/>\n<meta property=\"og:site_name\" content=\"Eveline Cosmetics Magyarorsz\u00e1g\" \/>\n<meta property=\"article:modified_time\" content=\"2025-06-19T13:50:13+00:00\" \/>\n<meta property=\"og:image\" content=\"https:\/\/www.eveline.hu\/2016\/wp-content\/uploads\/2023\/11\/5903416053378-VITAMIN-C-3XACTION-MOISTURIZING-FACE-CREAM-SPF-50-30ML-w.png\" \/>\n\t<meta property=\"og:image:width\" content=\"750\" \/>\n\t<meta property=\"og:image:height\" content=\"750\" \/>\n\t<meta property=\"og:image:type\" content=\"image\/png\" \/>\n<meta name=\"twitter:card\" content=\"summary_large_image\" \/>\n<meta name=\"twitter:label1\" content=\"Becs\u00fclt olvas\u00e1si id\u0151\" \/>\n\t<meta name=\"twitter:data1\" content=\"1 perc\" \/>\n<script type=\"application\/ld+json\" class=\"yoast-schema-graph\">{\"@context\":\"https:\/\/schema.org\",\"@graph\":[{\"@type\":\"WebPage\",\"@id\":\"https:\/\/www.eveline.hu\/2016\/eveline-kozmetikumok-szepsegapolas\/termekcsaladok\/vitamin_c_3xaction\/vitamin-c-hidratalo-es-vedo-arckrem-spf-50-30ml\/\",\"url\":\"https:\/\/www.eveline.hu\/2016\/eveline-kozmetikumok-szepsegapolas\/termekcsaladok\/vitamin_c_3xaction\/vitamin-c-hidratalo-es-vedo-arckrem-spf-50-30ml\/\",\"name\":\"VITAMIN C HIDRAT\u00c1L\u00d3 \u00c9S V\u00c9D\u0150 ARCKR\u00c9M SPF 50 30ml - Eveline Cosmetics Magyarorsz\u00e1g\",\"isPartOf\":{\"@id\":\"https:\/\/www.eveline.hu\/2016\/#website\"},\"primaryImageOfPage\":{\"@id\":\"https:\/\/www.eveline.hu\/2016\/eveline-kozmetikumok-szepsegapolas\/termekcsaladok\/vitamin_c_3xaction\/vitamin-c-hidratalo-es-vedo-arckrem-spf-50-30ml\/#primaryimage\"},\"image\":{\"@id\":\"https:\/\/www.eveline.hu\/2016\/eveline-kozmetikumok-szepsegapolas\/termekcsaladok\/vitamin_c_3xaction\/vitamin-c-hidratalo-es-vedo-arckrem-spf-50-30ml\/#primaryimage\"},\"thumbnailUrl\":\"https:\/\/www.eveline.hu\/2016\/wp-content\/uploads\/2023\/11\/5903416053378-VITAMIN-C-3XACTION-MOISTURIZING-FACE-CREAM-SPF-50-30ML-w.png\",\"datePublished\":\"2023-11-17T11:14:43+00:00\",\"dateModified\":\"2025-06-19T13:50:13+00:00\",\"breadcrumb\":{\"@id\":\"https:\/\/www.eveline.hu\/2016\/eveline-kozmetikumok-szepsegapolas\/termekcsaladok\/vitamin_c_3xaction\/vitamin-c-hidratalo-es-vedo-arckrem-spf-50-30ml\/#breadcrumb\"},\"inLanguage\":\"hu\",\"potentialAction\":[{\"@type\":\"ReadAction\",\"target\":[\"https:\/\/www.eveline.hu\/2016\/eveline-kozmetikumok-szepsegapolas\/termekcsaladok\/vitamin_c_3xaction\/vitamin-c-hidratalo-es-vedo-arckrem-spf-50-30ml\/\"]}]},{\"@type\":\"ImageObject\",\"inLanguage\":\"hu\",\"@id\":\"https:\/\/www.eveline.hu\/2016\/eveline-kozmetikumok-szepsegapolas\/termekcsaladok\/vitamin_c_3xaction\/vitamin-c-hidratalo-es-vedo-arckrem-spf-50-30ml\/#primaryimage\",\"url\":\"https:\/\/www.eveline.hu\/2016\/wp-content\/uploads\/2023\/11\/5903416053378-VITAMIN-C-3XACTION-MOISTURIZING-FACE-CREAM-SPF-50-30ML-w.png\",\"contentUrl\":\"https:\/\/www.eveline.hu\/2016\/wp-content\/uploads\/2023\/11\/5903416053378-VITAMIN-C-3XACTION-MOISTURIZING-FACE-CREAM-SPF-50-30ML-w.png\",\"width\":750,\"height\":750},{\"@type\":\"BreadcrumbList\",\"@id\":\"https:\/\/www.eveline.hu\/2016\/eveline-kozmetikumok-szepsegapolas\/termekcsaladok\/vitamin_c_3xaction\/vitamin-c-hidratalo-es-vedo-arckrem-spf-50-30ml\/#breadcrumb\",\"itemListElement\":[{\"@type\":\"ListItem\",\"position\":1,\"name\":\"Home\",\"item\":\"https:\/\/www.eveline.hu\/2016\/\"},{\"@type\":\"ListItem\",\"position\":2,\"name\":\"Term\u00e9kek\",\"item\":\"https:\/\/www.eveline.hu\/2016\/shop\/\"},{\"@type\":\"ListItem\",\"position\":3,\"name\":\"VITAMIN C HIDRAT\u00c1L\u00d3 \u00c9S V\u00c9D\u0150 ARCKR\u00c9M SPF 50 30ml\"}]},{\"@type\":\"WebSite\",\"@id\":\"https:\/\/www.eveline.hu\/2016\/#website\",\"url\":\"https:\/\/www.eveline.hu\/2016\/\",\"name\":\"Eveline Cosmetics Magyarorsz\u00e1g\",\"description\":\"Min\u0151s\u00e9gi kozmetikumok Lengyelorsz\u00e1gb\u00f3l\",\"potentialAction\":[{\"@type\":\"SearchAction\",\"target\":{\"@type\":\"EntryPoint\",\"urlTemplate\":\"https:\/\/www.eveline.hu\/2016\/?s={search_term_string}\"},\"query-input\":\"required name=search_term_string\"}],\"inLanguage\":\"hu\"}]}<\/script>\n<!-- \/ Yoast SEO plugin. -->","yoast_head_json":{"title":"VITAMIN C HIDRAT\u00c1L\u00d3 \u00c9S V\u00c9D\u0150 ARCKR\u00c9M SPF 50 30ml - Eveline Cosmetics Magyarorsz\u00e1g","robots":{"index":"index","follow":"follow","max-snippet":"max-snippet:-1","max-image-preview":"max-image-preview:large","max-video-preview":"max-video-preview:-1"},"canonical":"https:\/\/www.eveline.hu\/2016\/eveline-kozmetikumok-szepsegapolas\/termekcsaladok\/vitamin_c_3xaction\/vitamin-c-hidratalo-es-vedo-arckrem-spf-50-30ml\/","og_locale":"hu_HU","og_type":"article","og_title":"VITAMIN C HIDRAT\u00c1L\u00d3 \u00c9S V\u00c9D\u0150 ARCKR\u00c9M SPF 50 30ml - Eveline Cosmetics Magyarorsz\u00e1g","og_description":"nappali A C-VITAMIN 3 STABIL FORM\u00c1JA Fedezze fel a C-vitamin h\u00e1rmas erej\u00e9t, \u00e9s \u00e9bressze fel b\u0151re term\u00e9szetes ragyog\u00e1s\u00e1t! A term\u00e9kcsal\u00e1d tov\u00e1bbfejlesztett formul\u00e1ja a C-vitamin legstabilabb form\u00e1it \u00f6tv\u00f6zi az \u00f6sszetev\u0151kkel, amelyek feler\u0151s\u00edtik vil\u00e1gos\u00edt\u00f3 \u00e9s revitaliz\u00e1l\u00f3 hat\u00e1sukat, \u00edgy hihetetlen\u00fcl r\u00f6vid id\u0151 alatt [&hellip;]","og_url":"https:\/\/www.eveline.hu\/2016\/eveline-kozmetikumok-szepsegapolas\/termekcsaladok\/vitamin_c_3xaction\/vitamin-c-hidratalo-es-vedo-arckrem-spf-50-30ml\/","og_site_name":"Eveline Cosmetics Magyarorsz\u00e1g","article_modified_time":"2025-06-19T13:50:13+00:00","og_image":[{"width":750,"height":750,"url":"https:\/\/www.eveline.hu\/2016\/wp-content\/uploads\/2023\/11\/5903416053378-VITAMIN-C-3XACTION-MOISTURIZING-FACE-CREAM-SPF-50-30ML-w.png","type":"image\/png"}],"twitter_card":"summary_large_image","twitter_misc":{"Becs\u00fclt olvas\u00e1si id\u0151":"1 perc"},"schema":{"@context":"https:\/\/schema.org","@graph":[{"@type":"WebPage","@id":"https:\/\/www.eveline.hu\/2016\/eveline-kozmetikumok-szepsegapolas\/termekcsaladok\/vitamin_c_3xaction\/vitamin-c-hidratalo-es-vedo-arckrem-spf-50-30ml\/","url":"https:\/\/www.eveline.hu\/2016\/eveline-kozmetikumok-szepsegapolas\/termekcsaladok\/vitamin_c_3xaction\/vitamin-c-hidratalo-es-vedo-arckrem-spf-50-30ml\/","name":"VITAMIN C HIDRAT\u00c1L\u00d3 \u00c9S V\u00c9D\u0150 ARCKR\u00c9M SPF 50 30ml - Eveline Cosmetics Magyarorsz\u00e1g","isPartOf":{"@id":"https:\/\/www.eveline.hu\/2016\/#website"},"primaryImageOfPage":{"@id":"https:\/\/www.eveline.hu\/2016\/eveline-kozmetikumok-szepsegapolas\/termekcsaladok\/vitamin_c_3xaction\/vitamin-c-hidratalo-es-vedo-arckrem-spf-50-30ml\/#primaryimage"},"image":{"@id":"https:\/\/www.eveline.hu\/2016\/eveline-kozmetikumok-szepsegapolas\/termekcsaladok\/vitamin_c_3xaction\/vitamin-c-hidratalo-es-vedo-arckrem-spf-50-30ml\/#primaryimage"},"thumbnailUrl":"https:\/\/www.eveline.hu\/2016\/wp-content\/uploads\/2023\/11\/5903416053378-VITAMIN-C-3XACTION-MOISTURIZING-FACE-CREAM-SPF-50-30ML-w.png","datePublished":"2023-11-17T11:14:43+00:00","dateModified":"2025-06-19T13:50:13+00:00","breadcrumb":{"@id":"https:\/\/www.eveline.hu\/2016\/eveline-kozmetikumok-szepsegapolas\/termekcsaladok\/vitamin_c_3xaction\/vitamin-c-hidratalo-es-vedo-arckrem-spf-50-30ml\/#breadcrumb"},"inLanguage":"hu","potentialAction":[{"@type":"ReadAction","target":["https:\/\/www.eveline.hu\/2016\/eveline-kozmetikumok-szepsegapolas\/termekcsaladok\/vitamin_c_3xaction\/vitamin-c-hidratalo-es-vedo-arckrem-spf-50-30ml\/"]}]},{"@type":"ImageObject","inLanguage":"hu","@id":"https:\/\/www.eveline.hu\/2016\/eveline-kozmetikumok-szepsegapolas\/termekcsaladok\/vitamin_c_3xaction\/vitamin-c-hidratalo-es-vedo-arckrem-spf-50-30ml\/#primaryimage","url":"https:\/\/www.eveline.hu\/2016\/wp-content\/uploads\/2023\/11\/5903416053378-VITAMIN-C-3XACTION-MOISTURIZING-FACE-CREAM-SPF-50-30ML-w.png","contentUrl":"https:\/\/www.eveline.hu\/2016\/wp-content\/uploads\/2023\/11\/5903416053378-VITAMIN-C-3XACTION-MOISTURIZING-FACE-CREAM-SPF-50-30ML-w.png","width":750,"height":750},{"@type":"BreadcrumbList","@id":"https:\/\/www.eveline.hu\/2016\/eveline-kozmetikumok-szepsegapolas\/termekcsaladok\/vitamin_c_3xaction\/vitamin-c-hidratalo-es-vedo-arckrem-spf-50-30ml\/#breadcrumb","itemListElement":[{"@type":"ListItem","position":1,"name":"Home","item":"https:\/\/www.eveline.hu\/2016\/"},{"@type":"ListItem","position":2,"name":"Term\u00e9kek","item":"https:\/\/www.eveline.hu\/2016\/shop\/"},{"@type":"ListItem","position":3,"name":"VITAMIN C HIDRAT\u00c1L\u00d3 \u00c9S V\u00c9D\u0150 ARCKR\u00c9M SPF 50 30ml"}]},{"@type":"WebSite","@id":"https:\/\/www.eveline.hu\/2016\/#website","url":"https:\/\/www.eveline.hu\/2016\/","name":"Eveline Cosmetics Magyarorsz\u00e1g","description":"Min\u0151s\u00e9gi kozmetikumok Lengyelorsz\u00e1gb\u00f3l","potentialAction":[{"@type":"SearchAction","target":{"@type":"EntryPoint","urlTemplate":"https:\/\/www.eveline.hu\/2016\/?s={search_term_string}"},"query-input":"required name=search_term_string"}],"inLanguage":"hu"}]}},"_links":{"self":[{"href":"https:\/\/www.eveline.hu\/2016\/wp-json\/wp\/v2\/product\/30139"}],"collection":[{"href":"https:\/\/www.eveline.hu\/2016\/wp-json\/wp\/v2\/product"}],"about":[{"href":"https:\/\/www.eveline.hu\/2016\/wp-json\/wp\/v2\/types\/product"}],"replies":[{"embeddable":true,"href":"https:\/\/www.eveline.hu\/2016\/wp-json\/wp\/v2\/comments?post=30139"}],"wp:featuredmedia":[{"embeddable":true,"href":"https:\/\/www.eveline.hu\/2016\/wp-json\/wp\/v2\/media\/30140"}],"wp:attachment":[{"href":"https:\/\/www.eveline.hu\/2016\/wp-json\/wp\/v2\/media?parent=30139"}],"wp:term":[{"taxonomy":"product_cat","embeddable":true,"href":"https:\/\/www.eveline.hu\/2016\/wp-json\/wp\/v2\/product_cat?post=30139"},{"taxonomy":"product_tag","embeddable":true,"href":"https:\/\/www.eveline.hu\/2016\/wp-json\/wp\/v2\/product_tag?post=30139"}],"curies":[{"name":"wp","href":"https:\/\/api.w.org\/{rel}","templated":true}]}}