{"id":30137,"date":"2023-11-17T10:50:03","date_gmt":"2023-11-17T09:50:03","guid":{"rendered":"https:\/\/www.eveline.hu\/2016\/?post_type=product&#038;p=30137"},"modified":"2026-02-05T11:22:18","modified_gmt":"2026-02-05T10:22:18","slug":"vitamin-c-gazdag-szerum-az-elso-rancok-ellen-ejszakai-30ml","status":"publish","type":"product","link":"https:\/\/www.eveline.hu\/2016\/eveline-kozmetikumok-szepsegapolas\/termekcsaladok\/vitamin_c_3xaction\/vitamin-c-gazdag-szerum-az-elso-rancok-ellen-ejszakai-30ml\/","title":{"rendered":"VITAMIN C Gazdag sz\u00e9rum az els\u0151 r\u00e1ncok ellen \u00e9jszakai 30ml"},"content":{"rendered":"<p>SZAVID\u0150: 2025.11.23.!!!<\/p>\n<p>A C-VITAMIN 3 STABIL FORM\u00c1JA<\/p>\n<p>Fedezze fel a C-vitamin h\u00e1rmas erej\u00e9t, \u00e9s \u00e9bressze fel b\u0151re term\u00e9szetes ragyog\u00e1s\u00e1t!<\/p>\n<p>A term\u00e9kcsal\u00e1d tov\u00e1bbfejlesztett formul\u00e1ja a C-vitamin legstabilabb form\u00e1it \u00f6tv\u00f6zi az \u00f6sszetev\u0151kkel,<\/p>\n<p>amelyek feler\u0151s\u00edtik vil\u00e1gos\u00edt\u00f3 \u00e9s revitaliz\u00e1l\u00f3 hat\u00e1sukat, \u00edgy hihetetlen\u00fcl r\u00f6vid id\u0151 alatt l\u00e1tv\u00e1nyos eredm\u00e9nyeket \u00e9rhet el.<\/p>\n<p>\u00c1tfog\u00f3an meger\u0151s\u00edti a b\u0151r szerkezet\u00e9t, aktiv\u00e1lva alv\u00e1s k\u00f6zbeni helyre\u00e1ll\u00edt\u00f3 folyamatait. Az antioxid\u00e1ns hat\u00e1st fokozza a tranex\u00e1msav, az omega+ komplex \u00e9s a foszfolipidek tartalma, amelyek t\u00e1pl\u00e1lj\u00e1k \u00e9s regener\u00e1lj\u00e1k m\u00e9g a nagyon sz\u00e1raz b\u0151rt is.<\/p>\n<p><strong>ALKALMAZ\u00c1S<\/strong>: este vigyen fel 3-5 cseppet az arc \u00e9s a nyak megtiszt\u00edtott b\u0151r\u00e9re. Ha a term\u00e9k felsz\u00edv\u00f3dik, vigye fel kedvenc kr\u00e9mj\u00e9t a Vitamin C 3x ACTION sorozatb\u00f3l.<\/p>\n<p>\u00d6sszetev\u0151k:Aqua (Water), Caprylic\/Capric Triglyceride, Propanediol, Glycerin, Ethylhexyl Stearate, Isopropyl Palmitate, Pentaerythrityl Distearate, Tripelargonin, Betaine ,Lauryl Glucoside. Polyglyceryl-2-Dipolyhydroxystearate, Butyrospermum Parkii Butter, Simmondsia Chinensis Seed Oil, Argania Spinosa Kernel Oil, Plukenetia Volubilis Seed Oil, Glycine Soja Oil, Tribehenin, Tocopheryl Acetate, Ascorbyl Glucoside, Ascorbyl Palmitate, Ascorbyl Tetraisopalmitate. Tranexamic Acid, Ceramide NG, Palmitoyl Tripeptide-1, Palmitoyl Tetrapeptide-7, Palmitoyl Hexapeptide-12, Tocopherol, Lactic Acid, Phospholipids, Sodium Hyaluronate, Sodium Lactate, Potassium Cetyl Phosphate, Sodium Carbomer, Xanthan Gum, Phenoxyethanol, Hydroxyacetophenone, Ethylhexylglycerin, Glyceryl Caprylate, Glyceryl Undecylenate, C12-15 Alkyl Benzoate, Coco-Glucoside. Carbomer, Butylene Glycol, Citric Acid, Disodium EDTA, Parfum (Fragrance), Cl 19140, Benzyl Salicylate, Hexyl Cinnamal.<\/p>\n","protected":false},"excerpt":{"rendered":"<p>SZAVID\u0150: 2025.11.23.!!! A C-VITAMIN 3 STABIL FORM\u00c1JA Fedezze fel a C-vitamin h\u00e1rmas erej\u00e9t, \u00e9s \u00e9bressze fel b\u0151re term\u00e9szetes ragyog\u00e1s\u00e1t! A term\u00e9kcsal\u00e1d tov\u00e1bbfejlesztett formul\u00e1ja a C-vitamin legstabilabb form\u00e1it \u00f6tv\u00f6zi az \u00f6sszetev\u0151kkel, amelyek feler\u0151s\u00edtik vil\u00e1gos\u00edt\u00f3 \u00e9s revitaliz\u00e1l\u00f3 hat\u00e1sukat, \u00edgy hihetetlen\u00fcl r\u00f6vid id\u0151 [&hellip;]<\/p>\n","protected":false},"featured_media":30138,"comment_status":"open","ping_status":"closed","template":"","meta":[],"product_cat":[302,296,214,80],"product_tag":[],"yoast_head":"<!-- This site is optimized with the Yoast SEO plugin v22.2 - https:\/\/yoast.com\/wordpress\/plugins\/seo\/ -->\n<title>VITAMIN C Gazdag sz\u00e9rum az els\u0151 r\u00e1ncok ellen \u00e9jszakai 30ml - Eveline Cosmetics Magyarorsz\u00e1g<\/title>\n<meta name=\"robots\" content=\"index, follow, max-snippet:-1, max-image-preview:large, max-video-preview:-1\" \/>\n<link rel=\"canonical\" href=\"https:\/\/www.eveline.hu\/2016\/eveline-kozmetikumok-szepsegapolas\/termekcsaladok\/vitamin_c_3xaction\/vitamin-c-gazdag-szerum-az-elso-rancok-ellen-ejszakai-30ml\/\" \/>\n<meta property=\"og:locale\" content=\"hu_HU\" \/>\n<meta property=\"og:type\" content=\"article\" \/>\n<meta property=\"og:title\" content=\"VITAMIN C Gazdag sz\u00e9rum az els\u0151 r\u00e1ncok ellen \u00e9jszakai 30ml - Eveline Cosmetics Magyarorsz\u00e1g\" \/>\n<meta property=\"og:description\" content=\"SZAVID\u0150: 2025.11.23.!!! A C-VITAMIN 3 STABIL FORM\u00c1JA Fedezze fel a C-vitamin h\u00e1rmas erej\u00e9t, \u00e9s \u00e9bressze fel b\u0151re term\u00e9szetes ragyog\u00e1s\u00e1t! A term\u00e9kcsal\u00e1d tov\u00e1bbfejlesztett formul\u00e1ja a C-vitamin legstabilabb form\u00e1it \u00f6tv\u00f6zi az \u00f6sszetev\u0151kkel, amelyek feler\u0151s\u00edtik vil\u00e1gos\u00edt\u00f3 \u00e9s revitaliz\u00e1l\u00f3 hat\u00e1sukat, \u00edgy hihetetlen\u00fcl r\u00f6vid id\u0151 [&hellip;]\" \/>\n<meta property=\"og:url\" content=\"https:\/\/www.eveline.hu\/2016\/eveline-kozmetikumok-szepsegapolas\/termekcsaladok\/vitamin_c_3xaction\/vitamin-c-gazdag-szerum-az-elso-rancok-ellen-ejszakai-30ml\/\" \/>\n<meta property=\"og:site_name\" content=\"Eveline Cosmetics Magyarorsz\u00e1g\" \/>\n<meta property=\"article:modified_time\" content=\"2026-02-05T10:22:18+00:00\" \/>\n<meta property=\"og:image\" content=\"https:\/\/www.eveline.hu\/2016\/wp-content\/uploads\/2023\/11\/5903416053415-VITAMIN-C-3XACTION-RICH-SERUM-30ML-w.png\" \/>\n\t<meta property=\"og:image:width\" content=\"750\" \/>\n\t<meta property=\"og:image:height\" content=\"750\" \/>\n\t<meta property=\"og:image:type\" content=\"image\/png\" \/>\n<meta name=\"twitter:card\" content=\"summary_large_image\" \/>\n<meta name=\"twitter:label1\" content=\"Becs\u00fclt olvas\u00e1si id\u0151\" \/>\n\t<meta name=\"twitter:data1\" content=\"2 perc\" \/>\n<script type=\"application\/ld+json\" class=\"yoast-schema-graph\">{\"@context\":\"https:\/\/schema.org\",\"@graph\":[{\"@type\":\"WebPage\",\"@id\":\"https:\/\/www.eveline.hu\/2016\/eveline-kozmetikumok-szepsegapolas\/termekcsaladok\/vitamin_c_3xaction\/vitamin-c-gazdag-szerum-az-elso-rancok-ellen-ejszakai-30ml\/\",\"url\":\"https:\/\/www.eveline.hu\/2016\/eveline-kozmetikumok-szepsegapolas\/termekcsaladok\/vitamin_c_3xaction\/vitamin-c-gazdag-szerum-az-elso-rancok-ellen-ejszakai-30ml\/\",\"name\":\"VITAMIN C Gazdag sz\u00e9rum az els\u0151 r\u00e1ncok ellen \u00e9jszakai 30ml - Eveline Cosmetics Magyarorsz\u00e1g\",\"isPartOf\":{\"@id\":\"https:\/\/www.eveline.hu\/2016\/#website\"},\"primaryImageOfPage\":{\"@id\":\"https:\/\/www.eveline.hu\/2016\/eveline-kozmetikumok-szepsegapolas\/termekcsaladok\/vitamin_c_3xaction\/vitamin-c-gazdag-szerum-az-elso-rancok-ellen-ejszakai-30ml\/#primaryimage\"},\"image\":{\"@id\":\"https:\/\/www.eveline.hu\/2016\/eveline-kozmetikumok-szepsegapolas\/termekcsaladok\/vitamin_c_3xaction\/vitamin-c-gazdag-szerum-az-elso-rancok-ellen-ejszakai-30ml\/#primaryimage\"},\"thumbnailUrl\":\"https:\/\/www.eveline.hu\/2016\/wp-content\/uploads\/2023\/11\/5903416053415-VITAMIN-C-3XACTION-RICH-SERUM-30ML-w.png\",\"datePublished\":\"2023-11-17T09:50:03+00:00\",\"dateModified\":\"2026-02-05T10:22:18+00:00\",\"breadcrumb\":{\"@id\":\"https:\/\/www.eveline.hu\/2016\/eveline-kozmetikumok-szepsegapolas\/termekcsaladok\/vitamin_c_3xaction\/vitamin-c-gazdag-szerum-az-elso-rancok-ellen-ejszakai-30ml\/#breadcrumb\"},\"inLanguage\":\"hu\",\"potentialAction\":[{\"@type\":\"ReadAction\",\"target\":[\"https:\/\/www.eveline.hu\/2016\/eveline-kozmetikumok-szepsegapolas\/termekcsaladok\/vitamin_c_3xaction\/vitamin-c-gazdag-szerum-az-elso-rancok-ellen-ejszakai-30ml\/\"]}]},{\"@type\":\"ImageObject\",\"inLanguage\":\"hu\",\"@id\":\"https:\/\/www.eveline.hu\/2016\/eveline-kozmetikumok-szepsegapolas\/termekcsaladok\/vitamin_c_3xaction\/vitamin-c-gazdag-szerum-az-elso-rancok-ellen-ejszakai-30ml\/#primaryimage\",\"url\":\"https:\/\/www.eveline.hu\/2016\/wp-content\/uploads\/2023\/11\/5903416053415-VITAMIN-C-3XACTION-RICH-SERUM-30ML-w.png\",\"contentUrl\":\"https:\/\/www.eveline.hu\/2016\/wp-content\/uploads\/2023\/11\/5903416053415-VITAMIN-C-3XACTION-RICH-SERUM-30ML-w.png\",\"width\":750,\"height\":750},{\"@type\":\"BreadcrumbList\",\"@id\":\"https:\/\/www.eveline.hu\/2016\/eveline-kozmetikumok-szepsegapolas\/termekcsaladok\/vitamin_c_3xaction\/vitamin-c-gazdag-szerum-az-elso-rancok-ellen-ejszakai-30ml\/#breadcrumb\",\"itemListElement\":[{\"@type\":\"ListItem\",\"position\":1,\"name\":\"Home\",\"item\":\"https:\/\/www.eveline.hu\/2016\/\"},{\"@type\":\"ListItem\",\"position\":2,\"name\":\"Term\u00e9kek\",\"item\":\"https:\/\/www.eveline.hu\/2016\/shop\/\"},{\"@type\":\"ListItem\",\"position\":3,\"name\":\"VITAMIN C Gazdag sz\u00e9rum az els\u0151 r\u00e1ncok ellen \u00e9jszakai 30ml\"}]},{\"@type\":\"WebSite\",\"@id\":\"https:\/\/www.eveline.hu\/2016\/#website\",\"url\":\"https:\/\/www.eveline.hu\/2016\/\",\"name\":\"Eveline Cosmetics Magyarorsz\u00e1g\",\"description\":\"Min\u0151s\u00e9gi kozmetikumok Lengyelorsz\u00e1gb\u00f3l\",\"potentialAction\":[{\"@type\":\"SearchAction\",\"target\":{\"@type\":\"EntryPoint\",\"urlTemplate\":\"https:\/\/www.eveline.hu\/2016\/?s={search_term_string}\"},\"query-input\":\"required name=search_term_string\"}],\"inLanguage\":\"hu\"}]}<\/script>\n<!-- \/ Yoast SEO plugin. -->","yoast_head_json":{"title":"VITAMIN C Gazdag sz\u00e9rum az els\u0151 r\u00e1ncok ellen \u00e9jszakai 30ml - Eveline Cosmetics Magyarorsz\u00e1g","robots":{"index":"index","follow":"follow","max-snippet":"max-snippet:-1","max-image-preview":"max-image-preview:large","max-video-preview":"max-video-preview:-1"},"canonical":"https:\/\/www.eveline.hu\/2016\/eveline-kozmetikumok-szepsegapolas\/termekcsaladok\/vitamin_c_3xaction\/vitamin-c-gazdag-szerum-az-elso-rancok-ellen-ejszakai-30ml\/","og_locale":"hu_HU","og_type":"article","og_title":"VITAMIN C Gazdag sz\u00e9rum az els\u0151 r\u00e1ncok ellen \u00e9jszakai 30ml - Eveline Cosmetics Magyarorsz\u00e1g","og_description":"SZAVID\u0150: 2025.11.23.!!! A C-VITAMIN 3 STABIL FORM\u00c1JA Fedezze fel a C-vitamin h\u00e1rmas erej\u00e9t, \u00e9s \u00e9bressze fel b\u0151re term\u00e9szetes ragyog\u00e1s\u00e1t! A term\u00e9kcsal\u00e1d tov\u00e1bbfejlesztett formul\u00e1ja a C-vitamin legstabilabb form\u00e1it \u00f6tv\u00f6zi az \u00f6sszetev\u0151kkel, amelyek feler\u0151s\u00edtik vil\u00e1gos\u00edt\u00f3 \u00e9s revitaliz\u00e1l\u00f3 hat\u00e1sukat, \u00edgy hihetetlen\u00fcl r\u00f6vid id\u0151 [&hellip;]","og_url":"https:\/\/www.eveline.hu\/2016\/eveline-kozmetikumok-szepsegapolas\/termekcsaladok\/vitamin_c_3xaction\/vitamin-c-gazdag-szerum-az-elso-rancok-ellen-ejszakai-30ml\/","og_site_name":"Eveline Cosmetics Magyarorsz\u00e1g","article_modified_time":"2026-02-05T10:22:18+00:00","og_image":[{"width":750,"height":750,"url":"https:\/\/www.eveline.hu\/2016\/wp-content\/uploads\/2023\/11\/5903416053415-VITAMIN-C-3XACTION-RICH-SERUM-30ML-w.png","type":"image\/png"}],"twitter_card":"summary_large_image","twitter_misc":{"Becs\u00fclt olvas\u00e1si id\u0151":"2 perc"},"schema":{"@context":"https:\/\/schema.org","@graph":[{"@type":"WebPage","@id":"https:\/\/www.eveline.hu\/2016\/eveline-kozmetikumok-szepsegapolas\/termekcsaladok\/vitamin_c_3xaction\/vitamin-c-gazdag-szerum-az-elso-rancok-ellen-ejszakai-30ml\/","url":"https:\/\/www.eveline.hu\/2016\/eveline-kozmetikumok-szepsegapolas\/termekcsaladok\/vitamin_c_3xaction\/vitamin-c-gazdag-szerum-az-elso-rancok-ellen-ejszakai-30ml\/","name":"VITAMIN C Gazdag sz\u00e9rum az els\u0151 r\u00e1ncok ellen \u00e9jszakai 30ml - Eveline Cosmetics Magyarorsz\u00e1g","isPartOf":{"@id":"https:\/\/www.eveline.hu\/2016\/#website"},"primaryImageOfPage":{"@id":"https:\/\/www.eveline.hu\/2016\/eveline-kozmetikumok-szepsegapolas\/termekcsaladok\/vitamin_c_3xaction\/vitamin-c-gazdag-szerum-az-elso-rancok-ellen-ejszakai-30ml\/#primaryimage"},"image":{"@id":"https:\/\/www.eveline.hu\/2016\/eveline-kozmetikumok-szepsegapolas\/termekcsaladok\/vitamin_c_3xaction\/vitamin-c-gazdag-szerum-az-elso-rancok-ellen-ejszakai-30ml\/#primaryimage"},"thumbnailUrl":"https:\/\/www.eveline.hu\/2016\/wp-content\/uploads\/2023\/11\/5903416053415-VITAMIN-C-3XACTION-RICH-SERUM-30ML-w.png","datePublished":"2023-11-17T09:50:03+00:00","dateModified":"2026-02-05T10:22:18+00:00","breadcrumb":{"@id":"https:\/\/www.eveline.hu\/2016\/eveline-kozmetikumok-szepsegapolas\/termekcsaladok\/vitamin_c_3xaction\/vitamin-c-gazdag-szerum-az-elso-rancok-ellen-ejszakai-30ml\/#breadcrumb"},"inLanguage":"hu","potentialAction":[{"@type":"ReadAction","target":["https:\/\/www.eveline.hu\/2016\/eveline-kozmetikumok-szepsegapolas\/termekcsaladok\/vitamin_c_3xaction\/vitamin-c-gazdag-szerum-az-elso-rancok-ellen-ejszakai-30ml\/"]}]},{"@type":"ImageObject","inLanguage":"hu","@id":"https:\/\/www.eveline.hu\/2016\/eveline-kozmetikumok-szepsegapolas\/termekcsaladok\/vitamin_c_3xaction\/vitamin-c-gazdag-szerum-az-elso-rancok-ellen-ejszakai-30ml\/#primaryimage","url":"https:\/\/www.eveline.hu\/2016\/wp-content\/uploads\/2023\/11\/5903416053415-VITAMIN-C-3XACTION-RICH-SERUM-30ML-w.png","contentUrl":"https:\/\/www.eveline.hu\/2016\/wp-content\/uploads\/2023\/11\/5903416053415-VITAMIN-C-3XACTION-RICH-SERUM-30ML-w.png","width":750,"height":750},{"@type":"BreadcrumbList","@id":"https:\/\/www.eveline.hu\/2016\/eveline-kozmetikumok-szepsegapolas\/termekcsaladok\/vitamin_c_3xaction\/vitamin-c-gazdag-szerum-az-elso-rancok-ellen-ejszakai-30ml\/#breadcrumb","itemListElement":[{"@type":"ListItem","position":1,"name":"Home","item":"https:\/\/www.eveline.hu\/2016\/"},{"@type":"ListItem","position":2,"name":"Term\u00e9kek","item":"https:\/\/www.eveline.hu\/2016\/shop\/"},{"@type":"ListItem","position":3,"name":"VITAMIN C Gazdag sz\u00e9rum az els\u0151 r\u00e1ncok ellen \u00e9jszakai 30ml"}]},{"@type":"WebSite","@id":"https:\/\/www.eveline.hu\/2016\/#website","url":"https:\/\/www.eveline.hu\/2016\/","name":"Eveline Cosmetics Magyarorsz\u00e1g","description":"Min\u0151s\u00e9gi kozmetikumok Lengyelorsz\u00e1gb\u00f3l","potentialAction":[{"@type":"SearchAction","target":{"@type":"EntryPoint","urlTemplate":"https:\/\/www.eveline.hu\/2016\/?s={search_term_string}"},"query-input":"required name=search_term_string"}],"inLanguage":"hu"}]}},"_links":{"self":[{"href":"https:\/\/www.eveline.hu\/2016\/wp-json\/wp\/v2\/product\/30137"}],"collection":[{"href":"https:\/\/www.eveline.hu\/2016\/wp-json\/wp\/v2\/product"}],"about":[{"href":"https:\/\/www.eveline.hu\/2016\/wp-json\/wp\/v2\/types\/product"}],"replies":[{"embeddable":true,"href":"https:\/\/www.eveline.hu\/2016\/wp-json\/wp\/v2\/comments?post=30137"}],"wp:featuredmedia":[{"embeddable":true,"href":"https:\/\/www.eveline.hu\/2016\/wp-json\/wp\/v2\/media\/30138"}],"wp:attachment":[{"href":"https:\/\/www.eveline.hu\/2016\/wp-json\/wp\/v2\/media?parent=30137"}],"wp:term":[{"taxonomy":"product_cat","embeddable":true,"href":"https:\/\/www.eveline.hu\/2016\/wp-json\/wp\/v2\/product_cat?post=30137"},{"taxonomy":"product_tag","embeddable":true,"href":"https:\/\/www.eveline.hu\/2016\/wp-json\/wp\/v2\/product_tag?post=30137"}],"curies":[{"name":"wp","href":"https:\/\/api.w.org\/{rel}","templated":true}]}}