{"id":30135,"date":"2023-11-17T10:38:11","date_gmt":"2023-11-17T09:38:11","guid":{"rendered":"https:\/\/www.eveline.hu\/2016\/?post_type=product&#038;p=30135"},"modified":"2025-06-19T15:50:47","modified_gmt":"2025-06-19T13:50:47","slug":"vitamin-c-arctisztito-gel-esszencia-150ml","status":"publish","type":"product","link":"https:\/\/www.eveline.hu\/2016\/eveline-kozmetikumok-szepsegapolas\/termekcsaladok\/vitamin_c_3xaction\/vitamin-c-arctisztito-gel-esszencia-150ml\/","title":{"rendered":"VITAMIN C ARCTISZT\u00cdT\u00d3 G\u00c9L-ESSZENCIA 150ml"},"content":{"rendered":"<p>Egyed\u00fcl\u00e1ll\u00f3, selymes formula, amely hidrat\u00e1lja \u00e9s ragyog\u00f3v\u00e1 teszi a b\u0151rt. T\u00f6k\u00e9letes a f\u00e1radt, fak\u00f3 \u00e9s matt b\u0151r mindennapos \u00e1pol\u00e1s\u00e1ra.<\/p>\n<p>Akt\u00edv \u00f6sszetev\u0151k: C-vitamin 3 form\u00e1ja, tranex\u00e1msav, gl\u00fckonolakton, AHA-savak.<\/p>\n<p><strong>Alkalmaz\u00e1s<\/strong>: vigyen fel\u00a0 kis mennyis\u00e9g\u0171 g\u00e9l-esszenci\u00e1t a nedves arcra, elker\u00fclve a szemk\u00f6rny\u00e9ket, v\u00e9gezzen r\u00f6vid massz\u00edroz\u00e1st,<\/p>\n<p>majd langyos v\u00edzzel alaposan \u00f6bl\u00edtse le.<\/p>\n<p>\u00f6sszetev\u0151k:Aqua (Water), Sodium Coco-Sulfate, Cocamidopropyl Betaine, Glycerin, CI 19140, Coco-Glucoside, Citrus Aurantium Amara Flower Water, Triticum Vulgare Germ Extract, Scutellaria Baicalensis Root Extract, Glycine Soja Germ Extract, Allantoin, Ascorbyl Glucoside , Ascorbyl Palmitate, Ascorbyl Tetraisopalmitate, Betaine, Tranexamic Acid, Gluconolactone, Salicylic Acid, Lactic Acid, Glycolic Acid, Arginine, Malic Acid, Sodium Benzoate, Potassium Sorbate, Parfum (Fragrance), Coco-Betaine, Lauroyl\/Myristoyl Methyl Glucamide, Tetrasodium Glutamate Diacetate, PEG\/PPG-120\/10 Trimethylolpropane Trioleate, Laureth-2, PEG-7 Glyceryl Cocoate, Propanediol, Calcium Gluconate, Citric Acid, Sodium Chloride.<\/p>\n","protected":false},"excerpt":{"rendered":"<p>150ml ( 9326 Ft\/L)<\/p>\n","protected":false},"featured_media":30136,"comment_status":"open","ping_status":"closed","template":"","meta":[],"product_cat":[296,214,80],"product_tag":[],"yoast_head":"<!-- This site is optimized with the Yoast SEO plugin v22.2 - https:\/\/yoast.com\/wordpress\/plugins\/seo\/ -->\n<title>VITAMIN C ARCTISZT\u00cdT\u00d3 G\u00c9L-ESSZENCIA 150ml - Eveline Cosmetics Magyarorsz\u00e1g<\/title>\n<meta name=\"robots\" content=\"index, follow, max-snippet:-1, max-image-preview:large, max-video-preview:-1\" \/>\n<link rel=\"canonical\" href=\"https:\/\/www.eveline.hu\/2016\/eveline-kozmetikumok-szepsegapolas\/termekcsaladok\/vitamin_c_3xaction\/vitamin-c-arctisztito-gel-esszencia-150ml\/\" \/>\n<meta property=\"og:locale\" content=\"hu_HU\" \/>\n<meta property=\"og:type\" content=\"article\" \/>\n<meta property=\"og:title\" content=\"VITAMIN C ARCTISZT\u00cdT\u00d3 G\u00c9L-ESSZENCIA 150ml - Eveline Cosmetics Magyarorsz\u00e1g\" \/>\n<meta property=\"og:description\" content=\"150ml ( 9326 Ft\/L)\" \/>\n<meta property=\"og:url\" content=\"https:\/\/www.eveline.hu\/2016\/eveline-kozmetikumok-szepsegapolas\/termekcsaladok\/vitamin_c_3xaction\/vitamin-c-arctisztito-gel-esszencia-150ml\/\" \/>\n<meta property=\"og:site_name\" content=\"Eveline Cosmetics Magyarorsz\u00e1g\" \/>\n<meta property=\"article:modified_time\" content=\"2025-06-19T13:50:47+00:00\" \/>\n<meta property=\"og:image\" content=\"https:\/\/www.eveline.hu\/2016\/wp-content\/uploads\/2023\/11\/5903416053408-VITAMIN-C-3XACTION-CLEANSING-GEL-ESSENCE-150ML-w.png\" \/>\n\t<meta property=\"og:image:width\" content=\"750\" \/>\n\t<meta property=\"og:image:height\" content=\"750\" \/>\n\t<meta property=\"og:image:type\" content=\"image\/png\" \/>\n<meta name=\"twitter:card\" content=\"summary_large_image\" \/>\n<meta name=\"twitter:label1\" content=\"Becs\u00fclt olvas\u00e1si id\u0151\" \/>\n\t<meta name=\"twitter:data1\" content=\"1 perc\" \/>\n<script type=\"application\/ld+json\" class=\"yoast-schema-graph\">{\"@context\":\"https:\/\/schema.org\",\"@graph\":[{\"@type\":\"WebPage\",\"@id\":\"https:\/\/www.eveline.hu\/2016\/eveline-kozmetikumok-szepsegapolas\/termekcsaladok\/vitamin_c_3xaction\/vitamin-c-arctisztito-gel-esszencia-150ml\/\",\"url\":\"https:\/\/www.eveline.hu\/2016\/eveline-kozmetikumok-szepsegapolas\/termekcsaladok\/vitamin_c_3xaction\/vitamin-c-arctisztito-gel-esszencia-150ml\/\",\"name\":\"VITAMIN C ARCTISZT\u00cdT\u00d3 G\u00c9L-ESSZENCIA 150ml - Eveline Cosmetics Magyarorsz\u00e1g\",\"isPartOf\":{\"@id\":\"https:\/\/www.eveline.hu\/2016\/#website\"},\"primaryImageOfPage\":{\"@id\":\"https:\/\/www.eveline.hu\/2016\/eveline-kozmetikumok-szepsegapolas\/termekcsaladok\/vitamin_c_3xaction\/vitamin-c-arctisztito-gel-esszencia-150ml\/#primaryimage\"},\"image\":{\"@id\":\"https:\/\/www.eveline.hu\/2016\/eveline-kozmetikumok-szepsegapolas\/termekcsaladok\/vitamin_c_3xaction\/vitamin-c-arctisztito-gel-esszencia-150ml\/#primaryimage\"},\"thumbnailUrl\":\"https:\/\/www.eveline.hu\/2016\/wp-content\/uploads\/2023\/11\/5903416053408-VITAMIN-C-3XACTION-CLEANSING-GEL-ESSENCE-150ML-w.png\",\"datePublished\":\"2023-11-17T09:38:11+00:00\",\"dateModified\":\"2025-06-19T13:50:47+00:00\",\"breadcrumb\":{\"@id\":\"https:\/\/www.eveline.hu\/2016\/eveline-kozmetikumok-szepsegapolas\/termekcsaladok\/vitamin_c_3xaction\/vitamin-c-arctisztito-gel-esszencia-150ml\/#breadcrumb\"},\"inLanguage\":\"hu\",\"potentialAction\":[{\"@type\":\"ReadAction\",\"target\":[\"https:\/\/www.eveline.hu\/2016\/eveline-kozmetikumok-szepsegapolas\/termekcsaladok\/vitamin_c_3xaction\/vitamin-c-arctisztito-gel-esszencia-150ml\/\"]}]},{\"@type\":\"ImageObject\",\"inLanguage\":\"hu\",\"@id\":\"https:\/\/www.eveline.hu\/2016\/eveline-kozmetikumok-szepsegapolas\/termekcsaladok\/vitamin_c_3xaction\/vitamin-c-arctisztito-gel-esszencia-150ml\/#primaryimage\",\"url\":\"https:\/\/www.eveline.hu\/2016\/wp-content\/uploads\/2023\/11\/5903416053408-VITAMIN-C-3XACTION-CLEANSING-GEL-ESSENCE-150ML-w.png\",\"contentUrl\":\"https:\/\/www.eveline.hu\/2016\/wp-content\/uploads\/2023\/11\/5903416053408-VITAMIN-C-3XACTION-CLEANSING-GEL-ESSENCE-150ML-w.png\",\"width\":750,\"height\":750},{\"@type\":\"BreadcrumbList\",\"@id\":\"https:\/\/www.eveline.hu\/2016\/eveline-kozmetikumok-szepsegapolas\/termekcsaladok\/vitamin_c_3xaction\/vitamin-c-arctisztito-gel-esszencia-150ml\/#breadcrumb\",\"itemListElement\":[{\"@type\":\"ListItem\",\"position\":1,\"name\":\"Home\",\"item\":\"https:\/\/www.eveline.hu\/2016\/\"},{\"@type\":\"ListItem\",\"position\":2,\"name\":\"Term\u00e9kek\",\"item\":\"https:\/\/www.eveline.hu\/2016\/shop\/\"},{\"@type\":\"ListItem\",\"position\":3,\"name\":\"VITAMIN C ARCTISZT\u00cdT\u00d3 G\u00c9L-ESSZENCIA 150ml\"}]},{\"@type\":\"WebSite\",\"@id\":\"https:\/\/www.eveline.hu\/2016\/#website\",\"url\":\"https:\/\/www.eveline.hu\/2016\/\",\"name\":\"Eveline Cosmetics Magyarorsz\u00e1g\",\"description\":\"Min\u0151s\u00e9gi kozmetikumok Lengyelorsz\u00e1gb\u00f3l\",\"potentialAction\":[{\"@type\":\"SearchAction\",\"target\":{\"@type\":\"EntryPoint\",\"urlTemplate\":\"https:\/\/www.eveline.hu\/2016\/?s={search_term_string}\"},\"query-input\":\"required name=search_term_string\"}],\"inLanguage\":\"hu\"}]}<\/script>\n<!-- \/ Yoast SEO plugin. -->","yoast_head_json":{"title":"VITAMIN C ARCTISZT\u00cdT\u00d3 G\u00c9L-ESSZENCIA 150ml - Eveline Cosmetics Magyarorsz\u00e1g","robots":{"index":"index","follow":"follow","max-snippet":"max-snippet:-1","max-image-preview":"max-image-preview:large","max-video-preview":"max-video-preview:-1"},"canonical":"https:\/\/www.eveline.hu\/2016\/eveline-kozmetikumok-szepsegapolas\/termekcsaladok\/vitamin_c_3xaction\/vitamin-c-arctisztito-gel-esszencia-150ml\/","og_locale":"hu_HU","og_type":"article","og_title":"VITAMIN C ARCTISZT\u00cdT\u00d3 G\u00c9L-ESSZENCIA 150ml - Eveline Cosmetics Magyarorsz\u00e1g","og_description":"150ml ( 9326 Ft\/L)","og_url":"https:\/\/www.eveline.hu\/2016\/eveline-kozmetikumok-szepsegapolas\/termekcsaladok\/vitamin_c_3xaction\/vitamin-c-arctisztito-gel-esszencia-150ml\/","og_site_name":"Eveline Cosmetics Magyarorsz\u00e1g","article_modified_time":"2025-06-19T13:50:47+00:00","og_image":[{"width":750,"height":750,"url":"https:\/\/www.eveline.hu\/2016\/wp-content\/uploads\/2023\/11\/5903416053408-VITAMIN-C-3XACTION-CLEANSING-GEL-ESSENCE-150ML-w.png","type":"image\/png"}],"twitter_card":"summary_large_image","twitter_misc":{"Becs\u00fclt olvas\u00e1si id\u0151":"1 perc"},"schema":{"@context":"https:\/\/schema.org","@graph":[{"@type":"WebPage","@id":"https:\/\/www.eveline.hu\/2016\/eveline-kozmetikumok-szepsegapolas\/termekcsaladok\/vitamin_c_3xaction\/vitamin-c-arctisztito-gel-esszencia-150ml\/","url":"https:\/\/www.eveline.hu\/2016\/eveline-kozmetikumok-szepsegapolas\/termekcsaladok\/vitamin_c_3xaction\/vitamin-c-arctisztito-gel-esszencia-150ml\/","name":"VITAMIN C ARCTISZT\u00cdT\u00d3 G\u00c9L-ESSZENCIA 150ml - Eveline Cosmetics Magyarorsz\u00e1g","isPartOf":{"@id":"https:\/\/www.eveline.hu\/2016\/#website"},"primaryImageOfPage":{"@id":"https:\/\/www.eveline.hu\/2016\/eveline-kozmetikumok-szepsegapolas\/termekcsaladok\/vitamin_c_3xaction\/vitamin-c-arctisztito-gel-esszencia-150ml\/#primaryimage"},"image":{"@id":"https:\/\/www.eveline.hu\/2016\/eveline-kozmetikumok-szepsegapolas\/termekcsaladok\/vitamin_c_3xaction\/vitamin-c-arctisztito-gel-esszencia-150ml\/#primaryimage"},"thumbnailUrl":"https:\/\/www.eveline.hu\/2016\/wp-content\/uploads\/2023\/11\/5903416053408-VITAMIN-C-3XACTION-CLEANSING-GEL-ESSENCE-150ML-w.png","datePublished":"2023-11-17T09:38:11+00:00","dateModified":"2025-06-19T13:50:47+00:00","breadcrumb":{"@id":"https:\/\/www.eveline.hu\/2016\/eveline-kozmetikumok-szepsegapolas\/termekcsaladok\/vitamin_c_3xaction\/vitamin-c-arctisztito-gel-esszencia-150ml\/#breadcrumb"},"inLanguage":"hu","potentialAction":[{"@type":"ReadAction","target":["https:\/\/www.eveline.hu\/2016\/eveline-kozmetikumok-szepsegapolas\/termekcsaladok\/vitamin_c_3xaction\/vitamin-c-arctisztito-gel-esszencia-150ml\/"]}]},{"@type":"ImageObject","inLanguage":"hu","@id":"https:\/\/www.eveline.hu\/2016\/eveline-kozmetikumok-szepsegapolas\/termekcsaladok\/vitamin_c_3xaction\/vitamin-c-arctisztito-gel-esszencia-150ml\/#primaryimage","url":"https:\/\/www.eveline.hu\/2016\/wp-content\/uploads\/2023\/11\/5903416053408-VITAMIN-C-3XACTION-CLEANSING-GEL-ESSENCE-150ML-w.png","contentUrl":"https:\/\/www.eveline.hu\/2016\/wp-content\/uploads\/2023\/11\/5903416053408-VITAMIN-C-3XACTION-CLEANSING-GEL-ESSENCE-150ML-w.png","width":750,"height":750},{"@type":"BreadcrumbList","@id":"https:\/\/www.eveline.hu\/2016\/eveline-kozmetikumok-szepsegapolas\/termekcsaladok\/vitamin_c_3xaction\/vitamin-c-arctisztito-gel-esszencia-150ml\/#breadcrumb","itemListElement":[{"@type":"ListItem","position":1,"name":"Home","item":"https:\/\/www.eveline.hu\/2016\/"},{"@type":"ListItem","position":2,"name":"Term\u00e9kek","item":"https:\/\/www.eveline.hu\/2016\/shop\/"},{"@type":"ListItem","position":3,"name":"VITAMIN C ARCTISZT\u00cdT\u00d3 G\u00c9L-ESSZENCIA 150ml"}]},{"@type":"WebSite","@id":"https:\/\/www.eveline.hu\/2016\/#website","url":"https:\/\/www.eveline.hu\/2016\/","name":"Eveline Cosmetics Magyarorsz\u00e1g","description":"Min\u0151s\u00e9gi kozmetikumok Lengyelorsz\u00e1gb\u00f3l","potentialAction":[{"@type":"SearchAction","target":{"@type":"EntryPoint","urlTemplate":"https:\/\/www.eveline.hu\/2016\/?s={search_term_string}"},"query-input":"required name=search_term_string"}],"inLanguage":"hu"}]}},"_links":{"self":[{"href":"https:\/\/www.eveline.hu\/2016\/wp-json\/wp\/v2\/product\/30135"}],"collection":[{"href":"https:\/\/www.eveline.hu\/2016\/wp-json\/wp\/v2\/product"}],"about":[{"href":"https:\/\/www.eveline.hu\/2016\/wp-json\/wp\/v2\/types\/product"}],"replies":[{"embeddable":true,"href":"https:\/\/www.eveline.hu\/2016\/wp-json\/wp\/v2\/comments?post=30135"}],"wp:featuredmedia":[{"embeddable":true,"href":"https:\/\/www.eveline.hu\/2016\/wp-json\/wp\/v2\/media\/30136"}],"wp:attachment":[{"href":"https:\/\/www.eveline.hu\/2016\/wp-json\/wp\/v2\/media?parent=30135"}],"wp:term":[{"taxonomy":"product_cat","embeddable":true,"href":"https:\/\/www.eveline.hu\/2016\/wp-json\/wp\/v2\/product_cat?post=30135"},{"taxonomy":"product_tag","embeddable":true,"href":"https:\/\/www.eveline.hu\/2016\/wp-json\/wp\/v2\/product_tag?post=30135"}],"curies":[{"name":"wp","href":"https:\/\/api.w.org\/{rel}","templated":true}]}}