{"id":30133,"date":"2023-11-17T10:18:44","date_gmt":"2023-11-17T09:18:44","guid":{"rendered":"https:\/\/www.eveline.hu\/2016\/?post_type=product&#038;p=30133"},"modified":"2025-06-19T15:50:58","modified_gmt":"2025-06-19T13:50:58","slug":"vitamin-c-vilagosito-micellas-viz-500ml","status":"publish","type":"product","link":"https:\/\/www.eveline.hu\/2016\/eveline-kozmetikumok-szepsegapolas\/termekcsaladok\/vitamin_c_3xaction\/vitamin-c-vilagosito-micellas-viz-500ml\/","title":{"rendered":"VITAMIN C Vil\u00e1gos\u00edt\u00f3 micell\u00e1s v\u00edz 500ml"},"content":{"rendered":"<p>Egyed\u00fcl\u00e1ll\u00f3, olajmentes formula, amely egyetlen mozdulattal elt\u00e1vol\u00edtja a v\u00edz\u00e1ll\u00f3 sminket is az arcr\u00f3l, szemekr\u0151l \u00e9s az ajkakr\u00f3l.<\/p>\n<p>Gyeng\u00e9den, de alaposan megtiszt\u00edtja a b\u0151rt, energi\u00e1t \u00e9s ragyog\u00e1st ad.<\/p>\n<p><strong>Alkalmaz\u00e1s<\/strong>: vigyen fel kis mennyis\u00e9g\u0171 micell\u00e1s vizet egy vattakorongra, \u00e9s t\u00f6r\u00f6lje \u00e1t vele az arcot,<\/p>\n<p>bele\u00e9rtve a szem \u00e9s az ajak k\u00f6rny\u00e9k\u00e9t is. Ne d\u00f6rzs\u00f6lje. Nem ig\u00e9nyel \u00f6bl\u00edt\u00e9st.<\/p>\n<p>\u00d6sszetev\u0151k:Aqua (Water), PEG-6 Caprylic\/Capric Glycerides, Glycerin, Olive Oil PEG-7 Esters, Caprylyl\/Capryl Glucoside, Betaine, Citrus Aurantium Amara Flower Water, Ascorbic Acid, Ascorbyl Glucoside, Sodium Lactate, PCA, Sodium PCA, Sodium Levulinate, Levulinic Acid, Glutamic Acid, Serine, Alanine, Glycine, Lysine HCI, Threonine, Arginine, Proline, Cetrimonium Bromide, Hydroxyacetophenone, Sodium Benzoate, Tetrasodium Glutamate Diacetate Citric Acid, Parfum (Fragrance), Benzyl Salicylate, Hexyl Cinnamal.<\/p>\n<p><strong>A term\u00e9ket a <a href=\"http:\/\/www.kozmetikummania.hu\" target=\"_blank\" rel=\"noopener noreferrer\">www.kozmetikummania.hu<\/a> web\u00e1ruh\u00e1zban is megtal\u00e1lod, nagyobb term\u00e9kk\u00edn\u00e1lattal!<\/strong><\/p>\n","protected":false},"excerpt":{"rendered":"<p>500ml (3598 Ft\/L)<\/p>\n","protected":false},"featured_media":30134,"comment_status":"open","ping_status":"closed","template":"","meta":[],"product_cat":[296,214,80],"product_tag":[],"yoast_head":"<!-- This site is optimized with the Yoast SEO plugin v22.2 - https:\/\/yoast.com\/wordpress\/plugins\/seo\/ -->\n<title>VITAMIN C Vil\u00e1gos\u00edt\u00f3 micell\u00e1s v\u00edz 500ml - Eveline Cosmetics Magyarorsz\u00e1g<\/title>\n<meta name=\"robots\" content=\"index, follow, max-snippet:-1, max-image-preview:large, max-video-preview:-1\" \/>\n<link rel=\"canonical\" href=\"https:\/\/www.eveline.hu\/2016\/eveline-kozmetikumok-szepsegapolas\/termekcsaladok\/vitamin_c_3xaction\/vitamin-c-vilagosito-micellas-viz-500ml\/\" \/>\n<meta property=\"og:locale\" content=\"hu_HU\" \/>\n<meta property=\"og:type\" content=\"article\" \/>\n<meta property=\"og:title\" content=\"VITAMIN C Vil\u00e1gos\u00edt\u00f3 micell\u00e1s v\u00edz 500ml - Eveline Cosmetics Magyarorsz\u00e1g\" \/>\n<meta property=\"og:description\" content=\"500ml (3598 Ft\/L)\" \/>\n<meta property=\"og:url\" content=\"https:\/\/www.eveline.hu\/2016\/eveline-kozmetikumok-szepsegapolas\/termekcsaladok\/vitamin_c_3xaction\/vitamin-c-vilagosito-micellas-viz-500ml\/\" \/>\n<meta property=\"og:site_name\" content=\"Eveline Cosmetics Magyarorsz\u00e1g\" \/>\n<meta property=\"article:modified_time\" content=\"2025-06-19T13:50:58+00:00\" \/>\n<meta property=\"og:image\" content=\"https:\/\/www.eveline.hu\/2016\/wp-content\/uploads\/2023\/11\/5903416054146VITAMIN-C-3XACTION-MICELLAR-WATER-500ML-w.png\" \/>\n\t<meta property=\"og:image:width\" content=\"750\" \/>\n\t<meta property=\"og:image:height\" content=\"750\" \/>\n\t<meta property=\"og:image:type\" content=\"image\/png\" \/>\n<meta name=\"twitter:card\" content=\"summary_large_image\" \/>\n<meta name=\"twitter:label1\" content=\"Becs\u00fclt olvas\u00e1si id\u0151\" \/>\n\t<meta name=\"twitter:data1\" content=\"1 perc\" \/>\n<script type=\"application\/ld+json\" class=\"yoast-schema-graph\">{\"@context\":\"https:\/\/schema.org\",\"@graph\":[{\"@type\":\"WebPage\",\"@id\":\"https:\/\/www.eveline.hu\/2016\/eveline-kozmetikumok-szepsegapolas\/termekcsaladok\/vitamin_c_3xaction\/vitamin-c-vilagosito-micellas-viz-500ml\/\",\"url\":\"https:\/\/www.eveline.hu\/2016\/eveline-kozmetikumok-szepsegapolas\/termekcsaladok\/vitamin_c_3xaction\/vitamin-c-vilagosito-micellas-viz-500ml\/\",\"name\":\"VITAMIN C Vil\u00e1gos\u00edt\u00f3 micell\u00e1s v\u00edz 500ml - Eveline Cosmetics Magyarorsz\u00e1g\",\"isPartOf\":{\"@id\":\"https:\/\/www.eveline.hu\/2016\/#website\"},\"primaryImageOfPage\":{\"@id\":\"https:\/\/www.eveline.hu\/2016\/eveline-kozmetikumok-szepsegapolas\/termekcsaladok\/vitamin_c_3xaction\/vitamin-c-vilagosito-micellas-viz-500ml\/#primaryimage\"},\"image\":{\"@id\":\"https:\/\/www.eveline.hu\/2016\/eveline-kozmetikumok-szepsegapolas\/termekcsaladok\/vitamin_c_3xaction\/vitamin-c-vilagosito-micellas-viz-500ml\/#primaryimage\"},\"thumbnailUrl\":\"https:\/\/www.eveline.hu\/2016\/wp-content\/uploads\/2023\/11\/5903416054146VITAMIN-C-3XACTION-MICELLAR-WATER-500ML-w.png\",\"datePublished\":\"2023-11-17T09:18:44+00:00\",\"dateModified\":\"2025-06-19T13:50:58+00:00\",\"breadcrumb\":{\"@id\":\"https:\/\/www.eveline.hu\/2016\/eveline-kozmetikumok-szepsegapolas\/termekcsaladok\/vitamin_c_3xaction\/vitamin-c-vilagosito-micellas-viz-500ml\/#breadcrumb\"},\"inLanguage\":\"hu\",\"potentialAction\":[{\"@type\":\"ReadAction\",\"target\":[\"https:\/\/www.eveline.hu\/2016\/eveline-kozmetikumok-szepsegapolas\/termekcsaladok\/vitamin_c_3xaction\/vitamin-c-vilagosito-micellas-viz-500ml\/\"]}]},{\"@type\":\"ImageObject\",\"inLanguage\":\"hu\",\"@id\":\"https:\/\/www.eveline.hu\/2016\/eveline-kozmetikumok-szepsegapolas\/termekcsaladok\/vitamin_c_3xaction\/vitamin-c-vilagosito-micellas-viz-500ml\/#primaryimage\",\"url\":\"https:\/\/www.eveline.hu\/2016\/wp-content\/uploads\/2023\/11\/5903416054146VITAMIN-C-3XACTION-MICELLAR-WATER-500ML-w.png\",\"contentUrl\":\"https:\/\/www.eveline.hu\/2016\/wp-content\/uploads\/2023\/11\/5903416054146VITAMIN-C-3XACTION-MICELLAR-WATER-500ML-w.png\",\"width\":750,\"height\":750},{\"@type\":\"BreadcrumbList\",\"@id\":\"https:\/\/www.eveline.hu\/2016\/eveline-kozmetikumok-szepsegapolas\/termekcsaladok\/vitamin_c_3xaction\/vitamin-c-vilagosito-micellas-viz-500ml\/#breadcrumb\",\"itemListElement\":[{\"@type\":\"ListItem\",\"position\":1,\"name\":\"Home\",\"item\":\"https:\/\/www.eveline.hu\/2016\/\"},{\"@type\":\"ListItem\",\"position\":2,\"name\":\"Term\u00e9kek\",\"item\":\"https:\/\/www.eveline.hu\/2016\/shop\/\"},{\"@type\":\"ListItem\",\"position\":3,\"name\":\"VITAMIN C Vil\u00e1gos\u00edt\u00f3 micell\u00e1s v\u00edz 500ml\"}]},{\"@type\":\"WebSite\",\"@id\":\"https:\/\/www.eveline.hu\/2016\/#website\",\"url\":\"https:\/\/www.eveline.hu\/2016\/\",\"name\":\"Eveline Cosmetics Magyarorsz\u00e1g\",\"description\":\"Min\u0151s\u00e9gi kozmetikumok Lengyelorsz\u00e1gb\u00f3l\",\"potentialAction\":[{\"@type\":\"SearchAction\",\"target\":{\"@type\":\"EntryPoint\",\"urlTemplate\":\"https:\/\/www.eveline.hu\/2016\/?s={search_term_string}\"},\"query-input\":\"required name=search_term_string\"}],\"inLanguage\":\"hu\"}]}<\/script>\n<!-- \/ Yoast SEO plugin. -->","yoast_head_json":{"title":"VITAMIN C Vil\u00e1gos\u00edt\u00f3 micell\u00e1s v\u00edz 500ml - Eveline Cosmetics Magyarorsz\u00e1g","robots":{"index":"index","follow":"follow","max-snippet":"max-snippet:-1","max-image-preview":"max-image-preview:large","max-video-preview":"max-video-preview:-1"},"canonical":"https:\/\/www.eveline.hu\/2016\/eveline-kozmetikumok-szepsegapolas\/termekcsaladok\/vitamin_c_3xaction\/vitamin-c-vilagosito-micellas-viz-500ml\/","og_locale":"hu_HU","og_type":"article","og_title":"VITAMIN C Vil\u00e1gos\u00edt\u00f3 micell\u00e1s v\u00edz 500ml - Eveline Cosmetics Magyarorsz\u00e1g","og_description":"500ml (3598 Ft\/L)","og_url":"https:\/\/www.eveline.hu\/2016\/eveline-kozmetikumok-szepsegapolas\/termekcsaladok\/vitamin_c_3xaction\/vitamin-c-vilagosito-micellas-viz-500ml\/","og_site_name":"Eveline Cosmetics Magyarorsz\u00e1g","article_modified_time":"2025-06-19T13:50:58+00:00","og_image":[{"width":750,"height":750,"url":"https:\/\/www.eveline.hu\/2016\/wp-content\/uploads\/2023\/11\/5903416054146VITAMIN-C-3XACTION-MICELLAR-WATER-500ML-w.png","type":"image\/png"}],"twitter_card":"summary_large_image","twitter_misc":{"Becs\u00fclt olvas\u00e1si id\u0151":"1 perc"},"schema":{"@context":"https:\/\/schema.org","@graph":[{"@type":"WebPage","@id":"https:\/\/www.eveline.hu\/2016\/eveline-kozmetikumok-szepsegapolas\/termekcsaladok\/vitamin_c_3xaction\/vitamin-c-vilagosito-micellas-viz-500ml\/","url":"https:\/\/www.eveline.hu\/2016\/eveline-kozmetikumok-szepsegapolas\/termekcsaladok\/vitamin_c_3xaction\/vitamin-c-vilagosito-micellas-viz-500ml\/","name":"VITAMIN C Vil\u00e1gos\u00edt\u00f3 micell\u00e1s v\u00edz 500ml - Eveline Cosmetics Magyarorsz\u00e1g","isPartOf":{"@id":"https:\/\/www.eveline.hu\/2016\/#website"},"primaryImageOfPage":{"@id":"https:\/\/www.eveline.hu\/2016\/eveline-kozmetikumok-szepsegapolas\/termekcsaladok\/vitamin_c_3xaction\/vitamin-c-vilagosito-micellas-viz-500ml\/#primaryimage"},"image":{"@id":"https:\/\/www.eveline.hu\/2016\/eveline-kozmetikumok-szepsegapolas\/termekcsaladok\/vitamin_c_3xaction\/vitamin-c-vilagosito-micellas-viz-500ml\/#primaryimage"},"thumbnailUrl":"https:\/\/www.eveline.hu\/2016\/wp-content\/uploads\/2023\/11\/5903416054146VITAMIN-C-3XACTION-MICELLAR-WATER-500ML-w.png","datePublished":"2023-11-17T09:18:44+00:00","dateModified":"2025-06-19T13:50:58+00:00","breadcrumb":{"@id":"https:\/\/www.eveline.hu\/2016\/eveline-kozmetikumok-szepsegapolas\/termekcsaladok\/vitamin_c_3xaction\/vitamin-c-vilagosito-micellas-viz-500ml\/#breadcrumb"},"inLanguage":"hu","potentialAction":[{"@type":"ReadAction","target":["https:\/\/www.eveline.hu\/2016\/eveline-kozmetikumok-szepsegapolas\/termekcsaladok\/vitamin_c_3xaction\/vitamin-c-vilagosito-micellas-viz-500ml\/"]}]},{"@type":"ImageObject","inLanguage":"hu","@id":"https:\/\/www.eveline.hu\/2016\/eveline-kozmetikumok-szepsegapolas\/termekcsaladok\/vitamin_c_3xaction\/vitamin-c-vilagosito-micellas-viz-500ml\/#primaryimage","url":"https:\/\/www.eveline.hu\/2016\/wp-content\/uploads\/2023\/11\/5903416054146VITAMIN-C-3XACTION-MICELLAR-WATER-500ML-w.png","contentUrl":"https:\/\/www.eveline.hu\/2016\/wp-content\/uploads\/2023\/11\/5903416054146VITAMIN-C-3XACTION-MICELLAR-WATER-500ML-w.png","width":750,"height":750},{"@type":"BreadcrumbList","@id":"https:\/\/www.eveline.hu\/2016\/eveline-kozmetikumok-szepsegapolas\/termekcsaladok\/vitamin_c_3xaction\/vitamin-c-vilagosito-micellas-viz-500ml\/#breadcrumb","itemListElement":[{"@type":"ListItem","position":1,"name":"Home","item":"https:\/\/www.eveline.hu\/2016\/"},{"@type":"ListItem","position":2,"name":"Term\u00e9kek","item":"https:\/\/www.eveline.hu\/2016\/shop\/"},{"@type":"ListItem","position":3,"name":"VITAMIN C Vil\u00e1gos\u00edt\u00f3 micell\u00e1s v\u00edz 500ml"}]},{"@type":"WebSite","@id":"https:\/\/www.eveline.hu\/2016\/#website","url":"https:\/\/www.eveline.hu\/2016\/","name":"Eveline Cosmetics Magyarorsz\u00e1g","description":"Min\u0151s\u00e9gi kozmetikumok Lengyelorsz\u00e1gb\u00f3l","potentialAction":[{"@type":"SearchAction","target":{"@type":"EntryPoint","urlTemplate":"https:\/\/www.eveline.hu\/2016\/?s={search_term_string}"},"query-input":"required name=search_term_string"}],"inLanguage":"hu"}]}},"_links":{"self":[{"href":"https:\/\/www.eveline.hu\/2016\/wp-json\/wp\/v2\/product\/30133"}],"collection":[{"href":"https:\/\/www.eveline.hu\/2016\/wp-json\/wp\/v2\/product"}],"about":[{"href":"https:\/\/www.eveline.hu\/2016\/wp-json\/wp\/v2\/types\/product"}],"replies":[{"embeddable":true,"href":"https:\/\/www.eveline.hu\/2016\/wp-json\/wp\/v2\/comments?post=30133"}],"wp:featuredmedia":[{"embeddable":true,"href":"https:\/\/www.eveline.hu\/2016\/wp-json\/wp\/v2\/media\/30134"}],"wp:attachment":[{"href":"https:\/\/www.eveline.hu\/2016\/wp-json\/wp\/v2\/media?parent=30133"}],"wp:term":[{"taxonomy":"product_cat","embeddable":true,"href":"https:\/\/www.eveline.hu\/2016\/wp-json\/wp\/v2\/product_cat?post=30133"},{"taxonomy":"product_tag","embeddable":true,"href":"https:\/\/www.eveline.hu\/2016\/wp-json\/wp\/v2\/product_tag?post=30133"}],"curies":[{"name":"wp","href":"https:\/\/api.w.org\/{rel}","templated":true}]}}