{"id":30063,"date":"2023-10-31T15:26:03","date_gmt":"2023-10-31T14:26:03","guid":{"rendered":"https:\/\/www.eveline.hu\/2016\/?post_type=product&#038;p=30063"},"modified":"2024-08-22T16:49:52","modified_gmt":"2024-08-22T14:49:52","slug":"flower-garden-szajfeny-01-45ml","status":"publish","type":"product","link":"https:\/\/www.eveline.hu\/2016\/eveline-kozmetikumok-szepsegapolas\/smink\/szaj\/szajfenyek\/flower-garden-szajfeny-01-45ml\/","title":{"rendered":"Flower Garden sz\u00e1jf\u00e9ny 01  4,5ml"},"content":{"rendered":"<p>&nbsp;<\/p>\n<p><span class=\"HwtZe\" lang=\"hu\"><span class=\"jCAhz ChMk0b\"><span class=\"ryNqvb\">Egyed\u00fcl\u00e1ll\u00f3, t\u00e1pl\u00e1l\u00f3 hat\u00f3anyagokban gazdag formul\u00e1ja, mint a hialuronsav, n\u00f6v\u00e9nyi kollag\u00e9n \u00e9s bazsar\u00f3zsa kivonat, kellemes hidrat\u00e1l\u00e1st \u00e9s v\u00e9delmet biztos\u00edt az ajkaknak.<\/span><\/span> <\/span><\/p>\n<p><span class=\"HwtZe\" lang=\"hu\"><span class=\"jCAhz ChMk0b\"><span class=\"ryNqvb\">A veg\u00e1n recept gondoskodik a teljes \u00e1pol\u00e1sr\u00f3l!<\/span><\/span><\/span><\/p>\n<p><span class=\"HwtZe\" lang=\"hu\"> <span class=\"jCAhz ChMk0b\"><span class=\"ryNqvb\">A term\u00e9k kellemes, kr\u00e9mes \u00e1llaga biztos\u00edtja a k\u00f6nny\u0171 felvitelt \u00e9s a csod\u00e1latos f\u00e9nyt.<\/span><\/span> <span class=\"jCAhz ChMk0b\"><span class=\"ryNqvb\">A sz\u00e1jf\u00e9ny seg\u00edt kiemelni a gy\u00f6ny\u00f6r\u0171 sz\u00ednt, \u00e9s kiv\u00e9telesen puh\u00e1v\u00e1 var\u00e1zsolja ajkait.<\/span><\/span><\/span><\/p>\n<p>A k\u00e9p \u00e9s a term\u00e9k k\u00f6z\u00f6tt \u00e1rnyalatnyi elt\u00e9r\u00e9s lehet!<\/p>\n","protected":false},"excerpt":{"rendered":"<p>&nbsp; Egyed\u00fcl\u00e1ll\u00f3, t\u00e1pl\u00e1l\u00f3 hat\u00f3anyagokban gazdag formul\u00e1ja, mint a hialuronsav, n\u00f6v\u00e9nyi kollag\u00e9n \u00e9s bazsar\u00f3zsa kivonat, kellemes hidrat\u00e1l\u00e1st \u00e9s v\u00e9delmet biztos\u00edt az ajkaknak. A veg\u00e1n recept gondoskodik a teljes \u00e1pol\u00e1sr\u00f3l! A term\u00e9k kellemes, kr\u00e9mes \u00e1llaga biztos\u00edtja a k\u00f6nny\u0171 felvitelt \u00e9s a csod\u00e1latos [&hellip;]<\/p>\n","protected":false},"featured_media":30064,"comment_status":"open","ping_status":"closed","template":"","meta":[],"product_cat":[302,130,152,154,80],"product_tag":[],"yoast_head":"<!-- This site is optimized with the Yoast SEO plugin v22.2 - https:\/\/yoast.com\/wordpress\/plugins\/seo\/ -->\n<title>Flower Garden sz\u00e1jf\u00e9ny 01 4,5ml - Eveline Cosmetics Magyarorsz\u00e1g<\/title>\n<meta name=\"robots\" content=\"index, follow, max-snippet:-1, max-image-preview:large, max-video-preview:-1\" \/>\n<link rel=\"canonical\" href=\"https:\/\/www.eveline.hu\/2016\/eveline-kozmetikumok-szepsegapolas\/smink\/szaj\/szajfenyek\/flower-garden-szajfeny-01-45ml\/\" \/>\n<meta property=\"og:locale\" content=\"hu_HU\" \/>\n<meta property=\"og:type\" content=\"article\" \/>\n<meta property=\"og:title\" content=\"Flower Garden sz\u00e1jf\u00e9ny 01 4,5ml - Eveline Cosmetics Magyarorsz\u00e1g\" \/>\n<meta property=\"og:description\" content=\"&nbsp; Egyed\u00fcl\u00e1ll\u00f3, t\u00e1pl\u00e1l\u00f3 hat\u00f3anyagokban gazdag formul\u00e1ja, mint a hialuronsav, n\u00f6v\u00e9nyi kollag\u00e9n \u00e9s bazsar\u00f3zsa kivonat, kellemes hidrat\u00e1l\u00e1st \u00e9s v\u00e9delmet biztos\u00edt az ajkaknak. A veg\u00e1n recept gondoskodik a teljes \u00e1pol\u00e1sr\u00f3l! A term\u00e9k kellemes, kr\u00e9mes \u00e1llaga biztos\u00edtja a k\u00f6nny\u0171 felvitelt \u00e9s a csod\u00e1latos [&hellip;]\" \/>\n<meta property=\"og:url\" content=\"https:\/\/www.eveline.hu\/2016\/eveline-kozmetikumok-szepsegapolas\/smink\/szaj\/szajfenyek\/flower-garden-szajfeny-01-45ml\/\" \/>\n<meta property=\"og:site_name\" content=\"Eveline Cosmetics Magyarorsz\u00e1g\" \/>\n<meta property=\"article:modified_time\" content=\"2024-08-22T14:49:52+00:00\" \/>\n<meta property=\"og:image\" content=\"https:\/\/www.eveline.hu\/2016\/wp-content\/uploads\/2023\/10\/5903416052395-FLOWER-GARDEN-LIP-GLOSS-NO-01-w.png\" \/>\n\t<meta property=\"og:image:width\" content=\"750\" \/>\n\t<meta property=\"og:image:height\" content=\"750\" \/>\n\t<meta property=\"og:image:type\" content=\"image\/png\" \/>\n<meta name=\"twitter:card\" content=\"summary_large_image\" \/>\n<meta name=\"twitter:label1\" content=\"Becs\u00fclt olvas\u00e1si id\u0151\" \/>\n\t<meta name=\"twitter:data1\" content=\"1 perc\" \/>\n<script type=\"application\/ld+json\" class=\"yoast-schema-graph\">{\"@context\":\"https:\/\/schema.org\",\"@graph\":[{\"@type\":\"WebPage\",\"@id\":\"https:\/\/www.eveline.hu\/2016\/eveline-kozmetikumok-szepsegapolas\/smink\/szaj\/szajfenyek\/flower-garden-szajfeny-01-45ml\/\",\"url\":\"https:\/\/www.eveline.hu\/2016\/eveline-kozmetikumok-szepsegapolas\/smink\/szaj\/szajfenyek\/flower-garden-szajfeny-01-45ml\/\",\"name\":\"Flower Garden sz\u00e1jf\u00e9ny 01 4,5ml - Eveline Cosmetics Magyarorsz\u00e1g\",\"isPartOf\":{\"@id\":\"https:\/\/www.eveline.hu\/2016\/#website\"},\"primaryImageOfPage\":{\"@id\":\"https:\/\/www.eveline.hu\/2016\/eveline-kozmetikumok-szepsegapolas\/smink\/szaj\/szajfenyek\/flower-garden-szajfeny-01-45ml\/#primaryimage\"},\"image\":{\"@id\":\"https:\/\/www.eveline.hu\/2016\/eveline-kozmetikumok-szepsegapolas\/smink\/szaj\/szajfenyek\/flower-garden-szajfeny-01-45ml\/#primaryimage\"},\"thumbnailUrl\":\"https:\/\/www.eveline.hu\/2016\/wp-content\/uploads\/2023\/10\/5903416052395-FLOWER-GARDEN-LIP-GLOSS-NO-01-w.png\",\"datePublished\":\"2023-10-31T14:26:03+00:00\",\"dateModified\":\"2024-08-22T14:49:52+00:00\",\"breadcrumb\":{\"@id\":\"https:\/\/www.eveline.hu\/2016\/eveline-kozmetikumok-szepsegapolas\/smink\/szaj\/szajfenyek\/flower-garden-szajfeny-01-45ml\/#breadcrumb\"},\"inLanguage\":\"hu\",\"potentialAction\":[{\"@type\":\"ReadAction\",\"target\":[\"https:\/\/www.eveline.hu\/2016\/eveline-kozmetikumok-szepsegapolas\/smink\/szaj\/szajfenyek\/flower-garden-szajfeny-01-45ml\/\"]}]},{\"@type\":\"ImageObject\",\"inLanguage\":\"hu\",\"@id\":\"https:\/\/www.eveline.hu\/2016\/eveline-kozmetikumok-szepsegapolas\/smink\/szaj\/szajfenyek\/flower-garden-szajfeny-01-45ml\/#primaryimage\",\"url\":\"https:\/\/www.eveline.hu\/2016\/wp-content\/uploads\/2023\/10\/5903416052395-FLOWER-GARDEN-LIP-GLOSS-NO-01-w.png\",\"contentUrl\":\"https:\/\/www.eveline.hu\/2016\/wp-content\/uploads\/2023\/10\/5903416052395-FLOWER-GARDEN-LIP-GLOSS-NO-01-w.png\",\"width\":750,\"height\":750},{\"@type\":\"BreadcrumbList\",\"@id\":\"https:\/\/www.eveline.hu\/2016\/eveline-kozmetikumok-szepsegapolas\/smink\/szaj\/szajfenyek\/flower-garden-szajfeny-01-45ml\/#breadcrumb\",\"itemListElement\":[{\"@type\":\"ListItem\",\"position\":1,\"name\":\"Home\",\"item\":\"https:\/\/www.eveline.hu\/2016\/\"},{\"@type\":\"ListItem\",\"position\":2,\"name\":\"Term\u00e9kek\",\"item\":\"https:\/\/www.eveline.hu\/2016\/shop\/\"},{\"@type\":\"ListItem\",\"position\":3,\"name\":\"Flower Garden sz\u00e1jf\u00e9ny 01 4,5ml\"}]},{\"@type\":\"WebSite\",\"@id\":\"https:\/\/www.eveline.hu\/2016\/#website\",\"url\":\"https:\/\/www.eveline.hu\/2016\/\",\"name\":\"Eveline Cosmetics Magyarorsz\u00e1g\",\"description\":\"Min\u0151s\u00e9gi kozmetikumok Lengyelorsz\u00e1gb\u00f3l\",\"potentialAction\":[{\"@type\":\"SearchAction\",\"target\":{\"@type\":\"EntryPoint\",\"urlTemplate\":\"https:\/\/www.eveline.hu\/2016\/?s={search_term_string}\"},\"query-input\":\"required name=search_term_string\"}],\"inLanguage\":\"hu\"}]}<\/script>\n<!-- \/ Yoast SEO plugin. -->","yoast_head_json":{"title":"Flower Garden sz\u00e1jf\u00e9ny 01 4,5ml - Eveline Cosmetics Magyarorsz\u00e1g","robots":{"index":"index","follow":"follow","max-snippet":"max-snippet:-1","max-image-preview":"max-image-preview:large","max-video-preview":"max-video-preview:-1"},"canonical":"https:\/\/www.eveline.hu\/2016\/eveline-kozmetikumok-szepsegapolas\/smink\/szaj\/szajfenyek\/flower-garden-szajfeny-01-45ml\/","og_locale":"hu_HU","og_type":"article","og_title":"Flower Garden sz\u00e1jf\u00e9ny 01 4,5ml - Eveline Cosmetics Magyarorsz\u00e1g","og_description":"&nbsp; Egyed\u00fcl\u00e1ll\u00f3, t\u00e1pl\u00e1l\u00f3 hat\u00f3anyagokban gazdag formul\u00e1ja, mint a hialuronsav, n\u00f6v\u00e9nyi kollag\u00e9n \u00e9s bazsar\u00f3zsa kivonat, kellemes hidrat\u00e1l\u00e1st \u00e9s v\u00e9delmet biztos\u00edt az ajkaknak. A veg\u00e1n recept gondoskodik a teljes \u00e1pol\u00e1sr\u00f3l! A term\u00e9k kellemes, kr\u00e9mes \u00e1llaga biztos\u00edtja a k\u00f6nny\u0171 felvitelt \u00e9s a csod\u00e1latos [&hellip;]","og_url":"https:\/\/www.eveline.hu\/2016\/eveline-kozmetikumok-szepsegapolas\/smink\/szaj\/szajfenyek\/flower-garden-szajfeny-01-45ml\/","og_site_name":"Eveline Cosmetics Magyarorsz\u00e1g","article_modified_time":"2024-08-22T14:49:52+00:00","og_image":[{"width":750,"height":750,"url":"https:\/\/www.eveline.hu\/2016\/wp-content\/uploads\/2023\/10\/5903416052395-FLOWER-GARDEN-LIP-GLOSS-NO-01-w.png","type":"image\/png"}],"twitter_card":"summary_large_image","twitter_misc":{"Becs\u00fclt olvas\u00e1si id\u0151":"1 perc"},"schema":{"@context":"https:\/\/schema.org","@graph":[{"@type":"WebPage","@id":"https:\/\/www.eveline.hu\/2016\/eveline-kozmetikumok-szepsegapolas\/smink\/szaj\/szajfenyek\/flower-garden-szajfeny-01-45ml\/","url":"https:\/\/www.eveline.hu\/2016\/eveline-kozmetikumok-szepsegapolas\/smink\/szaj\/szajfenyek\/flower-garden-szajfeny-01-45ml\/","name":"Flower Garden sz\u00e1jf\u00e9ny 01 4,5ml - Eveline Cosmetics Magyarorsz\u00e1g","isPartOf":{"@id":"https:\/\/www.eveline.hu\/2016\/#website"},"primaryImageOfPage":{"@id":"https:\/\/www.eveline.hu\/2016\/eveline-kozmetikumok-szepsegapolas\/smink\/szaj\/szajfenyek\/flower-garden-szajfeny-01-45ml\/#primaryimage"},"image":{"@id":"https:\/\/www.eveline.hu\/2016\/eveline-kozmetikumok-szepsegapolas\/smink\/szaj\/szajfenyek\/flower-garden-szajfeny-01-45ml\/#primaryimage"},"thumbnailUrl":"https:\/\/www.eveline.hu\/2016\/wp-content\/uploads\/2023\/10\/5903416052395-FLOWER-GARDEN-LIP-GLOSS-NO-01-w.png","datePublished":"2023-10-31T14:26:03+00:00","dateModified":"2024-08-22T14:49:52+00:00","breadcrumb":{"@id":"https:\/\/www.eveline.hu\/2016\/eveline-kozmetikumok-szepsegapolas\/smink\/szaj\/szajfenyek\/flower-garden-szajfeny-01-45ml\/#breadcrumb"},"inLanguage":"hu","potentialAction":[{"@type":"ReadAction","target":["https:\/\/www.eveline.hu\/2016\/eveline-kozmetikumok-szepsegapolas\/smink\/szaj\/szajfenyek\/flower-garden-szajfeny-01-45ml\/"]}]},{"@type":"ImageObject","inLanguage":"hu","@id":"https:\/\/www.eveline.hu\/2016\/eveline-kozmetikumok-szepsegapolas\/smink\/szaj\/szajfenyek\/flower-garden-szajfeny-01-45ml\/#primaryimage","url":"https:\/\/www.eveline.hu\/2016\/wp-content\/uploads\/2023\/10\/5903416052395-FLOWER-GARDEN-LIP-GLOSS-NO-01-w.png","contentUrl":"https:\/\/www.eveline.hu\/2016\/wp-content\/uploads\/2023\/10\/5903416052395-FLOWER-GARDEN-LIP-GLOSS-NO-01-w.png","width":750,"height":750},{"@type":"BreadcrumbList","@id":"https:\/\/www.eveline.hu\/2016\/eveline-kozmetikumok-szepsegapolas\/smink\/szaj\/szajfenyek\/flower-garden-szajfeny-01-45ml\/#breadcrumb","itemListElement":[{"@type":"ListItem","position":1,"name":"Home","item":"https:\/\/www.eveline.hu\/2016\/"},{"@type":"ListItem","position":2,"name":"Term\u00e9kek","item":"https:\/\/www.eveline.hu\/2016\/shop\/"},{"@type":"ListItem","position":3,"name":"Flower Garden sz\u00e1jf\u00e9ny 01 4,5ml"}]},{"@type":"WebSite","@id":"https:\/\/www.eveline.hu\/2016\/#website","url":"https:\/\/www.eveline.hu\/2016\/","name":"Eveline Cosmetics Magyarorsz\u00e1g","description":"Min\u0151s\u00e9gi kozmetikumok Lengyelorsz\u00e1gb\u00f3l","potentialAction":[{"@type":"SearchAction","target":{"@type":"EntryPoint","urlTemplate":"https:\/\/www.eveline.hu\/2016\/?s={search_term_string}"},"query-input":"required name=search_term_string"}],"inLanguage":"hu"}]}},"_links":{"self":[{"href":"https:\/\/www.eveline.hu\/2016\/wp-json\/wp\/v2\/product\/30063"}],"collection":[{"href":"https:\/\/www.eveline.hu\/2016\/wp-json\/wp\/v2\/product"}],"about":[{"href":"https:\/\/www.eveline.hu\/2016\/wp-json\/wp\/v2\/types\/product"}],"replies":[{"embeddable":true,"href":"https:\/\/www.eveline.hu\/2016\/wp-json\/wp\/v2\/comments?post=30063"}],"wp:featuredmedia":[{"embeddable":true,"href":"https:\/\/www.eveline.hu\/2016\/wp-json\/wp\/v2\/media\/30064"}],"wp:attachment":[{"href":"https:\/\/www.eveline.hu\/2016\/wp-json\/wp\/v2\/media?parent=30063"}],"wp:term":[{"taxonomy":"product_cat","embeddable":true,"href":"https:\/\/www.eveline.hu\/2016\/wp-json\/wp\/v2\/product_cat?post=30063"},{"taxonomy":"product_tag","embeddable":true,"href":"https:\/\/www.eveline.hu\/2016\/wp-json\/wp\/v2\/product_tag?post=30063"}],"curies":[{"name":"wp","href":"https:\/\/api.w.org\/{rel}","templated":true}]}}