{"id":30047,"date":"2023-10-31T12:03:06","date_gmt":"2023-10-31T11:03:06","guid":{"rendered":"https:\/\/www.eveline.hu\/2016\/?post_type=product&#038;p=30047"},"modified":"2025-05-28T16:35:48","modified_gmt":"2025-05-28T14:35:48","slug":"flower-garden-vilagosito-puder","status":"publish","type":"product","link":"https:\/\/www.eveline.hu\/2016\/eveline-kozmetikumok-szepsegapolas\/smink\/arc\/puderek\/flower-garden-vilagosito-puder\/","title":{"rendered":"Flower Garden vil\u00e1gos\u00edt\u00f3 p\u00fader"},"content":{"rendered":"<p><span class=\"HwtZe\" lang=\"hu\"><span class=\"jCAhz ChMk0b\"><span class=\"ryNqvb\">Revitaliz\u00e1lja a b\u0151rt, sz\u00ednt \u00e9s energi\u00e1t ad.<\/span><\/span> <span class=\"jCAhz ChMk0b\"><span class=\"ryNqvb\">Minim\u00e1lisra cs\u00f6kkenti a finom t\u00f6k\u00e9letlens\u00e9gek l\u00e1that\u00f3s\u00e1g\u00e1t.<\/span><\/span> <\/span><\/p>\n<p><span class=\"HwtZe\" lang=\"hu\"><span class=\"jCAhz ChMk0b\"><span class=\"ryNqvb\">Az akt\u00edv \u00f6sszetev\u0151k, mint p\u00e9ld\u00e1ul a j\u00e1zminb\u00f3l, bazsar\u00f3zs\u00e1b\u00f3l \u00e9s jap\u00e1n csereszny\u00e9b\u0151l sz\u00e1rmaz\u00f3 vir\u00e1gkivonatok seg\u00edtik a b\u0151r hidrat\u00e1l\u00e1s\u00e1t \u00e9s simas\u00e1g\u00e1t.<\/span><\/span> <span class=\"jCAhz ChMk0b\"><span class=\"ryNqvb\">Semleges\u00edtik a szabad gy\u00f6k\u00f6k hat\u00e1sait.<\/span><\/span><\/span><\/p>\n<p><span class=\"HwtZe\" lang=\"hu\"><span class=\"jCAhz ChMk0b\"><span class=\"ryNqvb\">A jojobaolaj \u00e9s a sz\u00f3jababolaj gondoskodik az epidermisz hidrat\u00e1l\u00e1s\u00e1r\u00f3l \u00e9s v\u00e9d az irrit\u00e1ci\u00f3t\u00f3l.<\/span><\/span> <\/span><\/p>\n<p><span class=\"HwtZe\" lang=\"hu\"><span class=\"jCAhz ChMk0b\"><span class=\"ryNqvb\">A kaolin kellemesen sim\u00e1v\u00e1 var\u00e1zsolja a b\u0151rt, elt\u00e1vol\u00edtja a felesleges faggy\u00fat \u00e9s nyugtat\u00f3an hat az arcb\u0151rre.<\/span><\/span><\/span><\/p>\n<p>\u00d6sszetev\u0151k: Talc, Mica, Caprylic\/Capric Triglyceride, Dimethicone, Lauroyl Lysine, Zinc Stearate, Kaolin, Simmondsia Chinensis Seed Oil, Jasminum Officinale Flower Extract, Paeonia Officinalis Flower Extract, Prunus Serrulata Flower Extract, Glycine Soja Oil, Phenoxyethanol, Ethylhexylglycerin, CI 77891, CI 77491, CI 77492, CI 77499.<\/p>\n","protected":false},"excerpt":{"rendered":"<p>Revitaliz\u00e1lja a b\u0151rt, sz\u00ednt \u00e9s energi\u00e1t ad. Minim\u00e1lisra cs\u00f6kkenti a finom t\u00f6k\u00e9letlens\u00e9gek l\u00e1that\u00f3s\u00e1g\u00e1t. Az akt\u00edv \u00f6sszetev\u0151k, mint p\u00e9ld\u00e1ul a j\u00e1zminb\u00f3l, bazsar\u00f3zs\u00e1b\u00f3l \u00e9s jap\u00e1n csereszny\u00e9b\u0151l sz\u00e1rmaz\u00f3 vir\u00e1gkivonatok seg\u00edtik a b\u0151r hidrat\u00e1l\u00e1s\u00e1t \u00e9s simas\u00e1g\u00e1t. Semleges\u00edtik a szabad gy\u00f6k\u00f6k hat\u00e1sait. A jojobaolaj \u00e9s [&hellip;]<\/p>\n","protected":false},"featured_media":30048,"comment_status":"open","ping_status":"closed","template":"","meta":[],"product_cat":[302,130,143,80],"product_tag":[],"yoast_head":"<!-- This site is optimized with the Yoast SEO plugin v22.2 - https:\/\/yoast.com\/wordpress\/plugins\/seo\/ -->\n<title>Flower Garden vil\u00e1gos\u00edt\u00f3 p\u00fader - Eveline Cosmetics Magyarorsz\u00e1g<\/title>\n<meta name=\"robots\" content=\"index, follow, max-snippet:-1, max-image-preview:large, max-video-preview:-1\" \/>\n<link rel=\"canonical\" href=\"https:\/\/www.eveline.hu\/2016\/eveline-kozmetikumok-szepsegapolas\/smink\/arc\/puderek\/flower-garden-vilagosito-puder\/\" \/>\n<meta property=\"og:locale\" content=\"hu_HU\" \/>\n<meta property=\"og:type\" content=\"article\" \/>\n<meta property=\"og:title\" content=\"Flower Garden vil\u00e1gos\u00edt\u00f3 p\u00fader - Eveline Cosmetics Magyarorsz\u00e1g\" \/>\n<meta property=\"og:description\" content=\"Revitaliz\u00e1lja a b\u0151rt, sz\u00ednt \u00e9s energi\u00e1t ad. Minim\u00e1lisra cs\u00f6kkenti a finom t\u00f6k\u00e9letlens\u00e9gek l\u00e1that\u00f3s\u00e1g\u00e1t. Az akt\u00edv \u00f6sszetev\u0151k, mint p\u00e9ld\u00e1ul a j\u00e1zminb\u00f3l, bazsar\u00f3zs\u00e1b\u00f3l \u00e9s jap\u00e1n csereszny\u00e9b\u0151l sz\u00e1rmaz\u00f3 vir\u00e1gkivonatok seg\u00edtik a b\u0151r hidrat\u00e1l\u00e1s\u00e1t \u00e9s simas\u00e1g\u00e1t. Semleges\u00edtik a szabad gy\u00f6k\u00f6k hat\u00e1sait. A jojobaolaj \u00e9s [&hellip;]\" \/>\n<meta property=\"og:url\" content=\"https:\/\/www.eveline.hu\/2016\/eveline-kozmetikumok-szepsegapolas\/smink\/arc\/puderek\/flower-garden-vilagosito-puder\/\" \/>\n<meta property=\"og:site_name\" content=\"Eveline Cosmetics Magyarorsz\u00e1g\" \/>\n<meta property=\"article:modified_time\" content=\"2025-05-28T14:35:48+00:00\" \/>\n<meta property=\"og:image\" content=\"https:\/\/www.eveline.hu\/2016\/wp-content\/uploads\/2023\/10\/5903416052548-FLOWER-GARDEN-ILLUMINATING-GLOW-POWDER-w.png\" \/>\n\t<meta property=\"og:image:width\" content=\"750\" \/>\n\t<meta property=\"og:image:height\" content=\"750\" \/>\n\t<meta property=\"og:image:type\" content=\"image\/png\" \/>\n<meta name=\"twitter:card\" content=\"summary_large_image\" \/>\n<meta name=\"twitter:label1\" content=\"Becs\u00fclt olvas\u00e1si id\u0151\" \/>\n\t<meta name=\"twitter:data1\" content=\"1 perc\" \/>\n<script type=\"application\/ld+json\" class=\"yoast-schema-graph\">{\"@context\":\"https:\/\/schema.org\",\"@graph\":[{\"@type\":\"WebPage\",\"@id\":\"https:\/\/www.eveline.hu\/2016\/eveline-kozmetikumok-szepsegapolas\/smink\/arc\/puderek\/flower-garden-vilagosito-puder\/\",\"url\":\"https:\/\/www.eveline.hu\/2016\/eveline-kozmetikumok-szepsegapolas\/smink\/arc\/puderek\/flower-garden-vilagosito-puder\/\",\"name\":\"Flower Garden vil\u00e1gos\u00edt\u00f3 p\u00fader - Eveline Cosmetics Magyarorsz\u00e1g\",\"isPartOf\":{\"@id\":\"https:\/\/www.eveline.hu\/2016\/#website\"},\"primaryImageOfPage\":{\"@id\":\"https:\/\/www.eveline.hu\/2016\/eveline-kozmetikumok-szepsegapolas\/smink\/arc\/puderek\/flower-garden-vilagosito-puder\/#primaryimage\"},\"image\":{\"@id\":\"https:\/\/www.eveline.hu\/2016\/eveline-kozmetikumok-szepsegapolas\/smink\/arc\/puderek\/flower-garden-vilagosito-puder\/#primaryimage\"},\"thumbnailUrl\":\"https:\/\/www.eveline.hu\/2016\/wp-content\/uploads\/2023\/10\/5903416052548-FLOWER-GARDEN-ILLUMINATING-GLOW-POWDER-w.png\",\"datePublished\":\"2023-10-31T11:03:06+00:00\",\"dateModified\":\"2025-05-28T14:35:48+00:00\",\"breadcrumb\":{\"@id\":\"https:\/\/www.eveline.hu\/2016\/eveline-kozmetikumok-szepsegapolas\/smink\/arc\/puderek\/flower-garden-vilagosito-puder\/#breadcrumb\"},\"inLanguage\":\"hu\",\"potentialAction\":[{\"@type\":\"ReadAction\",\"target\":[\"https:\/\/www.eveline.hu\/2016\/eveline-kozmetikumok-szepsegapolas\/smink\/arc\/puderek\/flower-garden-vilagosito-puder\/\"]}]},{\"@type\":\"ImageObject\",\"inLanguage\":\"hu\",\"@id\":\"https:\/\/www.eveline.hu\/2016\/eveline-kozmetikumok-szepsegapolas\/smink\/arc\/puderek\/flower-garden-vilagosito-puder\/#primaryimage\",\"url\":\"https:\/\/www.eveline.hu\/2016\/wp-content\/uploads\/2023\/10\/5903416052548-FLOWER-GARDEN-ILLUMINATING-GLOW-POWDER-w.png\",\"contentUrl\":\"https:\/\/www.eveline.hu\/2016\/wp-content\/uploads\/2023\/10\/5903416052548-FLOWER-GARDEN-ILLUMINATING-GLOW-POWDER-w.png\",\"width\":750,\"height\":750},{\"@type\":\"BreadcrumbList\",\"@id\":\"https:\/\/www.eveline.hu\/2016\/eveline-kozmetikumok-szepsegapolas\/smink\/arc\/puderek\/flower-garden-vilagosito-puder\/#breadcrumb\",\"itemListElement\":[{\"@type\":\"ListItem\",\"position\":1,\"name\":\"Home\",\"item\":\"https:\/\/www.eveline.hu\/2016\/\"},{\"@type\":\"ListItem\",\"position\":2,\"name\":\"Term\u00e9kek\",\"item\":\"https:\/\/www.eveline.hu\/2016\/shop\/\"},{\"@type\":\"ListItem\",\"position\":3,\"name\":\"Flower Garden vil\u00e1gos\u00edt\u00f3 p\u00fader\"}]},{\"@type\":\"WebSite\",\"@id\":\"https:\/\/www.eveline.hu\/2016\/#website\",\"url\":\"https:\/\/www.eveline.hu\/2016\/\",\"name\":\"Eveline Cosmetics Magyarorsz\u00e1g\",\"description\":\"Min\u0151s\u00e9gi kozmetikumok Lengyelorsz\u00e1gb\u00f3l\",\"potentialAction\":[{\"@type\":\"SearchAction\",\"target\":{\"@type\":\"EntryPoint\",\"urlTemplate\":\"https:\/\/www.eveline.hu\/2016\/?s={search_term_string}\"},\"query-input\":\"required name=search_term_string\"}],\"inLanguage\":\"hu\"}]}<\/script>\n<!-- \/ Yoast SEO plugin. -->","yoast_head_json":{"title":"Flower Garden vil\u00e1gos\u00edt\u00f3 p\u00fader - Eveline Cosmetics Magyarorsz\u00e1g","robots":{"index":"index","follow":"follow","max-snippet":"max-snippet:-1","max-image-preview":"max-image-preview:large","max-video-preview":"max-video-preview:-1"},"canonical":"https:\/\/www.eveline.hu\/2016\/eveline-kozmetikumok-szepsegapolas\/smink\/arc\/puderek\/flower-garden-vilagosito-puder\/","og_locale":"hu_HU","og_type":"article","og_title":"Flower Garden vil\u00e1gos\u00edt\u00f3 p\u00fader - Eveline Cosmetics Magyarorsz\u00e1g","og_description":"Revitaliz\u00e1lja a b\u0151rt, sz\u00ednt \u00e9s energi\u00e1t ad. Minim\u00e1lisra cs\u00f6kkenti a finom t\u00f6k\u00e9letlens\u00e9gek l\u00e1that\u00f3s\u00e1g\u00e1t. Az akt\u00edv \u00f6sszetev\u0151k, mint p\u00e9ld\u00e1ul a j\u00e1zminb\u00f3l, bazsar\u00f3zs\u00e1b\u00f3l \u00e9s jap\u00e1n csereszny\u00e9b\u0151l sz\u00e1rmaz\u00f3 vir\u00e1gkivonatok seg\u00edtik a b\u0151r hidrat\u00e1l\u00e1s\u00e1t \u00e9s simas\u00e1g\u00e1t. Semleges\u00edtik a szabad gy\u00f6k\u00f6k hat\u00e1sait. A jojobaolaj \u00e9s [&hellip;]","og_url":"https:\/\/www.eveline.hu\/2016\/eveline-kozmetikumok-szepsegapolas\/smink\/arc\/puderek\/flower-garden-vilagosito-puder\/","og_site_name":"Eveline Cosmetics Magyarorsz\u00e1g","article_modified_time":"2025-05-28T14:35:48+00:00","og_image":[{"width":750,"height":750,"url":"https:\/\/www.eveline.hu\/2016\/wp-content\/uploads\/2023\/10\/5903416052548-FLOWER-GARDEN-ILLUMINATING-GLOW-POWDER-w.png","type":"image\/png"}],"twitter_card":"summary_large_image","twitter_misc":{"Becs\u00fclt olvas\u00e1si id\u0151":"1 perc"},"schema":{"@context":"https:\/\/schema.org","@graph":[{"@type":"WebPage","@id":"https:\/\/www.eveline.hu\/2016\/eveline-kozmetikumok-szepsegapolas\/smink\/arc\/puderek\/flower-garden-vilagosito-puder\/","url":"https:\/\/www.eveline.hu\/2016\/eveline-kozmetikumok-szepsegapolas\/smink\/arc\/puderek\/flower-garden-vilagosito-puder\/","name":"Flower Garden vil\u00e1gos\u00edt\u00f3 p\u00fader - Eveline Cosmetics Magyarorsz\u00e1g","isPartOf":{"@id":"https:\/\/www.eveline.hu\/2016\/#website"},"primaryImageOfPage":{"@id":"https:\/\/www.eveline.hu\/2016\/eveline-kozmetikumok-szepsegapolas\/smink\/arc\/puderek\/flower-garden-vilagosito-puder\/#primaryimage"},"image":{"@id":"https:\/\/www.eveline.hu\/2016\/eveline-kozmetikumok-szepsegapolas\/smink\/arc\/puderek\/flower-garden-vilagosito-puder\/#primaryimage"},"thumbnailUrl":"https:\/\/www.eveline.hu\/2016\/wp-content\/uploads\/2023\/10\/5903416052548-FLOWER-GARDEN-ILLUMINATING-GLOW-POWDER-w.png","datePublished":"2023-10-31T11:03:06+00:00","dateModified":"2025-05-28T14:35:48+00:00","breadcrumb":{"@id":"https:\/\/www.eveline.hu\/2016\/eveline-kozmetikumok-szepsegapolas\/smink\/arc\/puderek\/flower-garden-vilagosito-puder\/#breadcrumb"},"inLanguage":"hu","potentialAction":[{"@type":"ReadAction","target":["https:\/\/www.eveline.hu\/2016\/eveline-kozmetikumok-szepsegapolas\/smink\/arc\/puderek\/flower-garden-vilagosito-puder\/"]}]},{"@type":"ImageObject","inLanguage":"hu","@id":"https:\/\/www.eveline.hu\/2016\/eveline-kozmetikumok-szepsegapolas\/smink\/arc\/puderek\/flower-garden-vilagosito-puder\/#primaryimage","url":"https:\/\/www.eveline.hu\/2016\/wp-content\/uploads\/2023\/10\/5903416052548-FLOWER-GARDEN-ILLUMINATING-GLOW-POWDER-w.png","contentUrl":"https:\/\/www.eveline.hu\/2016\/wp-content\/uploads\/2023\/10\/5903416052548-FLOWER-GARDEN-ILLUMINATING-GLOW-POWDER-w.png","width":750,"height":750},{"@type":"BreadcrumbList","@id":"https:\/\/www.eveline.hu\/2016\/eveline-kozmetikumok-szepsegapolas\/smink\/arc\/puderek\/flower-garden-vilagosito-puder\/#breadcrumb","itemListElement":[{"@type":"ListItem","position":1,"name":"Home","item":"https:\/\/www.eveline.hu\/2016\/"},{"@type":"ListItem","position":2,"name":"Term\u00e9kek","item":"https:\/\/www.eveline.hu\/2016\/shop\/"},{"@type":"ListItem","position":3,"name":"Flower Garden vil\u00e1gos\u00edt\u00f3 p\u00fader"}]},{"@type":"WebSite","@id":"https:\/\/www.eveline.hu\/2016\/#website","url":"https:\/\/www.eveline.hu\/2016\/","name":"Eveline Cosmetics Magyarorsz\u00e1g","description":"Min\u0151s\u00e9gi kozmetikumok Lengyelorsz\u00e1gb\u00f3l","potentialAction":[{"@type":"SearchAction","target":{"@type":"EntryPoint","urlTemplate":"https:\/\/www.eveline.hu\/2016\/?s={search_term_string}"},"query-input":"required name=search_term_string"}],"inLanguage":"hu"}]}},"_links":{"self":[{"href":"https:\/\/www.eveline.hu\/2016\/wp-json\/wp\/v2\/product\/30047"}],"collection":[{"href":"https:\/\/www.eveline.hu\/2016\/wp-json\/wp\/v2\/product"}],"about":[{"href":"https:\/\/www.eveline.hu\/2016\/wp-json\/wp\/v2\/types\/product"}],"replies":[{"embeddable":true,"href":"https:\/\/www.eveline.hu\/2016\/wp-json\/wp\/v2\/comments?post=30047"}],"wp:featuredmedia":[{"embeddable":true,"href":"https:\/\/www.eveline.hu\/2016\/wp-json\/wp\/v2\/media\/30048"}],"wp:attachment":[{"href":"https:\/\/www.eveline.hu\/2016\/wp-json\/wp\/v2\/media?parent=30047"}],"wp:term":[{"taxonomy":"product_cat","embeddable":true,"href":"https:\/\/www.eveline.hu\/2016\/wp-json\/wp\/v2\/product_cat?post=30047"},{"taxonomy":"product_tag","embeddable":true,"href":"https:\/\/www.eveline.hu\/2016\/wp-json\/wp\/v2\/product_tag?post=30047"}],"curies":[{"name":"wp","href":"https:\/\/api.w.org\/{rel}","templated":true}]}}