{"id":30033,"date":"2023-10-25T13:36:22","date_gmt":"2023-10-25T11:36:22","guid":{"rendered":"https:\/\/www.eveline.hu\/2016\/?post_type=product&#038;p=30033"},"modified":"2024-10-30T08:45:47","modified_gmt":"2024-10-30T07:45:47","slug":"multipeptid-booster-szerum-a-szempilla-es-a-szemoldok-novekedesehez-4ml","status":"publish","type":"product","link":"https:\/\/www.eveline.hu\/2016\/eveline-kozmetikumok-szepsegapolas\/smink\/szem\/szemoldok-kihuzok\/multipeptid-booster-szerum-a-szempilla-es-a-szemoldok-novekedesehez-4ml\/","title":{"rendered":"Multipeptid BOOSTER sz\u00e9rum a szempilla \u00e9s a szem\u00f6ld\u00f6k n\u00f6veked\u00e9s\u00e9hez 4ml"},"content":{"rendered":"<p>A sz\u00e9rum hat\u00e9konyan er\u0151s\u00edti a szempill\u00e1kat \u00e9s szem\u00f6ld\u00f6k\u00f6ket, gondoskodik \u00e1llapotukr\u00f3l \u00e9s t\u00e1pl\u00e1lja \u0151ket. A Widelash\u2122 \u00e9s a v\u00f6r\u00f6shere kivonat serkentik a szempill\u00e1k \u00e9s a szem\u00f6ld\u00f6k\u00f6k n\u00f6veked\u00e9s\u00e9t, \u00e9s megakad\u00e1lyozz\u00e1k azok kihull\u00e1s\u00e1t valamint s\u00f6t\u00e9t\u00edti .<\/p>\n<p>Alkalmaz\u00e1s: Vigye fel az applik\u00e1torral a szempillavonal ment\u00e9n vagy a szem\u00f6ld\u00f6kre. Haszn\u00e1lja minden este.<\/p>\n<p>Aqua (Water),Glycerin,Butylene Glycol,Propanediol,PEG-12 Dimethicone,PEG-40 Hydrogenated Castor Oil,Carbomer,Chlorphenesin,Betaine,PEG-6 Caprylic\/Capric Glycerides,Panthenol,Urea,Hydrolyzed Keratin,Sodium PCA,Disodium Phosphate,Sodium Lactate,PCA,Biotin,Myrothamnus Flabellifolia Leaf\/Stem Extract,Serine,Alanine,Glycine,Sodium Hyaluronate,Retinyl Palmitate,Glutamic Acid,Lysine HCl,Threonine,Arginine,Tetrapeptide-21,Biotinoyl Tripeptide-1,Proline,Acetyl Tetrapeptide-3,Trifolium Pratense Flower Extract,Phenoxyethanol,Ethylhexylglycerin,Triethanolamine,Potassium Sorbate,Disodium EDTA,Dextran,Citric Acid.<\/p>\n","protected":false},"excerpt":{"rendered":"<p>A sz\u00e9rum hat\u00e9konyan er\u0151s\u00edti a szempill\u00e1kat \u00e9s szem\u00f6ld\u00f6k\u00f6ket, gondoskodik \u00e1llapotukr\u00f3l \u00e9s t\u00e1pl\u00e1lja \u0151ket. A Widelash\u2122 \u00e9s a v\u00f6r\u00f6shere kivonat serkentik a szempill\u00e1k \u00e9s a szem\u00f6ld\u00f6k\u00f6k n\u00f6veked\u00e9s\u00e9t, \u00e9s megakad\u00e1lyozz\u00e1k azok kihull\u00e1s\u00e1t valamint s\u00f6t\u00e9t\u00edti . Alkalmaz\u00e1s: Vigye fel az applik\u00e1torral a szempillavonal [&hellip;]<\/p>\n","protected":false},"featured_media":30035,"comment_status":"open","ping_status":"closed","template":"","meta":[],"product_cat":[132,142,149],"product_tag":[],"yoast_head":"<!-- This site is optimized with the Yoast SEO plugin v22.2 - https:\/\/yoast.com\/wordpress\/plugins\/seo\/ -->\n<title>Multipeptid BOOSTER sz\u00e9rum a szempilla \u00e9s a szem\u00f6ld\u00f6k n\u00f6veked\u00e9s\u00e9hez 4ml - Eveline Cosmetics Magyarorsz\u00e1g<\/title>\n<meta name=\"robots\" content=\"index, follow, max-snippet:-1, max-image-preview:large, max-video-preview:-1\" \/>\n<link rel=\"canonical\" href=\"https:\/\/www.eveline.hu\/2016\/eveline-kozmetikumok-szepsegapolas\/smink\/szem\/szemoldok-kihuzok\/multipeptid-booster-szerum-a-szempilla-es-a-szemoldok-novekedesehez-4ml\/\" \/>\n<meta property=\"og:locale\" content=\"hu_HU\" \/>\n<meta property=\"og:type\" content=\"article\" \/>\n<meta property=\"og:title\" content=\"Multipeptid BOOSTER sz\u00e9rum a szempilla \u00e9s a szem\u00f6ld\u00f6k n\u00f6veked\u00e9s\u00e9hez 4ml - Eveline Cosmetics Magyarorsz\u00e1g\" \/>\n<meta property=\"og:description\" content=\"A sz\u00e9rum hat\u00e9konyan er\u0151s\u00edti a szempill\u00e1kat \u00e9s szem\u00f6ld\u00f6k\u00f6ket, gondoskodik \u00e1llapotukr\u00f3l \u00e9s t\u00e1pl\u00e1lja \u0151ket. A Widelash\u2122 \u00e9s a v\u00f6r\u00f6shere kivonat serkentik a szempill\u00e1k \u00e9s a szem\u00f6ld\u00f6k\u00f6k n\u00f6veked\u00e9s\u00e9t, \u00e9s megakad\u00e1lyozz\u00e1k azok kihull\u00e1s\u00e1t valamint s\u00f6t\u00e9t\u00edti . Alkalmaz\u00e1s: Vigye fel az applik\u00e1torral a szempillavonal [&hellip;]\" \/>\n<meta property=\"og:url\" content=\"https:\/\/www.eveline.hu\/2016\/eveline-kozmetikumok-szepsegapolas\/smink\/szem\/szemoldok-kihuzok\/multipeptid-booster-szerum-a-szempilla-es-a-szemoldok-novekedesehez-4ml\/\" \/>\n<meta property=\"og:site_name\" content=\"Eveline Cosmetics Magyarorsz\u00e1g\" \/>\n<meta property=\"article:modified_time\" content=\"2024-10-30T07:45:47+00:00\" \/>\n<meta property=\"og:image\" content=\"https:\/\/www.eveline.hu\/2016\/wp-content\/uploads\/2023\/10\/bitk\u00e9p.png\" \/>\n\t<meta property=\"og:image:width\" content=\"750\" \/>\n\t<meta property=\"og:image:height\" content=\"750\" \/>\n\t<meta property=\"og:image:type\" content=\"image\/png\" \/>\n<meta name=\"twitter:card\" content=\"summary_large_image\" \/>\n<meta name=\"twitter:label1\" content=\"Becs\u00fclt olvas\u00e1si id\u0151\" \/>\n\t<meta name=\"twitter:data1\" content=\"1 perc\" \/>\n<script type=\"application\/ld+json\" class=\"yoast-schema-graph\">{\"@context\":\"https:\/\/schema.org\",\"@graph\":[{\"@type\":\"WebPage\",\"@id\":\"https:\/\/www.eveline.hu\/2016\/eveline-kozmetikumok-szepsegapolas\/smink\/szem\/szemoldok-kihuzok\/multipeptid-booster-szerum-a-szempilla-es-a-szemoldok-novekedesehez-4ml\/\",\"url\":\"https:\/\/www.eveline.hu\/2016\/eveline-kozmetikumok-szepsegapolas\/smink\/szem\/szemoldok-kihuzok\/multipeptid-booster-szerum-a-szempilla-es-a-szemoldok-novekedesehez-4ml\/\",\"name\":\"Multipeptid BOOSTER sz\u00e9rum a szempilla \u00e9s a szem\u00f6ld\u00f6k n\u00f6veked\u00e9s\u00e9hez 4ml - Eveline Cosmetics Magyarorsz\u00e1g\",\"isPartOf\":{\"@id\":\"https:\/\/www.eveline.hu\/2016\/#website\"},\"primaryImageOfPage\":{\"@id\":\"https:\/\/www.eveline.hu\/2016\/eveline-kozmetikumok-szepsegapolas\/smink\/szem\/szemoldok-kihuzok\/multipeptid-booster-szerum-a-szempilla-es-a-szemoldok-novekedesehez-4ml\/#primaryimage\"},\"image\":{\"@id\":\"https:\/\/www.eveline.hu\/2016\/eveline-kozmetikumok-szepsegapolas\/smink\/szem\/szemoldok-kihuzok\/multipeptid-booster-szerum-a-szempilla-es-a-szemoldok-novekedesehez-4ml\/#primaryimage\"},\"thumbnailUrl\":\"https:\/\/www.eveline.hu\/2016\/wp-content\/uploads\/2023\/10\/bitk\u00e9p.png\",\"datePublished\":\"2023-10-25T11:36:22+00:00\",\"dateModified\":\"2024-10-30T07:45:47+00:00\",\"breadcrumb\":{\"@id\":\"https:\/\/www.eveline.hu\/2016\/eveline-kozmetikumok-szepsegapolas\/smink\/szem\/szemoldok-kihuzok\/multipeptid-booster-szerum-a-szempilla-es-a-szemoldok-novekedesehez-4ml\/#breadcrumb\"},\"inLanguage\":\"hu\",\"potentialAction\":[{\"@type\":\"ReadAction\",\"target\":[\"https:\/\/www.eveline.hu\/2016\/eveline-kozmetikumok-szepsegapolas\/smink\/szem\/szemoldok-kihuzok\/multipeptid-booster-szerum-a-szempilla-es-a-szemoldok-novekedesehez-4ml\/\"]}]},{\"@type\":\"ImageObject\",\"inLanguage\":\"hu\",\"@id\":\"https:\/\/www.eveline.hu\/2016\/eveline-kozmetikumok-szepsegapolas\/smink\/szem\/szemoldok-kihuzok\/multipeptid-booster-szerum-a-szempilla-es-a-szemoldok-novekedesehez-4ml\/#primaryimage\",\"url\":\"https:\/\/www.eveline.hu\/2016\/wp-content\/uploads\/2023\/10\/bitk\u00e9p.png\",\"contentUrl\":\"https:\/\/www.eveline.hu\/2016\/wp-content\/uploads\/2023\/10\/bitk\u00e9p.png\",\"width\":750,\"height\":750},{\"@type\":\"BreadcrumbList\",\"@id\":\"https:\/\/www.eveline.hu\/2016\/eveline-kozmetikumok-szepsegapolas\/smink\/szem\/szemoldok-kihuzok\/multipeptid-booster-szerum-a-szempilla-es-a-szemoldok-novekedesehez-4ml\/#breadcrumb\",\"itemListElement\":[{\"@type\":\"ListItem\",\"position\":1,\"name\":\"Home\",\"item\":\"https:\/\/www.eveline.hu\/2016\/\"},{\"@type\":\"ListItem\",\"position\":2,\"name\":\"Term\u00e9kek\",\"item\":\"https:\/\/www.eveline.hu\/2016\/shop\/\"},{\"@type\":\"ListItem\",\"position\":3,\"name\":\"Multipeptid BOOSTER sz\u00e9rum a szempilla \u00e9s a szem\u00f6ld\u00f6k n\u00f6veked\u00e9s\u00e9hez 4ml\"}]},{\"@type\":\"WebSite\",\"@id\":\"https:\/\/www.eveline.hu\/2016\/#website\",\"url\":\"https:\/\/www.eveline.hu\/2016\/\",\"name\":\"Eveline Cosmetics Magyarorsz\u00e1g\",\"description\":\"Min\u0151s\u00e9gi kozmetikumok Lengyelorsz\u00e1gb\u00f3l\",\"potentialAction\":[{\"@type\":\"SearchAction\",\"target\":{\"@type\":\"EntryPoint\",\"urlTemplate\":\"https:\/\/www.eveline.hu\/2016\/?s={search_term_string}\"},\"query-input\":\"required name=search_term_string\"}],\"inLanguage\":\"hu\"}]}<\/script>\n<!-- \/ Yoast SEO plugin. -->","yoast_head_json":{"title":"Multipeptid BOOSTER sz\u00e9rum a szempilla \u00e9s a szem\u00f6ld\u00f6k n\u00f6veked\u00e9s\u00e9hez 4ml - Eveline Cosmetics Magyarorsz\u00e1g","robots":{"index":"index","follow":"follow","max-snippet":"max-snippet:-1","max-image-preview":"max-image-preview:large","max-video-preview":"max-video-preview:-1"},"canonical":"https:\/\/www.eveline.hu\/2016\/eveline-kozmetikumok-szepsegapolas\/smink\/szem\/szemoldok-kihuzok\/multipeptid-booster-szerum-a-szempilla-es-a-szemoldok-novekedesehez-4ml\/","og_locale":"hu_HU","og_type":"article","og_title":"Multipeptid BOOSTER sz\u00e9rum a szempilla \u00e9s a szem\u00f6ld\u00f6k n\u00f6veked\u00e9s\u00e9hez 4ml - Eveline Cosmetics Magyarorsz\u00e1g","og_description":"A sz\u00e9rum hat\u00e9konyan er\u0151s\u00edti a szempill\u00e1kat \u00e9s szem\u00f6ld\u00f6k\u00f6ket, gondoskodik \u00e1llapotukr\u00f3l \u00e9s t\u00e1pl\u00e1lja \u0151ket. A Widelash\u2122 \u00e9s a v\u00f6r\u00f6shere kivonat serkentik a szempill\u00e1k \u00e9s a szem\u00f6ld\u00f6k\u00f6k n\u00f6veked\u00e9s\u00e9t, \u00e9s megakad\u00e1lyozz\u00e1k azok kihull\u00e1s\u00e1t valamint s\u00f6t\u00e9t\u00edti . Alkalmaz\u00e1s: Vigye fel az applik\u00e1torral a szempillavonal [&hellip;]","og_url":"https:\/\/www.eveline.hu\/2016\/eveline-kozmetikumok-szepsegapolas\/smink\/szem\/szemoldok-kihuzok\/multipeptid-booster-szerum-a-szempilla-es-a-szemoldok-novekedesehez-4ml\/","og_site_name":"Eveline Cosmetics Magyarorsz\u00e1g","article_modified_time":"2024-10-30T07:45:47+00:00","og_image":[{"width":750,"height":750,"url":"https:\/\/www.eveline.hu\/2016\/wp-content\/uploads\/2023\/10\/bitk\u00e9p.png","type":"image\/png"}],"twitter_card":"summary_large_image","twitter_misc":{"Becs\u00fclt olvas\u00e1si id\u0151":"1 perc"},"schema":{"@context":"https:\/\/schema.org","@graph":[{"@type":"WebPage","@id":"https:\/\/www.eveline.hu\/2016\/eveline-kozmetikumok-szepsegapolas\/smink\/szem\/szemoldok-kihuzok\/multipeptid-booster-szerum-a-szempilla-es-a-szemoldok-novekedesehez-4ml\/","url":"https:\/\/www.eveline.hu\/2016\/eveline-kozmetikumok-szepsegapolas\/smink\/szem\/szemoldok-kihuzok\/multipeptid-booster-szerum-a-szempilla-es-a-szemoldok-novekedesehez-4ml\/","name":"Multipeptid BOOSTER sz\u00e9rum a szempilla \u00e9s a szem\u00f6ld\u00f6k n\u00f6veked\u00e9s\u00e9hez 4ml - Eveline Cosmetics Magyarorsz\u00e1g","isPartOf":{"@id":"https:\/\/www.eveline.hu\/2016\/#website"},"primaryImageOfPage":{"@id":"https:\/\/www.eveline.hu\/2016\/eveline-kozmetikumok-szepsegapolas\/smink\/szem\/szemoldok-kihuzok\/multipeptid-booster-szerum-a-szempilla-es-a-szemoldok-novekedesehez-4ml\/#primaryimage"},"image":{"@id":"https:\/\/www.eveline.hu\/2016\/eveline-kozmetikumok-szepsegapolas\/smink\/szem\/szemoldok-kihuzok\/multipeptid-booster-szerum-a-szempilla-es-a-szemoldok-novekedesehez-4ml\/#primaryimage"},"thumbnailUrl":"https:\/\/www.eveline.hu\/2016\/wp-content\/uploads\/2023\/10\/bitk\u00e9p.png","datePublished":"2023-10-25T11:36:22+00:00","dateModified":"2024-10-30T07:45:47+00:00","breadcrumb":{"@id":"https:\/\/www.eveline.hu\/2016\/eveline-kozmetikumok-szepsegapolas\/smink\/szem\/szemoldok-kihuzok\/multipeptid-booster-szerum-a-szempilla-es-a-szemoldok-novekedesehez-4ml\/#breadcrumb"},"inLanguage":"hu","potentialAction":[{"@type":"ReadAction","target":["https:\/\/www.eveline.hu\/2016\/eveline-kozmetikumok-szepsegapolas\/smink\/szem\/szemoldok-kihuzok\/multipeptid-booster-szerum-a-szempilla-es-a-szemoldok-novekedesehez-4ml\/"]}]},{"@type":"ImageObject","inLanguage":"hu","@id":"https:\/\/www.eveline.hu\/2016\/eveline-kozmetikumok-szepsegapolas\/smink\/szem\/szemoldok-kihuzok\/multipeptid-booster-szerum-a-szempilla-es-a-szemoldok-novekedesehez-4ml\/#primaryimage","url":"https:\/\/www.eveline.hu\/2016\/wp-content\/uploads\/2023\/10\/bitk\u00e9p.png","contentUrl":"https:\/\/www.eveline.hu\/2016\/wp-content\/uploads\/2023\/10\/bitk\u00e9p.png","width":750,"height":750},{"@type":"BreadcrumbList","@id":"https:\/\/www.eveline.hu\/2016\/eveline-kozmetikumok-szepsegapolas\/smink\/szem\/szemoldok-kihuzok\/multipeptid-booster-szerum-a-szempilla-es-a-szemoldok-novekedesehez-4ml\/#breadcrumb","itemListElement":[{"@type":"ListItem","position":1,"name":"Home","item":"https:\/\/www.eveline.hu\/2016\/"},{"@type":"ListItem","position":2,"name":"Term\u00e9kek","item":"https:\/\/www.eveline.hu\/2016\/shop\/"},{"@type":"ListItem","position":3,"name":"Multipeptid BOOSTER sz\u00e9rum a szempilla \u00e9s a szem\u00f6ld\u00f6k n\u00f6veked\u00e9s\u00e9hez 4ml"}]},{"@type":"WebSite","@id":"https:\/\/www.eveline.hu\/2016\/#website","url":"https:\/\/www.eveline.hu\/2016\/","name":"Eveline Cosmetics Magyarorsz\u00e1g","description":"Min\u0151s\u00e9gi kozmetikumok Lengyelorsz\u00e1gb\u00f3l","potentialAction":[{"@type":"SearchAction","target":{"@type":"EntryPoint","urlTemplate":"https:\/\/www.eveline.hu\/2016\/?s={search_term_string}"},"query-input":"required name=search_term_string"}],"inLanguage":"hu"}]}},"_links":{"self":[{"href":"https:\/\/www.eveline.hu\/2016\/wp-json\/wp\/v2\/product\/30033"}],"collection":[{"href":"https:\/\/www.eveline.hu\/2016\/wp-json\/wp\/v2\/product"}],"about":[{"href":"https:\/\/www.eveline.hu\/2016\/wp-json\/wp\/v2\/types\/product"}],"replies":[{"embeddable":true,"href":"https:\/\/www.eveline.hu\/2016\/wp-json\/wp\/v2\/comments?post=30033"}],"wp:featuredmedia":[{"embeddable":true,"href":"https:\/\/www.eveline.hu\/2016\/wp-json\/wp\/v2\/media\/30035"}],"wp:attachment":[{"href":"https:\/\/www.eveline.hu\/2016\/wp-json\/wp\/v2\/media?parent=30033"}],"wp:term":[{"taxonomy":"product_cat","embeddable":true,"href":"https:\/\/www.eveline.hu\/2016\/wp-json\/wp\/v2\/product_cat?post=30033"},{"taxonomy":"product_tag","embeddable":true,"href":"https:\/\/www.eveline.hu\/2016\/wp-json\/wp\/v2\/product_tag?post=30033"}],"curies":[{"name":"wp","href":"https:\/\/api.w.org\/{rel}","templated":true}]}}