{"id":29951,"date":"2023-09-28T09:45:39","date_gmt":"2023-09-28T07:45:39","guid":{"rendered":"https:\/\/www.eveline.hu\/2016\/?post_type=product&#038;p=29951"},"modified":"2023-11-22T11:52:44","modified_gmt":"2023-11-22T10:52:44","slug":"hidratalo-fenyvedo-krem-30ml","status":"publish","type":"product","link":"https:\/\/www.eveline.hu\/2016\/eveline-kozmetikumok-szepsegapolas\/szepsegapolas\/napvedelem\/hidratalo-fenyvedo-krem-30ml\/","title":{"rendered":"Hidrat\u00e1l\u00f3 F\u00e9nyv\u00e9d\u0151 kr\u00e9m 30ml"},"content":{"rendered":"<p><strong>MAGAS NAPV\u00c9DELEM<\/strong><\/p>\n<p>SPF 50 UVA\/UVB SZ\u0170R\u0150<\/p>\n<p>Aj\u00e1nlott arcra, nyakra, dekolt\u00e1zsra<\/p>\n<p>A napoz\u00e1s sz\u00e1r\u00edtja a b\u0151rt, felgyors\u00edtja az \u00f6reged\u00e9si folyamatokat \u00e9s a r\u00e1ncok kialakul\u00e1s\u00e1t, valamint az elsz\u00ednez\u0151d\u00e9sek megjelen\u00e9s\u00e9t. \u00cdgy a magas faktorsz\u00e1m\u00fa kr\u00e9m b\u0151rt\u00edpust\u00f3l f\u00fcggetlen\u00fcl mindenkinek aj\u00e1nlott. Intenz\u00edv retinolos \u00e9s savas kezel\u00e9sek ut\u00e1n is.<\/p>\n<p>\u00c1pol\u00f3 \u00f6sszetev\u0151ket tartalmaz: hialuronsavat, amely er\u0151s\u00edti a b\u0151r term\u00e9szetes v\u00e9d\u0151g\u00e1tj\u00e1t \u00e9s biztos\u00edtja annak optim\u00e1lis hidrat\u00e1lts\u00e1g\u00e1t. Antioxid\u00e1nsokat \u00e9s aloe ver\u00e1t, amelyek csillap\u00edtj\u00e1k az irrit\u00e1ci\u00f3t \u00e9s vissza\u00e1ll\u00edtj\u00e1k a b\u0151r term\u00e9szetes nedvess\u00e9gszintj\u00e9t.<\/p>\n<p>ALKALMAZ\u00c1S: 1. Minden reggel vigye fel a megtiszt\u00edtott arcra, szemk\u00f6rny\u00e9kre, nyakra \u00e9s dekolt\u00e1zsra. 2. Napoz\u00e1s eset\u00e9n kb. 20 perccel el\u0151tte vigye fel a kr\u00e9met, 2 \u00f3r\u00e1nk\u00e9nt \u00e9s minden f\u00fcrd\u00e9s ut\u00e1n \u00fajra.<\/p>\n<p>\u00d6sszetev\u0151k:Aqua (Water), Ethylhexyl Salicylate, Caprylic\/Capric Triglyceride, Glycerin, C12-15 Alkyl Benzoate, Dicaprylyl Ether, Glyceryl Stearate, Methylene Bis-Benzotriazolyl Tetramethylbutylphenol (nano), PEG-100 Stearate, Ceteareth-20, Cetyl Alcohol, PALMITYNIAN ISOPROPYLU BERGACARE EM-16, Bis-Ethylhexyloxyphenol Methoxyphenyl Triazine, Diethylamino Hydroxybenzoyl Hexyl Benzoate, Dimethicone, Tris-Biphenyl Triazine (nano), Hydrolyzed Wheat Protein\/PVP Crosspolymer, Aloe Barbadensis Leaf Extract, Sodium Hyaluronate, Ascorbyl Glucoside , Resveratrol, Tocopherol, Tocopheryl Acetate, Niacinamide, Hydroxypropyl Cyclodextrin, Cyclodextrin, Polydextrose, Lecithin, Carnitine, Ubiquinone, Phenoxyethanol, Hydroxyacetophenone, Ethylhexylglycerin, Potassium Sorbate, Acrylates\/C10-30 Alkyl Acrylate Crosspolymer, Xanthan Gum, Sodium Polyacrylate, Decyl Glucoside, Propylene Glycol, Butylene Glycol , Parfum (Fragrance), Disodium Phosphate, Triethanolamine , Disodium EDTA, Trisodium EDTA, Sodium Citrate, Citric Acid, Benzyl Salicylate, Citronellol, Limonene, Hexyl Cinnamal, Linalool.<\/p>\n","protected":false},"excerpt":{"rendered":"<p>MAGAS NAPV\u00c9DELEM SPF 50 UVA\/UVB SZ\u0170R\u0150 Aj\u00e1nlott arcra, nyakra, dekolt\u00e1zsra A napoz\u00e1s sz\u00e1r\u00edtja a b\u0151rt, felgyors\u00edtja az \u00f6reged\u00e9si folyamatokat \u00e9s a r\u00e1ncok kialakul\u00e1s\u00e1t, valamint az elsz\u00ednez\u0151d\u00e9sek megjelen\u00e9s\u00e9t. \u00cdgy a magas faktorsz\u00e1m\u00fa kr\u00e9m b\u0151rt\u00edpust\u00f3l f\u00fcggetlen\u00fcl mindenkinek aj\u00e1nlott. Intenz\u00edv retinolos \u00e9s savas [&hellip;]<\/p>\n","protected":false},"featured_media":29952,"comment_status":"open","ping_status":"closed","template":"","meta":[],"product_cat":[301,125,138,80,106],"product_tag":[],"yoast_head":"<!-- This site is optimized with the Yoast SEO plugin v22.2 - https:\/\/yoast.com\/wordpress\/plugins\/seo\/ -->\n<title>Hidrat\u00e1l\u00f3 F\u00e9nyv\u00e9d\u0151 kr\u00e9m 30ml - Eveline Cosmetics Magyarorsz\u00e1g<\/title>\n<meta name=\"robots\" content=\"index, follow, max-snippet:-1, max-image-preview:large, max-video-preview:-1\" \/>\n<link rel=\"canonical\" href=\"https:\/\/www.eveline.hu\/2016\/eveline-kozmetikumok-szepsegapolas\/szepsegapolas\/napvedelem\/hidratalo-fenyvedo-krem-30ml\/\" \/>\n<meta property=\"og:locale\" content=\"hu_HU\" \/>\n<meta property=\"og:type\" content=\"article\" \/>\n<meta property=\"og:title\" content=\"Hidrat\u00e1l\u00f3 F\u00e9nyv\u00e9d\u0151 kr\u00e9m 30ml - Eveline Cosmetics Magyarorsz\u00e1g\" \/>\n<meta property=\"og:description\" content=\"MAGAS NAPV\u00c9DELEM SPF 50 UVA\/UVB SZ\u0170R\u0150 Aj\u00e1nlott arcra, nyakra, dekolt\u00e1zsra A napoz\u00e1s sz\u00e1r\u00edtja a b\u0151rt, felgyors\u00edtja az \u00f6reged\u00e9si folyamatokat \u00e9s a r\u00e1ncok kialakul\u00e1s\u00e1t, valamint az elsz\u00ednez\u0151d\u00e9sek megjelen\u00e9s\u00e9t. \u00cdgy a magas faktorsz\u00e1m\u00fa kr\u00e9m b\u0151rt\u00edpust\u00f3l f\u00fcggetlen\u00fcl mindenkinek aj\u00e1nlott. Intenz\u00edv retinolos \u00e9s savas [&hellip;]\" \/>\n<meta property=\"og:url\" content=\"https:\/\/www.eveline.hu\/2016\/eveline-kozmetikumok-szepsegapolas\/szepsegapolas\/napvedelem\/hidratalo-fenyvedo-krem-30ml\/\" \/>\n<meta property=\"og:site_name\" content=\"Eveline Cosmetics Magyarorsz\u00e1g\" \/>\n<meta property=\"article:modified_time\" content=\"2023-11-22T10:52:44+00:00\" \/>\n<meta property=\"og:image\" content=\"https:\/\/www.eveline.hu\/2016\/wp-content\/uploads\/2023\/09\/Hidrat\u00e1l\u0151-kr\u00e9m-aloe-vera-30ml-w.png\" \/>\n\t<meta property=\"og:image:width\" content=\"750\" \/>\n\t<meta property=\"og:image:height\" content=\"750\" \/>\n\t<meta property=\"og:image:type\" content=\"image\/png\" \/>\n<meta name=\"twitter:card\" content=\"summary_large_image\" \/>\n<meta name=\"twitter:label1\" content=\"Becs\u00fclt olvas\u00e1si id\u0151\" \/>\n\t<meta name=\"twitter:data1\" content=\"1 perc\" \/>\n<script type=\"application\/ld+json\" class=\"yoast-schema-graph\">{\"@context\":\"https:\/\/schema.org\",\"@graph\":[{\"@type\":\"WebPage\",\"@id\":\"https:\/\/www.eveline.hu\/2016\/eveline-kozmetikumok-szepsegapolas\/szepsegapolas\/napvedelem\/hidratalo-fenyvedo-krem-30ml\/\",\"url\":\"https:\/\/www.eveline.hu\/2016\/eveline-kozmetikumok-szepsegapolas\/szepsegapolas\/napvedelem\/hidratalo-fenyvedo-krem-30ml\/\",\"name\":\"Hidrat\u00e1l\u00f3 F\u00e9nyv\u00e9d\u0151 kr\u00e9m 30ml - Eveline Cosmetics Magyarorsz\u00e1g\",\"isPartOf\":{\"@id\":\"https:\/\/www.eveline.hu\/2016\/#website\"},\"primaryImageOfPage\":{\"@id\":\"https:\/\/www.eveline.hu\/2016\/eveline-kozmetikumok-szepsegapolas\/szepsegapolas\/napvedelem\/hidratalo-fenyvedo-krem-30ml\/#primaryimage\"},\"image\":{\"@id\":\"https:\/\/www.eveline.hu\/2016\/eveline-kozmetikumok-szepsegapolas\/szepsegapolas\/napvedelem\/hidratalo-fenyvedo-krem-30ml\/#primaryimage\"},\"thumbnailUrl\":\"https:\/\/www.eveline.hu\/2016\/wp-content\/uploads\/2023\/09\/Hidrat\u00e1l\u0151-kr\u00e9m-aloe-vera-30ml-w.png\",\"datePublished\":\"2023-09-28T07:45:39+00:00\",\"dateModified\":\"2023-11-22T10:52:44+00:00\",\"breadcrumb\":{\"@id\":\"https:\/\/www.eveline.hu\/2016\/eveline-kozmetikumok-szepsegapolas\/szepsegapolas\/napvedelem\/hidratalo-fenyvedo-krem-30ml\/#breadcrumb\"},\"inLanguage\":\"hu\",\"potentialAction\":[{\"@type\":\"ReadAction\",\"target\":[\"https:\/\/www.eveline.hu\/2016\/eveline-kozmetikumok-szepsegapolas\/szepsegapolas\/napvedelem\/hidratalo-fenyvedo-krem-30ml\/\"]}]},{\"@type\":\"ImageObject\",\"inLanguage\":\"hu\",\"@id\":\"https:\/\/www.eveline.hu\/2016\/eveline-kozmetikumok-szepsegapolas\/szepsegapolas\/napvedelem\/hidratalo-fenyvedo-krem-30ml\/#primaryimage\",\"url\":\"https:\/\/www.eveline.hu\/2016\/wp-content\/uploads\/2023\/09\/Hidrat\u00e1l\u0151-kr\u00e9m-aloe-vera-30ml-w.png\",\"contentUrl\":\"https:\/\/www.eveline.hu\/2016\/wp-content\/uploads\/2023\/09\/Hidrat\u00e1l\u0151-kr\u00e9m-aloe-vera-30ml-w.png\",\"width\":750,\"height\":750},{\"@type\":\"BreadcrumbList\",\"@id\":\"https:\/\/www.eveline.hu\/2016\/eveline-kozmetikumok-szepsegapolas\/szepsegapolas\/napvedelem\/hidratalo-fenyvedo-krem-30ml\/#breadcrumb\",\"itemListElement\":[{\"@type\":\"ListItem\",\"position\":1,\"name\":\"Home\",\"item\":\"https:\/\/www.eveline.hu\/2016\/\"},{\"@type\":\"ListItem\",\"position\":2,\"name\":\"Term\u00e9kek\",\"item\":\"https:\/\/www.eveline.hu\/2016\/shop\/\"},{\"@type\":\"ListItem\",\"position\":3,\"name\":\"Hidrat\u00e1l\u00f3 F\u00e9nyv\u00e9d\u0151 kr\u00e9m 30ml\"}]},{\"@type\":\"WebSite\",\"@id\":\"https:\/\/www.eveline.hu\/2016\/#website\",\"url\":\"https:\/\/www.eveline.hu\/2016\/\",\"name\":\"Eveline Cosmetics Magyarorsz\u00e1g\",\"description\":\"Min\u0151s\u00e9gi kozmetikumok Lengyelorsz\u00e1gb\u00f3l\",\"potentialAction\":[{\"@type\":\"SearchAction\",\"target\":{\"@type\":\"EntryPoint\",\"urlTemplate\":\"https:\/\/www.eveline.hu\/2016\/?s={search_term_string}\"},\"query-input\":\"required name=search_term_string\"}],\"inLanguage\":\"hu\"}]}<\/script>\n<!-- \/ Yoast SEO plugin. -->","yoast_head_json":{"title":"Hidrat\u00e1l\u00f3 F\u00e9nyv\u00e9d\u0151 kr\u00e9m 30ml - Eveline Cosmetics Magyarorsz\u00e1g","robots":{"index":"index","follow":"follow","max-snippet":"max-snippet:-1","max-image-preview":"max-image-preview:large","max-video-preview":"max-video-preview:-1"},"canonical":"https:\/\/www.eveline.hu\/2016\/eveline-kozmetikumok-szepsegapolas\/szepsegapolas\/napvedelem\/hidratalo-fenyvedo-krem-30ml\/","og_locale":"hu_HU","og_type":"article","og_title":"Hidrat\u00e1l\u00f3 F\u00e9nyv\u00e9d\u0151 kr\u00e9m 30ml - Eveline Cosmetics Magyarorsz\u00e1g","og_description":"MAGAS NAPV\u00c9DELEM SPF 50 UVA\/UVB SZ\u0170R\u0150 Aj\u00e1nlott arcra, nyakra, dekolt\u00e1zsra A napoz\u00e1s sz\u00e1r\u00edtja a b\u0151rt, felgyors\u00edtja az \u00f6reged\u00e9si folyamatokat \u00e9s a r\u00e1ncok kialakul\u00e1s\u00e1t, valamint az elsz\u00ednez\u0151d\u00e9sek megjelen\u00e9s\u00e9t. \u00cdgy a magas faktorsz\u00e1m\u00fa kr\u00e9m b\u0151rt\u00edpust\u00f3l f\u00fcggetlen\u00fcl mindenkinek aj\u00e1nlott. Intenz\u00edv retinolos \u00e9s savas [&hellip;]","og_url":"https:\/\/www.eveline.hu\/2016\/eveline-kozmetikumok-szepsegapolas\/szepsegapolas\/napvedelem\/hidratalo-fenyvedo-krem-30ml\/","og_site_name":"Eveline Cosmetics Magyarorsz\u00e1g","article_modified_time":"2023-11-22T10:52:44+00:00","og_image":[{"width":750,"height":750,"url":"https:\/\/www.eveline.hu\/2016\/wp-content\/uploads\/2023\/09\/Hidrat\u00e1l\u0151-kr\u00e9m-aloe-vera-30ml-w.png","type":"image\/png"}],"twitter_card":"summary_large_image","twitter_misc":{"Becs\u00fclt olvas\u00e1si id\u0151":"1 perc"},"schema":{"@context":"https:\/\/schema.org","@graph":[{"@type":"WebPage","@id":"https:\/\/www.eveline.hu\/2016\/eveline-kozmetikumok-szepsegapolas\/szepsegapolas\/napvedelem\/hidratalo-fenyvedo-krem-30ml\/","url":"https:\/\/www.eveline.hu\/2016\/eveline-kozmetikumok-szepsegapolas\/szepsegapolas\/napvedelem\/hidratalo-fenyvedo-krem-30ml\/","name":"Hidrat\u00e1l\u00f3 F\u00e9nyv\u00e9d\u0151 kr\u00e9m 30ml - Eveline Cosmetics Magyarorsz\u00e1g","isPartOf":{"@id":"https:\/\/www.eveline.hu\/2016\/#website"},"primaryImageOfPage":{"@id":"https:\/\/www.eveline.hu\/2016\/eveline-kozmetikumok-szepsegapolas\/szepsegapolas\/napvedelem\/hidratalo-fenyvedo-krem-30ml\/#primaryimage"},"image":{"@id":"https:\/\/www.eveline.hu\/2016\/eveline-kozmetikumok-szepsegapolas\/szepsegapolas\/napvedelem\/hidratalo-fenyvedo-krem-30ml\/#primaryimage"},"thumbnailUrl":"https:\/\/www.eveline.hu\/2016\/wp-content\/uploads\/2023\/09\/Hidrat\u00e1l\u0151-kr\u00e9m-aloe-vera-30ml-w.png","datePublished":"2023-09-28T07:45:39+00:00","dateModified":"2023-11-22T10:52:44+00:00","breadcrumb":{"@id":"https:\/\/www.eveline.hu\/2016\/eveline-kozmetikumok-szepsegapolas\/szepsegapolas\/napvedelem\/hidratalo-fenyvedo-krem-30ml\/#breadcrumb"},"inLanguage":"hu","potentialAction":[{"@type":"ReadAction","target":["https:\/\/www.eveline.hu\/2016\/eveline-kozmetikumok-szepsegapolas\/szepsegapolas\/napvedelem\/hidratalo-fenyvedo-krem-30ml\/"]}]},{"@type":"ImageObject","inLanguage":"hu","@id":"https:\/\/www.eveline.hu\/2016\/eveline-kozmetikumok-szepsegapolas\/szepsegapolas\/napvedelem\/hidratalo-fenyvedo-krem-30ml\/#primaryimage","url":"https:\/\/www.eveline.hu\/2016\/wp-content\/uploads\/2023\/09\/Hidrat\u00e1l\u0151-kr\u00e9m-aloe-vera-30ml-w.png","contentUrl":"https:\/\/www.eveline.hu\/2016\/wp-content\/uploads\/2023\/09\/Hidrat\u00e1l\u0151-kr\u00e9m-aloe-vera-30ml-w.png","width":750,"height":750},{"@type":"BreadcrumbList","@id":"https:\/\/www.eveline.hu\/2016\/eveline-kozmetikumok-szepsegapolas\/szepsegapolas\/napvedelem\/hidratalo-fenyvedo-krem-30ml\/#breadcrumb","itemListElement":[{"@type":"ListItem","position":1,"name":"Home","item":"https:\/\/www.eveline.hu\/2016\/"},{"@type":"ListItem","position":2,"name":"Term\u00e9kek","item":"https:\/\/www.eveline.hu\/2016\/shop\/"},{"@type":"ListItem","position":3,"name":"Hidrat\u00e1l\u00f3 F\u00e9nyv\u00e9d\u0151 kr\u00e9m 30ml"}]},{"@type":"WebSite","@id":"https:\/\/www.eveline.hu\/2016\/#website","url":"https:\/\/www.eveline.hu\/2016\/","name":"Eveline Cosmetics Magyarorsz\u00e1g","description":"Min\u0151s\u00e9gi kozmetikumok Lengyelorsz\u00e1gb\u00f3l","potentialAction":[{"@type":"SearchAction","target":{"@type":"EntryPoint","urlTemplate":"https:\/\/www.eveline.hu\/2016\/?s={search_term_string}"},"query-input":"required name=search_term_string"}],"inLanguage":"hu"}]}},"_links":{"self":[{"href":"https:\/\/www.eveline.hu\/2016\/wp-json\/wp\/v2\/product\/29951"}],"collection":[{"href":"https:\/\/www.eveline.hu\/2016\/wp-json\/wp\/v2\/product"}],"about":[{"href":"https:\/\/www.eveline.hu\/2016\/wp-json\/wp\/v2\/types\/product"}],"replies":[{"embeddable":true,"href":"https:\/\/www.eveline.hu\/2016\/wp-json\/wp\/v2\/comments?post=29951"}],"wp:featuredmedia":[{"embeddable":true,"href":"https:\/\/www.eveline.hu\/2016\/wp-json\/wp\/v2\/media\/29952"}],"wp:attachment":[{"href":"https:\/\/www.eveline.hu\/2016\/wp-json\/wp\/v2\/media?parent=29951"}],"wp:term":[{"taxonomy":"product_cat","embeddable":true,"href":"https:\/\/www.eveline.hu\/2016\/wp-json\/wp\/v2\/product_cat?post=29951"},{"taxonomy":"product_tag","embeddable":true,"href":"https:\/\/www.eveline.hu\/2016\/wp-json\/wp\/v2\/product_tag?post=29951"}],"curies":[{"name":"wp","href":"https:\/\/api.w.org\/{rel}","templated":true}]}}