{"id":29904,"date":"2023-09-07T10:52:12","date_gmt":"2023-09-07T08:52:12","guid":{"rendered":"https:\/\/www.eveline.hu\/2016\/?post_type=product&#038;p=29904"},"modified":"2023-10-11T10:02:45","modified_gmt":"2023-10-11T08:02:45","slug":"brazilian-body-ketoldalas-kesztyu","status":"publish","type":"product","link":"https:\/\/www.eveline.hu\/2016\/eveline-kozmetikumok-szepsegapolas\/termekcsaladok\/brazilian-body\/brazilian-body-ketoldalas-kesztyu\/","title":{"rendered":"BRAZILIAN Body K\u00e9toldalas keszty\u0171"},"content":{"rendered":"<p><span class=\"HwtZe\" lang=\"hu\"><span class=\"jCAhz ChMk0b\"><span class=\"ryNqvb\">Egy kellemesen puha, finom mikrosz\u00e1las keszty\u0171 seg\u00edt a hidrat\u00e1l\u00f3 term\u00e9kek t\u00f6k\u00e9letes felvitel\u00e9ben<\/span><\/span> <span class=\"jCAhz ChMk0b\"><span class=\"ryNqvb\">t\u00e1panyagokat juttat a szervezetbe, m\u00edg a m\u00e1sik oldal az elhalt b\u0151r gyeng\u00e9d h\u00e1mlaszt\u00e1s\u00e1t teszi lehet\u0151v\u00e9. <\/span><\/span><\/span><span class=\"HwtZe\" lang=\"hu\"><span class=\"jCAhz ChMk0b\"><span class=\"ryNqvb\">A keszty\u0171 belseje v\u00edz\u00e1ll\u00f3 anyagb\u00f3l k\u00e9sz\u00fclt, melynek k\u00f6sz\u00f6nhet\u0151en a kozmetikum nem ker\u00fcl bele, \u00edgy v\u00e9di a kez\u00e9t a szennyez\u0151d\u00e9sekt\u0151l.<\/span><\/span> <span class=\"jCAhz ChMk0b\"><span class=\"ryNqvb\">Egy \u00fajrafelhaszn\u00e1lhat\u00f3 keszty\u0171 seg\u00edt a balzsamok, bronzos\u00edt\u00f3 habok vagy \u00f6nbarn\u00edt\u00f3k eloszlat\u00e1s\u00e1ban a test\u00e9n.<\/span><\/span> <span class=\"jCAhz ChMk0b\"><span class=\"ryNqvb\">Ennek k\u00f6sz\u00f6nhet\u0151en hat\u00e9konyabban \u00e9s magabiztosabban hozhatod l\u00e9tre a term\u00e9szetes barnas\u00e1g egyedi, kellemes hat\u00e1s\u00e1t a testeden.<\/span><\/span> <span class=\"jCAhz ChMk0b\"><span class=\"ryNqvb\">Nem kell agg\u00f3dnia a cs\u00edkok vagy az egyenetlens\u00e9gek miatt!<\/span><\/span> <\/span><\/p>\n<p><span class=\"HwtZe\" lang=\"hu\"><span class=\"jCAhz ChMk0b\"><span class=\"ryNqvb\">EL\u0150NY\u00d6K<\/span><\/span> : <span class=\"jCAhz ChMk0b\"><span class=\"ryNqvb\">T\u00f6k\u00e9letesen elosztja a term\u00e9ket<\/span><\/span><\/span><\/p>\n<p><span class=\"HwtZe\" lang=\"hu\">\u00a0\u00a0\u00a0\u00a0\u00a0\u00a0\u00a0\u00a0\u00a0\u00a0\u00a0\u00a0\u00a0\u00a0\u00a0\u00a0\u00a0\u00a0\u00a0\u00a0\u00a0\u00a0 T\u00f6bbsz\u00f6r <span class=\"jCAhz ChMk0b\"><span class=\"ryNqvb\">felhaszn\u00e1lhat\u00f3<\/span><\/span><\/span><\/p>\n<p><span class=\"HwtZe\" lang=\"hu\">\u00a0\u00a0\u00a0\u00a0\u00a0\u00a0\u00a0\u00a0\u00a0\u00a0\u00a0\u00a0\u00a0\u00a0\u00a0\u00a0\u00a0\u00a0\u00a0\u00a0\u00a0\u00a0 <span class=\"jCAhz ChMk0b\"><span class=\"ryNqvb\">Nem hagy cs\u00edkokat vagy foltokat<\/span><\/span><\/span><\/p>\n<p><span class=\"HwtZe\" lang=\"hu\">\u00a0\u00a0\u00a0\u00a0\u00a0\u00a0\u00a0\u00a0\u00a0\u00a0\u00a0\u00a0\u00a0\u00a0\u00a0\u00a0\u00a0\u00a0\u00a0\u00a0\u00a0\u00a0 <span class=\"jCAhz ChMk0b\"><span class=\"ryNqvb\">V\u00e9di a kez\u00e9t<\/span><\/span> <\/span><\/p>\n<p><span class=\"HwtZe\" lang=\"hu\"><span class=\"jCAhz ChMk0b\"><span class=\"ryNqvb\">\u00a0\u00a0\u00a0\u00a0\u00a0\u00a0\u00a0\u00a0\u00a0\u00a0\u00a0\u00a0\u00a0\u00a0\u00a0\u00a0\u00a0\u00a0\u00a0\u00a0\u00a0\u00a0 Kellemes anyag\u00fa<\/span><\/span> <\/span><\/p>\n<p><span class=\"HwtZe\" lang=\"hu\">\u00a0\u00a0\u00a0\u00a0\u00a0\u00a0\u00a0\u00a0\u00a0\u00a0\u00a0\u00a0\u00a0\u00a0\u00a0\u00a0\u00a0\u00a0\u00a0\u00a0\u00a0\u00a0 <span class=\"jCAhz ChMk0b\"><span class=\"ryNqvb\">Seg\u00edt a balzsam, \u00f6nbarn\u00edt\u00f3 vagy bronzos\u00edt\u00f3 hab\u00a0 felvitel\u00e9ben.<\/span><\/span><\/span><\/p>\n","protected":false},"excerpt":{"rendered":"<p>Egy kellemesen puha, finom mikrosz\u00e1las keszty\u0171 seg\u00edt a hidrat\u00e1l\u00f3 term\u00e9kek t\u00f6k\u00e9letes felvitel\u00e9ben t\u00e1panyagokat juttat a szervezetbe, m\u00edg a m\u00e1sik oldal az elhalt b\u0151r gyeng\u00e9d h\u00e1mlaszt\u00e1s\u00e1t teszi lehet\u0151v\u00e9. A keszty\u0171 belseje v\u00edz\u00e1ll\u00f3 anyagb\u00f3l k\u00e9sz\u00fclt, melynek k\u00f6sz\u00f6nhet\u0151en a kozmetikum nem ker\u00fcl bele, [&hellip;]<\/p>\n","protected":false},"featured_media":29905,"comment_status":"open","ping_status":"closed","template":"","meta":[],"product_cat":[292,80],"product_tag":[],"yoast_head":"<!-- This site is optimized with the Yoast SEO plugin v22.2 - https:\/\/yoast.com\/wordpress\/plugins\/seo\/ -->\n<title>BRAZILIAN Body K\u00e9toldalas keszty\u0171 - Eveline Cosmetics Magyarorsz\u00e1g<\/title>\n<meta name=\"robots\" content=\"index, follow, max-snippet:-1, max-image-preview:large, max-video-preview:-1\" \/>\n<link rel=\"canonical\" href=\"https:\/\/www.eveline.hu\/2016\/eveline-kozmetikumok-szepsegapolas\/termekcsaladok\/brazilian-body\/brazilian-body-ketoldalas-kesztyu\/\" \/>\n<meta property=\"og:locale\" content=\"hu_HU\" \/>\n<meta property=\"og:type\" content=\"article\" \/>\n<meta property=\"og:title\" content=\"BRAZILIAN Body K\u00e9toldalas keszty\u0171 - Eveline Cosmetics Magyarorsz\u00e1g\" \/>\n<meta property=\"og:description\" content=\"Egy kellemesen puha, finom mikrosz\u00e1las keszty\u0171 seg\u00edt a hidrat\u00e1l\u00f3 term\u00e9kek t\u00f6k\u00e9letes felvitel\u00e9ben t\u00e1panyagokat juttat a szervezetbe, m\u00edg a m\u00e1sik oldal az elhalt b\u0151r gyeng\u00e9d h\u00e1mlaszt\u00e1s\u00e1t teszi lehet\u0151v\u00e9. A keszty\u0171 belseje v\u00edz\u00e1ll\u00f3 anyagb\u00f3l k\u00e9sz\u00fclt, melynek k\u00f6sz\u00f6nhet\u0151en a kozmetikum nem ker\u00fcl bele, [&hellip;]\" \/>\n<meta property=\"og:url\" content=\"https:\/\/www.eveline.hu\/2016\/eveline-kozmetikumok-szepsegapolas\/termekcsaladok\/brazilian-body\/brazilian-body-ketoldalas-kesztyu\/\" \/>\n<meta property=\"og:site_name\" content=\"Eveline Cosmetics Magyarorsz\u00e1g\" \/>\n<meta property=\"article:modified_time\" content=\"2023-10-11T08:02:45+00:00\" \/>\n<meta property=\"og:image\" content=\"https:\/\/www.eveline.hu\/2016\/wp-content\/uploads\/2023\/09\/5903416053200-Brazilian-Body-Keszty\u00fa-1PCS-w.png\" \/>\n\t<meta property=\"og:image:width\" content=\"750\" \/>\n\t<meta property=\"og:image:height\" content=\"750\" \/>\n\t<meta property=\"og:image:type\" content=\"image\/png\" \/>\n<meta name=\"twitter:card\" content=\"summary_large_image\" \/>\n<meta name=\"twitter:label1\" content=\"Becs\u00fclt olvas\u00e1si id\u0151\" \/>\n\t<meta name=\"twitter:data1\" content=\"1 perc\" \/>\n<script type=\"application\/ld+json\" class=\"yoast-schema-graph\">{\"@context\":\"https:\/\/schema.org\",\"@graph\":[{\"@type\":\"WebPage\",\"@id\":\"https:\/\/www.eveline.hu\/2016\/eveline-kozmetikumok-szepsegapolas\/termekcsaladok\/brazilian-body\/brazilian-body-ketoldalas-kesztyu\/\",\"url\":\"https:\/\/www.eveline.hu\/2016\/eveline-kozmetikumok-szepsegapolas\/termekcsaladok\/brazilian-body\/brazilian-body-ketoldalas-kesztyu\/\",\"name\":\"BRAZILIAN Body K\u00e9toldalas keszty\u0171 - Eveline Cosmetics Magyarorsz\u00e1g\",\"isPartOf\":{\"@id\":\"https:\/\/www.eveline.hu\/2016\/#website\"},\"primaryImageOfPage\":{\"@id\":\"https:\/\/www.eveline.hu\/2016\/eveline-kozmetikumok-szepsegapolas\/termekcsaladok\/brazilian-body\/brazilian-body-ketoldalas-kesztyu\/#primaryimage\"},\"image\":{\"@id\":\"https:\/\/www.eveline.hu\/2016\/eveline-kozmetikumok-szepsegapolas\/termekcsaladok\/brazilian-body\/brazilian-body-ketoldalas-kesztyu\/#primaryimage\"},\"thumbnailUrl\":\"https:\/\/www.eveline.hu\/2016\/wp-content\/uploads\/2023\/09\/5903416053200-Brazilian-Body-Keszty\u00fa-1PCS-w.png\",\"datePublished\":\"2023-09-07T08:52:12+00:00\",\"dateModified\":\"2023-10-11T08:02:45+00:00\",\"breadcrumb\":{\"@id\":\"https:\/\/www.eveline.hu\/2016\/eveline-kozmetikumok-szepsegapolas\/termekcsaladok\/brazilian-body\/brazilian-body-ketoldalas-kesztyu\/#breadcrumb\"},\"inLanguage\":\"hu\",\"potentialAction\":[{\"@type\":\"ReadAction\",\"target\":[\"https:\/\/www.eveline.hu\/2016\/eveline-kozmetikumok-szepsegapolas\/termekcsaladok\/brazilian-body\/brazilian-body-ketoldalas-kesztyu\/\"]}]},{\"@type\":\"ImageObject\",\"inLanguage\":\"hu\",\"@id\":\"https:\/\/www.eveline.hu\/2016\/eveline-kozmetikumok-szepsegapolas\/termekcsaladok\/brazilian-body\/brazilian-body-ketoldalas-kesztyu\/#primaryimage\",\"url\":\"https:\/\/www.eveline.hu\/2016\/wp-content\/uploads\/2023\/09\/5903416053200-Brazilian-Body-Keszty\u00fa-1PCS-w.png\",\"contentUrl\":\"https:\/\/www.eveline.hu\/2016\/wp-content\/uploads\/2023\/09\/5903416053200-Brazilian-Body-Keszty\u00fa-1PCS-w.png\",\"width\":750,\"height\":750},{\"@type\":\"BreadcrumbList\",\"@id\":\"https:\/\/www.eveline.hu\/2016\/eveline-kozmetikumok-szepsegapolas\/termekcsaladok\/brazilian-body\/brazilian-body-ketoldalas-kesztyu\/#breadcrumb\",\"itemListElement\":[{\"@type\":\"ListItem\",\"position\":1,\"name\":\"Home\",\"item\":\"https:\/\/www.eveline.hu\/2016\/\"},{\"@type\":\"ListItem\",\"position\":2,\"name\":\"Term\u00e9kek\",\"item\":\"https:\/\/www.eveline.hu\/2016\/shop\/\"},{\"@type\":\"ListItem\",\"position\":3,\"name\":\"BRAZILIAN Body K\u00e9toldalas keszty\u0171\"}]},{\"@type\":\"WebSite\",\"@id\":\"https:\/\/www.eveline.hu\/2016\/#website\",\"url\":\"https:\/\/www.eveline.hu\/2016\/\",\"name\":\"Eveline Cosmetics Magyarorsz\u00e1g\",\"description\":\"Min\u0151s\u00e9gi kozmetikumok Lengyelorsz\u00e1gb\u00f3l\",\"potentialAction\":[{\"@type\":\"SearchAction\",\"target\":{\"@type\":\"EntryPoint\",\"urlTemplate\":\"https:\/\/www.eveline.hu\/2016\/?s={search_term_string}\"},\"query-input\":\"required name=search_term_string\"}],\"inLanguage\":\"hu\"}]}<\/script>\n<!-- \/ Yoast SEO plugin. -->","yoast_head_json":{"title":"BRAZILIAN Body K\u00e9toldalas keszty\u0171 - Eveline Cosmetics Magyarorsz\u00e1g","robots":{"index":"index","follow":"follow","max-snippet":"max-snippet:-1","max-image-preview":"max-image-preview:large","max-video-preview":"max-video-preview:-1"},"canonical":"https:\/\/www.eveline.hu\/2016\/eveline-kozmetikumok-szepsegapolas\/termekcsaladok\/brazilian-body\/brazilian-body-ketoldalas-kesztyu\/","og_locale":"hu_HU","og_type":"article","og_title":"BRAZILIAN Body K\u00e9toldalas keszty\u0171 - Eveline Cosmetics Magyarorsz\u00e1g","og_description":"Egy kellemesen puha, finom mikrosz\u00e1las keszty\u0171 seg\u00edt a hidrat\u00e1l\u00f3 term\u00e9kek t\u00f6k\u00e9letes felvitel\u00e9ben t\u00e1panyagokat juttat a szervezetbe, m\u00edg a m\u00e1sik oldal az elhalt b\u0151r gyeng\u00e9d h\u00e1mlaszt\u00e1s\u00e1t teszi lehet\u0151v\u00e9. A keszty\u0171 belseje v\u00edz\u00e1ll\u00f3 anyagb\u00f3l k\u00e9sz\u00fclt, melynek k\u00f6sz\u00f6nhet\u0151en a kozmetikum nem ker\u00fcl bele, [&hellip;]","og_url":"https:\/\/www.eveline.hu\/2016\/eveline-kozmetikumok-szepsegapolas\/termekcsaladok\/brazilian-body\/brazilian-body-ketoldalas-kesztyu\/","og_site_name":"Eveline Cosmetics Magyarorsz\u00e1g","article_modified_time":"2023-10-11T08:02:45+00:00","og_image":[{"width":750,"height":750,"url":"https:\/\/www.eveline.hu\/2016\/wp-content\/uploads\/2023\/09\/5903416053200-Brazilian-Body-Keszty\u00fa-1PCS-w.png","type":"image\/png"}],"twitter_card":"summary_large_image","twitter_misc":{"Becs\u00fclt olvas\u00e1si id\u0151":"1 perc"},"schema":{"@context":"https:\/\/schema.org","@graph":[{"@type":"WebPage","@id":"https:\/\/www.eveline.hu\/2016\/eveline-kozmetikumok-szepsegapolas\/termekcsaladok\/brazilian-body\/brazilian-body-ketoldalas-kesztyu\/","url":"https:\/\/www.eveline.hu\/2016\/eveline-kozmetikumok-szepsegapolas\/termekcsaladok\/brazilian-body\/brazilian-body-ketoldalas-kesztyu\/","name":"BRAZILIAN Body K\u00e9toldalas keszty\u0171 - Eveline Cosmetics Magyarorsz\u00e1g","isPartOf":{"@id":"https:\/\/www.eveline.hu\/2016\/#website"},"primaryImageOfPage":{"@id":"https:\/\/www.eveline.hu\/2016\/eveline-kozmetikumok-szepsegapolas\/termekcsaladok\/brazilian-body\/brazilian-body-ketoldalas-kesztyu\/#primaryimage"},"image":{"@id":"https:\/\/www.eveline.hu\/2016\/eveline-kozmetikumok-szepsegapolas\/termekcsaladok\/brazilian-body\/brazilian-body-ketoldalas-kesztyu\/#primaryimage"},"thumbnailUrl":"https:\/\/www.eveline.hu\/2016\/wp-content\/uploads\/2023\/09\/5903416053200-Brazilian-Body-Keszty\u00fa-1PCS-w.png","datePublished":"2023-09-07T08:52:12+00:00","dateModified":"2023-10-11T08:02:45+00:00","breadcrumb":{"@id":"https:\/\/www.eveline.hu\/2016\/eveline-kozmetikumok-szepsegapolas\/termekcsaladok\/brazilian-body\/brazilian-body-ketoldalas-kesztyu\/#breadcrumb"},"inLanguage":"hu","potentialAction":[{"@type":"ReadAction","target":["https:\/\/www.eveline.hu\/2016\/eveline-kozmetikumok-szepsegapolas\/termekcsaladok\/brazilian-body\/brazilian-body-ketoldalas-kesztyu\/"]}]},{"@type":"ImageObject","inLanguage":"hu","@id":"https:\/\/www.eveline.hu\/2016\/eveline-kozmetikumok-szepsegapolas\/termekcsaladok\/brazilian-body\/brazilian-body-ketoldalas-kesztyu\/#primaryimage","url":"https:\/\/www.eveline.hu\/2016\/wp-content\/uploads\/2023\/09\/5903416053200-Brazilian-Body-Keszty\u00fa-1PCS-w.png","contentUrl":"https:\/\/www.eveline.hu\/2016\/wp-content\/uploads\/2023\/09\/5903416053200-Brazilian-Body-Keszty\u00fa-1PCS-w.png","width":750,"height":750},{"@type":"BreadcrumbList","@id":"https:\/\/www.eveline.hu\/2016\/eveline-kozmetikumok-szepsegapolas\/termekcsaladok\/brazilian-body\/brazilian-body-ketoldalas-kesztyu\/#breadcrumb","itemListElement":[{"@type":"ListItem","position":1,"name":"Home","item":"https:\/\/www.eveline.hu\/2016\/"},{"@type":"ListItem","position":2,"name":"Term\u00e9kek","item":"https:\/\/www.eveline.hu\/2016\/shop\/"},{"@type":"ListItem","position":3,"name":"BRAZILIAN Body K\u00e9toldalas keszty\u0171"}]},{"@type":"WebSite","@id":"https:\/\/www.eveline.hu\/2016\/#website","url":"https:\/\/www.eveline.hu\/2016\/","name":"Eveline Cosmetics Magyarorsz\u00e1g","description":"Min\u0151s\u00e9gi kozmetikumok Lengyelorsz\u00e1gb\u00f3l","potentialAction":[{"@type":"SearchAction","target":{"@type":"EntryPoint","urlTemplate":"https:\/\/www.eveline.hu\/2016\/?s={search_term_string}"},"query-input":"required name=search_term_string"}],"inLanguage":"hu"}]}},"_links":{"self":[{"href":"https:\/\/www.eveline.hu\/2016\/wp-json\/wp\/v2\/product\/29904"}],"collection":[{"href":"https:\/\/www.eveline.hu\/2016\/wp-json\/wp\/v2\/product"}],"about":[{"href":"https:\/\/www.eveline.hu\/2016\/wp-json\/wp\/v2\/types\/product"}],"replies":[{"embeddable":true,"href":"https:\/\/www.eveline.hu\/2016\/wp-json\/wp\/v2\/comments?post=29904"}],"wp:featuredmedia":[{"embeddable":true,"href":"https:\/\/www.eveline.hu\/2016\/wp-json\/wp\/v2\/media\/29905"}],"wp:attachment":[{"href":"https:\/\/www.eveline.hu\/2016\/wp-json\/wp\/v2\/media?parent=29904"}],"wp:term":[{"taxonomy":"product_cat","embeddable":true,"href":"https:\/\/www.eveline.hu\/2016\/wp-json\/wp\/v2\/product_cat?post=29904"},{"taxonomy":"product_tag","embeddable":true,"href":"https:\/\/www.eveline.hu\/2016\/wp-json\/wp\/v2\/product_tag?post=29904"}],"curies":[{"name":"wp","href":"https:\/\/api.w.org\/{rel}","templated":true}]}}