{"id":29668,"date":"2023-06-02T10:29:32","date_gmt":"2023-06-02T08:29:32","guid":{"rendered":"https:\/\/www.eveline.hu\/2016\/?post_type=product&#038;p=29668"},"modified":"2024-04-18T18:27:29","modified_gmt":"2024-04-18T16:27:29","slug":"perfect-skin-acne-tisztito-orrtapasz-aktiv-szennel","status":"publish","type":"product","link":"https:\/\/www.eveline.hu\/2016\/eveline-kozmetikumok-szepsegapolas\/termekcsaladok\/perfect-skin-acne\/perfect-skin-acne-tisztito-orrtapasz-aktiv-szennel\/","title":{"rendered":"PERFECT SKIN acne Tiszt\u00edt\u00f3 Orrtapasz akt\u00edv sz\u00e9nnel 4 db"},"content":{"rendered":"<p>Elt\u00e1vol\u00edtja a mitesszereket, feloldja a p\u00f3rusokat.<\/p>\n<p>&nbsp;<\/p>\n<p>Hisz\u00fcnk abban, hogy az okos b\u0151r\u00e1pol\u00e1s a kulcsa a tiszta, eg\u00e9szs\u00e9ges arcb\u0151rnek, ez\u00e9rt b\u0151rgy\u00f3gy\u00e1sz fel\u00fcgyelete mellett kidolgoztunk egy 5 l\u00e9p\u00e9sb\u0151l \u00e1ll\u00f3 programot a t\u00f6k\u00e9letlens\u00e9gekre, pattan\u00e1sokra \u00e9s elsz\u00ednez\u0151d\u00e9sekre hajlamos b\u0151rre, amely minden ig\u00e9nyt t\u00f6k\u00e9letesen kiel\u00e9g\u00edt.CLEAN 2-3 PER WEEK<\/p>\n<p>Elt\u00e1vol\u00edtja a makacs mitesszereket \u00e9s a m\u00e9ly szennyez\u0151d\u00e9seket, cs\u00f6kkenti a t\u00falzottan kit\u00e1gult p\u00f3rusok l\u00e1that\u00f3s\u00e1g\u00e1t.<\/p>\n<p><strong>Akt\u00edv \u00f6sszetev\u0151k<\/strong>: Akt\u00edv sz\u00e9n, kovasav, Z\u00f6ld tea, \u00c9desgy\u00f6k\u00e9r, Aloe<\/p>\n<p><strong>Alkalmaz\u00e1s<\/strong>: 1. Alaposan tiszt\u00edtsd meg a b\u0151rt, majd nedves\u00edtsd meg v\u00edzzel. 2. H\u00fazd le a v\u00e9d\u0151r\u00e9teget a tapaszr\u00f3l. 3. Ragaszd fel a tapaszt a nedves orrb\u0151rre, \u00e9s \u00f3vatosan nyomd r\u00e1. 4. V\u00e1rj 15-20 percet,<\/p>\n<p>hogy a hat\u00f3anyagok m\u0171k\u00f6djenek. 5. Miut\u00e1n teljesen megsz\u00e1radt, lassan \u00e9s \u00f3vatosan h\u00fazd le a tapaszt, az orr sz\u00e9l\u00e9t\u0151l kezdve.<\/p>\n","protected":false},"excerpt":{"rendered":"<p>Elt\u00e1vol\u00edtja a mitesszereket, feloldja a p\u00f3rusokat. &nbsp; Hisz\u00fcnk abban, hogy az okos b\u0151r\u00e1pol\u00e1s a kulcsa a tiszta, eg\u00e9szs\u00e9ges arcb\u0151rnek, ez\u00e9rt b\u0151rgy\u00f3gy\u00e1sz fel\u00fcgyelete mellett kidolgoztunk egy 5 l\u00e9p\u00e9sb\u0151l \u00e1ll\u00f3 programot a t\u00f6k\u00e9letlens\u00e9gekre, pattan\u00e1sokra \u00e9s elsz\u00ednez\u0151d\u00e9sekre hajlamos b\u0151rre, amely minden ig\u00e9nyt t\u00f6k\u00e9letesen [&hellip;]<\/p>\n","protected":false},"featured_media":29669,"comment_status":"open","ping_status":"closed","template":"","meta":[],"product_cat":[303,80],"product_tag":[],"yoast_head":"<!-- This site is optimized with the Yoast SEO plugin v22.2 - https:\/\/yoast.com\/wordpress\/plugins\/seo\/ -->\n<title>PERFECT SKIN acne Tiszt\u00edt\u00f3 Orrtapasz akt\u00edv sz\u00e9nnel 4 db - Eveline Cosmetics Magyarorsz\u00e1g<\/title>\n<meta name=\"robots\" content=\"index, follow, max-snippet:-1, max-image-preview:large, max-video-preview:-1\" \/>\n<link rel=\"canonical\" href=\"https:\/\/www.eveline.hu\/2016\/eveline-kozmetikumok-szepsegapolas\/termekcsaladok\/perfect-skin-acne\/perfect-skin-acne-tisztito-orrtapasz-aktiv-szennel\/\" \/>\n<meta property=\"og:locale\" content=\"hu_HU\" \/>\n<meta property=\"og:type\" content=\"article\" \/>\n<meta property=\"og:title\" content=\"PERFECT SKIN acne Tiszt\u00edt\u00f3 Orrtapasz akt\u00edv sz\u00e9nnel 4 db - Eveline Cosmetics Magyarorsz\u00e1g\" \/>\n<meta property=\"og:description\" content=\"Elt\u00e1vol\u00edtja a mitesszereket, feloldja a p\u00f3rusokat. &nbsp; Hisz\u00fcnk abban, hogy az okos b\u0151r\u00e1pol\u00e1s a kulcsa a tiszta, eg\u00e9szs\u00e9ges arcb\u0151rnek, ez\u00e9rt b\u0151rgy\u00f3gy\u00e1sz fel\u00fcgyelete mellett kidolgoztunk egy 5 l\u00e9p\u00e9sb\u0151l \u00e1ll\u00f3 programot a t\u00f6k\u00e9letlens\u00e9gekre, pattan\u00e1sokra \u00e9s elsz\u00ednez\u0151d\u00e9sekre hajlamos b\u0151rre, amely minden ig\u00e9nyt t\u00f6k\u00e9letesen [&hellip;]\" \/>\n<meta property=\"og:url\" content=\"https:\/\/www.eveline.hu\/2016\/eveline-kozmetikumok-szepsegapolas\/termekcsaladok\/perfect-skin-acne\/perfect-skin-acne-tisztito-orrtapasz-aktiv-szennel\/\" \/>\n<meta property=\"og:site_name\" content=\"Eveline Cosmetics Magyarorsz\u00e1g\" \/>\n<meta property=\"article:modified_time\" content=\"2024-04-18T16:27:29+00:00\" \/>\n<meta property=\"og:image\" content=\"https:\/\/www.eveline.hu\/2016\/wp-content\/uploads\/2023\/06\/5903416047445-PERFECT-SKIN-NOSE-STRIPS-4-PCS-w.png\" \/>\n\t<meta property=\"og:image:width\" content=\"750\" \/>\n\t<meta property=\"og:image:height\" content=\"750\" \/>\n\t<meta property=\"og:image:type\" content=\"image\/png\" \/>\n<meta name=\"twitter:card\" content=\"summary_large_image\" \/>\n<meta name=\"twitter:label1\" content=\"Becs\u00fclt olvas\u00e1si id\u0151\" \/>\n\t<meta name=\"twitter:data1\" content=\"1 perc\" \/>\n<script type=\"application\/ld+json\" class=\"yoast-schema-graph\">{\"@context\":\"https:\/\/schema.org\",\"@graph\":[{\"@type\":\"WebPage\",\"@id\":\"https:\/\/www.eveline.hu\/2016\/eveline-kozmetikumok-szepsegapolas\/termekcsaladok\/perfect-skin-acne\/perfect-skin-acne-tisztito-orrtapasz-aktiv-szennel\/\",\"url\":\"https:\/\/www.eveline.hu\/2016\/eveline-kozmetikumok-szepsegapolas\/termekcsaladok\/perfect-skin-acne\/perfect-skin-acne-tisztito-orrtapasz-aktiv-szennel\/\",\"name\":\"PERFECT SKIN acne Tiszt\u00edt\u00f3 Orrtapasz akt\u00edv sz\u00e9nnel 4 db - Eveline Cosmetics Magyarorsz\u00e1g\",\"isPartOf\":{\"@id\":\"https:\/\/www.eveline.hu\/2016\/#website\"},\"primaryImageOfPage\":{\"@id\":\"https:\/\/www.eveline.hu\/2016\/eveline-kozmetikumok-szepsegapolas\/termekcsaladok\/perfect-skin-acne\/perfect-skin-acne-tisztito-orrtapasz-aktiv-szennel\/#primaryimage\"},\"image\":{\"@id\":\"https:\/\/www.eveline.hu\/2016\/eveline-kozmetikumok-szepsegapolas\/termekcsaladok\/perfect-skin-acne\/perfect-skin-acne-tisztito-orrtapasz-aktiv-szennel\/#primaryimage\"},\"thumbnailUrl\":\"https:\/\/www.eveline.hu\/2016\/wp-content\/uploads\/2023\/06\/5903416047445-PERFECT-SKIN-NOSE-STRIPS-4-PCS-w.png\",\"datePublished\":\"2023-06-02T08:29:32+00:00\",\"dateModified\":\"2024-04-18T16:27:29+00:00\",\"breadcrumb\":{\"@id\":\"https:\/\/www.eveline.hu\/2016\/eveline-kozmetikumok-szepsegapolas\/termekcsaladok\/perfect-skin-acne\/perfect-skin-acne-tisztito-orrtapasz-aktiv-szennel\/#breadcrumb\"},\"inLanguage\":\"hu\",\"potentialAction\":[{\"@type\":\"ReadAction\",\"target\":[\"https:\/\/www.eveline.hu\/2016\/eveline-kozmetikumok-szepsegapolas\/termekcsaladok\/perfect-skin-acne\/perfect-skin-acne-tisztito-orrtapasz-aktiv-szennel\/\"]}]},{\"@type\":\"ImageObject\",\"inLanguage\":\"hu\",\"@id\":\"https:\/\/www.eveline.hu\/2016\/eveline-kozmetikumok-szepsegapolas\/termekcsaladok\/perfect-skin-acne\/perfect-skin-acne-tisztito-orrtapasz-aktiv-szennel\/#primaryimage\",\"url\":\"https:\/\/www.eveline.hu\/2016\/wp-content\/uploads\/2023\/06\/5903416047445-PERFECT-SKIN-NOSE-STRIPS-4-PCS-w.png\",\"contentUrl\":\"https:\/\/www.eveline.hu\/2016\/wp-content\/uploads\/2023\/06\/5903416047445-PERFECT-SKIN-NOSE-STRIPS-4-PCS-w.png\",\"width\":750,\"height\":750},{\"@type\":\"BreadcrumbList\",\"@id\":\"https:\/\/www.eveline.hu\/2016\/eveline-kozmetikumok-szepsegapolas\/termekcsaladok\/perfect-skin-acne\/perfect-skin-acne-tisztito-orrtapasz-aktiv-szennel\/#breadcrumb\",\"itemListElement\":[{\"@type\":\"ListItem\",\"position\":1,\"name\":\"Home\",\"item\":\"https:\/\/www.eveline.hu\/2016\/\"},{\"@type\":\"ListItem\",\"position\":2,\"name\":\"Term\u00e9kek\",\"item\":\"https:\/\/www.eveline.hu\/2016\/shop\/\"},{\"@type\":\"ListItem\",\"position\":3,\"name\":\"PERFECT SKIN acne Tiszt\u00edt\u00f3 Orrtapasz akt\u00edv sz\u00e9nnel 4 db\"}]},{\"@type\":\"WebSite\",\"@id\":\"https:\/\/www.eveline.hu\/2016\/#website\",\"url\":\"https:\/\/www.eveline.hu\/2016\/\",\"name\":\"Eveline Cosmetics Magyarorsz\u00e1g\",\"description\":\"Min\u0151s\u00e9gi kozmetikumok Lengyelorsz\u00e1gb\u00f3l\",\"potentialAction\":[{\"@type\":\"SearchAction\",\"target\":{\"@type\":\"EntryPoint\",\"urlTemplate\":\"https:\/\/www.eveline.hu\/2016\/?s={search_term_string}\"},\"query-input\":\"required name=search_term_string\"}],\"inLanguage\":\"hu\"}]}<\/script>\n<!-- \/ Yoast SEO plugin. -->","yoast_head_json":{"title":"PERFECT SKIN acne Tiszt\u00edt\u00f3 Orrtapasz akt\u00edv sz\u00e9nnel 4 db - Eveline Cosmetics Magyarorsz\u00e1g","robots":{"index":"index","follow":"follow","max-snippet":"max-snippet:-1","max-image-preview":"max-image-preview:large","max-video-preview":"max-video-preview:-1"},"canonical":"https:\/\/www.eveline.hu\/2016\/eveline-kozmetikumok-szepsegapolas\/termekcsaladok\/perfect-skin-acne\/perfect-skin-acne-tisztito-orrtapasz-aktiv-szennel\/","og_locale":"hu_HU","og_type":"article","og_title":"PERFECT SKIN acne Tiszt\u00edt\u00f3 Orrtapasz akt\u00edv sz\u00e9nnel 4 db - Eveline Cosmetics Magyarorsz\u00e1g","og_description":"Elt\u00e1vol\u00edtja a mitesszereket, feloldja a p\u00f3rusokat. &nbsp; Hisz\u00fcnk abban, hogy az okos b\u0151r\u00e1pol\u00e1s a kulcsa a tiszta, eg\u00e9szs\u00e9ges arcb\u0151rnek, ez\u00e9rt b\u0151rgy\u00f3gy\u00e1sz fel\u00fcgyelete mellett kidolgoztunk egy 5 l\u00e9p\u00e9sb\u0151l \u00e1ll\u00f3 programot a t\u00f6k\u00e9letlens\u00e9gekre, pattan\u00e1sokra \u00e9s elsz\u00ednez\u0151d\u00e9sekre hajlamos b\u0151rre, amely minden ig\u00e9nyt t\u00f6k\u00e9letesen [&hellip;]","og_url":"https:\/\/www.eveline.hu\/2016\/eveline-kozmetikumok-szepsegapolas\/termekcsaladok\/perfect-skin-acne\/perfect-skin-acne-tisztito-orrtapasz-aktiv-szennel\/","og_site_name":"Eveline Cosmetics Magyarorsz\u00e1g","article_modified_time":"2024-04-18T16:27:29+00:00","og_image":[{"width":750,"height":750,"url":"https:\/\/www.eveline.hu\/2016\/wp-content\/uploads\/2023\/06\/5903416047445-PERFECT-SKIN-NOSE-STRIPS-4-PCS-w.png","type":"image\/png"}],"twitter_card":"summary_large_image","twitter_misc":{"Becs\u00fclt olvas\u00e1si id\u0151":"1 perc"},"schema":{"@context":"https:\/\/schema.org","@graph":[{"@type":"WebPage","@id":"https:\/\/www.eveline.hu\/2016\/eveline-kozmetikumok-szepsegapolas\/termekcsaladok\/perfect-skin-acne\/perfect-skin-acne-tisztito-orrtapasz-aktiv-szennel\/","url":"https:\/\/www.eveline.hu\/2016\/eveline-kozmetikumok-szepsegapolas\/termekcsaladok\/perfect-skin-acne\/perfect-skin-acne-tisztito-orrtapasz-aktiv-szennel\/","name":"PERFECT SKIN acne Tiszt\u00edt\u00f3 Orrtapasz akt\u00edv sz\u00e9nnel 4 db - Eveline Cosmetics Magyarorsz\u00e1g","isPartOf":{"@id":"https:\/\/www.eveline.hu\/2016\/#website"},"primaryImageOfPage":{"@id":"https:\/\/www.eveline.hu\/2016\/eveline-kozmetikumok-szepsegapolas\/termekcsaladok\/perfect-skin-acne\/perfect-skin-acne-tisztito-orrtapasz-aktiv-szennel\/#primaryimage"},"image":{"@id":"https:\/\/www.eveline.hu\/2016\/eveline-kozmetikumok-szepsegapolas\/termekcsaladok\/perfect-skin-acne\/perfect-skin-acne-tisztito-orrtapasz-aktiv-szennel\/#primaryimage"},"thumbnailUrl":"https:\/\/www.eveline.hu\/2016\/wp-content\/uploads\/2023\/06\/5903416047445-PERFECT-SKIN-NOSE-STRIPS-4-PCS-w.png","datePublished":"2023-06-02T08:29:32+00:00","dateModified":"2024-04-18T16:27:29+00:00","breadcrumb":{"@id":"https:\/\/www.eveline.hu\/2016\/eveline-kozmetikumok-szepsegapolas\/termekcsaladok\/perfect-skin-acne\/perfect-skin-acne-tisztito-orrtapasz-aktiv-szennel\/#breadcrumb"},"inLanguage":"hu","potentialAction":[{"@type":"ReadAction","target":["https:\/\/www.eveline.hu\/2016\/eveline-kozmetikumok-szepsegapolas\/termekcsaladok\/perfect-skin-acne\/perfect-skin-acne-tisztito-orrtapasz-aktiv-szennel\/"]}]},{"@type":"ImageObject","inLanguage":"hu","@id":"https:\/\/www.eveline.hu\/2016\/eveline-kozmetikumok-szepsegapolas\/termekcsaladok\/perfect-skin-acne\/perfect-skin-acne-tisztito-orrtapasz-aktiv-szennel\/#primaryimage","url":"https:\/\/www.eveline.hu\/2016\/wp-content\/uploads\/2023\/06\/5903416047445-PERFECT-SKIN-NOSE-STRIPS-4-PCS-w.png","contentUrl":"https:\/\/www.eveline.hu\/2016\/wp-content\/uploads\/2023\/06\/5903416047445-PERFECT-SKIN-NOSE-STRIPS-4-PCS-w.png","width":750,"height":750},{"@type":"BreadcrumbList","@id":"https:\/\/www.eveline.hu\/2016\/eveline-kozmetikumok-szepsegapolas\/termekcsaladok\/perfect-skin-acne\/perfect-skin-acne-tisztito-orrtapasz-aktiv-szennel\/#breadcrumb","itemListElement":[{"@type":"ListItem","position":1,"name":"Home","item":"https:\/\/www.eveline.hu\/2016\/"},{"@type":"ListItem","position":2,"name":"Term\u00e9kek","item":"https:\/\/www.eveline.hu\/2016\/shop\/"},{"@type":"ListItem","position":3,"name":"PERFECT SKIN acne Tiszt\u00edt\u00f3 Orrtapasz akt\u00edv sz\u00e9nnel 4 db"}]},{"@type":"WebSite","@id":"https:\/\/www.eveline.hu\/2016\/#website","url":"https:\/\/www.eveline.hu\/2016\/","name":"Eveline Cosmetics Magyarorsz\u00e1g","description":"Min\u0151s\u00e9gi kozmetikumok Lengyelorsz\u00e1gb\u00f3l","potentialAction":[{"@type":"SearchAction","target":{"@type":"EntryPoint","urlTemplate":"https:\/\/www.eveline.hu\/2016\/?s={search_term_string}"},"query-input":"required name=search_term_string"}],"inLanguage":"hu"}]}},"_links":{"self":[{"href":"https:\/\/www.eveline.hu\/2016\/wp-json\/wp\/v2\/product\/29668"}],"collection":[{"href":"https:\/\/www.eveline.hu\/2016\/wp-json\/wp\/v2\/product"}],"about":[{"href":"https:\/\/www.eveline.hu\/2016\/wp-json\/wp\/v2\/types\/product"}],"replies":[{"embeddable":true,"href":"https:\/\/www.eveline.hu\/2016\/wp-json\/wp\/v2\/comments?post=29668"}],"wp:featuredmedia":[{"embeddable":true,"href":"https:\/\/www.eveline.hu\/2016\/wp-json\/wp\/v2\/media\/29669"}],"wp:attachment":[{"href":"https:\/\/www.eveline.hu\/2016\/wp-json\/wp\/v2\/media?parent=29668"}],"wp:term":[{"taxonomy":"product_cat","embeddable":true,"href":"https:\/\/www.eveline.hu\/2016\/wp-json\/wp\/v2\/product_cat?post=29668"},{"taxonomy":"product_tag","embeddable":true,"href":"https:\/\/www.eveline.hu\/2016\/wp-json\/wp\/v2\/product_tag?post=29668"}],"curies":[{"name":"wp","href":"https:\/\/api.w.org\/{rel}","templated":true}]}}