{"id":29666,"date":"2023-06-02T10:22:01","date_gmt":"2023-06-02T08:22:01","guid":{"rendered":"https:\/\/www.eveline.hu\/2016\/?post_type=product&#038;p=29666"},"modified":"2025-08-15T12:11:21","modified_gmt":"2025-08-15T10:11:21","slug":"perfect-skin-acne-arctisztito-hab-150ml","status":"publish","type":"product","link":"https:\/\/www.eveline.hu\/2016\/eveline-kozmetikumok-szepsegapolas\/termekcsaladok\/perfect-skin-acne\/perfect-skin-acne-arctisztito-hab-150ml\/","title":{"rendered":"Perfect Skin acne Arctiszt\u00edt\u00f3 Hab 150ml"},"content":{"rendered":"<p>Hisz\u00fcnk abban, hogy az okos b\u0151r\u00e1pol\u00e1s a kulcsa a tiszta, eg\u00e9szs\u00e9ges arcb\u0151rnek, ez\u00e9rt b\u0151rgy\u00f3gy\u00e1sz fel\u00fcgyelete mellett kidolgoztunk egy 5 l\u00e9p\u00e9sb\u0151l \u00e1ll\u00f3 programot a t\u00f6k\u00e9letlens\u00e9gekre, pattan\u00e1sokra \u00e9s elsz\u00ednez\u0151d\u00e9sekre hajlamos b\u0151rre, amely minden ig\u00e9nyt t\u00f6k\u00e9letesen kiel\u00e9g\u00edt.<\/p>\n<p>A Micropeeling arctiszt\u00edt\u00f3 hab gyeng\u00e9den \u00e9s hat\u00e9konyan t\u00e1vol\u00edtja el a b\u0151rfel\u00fcletr\u0151l a szennyez\u0151d\u00e9seket, tiszt\u00e1v\u00e1, sim\u00e1v\u00e1 \u00e9s felfriss\u00fcltt\u00e9 var\u00e1zsolva azt, fesz\u00fcl\u00e9s vagy ragyog\u00e1s \u00e9rz\u00e9se n\u00e9lk\u00fcl.<\/p>\n<p>ULTRAHAT\u00c9KONY \u00d6SSZETEV\u0150K:<\/p>\n<p>-SHIKIMIC &amp; MANDELIC ACID \u2013 PERFECT DUO \u2013 h\u00e1mlaszt\u00f3 \u00e9s antibakteri\u00e1lis tulajdons\u00e1gainak k\u00f6sz\u00f6nhet\u0151en hat\u00e9konyan legy\u0151zi \u00e9s megnyugtatja a t\u00f6k\u00e9letlens\u00e9gek l\u00e1that\u00f3s\u00e1g\u00e1t<\/p>\n<p>&#8211; CITROM KIVONAT \u2013 kitiszt\u00edtja a p\u00f3rusokat, kiegyenl\u00edti a b\u0151rsz\u00ednt \u00e9s matt\u00edtja<\/p>\n<p>&#8211; ALGA bioFERMENT \u2013 csillap\u00edtja az irrit\u00e1ci\u00f3t \u00e9s a b\u0151rp\u00edr t\u00fcneteit.<\/p>\n<p><strong>Alkalmaz\u00e1s<\/strong>: a habb\u00f3l kis mennyis\u00e9get adagoljon a tenyer\u00e9re, majd a szemk\u00f6rny\u00e9ket kiker\u00fclve mossa meg az arc\u00e1t. Haszn\u00e1lja naponta 1-2 alkalommal.<\/p>\n<p>\u00d6sszetev\u0151k:Aqua (Water), Coco-Glucoside, Glycerin, Cocamidopropyl Betaine, Heptyl Glucoside, Betaine, Aloe Barbadensis Leaf Juice, Mandelic Acid, Shikimic Acid, Undaria Pinnatifida Cell Culture Extract, Citrus Limon Fruit Extract, Sodium Cocoyl Glutamate, Leuconostoc\/Radish Root Ferment Filtrate, Citric Acid, Sodium Benzoate, Sodium Chloride, Potassium Sorbate, Parfum (Fragrance).<\/p>\n<p><strong>A term\u00e9ket a <a href=\"http:\/\/www.kozmetikummania.hu\" target=\"_blank\" rel=\"noopener noreferrer\">www.kozmetikummania.hu<\/a> web\u00e1ruh\u00e1zban is megtal\u00e1lod, nagyobb term\u00e9kk\u00edn\u00e1lattal!<\/strong><\/p>\n","protected":false},"excerpt":{"rendered":"<p>150ml (11326 Ft\/L)<\/p>\n","protected":false},"featured_media":29667,"comment_status":"open","ping_status":"closed","template":"","meta":[],"product_cat":[303,80],"product_tag":[],"yoast_head":"<!-- This site is optimized with the Yoast SEO plugin v22.2 - https:\/\/yoast.com\/wordpress\/plugins\/seo\/ -->\n<title>Perfect Skin acne Arctiszt\u00edt\u00f3 Hab 150ml - Eveline Cosmetics Magyarorsz\u00e1g<\/title>\n<meta name=\"robots\" content=\"index, follow, max-snippet:-1, max-image-preview:large, max-video-preview:-1\" \/>\n<link rel=\"canonical\" href=\"https:\/\/www.eveline.hu\/2016\/eveline-kozmetikumok-szepsegapolas\/termekcsaladok\/perfect-skin-acne\/perfect-skin-acne-arctisztito-hab-150ml\/\" \/>\n<meta property=\"og:locale\" content=\"hu_HU\" \/>\n<meta property=\"og:type\" content=\"article\" \/>\n<meta property=\"og:title\" content=\"Perfect Skin acne Arctiszt\u00edt\u00f3 Hab 150ml - Eveline Cosmetics Magyarorsz\u00e1g\" \/>\n<meta property=\"og:description\" content=\"150ml (11326 Ft\/L)\" \/>\n<meta property=\"og:url\" content=\"https:\/\/www.eveline.hu\/2016\/eveline-kozmetikumok-szepsegapolas\/termekcsaladok\/perfect-skin-acne\/perfect-skin-acne-arctisztito-hab-150ml\/\" \/>\n<meta property=\"og:site_name\" content=\"Eveline Cosmetics Magyarorsz\u00e1g\" \/>\n<meta property=\"article:modified_time\" content=\"2025-08-15T10:11:21+00:00\" \/>\n<meta property=\"og:image\" content=\"https:\/\/www.eveline.hu\/2016\/wp-content\/uploads\/2023\/06\/5903416039693-PERFECT-SKIN-ACNE-FACE-CLEANSING-FOAM-150ML-w.png\" \/>\n\t<meta property=\"og:image:width\" content=\"750\" \/>\n\t<meta property=\"og:image:height\" content=\"750\" \/>\n\t<meta property=\"og:image:type\" content=\"image\/png\" \/>\n<meta name=\"twitter:card\" content=\"summary_large_image\" \/>\n<meta name=\"twitter:label1\" content=\"Becs\u00fclt olvas\u00e1si id\u0151\" \/>\n\t<meta name=\"twitter:data1\" content=\"1 perc\" \/>\n<script type=\"application\/ld+json\" class=\"yoast-schema-graph\">{\"@context\":\"https:\/\/schema.org\",\"@graph\":[{\"@type\":\"WebPage\",\"@id\":\"https:\/\/www.eveline.hu\/2016\/eveline-kozmetikumok-szepsegapolas\/termekcsaladok\/perfect-skin-acne\/perfect-skin-acne-arctisztito-hab-150ml\/\",\"url\":\"https:\/\/www.eveline.hu\/2016\/eveline-kozmetikumok-szepsegapolas\/termekcsaladok\/perfect-skin-acne\/perfect-skin-acne-arctisztito-hab-150ml\/\",\"name\":\"Perfect Skin acne Arctiszt\u00edt\u00f3 Hab 150ml - Eveline Cosmetics Magyarorsz\u00e1g\",\"isPartOf\":{\"@id\":\"https:\/\/www.eveline.hu\/2016\/#website\"},\"primaryImageOfPage\":{\"@id\":\"https:\/\/www.eveline.hu\/2016\/eveline-kozmetikumok-szepsegapolas\/termekcsaladok\/perfect-skin-acne\/perfect-skin-acne-arctisztito-hab-150ml\/#primaryimage\"},\"image\":{\"@id\":\"https:\/\/www.eveline.hu\/2016\/eveline-kozmetikumok-szepsegapolas\/termekcsaladok\/perfect-skin-acne\/perfect-skin-acne-arctisztito-hab-150ml\/#primaryimage\"},\"thumbnailUrl\":\"https:\/\/www.eveline.hu\/2016\/wp-content\/uploads\/2023\/06\/5903416039693-PERFECT-SKIN-ACNE-FACE-CLEANSING-FOAM-150ML-w.png\",\"datePublished\":\"2023-06-02T08:22:01+00:00\",\"dateModified\":\"2025-08-15T10:11:21+00:00\",\"breadcrumb\":{\"@id\":\"https:\/\/www.eveline.hu\/2016\/eveline-kozmetikumok-szepsegapolas\/termekcsaladok\/perfect-skin-acne\/perfect-skin-acne-arctisztito-hab-150ml\/#breadcrumb\"},\"inLanguage\":\"hu\",\"potentialAction\":[{\"@type\":\"ReadAction\",\"target\":[\"https:\/\/www.eveline.hu\/2016\/eveline-kozmetikumok-szepsegapolas\/termekcsaladok\/perfect-skin-acne\/perfect-skin-acne-arctisztito-hab-150ml\/\"]}]},{\"@type\":\"ImageObject\",\"inLanguage\":\"hu\",\"@id\":\"https:\/\/www.eveline.hu\/2016\/eveline-kozmetikumok-szepsegapolas\/termekcsaladok\/perfect-skin-acne\/perfect-skin-acne-arctisztito-hab-150ml\/#primaryimage\",\"url\":\"https:\/\/www.eveline.hu\/2016\/wp-content\/uploads\/2023\/06\/5903416039693-PERFECT-SKIN-ACNE-FACE-CLEANSING-FOAM-150ML-w.png\",\"contentUrl\":\"https:\/\/www.eveline.hu\/2016\/wp-content\/uploads\/2023\/06\/5903416039693-PERFECT-SKIN-ACNE-FACE-CLEANSING-FOAM-150ML-w.png\",\"width\":750,\"height\":750},{\"@type\":\"BreadcrumbList\",\"@id\":\"https:\/\/www.eveline.hu\/2016\/eveline-kozmetikumok-szepsegapolas\/termekcsaladok\/perfect-skin-acne\/perfect-skin-acne-arctisztito-hab-150ml\/#breadcrumb\",\"itemListElement\":[{\"@type\":\"ListItem\",\"position\":1,\"name\":\"Home\",\"item\":\"https:\/\/www.eveline.hu\/2016\/\"},{\"@type\":\"ListItem\",\"position\":2,\"name\":\"Term\u00e9kek\",\"item\":\"https:\/\/www.eveline.hu\/2016\/shop\/\"},{\"@type\":\"ListItem\",\"position\":3,\"name\":\"Perfect Skin acne Arctiszt\u00edt\u00f3 Hab 150ml\"}]},{\"@type\":\"WebSite\",\"@id\":\"https:\/\/www.eveline.hu\/2016\/#website\",\"url\":\"https:\/\/www.eveline.hu\/2016\/\",\"name\":\"Eveline Cosmetics Magyarorsz\u00e1g\",\"description\":\"Min\u0151s\u00e9gi kozmetikumok Lengyelorsz\u00e1gb\u00f3l\",\"potentialAction\":[{\"@type\":\"SearchAction\",\"target\":{\"@type\":\"EntryPoint\",\"urlTemplate\":\"https:\/\/www.eveline.hu\/2016\/?s={search_term_string}\"},\"query-input\":\"required name=search_term_string\"}],\"inLanguage\":\"hu\"}]}<\/script>\n<!-- \/ Yoast SEO plugin. -->","yoast_head_json":{"title":"Perfect Skin acne Arctiszt\u00edt\u00f3 Hab 150ml - Eveline Cosmetics Magyarorsz\u00e1g","robots":{"index":"index","follow":"follow","max-snippet":"max-snippet:-1","max-image-preview":"max-image-preview:large","max-video-preview":"max-video-preview:-1"},"canonical":"https:\/\/www.eveline.hu\/2016\/eveline-kozmetikumok-szepsegapolas\/termekcsaladok\/perfect-skin-acne\/perfect-skin-acne-arctisztito-hab-150ml\/","og_locale":"hu_HU","og_type":"article","og_title":"Perfect Skin acne Arctiszt\u00edt\u00f3 Hab 150ml - Eveline Cosmetics Magyarorsz\u00e1g","og_description":"150ml (11326 Ft\/L)","og_url":"https:\/\/www.eveline.hu\/2016\/eveline-kozmetikumok-szepsegapolas\/termekcsaladok\/perfect-skin-acne\/perfect-skin-acne-arctisztito-hab-150ml\/","og_site_name":"Eveline Cosmetics Magyarorsz\u00e1g","article_modified_time":"2025-08-15T10:11:21+00:00","og_image":[{"width":750,"height":750,"url":"https:\/\/www.eveline.hu\/2016\/wp-content\/uploads\/2023\/06\/5903416039693-PERFECT-SKIN-ACNE-FACE-CLEANSING-FOAM-150ML-w.png","type":"image\/png"}],"twitter_card":"summary_large_image","twitter_misc":{"Becs\u00fclt olvas\u00e1si id\u0151":"1 perc"},"schema":{"@context":"https:\/\/schema.org","@graph":[{"@type":"WebPage","@id":"https:\/\/www.eveline.hu\/2016\/eveline-kozmetikumok-szepsegapolas\/termekcsaladok\/perfect-skin-acne\/perfect-skin-acne-arctisztito-hab-150ml\/","url":"https:\/\/www.eveline.hu\/2016\/eveline-kozmetikumok-szepsegapolas\/termekcsaladok\/perfect-skin-acne\/perfect-skin-acne-arctisztito-hab-150ml\/","name":"Perfect Skin acne Arctiszt\u00edt\u00f3 Hab 150ml - Eveline Cosmetics Magyarorsz\u00e1g","isPartOf":{"@id":"https:\/\/www.eveline.hu\/2016\/#website"},"primaryImageOfPage":{"@id":"https:\/\/www.eveline.hu\/2016\/eveline-kozmetikumok-szepsegapolas\/termekcsaladok\/perfect-skin-acne\/perfect-skin-acne-arctisztito-hab-150ml\/#primaryimage"},"image":{"@id":"https:\/\/www.eveline.hu\/2016\/eveline-kozmetikumok-szepsegapolas\/termekcsaladok\/perfect-skin-acne\/perfect-skin-acne-arctisztito-hab-150ml\/#primaryimage"},"thumbnailUrl":"https:\/\/www.eveline.hu\/2016\/wp-content\/uploads\/2023\/06\/5903416039693-PERFECT-SKIN-ACNE-FACE-CLEANSING-FOAM-150ML-w.png","datePublished":"2023-06-02T08:22:01+00:00","dateModified":"2025-08-15T10:11:21+00:00","breadcrumb":{"@id":"https:\/\/www.eveline.hu\/2016\/eveline-kozmetikumok-szepsegapolas\/termekcsaladok\/perfect-skin-acne\/perfect-skin-acne-arctisztito-hab-150ml\/#breadcrumb"},"inLanguage":"hu","potentialAction":[{"@type":"ReadAction","target":["https:\/\/www.eveline.hu\/2016\/eveline-kozmetikumok-szepsegapolas\/termekcsaladok\/perfect-skin-acne\/perfect-skin-acne-arctisztito-hab-150ml\/"]}]},{"@type":"ImageObject","inLanguage":"hu","@id":"https:\/\/www.eveline.hu\/2016\/eveline-kozmetikumok-szepsegapolas\/termekcsaladok\/perfect-skin-acne\/perfect-skin-acne-arctisztito-hab-150ml\/#primaryimage","url":"https:\/\/www.eveline.hu\/2016\/wp-content\/uploads\/2023\/06\/5903416039693-PERFECT-SKIN-ACNE-FACE-CLEANSING-FOAM-150ML-w.png","contentUrl":"https:\/\/www.eveline.hu\/2016\/wp-content\/uploads\/2023\/06\/5903416039693-PERFECT-SKIN-ACNE-FACE-CLEANSING-FOAM-150ML-w.png","width":750,"height":750},{"@type":"BreadcrumbList","@id":"https:\/\/www.eveline.hu\/2016\/eveline-kozmetikumok-szepsegapolas\/termekcsaladok\/perfect-skin-acne\/perfect-skin-acne-arctisztito-hab-150ml\/#breadcrumb","itemListElement":[{"@type":"ListItem","position":1,"name":"Home","item":"https:\/\/www.eveline.hu\/2016\/"},{"@type":"ListItem","position":2,"name":"Term\u00e9kek","item":"https:\/\/www.eveline.hu\/2016\/shop\/"},{"@type":"ListItem","position":3,"name":"Perfect Skin acne Arctiszt\u00edt\u00f3 Hab 150ml"}]},{"@type":"WebSite","@id":"https:\/\/www.eveline.hu\/2016\/#website","url":"https:\/\/www.eveline.hu\/2016\/","name":"Eveline Cosmetics Magyarorsz\u00e1g","description":"Min\u0151s\u00e9gi kozmetikumok Lengyelorsz\u00e1gb\u00f3l","potentialAction":[{"@type":"SearchAction","target":{"@type":"EntryPoint","urlTemplate":"https:\/\/www.eveline.hu\/2016\/?s={search_term_string}"},"query-input":"required name=search_term_string"}],"inLanguage":"hu"}]}},"_links":{"self":[{"href":"https:\/\/www.eveline.hu\/2016\/wp-json\/wp\/v2\/product\/29666"}],"collection":[{"href":"https:\/\/www.eveline.hu\/2016\/wp-json\/wp\/v2\/product"}],"about":[{"href":"https:\/\/www.eveline.hu\/2016\/wp-json\/wp\/v2\/types\/product"}],"replies":[{"embeddable":true,"href":"https:\/\/www.eveline.hu\/2016\/wp-json\/wp\/v2\/comments?post=29666"}],"wp:featuredmedia":[{"embeddable":true,"href":"https:\/\/www.eveline.hu\/2016\/wp-json\/wp\/v2\/media\/29667"}],"wp:attachment":[{"href":"https:\/\/www.eveline.hu\/2016\/wp-json\/wp\/v2\/media?parent=29666"}],"wp:term":[{"taxonomy":"product_cat","embeddable":true,"href":"https:\/\/www.eveline.hu\/2016\/wp-json\/wp\/v2\/product_cat?post=29666"},{"taxonomy":"product_tag","embeddable":true,"href":"https:\/\/www.eveline.hu\/2016\/wp-json\/wp\/v2\/product_tag?post=29666"}],"curies":[{"name":"wp","href":"https:\/\/api.w.org\/{rel}","templated":true}]}}