{"id":29657,"date":"2023-06-02T09:29:32","date_gmt":"2023-06-02T07:29:32","guid":{"rendered":"https:\/\/www.eveline.hu\/2016\/?post_type=product&#038;p=29657"},"modified":"2025-12-07T18:31:49","modified_gmt":"2025-12-07T17:31:49","slug":"perfect-skin-acne-ejszakai-kezeles-1-szintu-hamlasztas-30ml","status":"publish","type":"product","link":"https:\/\/www.eveline.hu\/2016\/eveline-kozmetikumok-szepsegapolas\/termekcsaladok\/perfect-skin-acne\/perfect-skin-acne-ejszakai-kezeles-1-szintu-hamlasztas-30ml\/","title":{"rendered":"Perfect Skin acne \u00c9jszakai Kezel\u00e9s 1 szint\u0171 h\u00e1mlaszt\u00e1s 30ml"},"content":{"rendered":"<p>5% AHA+BHA+PHA komplex<\/p>\n<p>T\u00f6k\u00e9letlens\u00e9gek korrekci\u00f3ja<\/p>\n<p>Hisz\u00fcnk abban, hogy az okos b\u0151r\u00e1pol\u00e1s a kulcsa a tiszta, eg\u00e9szs\u00e9ges arcb\u0151rnek, ez\u00e9rt b\u0151rgy\u00f3gy\u00e1sz fel\u00fcgyelete mellett kidolgoztunk egy 5 l\u00e9p\u00e9sb\u0151l \u00e1ll\u00f3 programot a t\u00f6k\u00e9letlens\u00e9gekre, pattan\u00e1sokra \u00e9s elsz\u00ednez\u0151d\u00e9sekre hajlamos b\u0151rre, amely minden ig\u00e9nyt t\u00f6k\u00e9letesen kiel\u00e9g\u00edt.<\/p>\n<p>Antibakteri\u00e1lis hat\u00e1s\u00fa. Az \u00f6sszetev\u0151k ereje gondoskodik a b\u0151r feszes\u00edt\u00e9s\u00e9r\u0151l \u00e9s az elhalt h\u00e1msejtek megtiszt\u00edt\u00e1s\u00e1r\u00f3l.<\/p>\n<p><strong>Alkalmaz\u00e1s<\/strong>: Vigye fel a term\u00e9ket a megtiszt\u00edtott arcb\u0151rre, elker\u00fclve a szemk\u00f6rny\u00e9ket.<\/p>\n<p>Haszn\u00e1lja minden este. Reggel ne felejtse el felvinni a f\u00e9nyv\u00e9d\u0151 kr\u00e9met. Haszn\u00e1lat k\u00f6zben az epidermisz \u00e1tmeneti kipirosod\u00e1sa vagy h\u00e1ml\u00e1sa jelentkezhet, ami a b\u0151r term\u00e9szetes reakci\u00f3ja.<\/p>\n<p>\u00d6sszetev\u0151k:Aqua (Water), Propanediol, Shikimic Acid, Lactic Acid, Lactobionic Acid, Mandelic Acid, Salicylic Acid , Glycyrrhiza Glabra Root Extract, Gluconolactone, Niacinamide, Dipotassium Glycyrrhizate, Hydroxyethylcellulose, Aminomethyl Propanol, Phenoxyethanol, Ethylhexylglycerin, Sodium Benzoate, Propylene Glycol, Disodium Phosphate, Polysorbate 60, Calcium Gluconate, Sodium Phosphate.<\/p>\n","protected":false},"excerpt":{"rendered":"<p>5% AHA+BHA+PHA komplex T\u00f6k\u00e9letlens\u00e9gek korrekci\u00f3ja Hisz\u00fcnk abban, hogy az okos b\u0151r\u00e1pol\u00e1s a kulcsa a tiszta, eg\u00e9szs\u00e9ges arcb\u0151rnek, ez\u00e9rt b\u0151rgy\u00f3gy\u00e1sz fel\u00fcgyelete mellett kidolgoztunk egy 5 l\u00e9p\u00e9sb\u0151l \u00e1ll\u00f3 programot a t\u00f6k\u00e9letlens\u00e9gekre, pattan\u00e1sokra \u00e9s elsz\u00ednez\u0151d\u00e9sekre hajlamos b\u0151rre, amely minden ig\u00e9nyt t\u00f6k\u00e9letesen kiel\u00e9g\u00edt. Antibakteri\u00e1lis [&hellip;]<\/p>\n","protected":false},"featured_media":29658,"comment_status":"open","ping_status":"closed","template":"","meta":[],"product_cat":[303],"product_tag":[],"yoast_head":"<!-- This site is optimized with the Yoast SEO plugin v22.2 - https:\/\/yoast.com\/wordpress\/plugins\/seo\/ -->\n<title>Perfect Skin acne \u00c9jszakai Kezel\u00e9s 1 szint\u0171 h\u00e1mlaszt\u00e1s 30ml - Eveline Cosmetics Magyarorsz\u00e1g<\/title>\n<meta name=\"robots\" content=\"index, follow, max-snippet:-1, max-image-preview:large, max-video-preview:-1\" \/>\n<link rel=\"canonical\" href=\"https:\/\/www.eveline.hu\/2016\/eveline-kozmetikumok-szepsegapolas\/termekcsaladok\/perfect-skin-acne\/perfect-skin-acne-ejszakai-kezeles-1-szintu-hamlasztas-30ml\/\" \/>\n<meta property=\"og:locale\" content=\"hu_HU\" \/>\n<meta property=\"og:type\" content=\"article\" \/>\n<meta property=\"og:title\" content=\"Perfect Skin acne \u00c9jszakai Kezel\u00e9s 1 szint\u0171 h\u00e1mlaszt\u00e1s 30ml - Eveline Cosmetics Magyarorsz\u00e1g\" \/>\n<meta property=\"og:description\" content=\"5% AHA+BHA+PHA komplex T\u00f6k\u00e9letlens\u00e9gek korrekci\u00f3ja Hisz\u00fcnk abban, hogy az okos b\u0151r\u00e1pol\u00e1s a kulcsa a tiszta, eg\u00e9szs\u00e9ges arcb\u0151rnek, ez\u00e9rt b\u0151rgy\u00f3gy\u00e1sz fel\u00fcgyelete mellett kidolgoztunk egy 5 l\u00e9p\u00e9sb\u0151l \u00e1ll\u00f3 programot a t\u00f6k\u00e9letlens\u00e9gekre, pattan\u00e1sokra \u00e9s elsz\u00ednez\u0151d\u00e9sekre hajlamos b\u0151rre, amely minden ig\u00e9nyt t\u00f6k\u00e9letesen kiel\u00e9g\u00edt. Antibakteri\u00e1lis [&hellip;]\" \/>\n<meta property=\"og:url\" content=\"https:\/\/www.eveline.hu\/2016\/eveline-kozmetikumok-szepsegapolas\/termekcsaladok\/perfect-skin-acne\/perfect-skin-acne-ejszakai-kezeles-1-szintu-hamlasztas-30ml\/\" \/>\n<meta property=\"og:site_name\" content=\"Eveline Cosmetics Magyarorsz\u00e1g\" \/>\n<meta property=\"article:modified_time\" content=\"2025-12-07T17:31:49+00:00\" \/>\n<meta property=\"og:image\" content=\"https:\/\/www.eveline.hu\/2016\/wp-content\/uploads\/2023\/06\/5903416039778-PERFECT-SKIN-5-ACID-COMPLEX-30ML-w.png\" \/>\n\t<meta property=\"og:image:width\" content=\"750\" \/>\n\t<meta property=\"og:image:height\" content=\"750\" \/>\n\t<meta property=\"og:image:type\" content=\"image\/png\" \/>\n<meta name=\"twitter:card\" content=\"summary_large_image\" \/>\n<meta name=\"twitter:label1\" content=\"Becs\u00fclt olvas\u00e1si id\u0151\" \/>\n\t<meta name=\"twitter:data1\" content=\"1 perc\" \/>\n<script type=\"application\/ld+json\" class=\"yoast-schema-graph\">{\"@context\":\"https:\/\/schema.org\",\"@graph\":[{\"@type\":\"WebPage\",\"@id\":\"https:\/\/www.eveline.hu\/2016\/eveline-kozmetikumok-szepsegapolas\/termekcsaladok\/perfect-skin-acne\/perfect-skin-acne-ejszakai-kezeles-1-szintu-hamlasztas-30ml\/\",\"url\":\"https:\/\/www.eveline.hu\/2016\/eveline-kozmetikumok-szepsegapolas\/termekcsaladok\/perfect-skin-acne\/perfect-skin-acne-ejszakai-kezeles-1-szintu-hamlasztas-30ml\/\",\"name\":\"Perfect Skin acne \u00c9jszakai Kezel\u00e9s 1 szint\u0171 h\u00e1mlaszt\u00e1s 30ml - Eveline Cosmetics Magyarorsz\u00e1g\",\"isPartOf\":{\"@id\":\"https:\/\/www.eveline.hu\/2016\/#website\"},\"primaryImageOfPage\":{\"@id\":\"https:\/\/www.eveline.hu\/2016\/eveline-kozmetikumok-szepsegapolas\/termekcsaladok\/perfect-skin-acne\/perfect-skin-acne-ejszakai-kezeles-1-szintu-hamlasztas-30ml\/#primaryimage\"},\"image\":{\"@id\":\"https:\/\/www.eveline.hu\/2016\/eveline-kozmetikumok-szepsegapolas\/termekcsaladok\/perfect-skin-acne\/perfect-skin-acne-ejszakai-kezeles-1-szintu-hamlasztas-30ml\/#primaryimage\"},\"thumbnailUrl\":\"https:\/\/www.eveline.hu\/2016\/wp-content\/uploads\/2023\/06\/5903416039778-PERFECT-SKIN-5-ACID-COMPLEX-30ML-w.png\",\"datePublished\":\"2023-06-02T07:29:32+00:00\",\"dateModified\":\"2025-12-07T17:31:49+00:00\",\"breadcrumb\":{\"@id\":\"https:\/\/www.eveline.hu\/2016\/eveline-kozmetikumok-szepsegapolas\/termekcsaladok\/perfect-skin-acne\/perfect-skin-acne-ejszakai-kezeles-1-szintu-hamlasztas-30ml\/#breadcrumb\"},\"inLanguage\":\"hu\",\"potentialAction\":[{\"@type\":\"ReadAction\",\"target\":[\"https:\/\/www.eveline.hu\/2016\/eveline-kozmetikumok-szepsegapolas\/termekcsaladok\/perfect-skin-acne\/perfect-skin-acne-ejszakai-kezeles-1-szintu-hamlasztas-30ml\/\"]}]},{\"@type\":\"ImageObject\",\"inLanguage\":\"hu\",\"@id\":\"https:\/\/www.eveline.hu\/2016\/eveline-kozmetikumok-szepsegapolas\/termekcsaladok\/perfect-skin-acne\/perfect-skin-acne-ejszakai-kezeles-1-szintu-hamlasztas-30ml\/#primaryimage\",\"url\":\"https:\/\/www.eveline.hu\/2016\/wp-content\/uploads\/2023\/06\/5903416039778-PERFECT-SKIN-5-ACID-COMPLEX-30ML-w.png\",\"contentUrl\":\"https:\/\/www.eveline.hu\/2016\/wp-content\/uploads\/2023\/06\/5903416039778-PERFECT-SKIN-5-ACID-COMPLEX-30ML-w.png\",\"width\":750,\"height\":750},{\"@type\":\"BreadcrumbList\",\"@id\":\"https:\/\/www.eveline.hu\/2016\/eveline-kozmetikumok-szepsegapolas\/termekcsaladok\/perfect-skin-acne\/perfect-skin-acne-ejszakai-kezeles-1-szintu-hamlasztas-30ml\/#breadcrumb\",\"itemListElement\":[{\"@type\":\"ListItem\",\"position\":1,\"name\":\"Home\",\"item\":\"https:\/\/www.eveline.hu\/2016\/\"},{\"@type\":\"ListItem\",\"position\":2,\"name\":\"Term\u00e9kek\",\"item\":\"https:\/\/www.eveline.hu\/2016\/shop\/\"},{\"@type\":\"ListItem\",\"position\":3,\"name\":\"Perfect Skin acne \u00c9jszakai Kezel\u00e9s 1 szint\u0171 h\u00e1mlaszt\u00e1s 30ml\"}]},{\"@type\":\"WebSite\",\"@id\":\"https:\/\/www.eveline.hu\/2016\/#website\",\"url\":\"https:\/\/www.eveline.hu\/2016\/\",\"name\":\"Eveline Cosmetics Magyarorsz\u00e1g\",\"description\":\"Min\u0151s\u00e9gi kozmetikumok Lengyelorsz\u00e1gb\u00f3l\",\"potentialAction\":[{\"@type\":\"SearchAction\",\"target\":{\"@type\":\"EntryPoint\",\"urlTemplate\":\"https:\/\/www.eveline.hu\/2016\/?s={search_term_string}\"},\"query-input\":\"required name=search_term_string\"}],\"inLanguage\":\"hu\"}]}<\/script>\n<!-- \/ Yoast SEO plugin. -->","yoast_head_json":{"title":"Perfect Skin acne \u00c9jszakai Kezel\u00e9s 1 szint\u0171 h\u00e1mlaszt\u00e1s 30ml - Eveline Cosmetics Magyarorsz\u00e1g","robots":{"index":"index","follow":"follow","max-snippet":"max-snippet:-1","max-image-preview":"max-image-preview:large","max-video-preview":"max-video-preview:-1"},"canonical":"https:\/\/www.eveline.hu\/2016\/eveline-kozmetikumok-szepsegapolas\/termekcsaladok\/perfect-skin-acne\/perfect-skin-acne-ejszakai-kezeles-1-szintu-hamlasztas-30ml\/","og_locale":"hu_HU","og_type":"article","og_title":"Perfect Skin acne \u00c9jszakai Kezel\u00e9s 1 szint\u0171 h\u00e1mlaszt\u00e1s 30ml - Eveline Cosmetics Magyarorsz\u00e1g","og_description":"5% AHA+BHA+PHA komplex T\u00f6k\u00e9letlens\u00e9gek korrekci\u00f3ja Hisz\u00fcnk abban, hogy az okos b\u0151r\u00e1pol\u00e1s a kulcsa a tiszta, eg\u00e9szs\u00e9ges arcb\u0151rnek, ez\u00e9rt b\u0151rgy\u00f3gy\u00e1sz fel\u00fcgyelete mellett kidolgoztunk egy 5 l\u00e9p\u00e9sb\u0151l \u00e1ll\u00f3 programot a t\u00f6k\u00e9letlens\u00e9gekre, pattan\u00e1sokra \u00e9s elsz\u00ednez\u0151d\u00e9sekre hajlamos b\u0151rre, amely minden ig\u00e9nyt t\u00f6k\u00e9letesen kiel\u00e9g\u00edt. Antibakteri\u00e1lis [&hellip;]","og_url":"https:\/\/www.eveline.hu\/2016\/eveline-kozmetikumok-szepsegapolas\/termekcsaladok\/perfect-skin-acne\/perfect-skin-acne-ejszakai-kezeles-1-szintu-hamlasztas-30ml\/","og_site_name":"Eveline Cosmetics Magyarorsz\u00e1g","article_modified_time":"2025-12-07T17:31:49+00:00","og_image":[{"width":750,"height":750,"url":"https:\/\/www.eveline.hu\/2016\/wp-content\/uploads\/2023\/06\/5903416039778-PERFECT-SKIN-5-ACID-COMPLEX-30ML-w.png","type":"image\/png"}],"twitter_card":"summary_large_image","twitter_misc":{"Becs\u00fclt olvas\u00e1si id\u0151":"1 perc"},"schema":{"@context":"https:\/\/schema.org","@graph":[{"@type":"WebPage","@id":"https:\/\/www.eveline.hu\/2016\/eveline-kozmetikumok-szepsegapolas\/termekcsaladok\/perfect-skin-acne\/perfect-skin-acne-ejszakai-kezeles-1-szintu-hamlasztas-30ml\/","url":"https:\/\/www.eveline.hu\/2016\/eveline-kozmetikumok-szepsegapolas\/termekcsaladok\/perfect-skin-acne\/perfect-skin-acne-ejszakai-kezeles-1-szintu-hamlasztas-30ml\/","name":"Perfect Skin acne \u00c9jszakai Kezel\u00e9s 1 szint\u0171 h\u00e1mlaszt\u00e1s 30ml - Eveline Cosmetics Magyarorsz\u00e1g","isPartOf":{"@id":"https:\/\/www.eveline.hu\/2016\/#website"},"primaryImageOfPage":{"@id":"https:\/\/www.eveline.hu\/2016\/eveline-kozmetikumok-szepsegapolas\/termekcsaladok\/perfect-skin-acne\/perfect-skin-acne-ejszakai-kezeles-1-szintu-hamlasztas-30ml\/#primaryimage"},"image":{"@id":"https:\/\/www.eveline.hu\/2016\/eveline-kozmetikumok-szepsegapolas\/termekcsaladok\/perfect-skin-acne\/perfect-skin-acne-ejszakai-kezeles-1-szintu-hamlasztas-30ml\/#primaryimage"},"thumbnailUrl":"https:\/\/www.eveline.hu\/2016\/wp-content\/uploads\/2023\/06\/5903416039778-PERFECT-SKIN-5-ACID-COMPLEX-30ML-w.png","datePublished":"2023-06-02T07:29:32+00:00","dateModified":"2025-12-07T17:31:49+00:00","breadcrumb":{"@id":"https:\/\/www.eveline.hu\/2016\/eveline-kozmetikumok-szepsegapolas\/termekcsaladok\/perfect-skin-acne\/perfect-skin-acne-ejszakai-kezeles-1-szintu-hamlasztas-30ml\/#breadcrumb"},"inLanguage":"hu","potentialAction":[{"@type":"ReadAction","target":["https:\/\/www.eveline.hu\/2016\/eveline-kozmetikumok-szepsegapolas\/termekcsaladok\/perfect-skin-acne\/perfect-skin-acne-ejszakai-kezeles-1-szintu-hamlasztas-30ml\/"]}]},{"@type":"ImageObject","inLanguage":"hu","@id":"https:\/\/www.eveline.hu\/2016\/eveline-kozmetikumok-szepsegapolas\/termekcsaladok\/perfect-skin-acne\/perfect-skin-acne-ejszakai-kezeles-1-szintu-hamlasztas-30ml\/#primaryimage","url":"https:\/\/www.eveline.hu\/2016\/wp-content\/uploads\/2023\/06\/5903416039778-PERFECT-SKIN-5-ACID-COMPLEX-30ML-w.png","contentUrl":"https:\/\/www.eveline.hu\/2016\/wp-content\/uploads\/2023\/06\/5903416039778-PERFECT-SKIN-5-ACID-COMPLEX-30ML-w.png","width":750,"height":750},{"@type":"BreadcrumbList","@id":"https:\/\/www.eveline.hu\/2016\/eveline-kozmetikumok-szepsegapolas\/termekcsaladok\/perfect-skin-acne\/perfect-skin-acne-ejszakai-kezeles-1-szintu-hamlasztas-30ml\/#breadcrumb","itemListElement":[{"@type":"ListItem","position":1,"name":"Home","item":"https:\/\/www.eveline.hu\/2016\/"},{"@type":"ListItem","position":2,"name":"Term\u00e9kek","item":"https:\/\/www.eveline.hu\/2016\/shop\/"},{"@type":"ListItem","position":3,"name":"Perfect Skin acne \u00c9jszakai Kezel\u00e9s 1 szint\u0171 h\u00e1mlaszt\u00e1s 30ml"}]},{"@type":"WebSite","@id":"https:\/\/www.eveline.hu\/2016\/#website","url":"https:\/\/www.eveline.hu\/2016\/","name":"Eveline Cosmetics Magyarorsz\u00e1g","description":"Min\u0151s\u00e9gi kozmetikumok Lengyelorsz\u00e1gb\u00f3l","potentialAction":[{"@type":"SearchAction","target":{"@type":"EntryPoint","urlTemplate":"https:\/\/www.eveline.hu\/2016\/?s={search_term_string}"},"query-input":"required name=search_term_string"}],"inLanguage":"hu"}]}},"_links":{"self":[{"href":"https:\/\/www.eveline.hu\/2016\/wp-json\/wp\/v2\/product\/29657"}],"collection":[{"href":"https:\/\/www.eveline.hu\/2016\/wp-json\/wp\/v2\/product"}],"about":[{"href":"https:\/\/www.eveline.hu\/2016\/wp-json\/wp\/v2\/types\/product"}],"replies":[{"embeddable":true,"href":"https:\/\/www.eveline.hu\/2016\/wp-json\/wp\/v2\/comments?post=29657"}],"wp:featuredmedia":[{"embeddable":true,"href":"https:\/\/www.eveline.hu\/2016\/wp-json\/wp\/v2\/media\/29658"}],"wp:attachment":[{"href":"https:\/\/www.eveline.hu\/2016\/wp-json\/wp\/v2\/media?parent=29657"}],"wp:term":[{"taxonomy":"product_cat","embeddable":true,"href":"https:\/\/www.eveline.hu\/2016\/wp-json\/wp\/v2\/product_cat?post=29657"},{"taxonomy":"product_tag","embeddable":true,"href":"https:\/\/www.eveline.hu\/2016\/wp-json\/wp\/v2\/product_tag?post=29657"}],"curies":[{"name":"wp","href":"https:\/\/api.w.org\/{rel}","templated":true}]}}