{"id":29654,"date":"2023-06-02T09:16:52","date_gmt":"2023-06-02T07:16:52","guid":{"rendered":"https:\/\/www.eveline.hu\/2016\/?post_type=product&#038;p=29654"},"modified":"2023-08-08T20:48:06","modified_gmt":"2023-08-08T18:48:06","slug":"perfect-skin-acne-peeling-paszta-maszk-3-az-1-ben-75ml","status":"publish","type":"product","link":"https:\/\/www.eveline.hu\/2016\/eveline-kozmetikumok-szepsegapolas\/termekcsaladok\/perfect-skin-acne\/perfect-skin-acne-peeling-paszta-maszk-3-az-1-ben-75ml\/","title":{"rendered":"Perfect Skin acne peeling-paszta-maszk 3 az 1-ben 75ml"},"content":{"rendered":"<p>5 l\u00e9p\u00e9sb\u0151l \u00e1ll\u00f3 program a t\u00f6k\u00e9letlens\u00e9gekre, pattan\u00e1sokra \u00e9s elsz\u00ednez\u0151d\u00e9sekre hajlamos b\u0151r sz\u00e1m\u00e1ra<\/p>\n<p>Akt\u00edv \u00f6sszetev\u0151k:<\/p>\n<p>&#8211; Shikimic \u00e9s mandelic sav &#8211; Akt\u00edvsz\u00e9n, agyag &#8211; Bojtorj\u00e1n \u00e9s kamilla kivonat<\/p>\n<p>A mikroh\u00e1mlaszt\u00f3 peeling-paszta-maszk 3 az 1-ben hat\u00e9konyan cs\u00f6kkenti a felesleges faggy\u00fat \u00e9s helyre\u00e1ll\u00edtja a b\u0151r egyens\u00faly\u00e1t, ez\u00e1ltal jelent\u0151sen cs\u00f6kkenti a mitesszerek \u00e9s hegek k\u00e9pz\u0151d\u00e9s\u00e9t.<\/p>\n<p><strong>Alkalmaz\u00e1s<\/strong>: hetente k\u00e9tszer-h\u00e1romszor vigye fel a megnedves\u00edtett arcb\u0151rre, elker\u00fclve a szemk\u00f6rny\u00e9ket. Gyeng\u00e9den massz\u00edrozza k\u00f6rk\u00f6r\u00f6s mozdulatokkal. Hagyja hatni 2-3 percig. Alaposan \u00f6bl\u00edtse le langyos v\u00edzzel.<\/p>\n<p>\u00d6sszetev\u0151k:Aqua (Water), Glycerin, Cellulose Acetate, Glyceryl Stearates, Magnesium Aluminum Silicate, Silica, Lauryl Glucoside, Arctium Lappa Root Extract, Chamomilla Recutita Flower Extract, Shikimic Acid, Mandelic Acid, Charcoal Powder, Kaolin, Sodium Cocoamphoacetate, Propylene Glycol, Phenoxyethanol, Hydroxyacetophenone, Ethylhexylglycerin, Acacia Senegal Gum, Xanthan Gum, Parfum (Fragrance).<\/p>\n<p><strong>A term\u00e9ket a <a href=\"http:\/\/www.kozmetikummania.hu\" target=\"_blank\" rel=\"noopener noreferrer\">www.kozmetikummania.hu<\/a> web\u00e1ruh\u00e1zban is megtal\u00e1lod, nagyobb term\u00e9kk\u00edn\u00e1lattal!<\/strong><\/p>\n","protected":false},"excerpt":{"rendered":"<p>75ml ( 19720 Ft\/l)<\/p>\n","protected":false},"featured_media":29656,"comment_status":"open","ping_status":"closed","template":"","meta":[],"product_cat":[303],"product_tag":[],"yoast_head":"<!-- This site is optimized with the Yoast SEO plugin v22.2 - https:\/\/yoast.com\/wordpress\/plugins\/seo\/ -->\n<title>Perfect Skin acne peeling-paszta-maszk 3 az 1-ben 75ml - Eveline Cosmetics Magyarorsz\u00e1g<\/title>\n<meta name=\"robots\" content=\"index, follow, max-snippet:-1, max-image-preview:large, max-video-preview:-1\" \/>\n<link rel=\"canonical\" href=\"https:\/\/www.eveline.hu\/2016\/eveline-kozmetikumok-szepsegapolas\/termekcsaladok\/perfect-skin-acne\/perfect-skin-acne-peeling-paszta-maszk-3-az-1-ben-75ml\/\" \/>\n<meta property=\"og:locale\" content=\"hu_HU\" \/>\n<meta property=\"og:type\" content=\"article\" \/>\n<meta property=\"og:title\" content=\"Perfect Skin acne peeling-paszta-maszk 3 az 1-ben 75ml - Eveline Cosmetics Magyarorsz\u00e1g\" \/>\n<meta property=\"og:description\" content=\"75ml ( 19720 Ft\/l)\" \/>\n<meta property=\"og:url\" content=\"https:\/\/www.eveline.hu\/2016\/eveline-kozmetikumok-szepsegapolas\/termekcsaladok\/perfect-skin-acne\/perfect-skin-acne-peeling-paszta-maszk-3-az-1-ben-75ml\/\" \/>\n<meta property=\"og:site_name\" content=\"Eveline Cosmetics Magyarorsz\u00e1g\" \/>\n<meta property=\"article:modified_time\" content=\"2023-08-08T18:48:06+00:00\" \/>\n<meta property=\"og:image\" content=\"https:\/\/www.eveline.hu\/2016\/wp-content\/uploads\/2023\/06\/5903416039716-PERFECT-SKIN-ACNE-PEELING-PASTE-MASK-3IN1-75ML-w.png\" \/>\n\t<meta property=\"og:image:width\" content=\"750\" \/>\n\t<meta property=\"og:image:height\" content=\"750\" \/>\n\t<meta property=\"og:image:type\" content=\"image\/png\" \/>\n<meta name=\"twitter:card\" content=\"summary_large_image\" \/>\n<meta name=\"twitter:label1\" content=\"Becs\u00fclt olvas\u00e1si id\u0151\" \/>\n\t<meta name=\"twitter:data1\" content=\"1 perc\" \/>\n<script type=\"application\/ld+json\" class=\"yoast-schema-graph\">{\"@context\":\"https:\/\/schema.org\",\"@graph\":[{\"@type\":\"WebPage\",\"@id\":\"https:\/\/www.eveline.hu\/2016\/eveline-kozmetikumok-szepsegapolas\/termekcsaladok\/perfect-skin-acne\/perfect-skin-acne-peeling-paszta-maszk-3-az-1-ben-75ml\/\",\"url\":\"https:\/\/www.eveline.hu\/2016\/eveline-kozmetikumok-szepsegapolas\/termekcsaladok\/perfect-skin-acne\/perfect-skin-acne-peeling-paszta-maszk-3-az-1-ben-75ml\/\",\"name\":\"Perfect Skin acne peeling-paszta-maszk 3 az 1-ben 75ml - Eveline Cosmetics Magyarorsz\u00e1g\",\"isPartOf\":{\"@id\":\"https:\/\/www.eveline.hu\/2016\/#website\"},\"primaryImageOfPage\":{\"@id\":\"https:\/\/www.eveline.hu\/2016\/eveline-kozmetikumok-szepsegapolas\/termekcsaladok\/perfect-skin-acne\/perfect-skin-acne-peeling-paszta-maszk-3-az-1-ben-75ml\/#primaryimage\"},\"image\":{\"@id\":\"https:\/\/www.eveline.hu\/2016\/eveline-kozmetikumok-szepsegapolas\/termekcsaladok\/perfect-skin-acne\/perfect-skin-acne-peeling-paszta-maszk-3-az-1-ben-75ml\/#primaryimage\"},\"thumbnailUrl\":\"https:\/\/www.eveline.hu\/2016\/wp-content\/uploads\/2023\/06\/5903416039716-PERFECT-SKIN-ACNE-PEELING-PASTE-MASK-3IN1-75ML-w.png\",\"datePublished\":\"2023-06-02T07:16:52+00:00\",\"dateModified\":\"2023-08-08T18:48:06+00:00\",\"breadcrumb\":{\"@id\":\"https:\/\/www.eveline.hu\/2016\/eveline-kozmetikumok-szepsegapolas\/termekcsaladok\/perfect-skin-acne\/perfect-skin-acne-peeling-paszta-maszk-3-az-1-ben-75ml\/#breadcrumb\"},\"inLanguage\":\"hu\",\"potentialAction\":[{\"@type\":\"ReadAction\",\"target\":[\"https:\/\/www.eveline.hu\/2016\/eveline-kozmetikumok-szepsegapolas\/termekcsaladok\/perfect-skin-acne\/perfect-skin-acne-peeling-paszta-maszk-3-az-1-ben-75ml\/\"]}]},{\"@type\":\"ImageObject\",\"inLanguage\":\"hu\",\"@id\":\"https:\/\/www.eveline.hu\/2016\/eveline-kozmetikumok-szepsegapolas\/termekcsaladok\/perfect-skin-acne\/perfect-skin-acne-peeling-paszta-maszk-3-az-1-ben-75ml\/#primaryimage\",\"url\":\"https:\/\/www.eveline.hu\/2016\/wp-content\/uploads\/2023\/06\/5903416039716-PERFECT-SKIN-ACNE-PEELING-PASTE-MASK-3IN1-75ML-w.png\",\"contentUrl\":\"https:\/\/www.eveline.hu\/2016\/wp-content\/uploads\/2023\/06\/5903416039716-PERFECT-SKIN-ACNE-PEELING-PASTE-MASK-3IN1-75ML-w.png\",\"width\":750,\"height\":750},{\"@type\":\"BreadcrumbList\",\"@id\":\"https:\/\/www.eveline.hu\/2016\/eveline-kozmetikumok-szepsegapolas\/termekcsaladok\/perfect-skin-acne\/perfect-skin-acne-peeling-paszta-maszk-3-az-1-ben-75ml\/#breadcrumb\",\"itemListElement\":[{\"@type\":\"ListItem\",\"position\":1,\"name\":\"Home\",\"item\":\"https:\/\/www.eveline.hu\/2016\/\"},{\"@type\":\"ListItem\",\"position\":2,\"name\":\"Term\u00e9kek\",\"item\":\"https:\/\/www.eveline.hu\/2016\/shop\/\"},{\"@type\":\"ListItem\",\"position\":3,\"name\":\"Perfect Skin acne peeling-paszta-maszk 3 az 1-ben 75ml\"}]},{\"@type\":\"WebSite\",\"@id\":\"https:\/\/www.eveline.hu\/2016\/#website\",\"url\":\"https:\/\/www.eveline.hu\/2016\/\",\"name\":\"Eveline Cosmetics Magyarorsz\u00e1g\",\"description\":\"Min\u0151s\u00e9gi kozmetikumok Lengyelorsz\u00e1gb\u00f3l\",\"potentialAction\":[{\"@type\":\"SearchAction\",\"target\":{\"@type\":\"EntryPoint\",\"urlTemplate\":\"https:\/\/www.eveline.hu\/2016\/?s={search_term_string}\"},\"query-input\":\"required name=search_term_string\"}],\"inLanguage\":\"hu\"}]}<\/script>\n<!-- \/ Yoast SEO plugin. -->","yoast_head_json":{"title":"Perfect Skin acne peeling-paszta-maszk 3 az 1-ben 75ml - Eveline Cosmetics Magyarorsz\u00e1g","robots":{"index":"index","follow":"follow","max-snippet":"max-snippet:-1","max-image-preview":"max-image-preview:large","max-video-preview":"max-video-preview:-1"},"canonical":"https:\/\/www.eveline.hu\/2016\/eveline-kozmetikumok-szepsegapolas\/termekcsaladok\/perfect-skin-acne\/perfect-skin-acne-peeling-paszta-maszk-3-az-1-ben-75ml\/","og_locale":"hu_HU","og_type":"article","og_title":"Perfect Skin acne peeling-paszta-maszk 3 az 1-ben 75ml - Eveline Cosmetics Magyarorsz\u00e1g","og_description":"75ml ( 19720 Ft\/l)","og_url":"https:\/\/www.eveline.hu\/2016\/eveline-kozmetikumok-szepsegapolas\/termekcsaladok\/perfect-skin-acne\/perfect-skin-acne-peeling-paszta-maszk-3-az-1-ben-75ml\/","og_site_name":"Eveline Cosmetics Magyarorsz\u00e1g","article_modified_time":"2023-08-08T18:48:06+00:00","og_image":[{"width":750,"height":750,"url":"https:\/\/www.eveline.hu\/2016\/wp-content\/uploads\/2023\/06\/5903416039716-PERFECT-SKIN-ACNE-PEELING-PASTE-MASK-3IN1-75ML-w.png","type":"image\/png"}],"twitter_card":"summary_large_image","twitter_misc":{"Becs\u00fclt olvas\u00e1si id\u0151":"1 perc"},"schema":{"@context":"https:\/\/schema.org","@graph":[{"@type":"WebPage","@id":"https:\/\/www.eveline.hu\/2016\/eveline-kozmetikumok-szepsegapolas\/termekcsaladok\/perfect-skin-acne\/perfect-skin-acne-peeling-paszta-maszk-3-az-1-ben-75ml\/","url":"https:\/\/www.eveline.hu\/2016\/eveline-kozmetikumok-szepsegapolas\/termekcsaladok\/perfect-skin-acne\/perfect-skin-acne-peeling-paszta-maszk-3-az-1-ben-75ml\/","name":"Perfect Skin acne peeling-paszta-maszk 3 az 1-ben 75ml - Eveline Cosmetics Magyarorsz\u00e1g","isPartOf":{"@id":"https:\/\/www.eveline.hu\/2016\/#website"},"primaryImageOfPage":{"@id":"https:\/\/www.eveline.hu\/2016\/eveline-kozmetikumok-szepsegapolas\/termekcsaladok\/perfect-skin-acne\/perfect-skin-acne-peeling-paszta-maszk-3-az-1-ben-75ml\/#primaryimage"},"image":{"@id":"https:\/\/www.eveline.hu\/2016\/eveline-kozmetikumok-szepsegapolas\/termekcsaladok\/perfect-skin-acne\/perfect-skin-acne-peeling-paszta-maszk-3-az-1-ben-75ml\/#primaryimage"},"thumbnailUrl":"https:\/\/www.eveline.hu\/2016\/wp-content\/uploads\/2023\/06\/5903416039716-PERFECT-SKIN-ACNE-PEELING-PASTE-MASK-3IN1-75ML-w.png","datePublished":"2023-06-02T07:16:52+00:00","dateModified":"2023-08-08T18:48:06+00:00","breadcrumb":{"@id":"https:\/\/www.eveline.hu\/2016\/eveline-kozmetikumok-szepsegapolas\/termekcsaladok\/perfect-skin-acne\/perfect-skin-acne-peeling-paszta-maszk-3-az-1-ben-75ml\/#breadcrumb"},"inLanguage":"hu","potentialAction":[{"@type":"ReadAction","target":["https:\/\/www.eveline.hu\/2016\/eveline-kozmetikumok-szepsegapolas\/termekcsaladok\/perfect-skin-acne\/perfect-skin-acne-peeling-paszta-maszk-3-az-1-ben-75ml\/"]}]},{"@type":"ImageObject","inLanguage":"hu","@id":"https:\/\/www.eveline.hu\/2016\/eveline-kozmetikumok-szepsegapolas\/termekcsaladok\/perfect-skin-acne\/perfect-skin-acne-peeling-paszta-maszk-3-az-1-ben-75ml\/#primaryimage","url":"https:\/\/www.eveline.hu\/2016\/wp-content\/uploads\/2023\/06\/5903416039716-PERFECT-SKIN-ACNE-PEELING-PASTE-MASK-3IN1-75ML-w.png","contentUrl":"https:\/\/www.eveline.hu\/2016\/wp-content\/uploads\/2023\/06\/5903416039716-PERFECT-SKIN-ACNE-PEELING-PASTE-MASK-3IN1-75ML-w.png","width":750,"height":750},{"@type":"BreadcrumbList","@id":"https:\/\/www.eveline.hu\/2016\/eveline-kozmetikumok-szepsegapolas\/termekcsaladok\/perfect-skin-acne\/perfect-skin-acne-peeling-paszta-maszk-3-az-1-ben-75ml\/#breadcrumb","itemListElement":[{"@type":"ListItem","position":1,"name":"Home","item":"https:\/\/www.eveline.hu\/2016\/"},{"@type":"ListItem","position":2,"name":"Term\u00e9kek","item":"https:\/\/www.eveline.hu\/2016\/shop\/"},{"@type":"ListItem","position":3,"name":"Perfect Skin acne peeling-paszta-maszk 3 az 1-ben 75ml"}]},{"@type":"WebSite","@id":"https:\/\/www.eveline.hu\/2016\/#website","url":"https:\/\/www.eveline.hu\/2016\/","name":"Eveline Cosmetics Magyarorsz\u00e1g","description":"Min\u0151s\u00e9gi kozmetikumok Lengyelorsz\u00e1gb\u00f3l","potentialAction":[{"@type":"SearchAction","target":{"@type":"EntryPoint","urlTemplate":"https:\/\/www.eveline.hu\/2016\/?s={search_term_string}"},"query-input":"required name=search_term_string"}],"inLanguage":"hu"}]}},"_links":{"self":[{"href":"https:\/\/www.eveline.hu\/2016\/wp-json\/wp\/v2\/product\/29654"}],"collection":[{"href":"https:\/\/www.eveline.hu\/2016\/wp-json\/wp\/v2\/product"}],"about":[{"href":"https:\/\/www.eveline.hu\/2016\/wp-json\/wp\/v2\/types\/product"}],"replies":[{"embeddable":true,"href":"https:\/\/www.eveline.hu\/2016\/wp-json\/wp\/v2\/comments?post=29654"}],"wp:featuredmedia":[{"embeddable":true,"href":"https:\/\/www.eveline.hu\/2016\/wp-json\/wp\/v2\/media\/29656"}],"wp:attachment":[{"href":"https:\/\/www.eveline.hu\/2016\/wp-json\/wp\/v2\/media?parent=29654"}],"wp:term":[{"taxonomy":"product_cat","embeddable":true,"href":"https:\/\/www.eveline.hu\/2016\/wp-json\/wp\/v2\/product_cat?post=29654"},{"taxonomy":"product_tag","embeddable":true,"href":"https:\/\/www.eveline.hu\/2016\/wp-json\/wp\/v2\/product_tag?post=29654"}],"curies":[{"name":"wp","href":"https:\/\/api.w.org\/{rel}","templated":true}]}}