{"id":29620,"date":"2023-04-18T13:31:54","date_gmt":"2023-04-18T11:31:54","guid":{"rendered":"https:\/\/www.eveline.hu\/2016\/?post_type=product&#038;p=29620"},"modified":"2024-01-14T10:25:14","modified_gmt":"2024-01-14T09:25:14","slug":"tigrisszem-vedo-karkoto-19cm-75","status":"publish","type":"product","link":"https:\/\/www.eveline.hu\/2016\/eveline-kozmetikumok-szepsegapolas\/termekcsaladok\/ajandektargyak\/tigrisszem-vedo-karkoto-19cm-75\/","title":{"rendered":"Tigrisszem &#8211; v\u00e9d\u0151 kark\u00f6t\u0151 19cm (75)"},"content":{"rendered":"<p>Az \u00e1sv\u00e1nyokat m\u00e1r az \u0151seink is haszn\u00e1lt\u00e1k v\u00e9delmez\u0151k\u00e9nt, gy\u00f3gyhat\u00e1suk miatt, vagy csak \u00e9kszerk\u00e9nt.<\/p>\n<p>Ez a gy\u00f3gy\u00edt\u00f3 k\u00f6vekb\u0151l k\u00e9sz\u00fclt kark\u00f6t\u0151 seg\u00edts\u00e9get ny\u00fajt finom rezg\u00e9s\u00e9vel, pozit\u00edv energi\u00e1j\u00e1val.<\/p>\n<p>a gy\u00f6ngy\u00f6k m\u00e9rete: 7mm,\u00a0 8mm<\/p>\n<p>Tigrisszem, hegyikrist\u00e1ly, roppantott hegyikrist\u00e1ly,<\/p>\n<p>A hegyikrist\u00e1ly feler\u0151s\u00edti az energi\u00e1kat,v\u00e9delmet biztos\u00edt.Minden csakr\u00e1ra hat\u00e1ssal van, k\u00fcl\u00f6n\u00f6sk\u00e9ppen a koronacsakr\u00e1ra.<\/p>\n<p>A tigrisszem legend\u00e1s \u00e1sv\u00e1ny volt az \u00f3kori egyiptomiak sz\u00e1m\u00e1ra, \u00fagy tartott\u00e1k , hogy aki sok\u00e1ig bele tud n\u00e9zni\u00a0 a tigrisszem- k\u0151 iriz\u00e1l\u00f3 sugaraiba az isteni l\u00e1t\u00e1st nyerhet. Mag\u00e1t a k\u00f6vet gyakran haszn\u00e1lt\u00e1k szem szimb\u00f3lumokhoz a f\u00e1ra\u00f3 \u00e9s istenszobrokon. A r\u00e9gi r\u00f3mai katon\u00e1k is hittek benne, v\u00e9d\u0151 amulettk\u00e9nt er\u0151s\u00edtett\u00e9k csata el\u0151tt magukra.<\/p>\n<p>A krist\u00e1lygy\u00f3gy\u00e1szati szakirodalom szerint ez a f\u00e9ldr\u00e1gak\u0151 bels\u0151 melegs\u00e9get okoz, \u00edgy a l\u00e9g\u00fati szervekre hat, a l\u00e9gcs\u0151, t\u00fcd\u0151 kapacit\u00e1s\u00e1t seg\u00edti, l\u00e9gcs\u0151hurut, n\u00e1tha, k\u00f6h\u00f6g\u00e9s ellen is haszn\u00e1latos. Hat m\u00e9g a szemre is.<\/p>\n","protected":false},"excerpt":{"rendered":"<p>Az \u00e1sv\u00e1nyokat m\u00e1r az \u0151seink is haszn\u00e1lt\u00e1k v\u00e9delmez\u0151k\u00e9nt, gy\u00f3gyhat\u00e1suk miatt, vagy csak \u00e9kszerk\u00e9nt. Ez a gy\u00f3gy\u00edt\u00f3 k\u00f6vekb\u0151l k\u00e9sz\u00fclt kark\u00f6t\u0151 seg\u00edts\u00e9get ny\u00fajt finom rezg\u00e9s\u00e9vel, pozit\u00edv energi\u00e1j\u00e1val. a gy\u00f6ngy\u00f6k m\u00e9rete: 7mm,\u00a0 8mm Tigrisszem, hegyikrist\u00e1ly, roppantott hegyikrist\u00e1ly, A hegyikrist\u00e1ly feler\u0151s\u00edti az energi\u00e1kat,v\u00e9delmet biztos\u00edt.Minden [&hellip;]<\/p>\n","protected":false},"featured_media":29621,"comment_status":"open","ping_status":"closed","template":"","meta":[],"product_cat":[276,302,80],"product_tag":[],"yoast_head":"<!-- This site is optimized with the Yoast SEO plugin v22.2 - https:\/\/yoast.com\/wordpress\/plugins\/seo\/ -->\n<title>Tigrisszem - v\u00e9d\u0151 kark\u00f6t\u0151 19cm (75) - Eveline Cosmetics Magyarorsz\u00e1g<\/title>\n<meta name=\"robots\" content=\"index, follow, max-snippet:-1, max-image-preview:large, max-video-preview:-1\" \/>\n<link rel=\"canonical\" href=\"https:\/\/www.eveline.hu\/2016\/eveline-kozmetikumok-szepsegapolas\/termekcsaladok\/ajandektargyak\/tigrisszem-vedo-karkoto-19cm-75\/\" \/>\n<meta property=\"og:locale\" content=\"hu_HU\" \/>\n<meta property=\"og:type\" content=\"article\" \/>\n<meta property=\"og:title\" content=\"Tigrisszem - v\u00e9d\u0151 kark\u00f6t\u0151 19cm (75) - Eveline Cosmetics Magyarorsz\u00e1g\" \/>\n<meta property=\"og:description\" content=\"Az \u00e1sv\u00e1nyokat m\u00e1r az \u0151seink is haszn\u00e1lt\u00e1k v\u00e9delmez\u0151k\u00e9nt, gy\u00f3gyhat\u00e1suk miatt, vagy csak \u00e9kszerk\u00e9nt. Ez a gy\u00f3gy\u00edt\u00f3 k\u00f6vekb\u0151l k\u00e9sz\u00fclt kark\u00f6t\u0151 seg\u00edts\u00e9get ny\u00fajt finom rezg\u00e9s\u00e9vel, pozit\u00edv energi\u00e1j\u00e1val. a gy\u00f6ngy\u00f6k m\u00e9rete: 7mm,\u00a0 8mm Tigrisszem, hegyikrist\u00e1ly, roppantott hegyikrist\u00e1ly, A hegyikrist\u00e1ly feler\u0151s\u00edti az energi\u00e1kat,v\u00e9delmet biztos\u00edt.Minden [&hellip;]\" \/>\n<meta property=\"og:url\" content=\"https:\/\/www.eveline.hu\/2016\/eveline-kozmetikumok-szepsegapolas\/termekcsaladok\/ajandektargyak\/tigrisszem-vedo-karkoto-19cm-75\/\" \/>\n<meta property=\"og:site_name\" content=\"Eveline Cosmetics Magyarorsz\u00e1g\" \/>\n<meta property=\"article:modified_time\" content=\"2024-01-14T09:25:14+00:00\" \/>\n<meta property=\"og:image\" content=\"https:\/\/www.eveline.hu\/2016\/wp-content\/uploads\/2023\/05\/Kark\u00f6t\u0151-75-w.png\" \/>\n\t<meta property=\"og:image:width\" content=\"750\" \/>\n\t<meta property=\"og:image:height\" content=\"750\" \/>\n\t<meta property=\"og:image:type\" content=\"image\/png\" \/>\n<meta name=\"twitter:card\" content=\"summary_large_image\" \/>\n<meta name=\"twitter:label1\" content=\"Becs\u00fclt olvas\u00e1si id\u0151\" \/>\n\t<meta name=\"twitter:data1\" content=\"1 perc\" \/>\n<script type=\"application\/ld+json\" class=\"yoast-schema-graph\">{\"@context\":\"https:\/\/schema.org\",\"@graph\":[{\"@type\":\"WebPage\",\"@id\":\"https:\/\/www.eveline.hu\/2016\/eveline-kozmetikumok-szepsegapolas\/termekcsaladok\/ajandektargyak\/tigrisszem-vedo-karkoto-19cm-75\/\",\"url\":\"https:\/\/www.eveline.hu\/2016\/eveline-kozmetikumok-szepsegapolas\/termekcsaladok\/ajandektargyak\/tigrisszem-vedo-karkoto-19cm-75\/\",\"name\":\"Tigrisszem - v\u00e9d\u0151 kark\u00f6t\u0151 19cm (75) - Eveline Cosmetics Magyarorsz\u00e1g\",\"isPartOf\":{\"@id\":\"https:\/\/www.eveline.hu\/2016\/#website\"},\"primaryImageOfPage\":{\"@id\":\"https:\/\/www.eveline.hu\/2016\/eveline-kozmetikumok-szepsegapolas\/termekcsaladok\/ajandektargyak\/tigrisszem-vedo-karkoto-19cm-75\/#primaryimage\"},\"image\":{\"@id\":\"https:\/\/www.eveline.hu\/2016\/eveline-kozmetikumok-szepsegapolas\/termekcsaladok\/ajandektargyak\/tigrisszem-vedo-karkoto-19cm-75\/#primaryimage\"},\"thumbnailUrl\":\"https:\/\/www.eveline.hu\/2016\/wp-content\/uploads\/2023\/05\/Kark\u00f6t\u0151-75-w.png\",\"datePublished\":\"2023-04-18T11:31:54+00:00\",\"dateModified\":\"2024-01-14T09:25:14+00:00\",\"breadcrumb\":{\"@id\":\"https:\/\/www.eveline.hu\/2016\/eveline-kozmetikumok-szepsegapolas\/termekcsaladok\/ajandektargyak\/tigrisszem-vedo-karkoto-19cm-75\/#breadcrumb\"},\"inLanguage\":\"hu\",\"potentialAction\":[{\"@type\":\"ReadAction\",\"target\":[\"https:\/\/www.eveline.hu\/2016\/eveline-kozmetikumok-szepsegapolas\/termekcsaladok\/ajandektargyak\/tigrisszem-vedo-karkoto-19cm-75\/\"]}]},{\"@type\":\"ImageObject\",\"inLanguage\":\"hu\",\"@id\":\"https:\/\/www.eveline.hu\/2016\/eveline-kozmetikumok-szepsegapolas\/termekcsaladok\/ajandektargyak\/tigrisszem-vedo-karkoto-19cm-75\/#primaryimage\",\"url\":\"https:\/\/www.eveline.hu\/2016\/wp-content\/uploads\/2023\/05\/Kark\u00f6t\u0151-75-w.png\",\"contentUrl\":\"https:\/\/www.eveline.hu\/2016\/wp-content\/uploads\/2023\/05\/Kark\u00f6t\u0151-75-w.png\",\"width\":750,\"height\":750},{\"@type\":\"BreadcrumbList\",\"@id\":\"https:\/\/www.eveline.hu\/2016\/eveline-kozmetikumok-szepsegapolas\/termekcsaladok\/ajandektargyak\/tigrisszem-vedo-karkoto-19cm-75\/#breadcrumb\",\"itemListElement\":[{\"@type\":\"ListItem\",\"position\":1,\"name\":\"Home\",\"item\":\"https:\/\/www.eveline.hu\/2016\/\"},{\"@type\":\"ListItem\",\"position\":2,\"name\":\"Term\u00e9kek\",\"item\":\"https:\/\/www.eveline.hu\/2016\/shop\/\"},{\"@type\":\"ListItem\",\"position\":3,\"name\":\"Tigrisszem &#8211; v\u00e9d\u0151 kark\u00f6t\u0151 19cm (75)\"}]},{\"@type\":\"WebSite\",\"@id\":\"https:\/\/www.eveline.hu\/2016\/#website\",\"url\":\"https:\/\/www.eveline.hu\/2016\/\",\"name\":\"Eveline Cosmetics Magyarorsz\u00e1g\",\"description\":\"Min\u0151s\u00e9gi kozmetikumok Lengyelorsz\u00e1gb\u00f3l\",\"potentialAction\":[{\"@type\":\"SearchAction\",\"target\":{\"@type\":\"EntryPoint\",\"urlTemplate\":\"https:\/\/www.eveline.hu\/2016\/?s={search_term_string}\"},\"query-input\":\"required name=search_term_string\"}],\"inLanguage\":\"hu\"}]}<\/script>\n<!-- \/ Yoast SEO plugin. -->","yoast_head_json":{"title":"Tigrisszem - v\u00e9d\u0151 kark\u00f6t\u0151 19cm (75) - Eveline Cosmetics Magyarorsz\u00e1g","robots":{"index":"index","follow":"follow","max-snippet":"max-snippet:-1","max-image-preview":"max-image-preview:large","max-video-preview":"max-video-preview:-1"},"canonical":"https:\/\/www.eveline.hu\/2016\/eveline-kozmetikumok-szepsegapolas\/termekcsaladok\/ajandektargyak\/tigrisszem-vedo-karkoto-19cm-75\/","og_locale":"hu_HU","og_type":"article","og_title":"Tigrisszem - v\u00e9d\u0151 kark\u00f6t\u0151 19cm (75) - Eveline Cosmetics Magyarorsz\u00e1g","og_description":"Az \u00e1sv\u00e1nyokat m\u00e1r az \u0151seink is haszn\u00e1lt\u00e1k v\u00e9delmez\u0151k\u00e9nt, gy\u00f3gyhat\u00e1suk miatt, vagy csak \u00e9kszerk\u00e9nt. Ez a gy\u00f3gy\u00edt\u00f3 k\u00f6vekb\u0151l k\u00e9sz\u00fclt kark\u00f6t\u0151 seg\u00edts\u00e9get ny\u00fajt finom rezg\u00e9s\u00e9vel, pozit\u00edv energi\u00e1j\u00e1val. a gy\u00f6ngy\u00f6k m\u00e9rete: 7mm,\u00a0 8mm Tigrisszem, hegyikrist\u00e1ly, roppantott hegyikrist\u00e1ly, A hegyikrist\u00e1ly feler\u0151s\u00edti az energi\u00e1kat,v\u00e9delmet biztos\u00edt.Minden [&hellip;]","og_url":"https:\/\/www.eveline.hu\/2016\/eveline-kozmetikumok-szepsegapolas\/termekcsaladok\/ajandektargyak\/tigrisszem-vedo-karkoto-19cm-75\/","og_site_name":"Eveline Cosmetics Magyarorsz\u00e1g","article_modified_time":"2024-01-14T09:25:14+00:00","og_image":[{"width":750,"height":750,"url":"https:\/\/www.eveline.hu\/2016\/wp-content\/uploads\/2023\/05\/Kark\u00f6t\u0151-75-w.png","type":"image\/png"}],"twitter_card":"summary_large_image","twitter_misc":{"Becs\u00fclt olvas\u00e1si id\u0151":"1 perc"},"schema":{"@context":"https:\/\/schema.org","@graph":[{"@type":"WebPage","@id":"https:\/\/www.eveline.hu\/2016\/eveline-kozmetikumok-szepsegapolas\/termekcsaladok\/ajandektargyak\/tigrisszem-vedo-karkoto-19cm-75\/","url":"https:\/\/www.eveline.hu\/2016\/eveline-kozmetikumok-szepsegapolas\/termekcsaladok\/ajandektargyak\/tigrisszem-vedo-karkoto-19cm-75\/","name":"Tigrisszem - v\u00e9d\u0151 kark\u00f6t\u0151 19cm (75) - Eveline Cosmetics Magyarorsz\u00e1g","isPartOf":{"@id":"https:\/\/www.eveline.hu\/2016\/#website"},"primaryImageOfPage":{"@id":"https:\/\/www.eveline.hu\/2016\/eveline-kozmetikumok-szepsegapolas\/termekcsaladok\/ajandektargyak\/tigrisszem-vedo-karkoto-19cm-75\/#primaryimage"},"image":{"@id":"https:\/\/www.eveline.hu\/2016\/eveline-kozmetikumok-szepsegapolas\/termekcsaladok\/ajandektargyak\/tigrisszem-vedo-karkoto-19cm-75\/#primaryimage"},"thumbnailUrl":"https:\/\/www.eveline.hu\/2016\/wp-content\/uploads\/2023\/05\/Kark\u00f6t\u0151-75-w.png","datePublished":"2023-04-18T11:31:54+00:00","dateModified":"2024-01-14T09:25:14+00:00","breadcrumb":{"@id":"https:\/\/www.eveline.hu\/2016\/eveline-kozmetikumok-szepsegapolas\/termekcsaladok\/ajandektargyak\/tigrisszem-vedo-karkoto-19cm-75\/#breadcrumb"},"inLanguage":"hu","potentialAction":[{"@type":"ReadAction","target":["https:\/\/www.eveline.hu\/2016\/eveline-kozmetikumok-szepsegapolas\/termekcsaladok\/ajandektargyak\/tigrisszem-vedo-karkoto-19cm-75\/"]}]},{"@type":"ImageObject","inLanguage":"hu","@id":"https:\/\/www.eveline.hu\/2016\/eveline-kozmetikumok-szepsegapolas\/termekcsaladok\/ajandektargyak\/tigrisszem-vedo-karkoto-19cm-75\/#primaryimage","url":"https:\/\/www.eveline.hu\/2016\/wp-content\/uploads\/2023\/05\/Kark\u00f6t\u0151-75-w.png","contentUrl":"https:\/\/www.eveline.hu\/2016\/wp-content\/uploads\/2023\/05\/Kark\u00f6t\u0151-75-w.png","width":750,"height":750},{"@type":"BreadcrumbList","@id":"https:\/\/www.eveline.hu\/2016\/eveline-kozmetikumok-szepsegapolas\/termekcsaladok\/ajandektargyak\/tigrisszem-vedo-karkoto-19cm-75\/#breadcrumb","itemListElement":[{"@type":"ListItem","position":1,"name":"Home","item":"https:\/\/www.eveline.hu\/2016\/"},{"@type":"ListItem","position":2,"name":"Term\u00e9kek","item":"https:\/\/www.eveline.hu\/2016\/shop\/"},{"@type":"ListItem","position":3,"name":"Tigrisszem &#8211; v\u00e9d\u0151 kark\u00f6t\u0151 19cm (75)"}]},{"@type":"WebSite","@id":"https:\/\/www.eveline.hu\/2016\/#website","url":"https:\/\/www.eveline.hu\/2016\/","name":"Eveline Cosmetics Magyarorsz\u00e1g","description":"Min\u0151s\u00e9gi kozmetikumok Lengyelorsz\u00e1gb\u00f3l","potentialAction":[{"@type":"SearchAction","target":{"@type":"EntryPoint","urlTemplate":"https:\/\/www.eveline.hu\/2016\/?s={search_term_string}"},"query-input":"required name=search_term_string"}],"inLanguage":"hu"}]}},"_links":{"self":[{"href":"https:\/\/www.eveline.hu\/2016\/wp-json\/wp\/v2\/product\/29620"}],"collection":[{"href":"https:\/\/www.eveline.hu\/2016\/wp-json\/wp\/v2\/product"}],"about":[{"href":"https:\/\/www.eveline.hu\/2016\/wp-json\/wp\/v2\/types\/product"}],"replies":[{"embeddable":true,"href":"https:\/\/www.eveline.hu\/2016\/wp-json\/wp\/v2\/comments?post=29620"}],"wp:featuredmedia":[{"embeddable":true,"href":"https:\/\/www.eveline.hu\/2016\/wp-json\/wp\/v2\/media\/29621"}],"wp:attachment":[{"href":"https:\/\/www.eveline.hu\/2016\/wp-json\/wp\/v2\/media?parent=29620"}],"wp:term":[{"taxonomy":"product_cat","embeddable":true,"href":"https:\/\/www.eveline.hu\/2016\/wp-json\/wp\/v2\/product_cat?post=29620"},{"taxonomy":"product_tag","embeddable":true,"href":"https:\/\/www.eveline.hu\/2016\/wp-json\/wp\/v2\/product_tag?post=29620"}],"curies":[{"name":"wp","href":"https:\/\/api.w.org\/{rel}","templated":true}]}}