{"id":29614,"date":"2023-05-18T13:05:36","date_gmt":"2023-05-18T11:05:36","guid":{"rendered":"https:\/\/www.eveline.hu\/2016\/?post_type=product&#038;p=29614"},"modified":"2023-05-18T13:20:21","modified_gmt":"2023-05-18T11:20:21","slug":"napko-vedelmezo-karkoto-71","status":"publish","type":"product","link":"https:\/\/www.eveline.hu\/2016\/eveline-kozmetikumok-szepsegapolas\/termekcsaladok\/ajandektargyak\/napko-vedelmezo-karkoto-71\/","title":{"rendered":"Napk\u0151 &#8211; v\u00e9delmez\u0151 kark\u00f6t\u0151 (71) 19cm"},"content":{"rendered":"<p>Az \u00e1sv\u00e1nyokat m\u00e1r az \u0151seink is haszn\u00e1lt\u00e1k v\u00e9delmez\u0151k\u00e9nt, gy\u00f3gyhat\u00e1suk miatt, vagy csak \u00e9kszerk\u00e9nt.<\/p>\n<p>Ez a gy\u00f3gy\u00edt\u00f3 k\u00f6vekb\u0151l k\u00e9sz\u00fclt kark\u00f6t\u0151 seg\u00edts\u00e9get ny\u00fajt finom rezg\u00e9s\u00e9vel, pozit\u00edv energi\u00e1j\u00e1val.<\/p>\n<p>a gy\u00f6ngy\u00f6k m\u00e9rete: 7 mm, 8mm<\/p>\n<p>Hegyikrist\u00e1ly, \u00f3nix, napk\u0151<\/p>\n<p>A hegyikrist\u00e1ly feler\u0151s\u00edti az energi\u00e1kat,v\u00e9delmet biztos\u00edt.Minden csakr\u00e1ra hat\u00e1ssal van, k\u00fcl\u00f6n\u00f6sk\u00e9ppen a koronacsakr\u00e1ra.<\/p>\n<p>\u00d3nix hat\u00e1sa: energia, v\u00e9d\u0151, stabilit\u00e1s, kitart\u00e1s, stresszold\u00f3, csontok, fogak, csonter\u0151s\u00edt\u0151<\/p>\n<p>A Napk\u0151 serkenti az \u00f6ngy\u00f3gy\u00edt\u00f3 k\u00e9pess\u00e9geket. J\u00f3t\u00e9konyan hat a kr\u00f3nikus torokgyullad\u00e1sra, de enyh\u00edti a gyomorfek\u00e9lyt \u00e9s a vesepanaszokat is. Seg\u00edts\u00e9get jelent a porcprobl\u00e9m\u00e1kra, reum\u00e1ra, k\u00f6szv\u00e9nyre, er\u0151s\u00edti a vegetat\u00edv idegrendszert, elmulasztja a f\u00e9lelmeket \u00e9s a depresszi\u00f3t.<\/p>\n<p>&nbsp;<\/p>\n","protected":false},"excerpt":{"rendered":"<p>Az \u00e1sv\u00e1nyokat m\u00e1r az \u0151seink is haszn\u00e1lt\u00e1k v\u00e9delmez\u0151k\u00e9nt, gy\u00f3gyhat\u00e1suk miatt, vagy csak \u00e9kszerk\u00e9nt. Ez a gy\u00f3gy\u00edt\u00f3 k\u00f6vekb\u0151l k\u00e9sz\u00fclt kark\u00f6t\u0151 seg\u00edts\u00e9get ny\u00fajt finom rezg\u00e9s\u00e9vel, pozit\u00edv energi\u00e1j\u00e1val. a gy\u00f6ngy\u00f6k m\u00e9rete: 7 mm, 8mm Hegyikrist\u00e1ly, \u00f3nix, napk\u0151 A hegyikrist\u00e1ly feler\u0151s\u00edti az energi\u00e1kat,v\u00e9delmet biztos\u00edt.Minden [&hellip;]<\/p>\n","protected":false},"featured_media":29615,"comment_status":"open","ping_status":"closed","template":"","meta":[],"product_cat":[276,80],"product_tag":[],"yoast_head":"<!-- This site is optimized with the Yoast SEO plugin v22.2 - https:\/\/yoast.com\/wordpress\/plugins\/seo\/ -->\n<title>Napk\u0151 - v\u00e9delmez\u0151 kark\u00f6t\u0151 (71) 19cm - Eveline Cosmetics Magyarorsz\u00e1g<\/title>\n<meta name=\"robots\" content=\"index, follow, max-snippet:-1, max-image-preview:large, max-video-preview:-1\" \/>\n<link rel=\"canonical\" href=\"https:\/\/www.eveline.hu\/2016\/eveline-kozmetikumok-szepsegapolas\/termekcsaladok\/ajandektargyak\/napko-vedelmezo-karkoto-71\/\" \/>\n<meta property=\"og:locale\" content=\"hu_HU\" \/>\n<meta property=\"og:type\" content=\"article\" \/>\n<meta property=\"og:title\" content=\"Napk\u0151 - v\u00e9delmez\u0151 kark\u00f6t\u0151 (71) 19cm - Eveline Cosmetics Magyarorsz\u00e1g\" \/>\n<meta property=\"og:description\" content=\"Az \u00e1sv\u00e1nyokat m\u00e1r az \u0151seink is haszn\u00e1lt\u00e1k v\u00e9delmez\u0151k\u00e9nt, gy\u00f3gyhat\u00e1suk miatt, vagy csak \u00e9kszerk\u00e9nt. Ez a gy\u00f3gy\u00edt\u00f3 k\u00f6vekb\u0151l k\u00e9sz\u00fclt kark\u00f6t\u0151 seg\u00edts\u00e9get ny\u00fajt finom rezg\u00e9s\u00e9vel, pozit\u00edv energi\u00e1j\u00e1val. a gy\u00f6ngy\u00f6k m\u00e9rete: 7 mm, 8mm Hegyikrist\u00e1ly, \u00f3nix, napk\u0151 A hegyikrist\u00e1ly feler\u0151s\u00edti az energi\u00e1kat,v\u00e9delmet biztos\u00edt.Minden [&hellip;]\" \/>\n<meta property=\"og:url\" content=\"https:\/\/www.eveline.hu\/2016\/eveline-kozmetikumok-szepsegapolas\/termekcsaladok\/ajandektargyak\/napko-vedelmezo-karkoto-71\/\" \/>\n<meta property=\"og:site_name\" content=\"Eveline Cosmetics Magyarorsz\u00e1g\" \/>\n<meta property=\"article:modified_time\" content=\"2023-05-18T11:20:21+00:00\" \/>\n<meta property=\"og:image\" content=\"https:\/\/www.eveline.hu\/2016\/wp-content\/uploads\/2023\/05\/kark\u00f6t\u0151-71.jpg\" \/>\n\t<meta property=\"og:image:width\" content=\"2505\" \/>\n\t<meta property=\"og:image:height\" content=\"2234\" \/>\n\t<meta property=\"og:image:type\" content=\"image\/jpeg\" \/>\n<meta name=\"twitter:card\" content=\"summary_large_image\" \/>\n<meta name=\"twitter:label1\" content=\"Becs\u00fclt olvas\u00e1si id\u0151\" \/>\n\t<meta name=\"twitter:data1\" content=\"1 perc\" \/>\n<script type=\"application\/ld+json\" class=\"yoast-schema-graph\">{\"@context\":\"https:\/\/schema.org\",\"@graph\":[{\"@type\":\"WebPage\",\"@id\":\"https:\/\/www.eveline.hu\/2016\/eveline-kozmetikumok-szepsegapolas\/termekcsaladok\/ajandektargyak\/napko-vedelmezo-karkoto-71\/\",\"url\":\"https:\/\/www.eveline.hu\/2016\/eveline-kozmetikumok-szepsegapolas\/termekcsaladok\/ajandektargyak\/napko-vedelmezo-karkoto-71\/\",\"name\":\"Napk\u0151 - v\u00e9delmez\u0151 kark\u00f6t\u0151 (71) 19cm - Eveline Cosmetics Magyarorsz\u00e1g\",\"isPartOf\":{\"@id\":\"https:\/\/www.eveline.hu\/2016\/#website\"},\"primaryImageOfPage\":{\"@id\":\"https:\/\/www.eveline.hu\/2016\/eveline-kozmetikumok-szepsegapolas\/termekcsaladok\/ajandektargyak\/napko-vedelmezo-karkoto-71\/#primaryimage\"},\"image\":{\"@id\":\"https:\/\/www.eveline.hu\/2016\/eveline-kozmetikumok-szepsegapolas\/termekcsaladok\/ajandektargyak\/napko-vedelmezo-karkoto-71\/#primaryimage\"},\"thumbnailUrl\":\"https:\/\/www.eveline.hu\/2016\/wp-content\/uploads\/2023\/05\/kark\u00f6t\u0151-71.jpg\",\"datePublished\":\"2023-05-18T11:05:36+00:00\",\"dateModified\":\"2023-05-18T11:20:21+00:00\",\"breadcrumb\":{\"@id\":\"https:\/\/www.eveline.hu\/2016\/eveline-kozmetikumok-szepsegapolas\/termekcsaladok\/ajandektargyak\/napko-vedelmezo-karkoto-71\/#breadcrumb\"},\"inLanguage\":\"hu\",\"potentialAction\":[{\"@type\":\"ReadAction\",\"target\":[\"https:\/\/www.eveline.hu\/2016\/eveline-kozmetikumok-szepsegapolas\/termekcsaladok\/ajandektargyak\/napko-vedelmezo-karkoto-71\/\"]}]},{\"@type\":\"ImageObject\",\"inLanguage\":\"hu\",\"@id\":\"https:\/\/www.eveline.hu\/2016\/eveline-kozmetikumok-szepsegapolas\/termekcsaladok\/ajandektargyak\/napko-vedelmezo-karkoto-71\/#primaryimage\",\"url\":\"https:\/\/www.eveline.hu\/2016\/wp-content\/uploads\/2023\/05\/kark\u00f6t\u0151-71.jpg\",\"contentUrl\":\"https:\/\/www.eveline.hu\/2016\/wp-content\/uploads\/2023\/05\/kark\u00f6t\u0151-71.jpg\",\"width\":2505,\"height\":2234},{\"@type\":\"BreadcrumbList\",\"@id\":\"https:\/\/www.eveline.hu\/2016\/eveline-kozmetikumok-szepsegapolas\/termekcsaladok\/ajandektargyak\/napko-vedelmezo-karkoto-71\/#breadcrumb\",\"itemListElement\":[{\"@type\":\"ListItem\",\"position\":1,\"name\":\"Home\",\"item\":\"https:\/\/www.eveline.hu\/2016\/\"},{\"@type\":\"ListItem\",\"position\":2,\"name\":\"Term\u00e9kek\",\"item\":\"https:\/\/www.eveline.hu\/2016\/shop\/\"},{\"@type\":\"ListItem\",\"position\":3,\"name\":\"Napk\u0151 &#8211; v\u00e9delmez\u0151 kark\u00f6t\u0151 (71) 19cm\"}]},{\"@type\":\"WebSite\",\"@id\":\"https:\/\/www.eveline.hu\/2016\/#website\",\"url\":\"https:\/\/www.eveline.hu\/2016\/\",\"name\":\"Eveline Cosmetics Magyarorsz\u00e1g\",\"description\":\"Min\u0151s\u00e9gi kozmetikumok Lengyelorsz\u00e1gb\u00f3l\",\"potentialAction\":[{\"@type\":\"SearchAction\",\"target\":{\"@type\":\"EntryPoint\",\"urlTemplate\":\"https:\/\/www.eveline.hu\/2016\/?s={search_term_string}\"},\"query-input\":\"required name=search_term_string\"}],\"inLanguage\":\"hu\"}]}<\/script>\n<!-- \/ Yoast SEO plugin. -->","yoast_head_json":{"title":"Napk\u0151 - v\u00e9delmez\u0151 kark\u00f6t\u0151 (71) 19cm - Eveline Cosmetics Magyarorsz\u00e1g","robots":{"index":"index","follow":"follow","max-snippet":"max-snippet:-1","max-image-preview":"max-image-preview:large","max-video-preview":"max-video-preview:-1"},"canonical":"https:\/\/www.eveline.hu\/2016\/eveline-kozmetikumok-szepsegapolas\/termekcsaladok\/ajandektargyak\/napko-vedelmezo-karkoto-71\/","og_locale":"hu_HU","og_type":"article","og_title":"Napk\u0151 - v\u00e9delmez\u0151 kark\u00f6t\u0151 (71) 19cm - Eveline Cosmetics Magyarorsz\u00e1g","og_description":"Az \u00e1sv\u00e1nyokat m\u00e1r az \u0151seink is haszn\u00e1lt\u00e1k v\u00e9delmez\u0151k\u00e9nt, gy\u00f3gyhat\u00e1suk miatt, vagy csak \u00e9kszerk\u00e9nt. Ez a gy\u00f3gy\u00edt\u00f3 k\u00f6vekb\u0151l k\u00e9sz\u00fclt kark\u00f6t\u0151 seg\u00edts\u00e9get ny\u00fajt finom rezg\u00e9s\u00e9vel, pozit\u00edv energi\u00e1j\u00e1val. a gy\u00f6ngy\u00f6k m\u00e9rete: 7 mm, 8mm Hegyikrist\u00e1ly, \u00f3nix, napk\u0151 A hegyikrist\u00e1ly feler\u0151s\u00edti az energi\u00e1kat,v\u00e9delmet biztos\u00edt.Minden [&hellip;]","og_url":"https:\/\/www.eveline.hu\/2016\/eveline-kozmetikumok-szepsegapolas\/termekcsaladok\/ajandektargyak\/napko-vedelmezo-karkoto-71\/","og_site_name":"Eveline Cosmetics Magyarorsz\u00e1g","article_modified_time":"2023-05-18T11:20:21+00:00","og_image":[{"width":2505,"height":2234,"url":"https:\/\/www.eveline.hu\/2016\/wp-content\/uploads\/2023\/05\/kark\u00f6t\u0151-71.jpg","type":"image\/jpeg"}],"twitter_card":"summary_large_image","twitter_misc":{"Becs\u00fclt olvas\u00e1si id\u0151":"1 perc"},"schema":{"@context":"https:\/\/schema.org","@graph":[{"@type":"WebPage","@id":"https:\/\/www.eveline.hu\/2016\/eveline-kozmetikumok-szepsegapolas\/termekcsaladok\/ajandektargyak\/napko-vedelmezo-karkoto-71\/","url":"https:\/\/www.eveline.hu\/2016\/eveline-kozmetikumok-szepsegapolas\/termekcsaladok\/ajandektargyak\/napko-vedelmezo-karkoto-71\/","name":"Napk\u0151 - v\u00e9delmez\u0151 kark\u00f6t\u0151 (71) 19cm - Eveline Cosmetics Magyarorsz\u00e1g","isPartOf":{"@id":"https:\/\/www.eveline.hu\/2016\/#website"},"primaryImageOfPage":{"@id":"https:\/\/www.eveline.hu\/2016\/eveline-kozmetikumok-szepsegapolas\/termekcsaladok\/ajandektargyak\/napko-vedelmezo-karkoto-71\/#primaryimage"},"image":{"@id":"https:\/\/www.eveline.hu\/2016\/eveline-kozmetikumok-szepsegapolas\/termekcsaladok\/ajandektargyak\/napko-vedelmezo-karkoto-71\/#primaryimage"},"thumbnailUrl":"https:\/\/www.eveline.hu\/2016\/wp-content\/uploads\/2023\/05\/kark\u00f6t\u0151-71.jpg","datePublished":"2023-05-18T11:05:36+00:00","dateModified":"2023-05-18T11:20:21+00:00","breadcrumb":{"@id":"https:\/\/www.eveline.hu\/2016\/eveline-kozmetikumok-szepsegapolas\/termekcsaladok\/ajandektargyak\/napko-vedelmezo-karkoto-71\/#breadcrumb"},"inLanguage":"hu","potentialAction":[{"@type":"ReadAction","target":["https:\/\/www.eveline.hu\/2016\/eveline-kozmetikumok-szepsegapolas\/termekcsaladok\/ajandektargyak\/napko-vedelmezo-karkoto-71\/"]}]},{"@type":"ImageObject","inLanguage":"hu","@id":"https:\/\/www.eveline.hu\/2016\/eveline-kozmetikumok-szepsegapolas\/termekcsaladok\/ajandektargyak\/napko-vedelmezo-karkoto-71\/#primaryimage","url":"https:\/\/www.eveline.hu\/2016\/wp-content\/uploads\/2023\/05\/kark\u00f6t\u0151-71.jpg","contentUrl":"https:\/\/www.eveline.hu\/2016\/wp-content\/uploads\/2023\/05\/kark\u00f6t\u0151-71.jpg","width":2505,"height":2234},{"@type":"BreadcrumbList","@id":"https:\/\/www.eveline.hu\/2016\/eveline-kozmetikumok-szepsegapolas\/termekcsaladok\/ajandektargyak\/napko-vedelmezo-karkoto-71\/#breadcrumb","itemListElement":[{"@type":"ListItem","position":1,"name":"Home","item":"https:\/\/www.eveline.hu\/2016\/"},{"@type":"ListItem","position":2,"name":"Term\u00e9kek","item":"https:\/\/www.eveline.hu\/2016\/shop\/"},{"@type":"ListItem","position":3,"name":"Napk\u0151 &#8211; v\u00e9delmez\u0151 kark\u00f6t\u0151 (71) 19cm"}]},{"@type":"WebSite","@id":"https:\/\/www.eveline.hu\/2016\/#website","url":"https:\/\/www.eveline.hu\/2016\/","name":"Eveline Cosmetics Magyarorsz\u00e1g","description":"Min\u0151s\u00e9gi kozmetikumok Lengyelorsz\u00e1gb\u00f3l","potentialAction":[{"@type":"SearchAction","target":{"@type":"EntryPoint","urlTemplate":"https:\/\/www.eveline.hu\/2016\/?s={search_term_string}"},"query-input":"required name=search_term_string"}],"inLanguage":"hu"}]}},"_links":{"self":[{"href":"https:\/\/www.eveline.hu\/2016\/wp-json\/wp\/v2\/product\/29614"}],"collection":[{"href":"https:\/\/www.eveline.hu\/2016\/wp-json\/wp\/v2\/product"}],"about":[{"href":"https:\/\/www.eveline.hu\/2016\/wp-json\/wp\/v2\/types\/product"}],"replies":[{"embeddable":true,"href":"https:\/\/www.eveline.hu\/2016\/wp-json\/wp\/v2\/comments?post=29614"}],"wp:featuredmedia":[{"embeddable":true,"href":"https:\/\/www.eveline.hu\/2016\/wp-json\/wp\/v2\/media\/29615"}],"wp:attachment":[{"href":"https:\/\/www.eveline.hu\/2016\/wp-json\/wp\/v2\/media?parent=29614"}],"wp:term":[{"taxonomy":"product_cat","embeddable":true,"href":"https:\/\/www.eveline.hu\/2016\/wp-json\/wp\/v2\/product_cat?post=29614"},{"taxonomy":"product_tag","embeddable":true,"href":"https:\/\/www.eveline.hu\/2016\/wp-json\/wp\/v2\/product_tag?post=29614"}],"curies":[{"name":"wp","href":"https:\/\/api.w.org\/{rel}","templated":true}]}}