{"id":29457,"date":"2023-04-05T09:10:10","date_gmt":"2023-04-05T07:10:10","guid":{"rendered":"https:\/\/www.eveline.hu\/2016\/?post_type=product&#038;p=29457"},"modified":"2023-06-22T08:35:24","modified_gmt":"2023-06-22T06:35:24","slug":"professzionalis-gel-koromlakklemoso-150ml","status":"publish","type":"product","link":"https:\/\/www.eveline.hu\/2016\/eveline-kozmetikumok-szepsegapolas\/smink\/korom\/szines-koromlakkok\/professzionalis-gel-koromlakklemoso-150ml\/","title":{"rendered":"Professzion\u00e1lis g\u00e9l k\u00f6r\u00f6mlakklemos\u00f3 150ml"},"content":{"rendered":"<p><span class=\"HwtZe\" lang=\"hu\"><span class=\"jCAhz ChMk0b\"><span class=\"ryNqvb\">A k\u00f6r\u00f6mlakklemos\u00f3 lehet\u0151v\u00e9 teszi a g\u00e9llakk biztons\u00e1gos elt\u00e1vol\u00edt\u00e1s\u00e1t.<\/span><\/span><\/span><\/p>\n<p><span class=\"HwtZe\" lang=\"hu\"><span class=\"jCAhz ChMk0b\"><span class=\"ryNqvb\">A kiv\u00e9telesen gazdag formula pedig \u00e1polja \u00e9s meger\u0151s\u00edti a k\u00f6rm\u00f6ket.<\/span><\/span> <span class=\"jCAhz ChMk0b\"><span class=\"ryNqvb\">Az A, E \u00e9s F vitaminok er\u0151sebb\u00e9, egyenletesebb\u00e9 teszik a k\u00f6r\u00f6mlemezt ez\u00e1ltal gyorsabban regener\u00e1l\u00f3dik.<\/span><\/span> <\/span><\/p>\n<p><span class=\"HwtZe\" lang=\"hu\">B<span class=\"jCAhz ChMk0b\"><span class=\"ryNqvb\">iotint tartalmaz, amely megv\u00e9di a k\u00f6r\u00f6mlemezt az \u00f6reged\u00e9st\u0151l, valamint glicerint, amely m\u00e9lyen behatol a k\u00f6r\u00f6mr\u00e9tegekbe \u00e9s hidrat\u00e1lja azt.<\/span><\/span> <span class=\"jCAhz ChMk0b\"><span class=\"ryNqvb\">Ennek k\u00f6sz\u00f6nhet\u0151en a k\u00f6r\u00f6m \u00e9s a k\u00f6r\u00f6m\u00e1gyb\u0151r nem sz\u00e1rad ki.<\/span><\/span> <\/span><\/p>\n<p><span class=\"HwtZe\" lang=\"hu\"><span class=\"jCAhz ChMk0b\"><span class=\"ryNqvb\">M\u00e1s k\u00f6r\u00f6mlakklemos\u00f3kkal ellent\u00e9tben az Eveline HYBRID NAIL POLISH REMOVER kellemes eper \u00e9s van\u00edlia illat\u00fa.<\/span><\/span>\u00a0<\/span><\/p>\n<p><span class=\"HwtZe\" lang=\"hu\"><span class=\"jCAhz ChMk0b\"><span class=\"ryNqvb\"> Alkalmaz\u00e1s: A g\u00e9llakk fels\u0151 r\u00e9teg\u00e9t finoman le kell reszelni.<\/span><\/span> <span class=\"jCAhz ChMk0b\"><span class=\"ryNqvb\">\u00c1ztassa \u00e1t a vattakorongokat\u00a0 a k\u00f6r\u00f6mlakklemos\u00f3val \u00e9s vigye fel a k\u00f6r\u00f6mlemezre, majd tekerje be aluf\u00f3li\u00e1val a hat\u00e1s fokoz\u00e1sa \u00e9rdek\u00e9ben.<\/span><\/span> <span class=\"jCAhz ChMk0b\"><span class=\"ryNqvb\">K\u00f6r\u00fclbel\u00fcl 5 perc m\u00falva t\u00e1vol\u00edtsa el a megpuhult lakkr\u00e9teget.<\/span><\/span><\/span><\/p>\n","protected":false},"excerpt":{"rendered":"<p>150ml (9993 Ft\/L)<\/p>\n","protected":false},"featured_media":29458,"comment_status":"open","ping_status":"closed","template":"","meta":[],"product_cat":[156,158,157,129],"product_tag":[],"yoast_head":"<!-- This site is optimized with the Yoast SEO plugin v22.2 - https:\/\/yoast.com\/wordpress\/plugins\/seo\/ -->\n<title>Professzion\u00e1lis g\u00e9l k\u00f6r\u00f6mlakklemos\u00f3 150ml - Eveline Cosmetics Magyarorsz\u00e1g<\/title>\n<meta name=\"robots\" content=\"index, follow, max-snippet:-1, max-image-preview:large, max-video-preview:-1\" \/>\n<link rel=\"canonical\" href=\"https:\/\/www.eveline.hu\/2016\/eveline-kozmetikumok-szepsegapolas\/smink\/korom\/szines-koromlakkok\/professzionalis-gel-koromlakklemoso-150ml\/\" \/>\n<meta property=\"og:locale\" content=\"hu_HU\" \/>\n<meta property=\"og:type\" content=\"article\" \/>\n<meta property=\"og:title\" content=\"Professzion\u00e1lis g\u00e9l k\u00f6r\u00f6mlakklemos\u00f3 150ml - Eveline Cosmetics Magyarorsz\u00e1g\" \/>\n<meta property=\"og:description\" content=\"150ml (9993 Ft\/L)\" \/>\n<meta property=\"og:url\" content=\"https:\/\/www.eveline.hu\/2016\/eveline-kozmetikumok-szepsegapolas\/smink\/korom\/szines-koromlakkok\/professzionalis-gel-koromlakklemoso-150ml\/\" \/>\n<meta property=\"og:site_name\" content=\"Eveline Cosmetics Magyarorsz\u00e1g\" \/>\n<meta property=\"article:modified_time\" content=\"2023-06-22T06:35:24+00:00\" \/>\n<meta property=\"og:image\" content=\"https:\/\/www.eveline.hu\/2016\/wp-content\/uploads\/2023\/04\/HYBRID-lemos\u00f3.png\" \/>\n\t<meta property=\"og:image:width\" content=\"750\" \/>\n\t<meta property=\"og:image:height\" content=\"750\" \/>\n\t<meta property=\"og:image:type\" content=\"image\/png\" \/>\n<meta name=\"twitter:card\" content=\"summary_large_image\" \/>\n<meta name=\"twitter:label1\" content=\"Becs\u00fclt olvas\u00e1si id\u0151\" \/>\n\t<meta name=\"twitter:data1\" content=\"1 perc\" \/>\n<script type=\"application\/ld+json\" class=\"yoast-schema-graph\">{\"@context\":\"https:\/\/schema.org\",\"@graph\":[{\"@type\":\"WebPage\",\"@id\":\"https:\/\/www.eveline.hu\/2016\/eveline-kozmetikumok-szepsegapolas\/smink\/korom\/szines-koromlakkok\/professzionalis-gel-koromlakklemoso-150ml\/\",\"url\":\"https:\/\/www.eveline.hu\/2016\/eveline-kozmetikumok-szepsegapolas\/smink\/korom\/szines-koromlakkok\/professzionalis-gel-koromlakklemoso-150ml\/\",\"name\":\"Professzion\u00e1lis g\u00e9l k\u00f6r\u00f6mlakklemos\u00f3 150ml - Eveline Cosmetics Magyarorsz\u00e1g\",\"isPartOf\":{\"@id\":\"https:\/\/www.eveline.hu\/2016\/#website\"},\"primaryImageOfPage\":{\"@id\":\"https:\/\/www.eveline.hu\/2016\/eveline-kozmetikumok-szepsegapolas\/smink\/korom\/szines-koromlakkok\/professzionalis-gel-koromlakklemoso-150ml\/#primaryimage\"},\"image\":{\"@id\":\"https:\/\/www.eveline.hu\/2016\/eveline-kozmetikumok-szepsegapolas\/smink\/korom\/szines-koromlakkok\/professzionalis-gel-koromlakklemoso-150ml\/#primaryimage\"},\"thumbnailUrl\":\"https:\/\/www.eveline.hu\/2016\/wp-content\/uploads\/2023\/04\/HYBRID-lemos\u00f3.png\",\"datePublished\":\"2023-04-05T07:10:10+00:00\",\"dateModified\":\"2023-06-22T06:35:24+00:00\",\"breadcrumb\":{\"@id\":\"https:\/\/www.eveline.hu\/2016\/eveline-kozmetikumok-szepsegapolas\/smink\/korom\/szines-koromlakkok\/professzionalis-gel-koromlakklemoso-150ml\/#breadcrumb\"},\"inLanguage\":\"hu\",\"potentialAction\":[{\"@type\":\"ReadAction\",\"target\":[\"https:\/\/www.eveline.hu\/2016\/eveline-kozmetikumok-szepsegapolas\/smink\/korom\/szines-koromlakkok\/professzionalis-gel-koromlakklemoso-150ml\/\"]}]},{\"@type\":\"ImageObject\",\"inLanguage\":\"hu\",\"@id\":\"https:\/\/www.eveline.hu\/2016\/eveline-kozmetikumok-szepsegapolas\/smink\/korom\/szines-koromlakkok\/professzionalis-gel-koromlakklemoso-150ml\/#primaryimage\",\"url\":\"https:\/\/www.eveline.hu\/2016\/wp-content\/uploads\/2023\/04\/HYBRID-lemos\u00f3.png\",\"contentUrl\":\"https:\/\/www.eveline.hu\/2016\/wp-content\/uploads\/2023\/04\/HYBRID-lemos\u00f3.png\",\"width\":750,\"height\":750},{\"@type\":\"BreadcrumbList\",\"@id\":\"https:\/\/www.eveline.hu\/2016\/eveline-kozmetikumok-szepsegapolas\/smink\/korom\/szines-koromlakkok\/professzionalis-gel-koromlakklemoso-150ml\/#breadcrumb\",\"itemListElement\":[{\"@type\":\"ListItem\",\"position\":1,\"name\":\"Home\",\"item\":\"https:\/\/www.eveline.hu\/2016\/\"},{\"@type\":\"ListItem\",\"position\":2,\"name\":\"Term\u00e9kek\",\"item\":\"https:\/\/www.eveline.hu\/2016\/shop\/\"},{\"@type\":\"ListItem\",\"position\":3,\"name\":\"Professzion\u00e1lis g\u00e9l k\u00f6r\u00f6mlakklemos\u00f3 150ml\"}]},{\"@type\":\"WebSite\",\"@id\":\"https:\/\/www.eveline.hu\/2016\/#website\",\"url\":\"https:\/\/www.eveline.hu\/2016\/\",\"name\":\"Eveline Cosmetics Magyarorsz\u00e1g\",\"description\":\"Min\u0151s\u00e9gi kozmetikumok Lengyelorsz\u00e1gb\u00f3l\",\"potentialAction\":[{\"@type\":\"SearchAction\",\"target\":{\"@type\":\"EntryPoint\",\"urlTemplate\":\"https:\/\/www.eveline.hu\/2016\/?s={search_term_string}\"},\"query-input\":\"required name=search_term_string\"}],\"inLanguage\":\"hu\"}]}<\/script>\n<!-- \/ Yoast SEO plugin. -->","yoast_head_json":{"title":"Professzion\u00e1lis g\u00e9l k\u00f6r\u00f6mlakklemos\u00f3 150ml - Eveline Cosmetics Magyarorsz\u00e1g","robots":{"index":"index","follow":"follow","max-snippet":"max-snippet:-1","max-image-preview":"max-image-preview:large","max-video-preview":"max-video-preview:-1"},"canonical":"https:\/\/www.eveline.hu\/2016\/eveline-kozmetikumok-szepsegapolas\/smink\/korom\/szines-koromlakkok\/professzionalis-gel-koromlakklemoso-150ml\/","og_locale":"hu_HU","og_type":"article","og_title":"Professzion\u00e1lis g\u00e9l k\u00f6r\u00f6mlakklemos\u00f3 150ml - Eveline Cosmetics Magyarorsz\u00e1g","og_description":"150ml (9993 Ft\/L)","og_url":"https:\/\/www.eveline.hu\/2016\/eveline-kozmetikumok-szepsegapolas\/smink\/korom\/szines-koromlakkok\/professzionalis-gel-koromlakklemoso-150ml\/","og_site_name":"Eveline Cosmetics Magyarorsz\u00e1g","article_modified_time":"2023-06-22T06:35:24+00:00","og_image":[{"width":750,"height":750,"url":"https:\/\/www.eveline.hu\/2016\/wp-content\/uploads\/2023\/04\/HYBRID-lemos\u00f3.png","type":"image\/png"}],"twitter_card":"summary_large_image","twitter_misc":{"Becs\u00fclt olvas\u00e1si id\u0151":"1 perc"},"schema":{"@context":"https:\/\/schema.org","@graph":[{"@type":"WebPage","@id":"https:\/\/www.eveline.hu\/2016\/eveline-kozmetikumok-szepsegapolas\/smink\/korom\/szines-koromlakkok\/professzionalis-gel-koromlakklemoso-150ml\/","url":"https:\/\/www.eveline.hu\/2016\/eveline-kozmetikumok-szepsegapolas\/smink\/korom\/szines-koromlakkok\/professzionalis-gel-koromlakklemoso-150ml\/","name":"Professzion\u00e1lis g\u00e9l k\u00f6r\u00f6mlakklemos\u00f3 150ml - Eveline Cosmetics Magyarorsz\u00e1g","isPartOf":{"@id":"https:\/\/www.eveline.hu\/2016\/#website"},"primaryImageOfPage":{"@id":"https:\/\/www.eveline.hu\/2016\/eveline-kozmetikumok-szepsegapolas\/smink\/korom\/szines-koromlakkok\/professzionalis-gel-koromlakklemoso-150ml\/#primaryimage"},"image":{"@id":"https:\/\/www.eveline.hu\/2016\/eveline-kozmetikumok-szepsegapolas\/smink\/korom\/szines-koromlakkok\/professzionalis-gel-koromlakklemoso-150ml\/#primaryimage"},"thumbnailUrl":"https:\/\/www.eveline.hu\/2016\/wp-content\/uploads\/2023\/04\/HYBRID-lemos\u00f3.png","datePublished":"2023-04-05T07:10:10+00:00","dateModified":"2023-06-22T06:35:24+00:00","breadcrumb":{"@id":"https:\/\/www.eveline.hu\/2016\/eveline-kozmetikumok-szepsegapolas\/smink\/korom\/szines-koromlakkok\/professzionalis-gel-koromlakklemoso-150ml\/#breadcrumb"},"inLanguage":"hu","potentialAction":[{"@type":"ReadAction","target":["https:\/\/www.eveline.hu\/2016\/eveline-kozmetikumok-szepsegapolas\/smink\/korom\/szines-koromlakkok\/professzionalis-gel-koromlakklemoso-150ml\/"]}]},{"@type":"ImageObject","inLanguage":"hu","@id":"https:\/\/www.eveline.hu\/2016\/eveline-kozmetikumok-szepsegapolas\/smink\/korom\/szines-koromlakkok\/professzionalis-gel-koromlakklemoso-150ml\/#primaryimage","url":"https:\/\/www.eveline.hu\/2016\/wp-content\/uploads\/2023\/04\/HYBRID-lemos\u00f3.png","contentUrl":"https:\/\/www.eveline.hu\/2016\/wp-content\/uploads\/2023\/04\/HYBRID-lemos\u00f3.png","width":750,"height":750},{"@type":"BreadcrumbList","@id":"https:\/\/www.eveline.hu\/2016\/eveline-kozmetikumok-szepsegapolas\/smink\/korom\/szines-koromlakkok\/professzionalis-gel-koromlakklemoso-150ml\/#breadcrumb","itemListElement":[{"@type":"ListItem","position":1,"name":"Home","item":"https:\/\/www.eveline.hu\/2016\/"},{"@type":"ListItem","position":2,"name":"Term\u00e9kek","item":"https:\/\/www.eveline.hu\/2016\/shop\/"},{"@type":"ListItem","position":3,"name":"Professzion\u00e1lis g\u00e9l k\u00f6r\u00f6mlakklemos\u00f3 150ml"}]},{"@type":"WebSite","@id":"https:\/\/www.eveline.hu\/2016\/#website","url":"https:\/\/www.eveline.hu\/2016\/","name":"Eveline Cosmetics Magyarorsz\u00e1g","description":"Min\u0151s\u00e9gi kozmetikumok Lengyelorsz\u00e1gb\u00f3l","potentialAction":[{"@type":"SearchAction","target":{"@type":"EntryPoint","urlTemplate":"https:\/\/www.eveline.hu\/2016\/?s={search_term_string}"},"query-input":"required name=search_term_string"}],"inLanguage":"hu"}]}},"_links":{"self":[{"href":"https:\/\/www.eveline.hu\/2016\/wp-json\/wp\/v2\/product\/29457"}],"collection":[{"href":"https:\/\/www.eveline.hu\/2016\/wp-json\/wp\/v2\/product"}],"about":[{"href":"https:\/\/www.eveline.hu\/2016\/wp-json\/wp\/v2\/types\/product"}],"replies":[{"embeddable":true,"href":"https:\/\/www.eveline.hu\/2016\/wp-json\/wp\/v2\/comments?post=29457"}],"wp:featuredmedia":[{"embeddable":true,"href":"https:\/\/www.eveline.hu\/2016\/wp-json\/wp\/v2\/media\/29458"}],"wp:attachment":[{"href":"https:\/\/www.eveline.hu\/2016\/wp-json\/wp\/v2\/media?parent=29457"}],"wp:term":[{"taxonomy":"product_cat","embeddable":true,"href":"https:\/\/www.eveline.hu\/2016\/wp-json\/wp\/v2\/product_cat?post=29457"},{"taxonomy":"product_tag","embeddable":true,"href":"https:\/\/www.eveline.hu\/2016\/wp-json\/wp\/v2\/product_tag?post=29457"}],"curies":[{"name":"wp","href":"https:\/\/api.w.org\/{rel}","templated":true}]}}