{"id":29438,"date":"2023-03-28T13:52:28","date_gmt":"2023-03-28T11:52:28","guid":{"rendered":"https:\/\/www.eveline.hu\/2016\/?post_type=product&#038;p=29438"},"modified":"2024-04-18T14:31:44","modified_gmt":"2024-04-18T12:31:44","slug":"kimelo-komplex-szortelenito-krem-125ml-ajandek-szortelenito-krem-tengeri-asvanyok-125ml","status":"publish","type":"product","link":"https:\/\/www.eveline.hu\/2016\/eveline-kozmetikumok-szepsegapolas\/termekcsaladok\/szortelenitok\/kimelo-komplex-szortelenito-krem-125ml-ajandek-szortelenito-krem-tengeri-asvanyok-125ml\/","title":{"rendered":"K\u00edm\u00e9l\u0151 komplex sz\u0151rtelen\u00edt\u0151 kr\u00e9m 125ml"},"content":{"rendered":"<p>Ultragyeng\u00e9d formula a leg\u00e9rz\u00e9kenyebb b\u0151rnek<\/p>\n<p>ARC, TEST, BIKINI<\/p>\n<p><strong>Haszn\u00e1lati utas\u00edt\u00e1s<\/strong>: \u009f A kr\u00e9met egyenletesen kenje sz\u00e9t a sz\u0151rtelen\u00edteni k\u00edv\u00e1nt ter\u00fcleteken a spatula haszn\u00e1lat\u00e1val. Ne d\u00f6rzs\u00f6lje bele a b\u0151rbe. \u009f Hagyja a b\u0151r\u00f6n 3-5 percig, majd a spatula seg\u00edts\u00e9g\u00e9vel \u00f3vatosan t\u00e1vol\u00edtsa el a kr\u00e9met egy kis ter\u00fcletr\u0151l. Ha a sz\u0151rzet k\u00f6nnyen elt\u00e1vol\u00edthat\u00f3, a marad\u00e9k kr\u00e9met is t\u00e1vol\u00edtsa el a spatul\u00e1val, a sz\u0151r ir\u00e1ny\u00e1ba. Ha a sz\u0151rzetet nem k\u00f6nny\u0171 elt\u00e1vol\u00edtani, hagyja a kr\u00e9met a b\u0151r\u00f6n, de ne teljen el t\u00f6bb 10 percn\u00e9l a sz\u0151rtelen\u00edt\u00e9s megkezd\u00e9s\u00e9t\u0151l. \u009f A megmaradt kr\u00e9met nedves szivaccsal t\u00e1vol\u00edtsa el, majd \u00f6bl\u00edtse le a b\u0151rt meleg v\u00edzzel (szappan n\u00e9lk\u00fcl), t\u00f6r\u00f6lje sz\u00e1razra.<\/p>\n<p><strong>Figyelmeztet\u00e9sek: <\/strong><\/p>\n<p>Els\u0151 haszn\u00e1lata el\u0151tt v\u00e9gezzen allergia tesztet: haszn\u00e1lja a b\u0151rfel\u00fclet kis r\u00e9sz\u00e9n, v\u00e1rjon n\u00e9h\u00e1ny percet \u00e9s \u00f6bl\u00edtse le. Amennyiben 24 \u00f3r\u00e1n bel\u00fcl a kezelt b\u0151rfel\u00fcleten nem jelentkezik allergi\u00e1s reakci\u00f3, haszn\u00e1lhatja a kr\u00e9met. A haszn\u00e1lata ut\u00e1ni 24 \u00f3r\u00e1ban a kezelt b\u0151rfel\u00fcleten ne haszn\u00e1ljon dezodort vagy izzad\u00e1sg\u00e1tl\u00f3t. Ker\u00fclje a napoz\u00e1st. Szembe ker\u00fcl\u00e9se eset\u00e9n azonnal b\u0151 v\u00edzzel \u00f6bl\u00edtse ki \u00e9s forduljon orvoshoz!<\/p>\n<p>Tioglikol\u00e1tokat \u00e9s alkaliz\u00e1l\u00f3szert tartalmaz. Tartsa be a haszn\u00e1lati \u00fatmutat\u00f3 el\u0151\u00edr\u00e1sait!<\/p>\n<p>Szembe ne ker\u00fclj\u00f6n! ER\u0150S HAT\u00c1S\u00da K\u00c9SZ\u00cdTM\u00c9NY. NE DOBJA EL A CSOMAGOL\u00c1ST (KARTONDOBOZ) MIVEL\u00a0 PONTOS T\u00c1J\u00c9KOZTAT\u00c1ST NY\u00daJT A HASZN\u00c1LATR\u00d3L \u00c9S \u00d3VINT\u00c9ZKED\u00c9SEKR\u0150L! GYERMEKEKT\u0150L ELZ\u00c1RVA TARTAND\u00d3! T\u00c1ROLJA SZOBAH\u0150M\u00c9RS\u00c9KLETEN! NE HASZN\u00c1LJA IRRIT\u00c1LT B\u0150R\u00d6N \u00c9S B\u0150RELV\u00c1LTOZ\u00c1SOKON!<\/p>\n","protected":false},"excerpt":{"rendered":"<p>125ml (10392 Ft\/L)<\/p>\n","protected":false},"featured_media":30667,"comment_status":"open","ping_status":"closed","template":"","meta":[],"product_cat":[80,101],"product_tag":[],"yoast_head":"<!-- This site is optimized with the Yoast SEO plugin v22.2 - https:\/\/yoast.com\/wordpress\/plugins\/seo\/ -->\n<title>K\u00edm\u00e9l\u0151 komplex sz\u0151rtelen\u00edt\u0151 kr\u00e9m 125ml - Eveline Cosmetics Magyarorsz\u00e1g<\/title>\n<meta name=\"robots\" content=\"index, follow, max-snippet:-1, max-image-preview:large, max-video-preview:-1\" \/>\n<link rel=\"canonical\" href=\"https:\/\/www.eveline.hu\/2016\/eveline-kozmetikumok-szepsegapolas\/termekcsaladok\/szortelenitok\/kimelo-komplex-szortelenito-krem-125ml-ajandek-szortelenito-krem-tengeri-asvanyok-125ml\/\" \/>\n<meta property=\"og:locale\" content=\"hu_HU\" \/>\n<meta property=\"og:type\" content=\"article\" \/>\n<meta property=\"og:title\" content=\"K\u00edm\u00e9l\u0151 komplex sz\u0151rtelen\u00edt\u0151 kr\u00e9m 125ml - Eveline Cosmetics Magyarorsz\u00e1g\" \/>\n<meta property=\"og:description\" content=\"125ml (10392 Ft\/L)\" \/>\n<meta property=\"og:url\" content=\"https:\/\/www.eveline.hu\/2016\/eveline-kozmetikumok-szepsegapolas\/termekcsaladok\/szortelenitok\/kimelo-komplex-szortelenito-krem-125ml-ajandek-szortelenito-krem-tengeri-asvanyok-125ml\/\" \/>\n<meta property=\"og:site_name\" content=\"Eveline Cosmetics Magyarorsz\u00e1g\" \/>\n<meta property=\"article:modified_time\" content=\"2024-04-18T12:31:44+00:00\" \/>\n<meta property=\"og:image\" content=\"https:\/\/www.eveline.hu\/2016\/wp-content\/uploads\/2023\/03\/Szortelenito-Sensitive-UJ-w.png\" \/>\n\t<meta property=\"og:image:width\" content=\"750\" \/>\n\t<meta property=\"og:image:height\" content=\"750\" \/>\n\t<meta property=\"og:image:type\" content=\"image\/png\" \/>\n<meta name=\"twitter:card\" content=\"summary_large_image\" \/>\n<meta name=\"twitter:label1\" content=\"Becs\u00fclt olvas\u00e1si id\u0151\" \/>\n\t<meta name=\"twitter:data1\" content=\"2 perc\" \/>\n<script type=\"application\/ld+json\" class=\"yoast-schema-graph\">{\"@context\":\"https:\/\/schema.org\",\"@graph\":[{\"@type\":\"WebPage\",\"@id\":\"https:\/\/www.eveline.hu\/2016\/eveline-kozmetikumok-szepsegapolas\/termekcsaladok\/szortelenitok\/kimelo-komplex-szortelenito-krem-125ml-ajandek-szortelenito-krem-tengeri-asvanyok-125ml\/\",\"url\":\"https:\/\/www.eveline.hu\/2016\/eveline-kozmetikumok-szepsegapolas\/termekcsaladok\/szortelenitok\/kimelo-komplex-szortelenito-krem-125ml-ajandek-szortelenito-krem-tengeri-asvanyok-125ml\/\",\"name\":\"K\u00edm\u00e9l\u0151 komplex sz\u0151rtelen\u00edt\u0151 kr\u00e9m 125ml - Eveline Cosmetics Magyarorsz\u00e1g\",\"isPartOf\":{\"@id\":\"https:\/\/www.eveline.hu\/2016\/#website\"},\"primaryImageOfPage\":{\"@id\":\"https:\/\/www.eveline.hu\/2016\/eveline-kozmetikumok-szepsegapolas\/termekcsaladok\/szortelenitok\/kimelo-komplex-szortelenito-krem-125ml-ajandek-szortelenito-krem-tengeri-asvanyok-125ml\/#primaryimage\"},\"image\":{\"@id\":\"https:\/\/www.eveline.hu\/2016\/eveline-kozmetikumok-szepsegapolas\/termekcsaladok\/szortelenitok\/kimelo-komplex-szortelenito-krem-125ml-ajandek-szortelenito-krem-tengeri-asvanyok-125ml\/#primaryimage\"},\"thumbnailUrl\":\"https:\/\/www.eveline.hu\/2016\/wp-content\/uploads\/2023\/03\/Szortelenito-Sensitive-UJ-w.png\",\"datePublished\":\"2023-03-28T11:52:28+00:00\",\"dateModified\":\"2024-04-18T12:31:44+00:00\",\"breadcrumb\":{\"@id\":\"https:\/\/www.eveline.hu\/2016\/eveline-kozmetikumok-szepsegapolas\/termekcsaladok\/szortelenitok\/kimelo-komplex-szortelenito-krem-125ml-ajandek-szortelenito-krem-tengeri-asvanyok-125ml\/#breadcrumb\"},\"inLanguage\":\"hu\",\"potentialAction\":[{\"@type\":\"ReadAction\",\"target\":[\"https:\/\/www.eveline.hu\/2016\/eveline-kozmetikumok-szepsegapolas\/termekcsaladok\/szortelenitok\/kimelo-komplex-szortelenito-krem-125ml-ajandek-szortelenito-krem-tengeri-asvanyok-125ml\/\"]}]},{\"@type\":\"ImageObject\",\"inLanguage\":\"hu\",\"@id\":\"https:\/\/www.eveline.hu\/2016\/eveline-kozmetikumok-szepsegapolas\/termekcsaladok\/szortelenitok\/kimelo-komplex-szortelenito-krem-125ml-ajandek-szortelenito-krem-tengeri-asvanyok-125ml\/#primaryimage\",\"url\":\"https:\/\/www.eveline.hu\/2016\/wp-content\/uploads\/2023\/03\/Szortelenito-Sensitive-UJ-w.png\",\"contentUrl\":\"https:\/\/www.eveline.hu\/2016\/wp-content\/uploads\/2023\/03\/Szortelenito-Sensitive-UJ-w.png\",\"width\":750,\"height\":750},{\"@type\":\"BreadcrumbList\",\"@id\":\"https:\/\/www.eveline.hu\/2016\/eveline-kozmetikumok-szepsegapolas\/termekcsaladok\/szortelenitok\/kimelo-komplex-szortelenito-krem-125ml-ajandek-szortelenito-krem-tengeri-asvanyok-125ml\/#breadcrumb\",\"itemListElement\":[{\"@type\":\"ListItem\",\"position\":1,\"name\":\"Home\",\"item\":\"https:\/\/www.eveline.hu\/2016\/\"},{\"@type\":\"ListItem\",\"position\":2,\"name\":\"Term\u00e9kek\",\"item\":\"https:\/\/www.eveline.hu\/2016\/shop\/\"},{\"@type\":\"ListItem\",\"position\":3,\"name\":\"K\u00edm\u00e9l\u0151 komplex sz\u0151rtelen\u00edt\u0151 kr\u00e9m 125ml\"}]},{\"@type\":\"WebSite\",\"@id\":\"https:\/\/www.eveline.hu\/2016\/#website\",\"url\":\"https:\/\/www.eveline.hu\/2016\/\",\"name\":\"Eveline Cosmetics Magyarorsz\u00e1g\",\"description\":\"Min\u0151s\u00e9gi kozmetikumok Lengyelorsz\u00e1gb\u00f3l\",\"potentialAction\":[{\"@type\":\"SearchAction\",\"target\":{\"@type\":\"EntryPoint\",\"urlTemplate\":\"https:\/\/www.eveline.hu\/2016\/?s={search_term_string}\"},\"query-input\":\"required name=search_term_string\"}],\"inLanguage\":\"hu\"}]}<\/script>\n<!-- \/ Yoast SEO plugin. -->","yoast_head_json":{"title":"K\u00edm\u00e9l\u0151 komplex sz\u0151rtelen\u00edt\u0151 kr\u00e9m 125ml - Eveline Cosmetics Magyarorsz\u00e1g","robots":{"index":"index","follow":"follow","max-snippet":"max-snippet:-1","max-image-preview":"max-image-preview:large","max-video-preview":"max-video-preview:-1"},"canonical":"https:\/\/www.eveline.hu\/2016\/eveline-kozmetikumok-szepsegapolas\/termekcsaladok\/szortelenitok\/kimelo-komplex-szortelenito-krem-125ml-ajandek-szortelenito-krem-tengeri-asvanyok-125ml\/","og_locale":"hu_HU","og_type":"article","og_title":"K\u00edm\u00e9l\u0151 komplex sz\u0151rtelen\u00edt\u0151 kr\u00e9m 125ml - Eveline Cosmetics Magyarorsz\u00e1g","og_description":"125ml (10392 Ft\/L)","og_url":"https:\/\/www.eveline.hu\/2016\/eveline-kozmetikumok-szepsegapolas\/termekcsaladok\/szortelenitok\/kimelo-komplex-szortelenito-krem-125ml-ajandek-szortelenito-krem-tengeri-asvanyok-125ml\/","og_site_name":"Eveline Cosmetics Magyarorsz\u00e1g","article_modified_time":"2024-04-18T12:31:44+00:00","og_image":[{"width":750,"height":750,"url":"https:\/\/www.eveline.hu\/2016\/wp-content\/uploads\/2023\/03\/Szortelenito-Sensitive-UJ-w.png","type":"image\/png"}],"twitter_card":"summary_large_image","twitter_misc":{"Becs\u00fclt olvas\u00e1si id\u0151":"2 perc"},"schema":{"@context":"https:\/\/schema.org","@graph":[{"@type":"WebPage","@id":"https:\/\/www.eveline.hu\/2016\/eveline-kozmetikumok-szepsegapolas\/termekcsaladok\/szortelenitok\/kimelo-komplex-szortelenito-krem-125ml-ajandek-szortelenito-krem-tengeri-asvanyok-125ml\/","url":"https:\/\/www.eveline.hu\/2016\/eveline-kozmetikumok-szepsegapolas\/termekcsaladok\/szortelenitok\/kimelo-komplex-szortelenito-krem-125ml-ajandek-szortelenito-krem-tengeri-asvanyok-125ml\/","name":"K\u00edm\u00e9l\u0151 komplex sz\u0151rtelen\u00edt\u0151 kr\u00e9m 125ml - Eveline Cosmetics Magyarorsz\u00e1g","isPartOf":{"@id":"https:\/\/www.eveline.hu\/2016\/#website"},"primaryImageOfPage":{"@id":"https:\/\/www.eveline.hu\/2016\/eveline-kozmetikumok-szepsegapolas\/termekcsaladok\/szortelenitok\/kimelo-komplex-szortelenito-krem-125ml-ajandek-szortelenito-krem-tengeri-asvanyok-125ml\/#primaryimage"},"image":{"@id":"https:\/\/www.eveline.hu\/2016\/eveline-kozmetikumok-szepsegapolas\/termekcsaladok\/szortelenitok\/kimelo-komplex-szortelenito-krem-125ml-ajandek-szortelenito-krem-tengeri-asvanyok-125ml\/#primaryimage"},"thumbnailUrl":"https:\/\/www.eveline.hu\/2016\/wp-content\/uploads\/2023\/03\/Szortelenito-Sensitive-UJ-w.png","datePublished":"2023-03-28T11:52:28+00:00","dateModified":"2024-04-18T12:31:44+00:00","breadcrumb":{"@id":"https:\/\/www.eveline.hu\/2016\/eveline-kozmetikumok-szepsegapolas\/termekcsaladok\/szortelenitok\/kimelo-komplex-szortelenito-krem-125ml-ajandek-szortelenito-krem-tengeri-asvanyok-125ml\/#breadcrumb"},"inLanguage":"hu","potentialAction":[{"@type":"ReadAction","target":["https:\/\/www.eveline.hu\/2016\/eveline-kozmetikumok-szepsegapolas\/termekcsaladok\/szortelenitok\/kimelo-komplex-szortelenito-krem-125ml-ajandek-szortelenito-krem-tengeri-asvanyok-125ml\/"]}]},{"@type":"ImageObject","inLanguage":"hu","@id":"https:\/\/www.eveline.hu\/2016\/eveline-kozmetikumok-szepsegapolas\/termekcsaladok\/szortelenitok\/kimelo-komplex-szortelenito-krem-125ml-ajandek-szortelenito-krem-tengeri-asvanyok-125ml\/#primaryimage","url":"https:\/\/www.eveline.hu\/2016\/wp-content\/uploads\/2023\/03\/Szortelenito-Sensitive-UJ-w.png","contentUrl":"https:\/\/www.eveline.hu\/2016\/wp-content\/uploads\/2023\/03\/Szortelenito-Sensitive-UJ-w.png","width":750,"height":750},{"@type":"BreadcrumbList","@id":"https:\/\/www.eveline.hu\/2016\/eveline-kozmetikumok-szepsegapolas\/termekcsaladok\/szortelenitok\/kimelo-komplex-szortelenito-krem-125ml-ajandek-szortelenito-krem-tengeri-asvanyok-125ml\/#breadcrumb","itemListElement":[{"@type":"ListItem","position":1,"name":"Home","item":"https:\/\/www.eveline.hu\/2016\/"},{"@type":"ListItem","position":2,"name":"Term\u00e9kek","item":"https:\/\/www.eveline.hu\/2016\/shop\/"},{"@type":"ListItem","position":3,"name":"K\u00edm\u00e9l\u0151 komplex sz\u0151rtelen\u00edt\u0151 kr\u00e9m 125ml"}]},{"@type":"WebSite","@id":"https:\/\/www.eveline.hu\/2016\/#website","url":"https:\/\/www.eveline.hu\/2016\/","name":"Eveline Cosmetics Magyarorsz\u00e1g","description":"Min\u0151s\u00e9gi kozmetikumok Lengyelorsz\u00e1gb\u00f3l","potentialAction":[{"@type":"SearchAction","target":{"@type":"EntryPoint","urlTemplate":"https:\/\/www.eveline.hu\/2016\/?s={search_term_string}"},"query-input":"required name=search_term_string"}],"inLanguage":"hu"}]}},"_links":{"self":[{"href":"https:\/\/www.eveline.hu\/2016\/wp-json\/wp\/v2\/product\/29438"}],"collection":[{"href":"https:\/\/www.eveline.hu\/2016\/wp-json\/wp\/v2\/product"}],"about":[{"href":"https:\/\/www.eveline.hu\/2016\/wp-json\/wp\/v2\/types\/product"}],"replies":[{"embeddable":true,"href":"https:\/\/www.eveline.hu\/2016\/wp-json\/wp\/v2\/comments?post=29438"}],"wp:featuredmedia":[{"embeddable":true,"href":"https:\/\/www.eveline.hu\/2016\/wp-json\/wp\/v2\/media\/30667"}],"wp:attachment":[{"href":"https:\/\/www.eveline.hu\/2016\/wp-json\/wp\/v2\/media?parent=29438"}],"wp:term":[{"taxonomy":"product_cat","embeddable":true,"href":"https:\/\/www.eveline.hu\/2016\/wp-json\/wp\/v2\/product_cat?post=29438"},{"taxonomy":"product_tag","embeddable":true,"href":"https:\/\/www.eveline.hu\/2016\/wp-json\/wp\/v2\/product_tag?post=29438"}],"curies":[{"name":"wp","href":"https:\/\/api.w.org\/{rel}","templated":true}]}}