{"id":29337,"date":"2023-03-02T14:08:23","date_gmt":"2023-03-02T13:08:23","guid":{"rendered":"https:\/\/www.eveline.hu\/2016\/?post_type=product&#038;p=29337"},"modified":"2023-11-16T12:59:06","modified_gmt":"2023-11-16T11:59:06","slug":"ceramides-n-i-a-c-i-n-a-m-i-d-e-aktiv-feszesito-lifting-krem-50-50ml","status":"publish","type":"product","link":"https:\/\/www.eveline.hu\/2016\/eveline-kozmetikumok-szepsegapolas\/szepsegapolas\/arcapolas\/ceramides-n-i-a-c-i-n-a-m-i-d-e-aktiv-feszesito-lifting-krem-50-50ml\/","title":{"rendered":"CERAMIDES &#038; N I A C I N A M I D E  Akt\u00edv feszes\u00edt\u0151 Lifting kr\u00e9m 50+  50ml"},"content":{"rendered":"<p>nappali \u00e9s \u00e9jszakai<\/p>\n<p>A h\u00e1rom biokompatibilis ceramidon alapul\u00f3 forradalmi \u00f6sszetev\u0151, amely mind\u00f6ssze 7 nap alatt korrig\u00e1lja az 50 \u00e9ves kor ut\u00e1n a b\u0151r\u00f6n jelentkez\u0151 \u00f6reged\u00e9si t\u00fcneteket: s\u00falyos kisz\u00e1rad\u00e1st, r\u00e1ncokat, elsz\u00ednez\u0151d\u00e9st, feszess\u00e9g- \u00e9s rugalmass\u00e1gveszt\u00e9st. A gondosan kiv\u00e1lasztott \u00f6sszetev\u0151k kompoz\u00edci\u00f3ja &#8211; resveratrol, niacinamid, manuka m\u00e9z \u00e9s Q10 koenzim tartalommal gazdag\u00edtva azonnal t\u00e1panyagokat juttat a felh\u00e1m m\u00e9lyebb r\u00e9tegeibe, l\u00e1that\u00f3an revitaliz\u00e1lja \u00e9s kisim\u00edtja a v\u00edzhi\u00e1nyos, petyh\u00fcdt, fak\u00f3 b\u0151rt, visszaadva sz\u00e9p megjelen\u00e9s\u00e9t \u00e9s j\u00f3 \u00e1llapot\u00e1t.<\/p>\n<p><strong>Alkalmaz\u00e1s<\/strong>: minden reggel \u00e9s este gyeng\u00e9den d\u00f6rzs\u00f6lje be a kr\u00e9met a megtiszt\u00edtott arc, nyak \u00e9s dekolt\u00e1zs b\u0151r\u00e9be.<\/p>\n","protected":false},"excerpt":{"rendered":"<p>50ml ( 41980\u00a0 Ft\/l)<\/p>\n","protected":false},"featured_media":29338,"comment_status":"open","ping_status":"closed","template":"","meta":[],"product_cat":[290,125,126,80],"product_tag":[],"yoast_head":"<!-- This site is optimized with the Yoast SEO plugin v22.2 - https:\/\/yoast.com\/wordpress\/plugins\/seo\/ -->\n<title>CERAMIDES &amp; N I A C I N A M I D E Akt\u00edv feszes\u00edt\u0151 Lifting kr\u00e9m 50+ 50ml - Eveline Cosmetics Magyarorsz\u00e1g<\/title>\n<meta name=\"robots\" content=\"index, follow, max-snippet:-1, max-image-preview:large, max-video-preview:-1\" \/>\n<link rel=\"canonical\" href=\"https:\/\/www.eveline.hu\/2016\/eveline-kozmetikumok-szepsegapolas\/szepsegapolas\/arcapolas\/ceramides-n-i-a-c-i-n-a-m-i-d-e-aktiv-feszesito-lifting-krem-50-50ml\/\" \/>\n<meta property=\"og:locale\" content=\"hu_HU\" \/>\n<meta property=\"og:type\" content=\"article\" \/>\n<meta property=\"og:title\" content=\"CERAMIDES &amp; N I A C I N A M I D E Akt\u00edv feszes\u00edt\u0151 Lifting kr\u00e9m 50+ 50ml - Eveline Cosmetics Magyarorsz\u00e1g\" \/>\n<meta property=\"og:description\" content=\"50ml ( 41980\u00a0 Ft\/l)\" \/>\n<meta property=\"og:url\" content=\"https:\/\/www.eveline.hu\/2016\/eveline-kozmetikumok-szepsegapolas\/szepsegapolas\/arcapolas\/ceramides-n-i-a-c-i-n-a-m-i-d-e-aktiv-feszesito-lifting-krem-50-50ml\/\" \/>\n<meta property=\"og:site_name\" content=\"Eveline Cosmetics Magyarorsz\u00e1g\" \/>\n<meta property=\"article:modified_time\" content=\"2023-11-16T11:59:06+00:00\" \/>\n<meta property=\"og:image\" content=\"https:\/\/www.eveline.hu\/2016\/wp-content\/uploads\/2023\/03\/5903416049975-ACTIVELY-FIRMING-CREAM-LIFTING-5050-ml-w.png\" \/>\n\t<meta property=\"og:image:width\" content=\"750\" \/>\n\t<meta property=\"og:image:height\" content=\"750\" \/>\n\t<meta property=\"og:image:type\" content=\"image\/png\" \/>\n<meta name=\"twitter:card\" content=\"summary_large_image\" \/>\n<meta name=\"twitter:label1\" content=\"Becs\u00fclt olvas\u00e1si id\u0151\" \/>\n\t<meta name=\"twitter:data1\" content=\"1 perc\" \/>\n<script type=\"application\/ld+json\" class=\"yoast-schema-graph\">{\"@context\":\"https:\/\/schema.org\",\"@graph\":[{\"@type\":\"WebPage\",\"@id\":\"https:\/\/www.eveline.hu\/2016\/eveline-kozmetikumok-szepsegapolas\/szepsegapolas\/arcapolas\/ceramides-n-i-a-c-i-n-a-m-i-d-e-aktiv-feszesito-lifting-krem-50-50ml\/\",\"url\":\"https:\/\/www.eveline.hu\/2016\/eveline-kozmetikumok-szepsegapolas\/szepsegapolas\/arcapolas\/ceramides-n-i-a-c-i-n-a-m-i-d-e-aktiv-feszesito-lifting-krem-50-50ml\/\",\"name\":\"CERAMIDES & N I A C I N A M I D E Akt\u00edv feszes\u00edt\u0151 Lifting kr\u00e9m 50+ 50ml - Eveline Cosmetics Magyarorsz\u00e1g\",\"isPartOf\":{\"@id\":\"https:\/\/www.eveline.hu\/2016\/#website\"},\"primaryImageOfPage\":{\"@id\":\"https:\/\/www.eveline.hu\/2016\/eveline-kozmetikumok-szepsegapolas\/szepsegapolas\/arcapolas\/ceramides-n-i-a-c-i-n-a-m-i-d-e-aktiv-feszesito-lifting-krem-50-50ml\/#primaryimage\"},\"image\":{\"@id\":\"https:\/\/www.eveline.hu\/2016\/eveline-kozmetikumok-szepsegapolas\/szepsegapolas\/arcapolas\/ceramides-n-i-a-c-i-n-a-m-i-d-e-aktiv-feszesito-lifting-krem-50-50ml\/#primaryimage\"},\"thumbnailUrl\":\"https:\/\/www.eveline.hu\/2016\/wp-content\/uploads\/2023\/03\/5903416049975-ACTIVELY-FIRMING-CREAM-LIFTING-5050-ml-w.png\",\"datePublished\":\"2023-03-02T13:08:23+00:00\",\"dateModified\":\"2023-11-16T11:59:06+00:00\",\"breadcrumb\":{\"@id\":\"https:\/\/www.eveline.hu\/2016\/eveline-kozmetikumok-szepsegapolas\/szepsegapolas\/arcapolas\/ceramides-n-i-a-c-i-n-a-m-i-d-e-aktiv-feszesito-lifting-krem-50-50ml\/#breadcrumb\"},\"inLanguage\":\"hu\",\"potentialAction\":[{\"@type\":\"ReadAction\",\"target\":[\"https:\/\/www.eveline.hu\/2016\/eveline-kozmetikumok-szepsegapolas\/szepsegapolas\/arcapolas\/ceramides-n-i-a-c-i-n-a-m-i-d-e-aktiv-feszesito-lifting-krem-50-50ml\/\"]}]},{\"@type\":\"ImageObject\",\"inLanguage\":\"hu\",\"@id\":\"https:\/\/www.eveline.hu\/2016\/eveline-kozmetikumok-szepsegapolas\/szepsegapolas\/arcapolas\/ceramides-n-i-a-c-i-n-a-m-i-d-e-aktiv-feszesito-lifting-krem-50-50ml\/#primaryimage\",\"url\":\"https:\/\/www.eveline.hu\/2016\/wp-content\/uploads\/2023\/03\/5903416049975-ACTIVELY-FIRMING-CREAM-LIFTING-5050-ml-w.png\",\"contentUrl\":\"https:\/\/www.eveline.hu\/2016\/wp-content\/uploads\/2023\/03\/5903416049975-ACTIVELY-FIRMING-CREAM-LIFTING-5050-ml-w.png\",\"width\":750,\"height\":750},{\"@type\":\"BreadcrumbList\",\"@id\":\"https:\/\/www.eveline.hu\/2016\/eveline-kozmetikumok-szepsegapolas\/szepsegapolas\/arcapolas\/ceramides-n-i-a-c-i-n-a-m-i-d-e-aktiv-feszesito-lifting-krem-50-50ml\/#breadcrumb\",\"itemListElement\":[{\"@type\":\"ListItem\",\"position\":1,\"name\":\"Home\",\"item\":\"https:\/\/www.eveline.hu\/2016\/\"},{\"@type\":\"ListItem\",\"position\":2,\"name\":\"Term\u00e9kek\",\"item\":\"https:\/\/www.eveline.hu\/2016\/shop\/\"},{\"@type\":\"ListItem\",\"position\":3,\"name\":\"CERAMIDES &#038; N I A C I N A M I D E Akt\u00edv feszes\u00edt\u0151 Lifting kr\u00e9m 50+ 50ml\"}]},{\"@type\":\"WebSite\",\"@id\":\"https:\/\/www.eveline.hu\/2016\/#website\",\"url\":\"https:\/\/www.eveline.hu\/2016\/\",\"name\":\"Eveline Cosmetics Magyarorsz\u00e1g\",\"description\":\"Min\u0151s\u00e9gi kozmetikumok Lengyelorsz\u00e1gb\u00f3l\",\"potentialAction\":[{\"@type\":\"SearchAction\",\"target\":{\"@type\":\"EntryPoint\",\"urlTemplate\":\"https:\/\/www.eveline.hu\/2016\/?s={search_term_string}\"},\"query-input\":\"required name=search_term_string\"}],\"inLanguage\":\"hu\"}]}<\/script>\n<!-- \/ Yoast SEO plugin. -->","yoast_head_json":{"title":"CERAMIDES & N I A C I N A M I D E Akt\u00edv feszes\u00edt\u0151 Lifting kr\u00e9m 50+ 50ml - Eveline Cosmetics Magyarorsz\u00e1g","robots":{"index":"index","follow":"follow","max-snippet":"max-snippet:-1","max-image-preview":"max-image-preview:large","max-video-preview":"max-video-preview:-1"},"canonical":"https:\/\/www.eveline.hu\/2016\/eveline-kozmetikumok-szepsegapolas\/szepsegapolas\/arcapolas\/ceramides-n-i-a-c-i-n-a-m-i-d-e-aktiv-feszesito-lifting-krem-50-50ml\/","og_locale":"hu_HU","og_type":"article","og_title":"CERAMIDES & N I A C I N A M I D E Akt\u00edv feszes\u00edt\u0151 Lifting kr\u00e9m 50+ 50ml - Eveline Cosmetics Magyarorsz\u00e1g","og_description":"50ml ( 41980\u00a0 Ft\/l)","og_url":"https:\/\/www.eveline.hu\/2016\/eveline-kozmetikumok-szepsegapolas\/szepsegapolas\/arcapolas\/ceramides-n-i-a-c-i-n-a-m-i-d-e-aktiv-feszesito-lifting-krem-50-50ml\/","og_site_name":"Eveline Cosmetics Magyarorsz\u00e1g","article_modified_time":"2023-11-16T11:59:06+00:00","og_image":[{"width":750,"height":750,"url":"https:\/\/www.eveline.hu\/2016\/wp-content\/uploads\/2023\/03\/5903416049975-ACTIVELY-FIRMING-CREAM-LIFTING-5050-ml-w.png","type":"image\/png"}],"twitter_card":"summary_large_image","twitter_misc":{"Becs\u00fclt olvas\u00e1si id\u0151":"1 perc"},"schema":{"@context":"https:\/\/schema.org","@graph":[{"@type":"WebPage","@id":"https:\/\/www.eveline.hu\/2016\/eveline-kozmetikumok-szepsegapolas\/szepsegapolas\/arcapolas\/ceramides-n-i-a-c-i-n-a-m-i-d-e-aktiv-feszesito-lifting-krem-50-50ml\/","url":"https:\/\/www.eveline.hu\/2016\/eveline-kozmetikumok-szepsegapolas\/szepsegapolas\/arcapolas\/ceramides-n-i-a-c-i-n-a-m-i-d-e-aktiv-feszesito-lifting-krem-50-50ml\/","name":"CERAMIDES & N I A C I N A M I D E Akt\u00edv feszes\u00edt\u0151 Lifting kr\u00e9m 50+ 50ml - Eveline Cosmetics Magyarorsz\u00e1g","isPartOf":{"@id":"https:\/\/www.eveline.hu\/2016\/#website"},"primaryImageOfPage":{"@id":"https:\/\/www.eveline.hu\/2016\/eveline-kozmetikumok-szepsegapolas\/szepsegapolas\/arcapolas\/ceramides-n-i-a-c-i-n-a-m-i-d-e-aktiv-feszesito-lifting-krem-50-50ml\/#primaryimage"},"image":{"@id":"https:\/\/www.eveline.hu\/2016\/eveline-kozmetikumok-szepsegapolas\/szepsegapolas\/arcapolas\/ceramides-n-i-a-c-i-n-a-m-i-d-e-aktiv-feszesito-lifting-krem-50-50ml\/#primaryimage"},"thumbnailUrl":"https:\/\/www.eveline.hu\/2016\/wp-content\/uploads\/2023\/03\/5903416049975-ACTIVELY-FIRMING-CREAM-LIFTING-5050-ml-w.png","datePublished":"2023-03-02T13:08:23+00:00","dateModified":"2023-11-16T11:59:06+00:00","breadcrumb":{"@id":"https:\/\/www.eveline.hu\/2016\/eveline-kozmetikumok-szepsegapolas\/szepsegapolas\/arcapolas\/ceramides-n-i-a-c-i-n-a-m-i-d-e-aktiv-feszesito-lifting-krem-50-50ml\/#breadcrumb"},"inLanguage":"hu","potentialAction":[{"@type":"ReadAction","target":["https:\/\/www.eveline.hu\/2016\/eveline-kozmetikumok-szepsegapolas\/szepsegapolas\/arcapolas\/ceramides-n-i-a-c-i-n-a-m-i-d-e-aktiv-feszesito-lifting-krem-50-50ml\/"]}]},{"@type":"ImageObject","inLanguage":"hu","@id":"https:\/\/www.eveline.hu\/2016\/eveline-kozmetikumok-szepsegapolas\/szepsegapolas\/arcapolas\/ceramides-n-i-a-c-i-n-a-m-i-d-e-aktiv-feszesito-lifting-krem-50-50ml\/#primaryimage","url":"https:\/\/www.eveline.hu\/2016\/wp-content\/uploads\/2023\/03\/5903416049975-ACTIVELY-FIRMING-CREAM-LIFTING-5050-ml-w.png","contentUrl":"https:\/\/www.eveline.hu\/2016\/wp-content\/uploads\/2023\/03\/5903416049975-ACTIVELY-FIRMING-CREAM-LIFTING-5050-ml-w.png","width":750,"height":750},{"@type":"BreadcrumbList","@id":"https:\/\/www.eveline.hu\/2016\/eveline-kozmetikumok-szepsegapolas\/szepsegapolas\/arcapolas\/ceramides-n-i-a-c-i-n-a-m-i-d-e-aktiv-feszesito-lifting-krem-50-50ml\/#breadcrumb","itemListElement":[{"@type":"ListItem","position":1,"name":"Home","item":"https:\/\/www.eveline.hu\/2016\/"},{"@type":"ListItem","position":2,"name":"Term\u00e9kek","item":"https:\/\/www.eveline.hu\/2016\/shop\/"},{"@type":"ListItem","position":3,"name":"CERAMIDES &#038; N I A C I N A M I D E Akt\u00edv feszes\u00edt\u0151 Lifting kr\u00e9m 50+ 50ml"}]},{"@type":"WebSite","@id":"https:\/\/www.eveline.hu\/2016\/#website","url":"https:\/\/www.eveline.hu\/2016\/","name":"Eveline Cosmetics Magyarorsz\u00e1g","description":"Min\u0151s\u00e9gi kozmetikumok Lengyelorsz\u00e1gb\u00f3l","potentialAction":[{"@type":"SearchAction","target":{"@type":"EntryPoint","urlTemplate":"https:\/\/www.eveline.hu\/2016\/?s={search_term_string}"},"query-input":"required name=search_term_string"}],"inLanguage":"hu"}]}},"_links":{"self":[{"href":"https:\/\/www.eveline.hu\/2016\/wp-json\/wp\/v2\/product\/29337"}],"collection":[{"href":"https:\/\/www.eveline.hu\/2016\/wp-json\/wp\/v2\/product"}],"about":[{"href":"https:\/\/www.eveline.hu\/2016\/wp-json\/wp\/v2\/types\/product"}],"replies":[{"embeddable":true,"href":"https:\/\/www.eveline.hu\/2016\/wp-json\/wp\/v2\/comments?post=29337"}],"wp:featuredmedia":[{"embeddable":true,"href":"https:\/\/www.eveline.hu\/2016\/wp-json\/wp\/v2\/media\/29338"}],"wp:attachment":[{"href":"https:\/\/www.eveline.hu\/2016\/wp-json\/wp\/v2\/media?parent=29337"}],"wp:term":[{"taxonomy":"product_cat","embeddable":true,"href":"https:\/\/www.eveline.hu\/2016\/wp-json\/wp\/v2\/product_cat?post=29337"},{"taxonomy":"product_tag","embeddable":true,"href":"https:\/\/www.eveline.hu\/2016\/wp-json\/wp\/v2\/product_tag?post=29337"}],"curies":[{"name":"wp","href":"https:\/\/api.w.org\/{rel}","templated":true}]}}