{"id":29335,"date":"2023-03-02T13:53:45","date_gmt":"2023-03-02T12:53:45","guid":{"rendered":"https:\/\/www.eveline.hu\/2016\/?post_type=product&#038;p=29335"},"modified":"2023-03-02T15:01:52","modified_gmt":"2023-03-02T14:01:52","slug":"double-white-c-vitamin-whitening-mattito-krem-50ml","status":"publish","type":"product","link":"https:\/\/www.eveline.hu\/2016\/eveline-kozmetikumok-szepsegapolas\/termekcsaladok\/white-prestige-4d\/double-white-c-vitamin-whitening-mattito-krem-50ml\/","title":{"rendered":"Double White + C vitamin Whitening Matt\u00edt\u00f3 kr\u00e9m 50ml"},"content":{"rendered":"<p>minden b\u0151rt\u00edpusra, nappali \u00e9s \u00e9jszakai<\/p>\n<p>A Whitening Matt\u00edt\u00f3 kr\u00e9met az Eveline Cosmetics laborat\u00f3rium tud\u00f3sai fejlesztett\u00e9k ki azzal a c\u00e9llal, hogy koncentr\u00e1lt feh\u00e9r\u00edt\u0151 napi \u00e1pol\u00e1st biztos\u00edtsanak minden b\u0151rt\u00edpus sz\u00e1m\u00e1ra, bele\u00e9rtve a sz\u00e1raz \u00e9s \u00e9rz\u00e9kenyt is. Az innovat\u00edv formula egyes\u00edti a C-vitamin gazdags\u00e1g\u00e1t a fejlett feh\u00e9r\u00edt\u0151 technol\u00f3gia erej\u00e9vel, l\u00e1that\u00f3an cs\u00f6kkentve az elsz\u00ednez\u0151d\u00e9st \u00e9s a szepl\u0151ket. A a kr\u00e9m haszn\u00e1lat\u00e1val a b\u0151r vil\u00e1gosabb, matt \u00e9s b\u00e1rsonyosan sima lesz.<\/p>\n<p>6 VIL\u00c1GOS\u00cdT\u00d3 \u00d6SSZETEV\u0150 F\u00daZI\u00d3JA: WHITE INTENSE KOMPLEX, C-VITAMIN, NIACINAMID, ANTI-POLLUTION KOMPLEX, WAKAME, SPF 20<\/p>\n<p>A WHITE INTENSE COMPLEX g\u00e1tolja a melanin transzportj\u00e1t a felh\u00e1mba, megakad\u00e1lyozza a hiperpigment\u00e1ci\u00f3t, cs\u00f6kkenti az elsz\u00ednez\u0151d\u00e9st \u00e9s szepl\u0151ket. A C-vitamin vil\u00e1gos\u00edtja \u00e9s energetiz\u00e1lja a b\u0151rt. A niacinamid kiegyenl\u00edti a b\u0151r t\u00f3nus\u00e1t \u00e9s cs\u00f6kkenti a p\u00f3rusok l\u00e1that\u00f3s\u00e1g\u00e1t. Az Anti-Pollution komplex v\u00e9di az epidermiszt a szabadgy\u00f6k\u00f6k k\u00e1ros hat\u00e1s\u00e1t\u00f3l \u00e9s a l\u00e9gszennyez\u00e9st\u0151l. Wakame kivonat kisim\u00edtja, matt\u00edtja \u00e9s t\u00e1pl\u00e1lja a b\u0151rt. SPF 20 v\u00e9d az UV sug\u00e1rz\u00e1s ellen.<\/p>\n<p><strong>Alkalmaz\u00e1s: <\/strong>Haszn\u00e1lja minden reggel \u00e9s\/vagy este a megtiszt\u00edtott b\u0151r\u00f6n az arcon \u00e9s nyakon.<\/p>\n","protected":false},"excerpt":{"rendered":"<p>50ml ( 31980Ft\/l)<\/p>\n","protected":false},"featured_media":29336,"comment_status":"open","ping_status":"closed","template":"","meta":[],"product_cat":[223,80,94],"product_tag":[],"yoast_head":"<!-- This site is optimized with the Yoast SEO plugin v22.2 - https:\/\/yoast.com\/wordpress\/plugins\/seo\/ -->\n<title>Double White + C vitamin Whitening Matt\u00edt\u00f3 kr\u00e9m 50ml - Eveline Cosmetics Magyarorsz\u00e1g<\/title>\n<meta name=\"robots\" content=\"index, follow, max-snippet:-1, max-image-preview:large, max-video-preview:-1\" \/>\n<link rel=\"canonical\" href=\"https:\/\/www.eveline.hu\/2016\/eveline-kozmetikumok-szepsegapolas\/termekcsaladok\/white-prestige-4d\/double-white-c-vitamin-whitening-mattito-krem-50ml\/\" \/>\n<meta property=\"og:locale\" content=\"hu_HU\" \/>\n<meta property=\"og:type\" content=\"article\" \/>\n<meta property=\"og:title\" content=\"Double White + C vitamin Whitening Matt\u00edt\u00f3 kr\u00e9m 50ml - Eveline Cosmetics Magyarorsz\u00e1g\" \/>\n<meta property=\"og:description\" content=\"50ml ( 31980Ft\/l)\" \/>\n<meta property=\"og:url\" content=\"https:\/\/www.eveline.hu\/2016\/eveline-kozmetikumok-szepsegapolas\/termekcsaladok\/white-prestige-4d\/double-white-c-vitamin-whitening-mattito-krem-50ml\/\" \/>\n<meta property=\"og:site_name\" content=\"Eveline Cosmetics Magyarorsz\u00e1g\" \/>\n<meta property=\"article:modified_time\" content=\"2023-03-02T14:01:52+00:00\" \/>\n<meta property=\"og:image\" content=\"https:\/\/www.eveline.hu\/2016\/wp-content\/uploads\/2023\/03\/5903416003359-SKIN-CARE-EXPERT-DOUBLE-WHITE-50ML-w.png\" \/>\n\t<meta property=\"og:image:width\" content=\"750\" \/>\n\t<meta property=\"og:image:height\" content=\"750\" \/>\n\t<meta property=\"og:image:type\" content=\"image\/png\" \/>\n<meta name=\"twitter:card\" content=\"summary_large_image\" \/>\n<meta name=\"twitter:label1\" content=\"Becs\u00fclt olvas\u00e1si id\u0151\" \/>\n\t<meta name=\"twitter:data1\" content=\"1 perc\" \/>\n<script type=\"application\/ld+json\" class=\"yoast-schema-graph\">{\"@context\":\"https:\/\/schema.org\",\"@graph\":[{\"@type\":\"WebPage\",\"@id\":\"https:\/\/www.eveline.hu\/2016\/eveline-kozmetikumok-szepsegapolas\/termekcsaladok\/white-prestige-4d\/double-white-c-vitamin-whitening-mattito-krem-50ml\/\",\"url\":\"https:\/\/www.eveline.hu\/2016\/eveline-kozmetikumok-szepsegapolas\/termekcsaladok\/white-prestige-4d\/double-white-c-vitamin-whitening-mattito-krem-50ml\/\",\"name\":\"Double White + C vitamin Whitening Matt\u00edt\u00f3 kr\u00e9m 50ml - Eveline Cosmetics Magyarorsz\u00e1g\",\"isPartOf\":{\"@id\":\"https:\/\/www.eveline.hu\/2016\/#website\"},\"primaryImageOfPage\":{\"@id\":\"https:\/\/www.eveline.hu\/2016\/eveline-kozmetikumok-szepsegapolas\/termekcsaladok\/white-prestige-4d\/double-white-c-vitamin-whitening-mattito-krem-50ml\/#primaryimage\"},\"image\":{\"@id\":\"https:\/\/www.eveline.hu\/2016\/eveline-kozmetikumok-szepsegapolas\/termekcsaladok\/white-prestige-4d\/double-white-c-vitamin-whitening-mattito-krem-50ml\/#primaryimage\"},\"thumbnailUrl\":\"https:\/\/www.eveline.hu\/2016\/wp-content\/uploads\/2023\/03\/5903416003359-SKIN-CARE-EXPERT-DOUBLE-WHITE-50ML-w.png\",\"datePublished\":\"2023-03-02T12:53:45+00:00\",\"dateModified\":\"2023-03-02T14:01:52+00:00\",\"breadcrumb\":{\"@id\":\"https:\/\/www.eveline.hu\/2016\/eveline-kozmetikumok-szepsegapolas\/termekcsaladok\/white-prestige-4d\/double-white-c-vitamin-whitening-mattito-krem-50ml\/#breadcrumb\"},\"inLanguage\":\"hu\",\"potentialAction\":[{\"@type\":\"ReadAction\",\"target\":[\"https:\/\/www.eveline.hu\/2016\/eveline-kozmetikumok-szepsegapolas\/termekcsaladok\/white-prestige-4d\/double-white-c-vitamin-whitening-mattito-krem-50ml\/\"]}]},{\"@type\":\"ImageObject\",\"inLanguage\":\"hu\",\"@id\":\"https:\/\/www.eveline.hu\/2016\/eveline-kozmetikumok-szepsegapolas\/termekcsaladok\/white-prestige-4d\/double-white-c-vitamin-whitening-mattito-krem-50ml\/#primaryimage\",\"url\":\"https:\/\/www.eveline.hu\/2016\/wp-content\/uploads\/2023\/03\/5903416003359-SKIN-CARE-EXPERT-DOUBLE-WHITE-50ML-w.png\",\"contentUrl\":\"https:\/\/www.eveline.hu\/2016\/wp-content\/uploads\/2023\/03\/5903416003359-SKIN-CARE-EXPERT-DOUBLE-WHITE-50ML-w.png\",\"width\":750,\"height\":750},{\"@type\":\"BreadcrumbList\",\"@id\":\"https:\/\/www.eveline.hu\/2016\/eveline-kozmetikumok-szepsegapolas\/termekcsaladok\/white-prestige-4d\/double-white-c-vitamin-whitening-mattito-krem-50ml\/#breadcrumb\",\"itemListElement\":[{\"@type\":\"ListItem\",\"position\":1,\"name\":\"Home\",\"item\":\"https:\/\/www.eveline.hu\/2016\/\"},{\"@type\":\"ListItem\",\"position\":2,\"name\":\"Term\u00e9kek\",\"item\":\"https:\/\/www.eveline.hu\/2016\/shop\/\"},{\"@type\":\"ListItem\",\"position\":3,\"name\":\"Double White + C vitamin Whitening Matt\u00edt\u00f3 kr\u00e9m 50ml\"}]},{\"@type\":\"WebSite\",\"@id\":\"https:\/\/www.eveline.hu\/2016\/#website\",\"url\":\"https:\/\/www.eveline.hu\/2016\/\",\"name\":\"Eveline Cosmetics Magyarorsz\u00e1g\",\"description\":\"Min\u0151s\u00e9gi kozmetikumok Lengyelorsz\u00e1gb\u00f3l\",\"potentialAction\":[{\"@type\":\"SearchAction\",\"target\":{\"@type\":\"EntryPoint\",\"urlTemplate\":\"https:\/\/www.eveline.hu\/2016\/?s={search_term_string}\"},\"query-input\":\"required name=search_term_string\"}],\"inLanguage\":\"hu\"}]}<\/script>\n<!-- \/ Yoast SEO plugin. -->","yoast_head_json":{"title":"Double White + C vitamin Whitening Matt\u00edt\u00f3 kr\u00e9m 50ml - Eveline Cosmetics Magyarorsz\u00e1g","robots":{"index":"index","follow":"follow","max-snippet":"max-snippet:-1","max-image-preview":"max-image-preview:large","max-video-preview":"max-video-preview:-1"},"canonical":"https:\/\/www.eveline.hu\/2016\/eveline-kozmetikumok-szepsegapolas\/termekcsaladok\/white-prestige-4d\/double-white-c-vitamin-whitening-mattito-krem-50ml\/","og_locale":"hu_HU","og_type":"article","og_title":"Double White + C vitamin Whitening Matt\u00edt\u00f3 kr\u00e9m 50ml - Eveline Cosmetics Magyarorsz\u00e1g","og_description":"50ml ( 31980Ft\/l)","og_url":"https:\/\/www.eveline.hu\/2016\/eveline-kozmetikumok-szepsegapolas\/termekcsaladok\/white-prestige-4d\/double-white-c-vitamin-whitening-mattito-krem-50ml\/","og_site_name":"Eveline Cosmetics Magyarorsz\u00e1g","article_modified_time":"2023-03-02T14:01:52+00:00","og_image":[{"width":750,"height":750,"url":"https:\/\/www.eveline.hu\/2016\/wp-content\/uploads\/2023\/03\/5903416003359-SKIN-CARE-EXPERT-DOUBLE-WHITE-50ML-w.png","type":"image\/png"}],"twitter_card":"summary_large_image","twitter_misc":{"Becs\u00fclt olvas\u00e1si id\u0151":"1 perc"},"schema":{"@context":"https:\/\/schema.org","@graph":[{"@type":"WebPage","@id":"https:\/\/www.eveline.hu\/2016\/eveline-kozmetikumok-szepsegapolas\/termekcsaladok\/white-prestige-4d\/double-white-c-vitamin-whitening-mattito-krem-50ml\/","url":"https:\/\/www.eveline.hu\/2016\/eveline-kozmetikumok-szepsegapolas\/termekcsaladok\/white-prestige-4d\/double-white-c-vitamin-whitening-mattito-krem-50ml\/","name":"Double White + C vitamin Whitening Matt\u00edt\u00f3 kr\u00e9m 50ml - Eveline Cosmetics Magyarorsz\u00e1g","isPartOf":{"@id":"https:\/\/www.eveline.hu\/2016\/#website"},"primaryImageOfPage":{"@id":"https:\/\/www.eveline.hu\/2016\/eveline-kozmetikumok-szepsegapolas\/termekcsaladok\/white-prestige-4d\/double-white-c-vitamin-whitening-mattito-krem-50ml\/#primaryimage"},"image":{"@id":"https:\/\/www.eveline.hu\/2016\/eveline-kozmetikumok-szepsegapolas\/termekcsaladok\/white-prestige-4d\/double-white-c-vitamin-whitening-mattito-krem-50ml\/#primaryimage"},"thumbnailUrl":"https:\/\/www.eveline.hu\/2016\/wp-content\/uploads\/2023\/03\/5903416003359-SKIN-CARE-EXPERT-DOUBLE-WHITE-50ML-w.png","datePublished":"2023-03-02T12:53:45+00:00","dateModified":"2023-03-02T14:01:52+00:00","breadcrumb":{"@id":"https:\/\/www.eveline.hu\/2016\/eveline-kozmetikumok-szepsegapolas\/termekcsaladok\/white-prestige-4d\/double-white-c-vitamin-whitening-mattito-krem-50ml\/#breadcrumb"},"inLanguage":"hu","potentialAction":[{"@type":"ReadAction","target":["https:\/\/www.eveline.hu\/2016\/eveline-kozmetikumok-szepsegapolas\/termekcsaladok\/white-prestige-4d\/double-white-c-vitamin-whitening-mattito-krem-50ml\/"]}]},{"@type":"ImageObject","inLanguage":"hu","@id":"https:\/\/www.eveline.hu\/2016\/eveline-kozmetikumok-szepsegapolas\/termekcsaladok\/white-prestige-4d\/double-white-c-vitamin-whitening-mattito-krem-50ml\/#primaryimage","url":"https:\/\/www.eveline.hu\/2016\/wp-content\/uploads\/2023\/03\/5903416003359-SKIN-CARE-EXPERT-DOUBLE-WHITE-50ML-w.png","contentUrl":"https:\/\/www.eveline.hu\/2016\/wp-content\/uploads\/2023\/03\/5903416003359-SKIN-CARE-EXPERT-DOUBLE-WHITE-50ML-w.png","width":750,"height":750},{"@type":"BreadcrumbList","@id":"https:\/\/www.eveline.hu\/2016\/eveline-kozmetikumok-szepsegapolas\/termekcsaladok\/white-prestige-4d\/double-white-c-vitamin-whitening-mattito-krem-50ml\/#breadcrumb","itemListElement":[{"@type":"ListItem","position":1,"name":"Home","item":"https:\/\/www.eveline.hu\/2016\/"},{"@type":"ListItem","position":2,"name":"Term\u00e9kek","item":"https:\/\/www.eveline.hu\/2016\/shop\/"},{"@type":"ListItem","position":3,"name":"Double White + C vitamin Whitening Matt\u00edt\u00f3 kr\u00e9m 50ml"}]},{"@type":"WebSite","@id":"https:\/\/www.eveline.hu\/2016\/#website","url":"https:\/\/www.eveline.hu\/2016\/","name":"Eveline Cosmetics Magyarorsz\u00e1g","description":"Min\u0151s\u00e9gi kozmetikumok Lengyelorsz\u00e1gb\u00f3l","potentialAction":[{"@type":"SearchAction","target":{"@type":"EntryPoint","urlTemplate":"https:\/\/www.eveline.hu\/2016\/?s={search_term_string}"},"query-input":"required name=search_term_string"}],"inLanguage":"hu"}]}},"_links":{"self":[{"href":"https:\/\/www.eveline.hu\/2016\/wp-json\/wp\/v2\/product\/29335"}],"collection":[{"href":"https:\/\/www.eveline.hu\/2016\/wp-json\/wp\/v2\/product"}],"about":[{"href":"https:\/\/www.eveline.hu\/2016\/wp-json\/wp\/v2\/types\/product"}],"replies":[{"embeddable":true,"href":"https:\/\/www.eveline.hu\/2016\/wp-json\/wp\/v2\/comments?post=29335"}],"wp:featuredmedia":[{"embeddable":true,"href":"https:\/\/www.eveline.hu\/2016\/wp-json\/wp\/v2\/media\/29336"}],"wp:attachment":[{"href":"https:\/\/www.eveline.hu\/2016\/wp-json\/wp\/v2\/media?parent=29335"}],"wp:term":[{"taxonomy":"product_cat","embeddable":true,"href":"https:\/\/www.eveline.hu\/2016\/wp-json\/wp\/v2\/product_cat?post=29335"},{"taxonomy":"product_tag","embeddable":true,"href":"https:\/\/www.eveline.hu\/2016\/wp-json\/wp\/v2\/product_tag?post=29335"}],"curies":[{"name":"wp","href":"https:\/\/api.w.org\/{rel}","templated":true}]}}