{"id":29202,"date":"2023-01-18T11:05:23","date_gmt":"2023-01-18T10:05:23","guid":{"rendered":"https:\/\/www.eveline.hu\/2016\/?post_type=product&#038;p=29202"},"modified":"2025-02-20T14:38:38","modified_gmt":"2025-02-20T13:38:38","slug":"face-therapy-hyaluron-ampulla-maszk-8-ml","status":"publish","type":"product","link":"https:\/\/www.eveline.hu\/2016\/eveline-kozmetikumok-szepsegapolas\/termekcsaladok\/arcmaszkok\/face-therapy-hyaluron-ampulla-maszk-8-ml\/","title":{"rendered":"FACE THERAPY Hyaluron ampulla maszk 8 ml"},"content":{"rendered":"<p>Professzion\u00e1lis, kr\u00e9mes maszk minden b\u0151rt\u00edpus \u00e1pol\u00e1s\u00e1ra, \u00e9letkort\u00f3l f\u00fcggetlen\u00fcl.<\/p>\n<p>Biztos\u00edtja a hat\u00f3anyagok magas felsz\u00edv\u00f3d\u00e1s\u00e1t a b\u0151r\u00f6n kereszt\u00fcl, valamint azonnali hat\u00e1sokat: m\u00e9ly hidrat\u00e1l\u00e1s, kisim\u00edt\u00e1s \u00e9s a b\u0151r megjelen\u00e9s\u00e9nek javul\u00e1sa.<\/p>\n<p>H\u00c1RMAS HAT\u00c9KONYS\u00c1G: 1,5% HIALURONSAV. TREHALOZ, B5-VITAMIN<\/p>\n<p>A hat\u00f3anyagok komplexe intenz\u00edven megk\u00f6ti a vizet a b\u0151r m\u00e9lyebb r\u00e9tegeiben, ez\u00e1ltal hidrat\u00e1lja \u00e9s meger\u0151s\u00edti v\u00e9d\u0151 funkci\u00f3it.<\/p>\n<p><strong>Alkalmaz\u00e1s<\/strong>: v\u00e9kony r\u00e9tegben vigye fel a maszkot a megtiszt\u00edtott \u00e9s toniz\u00e1lt arcb\u0151rre. 15 perc m\u00falva mossa le langyos v\u00edzzel.<\/p>\n<p>\u00d6sszetev\u0151k:Aqua (Water), Glycerin, Butyrospermum Parkii Butter, Caprylic\/Capric Triglyceride, Cetearyl Alcohol, Triolein, Isopropyl Myristate, Behenyl Alcohol, Panthenol, Glyceryl Dioleate, Pentaerythrityl Distearate, Betaine, Hyaluronic Acid, Sodium Hyaluronate, Tocopheryl Acetate, Trehalose, Paeonia Lactiflora Root Extract, Phenoxyethanol, Potassium Sorbate, Sodium Benzoate, Hydroxyacetophenone, Ethylhexylglycerin, Disodium Cetearyl Sulfosuccinate, Sodium Polyacrylate, Xanthan Gum, Tetrasodium Glutamate Diacetate, Citric Acid, Parfum (Fragrance<\/p>\n","protected":false},"excerpt":{"rendered":"<p>Professzion\u00e1lis, kr\u00e9mes maszk minden b\u0151rt\u00edpus \u00e1pol\u00e1s\u00e1ra, \u00e9letkort\u00f3l f\u00fcggetlen\u00fcl. Biztos\u00edtja a hat\u00f3anyagok magas felsz\u00edv\u00f3d\u00e1s\u00e1t a b\u0151r\u00f6n kereszt\u00fcl, valamint azonnali hat\u00e1sokat: m\u00e9ly hidrat\u00e1l\u00e1s, kisim\u00edt\u00e1s \u00e9s a b\u0151r megjelen\u00e9s\u00e9nek javul\u00e1sa. H\u00c1RMAS HAT\u00c9KONYS\u00c1G: 1,5% HIALURONSAV. TREHALOZ, B5-VITAMIN A hat\u00f3anyagok komplexe intenz\u00edven megk\u00f6ti a vizet [&hellip;]<\/p>\n","protected":false},"featured_media":29203,"comment_status":"open","ping_status":"closed","template":"","meta":[],"product_cat":[80,87],"product_tag":[],"yoast_head":"<!-- This site is optimized with the Yoast SEO plugin v22.2 - https:\/\/yoast.com\/wordpress\/plugins\/seo\/ -->\n<title>FACE THERAPY Hyaluron ampulla maszk 8 ml - Eveline Cosmetics Magyarorsz\u00e1g<\/title>\n<meta name=\"robots\" content=\"index, follow, max-snippet:-1, max-image-preview:large, max-video-preview:-1\" \/>\n<link rel=\"canonical\" href=\"https:\/\/www.eveline.hu\/2016\/eveline-kozmetikumok-szepsegapolas\/termekcsaladok\/arcmaszkok\/face-therapy-hyaluron-ampulla-maszk-8-ml\/\" \/>\n<meta property=\"og:locale\" content=\"hu_HU\" \/>\n<meta property=\"og:type\" content=\"article\" \/>\n<meta property=\"og:title\" content=\"FACE THERAPY Hyaluron ampulla maszk 8 ml - Eveline Cosmetics Magyarorsz\u00e1g\" \/>\n<meta property=\"og:description\" content=\"Professzion\u00e1lis, kr\u00e9mes maszk minden b\u0151rt\u00edpus \u00e1pol\u00e1s\u00e1ra, \u00e9letkort\u00f3l f\u00fcggetlen\u00fcl. Biztos\u00edtja a hat\u00f3anyagok magas felsz\u00edv\u00f3d\u00e1s\u00e1t a b\u0151r\u00f6n kereszt\u00fcl, valamint azonnali hat\u00e1sokat: m\u00e9ly hidrat\u00e1l\u00e1s, kisim\u00edt\u00e1s \u00e9s a b\u0151r megjelen\u00e9s\u00e9nek javul\u00e1sa. H\u00c1RMAS HAT\u00c9KONYS\u00c1G: 1,5% HIALURONSAV. TREHALOZ, B5-VITAMIN A hat\u00f3anyagok komplexe intenz\u00edven megk\u00f6ti a vizet [&hellip;]\" \/>\n<meta property=\"og:url\" content=\"https:\/\/www.eveline.hu\/2016\/eveline-kozmetikumok-szepsegapolas\/termekcsaladok\/arcmaszkok\/face-therapy-hyaluron-ampulla-maszk-8-ml\/\" \/>\n<meta property=\"og:site_name\" content=\"Eveline Cosmetics Magyarorsz\u00e1g\" \/>\n<meta property=\"article:modified_time\" content=\"2025-02-20T13:38:38+00:00\" \/>\n<meta property=\"og:image\" content=\"https:\/\/www.eveline.hu\/2016\/wp-content\/uploads\/2023\/01\/5903416047476-FACE-THERAPY-AMPOULE-MASK-HYALURON-8-ML-w.png\" \/>\n\t<meta property=\"og:image:width\" content=\"750\" \/>\n\t<meta property=\"og:image:height\" content=\"750\" \/>\n\t<meta property=\"og:image:type\" content=\"image\/png\" \/>\n<meta name=\"twitter:card\" content=\"summary_large_image\" \/>\n<meta name=\"twitter:label1\" content=\"Becs\u00fclt olvas\u00e1si id\u0151\" \/>\n\t<meta name=\"twitter:data1\" content=\"1 perc\" \/>\n<script type=\"application\/ld+json\" class=\"yoast-schema-graph\">{\"@context\":\"https:\/\/schema.org\",\"@graph\":[{\"@type\":\"WebPage\",\"@id\":\"https:\/\/www.eveline.hu\/2016\/eveline-kozmetikumok-szepsegapolas\/termekcsaladok\/arcmaszkok\/face-therapy-hyaluron-ampulla-maszk-8-ml\/\",\"url\":\"https:\/\/www.eveline.hu\/2016\/eveline-kozmetikumok-szepsegapolas\/termekcsaladok\/arcmaszkok\/face-therapy-hyaluron-ampulla-maszk-8-ml\/\",\"name\":\"FACE THERAPY Hyaluron ampulla maszk 8 ml - Eveline Cosmetics Magyarorsz\u00e1g\",\"isPartOf\":{\"@id\":\"https:\/\/www.eveline.hu\/2016\/#website\"},\"primaryImageOfPage\":{\"@id\":\"https:\/\/www.eveline.hu\/2016\/eveline-kozmetikumok-szepsegapolas\/termekcsaladok\/arcmaszkok\/face-therapy-hyaluron-ampulla-maszk-8-ml\/#primaryimage\"},\"image\":{\"@id\":\"https:\/\/www.eveline.hu\/2016\/eveline-kozmetikumok-szepsegapolas\/termekcsaladok\/arcmaszkok\/face-therapy-hyaluron-ampulla-maszk-8-ml\/#primaryimage\"},\"thumbnailUrl\":\"https:\/\/www.eveline.hu\/2016\/wp-content\/uploads\/2023\/01\/5903416047476-FACE-THERAPY-AMPOULE-MASK-HYALURON-8-ML-w.png\",\"datePublished\":\"2023-01-18T10:05:23+00:00\",\"dateModified\":\"2025-02-20T13:38:38+00:00\",\"breadcrumb\":{\"@id\":\"https:\/\/www.eveline.hu\/2016\/eveline-kozmetikumok-szepsegapolas\/termekcsaladok\/arcmaszkok\/face-therapy-hyaluron-ampulla-maszk-8-ml\/#breadcrumb\"},\"inLanguage\":\"hu\",\"potentialAction\":[{\"@type\":\"ReadAction\",\"target\":[\"https:\/\/www.eveline.hu\/2016\/eveline-kozmetikumok-szepsegapolas\/termekcsaladok\/arcmaszkok\/face-therapy-hyaluron-ampulla-maszk-8-ml\/\"]}]},{\"@type\":\"ImageObject\",\"inLanguage\":\"hu\",\"@id\":\"https:\/\/www.eveline.hu\/2016\/eveline-kozmetikumok-szepsegapolas\/termekcsaladok\/arcmaszkok\/face-therapy-hyaluron-ampulla-maszk-8-ml\/#primaryimage\",\"url\":\"https:\/\/www.eveline.hu\/2016\/wp-content\/uploads\/2023\/01\/5903416047476-FACE-THERAPY-AMPOULE-MASK-HYALURON-8-ML-w.png\",\"contentUrl\":\"https:\/\/www.eveline.hu\/2016\/wp-content\/uploads\/2023\/01\/5903416047476-FACE-THERAPY-AMPOULE-MASK-HYALURON-8-ML-w.png\",\"width\":750,\"height\":750},{\"@type\":\"BreadcrumbList\",\"@id\":\"https:\/\/www.eveline.hu\/2016\/eveline-kozmetikumok-szepsegapolas\/termekcsaladok\/arcmaszkok\/face-therapy-hyaluron-ampulla-maszk-8-ml\/#breadcrumb\",\"itemListElement\":[{\"@type\":\"ListItem\",\"position\":1,\"name\":\"Home\",\"item\":\"https:\/\/www.eveline.hu\/2016\/\"},{\"@type\":\"ListItem\",\"position\":2,\"name\":\"Term\u00e9kek\",\"item\":\"https:\/\/www.eveline.hu\/2016\/shop\/\"},{\"@type\":\"ListItem\",\"position\":3,\"name\":\"FACE THERAPY Hyaluron ampulla maszk 8 ml\"}]},{\"@type\":\"WebSite\",\"@id\":\"https:\/\/www.eveline.hu\/2016\/#website\",\"url\":\"https:\/\/www.eveline.hu\/2016\/\",\"name\":\"Eveline Cosmetics Magyarorsz\u00e1g\",\"description\":\"Min\u0151s\u00e9gi kozmetikumok Lengyelorsz\u00e1gb\u00f3l\",\"potentialAction\":[{\"@type\":\"SearchAction\",\"target\":{\"@type\":\"EntryPoint\",\"urlTemplate\":\"https:\/\/www.eveline.hu\/2016\/?s={search_term_string}\"},\"query-input\":\"required name=search_term_string\"}],\"inLanguage\":\"hu\"}]}<\/script>\n<!-- \/ Yoast SEO plugin. -->","yoast_head_json":{"title":"FACE THERAPY Hyaluron ampulla maszk 8 ml - Eveline Cosmetics Magyarorsz\u00e1g","robots":{"index":"index","follow":"follow","max-snippet":"max-snippet:-1","max-image-preview":"max-image-preview:large","max-video-preview":"max-video-preview:-1"},"canonical":"https:\/\/www.eveline.hu\/2016\/eveline-kozmetikumok-szepsegapolas\/termekcsaladok\/arcmaszkok\/face-therapy-hyaluron-ampulla-maszk-8-ml\/","og_locale":"hu_HU","og_type":"article","og_title":"FACE THERAPY Hyaluron ampulla maszk 8 ml - Eveline Cosmetics Magyarorsz\u00e1g","og_description":"Professzion\u00e1lis, kr\u00e9mes maszk minden b\u0151rt\u00edpus \u00e1pol\u00e1s\u00e1ra, \u00e9letkort\u00f3l f\u00fcggetlen\u00fcl. Biztos\u00edtja a hat\u00f3anyagok magas felsz\u00edv\u00f3d\u00e1s\u00e1t a b\u0151r\u00f6n kereszt\u00fcl, valamint azonnali hat\u00e1sokat: m\u00e9ly hidrat\u00e1l\u00e1s, kisim\u00edt\u00e1s \u00e9s a b\u0151r megjelen\u00e9s\u00e9nek javul\u00e1sa. H\u00c1RMAS HAT\u00c9KONYS\u00c1G: 1,5% HIALURONSAV. TREHALOZ, B5-VITAMIN A hat\u00f3anyagok komplexe intenz\u00edven megk\u00f6ti a vizet [&hellip;]","og_url":"https:\/\/www.eveline.hu\/2016\/eveline-kozmetikumok-szepsegapolas\/termekcsaladok\/arcmaszkok\/face-therapy-hyaluron-ampulla-maszk-8-ml\/","og_site_name":"Eveline Cosmetics Magyarorsz\u00e1g","article_modified_time":"2025-02-20T13:38:38+00:00","og_image":[{"width":750,"height":750,"url":"https:\/\/www.eveline.hu\/2016\/wp-content\/uploads\/2023\/01\/5903416047476-FACE-THERAPY-AMPOULE-MASK-HYALURON-8-ML-w.png","type":"image\/png"}],"twitter_card":"summary_large_image","twitter_misc":{"Becs\u00fclt olvas\u00e1si id\u0151":"1 perc"},"schema":{"@context":"https:\/\/schema.org","@graph":[{"@type":"WebPage","@id":"https:\/\/www.eveline.hu\/2016\/eveline-kozmetikumok-szepsegapolas\/termekcsaladok\/arcmaszkok\/face-therapy-hyaluron-ampulla-maszk-8-ml\/","url":"https:\/\/www.eveline.hu\/2016\/eveline-kozmetikumok-szepsegapolas\/termekcsaladok\/arcmaszkok\/face-therapy-hyaluron-ampulla-maszk-8-ml\/","name":"FACE THERAPY Hyaluron ampulla maszk 8 ml - Eveline Cosmetics Magyarorsz\u00e1g","isPartOf":{"@id":"https:\/\/www.eveline.hu\/2016\/#website"},"primaryImageOfPage":{"@id":"https:\/\/www.eveline.hu\/2016\/eveline-kozmetikumok-szepsegapolas\/termekcsaladok\/arcmaszkok\/face-therapy-hyaluron-ampulla-maszk-8-ml\/#primaryimage"},"image":{"@id":"https:\/\/www.eveline.hu\/2016\/eveline-kozmetikumok-szepsegapolas\/termekcsaladok\/arcmaszkok\/face-therapy-hyaluron-ampulla-maszk-8-ml\/#primaryimage"},"thumbnailUrl":"https:\/\/www.eveline.hu\/2016\/wp-content\/uploads\/2023\/01\/5903416047476-FACE-THERAPY-AMPOULE-MASK-HYALURON-8-ML-w.png","datePublished":"2023-01-18T10:05:23+00:00","dateModified":"2025-02-20T13:38:38+00:00","breadcrumb":{"@id":"https:\/\/www.eveline.hu\/2016\/eveline-kozmetikumok-szepsegapolas\/termekcsaladok\/arcmaszkok\/face-therapy-hyaluron-ampulla-maszk-8-ml\/#breadcrumb"},"inLanguage":"hu","potentialAction":[{"@type":"ReadAction","target":["https:\/\/www.eveline.hu\/2016\/eveline-kozmetikumok-szepsegapolas\/termekcsaladok\/arcmaszkok\/face-therapy-hyaluron-ampulla-maszk-8-ml\/"]}]},{"@type":"ImageObject","inLanguage":"hu","@id":"https:\/\/www.eveline.hu\/2016\/eveline-kozmetikumok-szepsegapolas\/termekcsaladok\/arcmaszkok\/face-therapy-hyaluron-ampulla-maszk-8-ml\/#primaryimage","url":"https:\/\/www.eveline.hu\/2016\/wp-content\/uploads\/2023\/01\/5903416047476-FACE-THERAPY-AMPOULE-MASK-HYALURON-8-ML-w.png","contentUrl":"https:\/\/www.eveline.hu\/2016\/wp-content\/uploads\/2023\/01\/5903416047476-FACE-THERAPY-AMPOULE-MASK-HYALURON-8-ML-w.png","width":750,"height":750},{"@type":"BreadcrumbList","@id":"https:\/\/www.eveline.hu\/2016\/eveline-kozmetikumok-szepsegapolas\/termekcsaladok\/arcmaszkok\/face-therapy-hyaluron-ampulla-maszk-8-ml\/#breadcrumb","itemListElement":[{"@type":"ListItem","position":1,"name":"Home","item":"https:\/\/www.eveline.hu\/2016\/"},{"@type":"ListItem","position":2,"name":"Term\u00e9kek","item":"https:\/\/www.eveline.hu\/2016\/shop\/"},{"@type":"ListItem","position":3,"name":"FACE THERAPY Hyaluron ampulla maszk 8 ml"}]},{"@type":"WebSite","@id":"https:\/\/www.eveline.hu\/2016\/#website","url":"https:\/\/www.eveline.hu\/2016\/","name":"Eveline Cosmetics Magyarorsz\u00e1g","description":"Min\u0151s\u00e9gi kozmetikumok Lengyelorsz\u00e1gb\u00f3l","potentialAction":[{"@type":"SearchAction","target":{"@type":"EntryPoint","urlTemplate":"https:\/\/www.eveline.hu\/2016\/?s={search_term_string}"},"query-input":"required name=search_term_string"}],"inLanguage":"hu"}]}},"_links":{"self":[{"href":"https:\/\/www.eveline.hu\/2016\/wp-json\/wp\/v2\/product\/29202"}],"collection":[{"href":"https:\/\/www.eveline.hu\/2016\/wp-json\/wp\/v2\/product"}],"about":[{"href":"https:\/\/www.eveline.hu\/2016\/wp-json\/wp\/v2\/types\/product"}],"replies":[{"embeddable":true,"href":"https:\/\/www.eveline.hu\/2016\/wp-json\/wp\/v2\/comments?post=29202"}],"wp:featuredmedia":[{"embeddable":true,"href":"https:\/\/www.eveline.hu\/2016\/wp-json\/wp\/v2\/media\/29203"}],"wp:attachment":[{"href":"https:\/\/www.eveline.hu\/2016\/wp-json\/wp\/v2\/media?parent=29202"}],"wp:term":[{"taxonomy":"product_cat","embeddable":true,"href":"https:\/\/www.eveline.hu\/2016\/wp-json\/wp\/v2\/product_cat?post=29202"},{"taxonomy":"product_tag","embeddable":true,"href":"https:\/\/www.eveline.hu\/2016\/wp-json\/wp\/v2\/product_tag?post=29202"}],"curies":[{"name":"wp","href":"https:\/\/api.w.org\/{rel}","templated":true}]}}